{"id":2504,"date":"2022-05-11T13:24:51","date_gmt":"2022-05-11T05:24:51","guid":{"rendered":"https:\/\/www.tosunlux.eu\/?post_type=product&#038;p=2504"},"modified":"2022-05-11T13:24:52","modified_gmt":"2022-05-11T05:24:52","slug":"cylindrical-fuse-link","status":"publish","type":"product","link":"https:\/\/www.tosunlux.eu\/tr\/products\/cylindrical-fuse-link\/","title":{"rendered":"Silindirik Sigorta Ba\u011flant\u0131s\u0131"},"content":{"rendered":"<p><strong>Ba\u015fvuru<\/strong><\/p>\n\n\n\n<p><\/p>\n\n\n\n<p>Silindirik kontak kapakl\u0131 sigorta ba\u011flant\u0131lar\u0131, 660V AC anma gerilimli ve 125A&#039;e kadar anma ak\u0131ml\u0131 elektrik da\u011f\u0131t\u0131m tesislerini a\u015f\u0131r\u0131 y\u00fck ve k\u0131sa devre nedeniyle olu\u015fabilecek hasarlara kar\u015f\u0131 korumak i\u00e7in tasarlanm\u0131\u015ft\u0131r. Sigorta izolat\u00f6rlerine tak\u0131ld\u0131\u011f\u0131nda, motorlar\u0131 motor tek fazl\u0131 \u00e7al\u0131\u015fmas\u0131na kar\u015f\u0131 korumak amac\u0131yla tetikli sigorta ba\u011flant\u0131lar\u0131 tedarik edilir.<\/p>\n\n\n\n<p><\/p>\n\n\n<table style=\"border-collapse: collapse; width: 684.77pt;\" border=\"0\" width=\"913\" cellspacing=\"0\" cellpadding=\"0\">\n<tbody>\n<tr style=\"height: 41.25pt;\">\n<td class=\"et2\" style=\"height: 41.25pt; width: 169.15pt;\" colspan=\"2\" width=\"225\" height=\"55\">\u00d6rnek<\/td>\n<td class=\"et2\" style=\"width: 259.50pt;\" rowspan=\"2\" width=\"346\">Anma Ak\u0131m\u0131 (A)<\/td>\n<td class=\"et2\" style=\"width: 104.25pt;\" rowspan=\"2\" width=\"139\">Anma Gerilimi (V)<\/td>\n<td class=\"et2\" style=\"width: 152.25pt;\" width=\"203\">Boyut<\/td>\n<\/tr>\n<tr style=\"height: 41.25pt;\">\n<td class=\"et2\" style=\"height: 41.25pt; width: 84.75pt;\" width=\"113\" height=\"55\">gL\/gG aM<\/td>\n<td class=\"et2\" style=\"width: 84.40pt;\" width=\"112\">birR<\/td>\n<td class=\"et2\" style=\"width: 152.25pt;\" width=\"203\">\u00d8DxU<\/td>\n<\/tr>\n<tr style=\"height: 42.00pt;\">\n<td class=\"et2\" style=\"height: 42.00pt; width: 84.75pt;\" width=\"113\" height=\"56\">RO14<\/td>\n<td class=\"et2\" style=\"width: 84.40pt;\" width=\"112\">RS14<\/td>\n<td class=\"et2\" style=\"width: 259.50pt;\" width=\"346\">1,2,4,6,10,16,20<\/td>\n<td class=\"et2\" style=\"width: 104.25pt;\" rowspan=\"4\" width=\"139\">380\/500<\/td>\n<td class=\"et2\" style=\"width: 152.25pt;\" width=\"203\">\u00d88,5\u00d731,5<\/td>\n<\/tr>\n<tr style=\"height: 41.25pt;\">\n<td class=\"et2\" style=\"height: 41.25pt; width: 84.75pt;\" width=\"113\" height=\"55\">RO15<\/td>\n<td class=\"et2\" style=\"width: 84.40pt;\" width=\"112\">RS15<\/td>\n<td class=\"et2\" style=\"width: 259.50pt;\" width=\"346\">1,24,6,10,16,20,25,32<\/td>\n<td class=\"et2\" style=\"width: 152.25pt;\" width=\"203\">\u00d810x38<\/td>\n<\/tr>\n<tr style=\"height: 42.75pt;\">\n<td class=\"et2\" style=\"height: 42.75pt; width: 84.75pt;\" width=\"113\" height=\"57\">RO16<\/td>\n<td class=\"et2\" style=\"width: 84.40pt;\" width=\"112\">RS16<\/td>\n<td class=\"et2\" style=\"width: 259.50pt;\" width=\"346\">2.4,6,10,16,20,25,32,40,50,63<\/td>\n<td class=\"et2\" style=\"width: 152.25pt;\" width=\"203\">\u00d814\u00d751<\/td>\n<\/tr>\n<tr style=\"height: 41.25pt;\">\n<td class=\"et2\" style=\"height: 41.25pt; width: 84.75pt;\" width=\"113\" height=\"55\">RO17<\/td>\n<td class=\"et2\" style=\"width: 84.40pt;\" width=\"112\">RS17<\/td>\n<td class=\"et2\" style=\"width: 259.50pt;\" width=\"346\">10,16,20,25,32,40,50,63,80,100,125<\/td>\n<td class=\"et2\" style=\"width: 152.25pt;\" width=\"203\">\u00d822\u00d758<\/td>\n<\/tr>\n<tr style=\"height: 40.50pt;\">\n<td class=\"et2\" style=\"height: 40.50pt; width: 84.75pt;\" width=\"113\" height=\"54\">RO54<\/td>\n<td class=\"et2\" style=\"width: 84.40pt;\" width=\"112\">RS54<\/td>\n<td class=\"et2\" style=\"width: 259.50pt;\" rowspan=\"4\" width=\"346\">1,2,4,6,10,16<\/td>\n<td class=\"et2\" style=\"width: 104.25pt;\" rowspan=\"4\" width=\"139\">250<\/td>\n<td class=\"et2\" style=\"width: 152.25pt;\" width=\"203\">\u00d85\u00d720<\/td>\n<\/tr>\n<tr style=\"height: 42.75pt;\">\n<td class=\"et2\" style=\"height: 42.75pt; width: 84.75pt;\" width=\"113\" height=\"57\">RO55<\/td>\n<td class=\"et2\" style=\"width: 84.40pt;\" width=\"112\">RS55<\/td>\n<td class=\"et2\" style=\"width: 152.25pt;\" width=\"203\">\u00d85\u00d725<\/td>\n<\/tr>\n<tr style=\"height: 41.25pt;\">\n<td class=\"et2\" style=\"height: 41.25pt; width: 84.75pt;\" width=\"113\" height=\"55\">RO56<\/td>\n<td class=\"et2\" style=\"width: 84.40pt;\" width=\"112\">RS56<\/td>\n<td class=\"et2\" style=\"width: 152.25pt;\" width=\"203\">\u00d86\u00d720<\/td>\n<\/tr>\n<tr style=\"height: 40.50pt;\">\n<td class=\"et2\" style=\"height: 40.50pt; width: 84.75pt;\" width=\"113\" height=\"54\">RO57<\/td>\n<td class=\"et2\" style=\"width: 84.40pt;\" width=\"112\">RS57<\/td>\n<td class=\"et2\" style=\"width: 152.25pt;\" width=\"203\">\u00d86x25<\/td>\n<\/tr>\n<\/tbody>\n<\/table>\n\n\n<p><\/p>\n\n\n\n<pre class=\"wp-block-verse\"><strong>Boyut<\/strong>\n\n<\/pre>\n\n\n\n<figure class=\"wp-block-image size-large is-resized\"><img fetchpriority=\"high\" decoding=\"async\" src=\"https:\/\/www.tosunlux.eu\/wp-content\/uploads\/2022\/05\/47-11-1024x618.jpg\" alt=\"\" class=\"wp-image-2506\" width=\"580\" height=\"349\" srcset=\"https:\/\/www.tosunlux.eu\/wp-content\/uploads\/2022\/05\/47-11-1024x618.jpg 1024w, https:\/\/www.tosunlux.eu\/wp-content\/uploads\/2022\/05\/47-11-300x181.jpg 300w, https:\/\/www.tosunlux.eu\/wp-content\/uploads\/2022\/05\/47-11-768x464.jpg 768w, https:\/\/www.tosunlux.eu\/wp-content\/uploads\/2022\/05\/47-11-1536x927.jpg 1536w, https:\/\/www.tosunlux.eu\/wp-content\/uploads\/2022\/05\/47-11.jpg 1600w\" sizes=\"(max-width: 580px) 100vw, 580px\" \/><\/figure>","protected":false},"parent":0,"template":"","product_category":[24,88],"class_list":["post-2504","product","type-product","status-publish","hentry","product_category-power-distribution-system","product_category-fuse"],"yoast_head":"<!-- This site is optimized with the Yoast SEO plugin v27.5 - https:\/\/yoast.com\/product\/yoast-seo-wordpress\/ -->\n<title>WholesaleCylindrical Fuse Link - TOSUNlux Official Site - Electrical Circuit Breaker Manufacturer in China Low Voltage Electrical Supplier | TOSUNlux<\/title>\n<meta name=\"description\" content=\"Cylindrical Fuse Link Supplier - Wholesale direct from TOSUNlux, a trusted manufacturer since 1994. Get your B2B factory quote on our certified Low Voltage electrical products.\" \/>\n<meta name=\"robots\" content=\"index, follow, max-snippet:-1, max-image-preview:large, max-video-preview:-1\" \/>\n<link rel=\"canonical\" href=\"https:\/\/www.tosunlux.eu\/tr\/products\/cylindrical-fuse-link\/\" \/>\n<meta property=\"og:locale\" content=\"tr_TR\" \/>\n<meta property=\"og:type\" content=\"article\" \/>\n<meta property=\"og:title\" content=\"WholesaleCylindrical Fuse Link - TOSUNlux Official Site - Electrical Circuit Breaker Manufacturer in China Low Voltage Electrical Supplier | TOSUNlux\" \/>\n<meta property=\"og:description\" content=\"Cylindrical Fuse Link Supplier - Wholesale direct from TOSUNlux, a trusted manufacturer since 1994. Get your B2B factory quote on our certified Low Voltage electrical products.\" \/>\n<meta property=\"og:url\" content=\"https:\/\/www.tosunlux.eu\/tr\/products\/cylindrical-fuse-link\/\" \/>\n<meta property=\"og:site_name\" content=\"TOSUNlux Official Site - Electrical Circuit Breaker Manufacturer in China\" \/>\n<meta property=\"article:publisher\" content=\"https:\/\/www.facebook.com\/TOSUNelectric\/\" \/>\n<meta property=\"article:modified_time\" content=\"2022-05-11T05:24:52+00:00\" \/>\n<meta property=\"og:image\" content=\"https:\/\/www.tosunlux.eu\/wp-content\/uploads\/2022\/05\/47-11-1024x618.jpg\" \/>\n<meta name=\"twitter:card\" content=\"summary_large_image\" \/>\n<meta name=\"twitter:label1\" content=\"Tahmini okuma s\u00fcresi\" \/>\n\t<meta name=\"twitter:data1\" content=\"1 dakika\" \/>\n<script type=\"application\/ld+json\" class=\"yoast-schema-graph\">{\"@context\":\"https:\\\/\\\/schema.org\",\"@graph\":[{\"@type\":\"WebPage\",\"@id\":\"https:\\\/\\\/www.tosunlux.eu\\\/es\\\/products\\\/cylindrical-fuse-link\\\/\",\"url\":\"https:\\\/\\\/www.tosunlux.eu\\\/es\\\/products\\\/cylindrical-fuse-link\\\/\",\"name\":\"WholesaleCylindrical Fuse Link - TOSUNlux Official Site - Electrical Circuit Breaker Manufacturer in China Low Voltage Electrical Supplier | TOSUNlux\",\"isPartOf\":{\"@id\":\"https:\\\/\\\/www.tosunlux.eu\\\/ru\\\/#website\"},\"primaryImageOfPage\":{\"@id\":\"https:\\\/\\\/www.tosunlux.eu\\\/es\\\/products\\\/cylindrical-fuse-link\\\/#primaryimage\"},\"image\":{\"@id\":\"https:\\\/\\\/www.tosunlux.eu\\\/es\\\/products\\\/cylindrical-fuse-link\\\/#primaryimage\"},\"thumbnailUrl\":\"https:\\\/\\\/www.tosunlux.eu\\\/wp-content\\\/uploads\\\/2022\\\/05\\\/47-11-1024x618.jpg\",\"datePublished\":\"2022-05-11T05:24:51+00:00\",\"dateModified\":\"2022-05-11T05:24:52+00:00\",\"description\":\"Cylindrical Fuse Link Supplier - Wholesale direct from TOSUNlux, a trusted manufacturer since 1994. Get your B2B factory quote on our certified Low Voltage electrical products.\",\"breadcrumb\":{\"@id\":\"https:\\\/\\\/www.tosunlux.eu\\\/es\\\/products\\\/cylindrical-fuse-link\\\/#breadcrumb\"},\"inLanguage\":\"tr\",\"potentialAction\":[{\"@type\":\"ReadAction\",\"target\":[\"https:\\\/\\\/www.tosunlux.eu\\\/es\\\/products\\\/cylindrical-fuse-link\\\/\"]}]},{\"@type\":\"ImageObject\",\"inLanguage\":\"tr\",\"@id\":\"https:\\\/\\\/www.tosunlux.eu\\\/es\\\/products\\\/cylindrical-fuse-link\\\/#primaryimage\",\"url\":\"https:\\\/\\\/www.tosunlux.eu\\\/wp-content\\\/uploads\\\/2022\\\/05\\\/47-11-1024x618.jpg\",\"contentUrl\":\"https:\\\/\\\/www.tosunlux.eu\\\/wp-content\\\/uploads\\\/2022\\\/05\\\/47-11-1024x618.jpg\"},{\"@type\":\"BreadcrumbList\",\"@id\":\"https:\\\/\\\/www.tosunlux.eu\\\/es\\\/products\\\/cylindrical-fuse-link\\\/#breadcrumb\",\"itemListElement\":[{\"@type\":\"ListItem\",\"position\":1,\"name\":\"Home\",\"item\":\"https:\\\/\\\/www.tosunlux.eu\\\/ru\\\/\"},{\"@type\":\"ListItem\",\"position\":2,\"name\":\"Products\",\"item\":\"https:\\\/\\\/www.tosunlux.eu\\\/products\\\/\"},{\"@type\":\"ListItem\",\"position\":3,\"name\":\"Cylindrical Fuse Link\"}]},{\"@type\":\"WebSite\",\"@id\":\"https:\\\/\\\/www.tosunlux.eu\\\/ru\\\/#website\",\"url\":\"https:\\\/\\\/www.tosunlux.eu\\\/ru\\\/\",\"name\":\"TOSUNlux Official Site - Electrical Circuit Breaker Manufacturer in China\",\"description\":\"Power Distribution System Supplier\",\"publisher\":{\"@id\":\"https:\\\/\\\/www.tosunlux.eu\\\/ru\\\/#organization\"},\"alternateName\":\"TOSUNlux\",\"potentialAction\":[{\"@type\":\"SearchAction\",\"target\":{\"@type\":\"EntryPoint\",\"urlTemplate\":\"https:\\\/\\\/www.tosunlux.eu\\\/ru\\\/?s={search_term_string}\"},\"query-input\":{\"@type\":\"PropertyValueSpecification\",\"valueRequired\":true,\"valueName\":\"search_term_string\"}}],\"inLanguage\":\"tr\"},{\"@type\":\"Organization\",\"@id\":\"https:\\\/\\\/www.tosunlux.eu\\\/ru\\\/#organization\",\"name\":\"TOSUNlux\",\"url\":\"https:\\\/\\\/www.tosunlux.eu\\\/ru\\\/\",\"logo\":{\"@type\":\"ImageObject\",\"inLanguage\":\"tr\",\"@id\":\"https:\\\/\\\/www.tosunlux.eu\\\/ru\\\/#\\\/schema\\\/logo\\\/image\\\/\",\"url\":\"https:\\\/\\\/www.tosunlux.eu\\\/wp-content\\\/uploads\\\/2022\\\/01\\\/LOGOSYSM.71762f1.png\",\"contentUrl\":\"https:\\\/\\\/www.tosunlux.eu\\\/wp-content\\\/uploads\\\/2022\\\/01\\\/LOGOSYSM.71762f1.png\",\"width\":153,\"height\":55,\"caption\":\"TOSUNlux\"},\"image\":{\"@id\":\"https:\\\/\\\/www.tosunlux.eu\\\/ru\\\/#\\\/schema\\\/logo\\\/image\\\/\"},\"sameAs\":[\"https:\\\/\\\/www.facebook.com\\\/TOSUNelectric\\\/\",\"https:\\\/\\\/www.linkedin.com\\\/company\\\/wenzhou-tosun-electric-co.-ltd\\\/\"]}]}<\/script>\n<!-- \/ Yoast SEO plugin. -->","yoast_head_json":{"title":"WholesaleCylindrical Fuse Link - TOSUNlux Official Site - Electrical Circuit Breaker Manufacturer in China Low Voltage Electrical Supplier | TOSUNlux","description":"Cylindrical Fuse Link Supplier - Wholesale direct from TOSUNlux, a trusted manufacturer since 1994. Get your B2B factory quote on our certified Low Voltage electrical products.","robots":{"index":"index","follow":"follow","max-snippet":"max-snippet:-1","max-image-preview":"max-image-preview:large","max-video-preview":"max-video-preview:-1"},"canonical":"https:\/\/www.tosunlux.eu\/tr\/products\/cylindrical-fuse-link\/","og_locale":"tr_TR","og_type":"article","og_title":"WholesaleCylindrical Fuse Link - TOSUNlux Official Site - Electrical Circuit Breaker Manufacturer in China Low Voltage Electrical Supplier | TOSUNlux","og_description":"Cylindrical Fuse Link Supplier - Wholesale direct from TOSUNlux, a trusted manufacturer since 1994. Get your B2B factory quote on our certified Low Voltage electrical products.","og_url":"https:\/\/www.tosunlux.eu\/tr\/products\/cylindrical-fuse-link\/","og_site_name":"TOSUNlux Official Site - Electrical Circuit Breaker Manufacturer in China","article_publisher":"https:\/\/www.facebook.com\/TOSUNelectric\/","article_modified_time":"2022-05-11T05:24:52+00:00","og_image":[{"url":"https:\/\/www.tosunlux.eu\/wp-content\/uploads\/2022\/05\/47-11-1024x618.jpg","type":"","width":"","height":""}],"twitter_card":"summary_large_image","twitter_misc":{"Tahmini okuma s\u00fcresi":"1 dakika"},"schema":{"@context":"https:\/\/schema.org","@graph":[{"@type":"WebPage","@id":"https:\/\/www.tosunlux.eu\/es\/products\/cylindrical-fuse-link\/","url":"https:\/\/www.tosunlux.eu\/es\/products\/cylindrical-fuse-link\/","name":"WholesaleCylindrical Fuse Link - TOSUNlux Official Site - Electrical Circuit Breaker Manufacturer in China Low Voltage Electrical Supplier | TOSUNlux","isPartOf":{"@id":"https:\/\/www.tosunlux.eu\/ru\/#website"},"primaryImageOfPage":{"@id":"https:\/\/www.tosunlux.eu\/es\/products\/cylindrical-fuse-link\/#primaryimage"},"image":{"@id":"https:\/\/www.tosunlux.eu\/es\/products\/cylindrical-fuse-link\/#primaryimage"},"thumbnailUrl":"https:\/\/www.tosunlux.eu\/wp-content\/uploads\/2022\/05\/47-11-1024x618.jpg","datePublished":"2022-05-11T05:24:51+00:00","dateModified":"2022-05-11T05:24:52+00:00","description":"Cylindrical Fuse Link Supplier - Wholesale direct from TOSUNlux, a trusted manufacturer since 1994. Get your B2B factory quote on our certified Low Voltage electrical products.","breadcrumb":{"@id":"https:\/\/www.tosunlux.eu\/es\/products\/cylindrical-fuse-link\/#breadcrumb"},"inLanguage":"tr","potentialAction":[{"@type":"ReadAction","target":["https:\/\/www.tosunlux.eu\/es\/products\/cylindrical-fuse-link\/"]}]},{"@type":"ImageObject","inLanguage":"tr","@id":"https:\/\/www.tosunlux.eu\/es\/products\/cylindrical-fuse-link\/#primaryimage","url":"https:\/\/www.tosunlux.eu\/wp-content\/uploads\/2022\/05\/47-11-1024x618.jpg","contentUrl":"https:\/\/www.tosunlux.eu\/wp-content\/uploads\/2022\/05\/47-11-1024x618.jpg"},{"@type":"BreadcrumbList","@id":"https:\/\/www.tosunlux.eu\/es\/products\/cylindrical-fuse-link\/#breadcrumb","itemListElement":[{"@type":"ListItem","position":1,"name":"Home","item":"https:\/\/www.tosunlux.eu\/ru\/"},{"@type":"ListItem","position":2,"name":"Products","item":"https:\/\/www.tosunlux.eu\/products\/"},{"@type":"ListItem","position":3,"name":"Cylindrical Fuse Link"}]},{"@type":"WebSite","@id":"https:\/\/www.tosunlux.eu\/ru\/#website","url":"https:\/\/www.tosunlux.eu\/ru\/","name":"TOSUNlux Resmi Sitesi - \u00c7in&#039;de Elektrik Sigortas\u0131 \u00dcreticisi","description":"G\u00fc\u00e7 Da\u011f\u0131t\u0131m Sistemi Tedarik\u00e7isi","publisher":{"@id":"https:\/\/www.tosunlux.eu\/ru\/#organization"},"alternateName":"TOSUNlux","potentialAction":[{"@type":"SearchAction","target":{"@type":"EntryPoint","urlTemplate":"https:\/\/www.tosunlux.eu\/ru\/?s={search_term_string}"},"query-input":{"@type":"PropertyValueSpecification","valueRequired":true,"valueName":"search_term_string"}}],"inLanguage":"tr"},{"@type":"Organization","@id":"https:\/\/www.tosunlux.eu\/ru\/#organization","name":"TOSUNlux","url":"https:\/\/www.tosunlux.eu\/ru\/","logo":{"@type":"ImageObject","inLanguage":"tr","@id":"https:\/\/www.tosunlux.eu\/ru\/#\/schema\/logo\/image\/","url":"https:\/\/www.tosunlux.eu\/wp-content\/uploads\/2022\/01\/LOGOSYSM.71762f1.png","contentUrl":"https:\/\/www.tosunlux.eu\/wp-content\/uploads\/2022\/01\/LOGOSYSM.71762f1.png","width":153,"height":55,"caption":"TOSUNlux"},"image":{"@id":"https:\/\/www.tosunlux.eu\/ru\/#\/schema\/logo\/image\/"},"sameAs":["https:\/\/www.facebook.com\/TOSUNelectric\/","https:\/\/www.linkedin.com\/company\/wenzhou-tosun-electric-co.-ltd\/"]}]}},"_links":{"self":[{"href":"https:\/\/www.tosunlux.eu\/tr\/wp-json\/wp\/v2\/product\/2504","targetHints":{"allow":["GET"]}}],"collection":[{"href":"https:\/\/www.tosunlux.eu\/tr\/wp-json\/wp\/v2\/product"}],"about":[{"href":"https:\/\/www.tosunlux.eu\/tr\/wp-json\/wp\/v2\/types\/product"}],"version-history":[{"count":0,"href":"https:\/\/www.tosunlux.eu\/tr\/wp-json\/wp\/v2\/product\/2504\/revisions"}],"wp:attachment":[{"href":"https:\/\/www.tosunlux.eu\/tr\/wp-json\/wp\/v2\/media?parent=2504"}],"wp:term":[{"taxonomy":"product_category","embeddable":true,"href":"https:\/\/www.tosunlux.eu\/tr\/wp-json\/wp\/v2\/product_category?post=2504"}],"curies":[{"name":"wp","href":"https:\/\/api.w.org\/{rel}","templated":true}]}}