{"id":2526,"date":"2022-05-11T13:59:56","date_gmt":"2022-05-11T05:59:56","guid":{"rendered":"https:\/\/www.tosunlux.eu\/?post_type=product&#038;p=2526"},"modified":"2022-05-11T14:08:51","modified_gmt":"2022-05-11T06:08:51","slug":"fuse-holder-rt18l","status":"publish","type":"product","link":"https:\/\/www.tosunlux.eu\/tr\/products\/fuse-holder-rt18l\/","title":{"rendered":"Sigorta Tutucu RT18L"},"content":{"rendered":"<table width=\"910\">\n<tbody>\n<tr>\n<td rowspan=\"2\" width=\"182\">\u00d6rnek<\/td>\n<td rowspan=\"2\" width=\"128\">E\u015fle\u015fen Sigorta Ba\u011flant\u0131s\u0131<\/td>\n<td rowspan=\"2\" width=\"128\">Anma Voltaj\u0131 (V)<\/td>\n<td rowspan=\"2\" width=\"130\">Anma Ak\u0131m\u0131 (A)<\/td>\n<td colspan=\"5\" width=\"342\">Boyutlar<\/td>\n<\/tr>\n<tr>\n<td width=\"68\">A<\/td>\n<td width=\"68\">B<\/td>\n<td width=\"68\">C<\/td>\n<td width=\"68\">D<\/td>\n<td width=\"70\">E<\/td>\n<\/tr>\n<tr>\n<td width=\"182\">RT18L-63 1P<\/td>\n<td rowspan=\"4\" width=\"128\">\u00d814\u00d751<\/td>\n<td rowspan=\"8\" width=\"128\">690<\/td>\n<td rowspan=\"4\" width=\"130\">63<\/td>\n<td width=\"68\">110<\/td>\n<td width=\"68\">108<\/td>\n<td width=\"68\">78<\/td>\n<td width=\"68\">100<\/td>\n<td width=\"70\">27<\/td>\n<\/tr>\n<tr>\n<td width=\"182\">RT18L-63 2P<\/td>\n<td width=\"68\">110<\/td>\n<td width=\"68\">108<\/td>\n<td width=\"68\">78<\/td>\n<td width=\"68\">100<\/td>\n<td width=\"70\">54<\/td>\n<\/tr>\n<tr>\n<td width=\"182\">RT18L-63 3P<\/td>\n<td width=\"68\">110<\/td>\n<td width=\"68\">108<\/td>\n<td width=\"68\">78<\/td>\n<td width=\"68\">100<\/td>\n<td width=\"70\">81<\/td>\n<\/tr>\n<tr>\n<td width=\"182\">RT18L-63 4P<\/td>\n<td width=\"68\">110<\/td>\n<td width=\"68\">108<\/td>\n<td width=\"68\">78<\/td>\n<td width=\"68\">100<\/td>\n<td width=\"70\">108<\/td>\n<\/tr>\n<tr>\n<td width=\"182\">RT18L-125 1P<\/td>\n<td rowspan=\"4\" width=\"128\">\u00d822\u00d758<\/td>\n<td rowspan=\"4\" width=\"130\">125<\/td>\n<td width=\"68\">127<\/td>\n<td width=\"68\">125<\/td>\n<td width=\"68\">78<\/td>\n<td width=\"68\">104<\/td>\n<td width=\"70\">36<\/td>\n<\/tr>\n<tr>\n<td width=\"182\">RT18L-125 2P<\/td>\n<td width=\"68\">127<\/td>\n<td width=\"68\">125<\/td>\n<td width=\"68\">78<\/td>\n<td width=\"68\">104<\/td>\n<td width=\"70\">72<\/td>\n<\/tr>\n<tr>\n<td width=\"182\">RT18L-125 3P<\/td>\n<td width=\"68\">127<\/td>\n<td width=\"68\">125<\/td>\n<td width=\"68\">78<\/td>\n<td width=\"68\">104<\/td>\n<td width=\"70\">108<\/td>\n<\/tr>\n<tr>\n<td width=\"182\">RT18L-125 4P<\/td>\n<td width=\"68\">127<\/td>\n<td width=\"68\">125<\/td>\n<td width=\"68\">78<\/td>\n<td width=\"68\">104<\/td>\n<td width=\"70\">144<\/td>\n<\/tr>\n<\/tbody>\n<\/table>\n\n\n<p><\/p>\n\n\n\n<p><\/p>\n\n\n\n<pre class=\"wp-block-verse\">\n\n<strong>Boyutlar\n<\/strong>\n\n<\/pre>\n\n\n\n<figure class=\"wp-block-image size-large is-resized\"><img fetchpriority=\"high\" decoding=\"async\" src=\"https:\/\/www.tosunlux.eu\/wp-content\/uploads\/2022\/05\/49-22-1024x346.jpg\" alt=\"\" class=\"wp-image-2527\" width=\"637\" height=\"214\" srcset=\"https:\/\/www.tosunlux.eu\/wp-content\/uploads\/2022\/05\/49-22-1024x346.jpg 1024w, https:\/\/www.tosunlux.eu\/wp-content\/uploads\/2022\/05\/49-22-300x101.jpg 300w, https:\/\/www.tosunlux.eu\/wp-content\/uploads\/2022\/05\/49-22-768x259.jpg 768w, https:\/\/www.tosunlux.eu\/wp-content\/uploads\/2022\/05\/49-22-1536x518.jpg 1536w, https:\/\/www.tosunlux.eu\/wp-content\/uploads\/2022\/05\/49-22.jpg 1600w\" sizes=\"(max-width: 637px) 100vw, 637px\" \/><\/figure>","protected":false},"parent":0,"template":"","product_category":[24,88],"class_list":["post-2526","product","type-product","status-publish","hentry","product_category-power-distribution-system","product_category-fuse"],"yoast_head":"<!-- This site is optimized with the Yoast SEO plugin v27.3 - https:\/\/yoast.com\/product\/yoast-seo-wordpress\/ -->\n<title>WholesaleFuse Holder RT18L - TOSUNlux Official Site - Electrical Circuit Breaker Manufacturer in China Low Voltage Electrical Supplier | TOSUNlux<\/title>\n<meta name=\"description\" content=\"Fuse Holder RT18L Supplier - Wholesale direct from TOSUNlux, a trusted manufacturer since 1994. Get your B2B factory quote on our certified Low Voltage electrical products.\" \/>\n<meta name=\"robots\" content=\"index, follow, max-snippet:-1, max-image-preview:large, max-video-preview:-1\" \/>\n<link rel=\"canonical\" href=\"https:\/\/www.tosunlux.eu\/tr\/products\/fuse-holder-rt18l\/\" \/>\n<meta property=\"og:locale\" content=\"tr_TR\" \/>\n<meta property=\"og:type\" content=\"article\" \/>\n<meta property=\"og:title\" content=\"WholesaleFuse Holder RT18L - TOSUNlux Official Site - Electrical Circuit Breaker Manufacturer in China Low Voltage Electrical Supplier | TOSUNlux\" \/>\n<meta property=\"og:description\" content=\"Fuse Holder RT18L Supplier - Wholesale direct from TOSUNlux, a trusted manufacturer since 1994. Get your B2B factory quote on our certified Low Voltage electrical products.\" \/>\n<meta property=\"og:url\" content=\"https:\/\/www.tosunlux.eu\/tr\/products\/fuse-holder-rt18l\/\" \/>\n<meta property=\"og:site_name\" content=\"TOSUNlux Official Site - Electrical Circuit Breaker Manufacturer in China\" \/>\n<meta property=\"article:publisher\" content=\"https:\/\/www.facebook.com\/TOSUNelectric\/\" \/>\n<meta property=\"article:modified_time\" content=\"2022-05-11T06:08:51+00:00\" \/>\n<meta property=\"og:image\" content=\"https:\/\/www.tosunlux.eu\/wp-content\/uploads\/2022\/05\/49-22-1024x346.jpg\" \/>\n<meta name=\"twitter:card\" content=\"summary_large_image\" \/>\n<meta name=\"twitter:label1\" content=\"Tahmini okuma s\u00fcresi\" \/>\n\t<meta name=\"twitter:data1\" content=\"1 dakika\" \/>\n<script type=\"application\/ld+json\" class=\"yoast-schema-graph\">{\"@context\":\"https:\\\/\\\/schema.org\",\"@graph\":[{\"@type\":\"WebPage\",\"@id\":\"https:\\\/\\\/www.tosunlux.eu\\\/products\\\/fuse-holder-rt18l\\\/\",\"url\":\"https:\\\/\\\/www.tosunlux.eu\\\/products\\\/fuse-holder-rt18l\\\/\",\"name\":\"WholesaleFuse Holder RT18L - TOSUNlux Official Site - Electrical Circuit Breaker Manufacturer in China Low Voltage Electrical Supplier | TOSUNlux\",\"isPartOf\":{\"@id\":\"https:\\\/\\\/www.tosunlux.eu\\\/ru\\\/#website\"},\"primaryImageOfPage\":{\"@id\":\"https:\\\/\\\/www.tosunlux.eu\\\/products\\\/fuse-holder-rt18l\\\/#primaryimage\"},\"image\":{\"@id\":\"https:\\\/\\\/www.tosunlux.eu\\\/products\\\/fuse-holder-rt18l\\\/#primaryimage\"},\"thumbnailUrl\":\"https:\\\/\\\/www.tosunlux.eu\\\/wp-content\\\/uploads\\\/2022\\\/05\\\/49-22-1024x346.jpg\",\"datePublished\":\"2022-05-11T05:59:56+00:00\",\"dateModified\":\"2022-05-11T06:08:51+00:00\",\"description\":\"Fuse Holder RT18L Supplier - Wholesale direct from TOSUNlux, a trusted manufacturer since 1994. Get your B2B factory quote on our certified Low Voltage electrical products.\",\"breadcrumb\":{\"@id\":\"https:\\\/\\\/www.tosunlux.eu\\\/products\\\/fuse-holder-rt18l\\\/#breadcrumb\"},\"inLanguage\":\"tr\",\"potentialAction\":[{\"@type\":\"ReadAction\",\"target\":[\"https:\\\/\\\/www.tosunlux.eu\\\/products\\\/fuse-holder-rt18l\\\/\"]}]},{\"@type\":\"ImageObject\",\"inLanguage\":\"tr\",\"@id\":\"https:\\\/\\\/www.tosunlux.eu\\\/products\\\/fuse-holder-rt18l\\\/#primaryimage\",\"url\":\"https:\\\/\\\/www.tosunlux.eu\\\/wp-content\\\/uploads\\\/2022\\\/05\\\/49-22-1024x346.jpg\",\"contentUrl\":\"https:\\\/\\\/www.tosunlux.eu\\\/wp-content\\\/uploads\\\/2022\\\/05\\\/49-22-1024x346.jpg\"},{\"@type\":\"BreadcrumbList\",\"@id\":\"https:\\\/\\\/www.tosunlux.eu\\\/products\\\/fuse-holder-rt18l\\\/#breadcrumb\",\"itemListElement\":[{\"@type\":\"ListItem\",\"position\":1,\"name\":\"Home\",\"item\":\"https:\\\/\\\/www.tosunlux.eu\\\/ru\\\/\"},{\"@type\":\"ListItem\",\"position\":2,\"name\":\"Products\",\"item\":\"https:\\\/\\\/www.tosunlux.eu\\\/products\\\/\"},{\"@type\":\"ListItem\",\"position\":3,\"name\":\"Fuse Holder RT18L\"}]},{\"@type\":\"WebSite\",\"@id\":\"https:\\\/\\\/www.tosunlux.eu\\\/ru\\\/#website\",\"url\":\"https:\\\/\\\/www.tosunlux.eu\\\/ru\\\/\",\"name\":\"TOSUNlux Official Site - Electrical Circuit Breaker Manufacturer in China\",\"description\":\"Power Distribution System Supplier\",\"publisher\":{\"@id\":\"https:\\\/\\\/www.tosunlux.eu\\\/ru\\\/#organization\"},\"alternateName\":\"TOSUNlux\",\"potentialAction\":[{\"@type\":\"SearchAction\",\"target\":{\"@type\":\"EntryPoint\",\"urlTemplate\":\"https:\\\/\\\/www.tosunlux.eu\\\/ru\\\/?s={search_term_string}\"},\"query-input\":{\"@type\":\"PropertyValueSpecification\",\"valueRequired\":true,\"valueName\":\"search_term_string\"}}],\"inLanguage\":\"tr\"},{\"@type\":\"Organization\",\"@id\":\"https:\\\/\\\/www.tosunlux.eu\\\/ru\\\/#organization\",\"name\":\"TOSUNlux\",\"url\":\"https:\\\/\\\/www.tosunlux.eu\\\/ru\\\/\",\"logo\":{\"@type\":\"ImageObject\",\"inLanguage\":\"tr\",\"@id\":\"https:\\\/\\\/www.tosunlux.eu\\\/ru\\\/#\\\/schema\\\/logo\\\/image\\\/\",\"url\":\"https:\\\/\\\/www.tosunlux.eu\\\/wp-content\\\/uploads\\\/2022\\\/01\\\/LOGOSYSM.71762f1.png\",\"contentUrl\":\"https:\\\/\\\/www.tosunlux.eu\\\/wp-content\\\/uploads\\\/2022\\\/01\\\/LOGOSYSM.71762f1.png\",\"width\":153,\"height\":55,\"caption\":\"TOSUNlux\"},\"image\":{\"@id\":\"https:\\\/\\\/www.tosunlux.eu\\\/ru\\\/#\\\/schema\\\/logo\\\/image\\\/\"},\"sameAs\":[\"https:\\\/\\\/www.facebook.com\\\/TOSUNelectric\\\/\",\"https:\\\/\\\/www.linkedin.com\\\/company\\\/wenzhou-tosun-electric-co.-ltd\\\/\"]}]}<\/script>\n<!-- \/ Yoast SEO plugin. -->","yoast_head_json":{"title":"Toptan Sigorta Tutucu RT18L - TOSUNlux Resmi Sitesi - \u00c7in&#039;de Elektrik Devre Kesici \u00dcreticisi, D\u00fc\u015f\u00fck Voltajl\u0131 Elektrik Tedarik\u00e7isi | TOSUNlux","description":"Sigorta Tutucu RT18L Tedarik\u00e7isi - 1994&#039;ten beri g\u00fcvenilir bir \u00fcretici olan TOSUNlux&#039;tan do\u011frudan toptan sat\u0131\u015f. Sertifikal\u0131 D\u00fc\u015f\u00fck Gerilim elektrik \u00fcr\u00fcnlerimiz i\u00e7in B2B fabrika fiyat teklifinizi al\u0131n.","robots":{"index":"index","follow":"follow","max-snippet":"max-snippet:-1","max-image-preview":"max-image-preview:large","max-video-preview":"max-video-preview:-1"},"canonical":"https:\/\/www.tosunlux.eu\/tr\/products\/fuse-holder-rt18l\/","og_locale":"tr_TR","og_type":"article","og_title":"WholesaleFuse Holder RT18L - TOSUNlux Official Site - Electrical Circuit Breaker Manufacturer in China Low Voltage Electrical Supplier | TOSUNlux","og_description":"Fuse Holder RT18L Supplier - Wholesale direct from TOSUNlux, a trusted manufacturer since 1994. Get your B2B factory quote on our certified Low Voltage electrical products.","og_url":"https:\/\/www.tosunlux.eu\/tr\/products\/fuse-holder-rt18l\/","og_site_name":"TOSUNlux Official Site - Electrical Circuit Breaker Manufacturer in China","article_publisher":"https:\/\/www.facebook.com\/TOSUNelectric\/","article_modified_time":"2022-05-11T06:08:51+00:00","og_image":[{"url":"https:\/\/www.tosunlux.eu\/wp-content\/uploads\/2022\/05\/49-22-1024x346.jpg","type":"","width":"","height":""}],"twitter_card":"summary_large_image","twitter_misc":{"Tahmini okuma s\u00fcresi":"1 dakika"},"schema":{"@context":"https:\/\/schema.org","@graph":[{"@type":"WebPage","@id":"https:\/\/www.tosunlux.eu\/products\/fuse-holder-rt18l\/","url":"https:\/\/www.tosunlux.eu\/products\/fuse-holder-rt18l\/","name":"Toptan Sigorta Tutucu RT18L - TOSUNlux Resmi Sitesi - \u00c7in&#039;de Elektrik Devre Kesici \u00dcreticisi, D\u00fc\u015f\u00fck Voltajl\u0131 Elektrik Tedarik\u00e7isi | TOSUNlux","isPartOf":{"@id":"https:\/\/www.tosunlux.eu\/ru\/#website"},"primaryImageOfPage":{"@id":"https:\/\/www.tosunlux.eu\/products\/fuse-holder-rt18l\/#primaryimage"},"image":{"@id":"https:\/\/www.tosunlux.eu\/products\/fuse-holder-rt18l\/#primaryimage"},"thumbnailUrl":"https:\/\/www.tosunlux.eu\/wp-content\/uploads\/2022\/05\/49-22-1024x346.jpg","datePublished":"2022-05-11T05:59:56+00:00","dateModified":"2022-05-11T06:08:51+00:00","description":"Sigorta Tutucu RT18L Tedarik\u00e7isi - 1994&#039;ten beri g\u00fcvenilir bir \u00fcretici olan TOSUNlux&#039;tan do\u011frudan toptan sat\u0131\u015f. Sertifikal\u0131 D\u00fc\u015f\u00fck Gerilim elektrik \u00fcr\u00fcnlerimiz i\u00e7in B2B fabrika fiyat teklifinizi al\u0131n.","breadcrumb":{"@id":"https:\/\/www.tosunlux.eu\/products\/fuse-holder-rt18l\/#breadcrumb"},"inLanguage":"tr","potentialAction":[{"@type":"ReadAction","target":["https:\/\/www.tosunlux.eu\/products\/fuse-holder-rt18l\/"]}]},{"@type":"ImageObject","inLanguage":"tr","@id":"https:\/\/www.tosunlux.eu\/products\/fuse-holder-rt18l\/#primaryimage","url":"https:\/\/www.tosunlux.eu\/wp-content\/uploads\/2022\/05\/49-22-1024x346.jpg","contentUrl":"https:\/\/www.tosunlux.eu\/wp-content\/uploads\/2022\/05\/49-22-1024x346.jpg"},{"@type":"BreadcrumbList","@id":"https:\/\/www.tosunlux.eu\/products\/fuse-holder-rt18l\/#breadcrumb","itemListElement":[{"@type":"ListItem","position":1,"name":"Home","item":"https:\/\/www.tosunlux.eu\/ru\/"},{"@type":"ListItem","position":2,"name":"Products","item":"https:\/\/www.tosunlux.eu\/products\/"},{"@type":"ListItem","position":3,"name":"Fuse Holder RT18L"}]},{"@type":"WebSite","@id":"https:\/\/www.tosunlux.eu\/ru\/#website","url":"https:\/\/www.tosunlux.eu\/ru\/","name":"TOSUNlux Resmi Sitesi - \u00c7in&#039;de Elektrik Sigortas\u0131 \u00dcreticisi","description":"G\u00fc\u00e7 Da\u011f\u0131t\u0131m Sistemi Tedarik\u00e7isi","publisher":{"@id":"https:\/\/www.tosunlux.eu\/ru\/#organization"},"alternateName":"TOSUNlux","potentialAction":[{"@type":"SearchAction","target":{"@type":"EntryPoint","urlTemplate":"https:\/\/www.tosunlux.eu\/ru\/?s={search_term_string}"},"query-input":{"@type":"PropertyValueSpecification","valueRequired":true,"valueName":"search_term_string"}}],"inLanguage":"tr"},{"@type":"Organization","@id":"https:\/\/www.tosunlux.eu\/ru\/#organization","name":"TOSUNlux","url":"https:\/\/www.tosunlux.eu\/ru\/","logo":{"@type":"ImageObject","inLanguage":"tr","@id":"https:\/\/www.tosunlux.eu\/ru\/#\/schema\/logo\/image\/","url":"https:\/\/www.tosunlux.eu\/wp-content\/uploads\/2022\/01\/LOGOSYSM.71762f1.png","contentUrl":"https:\/\/www.tosunlux.eu\/wp-content\/uploads\/2022\/01\/LOGOSYSM.71762f1.png","width":153,"height":55,"caption":"TOSUNlux"},"image":{"@id":"https:\/\/www.tosunlux.eu\/ru\/#\/schema\/logo\/image\/"},"sameAs":["https:\/\/www.facebook.com\/TOSUNelectric\/","https:\/\/www.linkedin.com\/company\/wenzhou-tosun-electric-co.-ltd\/"]}]}},"_links":{"self":[{"href":"https:\/\/www.tosunlux.eu\/tr\/wp-json\/wp\/v2\/product\/2526","targetHints":{"allow":["GET"]}}],"collection":[{"href":"https:\/\/www.tosunlux.eu\/tr\/wp-json\/wp\/v2\/product"}],"about":[{"href":"https:\/\/www.tosunlux.eu\/tr\/wp-json\/wp\/v2\/types\/product"}],"version-history":[{"count":0,"href":"https:\/\/www.tosunlux.eu\/tr\/wp-json\/wp\/v2\/product\/2526\/revisions"}],"wp:attachment":[{"href":"https:\/\/www.tosunlux.eu\/tr\/wp-json\/wp\/v2\/media?parent=2526"}],"wp:term":[{"taxonomy":"product_category","embeddable":true,"href":"https:\/\/www.tosunlux.eu\/tr\/wp-json\/wp\/v2\/product_category?post=2526"}],"curies":[{"name":"wp","href":"https:\/\/api.w.org\/{rel}","templated":true}]}}