{"id":2541,"date":"2022-05-12T10:17:47","date_gmt":"2022-05-12T02:17:47","guid":{"rendered":"https:\/\/www.tosunlux.eu\/?post_type=product&#038;p=2541"},"modified":"2022-05-14T18:16:37","modified_gmt":"2022-05-14T10:16:37","slug":"programmable-digital-combined-panel-meter-ted3","status":"publish","type":"product","link":"https:\/\/www.tosunlux.eu\/tr\/products\/programmable-digital-combined-panel-meter-ted3\/","title":{"rendered":"Programlanabilir Dijital Kombine Panel Metre TED3"},"content":{"rendered":"<p>Ba\u015fvuru<\/p>\n\n\n\n<p>TED3 serisi programlanabilir dijital kombine paneller elektrik sistemlerinde 50&#039;den fazla elektriksel parametreyi \u00f6l\u00e7ebilir. 2 kanall\u0131 elektrik enerjisi darbe \u00e7\u0131k\u0131\u015flar\u0131, 4 kanall\u0131 anahtarlama de\u011feri giri\u015fleri ve RS485 haberle\u015fme \u00e7\u0131k\u0131\u015f\u0131 vard\u0131r. 4 kanall\u0131 anahtarlama de\u011feri \u00e7\u0131k\u0131\u015flar\u0131 veya 4 kanall\u0131 iletim \u00e7\u0131k\u0131\u015flar\u0131 eklenebilir.<\/p>\n\n\n\n<p><\/p>\n\n\n\n<p>\u00d6l\u00e7\u00fcm Parametresi:<\/p>\n\n\n\n<p>Faz-s\u0131f\u0131r voltaj\u0131(VL_N)<br>Ortalama faz-s\u0131f\u0131r voltaj\u0131 (VL_N)<br>Faz-faz voltaj\u0131(VL_L)<br>Ortalama faz-faz voltaj\u0131 (VL_L)<br>Faz-ak\u0131m(A)<br>Frekans(HZ)<br>Toplam ak\u0131m (\u2211A)<br>Toplam aktif g\u00fc\u00e7 (\u2211W)<br>Aktif g\u00fc\u00e7(W)<br>Toplam reaktif g\u00fc\u00e7 (\u2211var)<br>Reaktif g\u00fc\u00e7(var)<br>Toplam g\u00f6r\u00fcn\u00fcr g\u00fc\u00e7 (\u2211VA)<br>G\u00f6r\u00fcn\u00fcr g\u00fc\u00e7 (VA)<br>Maksimum de\u011fer(H)<br>G\u00fc\u00e7 fakt\u00f6r\u00fc (COS\u03a6)<br>Min. de\u011fer(L)<br>Aktif elektrik enerjisi (Wh)<br>Talep de\u011feri(M)<br>Reaktif elektrik enerjisi(varh)<\/p>\n\n\n<table style=\"border-collapse: collapse; width: 695.27pt;\" border=\"0\" width=\"927\" cellspacing=\"0\" cellpadding=\"0\">\n<tbody>\n<tr style=\"height: 42.00pt;\">\n<td class=\"et2\" style=\"height: 42.00pt; width: 91.50pt;\" width=\"122\" height=\"56\">\u00d6rnek<\/td>\n<td class=\"et2\" style=\"width: 120.75pt;\" width=\"161\">Rs485 ileti\u015fimi<\/td>\n<td class=\"et2\" style=\"width: 120.75pt;\" width=\"161\">2 kanall\u0131 elektrik enerjisi darbe \u00e7\u0131k\u0131\u015f\u0131<\/td>\n<td class=\"et2\" style=\"width: 120.75pt;\" width=\"161\">4 kanall\u0131 anahtarlama de\u011feri giri\u015fi<\/td>\n<td class=\"et2\" style=\"width: 120.75pt;\" width=\"161\">4 kanall\u0131 anahtarlama de\u011feri \u00e7\u0131k\u0131\u015f\u0131<\/td>\n<td class=\"et2\" style=\"width: 120.75pt;\" width=\"161\">4 kanall\u0131 iletim \u00e7\u0131k\u0131\u015f\u0131<\/td>\n<\/tr>\n<tr style=\"height: 33.00pt;\">\n<td class=\"et2\" style=\"height: 33.00pt; width: 91.50pt;\" width=\"122\" height=\"44\">TED3-96X5<\/td>\n<td class=\"et2\" style=\"width: 120.75pt;\" width=\"161\">\u2013<\/td>\n<td class=\"et2\" style=\"width: 120.75pt;\" width=\"161\">\u2013<\/td>\n<td class=\"et2\" style=\"width: 120.75pt;\" width=\"161\">\u2013<\/td>\n<td class=\"et2\" style=\"width: 120.75pt;\" width=\"161\">\u2013<\/td>\n<td class=\"et2\" style=\"width: 120.75pt;\" width=\"161\">\u2013<\/td>\n<\/tr>\n<tr style=\"height: 33.00pt;\">\n<td class=\"et2\" style=\"height: 33.00pt; width: 91.50pt;\" width=\"122\" height=\"44\">TED3-96T5<\/td>\n<td class=\"et2\" style=\"width: 120.75pt;\" width=\"161\">\u25cf<\/td>\n<td class=\"et2\" style=\"width: 120.75pt;\" width=\"161\">\u25cf<\/td>\n<td class=\"et2\" style=\"width: 120.75pt;\" width=\"161\">\u25cf<\/td>\n<td class=\"et2\" style=\"width: 120.75pt;\" width=\"161\">\u2013<\/td>\n<td class=\"et2\" style=\"width: 120.75pt;\" width=\"161\">\u2013<\/td>\n<\/tr>\n<tr style=\"height: 33.00pt;\">\n<td class=\"et2\" style=\"height: 33.00pt; width: 91.50pt;\" width=\"122\" height=\"44\">TED3-96S5<\/td>\n<td class=\"et2\" style=\"width: 120.75pt;\" width=\"161\">\u25cf<\/td>\n<td class=\"et2\" style=\"width: 120.75pt;\" width=\"161\">\u25cf<\/td>\n<td class=\"et2\" style=\"width: 120.75pt;\" width=\"161\">\u25cf<\/td>\n<td class=\"et2\" style=\"width: 120.75pt;\" width=\"161\">\u25cf<\/td>\n<td class=\"et2\" style=\"width: 120.75pt;\" width=\"161\">\u2013<\/td>\n<\/tr>\n<tr style=\"height: 33.00pt;\">\n<td class=\"et2\" style=\"height: 33.00pt; width: 91.50pt;\" width=\"122\" height=\"44\">TED3-96D5<\/td>\n<td class=\"et2\" style=\"width: 120.75pt;\" width=\"161\">\u25cf<\/td>\n<td class=\"et2\" style=\"width: 120.75pt;\" width=\"161\">\u25cf<\/td>\n<td class=\"et2\" style=\"width: 120.75pt;\" width=\"161\">\u25cf<\/td>\n<td class=\"et2\" style=\"width: 120.75pt;\" width=\"161\">\u2013<\/td>\n<td class=\"et2\" style=\"width: 120.75pt;\" width=\"161\">\u25cf<\/td>\n<\/tr>\n<\/tbody>\n<\/table>\n\n\n<p><\/p>","protected":false},"parent":0,"template":"","product_category":[75,124],"class_list":["post-2541","product","type-product","status-publish","hentry","product_category-instruments","product_category-panel-meter"],"yoast_head":"<!-- This site is optimized with the Yoast SEO plugin v27.3 - https:\/\/yoast.com\/product\/yoast-seo-wordpress\/ -->\n<title>WholesaleProgrammable Digital Combined Panel Meter TED3 - TOSUNlux Official Site - Electrical Circuit Breaker Manufacturer in China Low Voltage Electrical Supplier | TOSUNlux<\/title>\n<meta name=\"description\" content=\"Programmable Digital Combined Panel Meter TED3 Supplier - Wholesale direct from TOSUNlux, a trusted manufacturer since 1994. Get your B2B factory quote on our certified Low Voltage electrical products.\" \/>\n<meta name=\"robots\" content=\"index, follow, max-snippet:-1, max-image-preview:large, max-video-preview:-1\" \/>\n<link rel=\"canonical\" href=\"https:\/\/www.tosunlux.eu\/tr\/products\/programmable-digital-combined-panel-meter-ted3\/\" \/>\n<meta property=\"og:locale\" content=\"tr_TR\" \/>\n<meta property=\"og:type\" content=\"article\" \/>\n<meta property=\"og:title\" content=\"WholesaleProgrammable Digital Combined Panel Meter TED3 - TOSUNlux Official Site - Electrical Circuit Breaker Manufacturer in China Low Voltage Electrical Supplier | TOSUNlux\" \/>\n<meta property=\"og:description\" content=\"Programmable Digital Combined Panel Meter TED3 Supplier - Wholesale direct from TOSUNlux, a trusted manufacturer since 1994. Get your B2B factory quote on our certified Low Voltage electrical products.\" \/>\n<meta property=\"og:url\" content=\"https:\/\/www.tosunlux.eu\/tr\/products\/programmable-digital-combined-panel-meter-ted3\/\" \/>\n<meta property=\"og:site_name\" content=\"TOSUNlux Official Site - Electrical Circuit Breaker Manufacturer in China\" \/>\n<meta property=\"article:publisher\" content=\"https:\/\/www.facebook.com\/TOSUNelectric\/\" \/>\n<meta property=\"article:modified_time\" content=\"2022-05-14T10:16:37+00:00\" \/>\n<meta property=\"og:image\" content=\"https:\/\/www.tosunlux.eu\/wp-content\/uploads\/2023\/04\/DSC08160_\u526f\u672c.jpg\" \/>\n\t<meta property=\"og:image:width\" content=\"1500\" \/>\n\t<meta property=\"og:image:height\" content=\"940\" \/>\n\t<meta property=\"og:image:type\" content=\"image\/jpeg\" \/>\n<meta name=\"twitter:card\" content=\"summary_large_image\" \/>\n<meta name=\"twitter:label1\" content=\"Tahmini okuma s\u00fcresi\" \/>\n\t<meta name=\"twitter:data1\" content=\"1 dakika\" \/>\n<script type=\"application\/ld+json\" class=\"yoast-schema-graph\">{\"@context\":\"https:\\\/\\\/schema.org\",\"@graph\":[{\"@type\":\"WebPage\",\"@id\":\"https:\\\/\\\/www.tosunlux.eu\\\/fr\\\/products\\\/programmable-digital-combined-panel-meter-ted3\\\/\",\"url\":\"https:\\\/\\\/www.tosunlux.eu\\\/fr\\\/products\\\/programmable-digital-combined-panel-meter-ted3\\\/\",\"name\":\"WholesaleProgrammable Digital Combined Panel Meter TED3 - TOSUNlux Official Site - Electrical Circuit Breaker Manufacturer in China Low Voltage Electrical Supplier | TOSUNlux\",\"isPartOf\":{\"@id\":\"https:\\\/\\\/www.tosunlux.eu\\\/ru\\\/#website\"},\"datePublished\":\"2022-05-12T02:17:47+00:00\",\"dateModified\":\"2022-05-14T10:16:37+00:00\",\"description\":\"Programmable Digital Combined Panel Meter TED3 Supplier - Wholesale direct from TOSUNlux, a trusted manufacturer since 1994. Get your B2B factory quote on our certified Low Voltage electrical products.\",\"breadcrumb\":{\"@id\":\"https:\\\/\\\/www.tosunlux.eu\\\/fr\\\/products\\\/programmable-digital-combined-panel-meter-ted3\\\/#breadcrumb\"},\"inLanguage\":\"tr\",\"potentialAction\":[{\"@type\":\"ReadAction\",\"target\":[\"https:\\\/\\\/www.tosunlux.eu\\\/fr\\\/products\\\/programmable-digital-combined-panel-meter-ted3\\\/\"]}]},{\"@type\":\"BreadcrumbList\",\"@id\":\"https:\\\/\\\/www.tosunlux.eu\\\/fr\\\/products\\\/programmable-digital-combined-panel-meter-ted3\\\/#breadcrumb\",\"itemListElement\":[{\"@type\":\"ListItem\",\"position\":1,\"name\":\"Home\",\"item\":\"https:\\\/\\\/www.tosunlux.eu\\\/ru\\\/\"},{\"@type\":\"ListItem\",\"position\":2,\"name\":\"Products\",\"item\":\"https:\\\/\\\/www.tosunlux.eu\\\/products\\\/\"},{\"@type\":\"ListItem\",\"position\":3,\"name\":\"Programmable Digital Combined Panel Meter TED3\"}]},{\"@type\":\"WebSite\",\"@id\":\"https:\\\/\\\/www.tosunlux.eu\\\/ru\\\/#website\",\"url\":\"https:\\\/\\\/www.tosunlux.eu\\\/ru\\\/\",\"name\":\"TOSUNlux Official Site - Electrical Circuit Breaker Manufacturer in China\",\"description\":\"Power Distribution System Supplier\",\"publisher\":{\"@id\":\"https:\\\/\\\/www.tosunlux.eu\\\/ru\\\/#organization\"},\"alternateName\":\"TOSUNlux\",\"potentialAction\":[{\"@type\":\"SearchAction\",\"target\":{\"@type\":\"EntryPoint\",\"urlTemplate\":\"https:\\\/\\\/www.tosunlux.eu\\\/ru\\\/?s={search_term_string}\"},\"query-input\":{\"@type\":\"PropertyValueSpecification\",\"valueRequired\":true,\"valueName\":\"search_term_string\"}}],\"inLanguage\":\"tr\"},{\"@type\":\"Organization\",\"@id\":\"https:\\\/\\\/www.tosunlux.eu\\\/ru\\\/#organization\",\"name\":\"TOSUNlux\",\"url\":\"https:\\\/\\\/www.tosunlux.eu\\\/ru\\\/\",\"logo\":{\"@type\":\"ImageObject\",\"inLanguage\":\"tr\",\"@id\":\"https:\\\/\\\/www.tosunlux.eu\\\/ru\\\/#\\\/schema\\\/logo\\\/image\\\/\",\"url\":\"https:\\\/\\\/www.tosunlux.eu\\\/wp-content\\\/uploads\\\/2022\\\/01\\\/LOGOSYSM.71762f1.png\",\"contentUrl\":\"https:\\\/\\\/www.tosunlux.eu\\\/wp-content\\\/uploads\\\/2022\\\/01\\\/LOGOSYSM.71762f1.png\",\"width\":153,\"height\":55,\"caption\":\"TOSUNlux\"},\"image\":{\"@id\":\"https:\\\/\\\/www.tosunlux.eu\\\/ru\\\/#\\\/schema\\\/logo\\\/image\\\/\"},\"sameAs\":[\"https:\\\/\\\/www.facebook.com\\\/TOSUNelectric\\\/\",\"https:\\\/\\\/www.linkedin.com\\\/company\\\/wenzhou-tosun-electric-co.-ltd\\\/\"]}]}<\/script>\n<!-- \/ Yoast SEO plugin. -->","yoast_head_json":{"title":"WholesaleProgrammable Digital Combined Panel Meter TED3 - TOSUNlux Official Site - Electrical Circuit Breaker Manufacturer in China Low Voltage Electrical Supplier | TOSUNlux","description":"Programmable Digital Combined Panel Meter TED3 Supplier - Wholesale direct from TOSUNlux, a trusted manufacturer since 1994. Get your B2B factory quote on our certified Low Voltage electrical products.","robots":{"index":"index","follow":"follow","max-snippet":"max-snippet:-1","max-image-preview":"max-image-preview:large","max-video-preview":"max-video-preview:-1"},"canonical":"https:\/\/www.tosunlux.eu\/tr\/products\/programmable-digital-combined-panel-meter-ted3\/","og_locale":"tr_TR","og_type":"article","og_title":"WholesaleProgrammable Digital Combined Panel Meter TED3 - TOSUNlux Official Site - Electrical Circuit Breaker Manufacturer in China Low Voltage Electrical Supplier | TOSUNlux","og_description":"Programmable Digital Combined Panel Meter TED3 Supplier - Wholesale direct from TOSUNlux, a trusted manufacturer since 1994. Get your B2B factory quote on our certified Low Voltage electrical products.","og_url":"https:\/\/www.tosunlux.eu\/tr\/products\/programmable-digital-combined-panel-meter-ted3\/","og_site_name":"TOSUNlux Official Site - Electrical Circuit Breaker Manufacturer in China","article_publisher":"https:\/\/www.facebook.com\/TOSUNelectric\/","article_modified_time":"2022-05-14T10:16:37+00:00","og_image":[{"width":1500,"height":940,"url":"https:\/\/www.tosunlux.eu\/wp-content\/uploads\/2023\/04\/DSC08160_\u526f\u672c.jpg","type":"image\/jpeg"}],"twitter_card":"summary_large_image","twitter_misc":{"Tahmini okuma s\u00fcresi":"1 dakika"},"schema":{"@context":"https:\/\/schema.org","@graph":[{"@type":"WebPage","@id":"https:\/\/www.tosunlux.eu\/fr\/products\/programmable-digital-combined-panel-meter-ted3\/","url":"https:\/\/www.tosunlux.eu\/fr\/products\/programmable-digital-combined-panel-meter-ted3\/","name":"WholesaleProgrammable Digital Combined Panel Meter TED3 - TOSUNlux Official Site - Electrical Circuit Breaker Manufacturer in China Low Voltage Electrical Supplier | TOSUNlux","isPartOf":{"@id":"https:\/\/www.tosunlux.eu\/ru\/#website"},"datePublished":"2022-05-12T02:17:47+00:00","dateModified":"2022-05-14T10:16:37+00:00","description":"Programmable Digital Combined Panel Meter TED3 Supplier - Wholesale direct from TOSUNlux, a trusted manufacturer since 1994. Get your B2B factory quote on our certified Low Voltage electrical products.","breadcrumb":{"@id":"https:\/\/www.tosunlux.eu\/fr\/products\/programmable-digital-combined-panel-meter-ted3\/#breadcrumb"},"inLanguage":"tr","potentialAction":[{"@type":"ReadAction","target":["https:\/\/www.tosunlux.eu\/fr\/products\/programmable-digital-combined-panel-meter-ted3\/"]}]},{"@type":"BreadcrumbList","@id":"https:\/\/www.tosunlux.eu\/fr\/products\/programmable-digital-combined-panel-meter-ted3\/#breadcrumb","itemListElement":[{"@type":"ListItem","position":1,"name":"Home","item":"https:\/\/www.tosunlux.eu\/ru\/"},{"@type":"ListItem","position":2,"name":"Products","item":"https:\/\/www.tosunlux.eu\/products\/"},{"@type":"ListItem","position":3,"name":"Programmable Digital Combined Panel Meter TED3"}]},{"@type":"WebSite","@id":"https:\/\/www.tosunlux.eu\/ru\/#website","url":"https:\/\/www.tosunlux.eu\/ru\/","name":"TOSUNlux Resmi Sitesi - \u00c7in&#039;de Elektrik Sigortas\u0131 \u00dcreticisi","description":"G\u00fc\u00e7 Da\u011f\u0131t\u0131m Sistemi Tedarik\u00e7isi","publisher":{"@id":"https:\/\/www.tosunlux.eu\/ru\/#organization"},"alternateName":"TOSUNlux","potentialAction":[{"@type":"SearchAction","target":{"@type":"EntryPoint","urlTemplate":"https:\/\/www.tosunlux.eu\/ru\/?s={search_term_string}"},"query-input":{"@type":"PropertyValueSpecification","valueRequired":true,"valueName":"search_term_string"}}],"inLanguage":"tr"},{"@type":"Organization","@id":"https:\/\/www.tosunlux.eu\/ru\/#organization","name":"TOSUNlux","url":"https:\/\/www.tosunlux.eu\/ru\/","logo":{"@type":"ImageObject","inLanguage":"tr","@id":"https:\/\/www.tosunlux.eu\/ru\/#\/schema\/logo\/image\/","url":"https:\/\/www.tosunlux.eu\/wp-content\/uploads\/2022\/01\/LOGOSYSM.71762f1.png","contentUrl":"https:\/\/www.tosunlux.eu\/wp-content\/uploads\/2022\/01\/LOGOSYSM.71762f1.png","width":153,"height":55,"caption":"TOSUNlux"},"image":{"@id":"https:\/\/www.tosunlux.eu\/ru\/#\/schema\/logo\/image\/"},"sameAs":["https:\/\/www.facebook.com\/TOSUNelectric\/","https:\/\/www.linkedin.com\/company\/wenzhou-tosun-electric-co.-ltd\/"]}]}},"_links":{"self":[{"href":"https:\/\/www.tosunlux.eu\/tr\/wp-json\/wp\/v2\/product\/2541","targetHints":{"allow":["GET"]}}],"collection":[{"href":"https:\/\/www.tosunlux.eu\/tr\/wp-json\/wp\/v2\/product"}],"about":[{"href":"https:\/\/www.tosunlux.eu\/tr\/wp-json\/wp\/v2\/types\/product"}],"version-history":[{"count":0,"href":"https:\/\/www.tosunlux.eu\/tr\/wp-json\/wp\/v2\/product\/2541\/revisions"}],"wp:attachment":[{"href":"https:\/\/www.tosunlux.eu\/tr\/wp-json\/wp\/v2\/media?parent=2541"}],"wp:term":[{"taxonomy":"product_category","embeddable":true,"href":"https:\/\/www.tosunlux.eu\/tr\/wp-json\/wp\/v2\/product_category?post=2541"}],"curies":[{"name":"wp","href":"https:\/\/api.w.org\/{rel}","templated":true}]}}