{"id":2544,"date":"2022-05-12T11:00:43","date_gmt":"2022-05-12T03:00:43","guid":{"rendered":"https:\/\/www.tosunlux.eu\/?post_type=product&#038;p=2544"},"modified":"2022-09-30T15:57:50","modified_gmt":"2022-09-30T07:57:50","slug":"analog-panel-meter-se","status":"publish","type":"product","link":"https:\/\/www.tosunlux.eu\/tr\/products\/analog-panel-meter-se\/","title":{"rendered":"Analog Panel Metre SE"},"content":{"rendered":"<p>Ba\u015fvuru<\/p>\n\n\n\n<p>Analog Panel metre, do\u011frudan taklit ekran etkisine sahip elektrik \u00f6l\u00e7\u00fcm g\u00f6stergesidir. AC&amp;DC \u00e7\u0131k\u0131\u015f ve giri\u015f da\u011f\u0131t\u0131m devresi, g\u00fc\u00e7 santrali konsol kabini, g\u00fc\u00e7 i\u015fletim panosu ve farkl\u0131 aparatlar i\u00e7in uygundur. DC ak\u0131m, voltaj ve AC ak\u0131m, voltaj, frekans ve faz g\u00fcc\u00fcn\u00fc \u00f6l\u00e7mek i\u00e7in kullan\u0131l\u0131r.<\/p>\n\n\n\n<p>\u25cfDo\u011fruluk: s\u0131n\u0131f 1.5, 2.5<br>\u25cfBa\u011f\u0131l Nem: 25% ve 80%<br>\u25cfDayan\u0131kl\u0131l\u0131k: AC 45-65Hz 2KV 1 dk<br>\u25cfTa\u015f\u0131ma S\u0131cakl\u0131\u011f\u0131: -30\u2103~55\u2103<br>\u25cfOrtam S\u0131cakl\u0131\u011f\u0131: 23\u2103\u00b110\u2103<br>\u25cfD\u0131\u015f Manyetik Alan: 0,4KA\/m<br>\u25cfKurulum Pozisyonu: Dikey\u00b110<br>\u25cfIEC60051-2&#039;ye g\u00f6re<\/p>\n\n\n<table width=\"898\">\n<tbody>\n<tr>\n<td width=\"124\">Tan\u0131m<\/td>\n<td colspan=\"2\" width=\"518\">\u015eartname<\/td>\n<td width=\"128\">\u00d6rnek<\/td>\n<td width=\"128\">Kesinlik<\/td>\n<\/tr>\n<tr>\n<td rowspan=\"2\" width=\"124\">AC ampermetre<\/td>\n<td width=\"393\">10A, 15A, 20A, 25A, 30A, 50A, 75A, 100A, 150A, 200A,<br \/>250A, 300A, 400A, 500A, 600A, 750A, 800A, 1000A,<br \/>1200A, 1500A, 2000A, 2500A, 3000A, 4000A, 5000A<\/td>\n<td width=\"125\">Dahili ile<br \/>CT\/1A veya 5A<\/td>\n<td rowspan=\"11\" width=\"128\">SE-72<br \/>SE-96<\/td>\n<td rowspan=\"8\" width=\"128\">S\u0131n\u0131f 1.5<\/td>\n<\/tr>\n<tr>\n<td width=\"393\">0,1A, 0,5A, 1A, 5A, 10A, 15A, 20A, 25A,30A, 40A, 50A, <br \/>60A, 80A, 100A<\/td>\n<td width=\"125\">AC do\u011frudan<br \/>ba\u011flant\u0131<\/td>\n<\/tr>\n<tr>\n<td width=\"124\">DC Ampermetre<\/td>\n<td width=\"393\">50\u03bcA, 100\u03bcA, 1mA, 5mA, 10mA, 30mA, 50mA, 100mA,<br \/>300mA, 500mA, 1A, 5A, 10A, 15A, 20A, 30A<\/td>\n<td width=\"125\">DC do\u011frudan<br \/>ba\u011flant\u0131<\/td>\n<\/tr>\n<tr>\n<td rowspan=\"2\" width=\"124\">AC Voltmetre<\/td>\n<td width=\"393\">10A, 15A, 20A, 25A, 30A, 50A, 100A, 150A, 200A,<br \/>250A, 300A, 400A, 500A, 600A, 750A, 800A, 1000A,<br \/>1200A, 1500A, 2000A, 2500A,3000A<\/td>\n<td width=\"125\">Eks.\u015fant ile<br \/>50mV,60mV,75mV<\/td>\n<\/tr>\n<tr>\n<td width=\"393\">30V, 50V, 100V, 150V, 250V, 300V, 500V, 600V, 1000V<\/td>\n<td width=\"125\">AC do\u011frudan<br \/>ba\u011flant\u0131<\/td>\n<\/tr>\n<tr>\n<td width=\"124\">DC Voltmetre<\/td>\n<td width=\"393\">10V, 20V, 30V, 50V, 100V, 150V, 250V, 300V, 500V, 600V, <br \/>1000V<\/td>\n<td width=\"125\">DC do\u011frudan<br \/>ba\u011flant\u0131<\/td>\n<\/tr>\n<tr>\n<td rowspan=\"2\" width=\"124\">Frekans \u00f6l\u00e7er<\/td>\n<td width=\"393\">Voltaj: 110V, 220V, 380V, 440V<\/td>\n<td rowspan=\"2\" width=\"125\">\u2026\u2026<\/td>\n<\/tr>\n<tr>\n<td width=\"393\">Frekans: 45-55Hz, 45-65Hz<\/td>\n<\/tr>\n<tr>\n<td rowspan=\"2\" width=\"124\">G\u00fc\u00e7 fakt\u00f6r\u00fc \u00f6l\u00e7er<br \/>(cos\u03c6)<\/td>\n<td width=\"393\">Voltaj: 110V, 220V, 380V, 440V Ak\u0131m: 1A veya 5A<\/td>\n<td rowspan=\"2\" width=\"125\">1 fazl\u0131 veya <br \/>3-fazl\u0131<\/td>\n<td rowspan=\"2\" width=\"128\">S\u0131n\u0131f 2.5<\/td>\n<\/tr>\n<tr>\n<td width=\"393\">\u00d6l\u00e7ek: 0.5kap-1-0.5ind, 0.3kap-1-0.1ind, 0.7kap-1-0.2ind<\/td>\n<\/tr>\n<tr>\n<td width=\"124\">G\u00fc\u00e7 \u00f6l\u00e7er<br \/>(KW veya VAR)<\/td>\n<td width=\"393\">Voltaj: 110V, 220V, 380V, 440V Ak\u0131m: 1A veya 5A<\/td>\n<td width=\"125\">1P,3P 3W, 3P i\u00e7in <br \/>4W CT veya PT ile<\/td>\n<td width=\"128\">S\u0131n\u0131f 1.5<\/td>\n<\/tr>\n<\/tbody>\n<\/table>","protected":false},"parent":0,"template":"","product_category":[75,124],"class_list":["post-2544","product","type-product","status-publish","hentry","product_category-instruments","product_category-panel-meter"],"yoast_head":"<!-- This site is optimized with the Yoast SEO plugin v27.4 - https:\/\/yoast.com\/product\/yoast-seo-wordpress\/ -->\n<title>WholesaleAnalog Panel Meter SE - TOSUNlux Official Site - Electrical Circuit Breaker Manufacturer in China Low Voltage Electrical Supplier | TOSUNlux<\/title>\n<meta name=\"description\" content=\"Analog Panel Meter SE Supplier - Wholesale direct from TOSUNlux, a trusted manufacturer since 1994. Get your B2B factory quote on our certified Low Voltage electrical products.\" \/>\n<meta name=\"robots\" content=\"index, follow, max-snippet:-1, max-image-preview:large, max-video-preview:-1\" \/>\n<link rel=\"canonical\" href=\"https:\/\/www.tosunlux.eu\/tr\/products\/analog-panel-meter-se\/\" \/>\n<meta property=\"og:locale\" content=\"tr_TR\" \/>\n<meta property=\"og:type\" content=\"article\" \/>\n<meta property=\"og:title\" content=\"WholesaleAnalog Panel Meter SE - TOSUNlux Official Site - Electrical Circuit Breaker Manufacturer in China Low Voltage Electrical Supplier | TOSUNlux\" \/>\n<meta property=\"og:description\" content=\"Analog Panel Meter SE Supplier - Wholesale direct from TOSUNlux, a trusted manufacturer since 1994. Get your B2B factory quote on our certified Low Voltage electrical products.\" \/>\n<meta property=\"og:url\" content=\"https:\/\/www.tosunlux.eu\/tr\/products\/analog-panel-meter-se\/\" \/>\n<meta property=\"og:site_name\" content=\"TOSUNlux Official Site - Electrical Circuit Breaker Manufacturer in China\" \/>\n<meta property=\"article:publisher\" content=\"https:\/\/www.facebook.com\/TOSUNelectric\/\" \/>\n<meta property=\"article:modified_time\" content=\"2022-09-30T07:57:50+00:00\" \/>\n<meta property=\"og:image\" content=\"https:\/\/www.tosunlux.eu\/wp-content\/uploads\/2023\/04\/DSC08160_\u526f\u672c.jpg\" \/>\n\t<meta property=\"og:image:width\" content=\"1500\" \/>\n\t<meta property=\"og:image:height\" content=\"940\" \/>\n\t<meta property=\"og:image:type\" content=\"image\/jpeg\" \/>\n<meta name=\"twitter:card\" content=\"summary_large_image\" \/>\n<meta name=\"twitter:label1\" content=\"Tahmini okuma s\u00fcresi\" \/>\n\t<meta name=\"twitter:data1\" content=\"2 dakika\" \/>\n<script type=\"application\/ld+json\" class=\"yoast-schema-graph\">{\"@context\":\"https:\\\/\\\/schema.org\",\"@graph\":[{\"@type\":\"WebPage\",\"@id\":\"https:\\\/\\\/www.tosunlux.eu\\\/nl\\\/products\\\/analog-panel-meter-se\\\/\",\"url\":\"https:\\\/\\\/www.tosunlux.eu\\\/nl\\\/products\\\/analog-panel-meter-se\\\/\",\"name\":\"WholesaleAnalog Panel Meter SE - TOSUNlux Official Site - Electrical Circuit Breaker Manufacturer in China Low Voltage Electrical Supplier | TOSUNlux\",\"isPartOf\":{\"@id\":\"https:\\\/\\\/www.tosunlux.eu\\\/ru\\\/#website\"},\"datePublished\":\"2022-05-12T03:00:43+00:00\",\"dateModified\":\"2022-09-30T07:57:50+00:00\",\"description\":\"Analog Panel Meter SE Supplier - Wholesale direct from TOSUNlux, a trusted manufacturer since 1994. Get your B2B factory quote on our certified Low Voltage electrical products.\",\"breadcrumb\":{\"@id\":\"https:\\\/\\\/www.tosunlux.eu\\\/nl\\\/products\\\/analog-panel-meter-se\\\/#breadcrumb\"},\"inLanguage\":\"tr\",\"potentialAction\":[{\"@type\":\"ReadAction\",\"target\":[\"https:\\\/\\\/www.tosunlux.eu\\\/nl\\\/products\\\/analog-panel-meter-se\\\/\"]}]},{\"@type\":\"BreadcrumbList\",\"@id\":\"https:\\\/\\\/www.tosunlux.eu\\\/nl\\\/products\\\/analog-panel-meter-se\\\/#breadcrumb\",\"itemListElement\":[{\"@type\":\"ListItem\",\"position\":1,\"name\":\"Home\",\"item\":\"https:\\\/\\\/www.tosunlux.eu\\\/ru\\\/\"},{\"@type\":\"ListItem\",\"position\":2,\"name\":\"Products\",\"item\":\"https:\\\/\\\/www.tosunlux.eu\\\/products\\\/\"},{\"@type\":\"ListItem\",\"position\":3,\"name\":\"Analog Panel Meter SE\"}]},{\"@type\":\"WebSite\",\"@id\":\"https:\\\/\\\/www.tosunlux.eu\\\/ru\\\/#website\",\"url\":\"https:\\\/\\\/www.tosunlux.eu\\\/ru\\\/\",\"name\":\"TOSUNlux Official Site - Electrical Circuit Breaker Manufacturer in China\",\"description\":\"Power Distribution System Supplier\",\"publisher\":{\"@id\":\"https:\\\/\\\/www.tosunlux.eu\\\/ru\\\/#organization\"},\"alternateName\":\"TOSUNlux\",\"potentialAction\":[{\"@type\":\"SearchAction\",\"target\":{\"@type\":\"EntryPoint\",\"urlTemplate\":\"https:\\\/\\\/www.tosunlux.eu\\\/ru\\\/?s={search_term_string}\"},\"query-input\":{\"@type\":\"PropertyValueSpecification\",\"valueRequired\":true,\"valueName\":\"search_term_string\"}}],\"inLanguage\":\"tr\"},{\"@type\":\"Organization\",\"@id\":\"https:\\\/\\\/www.tosunlux.eu\\\/ru\\\/#organization\",\"name\":\"TOSUNlux\",\"url\":\"https:\\\/\\\/www.tosunlux.eu\\\/ru\\\/\",\"logo\":{\"@type\":\"ImageObject\",\"inLanguage\":\"tr\",\"@id\":\"https:\\\/\\\/www.tosunlux.eu\\\/ru\\\/#\\\/schema\\\/logo\\\/image\\\/\",\"url\":\"https:\\\/\\\/www.tosunlux.eu\\\/wp-content\\\/uploads\\\/2022\\\/01\\\/LOGOSYSM.71762f1.png\",\"contentUrl\":\"https:\\\/\\\/www.tosunlux.eu\\\/wp-content\\\/uploads\\\/2022\\\/01\\\/LOGOSYSM.71762f1.png\",\"width\":153,\"height\":55,\"caption\":\"TOSUNlux\"},\"image\":{\"@id\":\"https:\\\/\\\/www.tosunlux.eu\\\/ru\\\/#\\\/schema\\\/logo\\\/image\\\/\"},\"sameAs\":[\"https:\\\/\\\/www.facebook.com\\\/TOSUNelectric\\\/\",\"https:\\\/\\\/www.linkedin.com\\\/company\\\/wenzhou-tosun-electric-co.-ltd\\\/\"]}]}<\/script>\n<!-- \/ Yoast SEO plugin. -->","yoast_head_json":{"title":"WholesaleAnalog Panel Meter SE - TOSUNlux Official Site - Electrical Circuit Breaker Manufacturer in China Low Voltage Electrical Supplier | TOSUNlux","description":"Analog Panel Meter SE Supplier - Wholesale direct from TOSUNlux, a trusted manufacturer since 1994. Get your B2B factory quote on our certified Low Voltage electrical products.","robots":{"index":"index","follow":"follow","max-snippet":"max-snippet:-1","max-image-preview":"max-image-preview:large","max-video-preview":"max-video-preview:-1"},"canonical":"https:\/\/www.tosunlux.eu\/tr\/products\/analog-panel-meter-se\/","og_locale":"tr_TR","og_type":"article","og_title":"WholesaleAnalog Panel Meter SE - TOSUNlux Official Site - Electrical Circuit Breaker Manufacturer in China Low Voltage Electrical Supplier | TOSUNlux","og_description":"Analog Panel Meter SE Supplier - Wholesale direct from TOSUNlux, a trusted manufacturer since 1994. Get your B2B factory quote on our certified Low Voltage electrical products.","og_url":"https:\/\/www.tosunlux.eu\/tr\/products\/analog-panel-meter-se\/","og_site_name":"TOSUNlux Official Site - Electrical Circuit Breaker Manufacturer in China","article_publisher":"https:\/\/www.facebook.com\/TOSUNelectric\/","article_modified_time":"2022-09-30T07:57:50+00:00","og_image":[{"width":1500,"height":940,"url":"https:\/\/www.tosunlux.eu\/wp-content\/uploads\/2023\/04\/DSC08160_\u526f\u672c.jpg","type":"image\/jpeg"}],"twitter_card":"summary_large_image","twitter_misc":{"Tahmini okuma s\u00fcresi":"2 dakika"},"schema":{"@context":"https:\/\/schema.org","@graph":[{"@type":"WebPage","@id":"https:\/\/www.tosunlux.eu\/nl\/products\/analog-panel-meter-se\/","url":"https:\/\/www.tosunlux.eu\/nl\/products\/analog-panel-meter-se\/","name":"WholesaleAnalog Panel Meter SE - TOSUNlux Official Site - Electrical Circuit Breaker Manufacturer in China Low Voltage Electrical Supplier | TOSUNlux","isPartOf":{"@id":"https:\/\/www.tosunlux.eu\/ru\/#website"},"datePublished":"2022-05-12T03:00:43+00:00","dateModified":"2022-09-30T07:57:50+00:00","description":"Analog Panel Meter SE Supplier - Wholesale direct from TOSUNlux, a trusted manufacturer since 1994. Get your B2B factory quote on our certified Low Voltage electrical products.","breadcrumb":{"@id":"https:\/\/www.tosunlux.eu\/nl\/products\/analog-panel-meter-se\/#breadcrumb"},"inLanguage":"tr","potentialAction":[{"@type":"ReadAction","target":["https:\/\/www.tosunlux.eu\/nl\/products\/analog-panel-meter-se\/"]}]},{"@type":"BreadcrumbList","@id":"https:\/\/www.tosunlux.eu\/nl\/products\/analog-panel-meter-se\/#breadcrumb","itemListElement":[{"@type":"ListItem","position":1,"name":"Home","item":"https:\/\/www.tosunlux.eu\/ru\/"},{"@type":"ListItem","position":2,"name":"Products","item":"https:\/\/www.tosunlux.eu\/products\/"},{"@type":"ListItem","position":3,"name":"Analog Panel Meter SE"}]},{"@type":"WebSite","@id":"https:\/\/www.tosunlux.eu\/ru\/#website","url":"https:\/\/www.tosunlux.eu\/ru\/","name":"TOSUNlux Resmi Sitesi - \u00c7in&#039;de Elektrik Sigortas\u0131 \u00dcreticisi","description":"G\u00fc\u00e7 Da\u011f\u0131t\u0131m Sistemi Tedarik\u00e7isi","publisher":{"@id":"https:\/\/www.tosunlux.eu\/ru\/#organization"},"alternateName":"TOSUNlux","potentialAction":[{"@type":"SearchAction","target":{"@type":"EntryPoint","urlTemplate":"https:\/\/www.tosunlux.eu\/ru\/?s={search_term_string}"},"query-input":{"@type":"PropertyValueSpecification","valueRequired":true,"valueName":"search_term_string"}}],"inLanguage":"tr"},{"@type":"Organization","@id":"https:\/\/www.tosunlux.eu\/ru\/#organization","name":"TOSUNlux","url":"https:\/\/www.tosunlux.eu\/ru\/","logo":{"@type":"ImageObject","inLanguage":"tr","@id":"https:\/\/www.tosunlux.eu\/ru\/#\/schema\/logo\/image\/","url":"https:\/\/www.tosunlux.eu\/wp-content\/uploads\/2022\/01\/LOGOSYSM.71762f1.png","contentUrl":"https:\/\/www.tosunlux.eu\/wp-content\/uploads\/2022\/01\/LOGOSYSM.71762f1.png","width":153,"height":55,"caption":"TOSUNlux"},"image":{"@id":"https:\/\/www.tosunlux.eu\/ru\/#\/schema\/logo\/image\/"},"sameAs":["https:\/\/www.facebook.com\/TOSUNelectric\/","https:\/\/www.linkedin.com\/company\/wenzhou-tosun-electric-co.-ltd\/"]}]}},"_links":{"self":[{"href":"https:\/\/www.tosunlux.eu\/tr\/wp-json\/wp\/v2\/product\/2544","targetHints":{"allow":["GET"]}}],"collection":[{"href":"https:\/\/www.tosunlux.eu\/tr\/wp-json\/wp\/v2\/product"}],"about":[{"href":"https:\/\/www.tosunlux.eu\/tr\/wp-json\/wp\/v2\/types\/product"}],"version-history":[{"count":0,"href":"https:\/\/www.tosunlux.eu\/tr\/wp-json\/wp\/v2\/product\/2544\/revisions"}],"wp:attachment":[{"href":"https:\/\/www.tosunlux.eu\/tr\/wp-json\/wp\/v2\/media?parent=2544"}],"wp:term":[{"taxonomy":"product_category","embeddable":true,"href":"https:\/\/www.tosunlux.eu\/tr\/wp-json\/wp\/v2\/product_category?post=2544"}],"curies":[{"name":"wp","href":"https:\/\/api.w.org\/{rel}","templated":true}]}}