{"id":2567,"date":"2022-05-12T14:16:12","date_gmt":"2022-05-12T06:16:12","guid":{"rendered":"https:\/\/www.tosunlux.eu\/?post_type=product&#038;p=2567"},"modified":"2023-09-13T09:18:21","modified_gmt":"2023-09-13T01:18:21","slug":"tsc-d40-ac-contactor","status":"publish","type":"product","link":"https:\/\/www.tosunlux.eu\/tr\/products\/tsc-d40-ac-contactor\/","title":{"rendered":"TSC-D40 AC Kontakt\u00f6r"},"content":{"rendered":"<pre class=\"wp-block-verse\"><strong>Ba\u015fvuru<\/strong>\n\n\nTSC-D serisi AC Kontakt\u00f6r, 660V AC 50Hz veya 60Hz nominal gerilime, 95A&#039;ya kadar nominal ak\u0131ma kadar devrelerde, AC motorunu yapmak, kesmek, s\u0131k s\u0131k \u00e7al\u0131\u015ft\u0131rmak ve kontrol etmek i\u00e7in kullan\u0131ma uygundur. Yard\u0131mc\u0131 kontak blo\u011fu, gecikme zamanlay\u0131c\u0131s\u0131 ve makine kilitleme cihaz\u0131 vb. ile birle\u015ftirildi\u011finde, gecikme kontakt\u00f6r\u00fc, mekanik kilitleme kontakt\u00f6r\u00fc, y\u0131ld\u0131z-\u00fc\u00e7gen mar\u015f motoru haline gelir. Termal r\u00f6le ile elektromanyetik mar\u015f motoruna birle\u015ftirilir. \u00dcr\u00fcnler IEC60947-4 ile uyumludur.\n\n<strong>\u015eartname<\/strong>\n\n\n<\/pre>\n\n\n<table style=\"border-collapse: collapse; width: 565.52pt;\" border=\"0\" width=\"754\" cellspacing=\"0\" cellpadding=\"0\">\n<tbody>\n<tr style=\"height: 25.00pt;\">\n<td class=\"et2\" style=\"height: 25pt; width: 217.1pt; text-align: center;\" colspan=\"2\" width=\"289\" height=\"33\">\u00d6rnek<\/td>\n<td class=\"et2\" style=\"width: 69.7pt; text-align: center;\" width=\"92\">TSC-D40<\/td>\n<td class=\"et2\" style=\"width: 68.75pt; text-align: center;\" width=\"91\">TSC-D50<\/td>\n<td class=\"et2\" style=\"width: 70.65pt; text-align: center;\" width=\"94\">TSC-D65<\/td>\n<td class=\"et2\" style=\"width: 67.8pt; text-align: center;\" width=\"90\">TSC-D80<\/td>\n<td class=\"et2\" style=\"width: 71.6pt; text-align: center;\" width=\"95\">TSC-D95<\/td>\n<\/tr>\n<tr style=\"height: 24.00pt;\">\n<td class=\"et2\" style=\"height: 49pt; width: 144.55pt; text-align: center;\" rowspan=\"2\" width=\"192\" height=\"65\">Anma \u00e7al\u0131\u015fma ak\u0131m\u0131 (A)<\/td>\n<td class=\"et2\" style=\"width: 72.55pt; text-align: center;\" width=\"96\">AC3<\/td>\n<td class=\"et2\" style=\"width: 69.7pt; text-align: center;\" width=\"92\">40<\/td>\n<td class=\"et2\" style=\"width: 68.75pt; text-align: center;\" width=\"91\">50<\/td>\n<td class=\"et2\" style=\"width: 70.65pt; text-align: center;\" width=\"94\">65<\/td>\n<td class=\"et2\" style=\"width: 67.8pt; text-align: center;\" width=\"90\">80<\/td>\n<td class=\"et2\" style=\"width: 71.6pt; text-align: center;\" width=\"95\">95<\/td>\n<\/tr>\n<tr style=\"height: 25.00pt;\">\n<td class=\"et2\" style=\"width: 72.55pt; text-align: center;\" width=\"96\">AC4<\/td>\n<td class=\"et2\" style=\"width: 69.7pt; text-align: center;\" width=\"92\">16<\/td>\n<td class=\"et2\" style=\"width: 68.75pt; text-align: center;\" width=\"91\">20<\/td>\n<td class=\"et2\" style=\"width: 70.65pt; text-align: center;\" width=\"94\">25<\/td>\n<td class=\"et2\" style=\"width: 67.8pt; text-align: center;\" width=\"90\">32<\/td>\n<td class=\"et2\" style=\"width: 71.6pt; text-align: center;\" width=\"95\">38<\/td>\n<\/tr>\n<tr style=\"height: 24.00pt;\">\n<td class=\"et2\" style=\"height: 123pt; width: 144.55pt; text-align: center;\" rowspan=\"5\" width=\"192\" height=\"164\">AC3 faz 3 kafesli motorun AC3 kapasitesi (KW)<\/td>\n<td class=\"et2\" style=\"width: 72.55pt; text-align: center;\" width=\"96\">220\/230V<\/td>\n<td class=\"et2\" style=\"width: 69.7pt; text-align: center;\" width=\"92\">11<\/td>\n<td class=\"et2\" style=\"width: 68.75pt; text-align: center;\" width=\"91\">15<\/td>\n<td class=\"et2\" style=\"width: 70.65pt; text-align: center;\" width=\"94\">18.5<\/td>\n<td class=\"et2\" style=\"width: 67.8pt; text-align: center;\" width=\"90\">22<\/td>\n<td class=\"et2\" style=\"width: 71.6pt; text-align: center;\" width=\"95\">25<\/td>\n<\/tr>\n<tr style=\"height: 25.00pt;\">\n<td class=\"et2\" style=\"width: 72.55pt; text-align: center;\" width=\"96\">380\/400V<\/td>\n<td class=\"et2\" style=\"width: 69.7pt; text-align: center;\" width=\"92\">18.5<\/td>\n<td class=\"et2\" style=\"width: 68.75pt; text-align: center;\" width=\"91\">22<\/td>\n<td class=\"et2\" style=\"width: 70.65pt; text-align: center;\" width=\"94\">30<\/td>\n<td class=\"et2\" style=\"width: 67.8pt; text-align: center;\" width=\"90\">37<\/td>\n<td class=\"et2\" style=\"width: 71.6pt; text-align: center;\" width=\"95\">45<\/td>\n<\/tr>\n<tr style=\"height: 24.00pt;\">\n<td class=\"et2\" style=\"width: 72.55pt; text-align: center;\" width=\"96\">415V<\/td>\n<td class=\"et2\" style=\"width: 69.7pt; text-align: center;\" width=\"92\">22<\/td>\n<td class=\"et2\" style=\"width: 68.75pt; text-align: center;\" width=\"91\">25<\/td>\n<td class=\"et2\" style=\"width: 70.65pt; text-align: center;\" width=\"94\">37<\/td>\n<td class=\"et2\" style=\"width: 67.8pt; text-align: center;\" width=\"90\">45<\/td>\n<td class=\"et2\" style=\"width: 71.6pt; text-align: center;\" width=\"95\">45<\/td>\n<\/tr>\n<tr style=\"height: 26.00pt;\">\n<td class=\"et2\" style=\"width: 72.55pt; text-align: center;\" width=\"96\">500V<\/td>\n<td class=\"et2\" style=\"width: 69.7pt; text-align: center;\" width=\"92\">22<\/td>\n<td class=\"et2\" style=\"width: 68.75pt; text-align: center;\" width=\"91\">30<\/td>\n<td class=\"et2\" style=\"width: 70.65pt; text-align: center;\" width=\"94\">37<\/td>\n<td class=\"et2\" style=\"width: 67.8pt; text-align: center;\" width=\"90\">55<\/td>\n<td class=\"et2\" style=\"width: 71.6pt; text-align: center;\" width=\"95\">55<\/td>\n<\/tr>\n<tr style=\"height: 24.00pt;\">\n<td class=\"et2\" style=\"width: 72.55pt; text-align: center;\" width=\"96\">660\/690V<\/td>\n<td class=\"et2\" style=\"width: 69.7pt; text-align: center;\" width=\"92\">30<\/td>\n<td class=\"et2\" style=\"width: 68.75pt; text-align: center;\" width=\"91\">33<\/td>\n<td class=\"et2\" style=\"width: 70.65pt; text-align: center;\" width=\"94\">37<\/td>\n<td class=\"et2\" style=\"width: 67.8pt; text-align: center;\" width=\"90\">45<\/td>\n<td class=\"et2\" style=\"width: 71.6pt; text-align: center;\" width=\"95\">55<\/td>\n<\/tr>\n<tr style=\"height: 24.00pt;\">\n<td class=\"et2\" style=\"height: 24pt; width: 217.1pt; text-align: center;\" colspan=\"2\" width=\"289\" height=\"32\">Anma \u0131s\u0131 ak\u0131m\u0131 (A)<\/td>\n<td class=\"et2\" style=\"width: 69.7pt; text-align: center;\" width=\"92\">60<\/td>\n<td class=\"et2\" style=\"width: 68.75pt; text-align: center;\" width=\"91\">80<\/td>\n<td class=\"et2\" style=\"width: 70.65pt; text-align: center;\" width=\"94\">80<\/td>\n<td class=\"et2\" style=\"width: 67.8pt; text-align: center;\" width=\"90\">95<\/td>\n<td class=\"et2\" style=\"width: 71.6pt; text-align: center;\" width=\"95\">110<\/td>\n<\/tr>\n<tr style=\"height: 26.00pt;\">\n<td class=\"et2\" style=\"height: 50pt; width: 144.55pt; text-align: center;\" rowspan=\"2\" width=\"192\" height=\"66\">Elektriksel \u00f6m\u00fcr<\/td>\n<td class=\"et2\" style=\"width: 72.55pt; text-align: center;\" width=\"96\">AC3x 100000<\/td>\n<td class=\"et2\" style=\"width: 69.7pt; text-align: center;\" width=\"92\">80<\/td>\n<td class=\"et2\" style=\"width: 68.75pt; text-align: center;\" width=\"91\">60<\/td>\n<td class=\"et2\" style=\"width: 70.65pt; text-align: center;\" width=\"94\">60<\/td>\n<td class=\"et2\" style=\"width: 67.8pt; text-align: center;\" width=\"90\">60<\/td>\n<td class=\"et2\" style=\"width: 71.6pt; text-align: center;\" width=\"95\">60<\/td>\n<\/tr>\n<tr style=\"height: 24.00pt;\">\n<td class=\"et2\" style=\"width: 72.55pt; text-align: center;\" width=\"96\">AC4x100000<\/td>\n<td class=\"et2\" style=\"width: 69.7pt; text-align: center;\" width=\"92\">15<\/td>\n<td class=\"et2\" style=\"width: 68.75pt; text-align: center;\" width=\"91\">15<\/td>\n<td class=\"et2\" style=\"width: 70.65pt; text-align: center;\" width=\"94\">15<\/td>\n<td class=\"et2\" style=\"width: 67.8pt; text-align: center;\" width=\"90\">10<\/td>\n<td class=\"et2\" style=\"width: 71.6pt; text-align: center;\" width=\"95\">10<\/td>\n<\/tr>\n<tr style=\"height: 25.00pt;\">\n<td class=\"et2\" style=\"height: 25pt; width: 217.1pt; text-align: center;\" colspan=\"2\" width=\"289\" height=\"33\">Mekanik \u00f6m\u00fcr x 10<\/td>\n<td class=\"et2\" style=\"width: 69.7pt; text-align: center;\" width=\"92\">800<\/td>\n<td class=\"et2\" style=\"width: 68.75pt; text-align: center;\" width=\"91\">800<\/td>\n<td class=\"et2\" style=\"width: 70.65pt; text-align: center;\" width=\"94\">800<\/td>\n<td class=\"et2\" style=\"width: 67.8pt; text-align: center;\" width=\"90\">600<\/td>\n<td class=\"et2\" style=\"width: 71.6pt; text-align: center;\" width=\"95\">600<\/td>\n<\/tr>\n<tr style=\"height: 23.00pt;\">\n<td class=\"et2\" style=\"height: 23pt; width: 217.1pt; text-align: center;\" colspan=\"2\" width=\"289\" height=\"30\">Ki\u015filerin say\u0131s\u0131<\/td>\n<td class=\"et2\" style=\"width: 348.5pt; text-align: center;\" colspan=\"5\" width=\"464\">3P+HAYIR+NC<\/td>\n<\/tr>\n<\/tbody>\n<\/table>","protected":false},"parent":0,"template":"","product_category":[35,89],"class_list":["post-2567","product","type-product","status-publish","hentry","product_category-industrial-control-devices","product_category-ac-contactor-accessory"],"yoast_head":"<!-- This site is optimized with the Yoast SEO plugin v27.4 - https:\/\/yoast.com\/product\/yoast-seo-wordpress\/ -->\n<title>WholesaleTSC-D40 AC Contactor - TOSUNlux Official Site - Electrical Circuit Breaker Manufacturer in China Low Voltage Electrical Supplier | TOSUNlux<\/title>\n<meta name=\"description\" content=\"TSC-D40 AC Contactor Supplier - Wholesale direct from TOSUNlux, a trusted manufacturer since 1994. Get your B2B factory quote on our certified Low Voltage electrical products.\" \/>\n<meta name=\"robots\" content=\"index, follow, max-snippet:-1, max-image-preview:large, max-video-preview:-1\" \/>\n<link rel=\"canonical\" href=\"https:\/\/www.tosunlux.eu\/tr\/products\/tsc-d40-ac-contactor\/\" \/>\n<meta property=\"og:locale\" content=\"tr_TR\" \/>\n<meta property=\"og:type\" content=\"article\" \/>\n<meta property=\"og:title\" content=\"WholesaleTSC-D40 AC Contactor - TOSUNlux Official Site - Electrical Circuit Breaker Manufacturer in China Low Voltage Electrical Supplier | TOSUNlux\" \/>\n<meta property=\"og:description\" content=\"TSC-D40 AC Contactor Supplier - Wholesale direct from TOSUNlux, a trusted manufacturer since 1994. Get your B2B factory quote on our certified Low Voltage electrical products.\" \/>\n<meta property=\"og:url\" content=\"https:\/\/www.tosunlux.eu\/tr\/products\/tsc-d40-ac-contactor\/\" \/>\n<meta property=\"og:site_name\" content=\"TOSUNlux Official Site - Electrical Circuit Breaker Manufacturer in China\" \/>\n<meta property=\"article:publisher\" content=\"https:\/\/www.facebook.com\/TOSUNelectric\/\" \/>\n<meta property=\"article:modified_time\" content=\"2023-09-13T01:18:21+00:00\" \/>\n<meta property=\"og:image\" content=\"https:\/\/www.tosunlux.eu\/wp-content\/uploads\/2023\/04\/DSC08160_\u526f\u672c.jpg\" \/>\n\t<meta property=\"og:image:width\" content=\"1500\" \/>\n\t<meta property=\"og:image:height\" content=\"940\" \/>\n\t<meta property=\"og:image:type\" content=\"image\/jpeg\" \/>\n<meta name=\"twitter:card\" content=\"summary_large_image\" \/>\n<meta name=\"twitter:label1\" content=\"Tahmini okuma s\u00fcresi\" \/>\n\t<meta name=\"twitter:data1\" content=\"1 dakika\" \/>\n<script type=\"application\/ld+json\" class=\"yoast-schema-graph\">{\"@context\":\"https:\\\/\\\/schema.org\",\"@graph\":[{\"@type\":\"WebPage\",\"@id\":\"https:\\\/\\\/www.tosunlux.eu\\\/pl\\\/products\\\/tsc-d40-ac-contactor\\\/\",\"url\":\"https:\\\/\\\/www.tosunlux.eu\\\/pl\\\/products\\\/tsc-d40-ac-contactor\\\/\",\"name\":\"WholesaleTSC-D40 AC Contactor - TOSUNlux Official Site - Electrical Circuit Breaker Manufacturer in China Low Voltage Electrical Supplier | TOSUNlux\",\"isPartOf\":{\"@id\":\"https:\\\/\\\/www.tosunlux.eu\\\/ru\\\/#website\"},\"datePublished\":\"2022-05-12T06:16:12+00:00\",\"dateModified\":\"2023-09-13T01:18:21+00:00\",\"description\":\"TSC-D40 AC Contactor Supplier - Wholesale direct from TOSUNlux, a trusted manufacturer since 1994. Get your B2B factory quote on our certified Low Voltage electrical products.\",\"breadcrumb\":{\"@id\":\"https:\\\/\\\/www.tosunlux.eu\\\/pl\\\/products\\\/tsc-d40-ac-contactor\\\/#breadcrumb\"},\"inLanguage\":\"tr\",\"potentialAction\":[{\"@type\":\"ReadAction\",\"target\":[\"https:\\\/\\\/www.tosunlux.eu\\\/pl\\\/products\\\/tsc-d40-ac-contactor\\\/\"]}]},{\"@type\":\"BreadcrumbList\",\"@id\":\"https:\\\/\\\/www.tosunlux.eu\\\/pl\\\/products\\\/tsc-d40-ac-contactor\\\/#breadcrumb\",\"itemListElement\":[{\"@type\":\"ListItem\",\"position\":1,\"name\":\"Home\",\"item\":\"https:\\\/\\\/www.tosunlux.eu\\\/ru\\\/\"},{\"@type\":\"ListItem\",\"position\":2,\"name\":\"Products\",\"item\":\"https:\\\/\\\/www.tosunlux.eu\\\/products\\\/\"},{\"@type\":\"ListItem\",\"position\":3,\"name\":\"TSC-D40 AC Contactor\"}]},{\"@type\":\"WebSite\",\"@id\":\"https:\\\/\\\/www.tosunlux.eu\\\/ru\\\/#website\",\"url\":\"https:\\\/\\\/www.tosunlux.eu\\\/ru\\\/\",\"name\":\"TOSUNlux Official Site - Electrical Circuit Breaker Manufacturer in China\",\"description\":\"Power Distribution System Supplier\",\"publisher\":{\"@id\":\"https:\\\/\\\/www.tosunlux.eu\\\/ru\\\/#organization\"},\"alternateName\":\"TOSUNlux\",\"potentialAction\":[{\"@type\":\"SearchAction\",\"target\":{\"@type\":\"EntryPoint\",\"urlTemplate\":\"https:\\\/\\\/www.tosunlux.eu\\\/ru\\\/?s={search_term_string}\"},\"query-input\":{\"@type\":\"PropertyValueSpecification\",\"valueRequired\":true,\"valueName\":\"search_term_string\"}}],\"inLanguage\":\"tr\"},{\"@type\":\"Organization\",\"@id\":\"https:\\\/\\\/www.tosunlux.eu\\\/ru\\\/#organization\",\"name\":\"TOSUNlux\",\"url\":\"https:\\\/\\\/www.tosunlux.eu\\\/ru\\\/\",\"logo\":{\"@type\":\"ImageObject\",\"inLanguage\":\"tr\",\"@id\":\"https:\\\/\\\/www.tosunlux.eu\\\/ru\\\/#\\\/schema\\\/logo\\\/image\\\/\",\"url\":\"https:\\\/\\\/www.tosunlux.eu\\\/wp-content\\\/uploads\\\/2022\\\/01\\\/LOGOSYSM.71762f1.png\",\"contentUrl\":\"https:\\\/\\\/www.tosunlux.eu\\\/wp-content\\\/uploads\\\/2022\\\/01\\\/LOGOSYSM.71762f1.png\",\"width\":153,\"height\":55,\"caption\":\"TOSUNlux\"},\"image\":{\"@id\":\"https:\\\/\\\/www.tosunlux.eu\\\/ru\\\/#\\\/schema\\\/logo\\\/image\\\/\"},\"sameAs\":[\"https:\\\/\\\/www.facebook.com\\\/TOSUNelectric\\\/\",\"https:\\\/\\\/www.linkedin.com\\\/company\\\/wenzhou-tosun-electric-co.-ltd\\\/\"]}]}<\/script>\n<!-- \/ Yoast SEO plugin. -->","yoast_head_json":{"title":"Toptan TSC-D40 AC Kontakt\u00f6r - TOSUNlux Resmi Sitesi - \u00c7in&#039;de Elektrik Sigortas\u0131 \u00dcreticisi ve D\u00fc\u015f\u00fck Voltajl\u0131 Elektrik Tedarik\u00e7isi | TOSUNlux","description":"TSC-D40 AC Kontakt\u00f6r Tedarik\u00e7isi - 1994&#039;ten beri g\u00fcvenilir bir \u00fcretici olan TOSUNlux&#039;tan do\u011frudan toptan sat\u0131\u015f. Sertifikal\u0131 D\u00fc\u015f\u00fck Gerilim elektrik \u00fcr\u00fcnlerimiz i\u00e7in B2B fabrika fiyat teklifinizi al\u0131n.","robots":{"index":"index","follow":"follow","max-snippet":"max-snippet:-1","max-image-preview":"max-image-preview:large","max-video-preview":"max-video-preview:-1"},"canonical":"https:\/\/www.tosunlux.eu\/tr\/products\/tsc-d40-ac-contactor\/","og_locale":"tr_TR","og_type":"article","og_title":"WholesaleTSC-D40 AC Contactor - TOSUNlux Official Site - Electrical Circuit Breaker Manufacturer in China Low Voltage Electrical Supplier | TOSUNlux","og_description":"TSC-D40 AC Contactor Supplier - Wholesale direct from TOSUNlux, a trusted manufacturer since 1994. Get your B2B factory quote on our certified Low Voltage electrical products.","og_url":"https:\/\/www.tosunlux.eu\/tr\/products\/tsc-d40-ac-contactor\/","og_site_name":"TOSUNlux Official Site - Electrical Circuit Breaker Manufacturer in China","article_publisher":"https:\/\/www.facebook.com\/TOSUNelectric\/","article_modified_time":"2023-09-13T01:18:21+00:00","og_image":[{"width":1500,"height":940,"url":"https:\/\/www.tosunlux.eu\/wp-content\/uploads\/2023\/04\/DSC08160_\u526f\u672c.jpg","type":"image\/jpeg"}],"twitter_card":"summary_large_image","twitter_misc":{"Tahmini okuma s\u00fcresi":"1 dakika"},"schema":{"@context":"https:\/\/schema.org","@graph":[{"@type":"WebPage","@id":"https:\/\/www.tosunlux.eu\/pl\/products\/tsc-d40-ac-contactor\/","url":"https:\/\/www.tosunlux.eu\/pl\/products\/tsc-d40-ac-contactor\/","name":"Toptan TSC-D40 AC Kontakt\u00f6r - TOSUNlux Resmi Sitesi - \u00c7in&#039;de Elektrik Sigortas\u0131 \u00dcreticisi ve D\u00fc\u015f\u00fck Voltajl\u0131 Elektrik Tedarik\u00e7isi | TOSUNlux","isPartOf":{"@id":"https:\/\/www.tosunlux.eu\/ru\/#website"},"datePublished":"2022-05-12T06:16:12+00:00","dateModified":"2023-09-13T01:18:21+00:00","description":"TSC-D40 AC Kontakt\u00f6r Tedarik\u00e7isi - 1994&#039;ten beri g\u00fcvenilir bir \u00fcretici olan TOSUNlux&#039;tan do\u011frudan toptan sat\u0131\u015f. Sertifikal\u0131 D\u00fc\u015f\u00fck Gerilim elektrik \u00fcr\u00fcnlerimiz i\u00e7in B2B fabrika fiyat teklifinizi al\u0131n.","breadcrumb":{"@id":"https:\/\/www.tosunlux.eu\/pl\/products\/tsc-d40-ac-contactor\/#breadcrumb"},"inLanguage":"tr","potentialAction":[{"@type":"ReadAction","target":["https:\/\/www.tosunlux.eu\/pl\/products\/tsc-d40-ac-contactor\/"]}]},{"@type":"BreadcrumbList","@id":"https:\/\/www.tosunlux.eu\/pl\/products\/tsc-d40-ac-contactor\/#breadcrumb","itemListElement":[{"@type":"ListItem","position":1,"name":"Home","item":"https:\/\/www.tosunlux.eu\/ru\/"},{"@type":"ListItem","position":2,"name":"Products","item":"https:\/\/www.tosunlux.eu\/products\/"},{"@type":"ListItem","position":3,"name":"TSC-D40 AC Contactor"}]},{"@type":"WebSite","@id":"https:\/\/www.tosunlux.eu\/ru\/#website","url":"https:\/\/www.tosunlux.eu\/ru\/","name":"TOSUNlux Resmi Sitesi - \u00c7in&#039;de Elektrik Sigortas\u0131 \u00dcreticisi","description":"G\u00fc\u00e7 Da\u011f\u0131t\u0131m Sistemi Tedarik\u00e7isi","publisher":{"@id":"https:\/\/www.tosunlux.eu\/ru\/#organization"},"alternateName":"TOSUNlux","potentialAction":[{"@type":"SearchAction","target":{"@type":"EntryPoint","urlTemplate":"https:\/\/www.tosunlux.eu\/ru\/?s={search_term_string}"},"query-input":{"@type":"PropertyValueSpecification","valueRequired":true,"valueName":"search_term_string"}}],"inLanguage":"tr"},{"@type":"Organization","@id":"https:\/\/www.tosunlux.eu\/ru\/#organization","name":"TOSUNlux","url":"https:\/\/www.tosunlux.eu\/ru\/","logo":{"@type":"ImageObject","inLanguage":"tr","@id":"https:\/\/www.tosunlux.eu\/ru\/#\/schema\/logo\/image\/","url":"https:\/\/www.tosunlux.eu\/wp-content\/uploads\/2022\/01\/LOGOSYSM.71762f1.png","contentUrl":"https:\/\/www.tosunlux.eu\/wp-content\/uploads\/2022\/01\/LOGOSYSM.71762f1.png","width":153,"height":55,"caption":"TOSUNlux"},"image":{"@id":"https:\/\/www.tosunlux.eu\/ru\/#\/schema\/logo\/image\/"},"sameAs":["https:\/\/www.facebook.com\/TOSUNelectric\/","https:\/\/www.linkedin.com\/company\/wenzhou-tosun-electric-co.-ltd\/"]}]}},"_links":{"self":[{"href":"https:\/\/www.tosunlux.eu\/tr\/wp-json\/wp\/v2\/product\/2567","targetHints":{"allow":["GET"]}}],"collection":[{"href":"https:\/\/www.tosunlux.eu\/tr\/wp-json\/wp\/v2\/product"}],"about":[{"href":"https:\/\/www.tosunlux.eu\/tr\/wp-json\/wp\/v2\/types\/product"}],"version-history":[{"count":2,"href":"https:\/\/www.tosunlux.eu\/tr\/wp-json\/wp\/v2\/product\/2567\/revisions"}],"predecessor-version":[{"id":7986,"href":"https:\/\/www.tosunlux.eu\/tr\/wp-json\/wp\/v2\/product\/2567\/revisions\/7986"}],"wp:attachment":[{"href":"https:\/\/www.tosunlux.eu\/tr\/wp-json\/wp\/v2\/media?parent=2567"}],"wp:term":[{"taxonomy":"product_category","embeddable":true,"href":"https:\/\/www.tosunlux.eu\/tr\/wp-json\/wp\/v2\/product_category?post=2567"}],"curies":[{"name":"wp","href":"https:\/\/api.w.org\/{rel}","templated":true}]}}