{"id":2577,"date":"2022-05-12T14:45:26","date_gmt":"2022-05-12T06:45:26","guid":{"rendered":"https:\/\/www.tosunlux.eu\/?post_type=product&#038;p=2577"},"modified":"2023-09-13T09:25:04","modified_gmt":"2023-09-13T01:25:04","slug":"tsc7-d-ac-contactor","status":"publish","type":"product","link":"https:\/\/www.tosunlux.eu\/tr\/products\/tsc7-d-ac-contactor\/","title":{"rendered":"TSC7-D AC Kontakt\u00f6r"},"content":{"rendered":"<pre class=\"wp-block-verse\"><strong>Ba\u015fvuru<\/strong>\n\n\nTSC7 serisi AC Kontakt\u00f6r, 660V AC 50Hz veya 60Hz nominal gerilime, 38A&#039;ya kadar nominal ak\u0131ma kadar devrelerde, AC motorunu yapmak, kesmek, s\u0131k s\u0131k \u00e7al\u0131\u015ft\u0131rmak ve kontrol etmek i\u00e7in kullan\u0131ma uygundur. Yard\u0131mc\u0131 kontak blo\u011fu, gecikme zamanlay\u0131c\u0131s\u0131 ve makine kilitleme cihaz\u0131 vb. ile birle\u015ftirildi\u011finde, gecikme kontakt\u00f6r\u00fc, mekanik kilitleme kontakt\u00f6r\u00fc, y\u0131ld\u0131z-\u00fc\u00e7gen mar\u015f motoru haline gelir. Termal r\u00f6le ile elektromanyetik mar\u015f motoruna birle\u015ftirilir. \u00dcr\u00fcnler IEC60947-4 ile uyumludur.\n\n\n<strong>\u015eartname<\/strong>\n\n\n<\/pre>\n\n\n<table style=\"border-collapse: collapse; width: 722px; height: 411px;\" border=\"0\" width=\"756\" cellspacing=\"0\" cellpadding=\"0\">\n<tbody>\n<tr style=\"height: 12.75pt;\">\n<td style=\"height: 12.75pt; width: 189pt; text-align: center;\" colspan=\"4\" width=\"252\" height=\"17\">\u00d6rnek<\/td>\n<td style=\"width: 47.25pt; text-align: center;\" width=\"63\">09<\/td>\n<td style=\"width: 47.25pt; text-align: center;\" width=\"63\">12<\/td>\n<td style=\"width: 47.25pt; text-align: center;\" width=\"63\">16<\/td>\n<td style=\"width: 47.25pt; text-align: center;\" width=\"63\">18<\/td>\n<td style=\"width: 47.25pt; text-align: center;\" width=\"63\">22<\/td>\n<td style=\"width: 47.25pt; text-align: center;\" width=\"63\">25<\/td>\n<td style=\"width: 47.25pt; text-align: center;\" width=\"63\">32<\/td>\n<td style=\"width: 47.25pt; text-align: center;\" width=\"63\">38<\/td>\n<\/tr>\n<tr style=\"height: 12.75pt;\">\n<td style=\"height: 51pt; text-align: center;\" rowspan=\"4\" height=\"68\">Anma \u00e7al\u0131\u015fma ak\u0131m\u0131 (A)<\/td>\n<td style=\"text-align: center;\" colspan=\"2\" rowspan=\"2\">400(380)V<\/td>\n<td style=\"text-align: center;\">AC-3<\/td>\n<td style=\"text-align: center;\">9<\/td>\n<td style=\"text-align: center;\">12<\/td>\n<td style=\"text-align: center;\">16<\/td>\n<td style=\"text-align: center;\">16<\/td>\n<td style=\"text-align: center;\">22<\/td>\n<td style=\"text-align: center;\">25<\/td>\n<td style=\"text-align: center;\">32<\/td>\n<td style=\"text-align: center;\">38<\/td>\n<\/tr>\n<tr style=\"height: 12.75pt;\">\n<td style=\"text-align: center;\">AC-4<\/td>\n<td style=\"text-align: center;\">3.5<\/td>\n<td style=\"text-align: center;\">5<\/td>\n<td style=\"text-align: center;\">6.5<\/td>\n<td style=\"text-align: center;\">7.7<\/td>\n<td style=\"text-align: center;\">8<\/td>\n<td style=\"text-align: center;\">8.5<\/td>\n<td style=\"text-align: center;\">12<\/td>\n<td style=\"text-align: center;\">12<\/td>\n<\/tr>\n<tr style=\"height: 12.75pt;\">\n<td style=\"text-align: center;\" colspan=\"2\" rowspan=\"2\">690(660)V<\/td>\n<td style=\"text-align: center;\">AC-3<\/td>\n<td style=\"text-align: center;\">6.6<\/td>\n<td style=\"text-align: center;\">8.9<\/td>\n<td style=\"text-align: center;\">11<\/td>\n<td style=\"text-align: center;\">18<\/td>\n<td style=\"text-align: center;\">16<\/td>\n<td style=\"text-align: center;\">34<\/td>\n<td style=\"text-align: center;\">39<\/td>\n<td style=\"text-align: center;\">39<\/td>\n<\/tr>\n<tr style=\"height: 12.75pt;\">\n<td style=\"text-align: center;\">AC-4<\/td>\n<td style=\"text-align: center;\">1.5<\/td>\n<td style=\"text-align: center;\">2<\/td>\n<td style=\"text-align: center;\">3<\/td>\n<td style=\"text-align: center;\">4.4<\/td>\n<td style=\"text-align: center;\">4<\/td>\n<td style=\"text-align: center;\">9<\/td>\n<td style=\"text-align: center;\">12<\/td>\n<td style=\"text-align: center;\">12<\/td>\n<\/tr>\n<tr style=\"height: 12.75pt;\">\n<td style=\"height: 12.75pt; text-align: center;\" height=\"17\">Derecelendirildi<\/td>\n<td style=\"text-align: center;\" colspan=\"2\">tcurrent(A)<\/td>\n<td style=\"text-align: center;\">\u00a0<\/td>\n<td style=\"text-align: center;\">20<\/td>\n<td style=\"text-align: center;\">20<\/td>\n<td style=\"text-align: center;\">25<\/td>\n<td style=\"text-align: center;\">40<\/td>\n<td style=\"text-align: center;\">40<\/td>\n<td style=\"text-align: center;\">60<\/td>\n<td style=\"text-align: center;\">80<\/td>\n<td style=\"text-align: center;\">80<\/td>\n<\/tr>\n<tr style=\"height: 12.75pt;\">\n<td style=\"height: 38.25pt; text-align: center;\" colspan=\"2\" rowspan=\"3\" height=\"51\">Faz3 sincap kafesli motorun AC3 kapasitesi AC3(KW)<\/td>\n<td style=\"text-align: center;\" colspan=\"2\">230(220)V<\/td>\n<td style=\"text-align: center;\">2.2<\/td>\n<td style=\"text-align: center;\">3<\/td>\n<td style=\"text-align: center;\">4<\/td>\n<td style=\"text-align: center;\">5<\/td>\n<td style=\"text-align: center;\">5.5<\/td>\n<td style=\"text-align: center;\">11<\/td>\n<td style=\"text-align: center;\">15<\/td>\n<td style=\"text-align: center;\">15<\/td>\n<\/tr>\n<tr style=\"height: 12.75pt;\">\n<td style=\"text-align: center;\" colspan=\"2\">400(380)V<\/td>\n<td style=\"text-align: center;\">4<\/td>\n<td style=\"text-align: center;\">5.5<\/td>\n<td style=\"text-align: center;\">6.5<\/td>\n<td style=\"text-align: center;\">11<\/td>\n<td style=\"text-align: center;\">10<\/td>\n<td style=\"text-align: center;\">18.5<\/td>\n<td style=\"text-align: center;\">22<\/td>\n<td style=\"text-align: center;\">22<\/td>\n<\/tr>\n<tr style=\"height: 12.75pt;\">\n<td style=\"text-align: center;\" colspan=\"2\">690(660)V<\/td>\n<td style=\"text-align: center;\">5.5<\/td>\n<td style=\"text-align: center;\">7.5<\/td>\n<td style=\"text-align: center;\">10<\/td>\n<td style=\"text-align: center;\">15<\/td>\n<td style=\"text-align: center;\">18.5<\/td>\n<td style=\"text-align: center;\">30<\/td>\n<td style=\"text-align: center;\">37<\/td>\n<td style=\"text-align: center;\">37<\/td>\n<\/tr>\n<tr style=\"height: 12.75pt;\">\n<td class=\"et3\" style=\"height: 12.75pt; width: 94.5pt; text-align: center;\" colspan=\"2\" width=\"126\" height=\"17\">Mekanik \u00f6m\u00fcrx100000<\/td>\n<td style=\"text-align: center;\" colspan=\"2\">\u00a0<\/td>\n<td style=\"text-align: center;\">1200<\/td>\n<td style=\"text-align: center;\">1200<\/td>\n<td style=\"text-align: center;\">1200<\/td>\n<td style=\"text-align: center;\">1200<\/td>\n<td style=\"text-align: center;\">1200<\/td>\n<td style=\"text-align: center;\">600<\/td>\n<td style=\"text-align: center;\">600<\/td>\n<td style=\"text-align: center;\">600<\/td>\n<\/tr>\n<tr style=\"height: 12.75pt;\">\n<td style=\"height: 25.5pt; text-align: center;\" colspan=\"2\" rowspan=\"2\" height=\"34\">Elektriksel \u00f6m\u00fcr x100000<\/td>\n<td style=\"text-align: center;\" colspan=\"2\">AC-3<\/td>\n<td style=\"text-align: center;\">100<\/td>\n<td style=\"text-align: center;\">100<\/td>\n<td style=\"text-align: center;\">100<\/td>\n<td style=\"text-align: center;\">100<\/td>\n<td style=\"text-align: center;\">80<\/td>\n<td style=\"text-align: center;\">80<\/td>\n<td style=\"text-align: center;\">60<\/td>\n<td style=\"text-align: center;\">60<\/td>\n<\/tr>\n<tr style=\"height: 12.75pt;\">\n<td style=\"text-align: center;\" colspan=\"2\">AC-4<\/td>\n<td style=\"text-align: center;\">20<\/td>\n<td style=\"text-align: center;\">20<\/td>\n<td style=\"text-align: center;\">20<\/td>\n<td style=\"text-align: center;\">20<\/td>\n<td style=\"text-align: center;\">20<\/td>\n<td style=\"text-align: center;\">15<\/td>\n<td style=\"text-align: center;\">15<\/td>\n<td style=\"text-align: center;\">15<\/td>\n<\/tr>\n<tr style=\"height: 12.75pt;\">\n<td style=\"height: 12.75pt; text-align: center;\" colspan=\"4\" height=\"17\">Ki\u015filerin say\u0131s\u0131<\/td>\n<td class=\"et4\" style=\"text-align: center;\" colspan=\"8\">3P+HAYIR+NC<\/td>\n<\/tr>\n<\/tbody>\n<\/table>\n<p>\u00a0<\/p>\n<p><strong>Boyut<\/strong><\/p>\n<p>\u00a0<\/p>\n\n\n<figure class=\"wp-block-image size-full is-resized\"><img fetchpriority=\"high\" decoding=\"async\" src=\"https:\/\/www.tosunlux.eu\/wp-content\/uploads\/2022\/05\/QQ\u622a\u56fe20220512144254.png\" alt=\"\" class=\"wp-image-2584\" width=\"577\" height=\"274\" srcset=\"https:\/\/www.tosunlux.eu\/wp-content\/uploads\/2022\/05\/QQ\u622a\u56fe20220512144254.png 733w, https:\/\/www.tosunlux.eu\/wp-content\/uploads\/2022\/05\/QQ\u622a\u56fe20220512144254-300x142.png 300w\" sizes=\"(max-width: 577px) 100vw, 577px\" \/><\/figure>\n\n\n\n<p><\/p>\n\n\n\n<p><\/p>\n\n\n\n<figure class=\"wp-block-image size-full\"><img decoding=\"async\" width=\"609\" height=\"75\" src=\"https:\/\/www.tosunlux.eu\/wp-content\/uploads\/2022\/05\/QQ\u622a\u56fe20220512144332.png\" alt=\"\" class=\"wp-image-2586\" srcset=\"https:\/\/www.tosunlux.eu\/wp-content\/uploads\/2022\/05\/QQ\u622a\u56fe20220512144332.png 609w, https:\/\/www.tosunlux.eu\/wp-content\/uploads\/2022\/05\/QQ\u622a\u56fe20220512144332-300x37.png 300w\" sizes=\"(max-width: 609px) 100vw, 609px\" \/><\/figure>","protected":false},"parent":0,"template":"","product_category":[35,89],"class_list":["post-2577","product","type-product","status-publish","hentry","product_category-industrial-control-devices","product_category-ac-contactor-accessory"],"yoast_head":"<!-- This site is optimized with the Yoast SEO plugin v27.4 - https:\/\/yoast.com\/product\/yoast-seo-wordpress\/ -->\n<title>WholesaleTSC7-D AC Contactor - TOSUNlux Official Site - Electrical Circuit Breaker Manufacturer in China Low Voltage Electrical Supplier | TOSUNlux<\/title>\n<meta name=\"description\" content=\"TSC7-D AC Contactor Supplier - Wholesale direct from TOSUNlux, a trusted manufacturer since 1994. Get your B2B factory quote on our certified Low Voltage electrical products.\" \/>\n<meta name=\"robots\" content=\"index, follow, max-snippet:-1, max-image-preview:large, max-video-preview:-1\" \/>\n<link rel=\"canonical\" href=\"https:\/\/www.tosunlux.eu\/tr\/products\/tsc7-d-ac-contactor\/\" \/>\n<meta property=\"og:locale\" content=\"tr_TR\" \/>\n<meta property=\"og:type\" content=\"article\" \/>\n<meta property=\"og:title\" content=\"WholesaleTSC7-D AC Contactor - TOSUNlux Official Site - Electrical Circuit Breaker Manufacturer in China Low Voltage Electrical Supplier | TOSUNlux\" \/>\n<meta property=\"og:description\" content=\"TSC7-D AC Contactor Supplier - Wholesale direct from TOSUNlux, a trusted manufacturer since 1994. Get your B2B factory quote on our certified Low Voltage electrical products.\" \/>\n<meta property=\"og:url\" content=\"https:\/\/www.tosunlux.eu\/tr\/products\/tsc7-d-ac-contactor\/\" \/>\n<meta property=\"og:site_name\" content=\"TOSUNlux Official Site - Electrical Circuit Breaker Manufacturer in China\" \/>\n<meta property=\"article:publisher\" content=\"https:\/\/www.facebook.com\/TOSUNelectric\/\" \/>\n<meta property=\"article:modified_time\" content=\"2023-09-13T01:25:04+00:00\" \/>\n<meta property=\"og:image\" content=\"https:\/\/www.tosunlux.eu\/wp-content\/uploads\/2023\/04\/DSC08160_\u526f\u672c.jpg\" \/>\n\t<meta property=\"og:image:width\" content=\"1500\" \/>\n\t<meta property=\"og:image:height\" content=\"940\" \/>\n\t<meta property=\"og:image:type\" content=\"image\/jpeg\" \/>\n<meta name=\"twitter:card\" content=\"summary_large_image\" \/>\n<meta name=\"twitter:label1\" content=\"Tahmini okuma s\u00fcresi\" \/>\n\t<meta name=\"twitter:data1\" content=\"2 dakika\" \/>\n<script type=\"application\/ld+json\" class=\"yoast-schema-graph\">{\"@context\":\"https:\\\/\\\/schema.org\",\"@graph\":[{\"@type\":\"WebPage\",\"@id\":\"https:\\\/\\\/www.tosunlux.eu\\\/tr\\\/products\\\/tsc7-d-ac-contactor\\\/\",\"url\":\"https:\\\/\\\/www.tosunlux.eu\\\/tr\\\/products\\\/tsc7-d-ac-contactor\\\/\",\"name\":\"WholesaleTSC7-D AC Contactor - TOSUNlux Official Site - Electrical Circuit Breaker Manufacturer in China Low Voltage Electrical Supplier | TOSUNlux\",\"isPartOf\":{\"@id\":\"https:\\\/\\\/www.tosunlux.eu\\\/ru\\\/#website\"},\"datePublished\":\"2022-05-12T06:45:26+00:00\",\"dateModified\":\"2023-09-13T01:25:04+00:00\",\"description\":\"TSC7-D AC Contactor Supplier - Wholesale direct from TOSUNlux, a trusted manufacturer since 1994. Get your B2B factory quote on our certified Low Voltage electrical products.\",\"breadcrumb\":{\"@id\":\"https:\\\/\\\/www.tosunlux.eu\\\/tr\\\/products\\\/tsc7-d-ac-contactor\\\/#breadcrumb\"},\"inLanguage\":\"tr\",\"potentialAction\":[{\"@type\":\"ReadAction\",\"target\":[\"https:\\\/\\\/www.tosunlux.eu\\\/tr\\\/products\\\/tsc7-d-ac-contactor\\\/\"]}]},{\"@type\":\"BreadcrumbList\",\"@id\":\"https:\\\/\\\/www.tosunlux.eu\\\/tr\\\/products\\\/tsc7-d-ac-contactor\\\/#breadcrumb\",\"itemListElement\":[{\"@type\":\"ListItem\",\"position\":1,\"name\":\"Home\",\"item\":\"https:\\\/\\\/www.tosunlux.eu\\\/ru\\\/\"},{\"@type\":\"ListItem\",\"position\":2,\"name\":\"Products\",\"item\":\"https:\\\/\\\/www.tosunlux.eu\\\/products\\\/\"},{\"@type\":\"ListItem\",\"position\":3,\"name\":\"TSC7-D AC Contactor\"}]},{\"@type\":\"WebSite\",\"@id\":\"https:\\\/\\\/www.tosunlux.eu\\\/ru\\\/#website\",\"url\":\"https:\\\/\\\/www.tosunlux.eu\\\/ru\\\/\",\"name\":\"TOSUNlux Official Site - Electrical Circuit Breaker Manufacturer in China\",\"description\":\"Power Distribution System Supplier\",\"publisher\":{\"@id\":\"https:\\\/\\\/www.tosunlux.eu\\\/ru\\\/#organization\"},\"alternateName\":\"TOSUNlux\",\"potentialAction\":[{\"@type\":\"SearchAction\",\"target\":{\"@type\":\"EntryPoint\",\"urlTemplate\":\"https:\\\/\\\/www.tosunlux.eu\\\/ru\\\/?s={search_term_string}\"},\"query-input\":{\"@type\":\"PropertyValueSpecification\",\"valueRequired\":true,\"valueName\":\"search_term_string\"}}],\"inLanguage\":\"tr\"},{\"@type\":\"Organization\",\"@id\":\"https:\\\/\\\/www.tosunlux.eu\\\/ru\\\/#organization\",\"name\":\"TOSUNlux\",\"url\":\"https:\\\/\\\/www.tosunlux.eu\\\/ru\\\/\",\"logo\":{\"@type\":\"ImageObject\",\"inLanguage\":\"tr\",\"@id\":\"https:\\\/\\\/www.tosunlux.eu\\\/ru\\\/#\\\/schema\\\/logo\\\/image\\\/\",\"url\":\"https:\\\/\\\/www.tosunlux.eu\\\/wp-content\\\/uploads\\\/2022\\\/01\\\/LOGOSYSM.71762f1.png\",\"contentUrl\":\"https:\\\/\\\/www.tosunlux.eu\\\/wp-content\\\/uploads\\\/2022\\\/01\\\/LOGOSYSM.71762f1.png\",\"width\":153,\"height\":55,\"caption\":\"TOSUNlux\"},\"image\":{\"@id\":\"https:\\\/\\\/www.tosunlux.eu\\\/ru\\\/#\\\/schema\\\/logo\\\/image\\\/\"},\"sameAs\":[\"https:\\\/\\\/www.facebook.com\\\/TOSUNelectric\\\/\",\"https:\\\/\\\/www.linkedin.com\\\/company\\\/wenzhou-tosun-electric-co.-ltd\\\/\"]}]}<\/script>\n<!-- \/ Yoast SEO plugin. -->","yoast_head_json":{"title":"Toptan TSC7-D AC Kontakt\u00f6r - TOSUNlux Resmi Sitesi - \u00c7in&#039;de Elektrik Sigortas\u0131 \u00dcreticisi ve D\u00fc\u015f\u00fck Voltajl\u0131 Elektrik Tedarik\u00e7isi | TOSUNlux","description":"TSC7-D AC Kontakt\u00f6r Tedarik\u00e7isi - 1994&#039;ten beri g\u00fcvenilir bir \u00fcretici olan TOSUNlux&#039;tan do\u011frudan toptan sat\u0131\u015f. Sertifikal\u0131 D\u00fc\u015f\u00fck Gerilim elektrik \u00fcr\u00fcnlerimiz i\u00e7in B2B fabrika fiyat teklifinizi al\u0131n.","robots":{"index":"index","follow":"follow","max-snippet":"max-snippet:-1","max-image-preview":"max-image-preview:large","max-video-preview":"max-video-preview:-1"},"canonical":"https:\/\/www.tosunlux.eu\/tr\/products\/tsc7-d-ac-contactor\/","og_locale":"tr_TR","og_type":"article","og_title":"WholesaleTSC7-D AC Contactor - TOSUNlux Official Site - Electrical Circuit Breaker Manufacturer in China Low Voltage Electrical Supplier | TOSUNlux","og_description":"TSC7-D AC Contactor Supplier - Wholesale direct from TOSUNlux, a trusted manufacturer since 1994. Get your B2B factory quote on our certified Low Voltage electrical products.","og_url":"https:\/\/www.tosunlux.eu\/tr\/products\/tsc7-d-ac-contactor\/","og_site_name":"TOSUNlux Official Site - Electrical Circuit Breaker Manufacturer in China","article_publisher":"https:\/\/www.facebook.com\/TOSUNelectric\/","article_modified_time":"2023-09-13T01:25:04+00:00","og_image":[{"width":1500,"height":940,"url":"https:\/\/www.tosunlux.eu\/wp-content\/uploads\/2023\/04\/DSC08160_\u526f\u672c.jpg","type":"image\/jpeg"}],"twitter_card":"summary_large_image","twitter_misc":{"Tahmini okuma s\u00fcresi":"2 dakika"},"schema":{"@context":"https:\/\/schema.org","@graph":[{"@type":"WebPage","@id":"https:\/\/www.tosunlux.eu\/tr\/products\/tsc7-d-ac-contactor\/","url":"https:\/\/www.tosunlux.eu\/tr\/products\/tsc7-d-ac-contactor\/","name":"Toptan TSC7-D AC Kontakt\u00f6r - TOSUNlux Resmi Sitesi - \u00c7in&#039;de Elektrik Sigortas\u0131 \u00dcreticisi ve D\u00fc\u015f\u00fck Voltajl\u0131 Elektrik Tedarik\u00e7isi | TOSUNlux","isPartOf":{"@id":"https:\/\/www.tosunlux.eu\/ru\/#website"},"datePublished":"2022-05-12T06:45:26+00:00","dateModified":"2023-09-13T01:25:04+00:00","description":"TSC7-D AC Kontakt\u00f6r Tedarik\u00e7isi - 1994&#039;ten beri g\u00fcvenilir bir \u00fcretici olan TOSUNlux&#039;tan do\u011frudan toptan sat\u0131\u015f. Sertifikal\u0131 D\u00fc\u015f\u00fck Gerilim elektrik \u00fcr\u00fcnlerimiz i\u00e7in B2B fabrika fiyat teklifinizi al\u0131n.","breadcrumb":{"@id":"https:\/\/www.tosunlux.eu\/tr\/products\/tsc7-d-ac-contactor\/#breadcrumb"},"inLanguage":"tr","potentialAction":[{"@type":"ReadAction","target":["https:\/\/www.tosunlux.eu\/tr\/products\/tsc7-d-ac-contactor\/"]}]},{"@type":"BreadcrumbList","@id":"https:\/\/www.tosunlux.eu\/tr\/products\/tsc7-d-ac-contactor\/#breadcrumb","itemListElement":[{"@type":"ListItem","position":1,"name":"Home","item":"https:\/\/www.tosunlux.eu\/ru\/"},{"@type":"ListItem","position":2,"name":"Products","item":"https:\/\/www.tosunlux.eu\/products\/"},{"@type":"ListItem","position":3,"name":"TSC7-D AC Contactor"}]},{"@type":"WebSite","@id":"https:\/\/www.tosunlux.eu\/ru\/#website","url":"https:\/\/www.tosunlux.eu\/ru\/","name":"TOSUNlux Resmi Sitesi - \u00c7in&#039;de Elektrik Sigortas\u0131 \u00dcreticisi","description":"G\u00fc\u00e7 Da\u011f\u0131t\u0131m Sistemi Tedarik\u00e7isi","publisher":{"@id":"https:\/\/www.tosunlux.eu\/ru\/#organization"},"alternateName":"TOSUNlux","potentialAction":[{"@type":"SearchAction","target":{"@type":"EntryPoint","urlTemplate":"https:\/\/www.tosunlux.eu\/ru\/?s={search_term_string}"},"query-input":{"@type":"PropertyValueSpecification","valueRequired":true,"valueName":"search_term_string"}}],"inLanguage":"tr"},{"@type":"Organization","@id":"https:\/\/www.tosunlux.eu\/ru\/#organization","name":"TOSUNlux","url":"https:\/\/www.tosunlux.eu\/ru\/","logo":{"@type":"ImageObject","inLanguage":"tr","@id":"https:\/\/www.tosunlux.eu\/ru\/#\/schema\/logo\/image\/","url":"https:\/\/www.tosunlux.eu\/wp-content\/uploads\/2022\/01\/LOGOSYSM.71762f1.png","contentUrl":"https:\/\/www.tosunlux.eu\/wp-content\/uploads\/2022\/01\/LOGOSYSM.71762f1.png","width":153,"height":55,"caption":"TOSUNlux"},"image":{"@id":"https:\/\/www.tosunlux.eu\/ru\/#\/schema\/logo\/image\/"},"sameAs":["https:\/\/www.facebook.com\/TOSUNelectric\/","https:\/\/www.linkedin.com\/company\/wenzhou-tosun-electric-co.-ltd\/"]}]}},"_links":{"self":[{"href":"https:\/\/www.tosunlux.eu\/tr\/wp-json\/wp\/v2\/product\/2577","targetHints":{"allow":["GET"]}}],"collection":[{"href":"https:\/\/www.tosunlux.eu\/tr\/wp-json\/wp\/v2\/product"}],"about":[{"href":"https:\/\/www.tosunlux.eu\/tr\/wp-json\/wp\/v2\/types\/product"}],"version-history":[{"count":2,"href":"https:\/\/www.tosunlux.eu\/tr\/wp-json\/wp\/v2\/product\/2577\/revisions"}],"predecessor-version":[{"id":8081,"href":"https:\/\/www.tosunlux.eu\/tr\/wp-json\/wp\/v2\/product\/2577\/revisions\/8081"}],"wp:attachment":[{"href":"https:\/\/www.tosunlux.eu\/tr\/wp-json\/wp\/v2\/media?parent=2577"}],"wp:term":[{"taxonomy":"product_category","embeddable":true,"href":"https:\/\/www.tosunlux.eu\/tr\/wp-json\/wp\/v2\/product_category?post=2577"}],"curies":[{"name":"wp","href":"https:\/\/api.w.org\/{rel}","templated":true}]}}