{"id":2635,"date":"2022-05-12T16:51:11","date_gmt":"2022-05-12T08:51:11","guid":{"rendered":"https:\/\/www.tosunlux.eu\/?post_type=product&#038;p=2635"},"modified":"2024-03-27T15:39:49","modified_gmt":"2024-03-27T07:39:49","slug":"tsr2-d-thermal-overload-relay","status":"publish","type":"product","link":"https:\/\/www.tosunlux.eu\/tr\/products\/tsr2-d-thermal-overload-relay\/","title":{"rendered":"TSR2-D Termal A\u015f\u0131r\u0131 Y\u00fck R\u00f6lesi"},"content":{"rendered":"<p><strong>Ba\u015fvuru<\/strong><\/p>\n\n\n\n<p><\/p>\n\n\n\n<p>Bu termal a\u015f\u0131r\u0131 y\u00fck r\u00f6lesi serisi 50Hz veya 60Hz devrelerinde kullan\u0131labilir, nominal<br>faz kesintisini korumak i\u00e7in yal\u0131t\u0131m gerilimi 660V, nominal ak\u0131m 0,1-93A<br>elektrik motoru a\u015f\u0131r\u0131 y\u00fcklendi.<br>R\u00f6le farkl\u0131 bir mekanizmaya ve s\u0131cakl\u0131k kompanzasyonuna sahiptir ve TSC-D veya TSC1-D serisi AC kontakt\u00f6re tak\u0131labilir. D\u00fcnyadaki doksanl\u0131 y\u0131llar\u0131n en geli\u015fmi\u015f termal r\u00f6lesidir. \u00dcr\u00fcnler IEC 60947-5 ile uyumludur.<\/p>\n\n\n\n<p><\/p>\n\n\n\n<p><strong>\u00d6zellikler<\/strong><\/p>\n\n\n\n<p><\/p>\n\n\n\n<p>a. Ana devrenin temel parametresi<br>(a). Nominal yal\u0131t\u0131m gerilimi 660V.<br>(b). Ayr\u0131 ayr\u0131 25,36,93A nominal \u00e7al\u0131\u015fma ak\u0131m\u0131.<br>(c). Nominal ayar ak\u0131m\u0131n\u0131n reg\u00fclat\u00f6r contas\u0131.<br>(d). Termal bile\u015fenlerin ak\u0131m\u0131 (bkz. liste 1)<br>b. Yard\u0131mc\u0131 Devre<br>(a). Elektrik yal\u0131t\u0131m\u0131 olan bir \u00e7ift N\/O ve N\/C konta\u011f\u0131 vard\u0131r.<br>(b). Nominal yal\u0131t\u0131m gerilimi 500V.<br>(c). Nominal frekans 50-60Hz.<br>(d). Kullan\u0131m grubunu, nominal \u00e7al\u0131\u015fma voltaj\u0131n\u0131, termal ak\u0131m\u0131 ve nominal ak\u0131m\u0131 belirleyin.<\/p>\n\n\n\n<p><\/p>\n\n\n\n<p><strong>\u015eartname<\/strong><\/p>\n\n\n\n<p><\/p>\n\n\n\n<p><\/p>\n\n\n<table style=\"border-collapse: collapse; width: 770px; height: 1189px;\" border=\"0\" width=\"256\" cellspacing=\"0\" cellpadding=\"0\">\n<tbody>\n<tr style=\"height: 38.25pt;\">\n<td class=\"et1\" style=\"height: 114.75pt; width: 48.00pt;\" rowspan=\"2\" width=\"64\" height=\"153\">\u00d6rnek<\/td>\n<td class=\"et1\" style=\"width: 96.00pt;\" colspan=\"2\" rowspan=\"2\" width=\"128\">Anma \u00e7al\u0131\u015fma ak\u0131m\u0131<\/td>\n<td class=\"et1\" style=\"width: 48.00pt;\" width=\"64\">Termal bile\u015fen<\/td>\n<\/tr>\n<tr style=\"height: 76.50pt;\">\n<td class=\"et1\" style=\"width: 48.00pt;\" width=\"64\">Anma ak\u0131m\u0131 D\u00fczenli veya \u00f6l\u00e7ekli<br>(A) anma ak\u0131m\u0131 (A)<\/td>\n<\/tr>\n<tr style=\"height: 25.50pt;\">\n<td class=\"et1\" style=\"height: 357pt; width: 48pt; text-align: center;\" rowspan=\"14\" width=\"64\" height=\"476\">TSR2-D13<\/td>\n<td class=\"et1\" style=\"width: 48pt; text-align: center;\" rowspan=\"14\" width=\"64\">25A<\/td>\n<td class=\"et1\" style=\"width: 48pt; text-align: center;\" width=\"64\">1301<\/td>\n<td class=\"et1\" style=\"width: 48pt; text-align: center;\" width=\"64\">0.16 0.10-0.16<\/td>\n<\/tr>\n<tr style=\"height: 25.50pt;\">\n<td class=\"et1\" style=\"width: 48pt; text-align: center;\" width=\"64\">1302<\/td>\n<td class=\"et1\" style=\"width: 48pt; text-align: center;\" width=\"64\">0.25 0.16-0.25<\/td>\n<\/tr>\n<tr style=\"height: 25.50pt;\">\n<td class=\"et1\" style=\"width: 48pt; text-align: center;\" width=\"64\">1303<\/td>\n<td class=\"et1\" style=\"width: 48pt; text-align: center;\" width=\"64\">0.40 0.25-0.40<\/td>\n<\/tr>\n<tr style=\"height: 25.50pt;\">\n<td class=\"et1\" style=\"width: 48pt; text-align: center;\" width=\"64\">1304<\/td>\n<td class=\"et1\" style=\"width: 48pt; text-align: center;\" width=\"64\">0.63 0.40-0.63<\/td>\n<\/tr>\n<tr style=\"height: 25.50pt;\">\n<td class=\"et1\" style=\"width: 48pt; text-align: center;\" width=\"64\">1305<\/td>\n<td class=\"et1\" style=\"width: 48pt; text-align: center;\" width=\"64\">1.0 0.63-1.0<\/td>\n<\/tr>\n<tr style=\"height: 25.50pt;\">\n<td class=\"et1\" style=\"width: 48pt; text-align: center;\" width=\"64\">1306<\/td>\n<td class=\"et1\" style=\"width: 48pt; text-align: center;\" width=\"64\">1.6 1.0-1.6<\/td>\n<\/tr>\n<tr style=\"height: 25.50pt;\">\n<td class=\"et1\" style=\"width: 48pt; text-align: center;\" width=\"64\">1307<\/td>\n<td class=\"et1\" style=\"width: 48pt; text-align: center;\" width=\"64\">2.5 1.6-2.5<\/td>\n<\/tr>\n<tr style=\"height: 25.50pt;\">\n<td class=\"et1\" style=\"width: 48pt; text-align: center;\" width=\"64\">1308<\/td>\n<td class=\"et1\" style=\"width: 48pt; text-align: center;\" width=\"64\">4.0 2.5-4.0<\/td>\n<\/tr>\n<tr style=\"height: 25.50pt;\">\n<td class=\"et1\" style=\"width: 48pt; text-align: center;\" width=\"64\">1310<\/td>\n<td class=\"et1\" style=\"width: 48pt; text-align: center;\" width=\"64\">6.0 4.0-6.0<\/td>\n<\/tr>\n<tr style=\"height: 25.50pt;\">\n<td class=\"et1\" style=\"width: 48pt; text-align: center;\" width=\"64\">1312<\/td>\n<td class=\"et1\" style=\"width: 48pt; text-align: center;\" width=\"64\">8.0 5.5-8.0<\/td>\n<\/tr>\n<tr style=\"height: 25.50pt;\">\n<td class=\"et1\" style=\"width: 48pt; text-align: center;\" width=\"64\">1314<\/td>\n<td class=\"et1\" style=\"width: 48pt; text-align: center;\" width=\"64\">10.0 7.0-10.0<\/td>\n<\/tr>\n<tr style=\"height: 25.50pt;\">\n<td class=\"et1\" style=\"width: 48pt; text-align: center;\" width=\"64\">1316<\/td>\n<td class=\"et1\" style=\"width: 48pt; text-align: center;\" width=\"64\">13.0 9.0-13.0<\/td>\n<\/tr>\n<tr style=\"height: 25.50pt;\">\n<td class=\"et1\" style=\"width: 48pt; text-align: center;\" width=\"64\">1321<\/td>\n<td class=\"et1\" style=\"width: 48pt; text-align: center;\" width=\"64\">18.0 12.0-18.0<\/td>\n<\/tr>\n<tr style=\"height: 25.50pt;\">\n<td class=\"et1\" style=\"width: 48pt; text-align: center;\" width=\"64\">1322<\/td>\n<td class=\"et1\" style=\"width: 48pt; text-align: center;\" width=\"64\">25.0 17.0-25.0<\/td>\n<\/tr>\n<tr style=\"height: 25.50pt;\">\n<td class=\"et1\" style=\"height: 51pt; width: 48pt; text-align: center;\" rowspan=\"2\" width=\"64\" height=\"68\">TSR2-D23<\/td>\n<td class=\"et1\" style=\"width: 48pt; text-align: center;\" rowspan=\"2\" width=\"64\">36A<\/td>\n<td class=\"et1\" style=\"width: 48pt; text-align: center;\" width=\"64\">TSR2-D 2353<\/td>\n<td class=\"et1\" style=\"width: 48pt; text-align: center;\" width=\"64\">32 23.0-32.0<\/td>\n<\/tr>\n<tr style=\"height: 25.50pt;\">\n<td class=\"et1\" style=\"width: 48pt; text-align: center;\" width=\"64\">2355<\/td>\n<td class=\"et1\" style=\"width: 48pt; text-align: center;\" width=\"64\">36 28.0-36.0<\/td>\n<\/tr>\n<tr style=\"height: 25.50pt;\">\n<td class=\"et1\" style=\"height: 178.5pt; width: 48pt; text-align: center;\" rowspan=\"7\" width=\"64\" height=\"238\">TSR2-D33<\/td>\n<td class=\"et1\" style=\"width: 48pt; text-align: center;\" rowspan=\"7\" width=\"64\">93A<\/td>\n<td class=\"et1\" style=\"width: 48pt; text-align: center;\" width=\"64\">TSR2-D3353<\/td>\n<td class=\"et1\" style=\"width: 48pt; text-align: center;\" width=\"64\">32 23.0-32.0<\/td>\n<\/tr>\n<tr style=\"height: 25.50pt;\">\n<td class=\"et1\" style=\"width: 48pt; text-align: center;\" width=\"64\">3355<\/td>\n<td class=\"et1\" style=\"width: 48pt; text-align: center;\" width=\"64\">40 30.0-40.0<\/td>\n<\/tr>\n<tr style=\"height: 25.50pt;\">\n<td class=\"et1\" style=\"width: 48pt; text-align: center;\" width=\"64\">3357<\/td>\n<td class=\"et1\" style=\"width: 48pt; text-align: center;\" width=\"64\">50 37.0-50.0<\/td>\n<\/tr>\n<tr style=\"height: 25.50pt;\">\n<td class=\"et1\" style=\"width: 48pt; text-align: center;\" width=\"64\">3359<\/td>\n<td class=\"et1\" style=\"width: 48pt; text-align: center;\" width=\"64\">65 48.0-65.0<\/td>\n<\/tr>\n<tr style=\"height: 25.50pt;\">\n<td class=\"et1\" style=\"width: 48pt; text-align: center;\" width=\"64\">3361<\/td>\n<td class=\"et1\" style=\"width: 48pt; text-align: center;\" width=\"64\">70 55.0-70.0<\/td>\n<\/tr>\n<tr style=\"height: 25.50pt;\">\n<td class=\"et1\" style=\"width: 48pt; text-align: center;\" width=\"64\">3363<\/td>\n<td class=\"et1\" style=\"width: 48pt; text-align: center;\" width=\"64\">80 63.0-80.0<\/td>\n<\/tr>\n<tr style=\"height: 25.50pt;\">\n<td class=\"et1\" style=\"width: 48pt; text-align: center;\" width=\"64\">3365<\/td>\n<td class=\"et1\" style=\"width: 48pt; text-align: center;\" width=\"64\">93 80.0-93.0<\/td>\n<\/tr>\n<\/tbody>\n<\/table>\n<p><strong>Boyut<\/strong><\/p>\n<p><\/p>\n\n\n<figure class=\"wp-block-image size-full is-resized\"><img fetchpriority=\"high\" decoding=\"async\" src=\"https:\/\/www.tosunlux.eu\/wp-content\/uploads\/2022\/05\/QQ\u622a\u56fe20220512165054.png\" alt=\"\" class=\"wp-image-2638\" width=\"492\" height=\"502\" srcset=\"https:\/\/www.tosunlux.eu\/wp-content\/uploads\/2022\/05\/QQ\u622a\u56fe20220512165054.png 474w, https:\/\/www.tosunlux.eu\/wp-content\/uploads\/2022\/05\/QQ\u622a\u56fe20220512165054-294x300.png 294w\" sizes=\"(max-width: 492px) 100vw, 492px\" \/><\/figure>\n\n\n\n<figure class=\"wp-block-image size-large is-resized\"><img decoding=\"async\" src=\"https:\/\/www.tosunlux.eu\/wp-content\/uploads\/2023\/09\/intertek-1024x348.jpg\" alt=\"\" class=\"wp-image-8091\" width=\"256\" height=\"87\" srcset=\"https:\/\/www.tosunlux.eu\/wp-content\/uploads\/2023\/09\/intertek-1024x348.jpg 1024w, https:\/\/www.tosunlux.eu\/wp-content\/uploads\/2023\/09\/intertek-300x102.jpg 300w, https:\/\/www.tosunlux.eu\/wp-content\/uploads\/2023\/09\/intertek-768x261.jpg 768w, https:\/\/www.tosunlux.eu\/wp-content\/uploads\/2023\/09\/intertek-1536x521.jpg 1536w, https:\/\/www.tosunlux.eu\/wp-content\/uploads\/2023\/09\/intertek-18x6.jpg 18w, https:\/\/www.tosunlux.eu\/wp-content\/uploads\/2023\/09\/intertek.jpg 1600w\" sizes=\"(max-width: 256px) 100vw, 256px\" \/><\/figure>","protected":false},"parent":0,"template":"","product_category":[35,90],"class_list":["post-2635","product","type-product","status-publish","hentry","product_category-industrial-control-devices","product_category-thermal-overload-relay"],"yoast_head":"<!-- This site is optimized with the Yoast SEO plugin v27.5 - https:\/\/yoast.com\/product\/yoast-seo-wordpress\/ -->\n<title>WholesaleTSR2-D Thermal Overload Relay - TOSUNlux Official Site - Electrical Circuit Breaker Manufacturer in China Low Voltage Electrical Supplier | TOSUNlux<\/title>\n<meta name=\"description\" content=\"TSR2-D Thermal Overload Relay Supplier - Wholesale direct from TOSUNlux, a trusted manufacturer since 1994. Get your B2B factory quote on our certified Low Voltage electrical products.\" \/>\n<meta name=\"robots\" content=\"index, follow, max-snippet:-1, max-image-preview:large, max-video-preview:-1\" \/>\n<link rel=\"canonical\" href=\"https:\/\/www.tosunlux.eu\/tr\/products\/tsr2-d-thermal-overload-relay\/\" \/>\n<meta property=\"og:locale\" content=\"tr_TR\" \/>\n<meta property=\"og:type\" content=\"article\" \/>\n<meta property=\"og:title\" content=\"WholesaleTSR2-D Thermal Overload Relay - TOSUNlux Official Site - Electrical Circuit Breaker Manufacturer in China Low Voltage Electrical Supplier | TOSUNlux\" \/>\n<meta property=\"og:description\" content=\"TSR2-D Thermal Overload Relay Supplier - Wholesale direct from TOSUNlux, a trusted manufacturer since 1994. Get your B2B factory quote on our certified Low Voltage electrical products.\" \/>\n<meta property=\"og:url\" content=\"https:\/\/www.tosunlux.eu\/tr\/products\/tsr2-d-thermal-overload-relay\/\" \/>\n<meta property=\"og:site_name\" content=\"TOSUNlux Official Site - Electrical Circuit Breaker Manufacturer in China\" \/>\n<meta property=\"article:publisher\" content=\"https:\/\/www.facebook.com\/TOSUNelectric\/\" \/>\n<meta property=\"article:modified_time\" content=\"2024-03-27T07:39:49+00:00\" \/>\n<meta property=\"og:image\" content=\"https:\/\/www.tosunlux.eu\/wp-content\/uploads\/2023\/09\/intertek-1024x348.jpg\" \/>\n<meta name=\"twitter:card\" content=\"summary_large_image\" \/>\n<meta name=\"twitter:label1\" content=\"Tahmini okuma s\u00fcresi\" \/>\n\t<meta name=\"twitter:data1\" content=\"2 dakika\" \/>\n<script type=\"application\/ld+json\" class=\"yoast-schema-graph\">{\"@context\":\"https:\\\/\\\/schema.org\",\"@graph\":[{\"@type\":\"WebPage\",\"@id\":\"https:\\\/\\\/www.tosunlux.eu\\\/ar\\\/products\\\/tsr2-d-thermal-overload-relay\\\/\",\"url\":\"https:\\\/\\\/www.tosunlux.eu\\\/ar\\\/products\\\/tsr2-d-thermal-overload-relay\\\/\",\"name\":\"WholesaleTSR2-D Thermal Overload Relay - TOSUNlux Official Site - Electrical Circuit Breaker Manufacturer in China Low Voltage Electrical Supplier | TOSUNlux\",\"isPartOf\":{\"@id\":\"https:\\\/\\\/www.tosunlux.eu\\\/ru\\\/#website\"},\"primaryImageOfPage\":{\"@id\":\"https:\\\/\\\/www.tosunlux.eu\\\/ar\\\/products\\\/tsr2-d-thermal-overload-relay\\\/#primaryimage\"},\"image\":{\"@id\":\"https:\\\/\\\/www.tosunlux.eu\\\/ar\\\/products\\\/tsr2-d-thermal-overload-relay\\\/#primaryimage\"},\"thumbnailUrl\":\"https:\\\/\\\/www.tosunlux.eu\\\/wp-content\\\/uploads\\\/2023\\\/09\\\/intertek-1024x348.jpg\",\"datePublished\":\"2022-05-12T08:51:11+00:00\",\"dateModified\":\"2024-03-27T07:39:49+00:00\",\"description\":\"TSR2-D Thermal Overload Relay Supplier - Wholesale direct from TOSUNlux, a trusted manufacturer since 1994. Get your B2B factory quote on our certified Low Voltage electrical products.\",\"breadcrumb\":{\"@id\":\"https:\\\/\\\/www.tosunlux.eu\\\/ar\\\/products\\\/tsr2-d-thermal-overload-relay\\\/#breadcrumb\"},\"inLanguage\":\"tr\",\"potentialAction\":[{\"@type\":\"ReadAction\",\"target\":[\"https:\\\/\\\/www.tosunlux.eu\\\/ar\\\/products\\\/tsr2-d-thermal-overload-relay\\\/\"]}]},{\"@type\":\"ImageObject\",\"inLanguage\":\"tr\",\"@id\":\"https:\\\/\\\/www.tosunlux.eu\\\/ar\\\/products\\\/tsr2-d-thermal-overload-relay\\\/#primaryimage\",\"url\":\"https:\\\/\\\/www.tosunlux.eu\\\/wp-content\\\/uploads\\\/2023\\\/09\\\/intertek-1024x348.jpg\",\"contentUrl\":\"https:\\\/\\\/www.tosunlux.eu\\\/wp-content\\\/uploads\\\/2023\\\/09\\\/intertek-1024x348.jpg\"},{\"@type\":\"BreadcrumbList\",\"@id\":\"https:\\\/\\\/www.tosunlux.eu\\\/ar\\\/products\\\/tsr2-d-thermal-overload-relay\\\/#breadcrumb\",\"itemListElement\":[{\"@type\":\"ListItem\",\"position\":1,\"name\":\"Home\",\"item\":\"https:\\\/\\\/www.tosunlux.eu\\\/ru\\\/\"},{\"@type\":\"ListItem\",\"position\":2,\"name\":\"Products\",\"item\":\"https:\\\/\\\/www.tosunlux.eu\\\/products\\\/\"},{\"@type\":\"ListItem\",\"position\":3,\"name\":\"TSR2-D Thermal Overload Relay\"}]},{\"@type\":\"WebSite\",\"@id\":\"https:\\\/\\\/www.tosunlux.eu\\\/ru\\\/#website\",\"url\":\"https:\\\/\\\/www.tosunlux.eu\\\/ru\\\/\",\"name\":\"TOSUNlux Official Site - Electrical Circuit Breaker Manufacturer in China\",\"description\":\"Power Distribution System Supplier\",\"publisher\":{\"@id\":\"https:\\\/\\\/www.tosunlux.eu\\\/ru\\\/#organization\"},\"alternateName\":\"TOSUNlux\",\"potentialAction\":[{\"@type\":\"SearchAction\",\"target\":{\"@type\":\"EntryPoint\",\"urlTemplate\":\"https:\\\/\\\/www.tosunlux.eu\\\/ru\\\/?s={search_term_string}\"},\"query-input\":{\"@type\":\"PropertyValueSpecification\",\"valueRequired\":true,\"valueName\":\"search_term_string\"}}],\"inLanguage\":\"tr\"},{\"@type\":\"Organization\",\"@id\":\"https:\\\/\\\/www.tosunlux.eu\\\/ru\\\/#organization\",\"name\":\"TOSUNlux\",\"url\":\"https:\\\/\\\/www.tosunlux.eu\\\/ru\\\/\",\"logo\":{\"@type\":\"ImageObject\",\"inLanguage\":\"tr\",\"@id\":\"https:\\\/\\\/www.tosunlux.eu\\\/ru\\\/#\\\/schema\\\/logo\\\/image\\\/\",\"url\":\"https:\\\/\\\/www.tosunlux.eu\\\/wp-content\\\/uploads\\\/2022\\\/01\\\/LOGOSYSM.71762f1.png\",\"contentUrl\":\"https:\\\/\\\/www.tosunlux.eu\\\/wp-content\\\/uploads\\\/2022\\\/01\\\/LOGOSYSM.71762f1.png\",\"width\":153,\"height\":55,\"caption\":\"TOSUNlux\"},\"image\":{\"@id\":\"https:\\\/\\\/www.tosunlux.eu\\\/ru\\\/#\\\/schema\\\/logo\\\/image\\\/\"},\"sameAs\":[\"https:\\\/\\\/www.facebook.com\\\/TOSUNelectric\\\/\",\"https:\\\/\\\/www.linkedin.com\\\/company\\\/wenzhou-tosun-electric-co.-ltd\\\/\"]}]}<\/script>\n<!-- \/ Yoast SEO plugin. -->","yoast_head_json":{"title":"Toptan TSR2-D Termal A\u015f\u0131r\u0131 Y\u00fck R\u00f6lesi - TOSUNlux Resmi Sitesi - \u00c7in&#039;de Elektrik Devre Kesici \u00dcreticisi, D\u00fc\u015f\u00fck Voltajl\u0131 Elektrik Tedarik\u00e7isi | TOSUNlux","description":"TSR2-D Termal A\u015f\u0131r\u0131 Y\u00fck R\u00f6lesi Tedarik\u00e7isi - 1994&#039;ten beri g\u00fcvenilir bir \u00fcretici olan TOSUNlux&#039;tan do\u011frudan toptan sat\u0131\u015f. Sertifikal\u0131 D\u00fc\u015f\u00fck Voltajl\u0131 elektrik \u00fcr\u00fcnlerimiz i\u00e7in B2B fabrika fiyat teklifinizi al\u0131n.","robots":{"index":"index","follow":"follow","max-snippet":"max-snippet:-1","max-image-preview":"max-image-preview:large","max-video-preview":"max-video-preview:-1"},"canonical":"https:\/\/www.tosunlux.eu\/tr\/products\/tsr2-d-thermal-overload-relay\/","og_locale":"tr_TR","og_type":"article","og_title":"WholesaleTSR2-D Thermal Overload Relay - TOSUNlux Official Site - Electrical Circuit Breaker Manufacturer in China Low Voltage Electrical Supplier | TOSUNlux","og_description":"TSR2-D Thermal Overload Relay Supplier - Wholesale direct from TOSUNlux, a trusted manufacturer since 1994. Get your B2B factory quote on our certified Low Voltage electrical products.","og_url":"https:\/\/www.tosunlux.eu\/tr\/products\/tsr2-d-thermal-overload-relay\/","og_site_name":"TOSUNlux Official Site - Electrical Circuit Breaker Manufacturer in China","article_publisher":"https:\/\/www.facebook.com\/TOSUNelectric\/","article_modified_time":"2024-03-27T07:39:49+00:00","og_image":[{"url":"https:\/\/www.tosunlux.eu\/wp-content\/uploads\/2023\/09\/intertek-1024x348.jpg","type":"","width":"","height":""}],"twitter_card":"summary_large_image","twitter_misc":{"Tahmini okuma s\u00fcresi":"2 dakika"},"schema":{"@context":"https:\/\/schema.org","@graph":[{"@type":"WebPage","@id":"https:\/\/www.tosunlux.eu\/ar\/products\/tsr2-d-thermal-overload-relay\/","url":"https:\/\/www.tosunlux.eu\/ar\/products\/tsr2-d-thermal-overload-relay\/","name":"Toptan TSR2-D Termal A\u015f\u0131r\u0131 Y\u00fck R\u00f6lesi - TOSUNlux Resmi Sitesi - \u00c7in&#039;de Elektrik Devre Kesici \u00dcreticisi, D\u00fc\u015f\u00fck Voltajl\u0131 Elektrik Tedarik\u00e7isi | TOSUNlux","isPartOf":{"@id":"https:\/\/www.tosunlux.eu\/ru\/#website"},"primaryImageOfPage":{"@id":"https:\/\/www.tosunlux.eu\/ar\/products\/tsr2-d-thermal-overload-relay\/#primaryimage"},"image":{"@id":"https:\/\/www.tosunlux.eu\/ar\/products\/tsr2-d-thermal-overload-relay\/#primaryimage"},"thumbnailUrl":"https:\/\/www.tosunlux.eu\/wp-content\/uploads\/2023\/09\/intertek-1024x348.jpg","datePublished":"2022-05-12T08:51:11+00:00","dateModified":"2024-03-27T07:39:49+00:00","description":"TSR2-D Termal A\u015f\u0131r\u0131 Y\u00fck R\u00f6lesi Tedarik\u00e7isi - 1994&#039;ten beri g\u00fcvenilir bir \u00fcretici olan TOSUNlux&#039;tan do\u011frudan toptan sat\u0131\u015f. Sertifikal\u0131 D\u00fc\u015f\u00fck Voltajl\u0131 elektrik \u00fcr\u00fcnlerimiz i\u00e7in B2B fabrika fiyat teklifinizi al\u0131n.","breadcrumb":{"@id":"https:\/\/www.tosunlux.eu\/ar\/products\/tsr2-d-thermal-overload-relay\/#breadcrumb"},"inLanguage":"tr","potentialAction":[{"@type":"ReadAction","target":["https:\/\/www.tosunlux.eu\/ar\/products\/tsr2-d-thermal-overload-relay\/"]}]},{"@type":"ImageObject","inLanguage":"tr","@id":"https:\/\/www.tosunlux.eu\/ar\/products\/tsr2-d-thermal-overload-relay\/#primaryimage","url":"https:\/\/www.tosunlux.eu\/wp-content\/uploads\/2023\/09\/intertek-1024x348.jpg","contentUrl":"https:\/\/www.tosunlux.eu\/wp-content\/uploads\/2023\/09\/intertek-1024x348.jpg"},{"@type":"BreadcrumbList","@id":"https:\/\/www.tosunlux.eu\/ar\/products\/tsr2-d-thermal-overload-relay\/#breadcrumb","itemListElement":[{"@type":"ListItem","position":1,"name":"Home","item":"https:\/\/www.tosunlux.eu\/ru\/"},{"@type":"ListItem","position":2,"name":"Products","item":"https:\/\/www.tosunlux.eu\/products\/"},{"@type":"ListItem","position":3,"name":"TSR2-D Thermal Overload Relay"}]},{"@type":"WebSite","@id":"https:\/\/www.tosunlux.eu\/ru\/#website","url":"https:\/\/www.tosunlux.eu\/ru\/","name":"TOSUNlux Resmi Sitesi - \u00c7in&#039;de Elektrik Sigortas\u0131 \u00dcreticisi","description":"G\u00fc\u00e7 Da\u011f\u0131t\u0131m Sistemi Tedarik\u00e7isi","publisher":{"@id":"https:\/\/www.tosunlux.eu\/ru\/#organization"},"alternateName":"TOSUNlux","potentialAction":[{"@type":"SearchAction","target":{"@type":"EntryPoint","urlTemplate":"https:\/\/www.tosunlux.eu\/ru\/?s={search_term_string}"},"query-input":{"@type":"PropertyValueSpecification","valueRequired":true,"valueName":"search_term_string"}}],"inLanguage":"tr"},{"@type":"Organization","@id":"https:\/\/www.tosunlux.eu\/ru\/#organization","name":"TOSUNlux","url":"https:\/\/www.tosunlux.eu\/ru\/","logo":{"@type":"ImageObject","inLanguage":"tr","@id":"https:\/\/www.tosunlux.eu\/ru\/#\/schema\/logo\/image\/","url":"https:\/\/www.tosunlux.eu\/wp-content\/uploads\/2022\/01\/LOGOSYSM.71762f1.png","contentUrl":"https:\/\/www.tosunlux.eu\/wp-content\/uploads\/2022\/01\/LOGOSYSM.71762f1.png","width":153,"height":55,"caption":"TOSUNlux"},"image":{"@id":"https:\/\/www.tosunlux.eu\/ru\/#\/schema\/logo\/image\/"},"sameAs":["https:\/\/www.facebook.com\/TOSUNelectric\/","https:\/\/www.linkedin.com\/company\/wenzhou-tosun-electric-co.-ltd\/"]}]}},"_links":{"self":[{"href":"https:\/\/www.tosunlux.eu\/tr\/wp-json\/wp\/v2\/product\/2635","targetHints":{"allow":["GET"]}}],"collection":[{"href":"https:\/\/www.tosunlux.eu\/tr\/wp-json\/wp\/v2\/product"}],"about":[{"href":"https:\/\/www.tosunlux.eu\/tr\/wp-json\/wp\/v2\/types\/product"}],"version-history":[{"count":2,"href":"https:\/\/www.tosunlux.eu\/tr\/wp-json\/wp\/v2\/product\/2635\/revisions"}],"predecessor-version":[{"id":8092,"href":"https:\/\/www.tosunlux.eu\/tr\/wp-json\/wp\/v2\/product\/2635\/revisions\/8092"}],"wp:attachment":[{"href":"https:\/\/www.tosunlux.eu\/tr\/wp-json\/wp\/v2\/media?parent=2635"}],"wp:term":[{"taxonomy":"product_category","embeddable":true,"href":"https:\/\/www.tosunlux.eu\/tr\/wp-json\/wp\/v2\/product_category?post=2635"}],"curies":[{"name":"wp","href":"https:\/\/api.w.org\/{rel}","templated":true}]}}