{"id":2650,"date":"2022-05-13T13:46:10","date_gmt":"2022-05-13T05:46:10","guid":{"rendered":"https:\/\/www.tosunlux.eu\/?post_type=product&#038;p=2650"},"modified":"2023-09-13T09:52:55","modified_gmt":"2023-09-13T01:52:55","slug":"tse1-d-magnetic-starter","status":"publish","type":"product","link":"https:\/\/www.tosunlux.eu\/tr\/products\/tse1-d-magnetic-starter\/","title":{"rendered":"TSE1-D Manyetik Mar\u015f Motoru"},"content":{"rendered":"<pre class=\"wp-block-verse\"><strong>Ba\u015fvuru<\/strong>\n\n\nTSE1-D manyetik mar\u015f motoru esas olarak AC 50Hz veya 60Hz devrelerine, 550V&#039;a kadar voltaja, uzak mesafe devre yapma ve kesme ve s\u0131k s\u0131k motor \u00e7al\u0131\u015ft\u0131rma ve kontrol etme i\u00e7in uygulan\u0131r. K\u00fc\u00e7\u00fck hacim, hafif a\u011f\u0131rl\u0131k, d\u00fc\u015f\u00fck g\u00fc\u00e7 t\u00fcketimi, y\u00fcksek verimlilik, g\u00fcvenli ve g\u00fcvenilir performans vb. \u00f6zelliklere sahiptir.\n\n<strong>\u015eartname<\/strong>\n\n<\/pre>\n\n\n<table style=\"border-collapse: collapse; width: 754px; height: 1323px;\" width=\"576\">\n<tbody>\n<tr style=\"height: 12.75pt;\">\n<td style=\"width: 48pt; height: 25.5pt; text-align: center;\" rowspan=\"2\" width=\"64\" height=\"34\">\u00d6rnek<\/td>\n<td style=\"width: 48pt; height: 25.5pt; text-align: center;\" rowspan=\"2\" width=\"64\" height=\"34\">\n<p>Derecelendirildi<\/p>\n<p>ak\u0131m(A)<\/p>\n<\/td>\n<td style=\"width: 288pt; height: 12.75pt; text-align: center;\" colspan=\"6\" width=\"384\" height=\"17\">Maksimum g\u00fc\u00e7 AC3 g\u00f6revi (KW)<\/td>\n<td style=\"width: 48pt; height: 25.5pt; text-align: center;\" rowspan=\"2\" width=\"64\" height=\"34\">\n<p>Uygun<\/p>\n<p>termal<\/p>\n<p>r\u00f6le(A)<\/p>\n<\/td>\n<\/tr>\n<tr style=\"height: 12.75pt;\">\n<td style=\"text-align: center;\">\n<p>220V<\/p>\n<p>230V<\/p>\n<\/td>\n<td style=\"text-align: center;\">\n<p>380V<\/p>\n<p>400V<\/p>\n<\/td>\n<td style=\"text-align: center;\">415V<\/td>\n<td style=\"text-align: center;\">440V<\/td>\n<td style=\"text-align: center;\">550V<\/td>\n<td>\n<p style=\"text-align: center;\">660V<\/p>\n<p style=\"text-align: center;\">690V<\/p>\n<\/td>\n<\/tr>\n<tr style=\"height: 12.75pt;\">\n<td style=\"height: 12.75pt; text-align: center;\" height=\"17\">TSE1-D09<\/td>\n<td style=\"text-align: center;\">9<\/td>\n<td style=\"text-align: center;\">2.2<\/td>\n<td style=\"text-align: center;\">4<\/td>\n<td style=\"text-align: center;\">4<\/td>\n<td style=\"text-align: center;\">4<\/td>\n<td style=\"text-align: center;\">5.5<\/td>\n<td style=\"text-align: center;\">5.5<\/td>\n<td>\n<p style=\"text-align: center;\">TSR2-D1312<\/p>\n<p style=\"text-align: center;\">TSR2-D1314<\/p>\n<\/td>\n<\/tr>\n<tr style=\"height: 12.75pt;\">\n<td style=\"height: 12.75pt; text-align: center;\" height=\"17\">TSE1-D12<\/td>\n<td style=\"text-align: center;\">12<\/td>\n<td style=\"text-align: center;\">3<\/td>\n<td style=\"text-align: center;\">5.5<\/td>\n<td style=\"text-align: center;\">5.5<\/td>\n<td style=\"text-align: center;\">5.5<\/td>\n<td style=\"text-align: center;\">7.5<\/td>\n<td style=\"text-align: center;\">7.5<\/td>\n<td style=\"text-align: center;\">TSR2-D1316<\/td>\n<\/tr>\n<tr style=\"height: 12.75pt;\">\n<td style=\"height: 12.75pt; text-align: center;\" height=\"17\">TSE1-D18<\/td>\n<td style=\"text-align: center;\">18<\/td>\n<td style=\"text-align: center;\">4<\/td>\n<td style=\"text-align: center;\">7.5<\/td>\n<td style=\"text-align: center;\">9<\/td>\n<td style=\"text-align: center;\">9<\/td>\n<td style=\"text-align: center;\">10<\/td>\n<td style=\"text-align: center;\">10<\/td>\n<td style=\"text-align: center;\">TSR2-D1321<\/td>\n<\/tr>\n<tr style=\"height: 12.75pt;\">\n<td style=\"height: 12.75pt; text-align: center;\" height=\"17\">TSE1-D25<\/td>\n<td style=\"text-align: center;\">25<\/td>\n<td style=\"text-align: center;\">5.5<\/td>\n<td style=\"text-align: center;\">11<\/td>\n<td style=\"text-align: center;\">11<\/td>\n<td style=\"text-align: center;\">11<\/td>\n<td style=\"text-align: center;\">15<\/td>\n<td style=\"text-align: center;\">15<\/td>\n<td>\n<p style=\"text-align: center;\">TSR2-D1322<\/p>\n<p style=\"text-align: center;\">TSR2-D2353<\/p>\n<\/td>\n<\/tr>\n<tr style=\"height: 12.75pt;\">\n<td style=\"height: 12.75pt; text-align: center;\" height=\"17\">TSE1-D32<\/td>\n<td style=\"text-align: center;\">32<\/td>\n<td style=\"text-align: center;\">7.5<\/td>\n<td style=\"text-align: center;\">15<\/td>\n<td style=\"text-align: center;\">15<\/td>\n<td style=\"text-align: center;\">15<\/td>\n<td style=\"text-align: center;\">18.5<\/td>\n<td style=\"text-align: center;\">18.5<\/td>\n<td style=\"text-align: center;\">TSR2-D2355<\/td>\n<\/tr>\n<tr style=\"height: 12.75pt;\">\n<td style=\"height: 12.75pt; text-align: center;\" height=\"17\">TSE1-D40<\/td>\n<td style=\"text-align: center;\">40<\/td>\n<td style=\"text-align: center;\">11<\/td>\n<td style=\"text-align: center;\">18.5<\/td>\n<td style=\"text-align: center;\">22<\/td>\n<td style=\"text-align: center;\">22<\/td>\n<td style=\"text-align: center;\">22<\/td>\n<td style=\"text-align: center;\">30<\/td>\n<td>\n<p style=\"text-align: center;\">TSR2-D3353<\/p>\n<p style=\"text-align: center;\">TSR2-D3355<\/p>\n<\/td>\n<\/tr>\n<tr style=\"height: 12.75pt;\">\n<td style=\"height: 12.75pt; text-align: center;\" height=\"17\">TSE1-D50<\/td>\n<td style=\"text-align: center;\">50<\/td>\n<td style=\"text-align: center;\">15<\/td>\n<td style=\"text-align: center;\">22<\/td>\n<td style=\"text-align: center;\">25<\/td>\n<td style=\"text-align: center;\">30<\/td>\n<td style=\"text-align: center;\">30<\/td>\n<td style=\"text-align: center;\">33<\/td>\n<td style=\"text-align: center;\">\n<p>TSR2-D3357<\/p>\n<p>TSR2-D3359<\/p>\n<\/td>\n<\/tr>\n<tr style=\"height: 12.75pt;\">\n<td style=\"height: 12.75pt; text-align: center;\" height=\"17\">TSE1-D65<\/td>\n<td style=\"text-align: center;\">65<\/td>\n<td style=\"text-align: center;\">18.5<\/td>\n<td style=\"text-align: center;\">30<\/td>\n<td style=\"text-align: center;\">37<\/td>\n<td style=\"text-align: center;\">37<\/td>\n<td style=\"text-align: center;\">37<\/td>\n<td style=\"text-align: center;\">37<\/td>\n<td style=\"text-align: center;\">TSR2-D3361<\/td>\n<\/tr>\n<tr style=\"height: 12.75pt;\">\n<td style=\"height: 12.75pt; text-align: center;\" height=\"17\">TSE1-D80<\/td>\n<td style=\"text-align: center;\">80<\/td>\n<td style=\"text-align: center;\">22<\/td>\n<td style=\"text-align: center;\">37<\/td>\n<td style=\"text-align: center;\">45<\/td>\n<td style=\"text-align: center;\">45<\/td>\n<td style=\"text-align: center;\">55<\/td>\n<td style=\"text-align: center;\">45<\/td>\n<td style=\"text-align: center;\">\n<p>TSR2-D3363<\/p>\n<p>TSR2-D3365<\/p>\n<\/td>\n<\/tr>\n<tr style=\"height: 12.75pt;\">\n<td style=\"height: 12.75pt; text-align: center;\" height=\"17\">TSE1-D95<\/td>\n<td style=\"text-align: center;\">95<\/td>\n<td style=\"text-align: center;\">25<\/td>\n<td style=\"text-align: center;\">45<\/td>\n<td style=\"text-align: center;\">45<\/td>\n<td style=\"text-align: center;\">45<\/td>\n<td style=\"text-align: center;\">55<\/td>\n<td style=\"text-align: center;\">45<\/td>\n<td style=\"text-align: center;\">TSR2-D3365<\/td>\n<\/tr>\n<\/tbody>\n<\/table>\n\n\n<pre class=\"wp-block-verse\"><strong>Standart kontrol devresi voltajlar\u0131<\/strong>\n\n\n\n<\/pre>\n\n\n<table style=\"border-collapse: collapse; width: 576pt;\" width=\"768\">\n<tbody>\n<tr style=\"height: 12.75pt;\">\n<td style=\"width: 48pt; height: 12.75pt; text-align: center;\" width=\"64\" height=\"17\">Volt<\/td>\n<td style=\"width: 48pt; text-align: center;\" width=\"64\">24<\/td>\n<td style=\"width: 48pt; text-align: center;\" width=\"64\">42<\/td>\n<td style=\"width: 48pt; text-align: center;\" width=\"64\">48<\/td>\n<td style=\"width: 48pt; text-align: center;\" width=\"64\">110<\/td>\n<td style=\"width: 48pt; text-align: center;\" width=\"64\">220<\/td>\n<td style=\"width: 48pt; text-align: center;\" width=\"64\">230<\/td>\n<td style=\"width: 48pt; text-align: center;\" width=\"64\">240<\/td>\n<td style=\"width: 48pt; text-align: center;\" width=\"64\">380\/400<\/td>\n<td style=\"width: 48pt; text-align: center;\" width=\"64\">400<\/td>\n<td style=\"width: 48pt; text-align: center;\" width=\"64\">415<\/td>\n<td style=\"width: 48pt; text-align: center;\" width=\"64\">440<\/td>\n<\/tr>\n<tr style=\"height: 12.75pt;\">\n<td style=\"height: 12.75pt; text-align: center;\" height=\"17\">50\/60Hz<\/td>\n<td style=\"text-align: center;\">B7<\/td>\n<td style=\"text-align: center;\">D7<\/td>\n<td style=\"text-align: center;\">E7<\/td>\n<td style=\"text-align: center;\">F7<\/td>\n<td style=\"text-align: center;\">M7<\/td>\n<td style=\"text-align: center;\">P7<\/td>\n<td style=\"text-align: center;\">U7<\/td>\n<td style=\"text-align: center;\">S7<\/td>\n<td style=\"text-align: center;\">V7<\/td>\n<td style=\"text-align: center;\">N7<\/td>\n<td style=\"text-align: center;\">R7<\/td>\n<\/tr>\n<\/tbody>\n<\/table>\n\n\n<pre class=\"wp-block-verse\"><strong>Boyut<\/strong>\n\n\n<\/pre>\n\n\n\n<figure class=\"wp-block-image size-full is-resized\"><img fetchpriority=\"high\" decoding=\"async\" src=\"https:\/\/www.tosunlux.eu\/wp-content\/uploads\/2022\/05\/QQ\u622a\u56fe20220513134457.png\" alt=\"\" class=\"wp-image-2651\" width=\"608\" height=\"224\" srcset=\"https:\/\/www.tosunlux.eu\/wp-content\/uploads\/2022\/05\/QQ\u622a\u56fe20220513134457.png 627w, https:\/\/www.tosunlux.eu\/wp-content\/uploads\/2022\/05\/QQ\u622a\u56fe20220513134457-300x111.png 300w\" sizes=\"(max-width: 608px) 100vw, 608px\" \/><\/figure>","protected":false},"parent":0,"template":"","product_category":[35,92],"class_list":["post-2650","product","type-product","status-publish","hentry","product_category-industrial-control-devices","product_category-timer-relay"],"yoast_head":"<!-- This site is optimized with the Yoast SEO plugin v27.3 - https:\/\/yoast.com\/product\/yoast-seo-wordpress\/ -->\n<title>WholesaleTSE1-D Magnetic Starter - TOSUNlux Official Site - Electrical Circuit Breaker Manufacturer in China Low Voltage Electrical Supplier | TOSUNlux<\/title>\n<meta name=\"description\" content=\"TSE1-D Magnetic Starter Supplier - Wholesale direct from TOSUNlux, a trusted manufacturer since 1994. Get your B2B factory quote on our certified Low Voltage electrical products.\" \/>\n<meta name=\"robots\" content=\"index, follow, max-snippet:-1, max-image-preview:large, max-video-preview:-1\" \/>\n<link rel=\"canonical\" href=\"https:\/\/www.tosunlux.eu\/tr\/products\/tse1-d-magnetic-starter\/\" \/>\n<meta property=\"og:locale\" content=\"tr_TR\" \/>\n<meta property=\"og:type\" content=\"article\" \/>\n<meta property=\"og:title\" content=\"WholesaleTSE1-D Magnetic Starter - TOSUNlux Official Site - Electrical Circuit Breaker Manufacturer in China Low Voltage Electrical Supplier | TOSUNlux\" \/>\n<meta property=\"og:description\" content=\"TSE1-D Magnetic Starter Supplier - Wholesale direct from TOSUNlux, a trusted manufacturer since 1994. Get your B2B factory quote on our certified Low Voltage electrical products.\" \/>\n<meta property=\"og:url\" content=\"https:\/\/www.tosunlux.eu\/tr\/products\/tse1-d-magnetic-starter\/\" \/>\n<meta property=\"og:site_name\" content=\"TOSUNlux Official Site - Electrical Circuit Breaker Manufacturer in China\" \/>\n<meta property=\"article:publisher\" content=\"https:\/\/www.facebook.com\/TOSUNelectric\/\" \/>\n<meta property=\"article:modified_time\" content=\"2023-09-13T01:52:55+00:00\" \/>\n<meta property=\"og:image\" content=\"https:\/\/www.tosunlux.eu\/wp-content\/uploads\/2023\/04\/DSC08160_\u526f\u672c.jpg\" \/>\n\t<meta property=\"og:image:width\" content=\"1500\" \/>\n\t<meta property=\"og:image:height\" content=\"940\" \/>\n\t<meta property=\"og:image:type\" content=\"image\/jpeg\" \/>\n<meta name=\"twitter:card\" content=\"summary_large_image\" \/>\n<meta name=\"twitter:label1\" content=\"Tahmini okuma s\u00fcresi\" \/>\n\t<meta name=\"twitter:data1\" content=\"2 dakika\" \/>\n<script type=\"application\/ld+json\" class=\"yoast-schema-graph\">{\"@context\":\"https:\\\/\\\/schema.org\",\"@graph\":[{\"@type\":\"WebPage\",\"@id\":\"https:\\\/\\\/www.tosunlux.eu\\\/products\\\/tse1-d-magnetic-starter\\\/\",\"url\":\"https:\\\/\\\/www.tosunlux.eu\\\/products\\\/tse1-d-magnetic-starter\\\/\",\"name\":\"WholesaleTSE1-D Magnetic Starter - TOSUNlux Official Site - Electrical Circuit Breaker Manufacturer in China Low Voltage Electrical Supplier | TOSUNlux\",\"isPartOf\":{\"@id\":\"https:\\\/\\\/www.tosunlux.eu\\\/ru\\\/#website\"},\"datePublished\":\"2022-05-13T05:46:10+00:00\",\"dateModified\":\"2023-09-13T01:52:55+00:00\",\"description\":\"TSE1-D Magnetic Starter Supplier - Wholesale direct from TOSUNlux, a trusted manufacturer since 1994. Get your B2B factory quote on our certified Low Voltage electrical products.\",\"breadcrumb\":{\"@id\":\"https:\\\/\\\/www.tosunlux.eu\\\/products\\\/tse1-d-magnetic-starter\\\/#breadcrumb\"},\"inLanguage\":\"tr\",\"potentialAction\":[{\"@type\":\"ReadAction\",\"target\":[\"https:\\\/\\\/www.tosunlux.eu\\\/products\\\/tse1-d-magnetic-starter\\\/\"]}]},{\"@type\":\"BreadcrumbList\",\"@id\":\"https:\\\/\\\/www.tosunlux.eu\\\/products\\\/tse1-d-magnetic-starter\\\/#breadcrumb\",\"itemListElement\":[{\"@type\":\"ListItem\",\"position\":1,\"name\":\"Home\",\"item\":\"https:\\\/\\\/www.tosunlux.eu\\\/ru\\\/\"},{\"@type\":\"ListItem\",\"position\":2,\"name\":\"Products\",\"item\":\"https:\\\/\\\/www.tosunlux.eu\\\/products\\\/\"},{\"@type\":\"ListItem\",\"position\":3,\"name\":\"TSE1-D Magnetic Starter\"}]},{\"@type\":\"WebSite\",\"@id\":\"https:\\\/\\\/www.tosunlux.eu\\\/ru\\\/#website\",\"url\":\"https:\\\/\\\/www.tosunlux.eu\\\/ru\\\/\",\"name\":\"TOSUNlux Official Site - Electrical Circuit Breaker Manufacturer in China\",\"description\":\"Power Distribution System Supplier\",\"publisher\":{\"@id\":\"https:\\\/\\\/www.tosunlux.eu\\\/ru\\\/#organization\"},\"alternateName\":\"TOSUNlux\",\"potentialAction\":[{\"@type\":\"SearchAction\",\"target\":{\"@type\":\"EntryPoint\",\"urlTemplate\":\"https:\\\/\\\/www.tosunlux.eu\\\/ru\\\/?s={search_term_string}\"},\"query-input\":{\"@type\":\"PropertyValueSpecification\",\"valueRequired\":true,\"valueName\":\"search_term_string\"}}],\"inLanguage\":\"tr\"},{\"@type\":\"Organization\",\"@id\":\"https:\\\/\\\/www.tosunlux.eu\\\/ru\\\/#organization\",\"name\":\"TOSUNlux\",\"url\":\"https:\\\/\\\/www.tosunlux.eu\\\/ru\\\/\",\"logo\":{\"@type\":\"ImageObject\",\"inLanguage\":\"tr\",\"@id\":\"https:\\\/\\\/www.tosunlux.eu\\\/ru\\\/#\\\/schema\\\/logo\\\/image\\\/\",\"url\":\"https:\\\/\\\/www.tosunlux.eu\\\/wp-content\\\/uploads\\\/2022\\\/01\\\/LOGOSYSM.71762f1.png\",\"contentUrl\":\"https:\\\/\\\/www.tosunlux.eu\\\/wp-content\\\/uploads\\\/2022\\\/01\\\/LOGOSYSM.71762f1.png\",\"width\":153,\"height\":55,\"caption\":\"TOSUNlux\"},\"image\":{\"@id\":\"https:\\\/\\\/www.tosunlux.eu\\\/ru\\\/#\\\/schema\\\/logo\\\/image\\\/\"},\"sameAs\":[\"https:\\\/\\\/www.facebook.com\\\/TOSUNelectric\\\/\",\"https:\\\/\\\/www.linkedin.com\\\/company\\\/wenzhou-tosun-electric-co.-ltd\\\/\"]}]}<\/script>\n<!-- \/ Yoast SEO plugin. -->","yoast_head_json":{"title":"WholesaleTSE1-D Magnetic Starter - TOSUNlux Official Site - Electrical Circuit Breaker Manufacturer in China Low Voltage Electrical Supplier | TOSUNlux","description":"TSE1-D Magnetic Starter Supplier - Wholesale direct from TOSUNlux, a trusted manufacturer since 1994. Get your B2B factory quote on our certified Low Voltage electrical products.","robots":{"index":"index","follow":"follow","max-snippet":"max-snippet:-1","max-image-preview":"max-image-preview:large","max-video-preview":"max-video-preview:-1"},"canonical":"https:\/\/www.tosunlux.eu\/tr\/products\/tse1-d-magnetic-starter\/","og_locale":"tr_TR","og_type":"article","og_title":"WholesaleTSE1-D Magnetic Starter - TOSUNlux Official Site - Electrical Circuit Breaker Manufacturer in China Low Voltage Electrical Supplier | TOSUNlux","og_description":"TSE1-D Magnetic Starter Supplier - Wholesale direct from TOSUNlux, a trusted manufacturer since 1994. Get your B2B factory quote on our certified Low Voltage electrical products.","og_url":"https:\/\/www.tosunlux.eu\/tr\/products\/tse1-d-magnetic-starter\/","og_site_name":"TOSUNlux Official Site - Electrical Circuit Breaker Manufacturer in China","article_publisher":"https:\/\/www.facebook.com\/TOSUNelectric\/","article_modified_time":"2023-09-13T01:52:55+00:00","og_image":[{"width":1500,"height":940,"url":"https:\/\/www.tosunlux.eu\/wp-content\/uploads\/2023\/04\/DSC08160_\u526f\u672c.jpg","type":"image\/jpeg"}],"twitter_card":"summary_large_image","twitter_misc":{"Tahmini okuma s\u00fcresi":"2 dakika"},"schema":{"@context":"https:\/\/schema.org","@graph":[{"@type":"WebPage","@id":"https:\/\/www.tosunlux.eu\/products\/tse1-d-magnetic-starter\/","url":"https:\/\/www.tosunlux.eu\/products\/tse1-d-magnetic-starter\/","name":"WholesaleTSE1-D Magnetic Starter - TOSUNlux Official Site - Electrical Circuit Breaker Manufacturer in China Low Voltage Electrical Supplier | TOSUNlux","isPartOf":{"@id":"https:\/\/www.tosunlux.eu\/ru\/#website"},"datePublished":"2022-05-13T05:46:10+00:00","dateModified":"2023-09-13T01:52:55+00:00","description":"TSE1-D Magnetic Starter Supplier - Wholesale direct from TOSUNlux, a trusted manufacturer since 1994. Get your B2B factory quote on our certified Low Voltage electrical products.","breadcrumb":{"@id":"https:\/\/www.tosunlux.eu\/products\/tse1-d-magnetic-starter\/#breadcrumb"},"inLanguage":"tr","potentialAction":[{"@type":"ReadAction","target":["https:\/\/www.tosunlux.eu\/products\/tse1-d-magnetic-starter\/"]}]},{"@type":"BreadcrumbList","@id":"https:\/\/www.tosunlux.eu\/products\/tse1-d-magnetic-starter\/#breadcrumb","itemListElement":[{"@type":"ListItem","position":1,"name":"Home","item":"https:\/\/www.tosunlux.eu\/ru\/"},{"@type":"ListItem","position":2,"name":"Products","item":"https:\/\/www.tosunlux.eu\/products\/"},{"@type":"ListItem","position":3,"name":"TSE1-D Magnetic Starter"}]},{"@type":"WebSite","@id":"https:\/\/www.tosunlux.eu\/ru\/#website","url":"https:\/\/www.tosunlux.eu\/ru\/","name":"TOSUNlux Resmi Sitesi - \u00c7in&#039;de Elektrik Sigortas\u0131 \u00dcreticisi","description":"G\u00fc\u00e7 Da\u011f\u0131t\u0131m Sistemi Tedarik\u00e7isi","publisher":{"@id":"https:\/\/www.tosunlux.eu\/ru\/#organization"},"alternateName":"TOSUNlux","potentialAction":[{"@type":"SearchAction","target":{"@type":"EntryPoint","urlTemplate":"https:\/\/www.tosunlux.eu\/ru\/?s={search_term_string}"},"query-input":{"@type":"PropertyValueSpecification","valueRequired":true,"valueName":"search_term_string"}}],"inLanguage":"tr"},{"@type":"Organization","@id":"https:\/\/www.tosunlux.eu\/ru\/#organization","name":"TOSUNlux","url":"https:\/\/www.tosunlux.eu\/ru\/","logo":{"@type":"ImageObject","inLanguage":"tr","@id":"https:\/\/www.tosunlux.eu\/ru\/#\/schema\/logo\/image\/","url":"https:\/\/www.tosunlux.eu\/wp-content\/uploads\/2022\/01\/LOGOSYSM.71762f1.png","contentUrl":"https:\/\/www.tosunlux.eu\/wp-content\/uploads\/2022\/01\/LOGOSYSM.71762f1.png","width":153,"height":55,"caption":"TOSUNlux"},"image":{"@id":"https:\/\/www.tosunlux.eu\/ru\/#\/schema\/logo\/image\/"},"sameAs":["https:\/\/www.facebook.com\/TOSUNelectric\/","https:\/\/www.linkedin.com\/company\/wenzhou-tosun-electric-co.-ltd\/"]}]}},"_links":{"self":[{"href":"https:\/\/www.tosunlux.eu\/tr\/wp-json\/wp\/v2\/product\/2650","targetHints":{"allow":["GET"]}}],"collection":[{"href":"https:\/\/www.tosunlux.eu\/tr\/wp-json\/wp\/v2\/product"}],"about":[{"href":"https:\/\/www.tosunlux.eu\/tr\/wp-json\/wp\/v2\/types\/product"}],"version-history":[{"count":2,"href":"https:\/\/www.tosunlux.eu\/tr\/wp-json\/wp\/v2\/product\/2650\/revisions"}],"predecessor-version":[{"id":8012,"href":"https:\/\/www.tosunlux.eu\/tr\/wp-json\/wp\/v2\/product\/2650\/revisions\/8012"}],"wp:attachment":[{"href":"https:\/\/www.tosunlux.eu\/tr\/wp-json\/wp\/v2\/media?parent=2650"}],"wp:term":[{"taxonomy":"product_category","embeddable":true,"href":"https:\/\/www.tosunlux.eu\/tr\/wp-json\/wp\/v2\/product_category?post=2650"}],"curies":[{"name":"wp","href":"https:\/\/api.w.org\/{rel}","templated":true}]}}