{"id":2697,"date":"2022-05-13T15:32:53","date_gmt":"2022-05-13T07:32:53","guid":{"rendered":"https:\/\/www.tosunlux.eu\/?post_type=product&#038;p=2697"},"modified":"2022-05-14T10:40:14","modified_gmt":"2022-05-14T02:40:14","slug":"tsb1-63-miniature-circuit-breaker","status":"publish","type":"product","link":"https:\/\/www.tosunlux.eu\/tr\/products\/tsb1-63-miniature-circuit-breaker\/","title":{"rendered":"TSB1-63 Minyat\u00fcr Devre Kesici"},"content":{"rendered":"<p><strong>Ba\u015fvuru<\/strong><\/p>\n\n\n\n<figure class=\"wp-block-image size-full is-resized\"><img decoding=\"async\" src=\"https:\/\/www.tosunlux.eu\/wp-content\/uploads\/2022\/05\/TUV.jpg\" alt=\"\" class=\"wp-image-2707\" width=\"68\" height=\"81\"\/><\/figure>\n\n\n\n<p>TSB1-63 minyat\u00fcr devre kesici, ayd\u0131nlatma da\u011f\u0131t\u0131m sisteminde veya motor da\u011f\u0131t\u0131m sisteminde a\u015f\u0131r\u0131 y\u00fck ve k\u0131sa devre korumas\u0131 i\u00e7in kullan\u0131l\u0131r. \u00dcr\u00fcn yap\u0131 olarak neoterik, hafif, g\u00fcvenilir ve performans olarak m\u00fckemmeldir. Y\u00fcksek kesme kapasitesine sahiptir ve h\u0131zl\u0131 bir \u015fekilde devreye girebilir. Ayr\u0131ca y\u00fcksek yang\u0131na dayan\u0131kl\u0131 ve darbeye dayan\u0131kl\u0131 plastikler kullan\u0131r. \u00dcr\u00fcnler IEC 60898 ile uyumludur ve \u201cCB\u201d, \u201cTUV\u201d ve \u201cCE\u201d taraf\u0131ndan sertifikaland\u0131r\u0131lm\u0131\u015ft\u0131r.<\/p>\n\n\n\n<p><strong>\u015eartname<\/strong><\/p>\n\n\n<table width=\"761\">\n<tbody>\n<tr>\n<td width=\"306\">Kutup Say\u0131s\u0131<\/td>\n<td width=\"455\">1P, 1P+N, 2P, 3P, 3P+N, 4P<\/td>\n<\/tr>\n<tr>\n<td>Anma Ak\u0131m\u0131 (A)<\/td>\n<td>1, 2, 3, 4, 5, 6, 8, 10, 13, 16, 20, 25, 32, 40, 50, 63<\/td>\n<\/tr>\n<tr>\n<td>K\u0131r\u0131lma Kapasitesi<\/td>\n<td width=\"455\">6000A<\/td>\n<\/tr>\n<tr>\n<td width=\"306\">Anma Gerilimi<\/td>\n<td width=\"455\">1P: 240\/415V<br>2P, 3P, 4P: 415V<\/td>\n<\/tr>\n<tr>\n<td width=\"306\">Anma Frekans\u0131<\/td>\n<td>50\/60Hz<\/td>\n<\/tr>\n<tr>\n<td>Dayan\u0131kl\u0131l\u0131k(V)<\/td>\n<td>\u22654000<\/td>\n<\/tr>\n<tr>\n<td>Ko\u015ful S\u0131cakl\u0131k<\/td>\n<td>-5\u00baC~+40\u00baC<\/td>\n<\/tr>\n<tr>\n<td>Elektriksel \u00d6m\u00fcr (kez)<\/td>\n<td>\u2265 6000<\/td>\n<\/tr>\n<tr>\n<td>Mekanik \u00d6m\u00fcr (kez)<\/td>\n<td>(OC) \u2265 20000<\/td>\n<\/tr>\n<tr>\n<td width=\"306\">Koruma Derecesi<\/td>\n<td>IP20<\/td>\n<\/tr>\n<tr>\n<td width=\"306\">\n<p>\u00dcst Kablolama&nbsp;&nbsp;&nbsp;&nbsp;&nbsp;&nbsp;&nbsp;&nbsp;&nbsp;&nbsp;&nbsp;&nbsp;&nbsp;&nbsp;&nbsp;&nbsp;&nbsp;&nbsp;&nbsp;&nbsp;&nbsp;&nbsp;&nbsp;&nbsp;&nbsp;&nbsp;&nbsp;<\/p>\n<p>Alt Kablolama<\/p>\n<\/td>\n<td><img decoding=\"async\" class=\"alignnone  wp-image-2700\" src=\"https:\/\/www.tosunlux.eu\/wp-content\/uploads\/2022\/05\/1-14.jpg\" alt=\"\" width=\"51\" height=\"52\">1-25 mm\u00b2<img decoding=\"async\" class=\"alignnone  wp-image-2701\" src=\"https:\/\/www.tosunlux.eu\/wp-content\/uploads\/2022\/05\/\u6c47\u6d41\u6392.jpg\" alt=\"\" width=\"198\" height=\"25\"><\/td>\n<\/tr>\n<\/tbody>\n<\/table>\n\n\n<p><strong>Karakteristik E\u011fri<\/strong><\/p>\n\n\n\n<figure class=\"wp-block-image size-large\"><img loading=\"lazy\" decoding=\"async\" width=\"1024\" height=\"418\" src=\"https:\/\/www.tosunlux.eu\/wp-content\/uploads\/2022\/05\/Curve-1024x418.jpg\" alt=\"\" class=\"wp-image-2702\" srcset=\"https:\/\/www.tosunlux.eu\/wp-content\/uploads\/2022\/05\/Curve-1024x418.jpg 1024w, https:\/\/www.tosunlux.eu\/wp-content\/uploads\/2022\/05\/Curve-300x123.jpg 300w, https:\/\/www.tosunlux.eu\/wp-content\/uploads\/2022\/05\/Curve-768x314.jpg 768w, https:\/\/www.tosunlux.eu\/wp-content\/uploads\/2022\/05\/Curve.jpg 1346w\" sizes=\"(max-width: 1024px) 100vw, 1024px\" \/><\/figure>\n\n\n\n<p><strong>Boyutlar<\/strong><\/p>\n\n\n\n<figure class=\"wp-block-image size-large\"><img loading=\"lazy\" decoding=\"async\" width=\"1024\" height=\"321\" src=\"https:\/\/www.tosunlux.eu\/wp-content\/uploads\/2022\/05\/\u5c3a\u5bf8\u56fe-7-1024x321.jpg\" alt=\"\" class=\"wp-image-2703\" srcset=\"https:\/\/www.tosunlux.eu\/wp-content\/uploads\/2022\/05\/\u5c3a\u5bf8\u56fe-7-1024x321.jpg 1024w, https:\/\/www.tosunlux.eu\/wp-content\/uploads\/2022\/05\/\u5c3a\u5bf8\u56fe-7-300x94.jpg 300w, https:\/\/www.tosunlux.eu\/wp-content\/uploads\/2022\/05\/\u5c3a\u5bf8\u56fe-7-768x241.jpg 768w, https:\/\/www.tosunlux.eu\/wp-content\/uploads\/2022\/05\/\u5c3a\u5bf8\u56fe-7.jpg 1379w\" sizes=\"(max-width: 1024px) 100vw, 1024px\" \/><\/figure>","protected":false},"parent":0,"template":"","product_category":[76],"class_list":["post-2697","product","type-product","status-publish","hentry","product_category-mcb"],"yoast_head":"<!-- This site is optimized with the Yoast SEO plugin v27.6 - https:\/\/yoast.com\/product\/yoast-seo-wordpress\/ -->\n<title>WholesaleTSB1-63 Miniature Circuit Breaker - TOSUNlux Official Site - Electrical Circuit Breaker Manufacturer in China Low Voltage Electrical Supplier | TOSUNlux<\/title>\n<meta name=\"description\" content=\"TSB1-63 Miniature Circuit Breaker Supplier - Wholesale direct from TOSUNlux, a trusted manufacturer since 1994. Get your B2B factory quote on our certified Low Voltage electrical products.\" \/>\n<meta name=\"robots\" content=\"index, follow, max-snippet:-1, max-image-preview:large, max-video-preview:-1\" \/>\n<link rel=\"canonical\" href=\"https:\/\/www.tosunlux.eu\/tr\/products\/tsb1-63-miniature-circuit-breaker\/\" \/>\n<meta property=\"og:locale\" content=\"tr_TR\" \/>\n<meta property=\"og:type\" content=\"article\" \/>\n<meta property=\"og:title\" content=\"WholesaleTSB1-63 Miniature Circuit Breaker - TOSUNlux Official Site - Electrical Circuit Breaker Manufacturer in China Low Voltage Electrical Supplier | TOSUNlux\" \/>\n<meta property=\"og:description\" content=\"TSB1-63 Miniature Circuit Breaker Supplier - Wholesale direct from TOSUNlux, a trusted manufacturer since 1994. Get your B2B factory quote on our certified Low Voltage electrical products.\" \/>\n<meta property=\"og:url\" content=\"https:\/\/www.tosunlux.eu\/tr\/products\/tsb1-63-miniature-circuit-breaker\/\" \/>\n<meta property=\"og:site_name\" content=\"TOSUNlux Official Site - Electrical Circuit Breaker Manufacturer in China\" \/>\n<meta property=\"article:publisher\" content=\"https:\/\/www.facebook.com\/TOSUNelectric\/\" \/>\n<meta property=\"article:modified_time\" content=\"2022-05-14T02:40:14+00:00\" \/>\n<meta property=\"og:image\" content=\"https:\/\/www.tosunlux.eu\/wp-content\/uploads\/2022\/05\/TUV.jpg\" \/>\n<meta name=\"twitter:card\" content=\"summary_large_image\" \/>\n<meta name=\"twitter:label1\" content=\"Tahmini okuma s\u00fcresi\" \/>\n\t<meta name=\"twitter:data1\" content=\"2 dakika\" \/>\n<script type=\"application\/ld+json\" class=\"yoast-schema-graph\">{\"@context\":\"https:\\\/\\\/schema.org\",\"@graph\":[{\"@type\":\"WebPage\",\"@id\":\"https:\\\/\\\/www.tosunlux.eu\\\/products\\\/tsb1-63-miniature-circuit-breaker\\\/\",\"url\":\"https:\\\/\\\/www.tosunlux.eu\\\/products\\\/tsb1-63-miniature-circuit-breaker\\\/\",\"name\":\"WholesaleTSB1-63 Miniature Circuit Breaker - TOSUNlux Official Site - Electrical Circuit Breaker Manufacturer in China Low Voltage Electrical Supplier | TOSUNlux\",\"isPartOf\":{\"@id\":\"https:\\\/\\\/www.tosunlux.eu\\\/ru\\\/#website\"},\"primaryImageOfPage\":{\"@id\":\"https:\\\/\\\/www.tosunlux.eu\\\/products\\\/tsb1-63-miniature-circuit-breaker\\\/#primaryimage\"},\"image\":{\"@id\":\"https:\\\/\\\/www.tosunlux.eu\\\/products\\\/tsb1-63-miniature-circuit-breaker\\\/#primaryimage\"},\"thumbnailUrl\":\"https:\\\/\\\/www.tosunlux.eu\\\/wp-content\\\/uploads\\\/2022\\\/05\\\/TUV.jpg\",\"datePublished\":\"2022-05-13T07:32:53+00:00\",\"dateModified\":\"2022-05-14T02:40:14+00:00\",\"description\":\"TSB1-63 Miniature Circuit Breaker Supplier - Wholesale direct from TOSUNlux, a trusted manufacturer since 1994. Get your B2B factory quote on our certified Low Voltage electrical products.\",\"breadcrumb\":{\"@id\":\"https:\\\/\\\/www.tosunlux.eu\\\/products\\\/tsb1-63-miniature-circuit-breaker\\\/#breadcrumb\"},\"inLanguage\":\"tr\",\"potentialAction\":[{\"@type\":\"ReadAction\",\"target\":[\"https:\\\/\\\/www.tosunlux.eu\\\/products\\\/tsb1-63-miniature-circuit-breaker\\\/\"]}]},{\"@type\":\"ImageObject\",\"inLanguage\":\"tr\",\"@id\":\"https:\\\/\\\/www.tosunlux.eu\\\/products\\\/tsb1-63-miniature-circuit-breaker\\\/#primaryimage\",\"url\":\"https:\\\/\\\/www.tosunlux.eu\\\/wp-content\\\/uploads\\\/2022\\\/05\\\/TUV.jpg\",\"contentUrl\":\"https:\\\/\\\/www.tosunlux.eu\\\/wp-content\\\/uploads\\\/2022\\\/05\\\/TUV.jpg\"},{\"@type\":\"BreadcrumbList\",\"@id\":\"https:\\\/\\\/www.tosunlux.eu\\\/products\\\/tsb1-63-miniature-circuit-breaker\\\/#breadcrumb\",\"itemListElement\":[{\"@type\":\"ListItem\",\"position\":1,\"name\":\"Home\",\"item\":\"https:\\\/\\\/www.tosunlux.eu\\\/ru\\\/\"},{\"@type\":\"ListItem\",\"position\":2,\"name\":\"Products\",\"item\":\"https:\\\/\\\/www.tosunlux.eu\\\/products\\\/\"},{\"@type\":\"ListItem\",\"position\":3,\"name\":\"TSB1-63 Miniature Circuit Breaker\"}]},{\"@type\":\"WebSite\",\"@id\":\"https:\\\/\\\/www.tosunlux.eu\\\/ru\\\/#website\",\"url\":\"https:\\\/\\\/www.tosunlux.eu\\\/ru\\\/\",\"name\":\"TOSUNlux Official Site - Electrical Circuit Breaker Manufacturer in China\",\"description\":\"Power Distribution System Supplier\",\"publisher\":{\"@id\":\"https:\\\/\\\/www.tosunlux.eu\\\/ru\\\/#organization\"},\"alternateName\":\"TOSUNlux\",\"potentialAction\":[{\"@type\":\"SearchAction\",\"target\":{\"@type\":\"EntryPoint\",\"urlTemplate\":\"https:\\\/\\\/www.tosunlux.eu\\\/ru\\\/?s={search_term_string}\"},\"query-input\":{\"@type\":\"PropertyValueSpecification\",\"valueRequired\":true,\"valueName\":\"search_term_string\"}}],\"inLanguage\":\"tr\"},{\"@type\":\"Organization\",\"@id\":\"https:\\\/\\\/www.tosunlux.eu\\\/ru\\\/#organization\",\"name\":\"TOSUNlux\",\"url\":\"https:\\\/\\\/www.tosunlux.eu\\\/ru\\\/\",\"logo\":{\"@type\":\"ImageObject\",\"inLanguage\":\"tr\",\"@id\":\"https:\\\/\\\/www.tosunlux.eu\\\/ru\\\/#\\\/schema\\\/logo\\\/image\\\/\",\"url\":\"https:\\\/\\\/www.tosunlux.eu\\\/wp-content\\\/uploads\\\/2022\\\/01\\\/LOGOSYSM.71762f1.png\",\"contentUrl\":\"https:\\\/\\\/www.tosunlux.eu\\\/wp-content\\\/uploads\\\/2022\\\/01\\\/LOGOSYSM.71762f1.png\",\"width\":153,\"height\":55,\"caption\":\"TOSUNlux\"},\"image\":{\"@id\":\"https:\\\/\\\/www.tosunlux.eu\\\/ru\\\/#\\\/schema\\\/logo\\\/image\\\/\"},\"sameAs\":[\"https:\\\/\\\/www.facebook.com\\\/TOSUNelectric\\\/\",\"https:\\\/\\\/www.linkedin.com\\\/company\\\/wenzhou-tosun-electric-co.-ltd\\\/\"]}]}<\/script>\n<!-- \/ Yoast SEO plugin. -->","yoast_head_json":{"title":"Toptan TSB1-63 Minyat\u00fcr Devre Kesici - TOSUNlux Resmi Sitesi - \u00c7in&#039;de Elektrik Devre Kesici \u00dcreticisi, D\u00fc\u015f\u00fck Voltajl\u0131 Elektrik Tedarik\u00e7isi | TOSUNlux","description":"TSB1-63 Minyat\u00fcr Devre Kesici Tedarik\u00e7isi - 1994&#039;ten beri g\u00fcvenilir bir \u00fcretici olan TOSUNlux&#039;tan do\u011frudan toptan sat\u0131\u015f. Sertifikal\u0131 D\u00fc\u015f\u00fck Gerilim elektrik \u00fcr\u00fcnlerimiz i\u00e7in B2B fabrika fiyat teklifinizi al\u0131n.","robots":{"index":"index","follow":"follow","max-snippet":"max-snippet:-1","max-image-preview":"max-image-preview:large","max-video-preview":"max-video-preview:-1"},"canonical":"https:\/\/www.tosunlux.eu\/tr\/products\/tsb1-63-miniature-circuit-breaker\/","og_locale":"tr_TR","og_type":"article","og_title":"WholesaleTSB1-63 Miniature Circuit Breaker - TOSUNlux Official Site - Electrical Circuit Breaker Manufacturer in China Low Voltage Electrical Supplier | TOSUNlux","og_description":"TSB1-63 Miniature Circuit Breaker Supplier - Wholesale direct from TOSUNlux, a trusted manufacturer since 1994. Get your B2B factory quote on our certified Low Voltage electrical products.","og_url":"https:\/\/www.tosunlux.eu\/tr\/products\/tsb1-63-miniature-circuit-breaker\/","og_site_name":"TOSUNlux Official Site - Electrical Circuit Breaker Manufacturer in China","article_publisher":"https:\/\/www.facebook.com\/TOSUNelectric\/","article_modified_time":"2022-05-14T02:40:14+00:00","og_image":[{"url":"https:\/\/www.tosunlux.eu\/wp-content\/uploads\/2022\/05\/TUV.jpg","type":"","width":"","height":""}],"twitter_card":"summary_large_image","twitter_misc":{"Tahmini okuma s\u00fcresi":"2 dakika"},"schema":{"@context":"https:\/\/schema.org","@graph":[{"@type":"WebPage","@id":"https:\/\/www.tosunlux.eu\/products\/tsb1-63-miniature-circuit-breaker\/","url":"https:\/\/www.tosunlux.eu\/products\/tsb1-63-miniature-circuit-breaker\/","name":"Toptan TSB1-63 Minyat\u00fcr Devre Kesici - TOSUNlux Resmi Sitesi - \u00c7in&#039;de Elektrik Devre Kesici \u00dcreticisi, D\u00fc\u015f\u00fck Voltajl\u0131 Elektrik Tedarik\u00e7isi | TOSUNlux","isPartOf":{"@id":"https:\/\/www.tosunlux.eu\/ru\/#website"},"primaryImageOfPage":{"@id":"https:\/\/www.tosunlux.eu\/products\/tsb1-63-miniature-circuit-breaker\/#primaryimage"},"image":{"@id":"https:\/\/www.tosunlux.eu\/products\/tsb1-63-miniature-circuit-breaker\/#primaryimage"},"thumbnailUrl":"https:\/\/www.tosunlux.eu\/wp-content\/uploads\/2022\/05\/TUV.jpg","datePublished":"2022-05-13T07:32:53+00:00","dateModified":"2022-05-14T02:40:14+00:00","description":"TSB1-63 Minyat\u00fcr Devre Kesici Tedarik\u00e7isi - 1994&#039;ten beri g\u00fcvenilir bir \u00fcretici olan TOSUNlux&#039;tan do\u011frudan toptan sat\u0131\u015f. Sertifikal\u0131 D\u00fc\u015f\u00fck Gerilim elektrik \u00fcr\u00fcnlerimiz i\u00e7in B2B fabrika fiyat teklifinizi al\u0131n.","breadcrumb":{"@id":"https:\/\/www.tosunlux.eu\/products\/tsb1-63-miniature-circuit-breaker\/#breadcrumb"},"inLanguage":"tr","potentialAction":[{"@type":"ReadAction","target":["https:\/\/www.tosunlux.eu\/products\/tsb1-63-miniature-circuit-breaker\/"]}]},{"@type":"ImageObject","inLanguage":"tr","@id":"https:\/\/www.tosunlux.eu\/products\/tsb1-63-miniature-circuit-breaker\/#primaryimage","url":"https:\/\/www.tosunlux.eu\/wp-content\/uploads\/2022\/05\/TUV.jpg","contentUrl":"https:\/\/www.tosunlux.eu\/wp-content\/uploads\/2022\/05\/TUV.jpg"},{"@type":"BreadcrumbList","@id":"https:\/\/www.tosunlux.eu\/products\/tsb1-63-miniature-circuit-breaker\/#breadcrumb","itemListElement":[{"@type":"ListItem","position":1,"name":"Home","item":"https:\/\/www.tosunlux.eu\/ru\/"},{"@type":"ListItem","position":2,"name":"Products","item":"https:\/\/www.tosunlux.eu\/products\/"},{"@type":"ListItem","position":3,"name":"TSB1-63 Miniature Circuit Breaker"}]},{"@type":"WebSite","@id":"https:\/\/www.tosunlux.eu\/ru\/#website","url":"https:\/\/www.tosunlux.eu\/ru\/","name":"TOSUNlux Resmi Sitesi - \u00c7in&#039;de Elektrik Sigortas\u0131 \u00dcreticisi","description":"G\u00fc\u00e7 Da\u011f\u0131t\u0131m Sistemi Tedarik\u00e7isi","publisher":{"@id":"https:\/\/www.tosunlux.eu\/ru\/#organization"},"alternateName":"TOSUNlux","potentialAction":[{"@type":"SearchAction","target":{"@type":"EntryPoint","urlTemplate":"https:\/\/www.tosunlux.eu\/ru\/?s={search_term_string}"},"query-input":{"@type":"PropertyValueSpecification","valueRequired":true,"valueName":"search_term_string"}}],"inLanguage":"tr"},{"@type":"Organization","@id":"https:\/\/www.tosunlux.eu\/ru\/#organization","name":"TOSUNlux","url":"https:\/\/www.tosunlux.eu\/ru\/","logo":{"@type":"ImageObject","inLanguage":"tr","@id":"https:\/\/www.tosunlux.eu\/ru\/#\/schema\/logo\/image\/","url":"https:\/\/www.tosunlux.eu\/wp-content\/uploads\/2022\/01\/LOGOSYSM.71762f1.png","contentUrl":"https:\/\/www.tosunlux.eu\/wp-content\/uploads\/2022\/01\/LOGOSYSM.71762f1.png","width":153,"height":55,"caption":"TOSUNlux"},"image":{"@id":"https:\/\/www.tosunlux.eu\/ru\/#\/schema\/logo\/image\/"},"sameAs":["https:\/\/www.facebook.com\/TOSUNelectric\/","https:\/\/www.linkedin.com\/company\/wenzhou-tosun-electric-co.-ltd\/"]}]}},"_links":{"self":[{"href":"https:\/\/www.tosunlux.eu\/tr\/wp-json\/wp\/v2\/product\/2697","targetHints":{"allow":["GET"]}}],"collection":[{"href":"https:\/\/www.tosunlux.eu\/tr\/wp-json\/wp\/v2\/product"}],"about":[{"href":"https:\/\/www.tosunlux.eu\/tr\/wp-json\/wp\/v2\/types\/product"}],"version-history":[{"count":0,"href":"https:\/\/www.tosunlux.eu\/tr\/wp-json\/wp\/v2\/product\/2697\/revisions"}],"wp:attachment":[{"href":"https:\/\/www.tosunlux.eu\/tr\/wp-json\/wp\/v2\/media?parent=2697"}],"wp:term":[{"taxonomy":"product_category","embeddable":true,"href":"https:\/\/www.tosunlux.eu\/tr\/wp-json\/wp\/v2\/product_category?post=2697"}],"curies":[{"name":"wp","href":"https:\/\/api.w.org\/{rel}","templated":true}]}}