{"id":2785,"date":"2022-05-14T13:12:42","date_gmt":"2022-05-14T05:12:42","guid":{"rendered":"https:\/\/www.tosunlux.eu\/?post_type=product&#038;p=2785"},"modified":"2025-01-09T13:37:58","modified_gmt":"2025-01-09T05:37:58","slug":"bir-impulse-relay","status":"publish","type":"product","link":"https:\/\/www.tosunlux.eu\/tr\/products\/bir-impulse-relay\/","title":{"rendered":"BIR \u0130mpuls R\u00f6lesi"},"content":{"rendered":"<p><strong>Ba\u015fvuru<\/strong><\/p>\n\n\n\n<p>1.Darbe r\u00f6lesi kutup(lar)\u0131n\u0131n kapanmas\u0131 bobine gelen bir darbe ile tetiklenir.<\/p>\n\n\n\n<p>2. \u0130ki sabit mekanik konuma sahip olan kutup(lar) bir sonraki taraf\u0131ndan a\u00e7\u0131lacakt\u0131r.<br>darbe. Bobin taraf\u0131ndan al\u0131nan her darbe kutup(lar)\u0131n pozisyonunu tersine \u00e7evirir.<\/p>\n\n\n\n<p>3. S\u0131n\u0131rs\u0131z say\u0131da buton ile kontrol edilebilir.<\/p>\n\n\n\n<p>4. S\u0131f\u0131r enerji t\u00fcketimi.<\/p>\n\n\n\n<p><strong>\u015eartname<\/strong><\/p>\n\n\n<table width=\"543\">\n<tbody>\n<tr>\n<td width=\"141\">\u00d6rnek<\/td>\n<td width=\"166\">Anma Ak\u0131m\u0131 (A)<\/td>\n<td width=\"120\">Kablolama \u015eemas\u0131<\/td>\n<td width=\"116\">Kontrol Voltaj\u0131<\/td>\n<\/tr>\n<tr>\n<td>BIR-16\/20<\/td>\n<td rowspan=\"4\">\u00a0 \u00a0 \u00a0 \u00a016<\/td>\n<td><img decoding=\"async\" class=\"alignnone size-full wp-image-2786\" src=\"https:\/\/www.tosunlux.eu\/wp-content\/uploads\/2022\/05\/a.jpg\" alt=\"\" width=\"165\" height=\"111\" \/><\/td>\n<td rowspan=\"4\" width=\"116\">AC 24V DC12V AC 48V DC 24V AC 130V DC48V AC 230V DC 110V<\/td>\n<\/tr>\n<tr>\n<td>B1R-16\/11<\/td>\n<td><img decoding=\"async\" class=\"alignnone size-full wp-image-2787\" src=\"https:\/\/www.tosunlux.eu\/wp-content\/uploads\/2022\/05\/b.jpg\" alt=\"\" width=\"173\" height=\"111\" \/><\/td>\n<\/tr>\n<tr>\n<td>BIR-16\/1C<\/td>\n<td><img decoding=\"async\" class=\"alignnone size-full wp-image-2788\" src=\"https:\/\/www.tosunlux.eu\/wp-content\/uploads\/2022\/05\/c.jpg\" alt=\"\" width=\"158\" height=\"111\" \/><\/td>\n<\/tr>\n<tr>\n<td>BIR-16\/10<\/td>\n<td><img loading=\"lazy\" decoding=\"async\" class=\"alignnone size-full wp-image-2789\" src=\"https:\/\/www.tosunlux.eu\/wp-content\/uploads\/2022\/05\/d.jpg\" alt=\"\" width=\"165\" height=\"110\" \/><\/td>\n<\/tr>\n<\/tbody>\n<\/table>\n\n\n<p><\/p>\n\n\n\n<p><strong>Teknik Veriler<\/strong><\/p>\n\n\n<table style=\"border-collapse: collapse; width: 378.02pt;\" border=\"0\" width=\"504\" cellspacing=\"0\" cellpadding=\"0\">\n<tbody>\n<tr style=\"height: 12.75pt;\">\n<td style=\"height: 12.75pt; width: 210.75pt;\" width=\"281\" height=\"17\">Da\u011f\u0131t\u0131lan G\u00fc\u00e7<\/td>\n<td style=\"width: 167.25pt;\" width=\"223\">1,2P:19VA (darbe s\u0131ras\u0131nda)<\/td>\n<\/tr>\n<tr style=\"height: 12.75pt;\">\n<td style=\"height: 12.75pt;\" height=\"17\">Ayd\u0131nlat\u0131lm\u0131\u015f PB Kontrol\u00fc<\/td>\n<td>Maksimum ak\u0131m 3 mA(e\u011fer&gt;ATLz kullan\u0131n)<\/td>\n<\/tr>\n<tr style=\"height: 12.75pt;\">\n<td style=\"height: 12.75pt;\" height=\"17\">\u0130\u015fletme E\u015fi\u011fi<\/td>\n<td>Min.85%of Un<\/td>\n<\/tr>\n<tr style=\"height: 12.75pt;\">\n<td style=\"height: 12.75pt;\" height=\"17\">Kontrol Emrinin S\u00fcresi<\/td>\n<td>50 ms ila 1 sn (200 ms \u00f6nerilir)<\/td>\n<\/tr>\n<tr style=\"height: 12.75pt;\">\n<td style=\"height: 12.75pt;\" height=\"17\">Tepki S\u00fcresi<\/td>\n<td>50ms<\/td>\n<\/tr>\n<tr style=\"height: 12.75pt;\">\n<td style=\"height: 12.75pt;\" height=\"17\">VoltajAnma(Ue) 1P,2P<\/td>\n<td>24.\u2026250VAC<\/td>\n<\/tr>\n<tr style=\"height: 12.75pt;\">\n<td style=\"height: 12.75pt;\" height=\"17\">S\u0131kl\u0131k<\/td>\n<td>50\/60Hz<\/td>\n<\/tr>\n<tr style=\"height: 12.75pt;\">\n<td style=\"height: 12.75pt;\" height=\"17\">Maksimum \u0130\u015flemler<\/td>\n<td>5 kez\/ay<\/td>\n<\/tr>\n<tr style=\"height: 12.75pt;\">\n<td style=\"height: 12.75pt;\" height=\"17\">Maksimum Anahtarlama \u0130\u015flemi<\/td>\n<td>100 kez\/g\u00fcn<\/td>\n<\/tr>\n<tr style=\"height: 12.75pt;\">\n<td style=\"height: 12.75pt;\" height=\"17\">Yal\u0131t\u0131m Voltaj\u0131 (Ui)<\/td>\n<td>440VAC<\/td>\n<\/tr>\n<tr style=\"height: 12.75pt;\">\n<td style=\"height: 12.75pt;\" height=\"17\">Nominal Darbe Dayan\u0131m Gerilimi (Uimp)<\/td>\n<td>6kV<\/td>\n<\/tr>\n<tr style=\"height: 12.75pt;\">\n<td class=\"et2\" style=\"height: 25.50pt;\" rowspan=\"2\" height=\"34\">Elektriksel \u00d6m\u00fcr<\/td>\n<td>200.000 \u00e7evrim (AC21)<\/td>\n<\/tr>\n<tr style=\"height: 12.75pt;\">\n<td>100.000 \u00e7evrim (AC22)<\/td>\n<\/tr>\n<tr style=\"height: 12.75pt;\">\n<td style=\"height: 12.75pt;\" height=\"17\">A\u015f\u0131r\u0131 Gerilim Kategorisi<\/td>\n<td>IV<\/td>\n<\/tr>\n<\/tbody>\n<\/table>\n\n\n<p><\/p>\n\n\n\n<p><strong>Boyutlar<\/strong><\/p>\n\n\n\n<figure class=\"wp-block-image size-large\"><img loading=\"lazy\" decoding=\"async\" width=\"1024\" height=\"556\" src=\"https:\/\/www.tosunlux.eu\/wp-content\/uploads\/2022\/05\/\u5c3a\u5bf8\u56fe-10-1024x556.jpg\" alt=\"\" class=\"wp-image-2790\" srcset=\"https:\/\/www.tosunlux.eu\/wp-content\/uploads\/2022\/05\/\u5c3a\u5bf8\u56fe-10-1024x556.jpg 1024w, https:\/\/www.tosunlux.eu\/wp-content\/uploads\/2022\/05\/\u5c3a\u5bf8\u56fe-10-300x163.jpg 300w, https:\/\/www.tosunlux.eu\/wp-content\/uploads\/2022\/05\/\u5c3a\u5bf8\u56fe-10-768x417.jpg 768w, https:\/\/www.tosunlux.eu\/wp-content\/uploads\/2022\/05\/\u5c3a\u5bf8\u56fe-10.jpg 1032w\" sizes=\"(max-width: 1024px) 100vw, 1024px\" \/><\/figure>","protected":false},"parent":0,"template":"","product_category":[92],"class_list":["post-2785","product","type-product","status-publish","hentry","product_category-timer-relay"],"yoast_head":"<!-- This site is optimized with the Yoast SEO plugin v27.5 - https:\/\/yoast.com\/product\/yoast-seo-wordpress\/ -->\n<title>WholesaleBIR Impulse Relay - TOSUNlux Official Site - Electrical Circuit Breaker Manufacturer in China Low Voltage Electrical Supplier | TOSUNlux<\/title>\n<meta name=\"description\" content=\"BIR Impulse Relay Supplier - Wholesale direct from TOSUNlux, a trusted manufacturer since 1994. Get your B2B factory quote on our certified Low Voltage electrical products.\" \/>\n<meta name=\"robots\" content=\"index, follow, max-snippet:-1, max-image-preview:large, max-video-preview:-1\" \/>\n<link rel=\"canonical\" href=\"https:\/\/www.tosunlux.eu\/tr\/products\/bir-impulse-relay\/\" \/>\n<meta property=\"og:locale\" content=\"tr_TR\" \/>\n<meta property=\"og:type\" content=\"article\" \/>\n<meta property=\"og:title\" content=\"WholesaleBIR Impulse Relay - TOSUNlux Official Site - Electrical Circuit Breaker Manufacturer in China Low Voltage Electrical Supplier | TOSUNlux\" \/>\n<meta property=\"og:description\" content=\"BIR Impulse Relay Supplier - Wholesale direct from TOSUNlux, a trusted manufacturer since 1994. Get your B2B factory quote on our certified Low Voltage electrical products.\" \/>\n<meta property=\"og:url\" content=\"https:\/\/www.tosunlux.eu\/tr\/products\/bir-impulse-relay\/\" \/>\n<meta property=\"og:site_name\" content=\"TOSUNlux Official Site - Electrical Circuit Breaker Manufacturer in China\" \/>\n<meta property=\"article:publisher\" content=\"https:\/\/www.facebook.com\/TOSUNelectric\/\" \/>\n<meta property=\"article:modified_time\" content=\"2025-01-09T05:37:58+00:00\" \/>\n<meta property=\"og:image\" content=\"https:\/\/www.tosunlux.eu\/wp-content\/uploads\/2022\/05\/a.jpg\" \/>\n<meta name=\"twitter:card\" content=\"summary_large_image\" \/>\n<meta name=\"twitter:label1\" content=\"Tahmini okuma s\u00fcresi\" \/>\n\t<meta name=\"twitter:data1\" content=\"2 dakika\" \/>\n<script type=\"application\/ld+json\" class=\"yoast-schema-graph\">{\"@context\":\"https:\\\/\\\/schema.org\",\"@graph\":[{\"@type\":\"WebPage\",\"@id\":\"https:\\\/\\\/www.tosunlux.eu\\\/products\\\/bir-impulse-relay\\\/\",\"url\":\"https:\\\/\\\/www.tosunlux.eu\\\/products\\\/bir-impulse-relay\\\/\",\"name\":\"WholesaleBIR Impulse Relay - TOSUNlux Official Site - Electrical Circuit Breaker Manufacturer in China Low Voltage Electrical Supplier | TOSUNlux\",\"isPartOf\":{\"@id\":\"https:\\\/\\\/www.tosunlux.eu\\\/ru\\\/#website\"},\"primaryImageOfPage\":{\"@id\":\"https:\\\/\\\/www.tosunlux.eu\\\/products\\\/bir-impulse-relay\\\/#primaryimage\"},\"image\":{\"@id\":\"https:\\\/\\\/www.tosunlux.eu\\\/products\\\/bir-impulse-relay\\\/#primaryimage\"},\"thumbnailUrl\":\"https:\\\/\\\/www.tosunlux.eu\\\/wp-content\\\/uploads\\\/2022\\\/05\\\/a.jpg\",\"datePublished\":\"2022-05-14T05:12:42+00:00\",\"dateModified\":\"2025-01-09T05:37:58+00:00\",\"description\":\"BIR Impulse Relay Supplier - Wholesale direct from TOSUNlux, a trusted manufacturer since 1994. Get your B2B factory quote on our certified Low Voltage electrical products.\",\"breadcrumb\":{\"@id\":\"https:\\\/\\\/www.tosunlux.eu\\\/products\\\/bir-impulse-relay\\\/#breadcrumb\"},\"inLanguage\":\"tr\",\"potentialAction\":[{\"@type\":\"ReadAction\",\"target\":[\"https:\\\/\\\/www.tosunlux.eu\\\/products\\\/bir-impulse-relay\\\/\"]}]},{\"@type\":\"ImageObject\",\"inLanguage\":\"tr\",\"@id\":\"https:\\\/\\\/www.tosunlux.eu\\\/products\\\/bir-impulse-relay\\\/#primaryimage\",\"url\":\"https:\\\/\\\/www.tosunlux.eu\\\/wp-content\\\/uploads\\\/2022\\\/05\\\/a.jpg\",\"contentUrl\":\"https:\\\/\\\/www.tosunlux.eu\\\/wp-content\\\/uploads\\\/2022\\\/05\\\/a.jpg\"},{\"@type\":\"BreadcrumbList\",\"@id\":\"https:\\\/\\\/www.tosunlux.eu\\\/products\\\/bir-impulse-relay\\\/#breadcrumb\",\"itemListElement\":[{\"@type\":\"ListItem\",\"position\":1,\"name\":\"Home\",\"item\":\"https:\\\/\\\/www.tosunlux.eu\\\/ru\\\/\"},{\"@type\":\"ListItem\",\"position\":2,\"name\":\"Products\",\"item\":\"https:\\\/\\\/www.tosunlux.eu\\\/products\\\/\"},{\"@type\":\"ListItem\",\"position\":3,\"name\":\"BIR Impulse Relay\"}]},{\"@type\":\"WebSite\",\"@id\":\"https:\\\/\\\/www.tosunlux.eu\\\/ru\\\/#website\",\"url\":\"https:\\\/\\\/www.tosunlux.eu\\\/ru\\\/\",\"name\":\"TOSUNlux Official Site - Electrical Circuit Breaker Manufacturer in China\",\"description\":\"Power Distribution System Supplier\",\"publisher\":{\"@id\":\"https:\\\/\\\/www.tosunlux.eu\\\/ru\\\/#organization\"},\"alternateName\":\"TOSUNlux\",\"potentialAction\":[{\"@type\":\"SearchAction\",\"target\":{\"@type\":\"EntryPoint\",\"urlTemplate\":\"https:\\\/\\\/www.tosunlux.eu\\\/ru\\\/?s={search_term_string}\"},\"query-input\":{\"@type\":\"PropertyValueSpecification\",\"valueRequired\":true,\"valueName\":\"search_term_string\"}}],\"inLanguage\":\"tr\"},{\"@type\":\"Organization\",\"@id\":\"https:\\\/\\\/www.tosunlux.eu\\\/ru\\\/#organization\",\"name\":\"TOSUNlux\",\"url\":\"https:\\\/\\\/www.tosunlux.eu\\\/ru\\\/\",\"logo\":{\"@type\":\"ImageObject\",\"inLanguage\":\"tr\",\"@id\":\"https:\\\/\\\/www.tosunlux.eu\\\/ru\\\/#\\\/schema\\\/logo\\\/image\\\/\",\"url\":\"https:\\\/\\\/www.tosunlux.eu\\\/wp-content\\\/uploads\\\/2022\\\/01\\\/LOGOSYSM.71762f1.png\",\"contentUrl\":\"https:\\\/\\\/www.tosunlux.eu\\\/wp-content\\\/uploads\\\/2022\\\/01\\\/LOGOSYSM.71762f1.png\",\"width\":153,\"height\":55,\"caption\":\"TOSUNlux\"},\"image\":{\"@id\":\"https:\\\/\\\/www.tosunlux.eu\\\/ru\\\/#\\\/schema\\\/logo\\\/image\\\/\"},\"sameAs\":[\"https:\\\/\\\/www.facebook.com\\\/TOSUNelectric\\\/\",\"https:\\\/\\\/www.linkedin.com\\\/company\\\/wenzhou-tosun-electric-co.-ltd\\\/\"]}]}<\/script>\n<!-- \/ Yoast SEO plugin. -->","yoast_head_json":{"title":"WholesaleBIR Darbe R\u00f6lesi - TOSUNlux Resmi Sitesi - \u00c7in&#039;de Elektrik Devre Kesici \u00dcreticisi, D\u00fc\u015f\u00fck Voltajl\u0131 Elektrik Tedarik\u00e7isi | TOSUNlux","description":"BIR Darbe R\u00f6lesi Tedarik\u00e7isi - 1994&#039;ten beri g\u00fcvenilir bir \u00fcretici olan TOSUNlux&#039;tan do\u011frudan toptan sat\u0131\u015f. Sertifikal\u0131 D\u00fc\u015f\u00fck Voltajl\u0131 elektrik \u00fcr\u00fcnlerimiz i\u00e7in B2B fabrika fiyat teklifinizi al\u0131n.","robots":{"index":"index","follow":"follow","max-snippet":"max-snippet:-1","max-image-preview":"max-image-preview:large","max-video-preview":"max-video-preview:-1"},"canonical":"https:\/\/www.tosunlux.eu\/tr\/products\/bir-impulse-relay\/","og_locale":"tr_TR","og_type":"article","og_title":"WholesaleBIR Impulse Relay - TOSUNlux Official Site - Electrical Circuit Breaker Manufacturer in China Low Voltage Electrical Supplier | TOSUNlux","og_description":"BIR Impulse Relay Supplier - Wholesale direct from TOSUNlux, a trusted manufacturer since 1994. Get your B2B factory quote on our certified Low Voltage electrical products.","og_url":"https:\/\/www.tosunlux.eu\/tr\/products\/bir-impulse-relay\/","og_site_name":"TOSUNlux Official Site - Electrical Circuit Breaker Manufacturer in China","article_publisher":"https:\/\/www.facebook.com\/TOSUNelectric\/","article_modified_time":"2025-01-09T05:37:58+00:00","og_image":[{"url":"https:\/\/www.tosunlux.eu\/wp-content\/uploads\/2022\/05\/a.jpg","type":"","width":"","height":""}],"twitter_card":"summary_large_image","twitter_misc":{"Tahmini okuma s\u00fcresi":"2 dakika"},"schema":{"@context":"https:\/\/schema.org","@graph":[{"@type":"WebPage","@id":"https:\/\/www.tosunlux.eu\/products\/bir-impulse-relay\/","url":"https:\/\/www.tosunlux.eu\/products\/bir-impulse-relay\/","name":"WholesaleBIR Darbe R\u00f6lesi - TOSUNlux Resmi Sitesi - \u00c7in&#039;de Elektrik Devre Kesici \u00dcreticisi, D\u00fc\u015f\u00fck Voltajl\u0131 Elektrik Tedarik\u00e7isi | TOSUNlux","isPartOf":{"@id":"https:\/\/www.tosunlux.eu\/ru\/#website"},"primaryImageOfPage":{"@id":"https:\/\/www.tosunlux.eu\/products\/bir-impulse-relay\/#primaryimage"},"image":{"@id":"https:\/\/www.tosunlux.eu\/products\/bir-impulse-relay\/#primaryimage"},"thumbnailUrl":"https:\/\/www.tosunlux.eu\/wp-content\/uploads\/2022\/05\/a.jpg","datePublished":"2022-05-14T05:12:42+00:00","dateModified":"2025-01-09T05:37:58+00:00","description":"BIR Darbe R\u00f6lesi Tedarik\u00e7isi - 1994&#039;ten beri g\u00fcvenilir bir \u00fcretici olan TOSUNlux&#039;tan do\u011frudan toptan sat\u0131\u015f. Sertifikal\u0131 D\u00fc\u015f\u00fck Voltajl\u0131 elektrik \u00fcr\u00fcnlerimiz i\u00e7in B2B fabrika fiyat teklifinizi al\u0131n.","breadcrumb":{"@id":"https:\/\/www.tosunlux.eu\/products\/bir-impulse-relay\/#breadcrumb"},"inLanguage":"tr","potentialAction":[{"@type":"ReadAction","target":["https:\/\/www.tosunlux.eu\/products\/bir-impulse-relay\/"]}]},{"@type":"ImageObject","inLanguage":"tr","@id":"https:\/\/www.tosunlux.eu\/products\/bir-impulse-relay\/#primaryimage","url":"https:\/\/www.tosunlux.eu\/wp-content\/uploads\/2022\/05\/a.jpg","contentUrl":"https:\/\/www.tosunlux.eu\/wp-content\/uploads\/2022\/05\/a.jpg"},{"@type":"BreadcrumbList","@id":"https:\/\/www.tosunlux.eu\/products\/bir-impulse-relay\/#breadcrumb","itemListElement":[{"@type":"ListItem","position":1,"name":"Home","item":"https:\/\/www.tosunlux.eu\/ru\/"},{"@type":"ListItem","position":2,"name":"Products","item":"https:\/\/www.tosunlux.eu\/products\/"},{"@type":"ListItem","position":3,"name":"BIR Impulse Relay"}]},{"@type":"WebSite","@id":"https:\/\/www.tosunlux.eu\/ru\/#website","url":"https:\/\/www.tosunlux.eu\/ru\/","name":"TOSUNlux Resmi Sitesi - \u00c7in&#039;de Elektrik Sigortas\u0131 \u00dcreticisi","description":"G\u00fc\u00e7 Da\u011f\u0131t\u0131m Sistemi Tedarik\u00e7isi","publisher":{"@id":"https:\/\/www.tosunlux.eu\/ru\/#organization"},"alternateName":"TOSUNlux","potentialAction":[{"@type":"SearchAction","target":{"@type":"EntryPoint","urlTemplate":"https:\/\/www.tosunlux.eu\/ru\/?s={search_term_string}"},"query-input":{"@type":"PropertyValueSpecification","valueRequired":true,"valueName":"search_term_string"}}],"inLanguage":"tr"},{"@type":"Organization","@id":"https:\/\/www.tosunlux.eu\/ru\/#organization","name":"TOSUNlux","url":"https:\/\/www.tosunlux.eu\/ru\/","logo":{"@type":"ImageObject","inLanguage":"tr","@id":"https:\/\/www.tosunlux.eu\/ru\/#\/schema\/logo\/image\/","url":"https:\/\/www.tosunlux.eu\/wp-content\/uploads\/2022\/01\/LOGOSYSM.71762f1.png","contentUrl":"https:\/\/www.tosunlux.eu\/wp-content\/uploads\/2022\/01\/LOGOSYSM.71762f1.png","width":153,"height":55,"caption":"TOSUNlux"},"image":{"@id":"https:\/\/www.tosunlux.eu\/ru\/#\/schema\/logo\/image\/"},"sameAs":["https:\/\/www.facebook.com\/TOSUNelectric\/","https:\/\/www.linkedin.com\/company\/wenzhou-tosun-electric-co.-ltd\/"]}]}},"_links":{"self":[{"href":"https:\/\/www.tosunlux.eu\/tr\/wp-json\/wp\/v2\/product\/2785","targetHints":{"allow":["GET"]}}],"collection":[{"href":"https:\/\/www.tosunlux.eu\/tr\/wp-json\/wp\/v2\/product"}],"about":[{"href":"https:\/\/www.tosunlux.eu\/tr\/wp-json\/wp\/v2\/types\/product"}],"version-history":[{"count":2,"href":"https:\/\/www.tosunlux.eu\/tr\/wp-json\/wp\/v2\/product\/2785\/revisions"}],"predecessor-version":[{"id":12223,"href":"https:\/\/www.tosunlux.eu\/tr\/wp-json\/wp\/v2\/product\/2785\/revisions\/12223"}],"wp:attachment":[{"href":"https:\/\/www.tosunlux.eu\/tr\/wp-json\/wp\/v2\/media?parent=2785"}],"wp:term":[{"taxonomy":"product_category","embeddable":true,"href":"https:\/\/www.tosunlux.eu\/tr\/wp-json\/wp\/v2\/product_category?post=2785"}],"curies":[{"name":"wp","href":"https:\/\/api.w.org\/{rel}","templated":true}]}}