{"id":2802,"date":"2022-05-14T13:48:30","date_gmt":"2022-05-14T05:48:30","guid":{"rendered":"https:\/\/www.tosunlux.eu\/?post_type=product&#038;p=2802"},"modified":"2023-06-12T13:25:06","modified_gmt":"2023-06-12T05:25:06","slug":"modular-digital-voltage-current-protector","status":"publish","type":"product","link":"https:\/\/www.tosunlux.eu\/tr\/products\/modular-digital-voltage-current-protector\/","title":{"rendered":"Mod\u00fcler Dijital Voltaj ve Ak\u0131m Koruyucu"},"content":{"rendered":"<p><strong>Ba\u015fvuru<\/strong><\/p>\n\n\n\n<p>Yeni nesil ev aletleri koruyucular\u0131 olan TDP2 Gerilim Koruyucu, evlerde, otellerde, binalarda, okul yurtlar\u0131nda vb. cihazlar\u0131n ve di\u011fer y\u00fcklerin elektriksel g\u00fcvenli\u011fini korumak, \u015febeke g\u00fcc\u00fcn\u00fcn \u00e7ok y\u00fcksek veya \u00e7ok d\u00fc\u015f\u00fck olmas\u0131ndan kaynaklanan y\u00fck hasar\u0131n\u0131 \u00f6nlemek i\u00e7in uygundur.<\/p>\n\n\n\n<p><\/p>\n\n\n\n<p><strong>\u015eartname<\/strong><\/p>\n\n\n<table style=\"border-collapse: collapse; width: 790.52pt;\" border=\"0\" width=\"1054\" cellspacing=\"0\" cellpadding=\"0\">\n<tbody>\n<tr style=\"height: 20.45pt;\">\n<td class=\"et2\" style=\"height: 20.45pt; width: 226.05pt; text-align: center;\" width=\"301\" height=\"27\">\u00d6rnek<\/td>\n<td class=\"et2\" style=\"width: 187.8pt; text-align: center;\" width=\"250\">TDP2-1<\/td>\n<td class=\"et2\" style=\"width: 377.1pt; text-align: center;\" colspan=\"2\" width=\"502\">TDP2-3<\/td>\n<\/tr>\n<tr style=\"height: 22.50pt;\">\n<td class=\"et2\" style=\"height: 22.5pt; width: 226.05pt; text-align: center;\" width=\"301\" height=\"30\">Nominal Besleme Voltaj\u0131<\/td>\n<td class=\"et2\" style=\"width: 376.6pt; text-align: center;\" colspan=\"2\" width=\"502\">AC 220V<\/td>\n<td class=\"et2\" style=\"width: 188.3pt; text-align: center;\" width=\"251\">AC 380V<\/td>\n<\/tr>\n<tr style=\"height: 20.45pt;\">\n<td class=\"et2\" style=\"height: 20.45pt; width: 226.05pt; text-align: center;\" width=\"301\" height=\"27\">\u00c7al\u0131\u015fma Voltaj Aral\u0131\u011f\u0131<\/td>\n<td class=\"et2\" style=\"width: 187.8pt; text-align: center;\" width=\"250\">AC 80V~400V(tek faz)<\/td>\n<td class=\"et2\" style=\"width: 188.8pt; text-align: center;\" width=\"251\">AC 80~400V(\u00fc\u00e7 fazl\u0131)<\/td>\n<td class=\"et2\" style=\"width: 188.3pt; text-align: center;\" width=\"251\">AC140~700V(\u00fc\u00e7 faz)<\/td>\n<\/tr>\n<tr style=\"height: 20.95pt;\">\n<td class=\"et2\" style=\"height: 20.95pt; width: 226.05pt; text-align: center;\" width=\"301\" height=\"27\">Elektrik Ak\u0131m\u0131(&gt; A)Ayar Aral\u0131\u011f\u0131<\/td>\n<td class=\"et2\" style=\"width: 187.8pt; text-align: center;\" width=\"250\">1 ~40\/63A<\/td>\n<td class=\"et2\" style=\"width: 188.8pt; text-align: center;\" width=\"251\">1 ~40A\/63A\/80A\/100A<\/td>\n<td class=\"et2\" style=\"width: 188.3pt; text-align: center;\" width=\"251\">1 ~40A\/63A\/80A\/100A<\/td>\n<\/tr>\n<tr style=\"height: 21.45pt;\">\n<td class=\"et2\" style=\"height: 21.45pt; width: 226.05pt; text-align: center;\" width=\"301\" height=\"28\">A\u015f\u0131r\u0131 Gerilim(&gt;U)Ayar Aral\u0131\u011f\u0131<\/td>\n<td class=\"et2\" style=\"width: 376.6pt; text-align: center;\" colspan=\"2\" width=\"502\">230~300V<\/td>\n<td class=\"et2\" style=\"width: 188.3pt; text-align: center;\" width=\"251\">390~500v<\/td>\n<\/tr>\n<tr style=\"height: 20.95pt;\">\n<td class=\"et2\" style=\"height: 20.95pt; width: 226.05pt; text-align: center;\" width=\"301\" height=\"27\">D\u00fc\u015f\u00fck voltaj(<\/td>\n<td class=\"et2\" style=\"width: 376.6pt; text-align: center;\" colspan=\"2\" width=\"502\">210~140V<\/td>\n<td class=\"et2\" style=\"width: 188.3pt; text-align: center;\" width=\"251\">370~260V<\/td>\n<\/tr>\n<tr style=\"height: 21.45pt;\">\n<td class=\"et2\" style=\"height: 21.45pt; width: 226.05pt; text-align: center;\" width=\"301\" height=\"28\">Anma Ak\u0131m\u0131<\/td>\n<td class=\"et2\" style=\"width: 187.8pt; text-align: center;\" width=\"250\">40\/63A<\/td>\n<td class=\"et2\" style=\"width: 188.8pt; text-align: center;\" width=\"251\">40A\/63A\/80A\/100A<\/td>\n<td class=\"et2\" style=\"width: 188.3pt; text-align: center;\" width=\"251\">40A\/63A\/80A\/100A<\/td>\n<\/tr>\n<tr style=\"height: 21.45pt;\">\n<td class=\"et2\" style=\"height: 21.45pt; width: 226.05pt; text-align: center;\" width=\"301\" height=\"28\">&gt;Siz ve<\/td>\n<td class=\"et2\" style=\"width: 564.9pt; text-align: center;\" colspan=\"3\" width=\"753\">0,1~30sn<\/td>\n<\/tr>\n<tr style=\"height: 20.95pt;\">\n<td class=\"et2\" style=\"height: 20.95pt; width: 226.05pt; text-align: center;\" width=\"301\" height=\"27\">S\u0131f\u0131rlama\/Ba\u015flatma Gecikmesi<\/td>\n<td class=\"et2\" style=\"width: 187.8pt; text-align: center;\" width=\"250\">1 ~600s<\/td>\n<td class=\"et2\" style=\"width: 377.1pt; text-align: center;\" colspan=\"2\" width=\"502\">1 ~500s<\/td>\n<\/tr>\n<tr style=\"height: 21.45pt;\">\n<td class=\"et2\" style=\"height: 21.45pt; width: 226.05pt; text-align: center;\" width=\"301\" height=\"28\">Gerilim \u00d6l\u00e7\u00fcm Do\u011frulu\u011fu<\/td>\n<td class=\"et2\" style=\"width: 564.9pt; text-align: center;\" colspan=\"3\" width=\"753\">2% (Genel aral\u0131\u011f\u0131n 2%&#039;sini a\u015fmayan)<\/td>\n<\/tr>\n<tr style=\"height: 20.95pt;\">\n<td class=\"et2\" style=\"height: 20.95pt; width: 226.05pt; text-align: center;\" width=\"301\" height=\"27\">Anma Yal\u0131t\u0131m Voltaj\u0131<\/td>\n<td class=\"et2\" style=\"width: 376.6pt; text-align: center;\" colspan=\"2\" width=\"502\">400V<\/td>\n<td class=\"et2\" style=\"width: 188.3pt; text-align: center;\" width=\"251\">700V<\/td>\n<\/tr>\n<tr style=\"height: 20.95pt;\">\n<td class=\"et2\" style=\"height: 20.95pt; width: 226.05pt; text-align: center;\" width=\"301\" height=\"27\">\u00c7\u0131kt\u0131 \u0130leti\u015fimi<\/td>\n<td class=\"et2\" style=\"width: 187.8pt; text-align: center;\" width=\"250\">1HAYIR<\/td>\n<td class=\"et2\" style=\"width: 377.1pt; text-align: center;\" colspan=\"2\" width=\"502\">3HAYIR<\/td>\n<\/tr>\n<tr style=\"height: 21.95pt;\">\n<td class=\"et2\" style=\"height: 21.95pt; width: 226.05pt; text-align: center;\" width=\"301\" height=\"29\">Koruma Derecesi<\/td>\n<td class=\"et2\" style=\"width: 564.9pt; text-align: center;\" colspan=\"3\" width=\"753\">IP20<\/td>\n<\/tr>\n<tr style=\"height: 20.95pt;\">\n<td class=\"et2\" style=\"height: 20.95pt; width: 226.05pt; text-align: center;\" width=\"301\" height=\"27\">Kirlilik Derecesi<\/td>\n<td class=\"et2\" style=\"width: 564.9pt; text-align: center;\" colspan=\"3\" width=\"753\">3<\/td>\n<\/tr>\n<tr style=\"height: 20.45pt;\">\n<td class=\"et2\" style=\"height: 20.45pt; width: 226.05pt; text-align: center;\" width=\"301\" height=\"27\">Y\u00fckseklik<\/td>\n<td class=\"et2\" style=\"width: 564.9pt; text-align: center;\" colspan=\"3\" width=\"753\">\u22642000m<\/td>\n<\/tr>\n<tr style=\"height: 21.95pt;\">\n<td class=\"et2\" style=\"height: 21.95pt; width: 226.05pt; text-align: center;\" width=\"301\" height=\"29\">\u00c7al\u0131\u015fma S\u0131cakl\u0131\u011f\u0131<\/td>\n<td class=\"et2\" style=\"width: 564.9pt; text-align: center;\" colspan=\"3\" width=\"753\">\u2013 50\u00b0C~55\u00b0C<\/td>\n<\/tr>\n<tr style=\"height: 20.45pt;\">\n<td class=\"et2\" style=\"height: 20.45pt; width: 226.05pt; text-align: center;\" width=\"301\" height=\"27\">Nem<\/td>\n<td class=\"et2\" style=\"width: 564.9pt; text-align: center;\" colspan=\"3\" width=\"753\">\u226450% 40\u00b0C&#039;de (yo\u011fu\u015fma olmadan)<\/td>\n<\/tr>\n<tr style=\"height: 21.95pt;\">\n<td class=\"et2\" style=\"height: 21.95pt; width: 226.05pt; text-align: center;\" width=\"301\" height=\"29\">Depolama S\u0131cakl\u0131\u011f\u0131<\/td>\n<td class=\"et2\" style=\"width: 564.9pt; text-align: center;\" colspan=\"3\" width=\"753\">-30\u00b0C~70\u00b0C<\/td>\n<\/tr>\n<\/tbody>\n<\/table>\n\n\n<p><strong>Boyutlar<\/strong><\/p>\n\n\n\n<figure class=\"wp-block-image size-large\"><img fetchpriority=\"high\" decoding=\"async\" width=\"1024\" height=\"238\" src=\"https:\/\/www.tosunlux.eu\/wp-content\/uploads\/2023\/06\/TDP2-1024x238.jpg\" alt=\"\" class=\"wp-image-7240\" srcset=\"https:\/\/www.tosunlux.eu\/wp-content\/uploads\/2023\/06\/TDP2-1024x238.jpg 1024w, https:\/\/www.tosunlux.eu\/wp-content\/uploads\/2023\/06\/TDP2-300x70.jpg 300w, https:\/\/www.tosunlux.eu\/wp-content\/uploads\/2023\/06\/TDP2-768x178.jpg 768w, https:\/\/www.tosunlux.eu\/wp-content\/uploads\/2023\/06\/TDP2-1536x356.jpg 1536w, https:\/\/www.tosunlux.eu\/wp-content\/uploads\/2023\/06\/TDP2-18x4.jpg 18w, https:\/\/www.tosunlux.eu\/wp-content\/uploads\/2023\/06\/TDP2.jpg 1599w\" sizes=\"(max-width: 1024px) 100vw, 1024px\" \/><\/figure>","protected":false},"parent":0,"template":"","product_category":[82],"class_list":["post-2802","product","type-product","status-publish","hentry","product_category-voltage-protector"],"yoast_head":"<!-- This site is optimized with the Yoast SEO plugin v27.5 - https:\/\/yoast.com\/product\/yoast-seo-wordpress\/ -->\n<title>WholesaleModular Digital Voltage &amp; Current Protector - TOSUNlux Official Site - Electrical Circuit Breaker Manufacturer in China Low Voltage Electrical Supplier | TOSUNlux<\/title>\n<meta name=\"description\" content=\"Modular Digital Voltage &amp; Current Protector Supplier - Wholesale direct from TOSUNlux, a trusted manufacturer since 1994. Get your B2B factory quote on our certified Low Voltage electrical products.\" \/>\n<meta name=\"robots\" content=\"index, follow, max-snippet:-1, max-image-preview:large, max-video-preview:-1\" \/>\n<link rel=\"canonical\" href=\"https:\/\/www.tosunlux.eu\/tr\/products\/modular-digital-voltage-current-protector\/\" \/>\n<meta property=\"og:locale\" content=\"tr_TR\" \/>\n<meta property=\"og:type\" content=\"article\" \/>\n<meta property=\"og:title\" content=\"WholesaleModular Digital Voltage &amp; Current Protector - TOSUNlux Official Site - Electrical Circuit Breaker Manufacturer in China Low Voltage Electrical Supplier | TOSUNlux\" \/>\n<meta property=\"og:description\" content=\"Modular Digital Voltage &amp; Current Protector Supplier - Wholesale direct from TOSUNlux, a trusted manufacturer since 1994. Get your B2B factory quote on our certified Low Voltage electrical products.\" \/>\n<meta property=\"og:url\" content=\"https:\/\/www.tosunlux.eu\/tr\/products\/modular-digital-voltage-current-protector\/\" \/>\n<meta property=\"og:site_name\" content=\"TOSUNlux Official Site - Electrical Circuit Breaker Manufacturer in China\" \/>\n<meta property=\"article:publisher\" content=\"https:\/\/www.facebook.com\/TOSUNelectric\/\" \/>\n<meta property=\"article:modified_time\" content=\"2023-06-12T05:25:06+00:00\" \/>\n<meta property=\"og:image\" content=\"https:\/\/www.tosunlux.eu\/wp-content\/uploads\/2023\/06\/TDP2-1024x238.jpg\" \/>\n<meta name=\"twitter:card\" content=\"summary_large_image\" \/>\n<meta name=\"twitter:label1\" content=\"Tahmini okuma s\u00fcresi\" \/>\n\t<meta name=\"twitter:data1\" content=\"1 dakika\" \/>\n<script type=\"application\/ld+json\" class=\"yoast-schema-graph\">{\"@context\":\"https:\\\/\\\/schema.org\",\"@graph\":[{\"@type\":\"WebPage\",\"@id\":\"https:\\\/\\\/www.tosunlux.eu\\\/el\\\/products\\\/modular-digital-voltage-current-protector\\\/\",\"url\":\"https:\\\/\\\/www.tosunlux.eu\\\/el\\\/products\\\/modular-digital-voltage-current-protector\\\/\",\"name\":\"WholesaleModular Digital Voltage & Current Protector - TOSUNlux Official Site - Electrical Circuit Breaker Manufacturer in China Low Voltage Electrical Supplier | TOSUNlux\",\"isPartOf\":{\"@id\":\"https:\\\/\\\/www.tosunlux.eu\\\/ru\\\/#website\"},\"primaryImageOfPage\":{\"@id\":\"https:\\\/\\\/www.tosunlux.eu\\\/el\\\/products\\\/modular-digital-voltage-current-protector\\\/#primaryimage\"},\"image\":{\"@id\":\"https:\\\/\\\/www.tosunlux.eu\\\/el\\\/products\\\/modular-digital-voltage-current-protector\\\/#primaryimage\"},\"thumbnailUrl\":\"https:\\\/\\\/www.tosunlux.eu\\\/wp-content\\\/uploads\\\/2023\\\/06\\\/TDP2-1024x238.jpg\",\"datePublished\":\"2022-05-14T05:48:30+00:00\",\"dateModified\":\"2023-06-12T05:25:06+00:00\",\"description\":\"Modular Digital Voltage & Current Protector Supplier - Wholesale direct from TOSUNlux, a trusted manufacturer since 1994. Get your B2B factory quote on our certified Low Voltage electrical products.\",\"breadcrumb\":{\"@id\":\"https:\\\/\\\/www.tosunlux.eu\\\/el\\\/products\\\/modular-digital-voltage-current-protector\\\/#breadcrumb\"},\"inLanguage\":\"tr\",\"potentialAction\":[{\"@type\":\"ReadAction\",\"target\":[\"https:\\\/\\\/www.tosunlux.eu\\\/el\\\/products\\\/modular-digital-voltage-current-protector\\\/\"]}]},{\"@type\":\"ImageObject\",\"inLanguage\":\"tr\",\"@id\":\"https:\\\/\\\/www.tosunlux.eu\\\/el\\\/products\\\/modular-digital-voltage-current-protector\\\/#primaryimage\",\"url\":\"https:\\\/\\\/www.tosunlux.eu\\\/wp-content\\\/uploads\\\/2023\\\/06\\\/TDP2-1024x238.jpg\",\"contentUrl\":\"https:\\\/\\\/www.tosunlux.eu\\\/wp-content\\\/uploads\\\/2023\\\/06\\\/TDP2-1024x238.jpg\"},{\"@type\":\"BreadcrumbList\",\"@id\":\"https:\\\/\\\/www.tosunlux.eu\\\/el\\\/products\\\/modular-digital-voltage-current-protector\\\/#breadcrumb\",\"itemListElement\":[{\"@type\":\"ListItem\",\"position\":1,\"name\":\"Home\",\"item\":\"https:\\\/\\\/www.tosunlux.eu\\\/ru\\\/\"},{\"@type\":\"ListItem\",\"position\":2,\"name\":\"Products\",\"item\":\"https:\\\/\\\/www.tosunlux.eu\\\/products\\\/\"},{\"@type\":\"ListItem\",\"position\":3,\"name\":\"Modular Digital Voltage &#038; Current Protector\"}]},{\"@type\":\"WebSite\",\"@id\":\"https:\\\/\\\/www.tosunlux.eu\\\/ru\\\/#website\",\"url\":\"https:\\\/\\\/www.tosunlux.eu\\\/ru\\\/\",\"name\":\"TOSUNlux Official Site - Electrical Circuit Breaker Manufacturer in China\",\"description\":\"Power Distribution System Supplier\",\"publisher\":{\"@id\":\"https:\\\/\\\/www.tosunlux.eu\\\/ru\\\/#organization\"},\"alternateName\":\"TOSUNlux\",\"potentialAction\":[{\"@type\":\"SearchAction\",\"target\":{\"@type\":\"EntryPoint\",\"urlTemplate\":\"https:\\\/\\\/www.tosunlux.eu\\\/ru\\\/?s={search_term_string}\"},\"query-input\":{\"@type\":\"PropertyValueSpecification\",\"valueRequired\":true,\"valueName\":\"search_term_string\"}}],\"inLanguage\":\"tr\"},{\"@type\":\"Organization\",\"@id\":\"https:\\\/\\\/www.tosunlux.eu\\\/ru\\\/#organization\",\"name\":\"TOSUNlux\",\"url\":\"https:\\\/\\\/www.tosunlux.eu\\\/ru\\\/\",\"logo\":{\"@type\":\"ImageObject\",\"inLanguage\":\"tr\",\"@id\":\"https:\\\/\\\/www.tosunlux.eu\\\/ru\\\/#\\\/schema\\\/logo\\\/image\\\/\",\"url\":\"https:\\\/\\\/www.tosunlux.eu\\\/wp-content\\\/uploads\\\/2022\\\/01\\\/LOGOSYSM.71762f1.png\",\"contentUrl\":\"https:\\\/\\\/www.tosunlux.eu\\\/wp-content\\\/uploads\\\/2022\\\/01\\\/LOGOSYSM.71762f1.png\",\"width\":153,\"height\":55,\"caption\":\"TOSUNlux\"},\"image\":{\"@id\":\"https:\\\/\\\/www.tosunlux.eu\\\/ru\\\/#\\\/schema\\\/logo\\\/image\\\/\"},\"sameAs\":[\"https:\\\/\\\/www.facebook.com\\\/TOSUNelectric\\\/\",\"https:\\\/\\\/www.linkedin.com\\\/company\\\/wenzhou-tosun-electric-co.-ltd\\\/\"]}]}<\/script>\n<!-- \/ Yoast SEO plugin. -->","yoast_head_json":{"title":"WholesaleModular Digital Voltage & Current Protector - TOSUNlux Official Site - Electrical Circuit Breaker Manufacturer in China Low Voltage Electrical Supplier | TOSUNlux","description":"Modular Digital Voltage & Current Protector Supplier - Wholesale direct from TOSUNlux, a trusted manufacturer since 1994. Get your B2B factory quote on our certified Low Voltage electrical products.","robots":{"index":"index","follow":"follow","max-snippet":"max-snippet:-1","max-image-preview":"max-image-preview:large","max-video-preview":"max-video-preview:-1"},"canonical":"https:\/\/www.tosunlux.eu\/tr\/products\/modular-digital-voltage-current-protector\/","og_locale":"tr_TR","og_type":"article","og_title":"WholesaleModular Digital Voltage & Current Protector - TOSUNlux Official Site - Electrical Circuit Breaker Manufacturer in China Low Voltage Electrical Supplier | TOSUNlux","og_description":"Modular Digital Voltage & Current Protector Supplier - Wholesale direct from TOSUNlux, a trusted manufacturer since 1994. Get your B2B factory quote on our certified Low Voltage electrical products.","og_url":"https:\/\/www.tosunlux.eu\/tr\/products\/modular-digital-voltage-current-protector\/","og_site_name":"TOSUNlux Official Site - Electrical Circuit Breaker Manufacturer in China","article_publisher":"https:\/\/www.facebook.com\/TOSUNelectric\/","article_modified_time":"2023-06-12T05:25:06+00:00","og_image":[{"url":"https:\/\/www.tosunlux.eu\/wp-content\/uploads\/2023\/06\/TDP2-1024x238.jpg","type":"","width":"","height":""}],"twitter_card":"summary_large_image","twitter_misc":{"Tahmini okuma s\u00fcresi":"1 dakika"},"schema":{"@context":"https:\/\/schema.org","@graph":[{"@type":"WebPage","@id":"https:\/\/www.tosunlux.eu\/el\/products\/modular-digital-voltage-current-protector\/","url":"https:\/\/www.tosunlux.eu\/el\/products\/modular-digital-voltage-current-protector\/","name":"WholesaleModular Digital Voltage & Current Protector - TOSUNlux Official Site - Electrical Circuit Breaker Manufacturer in China Low Voltage Electrical Supplier | TOSUNlux","isPartOf":{"@id":"https:\/\/www.tosunlux.eu\/ru\/#website"},"primaryImageOfPage":{"@id":"https:\/\/www.tosunlux.eu\/el\/products\/modular-digital-voltage-current-protector\/#primaryimage"},"image":{"@id":"https:\/\/www.tosunlux.eu\/el\/products\/modular-digital-voltage-current-protector\/#primaryimage"},"thumbnailUrl":"https:\/\/www.tosunlux.eu\/wp-content\/uploads\/2023\/06\/TDP2-1024x238.jpg","datePublished":"2022-05-14T05:48:30+00:00","dateModified":"2023-06-12T05:25:06+00:00","description":"Modular Digital Voltage & Current Protector Supplier - Wholesale direct from TOSUNlux, a trusted manufacturer since 1994. Get your B2B factory quote on our certified Low Voltage electrical products.","breadcrumb":{"@id":"https:\/\/www.tosunlux.eu\/el\/products\/modular-digital-voltage-current-protector\/#breadcrumb"},"inLanguage":"tr","potentialAction":[{"@type":"ReadAction","target":["https:\/\/www.tosunlux.eu\/el\/products\/modular-digital-voltage-current-protector\/"]}]},{"@type":"ImageObject","inLanguage":"tr","@id":"https:\/\/www.tosunlux.eu\/el\/products\/modular-digital-voltage-current-protector\/#primaryimage","url":"https:\/\/www.tosunlux.eu\/wp-content\/uploads\/2023\/06\/TDP2-1024x238.jpg","contentUrl":"https:\/\/www.tosunlux.eu\/wp-content\/uploads\/2023\/06\/TDP2-1024x238.jpg"},{"@type":"BreadcrumbList","@id":"https:\/\/www.tosunlux.eu\/el\/products\/modular-digital-voltage-current-protector\/#breadcrumb","itemListElement":[{"@type":"ListItem","position":1,"name":"Home","item":"https:\/\/www.tosunlux.eu\/ru\/"},{"@type":"ListItem","position":2,"name":"Products","item":"https:\/\/www.tosunlux.eu\/products\/"},{"@type":"ListItem","position":3,"name":"Modular Digital Voltage &#038; Current Protector"}]},{"@type":"WebSite","@id":"https:\/\/www.tosunlux.eu\/ru\/#website","url":"https:\/\/www.tosunlux.eu\/ru\/","name":"TOSUNlux Resmi Sitesi - \u00c7in&#039;de Elektrik Sigortas\u0131 \u00dcreticisi","description":"G\u00fc\u00e7 Da\u011f\u0131t\u0131m Sistemi Tedarik\u00e7isi","publisher":{"@id":"https:\/\/www.tosunlux.eu\/ru\/#organization"},"alternateName":"TOSUNlux","potentialAction":[{"@type":"SearchAction","target":{"@type":"EntryPoint","urlTemplate":"https:\/\/www.tosunlux.eu\/ru\/?s={search_term_string}"},"query-input":{"@type":"PropertyValueSpecification","valueRequired":true,"valueName":"search_term_string"}}],"inLanguage":"tr"},{"@type":"Organization","@id":"https:\/\/www.tosunlux.eu\/ru\/#organization","name":"TOSUNlux","url":"https:\/\/www.tosunlux.eu\/ru\/","logo":{"@type":"ImageObject","inLanguage":"tr","@id":"https:\/\/www.tosunlux.eu\/ru\/#\/schema\/logo\/image\/","url":"https:\/\/www.tosunlux.eu\/wp-content\/uploads\/2022\/01\/LOGOSYSM.71762f1.png","contentUrl":"https:\/\/www.tosunlux.eu\/wp-content\/uploads\/2022\/01\/LOGOSYSM.71762f1.png","width":153,"height":55,"caption":"TOSUNlux"},"image":{"@id":"https:\/\/www.tosunlux.eu\/ru\/#\/schema\/logo\/image\/"},"sameAs":["https:\/\/www.facebook.com\/TOSUNelectric\/","https:\/\/www.linkedin.com\/company\/wenzhou-tosun-electric-co.-ltd\/"]}]}},"_links":{"self":[{"href":"https:\/\/www.tosunlux.eu\/tr\/wp-json\/wp\/v2\/product\/2802","targetHints":{"allow":["GET"]}}],"collection":[{"href":"https:\/\/www.tosunlux.eu\/tr\/wp-json\/wp\/v2\/product"}],"about":[{"href":"https:\/\/www.tosunlux.eu\/tr\/wp-json\/wp\/v2\/types\/product"}],"version-history":[{"count":2,"href":"https:\/\/www.tosunlux.eu\/tr\/wp-json\/wp\/v2\/product\/2802\/revisions"}],"predecessor-version":[{"id":7923,"href":"https:\/\/www.tosunlux.eu\/tr\/wp-json\/wp\/v2\/product\/2802\/revisions\/7923"}],"wp:attachment":[{"href":"https:\/\/www.tosunlux.eu\/tr\/wp-json\/wp\/v2\/media?parent=2802"}],"wp:term":[{"taxonomy":"product_category","embeddable":true,"href":"https:\/\/www.tosunlux.eu\/tr\/wp-json\/wp\/v2\/product_category?post=2802"}],"curies":[{"name":"wp","href":"https:\/\/api.w.org\/{rel}","templated":true}]}}