{"id":2846,"date":"2022-05-14T16:02:45","date_gmt":"2022-05-14T08:02:45","guid":{"rendered":"https:\/\/www.tosunlux.eu\/?post_type=product&#038;p=2846"},"modified":"2022-05-14T16:03:41","modified_gmt":"2022-05-14T08:03:41","slug":"tsu1-surge-protector","status":"publish","type":"product","link":"https:\/\/www.tosunlux.eu\/tr\/products\/tsu1-surge-protector\/","title":{"rendered":"TSU1 A\u015f\u0131r\u0131 Gerilim Koruyucu"},"content":{"rendered":"<p><strong>Ba\u015fvuru<\/strong><\/p>\n\n\n\n<p>TSU1 a\u015f\u0131r\u0131 gerilim koruyucusu esas olarak ge\u00e7ici a\u015f\u0131r\u0131 gerilimin genlik de\u011ferini s\u0131n\u0131rlamak, AC 50\/60Hz elektrik tesisat\u0131ndaki a\u015f\u0131r\u0131 gerilim enerjisini emmek, t\u00fcketmek, bo\u015faltmak, nominal \u00e7al\u0131\u015fma gerilimi 230V, a\u015f\u0131r\u0131 gerilim ak\u0131\u015f kapasitesi 50A&#039;dan fazla olmamak \u00fczere uygulan\u0131r. Korunan elektrik bile\u015feninin bir a\u015f\u0131r\u0131 gerilim t\u00fcr\u00fcnden di\u011ferine daha d\u00fc\u015f\u00fck a\u015f\u0131r\u0131 gerilim t\u00fcr\u00fcne ge\u00e7mesini sa\u011flayabilen daha y\u00fcksek a\u015f\u0131r\u0131 gerilim t\u00fcr\u00fc durumunda kullan\u0131l\u0131r. Di\u011fer mod\u00fcl terminali elektrik ekipman\u0131yla kombine elektrikli ekipman olu\u015fturmak i\u00e7in uyarlanm\u0131\u015ft\u0131r, b\u00f6ylece kurulum t\u00fcrlerini art\u0131rabilir ve kullan\u0131m aral\u0131\u011f\u0131n\u0131 geni\u015fletebilir veya TV setini, hi-fi sesini ve bu t\u00fcr elektrikli cihazlar\u0131 veya bilgisayar, mikrobilgisayar gibi tesisleri korumak i\u00e7in terminalleri kullanma a\u015f\u0131r\u0131 gerilimini daha da d\u00fc\u015f\u00fcrebilir. Koruyucu, ev ve benzeri yerler i\u00e7in g\u00fc\u00e7 kullan\u0131m\u0131na, y\u0131ld\u0131r\u0131m do\u011frudan darbesinde devreye girme tesislerine veya d\u0131\u015f mekan parafudrunun neden oldu\u011fu a\u015f\u0131r\u0131 ak\u0131m\u0131n hasar\u0131ndan korumaya uygulan\u0131r. \u00dcr\u00fcnler IEC61643 ile uyumludur.<\/p>\n\n\n\n<p><\/p>\n\n\n\n<p><strong>\u015eartname<\/strong><\/p>\n\n\n<table style=\"border-collapse: collapse; width: 390.77pt;\" border=\"0\" width=\"521\" cellspacing=\"0\" cellpadding=\"0\">\n<tbody>\n<tr style=\"height: 12.75pt;\">\n<td style=\"height: 12.75pt; width: 222.00pt;\" width=\"296\" height=\"17\">Kutup Say\u0131s\u0131<\/td>\n<td class=\"et2\" style=\"width: 168.75pt; text-align: center;\" width=\"225\">1P,1P+N,3P,3P+N<\/td>\n<\/tr>\n<tr style=\"height: 12.75pt;\">\n<td style=\"height: 12.75pt;\" height=\"17\">Termal Ayar (A)<\/td>\n<td class=\"et2\" style=\"text-align: center;\">6,10,16,20,25,32,40<\/td>\n<\/tr>\n<tr style=\"height: 12.75pt;\">\n<td style=\"height: 12.75pt;\" height=\"17\">Gezinme \u00d6zelli\u011fi<\/td>\n<td class=\"et2\" style=\"text-align: center;\">B,S<\/td>\n<\/tr>\n<tr style=\"height: 12.75pt;\">\n<td style=\"height: 12.75pt; text-align: left;\" height=\"17\">Anma Gerilimi AC Un(V)<\/td>\n<td class=\"et2\" style=\"text-align: center;\">240<\/td>\n<\/tr>\n<tr style=\"height: 12.75pt;\">\n<td style=\"height: 12.75pt;\" height=\"17\">Minimum \u00c7al\u0131\u015fma Voltaj\u0131 UBmin(V)<\/td>\n<td class=\"et2\" style=\"text-align: center;\">100<\/td>\n<\/tr>\n<tr style=\"height: 12.75pt;\">\n<td style=\"height: 12.75pt;\" height=\"17\">Mekanik Elektriksel Dayan\u0131kl\u0131l\u0131k<\/td>\n<td class=\"et2\" style=\"text-align: center;\">20000\/10000<\/td>\n<\/tr>\n<tr style=\"height: 12.75pt;\">\n<td style=\"height: 12.75pt;\" height=\"17\">Terminal Kapasitesi Esnek\/sert Kablo (mm2)<\/td>\n<td class=\"et2\" style=\"text-align: center;\">Alt terminal:16-25<\/td>\n<\/tr>\n<tr style=\"height: 12.75pt;\">\n<td style=\"height: 12.75pt;\" height=\"17\">Rahats\u0131z Edici Tetikleme Direnci<\/td>\n<td class=\"et2\" style=\"text-align: center;\">250A8\/20\u03bcs<\/td>\n<\/tr>\n<tr style=\"height: 12.75pt;\">\n<td style=\"height: 12.75pt;\" height=\"17\">Ortam S\u0131cakl\u0131\u011f\u0131 (\u00baC).<\/td>\n<td class=\"et2\" style=\"text-align: center;\">-5~+55<\/td>\n<\/tr>\n<\/tbody>\n<\/table>\n<p>\u00a0<\/p>\n<p><strong>Teknik Parametre<\/strong><\/p>\n<table style=\"border-collapse: collapse; width: 567.77pt;\" border=\"0\" width=\"757\" cellspacing=\"0\" cellpadding=\"0\">\n<tbody>\n<tr style=\"height: 12.75pt;\">\n<td style=\"height: 12.75pt; width: 205.50pt;\" width=\"274\" height=\"17\">Koruma s\u0131n\u0131f\u0131<\/td>\n<td class=\"et2\" style=\"width: 123.75pt; text-align: center;\" width=\"165\">B s\u0131n\u0131f\u0131<\/td>\n<td class=\"et2\" style=\"width: 132pt; text-align: center;\" width=\"176\">C s\u0131n\u0131f\u0131<\/td>\n<td class=\"et2\" style=\"width: 106.5pt; text-align: center;\" width=\"142\">D s\u0131n\u0131f\u0131<\/td>\n<\/tr>\n<tr style=\"height: 12.75pt;\">\n<td style=\"height: 12.75pt; text-align: left;\" height=\"17\">Anma Ak\u0131m\u0131 (kA)<\/td>\n<td class=\"et2\" style=\"text-align: center;\">40-65<\/td>\n<td class=\"et2\" style=\"text-align: center;\">15-40<\/td>\n<td class=\"et2\" style=\"text-align: center;\">8-15<\/td>\n<\/tr>\n<tr style=\"height: 12.75pt;\">\n<td style=\"height: 12.75pt;\" height=\"17\">Tepki s\u00fcresi(tr)<\/td>\n<td class=\"et2\" style=\"text-align: center;\">&lt;25ns<\/td>\n<td class=\"et2\" style=\"text-align: center;\">&lt;25ns<\/td>\n<td class=\"et2\" style=\"text-align: center;\">&lt;25ns<\/td>\n<\/tr>\n<tr style=\"height: 12.75pt;\">\n<td style=\"height: 12.75pt;\" height=\"17\">Koruma gerilim seviyesi (Yukar\u0131)<\/td>\n<td class=\"et2\" style=\"text-align: center;\">&lt;2,0 kV<\/td>\n<td class=\"et2\" style=\"text-align: center;\">&lt;1,8 kV<\/td>\n<td class=\"et2\" style=\"text-align: center;\">&lt;1,5kV<\/td>\n<\/tr>\n<tr style=\"height: 12.75pt;\">\n<td style=\"height: 12.75pt;\" height=\"17\">Maksimum kal\u0131c\u0131 \u00e7al\u0131\u015fma voltaj\u0131 (Ue)<\/td>\n<td class=\"et2\" style=\"text-align: center;\">275\/440VAC<\/td>\n<td class=\"et2\" style=\"text-align: center;\">275\/440VAC<\/td>\n<td class=\"et2\" style=\"text-align: center;\">275\/440VAC<\/td>\n<\/tr>\n<tr style=\"height: 12.75pt;\">\n<td style=\"height: 12.75pt;\" height=\"17\">Nominal de\u015farj ak\u0131m\u0131 (In)<\/td>\n<td class=\"et2\" style=\"text-align: center;\">25kA(10\/350)\u03bcs<\/td>\n<td class=\"et2\" style=\"text-align: center;\">10kA,15kA (8\/20)\u03bcs<\/td>\n<td class=\"et2\" style=\"text-align: center;\">2,5kA,5kA(8\/20)\u03bcs<\/td>\n<\/tr>\n<tr style=\"height: 12.75pt;\">\n<td style=\"height: 12.75pt; text-align: left;\" height=\"17\">Maksimum de\u015farj ak\u0131m\u0131 (lmax)<\/td>\n<td class=\"et2\" style=\"text-align: center;\">50kA(8\/80)\u03bcs<\/td>\n<td class=\"et2\" style=\"text-align: center;\">30kA.40kA (8\/20)\u03bcs<\/td>\n<td class=\"et2\" style=\"text-align: center;\">5kA,10kA(8\/20)\u03bcs<\/td>\n<\/tr>\n<tr style=\"height: 12.75pt;\">\n<td style=\"height: 12.75pt;\" height=\"17\">Maksimum rezerv koruma sigortas\u0131<\/td>\n<td class=\"et2\" style=\"text-align: center;\">250A gl<\/td>\n<td class=\"et2\" style=\"text-align: center;\">125A gl<\/td>\n<td class=\"et2\" style=\"text-align: center;\">63A gl<\/td>\n<\/tr>\n<tr style=\"height: 12.75pt;\">\n<td style=\"height: 12.75pt;\" height=\"17\">K\u0131sa devre tolerans\u0131<\/td>\n<td class=\"et2\" style=\"text-align: center;\">10kA<\/td>\n<td class=\"et2\" style=\"text-align: center;\">10kA<\/td>\n<td class=\"et2\" style=\"text-align: center;\">10kA<\/td>\n<\/tr>\n<tr style=\"height: 12.75pt;\">\n<td style=\"height: 12.75pt;\" height=\"17\">\u00c7al\u0131\u015fma ortam s\u0131cakl\u0131\u011f\u0131 aral\u0131\u011f\u0131<\/td>\n<td class=\"et2\" style=\"text-align: center;\" colspan=\"3\">-40C~70\u2103<\/td>\n<\/tr>\n<tr style=\"height: 12.75pt;\">\n<td style=\"height: 12.75pt;\" height=\"17\">Nominal \u00c7al\u0131\u015fma Voltaj\u0131 (V)<\/td>\n<td class=\"et2\" style=\"text-align: center;\" colspan=\"3\">230,400<\/td>\n<\/tr>\n<\/tbody>\n<\/table>","protected":false},"parent":0,"template":"","product_category":[84],"class_list":["post-2846","product","type-product","status-publish","hentry","product_category-surge-protector"],"yoast_head":"<!-- This site is optimized with the Yoast SEO plugin v27.5 - https:\/\/yoast.com\/product\/yoast-seo-wordpress\/ -->\n<title>WholesaleTSU1 Surge Protector - TOSUNlux Official Site - Electrical Circuit Breaker Manufacturer in China Low Voltage Electrical Supplier | TOSUNlux<\/title>\n<meta name=\"description\" content=\"TSU1 Surge Protector Supplier - Wholesale direct from TOSUNlux, a trusted manufacturer since 1994. Get your B2B factory quote on our certified Low Voltage electrical products.\" \/>\n<meta name=\"robots\" content=\"index, follow, max-snippet:-1, max-image-preview:large, max-video-preview:-1\" \/>\n<link rel=\"canonical\" href=\"https:\/\/www.tosunlux.eu\/tr\/products\/tsu1-surge-protector\/\" \/>\n<meta property=\"og:locale\" content=\"tr_TR\" \/>\n<meta property=\"og:type\" content=\"article\" \/>\n<meta property=\"og:title\" content=\"WholesaleTSU1 Surge Protector - TOSUNlux Official Site - Electrical Circuit Breaker Manufacturer in China Low Voltage Electrical Supplier | TOSUNlux\" \/>\n<meta property=\"og:description\" content=\"TSU1 Surge Protector Supplier - Wholesale direct from TOSUNlux, a trusted manufacturer since 1994. Get your B2B factory quote on our certified Low Voltage electrical products.\" \/>\n<meta property=\"og:url\" content=\"https:\/\/www.tosunlux.eu\/tr\/products\/tsu1-surge-protector\/\" \/>\n<meta property=\"og:site_name\" content=\"TOSUNlux Official Site - Electrical Circuit Breaker Manufacturer in China\" \/>\n<meta property=\"article:publisher\" content=\"https:\/\/www.facebook.com\/TOSUNelectric\/\" \/>\n<meta property=\"article:modified_time\" content=\"2022-05-14T08:03:41+00:00\" \/>\n<meta property=\"og:image\" content=\"https:\/\/www.tosunlux.eu\/wp-content\/uploads\/2023\/04\/DSC08160_\u526f\u672c.jpg\" \/>\n\t<meta property=\"og:image:width\" content=\"1500\" \/>\n\t<meta property=\"og:image:height\" content=\"940\" \/>\n\t<meta property=\"og:image:type\" content=\"image\/jpeg\" \/>\n<meta name=\"twitter:card\" content=\"summary_large_image\" \/>\n<meta name=\"twitter:label1\" content=\"Tahmini okuma s\u00fcresi\" \/>\n\t<meta name=\"twitter:data1\" content=\"2 dakika\" \/>\n<script type=\"application\/ld+json\" class=\"yoast-schema-graph\">{\"@context\":\"https:\\\/\\\/schema.org\",\"@graph\":[{\"@type\":\"WebPage\",\"@id\":\"https:\\\/\\\/www.tosunlux.eu\\\/pt\\\/products\\\/tsu1-surge-protector\\\/\",\"url\":\"https:\\\/\\\/www.tosunlux.eu\\\/pt\\\/products\\\/tsu1-surge-protector\\\/\",\"name\":\"WholesaleTSU1 Surge Protector - TOSUNlux Official Site - Electrical Circuit Breaker Manufacturer in China Low Voltage Electrical Supplier | TOSUNlux\",\"isPartOf\":{\"@id\":\"https:\\\/\\\/www.tosunlux.eu\\\/ru\\\/#website\"},\"datePublished\":\"2022-05-14T08:02:45+00:00\",\"dateModified\":\"2022-05-14T08:03:41+00:00\",\"description\":\"TSU1 Surge Protector Supplier - Wholesale direct from TOSUNlux, a trusted manufacturer since 1994. Get your B2B factory quote on our certified Low Voltage electrical products.\",\"breadcrumb\":{\"@id\":\"https:\\\/\\\/www.tosunlux.eu\\\/pt\\\/products\\\/tsu1-surge-protector\\\/#breadcrumb\"},\"inLanguage\":\"tr\",\"potentialAction\":[{\"@type\":\"ReadAction\",\"target\":[\"https:\\\/\\\/www.tosunlux.eu\\\/pt\\\/products\\\/tsu1-surge-protector\\\/\"]}]},{\"@type\":\"BreadcrumbList\",\"@id\":\"https:\\\/\\\/www.tosunlux.eu\\\/pt\\\/products\\\/tsu1-surge-protector\\\/#breadcrumb\",\"itemListElement\":[{\"@type\":\"ListItem\",\"position\":1,\"name\":\"Home\",\"item\":\"https:\\\/\\\/www.tosunlux.eu\\\/ru\\\/\"},{\"@type\":\"ListItem\",\"position\":2,\"name\":\"Products\",\"item\":\"https:\\\/\\\/www.tosunlux.eu\\\/products\\\/\"},{\"@type\":\"ListItem\",\"position\":3,\"name\":\"TSU1 Surge Protector\"}]},{\"@type\":\"WebSite\",\"@id\":\"https:\\\/\\\/www.tosunlux.eu\\\/ru\\\/#website\",\"url\":\"https:\\\/\\\/www.tosunlux.eu\\\/ru\\\/\",\"name\":\"TOSUNlux Official Site - Electrical Circuit Breaker Manufacturer in China\",\"description\":\"Power Distribution System Supplier\",\"publisher\":{\"@id\":\"https:\\\/\\\/www.tosunlux.eu\\\/ru\\\/#organization\"},\"alternateName\":\"TOSUNlux\",\"potentialAction\":[{\"@type\":\"SearchAction\",\"target\":{\"@type\":\"EntryPoint\",\"urlTemplate\":\"https:\\\/\\\/www.tosunlux.eu\\\/ru\\\/?s={search_term_string}\"},\"query-input\":{\"@type\":\"PropertyValueSpecification\",\"valueRequired\":true,\"valueName\":\"search_term_string\"}}],\"inLanguage\":\"tr\"},{\"@type\":\"Organization\",\"@id\":\"https:\\\/\\\/www.tosunlux.eu\\\/ru\\\/#organization\",\"name\":\"TOSUNlux\",\"url\":\"https:\\\/\\\/www.tosunlux.eu\\\/ru\\\/\",\"logo\":{\"@type\":\"ImageObject\",\"inLanguage\":\"tr\",\"@id\":\"https:\\\/\\\/www.tosunlux.eu\\\/ru\\\/#\\\/schema\\\/logo\\\/image\\\/\",\"url\":\"https:\\\/\\\/www.tosunlux.eu\\\/wp-content\\\/uploads\\\/2022\\\/01\\\/LOGOSYSM.71762f1.png\",\"contentUrl\":\"https:\\\/\\\/www.tosunlux.eu\\\/wp-content\\\/uploads\\\/2022\\\/01\\\/LOGOSYSM.71762f1.png\",\"width\":153,\"height\":55,\"caption\":\"TOSUNlux\"},\"image\":{\"@id\":\"https:\\\/\\\/www.tosunlux.eu\\\/ru\\\/#\\\/schema\\\/logo\\\/image\\\/\"},\"sameAs\":[\"https:\\\/\\\/www.facebook.com\\\/TOSUNelectric\\\/\",\"https:\\\/\\\/www.linkedin.com\\\/company\\\/wenzhou-tosun-electric-co.-ltd\\\/\"]}]}<\/script>\n<!-- \/ Yoast SEO plugin. -->","yoast_head_json":{"title":"ToptanTSU1 A\u015f\u0131r\u0131 Gerilim Koruyucu - TOSUNlux Resmi Sitesi - \u00c7in&#039;de Elektrik Sigortas\u0131 \u00dcreticisi, D\u00fc\u015f\u00fck Voltajl\u0131 Elektrik Tedarik\u00e7isi | TOSUNlux","description":"TSU1 A\u015f\u0131r\u0131 Gerilim Koruyucu Tedarik\u00e7isi - 1994&#039;ten beri g\u00fcvenilir bir \u00fcretici olan TOSUNlux&#039;tan do\u011frudan toptan sat\u0131\u015f. Sertifikal\u0131 D\u00fc\u015f\u00fck Gerilim elektrik \u00fcr\u00fcnlerimiz i\u00e7in B2B fabrika fiyat teklifinizi al\u0131n.","robots":{"index":"index","follow":"follow","max-snippet":"max-snippet:-1","max-image-preview":"max-image-preview:large","max-video-preview":"max-video-preview:-1"},"canonical":"https:\/\/www.tosunlux.eu\/tr\/products\/tsu1-surge-protector\/","og_locale":"tr_TR","og_type":"article","og_title":"WholesaleTSU1 Surge Protector - TOSUNlux Official Site - Electrical Circuit Breaker Manufacturer in China Low Voltage Electrical Supplier | TOSUNlux","og_description":"TSU1 Surge Protector Supplier - Wholesale direct from TOSUNlux, a trusted manufacturer since 1994. Get your B2B factory quote on our certified Low Voltage electrical products.","og_url":"https:\/\/www.tosunlux.eu\/tr\/products\/tsu1-surge-protector\/","og_site_name":"TOSUNlux Official Site - Electrical Circuit Breaker Manufacturer in China","article_publisher":"https:\/\/www.facebook.com\/TOSUNelectric\/","article_modified_time":"2022-05-14T08:03:41+00:00","og_image":[{"width":1500,"height":940,"url":"https:\/\/www.tosunlux.eu\/wp-content\/uploads\/2023\/04\/DSC08160_\u526f\u672c.jpg","type":"image\/jpeg"}],"twitter_card":"summary_large_image","twitter_misc":{"Tahmini okuma s\u00fcresi":"2 dakika"},"schema":{"@context":"https:\/\/schema.org","@graph":[{"@type":"WebPage","@id":"https:\/\/www.tosunlux.eu\/pt\/products\/tsu1-surge-protector\/","url":"https:\/\/www.tosunlux.eu\/pt\/products\/tsu1-surge-protector\/","name":"ToptanTSU1 A\u015f\u0131r\u0131 Gerilim Koruyucu - TOSUNlux Resmi Sitesi - \u00c7in&#039;de Elektrik Sigortas\u0131 \u00dcreticisi, D\u00fc\u015f\u00fck Voltajl\u0131 Elektrik Tedarik\u00e7isi | TOSUNlux","isPartOf":{"@id":"https:\/\/www.tosunlux.eu\/ru\/#website"},"datePublished":"2022-05-14T08:02:45+00:00","dateModified":"2022-05-14T08:03:41+00:00","description":"TSU1 A\u015f\u0131r\u0131 Gerilim Koruyucu Tedarik\u00e7isi - 1994&#039;ten beri g\u00fcvenilir bir \u00fcretici olan TOSUNlux&#039;tan do\u011frudan toptan sat\u0131\u015f. Sertifikal\u0131 D\u00fc\u015f\u00fck Gerilim elektrik \u00fcr\u00fcnlerimiz i\u00e7in B2B fabrika fiyat teklifinizi al\u0131n.","breadcrumb":{"@id":"https:\/\/www.tosunlux.eu\/pt\/products\/tsu1-surge-protector\/#breadcrumb"},"inLanguage":"tr","potentialAction":[{"@type":"ReadAction","target":["https:\/\/www.tosunlux.eu\/pt\/products\/tsu1-surge-protector\/"]}]},{"@type":"BreadcrumbList","@id":"https:\/\/www.tosunlux.eu\/pt\/products\/tsu1-surge-protector\/#breadcrumb","itemListElement":[{"@type":"ListItem","position":1,"name":"Home","item":"https:\/\/www.tosunlux.eu\/ru\/"},{"@type":"ListItem","position":2,"name":"Products","item":"https:\/\/www.tosunlux.eu\/products\/"},{"@type":"ListItem","position":3,"name":"TSU1 Surge Protector"}]},{"@type":"WebSite","@id":"https:\/\/www.tosunlux.eu\/ru\/#website","url":"https:\/\/www.tosunlux.eu\/ru\/","name":"TOSUNlux Resmi Sitesi - \u00c7in&#039;de Elektrik Sigortas\u0131 \u00dcreticisi","description":"G\u00fc\u00e7 Da\u011f\u0131t\u0131m Sistemi Tedarik\u00e7isi","publisher":{"@id":"https:\/\/www.tosunlux.eu\/ru\/#organization"},"alternateName":"TOSUNlux","potentialAction":[{"@type":"SearchAction","target":{"@type":"EntryPoint","urlTemplate":"https:\/\/www.tosunlux.eu\/ru\/?s={search_term_string}"},"query-input":{"@type":"PropertyValueSpecification","valueRequired":true,"valueName":"search_term_string"}}],"inLanguage":"tr"},{"@type":"Organization","@id":"https:\/\/www.tosunlux.eu\/ru\/#organization","name":"TOSUNlux","url":"https:\/\/www.tosunlux.eu\/ru\/","logo":{"@type":"ImageObject","inLanguage":"tr","@id":"https:\/\/www.tosunlux.eu\/ru\/#\/schema\/logo\/image\/","url":"https:\/\/www.tosunlux.eu\/wp-content\/uploads\/2022\/01\/LOGOSYSM.71762f1.png","contentUrl":"https:\/\/www.tosunlux.eu\/wp-content\/uploads\/2022\/01\/LOGOSYSM.71762f1.png","width":153,"height":55,"caption":"TOSUNlux"},"image":{"@id":"https:\/\/www.tosunlux.eu\/ru\/#\/schema\/logo\/image\/"},"sameAs":["https:\/\/www.facebook.com\/TOSUNelectric\/","https:\/\/www.linkedin.com\/company\/wenzhou-tosun-electric-co.-ltd\/"]}]}},"_links":{"self":[{"href":"https:\/\/www.tosunlux.eu\/tr\/wp-json\/wp\/v2\/product\/2846","targetHints":{"allow":["GET"]}}],"collection":[{"href":"https:\/\/www.tosunlux.eu\/tr\/wp-json\/wp\/v2\/product"}],"about":[{"href":"https:\/\/www.tosunlux.eu\/tr\/wp-json\/wp\/v2\/types\/product"}],"version-history":[{"count":0,"href":"https:\/\/www.tosunlux.eu\/tr\/wp-json\/wp\/v2\/product\/2846\/revisions"}],"wp:attachment":[{"href":"https:\/\/www.tosunlux.eu\/tr\/wp-json\/wp\/v2\/media?parent=2846"}],"wp:term":[{"taxonomy":"product_category","embeddable":true,"href":"https:\/\/www.tosunlux.eu\/tr\/wp-json\/wp\/v2\/product_category?post=2846"}],"curies":[{"name":"wp","href":"https:\/\/api.w.org\/{rel}","templated":true}]}}