{"id":2936,"date":"2022-05-16T13:35:22","date_gmt":"2022-05-16T05:35:22","guid":{"rendered":"https:\/\/www.tosunlux.eu\/?post_type=product&#038;p=2936"},"modified":"2022-05-16T13:35:23","modified_gmt":"2022-05-16T05:35:23","slug":"tsm3-moulded-case-circuit-breaker","status":"publish","type":"product","link":"https:\/\/www.tosunlux.eu\/tr\/products\/tsm3-moulded-case-circuit-breaker\/","title":{"rendered":"TSM3 Kal\u0131pl\u0131 Kasa Devre Kesici"},"content":{"rendered":"<p><strong>\u015eartname<\/strong><\/p>\n\n\n<table width=\"852\">\n<tbody>\n<tr>\n<td colspan=\"2\" width=\"132\">\u00d6rnek\u00a0<\/td>\n<td style=\"text-align: center;\" colspan=\"2\" width=\"120\">TSM3-125\u00a0<\/td>\n<td style=\"text-align: center;\" colspan=\"2\" width=\"120\">TSM3-160<\/td>\n<td style=\"text-align: center;\" colspan=\"2\" width=\"120\">TSM3-250<\/td>\n<td style=\"text-align: center;\" colspan=\"2\" width=\"120\">TSM3-400<\/td>\n<td style=\"text-align: center;\" colspan=\"2\" width=\"120\">TSM3-630<\/td>\n<td style=\"text-align: center;\" colspan=\"2\" width=\"120\">TSM3 -800<\/td>\n<\/tr>\n<tr>\n<td colspan=\"2\" width=\"132\">Kutup Say\u0131s\u0131<\/td>\n<td style=\"text-align: center;\" colspan=\"10\" width=\"600\">3,4<\/td>\n<td colspan=\"2\" width=\"120\">\u00a0<\/td>\n<\/tr>\n<tr>\n<td colspan=\"2\" width=\"132\">Anma Ak\u0131m\u0131 (A) In<\/td>\n<td style=\"text-align: center;\" colspan=\"2\" width=\"120\">16,20,25, 32, 40,50, 63, 75, 80, 100,125<\/td>\n<td style=\"text-align: center;\" colspan=\"2\" width=\"120\">63, 80,100, 125,140, 150, 160<\/td>\n<td style=\"text-align: center;\" colspan=\"2\" width=\"120\">100,125, 150, 160, 175, 200, 225,250<\/td>\n<td style=\"text-align: center;\" colspan=\"2\" width=\"120\">250,280, 300, 315, 350, 400<\/td>\n<td style=\"text-align: center;\" colspan=\"2\" width=\"120\">400, 500, 550,630<\/td>\n<td style=\"text-align: center;\" colspan=\"2\" width=\"120\">630,700,\u00a0\u00a0\u00a0\u00a0 770, 800<\/td>\n<\/tr>\n<tr>\n<td colspan=\"2\" width=\"132\">Standart<\/td>\n<td style=\"text-align: center;\" colspan=\"12\" width=\"720\">IEC60947-2<\/td>\n<\/tr>\n<tr>\n<td colspan=\"2\" width=\"132\">Referans S\u0131cakl\u0131\u011f\u0131<\/td>\n<td style=\"text-align: center;\" colspan=\"12\" width=\"720\">40\u00baC\/55\u00baC<\/td>\n<\/tr>\n<tr>\n<td colspan=\"2\" width=\"132\">Nominal \u00c7al\u0131\u015fma Voltaj\u0131<\/td>\n<td style=\"text-align: center;\" colspan=\"12\" width=\"720\">380\/400\/415VAC<\/td>\n<\/tr>\n<tr>\n<td colspan=\"2\" width=\"132\">Nominal Yal\u0131t\u0131m Gerilimi Ui (VAC)<\/td>\n<td style=\"text-align: center;\" colspan=\"12\" width=\"720\">800<\/td>\n<\/tr>\n<tr>\n<td colspan=\"2\" width=\"132\">Anma Darbe Dayan\u0131m Gerilimi Uimp(kV)<\/td>\n<td style=\"text-align: center;\" colspan=\"12\" width=\"720\">8<\/td>\n<\/tr>\n<tr>\n<td colspan=\"2\" width=\"132\">K\u0131r\u0131lma Kapasitesi seviyesi<\/td>\n<td style=\"text-align: center;\" width=\"60\">L<\/td>\n<td style=\"text-align: center;\" width=\"60\">M<\/td>\n<td style=\"text-align: center;\" width=\"60\">L<\/td>\n<td style=\"text-align: center;\" width=\"60\">M<\/td>\n<td style=\"text-align: center;\" width=\"60\">L<\/td>\n<td style=\"text-align: center;\" width=\"60\">M<\/td>\n<td style=\"text-align: center;\" width=\"60\">M<\/td>\n<td style=\"text-align: center;\" width=\"60\">H<\/td>\n<td style=\"text-align: center;\" width=\"60\">M<\/td>\n<td style=\"text-align: center;\" width=\"60\">H<\/td>\n<td style=\"text-align: center;\" width=\"60\">M<\/td>\n<td style=\"text-align: center;\" width=\"60\">H<\/td>\n<\/tr>\n<tr>\n<td colspan=\"2\" width=\"132\">Anma Nihai K\u0131sa Devre Kesme Kapasitesi Icu(kA)<\/td>\n<td style=\"text-align: center;\" width=\"60\">10<\/td>\n<td style=\"text-align: center;\" width=\"60\">25<\/td>\n<td style=\"text-align: center;\" width=\"60\">36<\/td>\n<td style=\"text-align: center;\" width=\"60\">50<\/td>\n<td style=\"text-align: center;\" width=\"60\">36<\/td>\n<td style=\"text-align: center;\" width=\"60\">50<\/td>\n<td style=\"text-align: center;\" width=\"60\">85<\/td>\n<td style=\"text-align: center;\" width=\"60\">100<\/td>\n<td style=\"text-align: center;\" width=\"60\">85<\/td>\n<td style=\"text-align: center;\" width=\"60\">100<\/td>\n<td style=\"text-align: center;\" width=\"60\">85<\/td>\n<td style=\"text-align: center;\" width=\"60\">100<\/td>\n<\/tr>\n<tr>\n<td colspan=\"2\" width=\"132\">Anma Hizmet K\u0131sa Devre Kesme Kapasitesi Ics (kA)<\/td>\n<td style=\"text-align: center;\" width=\"60\">10<\/td>\n<td style=\"text-align: center;\" width=\"60\">18<\/td>\n<td style=\"text-align: center;\" width=\"60\">27<\/td>\n<td style=\"text-align: center;\" width=\"60\">36<\/td>\n<td style=\"text-align: center;\" width=\"60\">27<\/td>\n<td style=\"text-align: center;\" width=\"60\">36<\/td>\n<td style=\"text-align: center;\" width=\"60\">60<\/td>\n<td style=\"text-align: center;\" width=\"60\">75<\/td>\n<td style=\"text-align: center;\" width=\"60\">60<\/td>\n<td style=\"text-align: center;\" width=\"60\">75<\/td>\n<td style=\"text-align: center;\" width=\"60\">60<\/td>\n<td style=\"text-align: center;\" width=\"60\">75<\/td>\n<\/tr>\n<tr>\n<td rowspan=\"2\" width=\"100\">Boyutlar (UxGxY)<\/td>\n<td width=\"32\">3P<\/td>\n<td colspan=\"2\" width=\"120\">75x133x82<\/td>\n<td colspan=\"2\" width=\"120\">Boyut: 92x150x90 Boyut: 92x150x110<\/td>\n<td colspan=\"2\" width=\"120\">Boyut: 106x165x109 Boyut: 107x165x127<\/td>\n<td colspan=\"2\" width=\"120\">150x257x148<\/td>\n<td colspan=\"2\" width=\"120\">150x257x148<\/td>\n<td colspan=\"2\" width=\"120\">210x280x155<\/td>\n<\/tr>\n<tr>\n<td width=\"32\">4P<\/td>\n<td colspan=\"2\" width=\"120\">100x133x82<\/td>\n<td colspan=\"2\" width=\"120\">Boyut: 122x150x90 Boyut: 122x150x110<\/td>\n<td colspan=\"2\" width=\"120\">Boyut: 141x165x109 Boyut: 141x165x127<\/td>\n<td colspan=\"2\" width=\"120\">198x257x148<\/td>\n<td colspan=\"2\" width=\"120\">198x257x148<\/td>\n<td colspan=\"2\" width=\"120\">280x280x155<\/td>\n<\/tr>\n<\/tbody>\n<\/table>\n\n\n<p><\/p>\n\n\n\n<figure class=\"wp-block-image size-large\"><img fetchpriority=\"high\" decoding=\"async\" width=\"1024\" height=\"420\" src=\"https:\/\/www.tosunlux.eu\/wp-content\/uploads\/2022\/05\/\u5c3a\u5bf8\u56fe-14-1024x420.jpg\" alt=\"\" class=\"wp-image-2940\" srcset=\"https:\/\/www.tosunlux.eu\/wp-content\/uploads\/2022\/05\/\u5c3a\u5bf8\u56fe-14-1024x420.jpg 1024w, https:\/\/www.tosunlux.eu\/wp-content\/uploads\/2022\/05\/\u5c3a\u5bf8\u56fe-14-300x123.jpg 300w, https:\/\/www.tosunlux.eu\/wp-content\/uploads\/2022\/05\/\u5c3a\u5bf8\u56fe-14-768x315.jpg 768w, https:\/\/www.tosunlux.eu\/wp-content\/uploads\/2022\/05\/\u5c3a\u5bf8\u56fe-14.jpg 1352w\" sizes=\"(max-width: 1024px) 100vw, 1024px\" \/><\/figure>","protected":false},"parent":0,"template":"","product_category":[79],"class_list":["post-2936","product","type-product","status-publish","hentry","product_category-mccb"],"yoast_head":"<!-- This site is optimized with the Yoast SEO plugin v27.3 - https:\/\/yoast.com\/product\/yoast-seo-wordpress\/ -->\n<title>WholesaleTSM3 Moulded Case Circuit Breaker - TOSUNlux Official Site - Electrical Circuit Breaker Manufacturer in China Low Voltage Electrical Supplier | TOSUNlux<\/title>\n<meta name=\"description\" content=\"TSM3 Moulded Case Circuit Breaker Supplier - Wholesale direct from TOSUNlux, a trusted manufacturer since 1994. Get your B2B factory quote on our certified Low Voltage electrical products.\" \/>\n<meta name=\"robots\" content=\"index, follow, max-snippet:-1, max-image-preview:large, max-video-preview:-1\" \/>\n<link rel=\"canonical\" href=\"https:\/\/www.tosunlux.eu\/tr\/products\/tsm3-moulded-case-circuit-breaker\/\" \/>\n<meta property=\"og:locale\" content=\"tr_TR\" \/>\n<meta property=\"og:type\" content=\"article\" \/>\n<meta property=\"og:title\" content=\"WholesaleTSM3 Moulded Case Circuit Breaker - TOSUNlux Official Site - Electrical Circuit Breaker Manufacturer in China Low Voltage Electrical Supplier | TOSUNlux\" \/>\n<meta property=\"og:description\" content=\"TSM3 Moulded Case Circuit Breaker Supplier - Wholesale direct from TOSUNlux, a trusted manufacturer since 1994. Get your B2B factory quote on our certified Low Voltage electrical products.\" \/>\n<meta property=\"og:url\" content=\"https:\/\/www.tosunlux.eu\/tr\/products\/tsm3-moulded-case-circuit-breaker\/\" \/>\n<meta property=\"og:site_name\" content=\"TOSUNlux Official Site - Electrical Circuit Breaker Manufacturer in China\" \/>\n<meta property=\"article:publisher\" content=\"https:\/\/www.facebook.com\/TOSUNelectric\/\" \/>\n<meta property=\"article:modified_time\" content=\"2022-05-16T05:35:23+00:00\" \/>\n<meta property=\"og:image\" content=\"https:\/\/www.tosunlux.eu\/wp-content\/uploads\/2023\/04\/DSC08160_\u526f\u672c.jpg\" \/>\n\t<meta property=\"og:image:width\" content=\"1500\" \/>\n\t<meta property=\"og:image:height\" content=\"940\" \/>\n\t<meta property=\"og:image:type\" content=\"image\/jpeg\" \/>\n<meta name=\"twitter:card\" content=\"summary_large_image\" \/>\n<meta name=\"twitter:label1\" content=\"Tahmini okuma s\u00fcresi\" \/>\n\t<meta name=\"twitter:data1\" content=\"1 dakika\" \/>\n<script type=\"application\/ld+json\" class=\"yoast-schema-graph\">{\"@context\":\"https:\\\/\\\/schema.org\",\"@graph\":[{\"@type\":\"WebPage\",\"@id\":\"https:\\\/\\\/www.tosunlux.eu\\\/products\\\/tsm3-moulded-case-circuit-breaker\\\/\",\"url\":\"https:\\\/\\\/www.tosunlux.eu\\\/products\\\/tsm3-moulded-case-circuit-breaker\\\/\",\"name\":\"WholesaleTSM3 Moulded Case Circuit Breaker - TOSUNlux Official Site - Electrical Circuit Breaker Manufacturer in China Low Voltage Electrical Supplier | TOSUNlux\",\"isPartOf\":{\"@id\":\"https:\\\/\\\/www.tosunlux.eu\\\/ru\\\/#website\"},\"datePublished\":\"2022-05-16T05:35:22+00:00\",\"dateModified\":\"2022-05-16T05:35:23+00:00\",\"description\":\"TSM3 Moulded Case Circuit Breaker Supplier - Wholesale direct from TOSUNlux, a trusted manufacturer since 1994. Get your B2B factory quote on our certified Low Voltage electrical products.\",\"breadcrumb\":{\"@id\":\"https:\\\/\\\/www.tosunlux.eu\\\/products\\\/tsm3-moulded-case-circuit-breaker\\\/#breadcrumb\"},\"inLanguage\":\"tr\",\"potentialAction\":[{\"@type\":\"ReadAction\",\"target\":[\"https:\\\/\\\/www.tosunlux.eu\\\/products\\\/tsm3-moulded-case-circuit-breaker\\\/\"]}]},{\"@type\":\"BreadcrumbList\",\"@id\":\"https:\\\/\\\/www.tosunlux.eu\\\/products\\\/tsm3-moulded-case-circuit-breaker\\\/#breadcrumb\",\"itemListElement\":[{\"@type\":\"ListItem\",\"position\":1,\"name\":\"Home\",\"item\":\"https:\\\/\\\/www.tosunlux.eu\\\/ru\\\/\"},{\"@type\":\"ListItem\",\"position\":2,\"name\":\"Products\",\"item\":\"https:\\\/\\\/www.tosunlux.eu\\\/products\\\/\"},{\"@type\":\"ListItem\",\"position\":3,\"name\":\"TSM3 Moulded Case Circuit Breaker\"}]},{\"@type\":\"WebSite\",\"@id\":\"https:\\\/\\\/www.tosunlux.eu\\\/ru\\\/#website\",\"url\":\"https:\\\/\\\/www.tosunlux.eu\\\/ru\\\/\",\"name\":\"TOSUNlux Official Site - Electrical Circuit Breaker Manufacturer in China\",\"description\":\"Power Distribution System Supplier\",\"publisher\":{\"@id\":\"https:\\\/\\\/www.tosunlux.eu\\\/ru\\\/#organization\"},\"alternateName\":\"TOSUNlux\",\"potentialAction\":[{\"@type\":\"SearchAction\",\"target\":{\"@type\":\"EntryPoint\",\"urlTemplate\":\"https:\\\/\\\/www.tosunlux.eu\\\/ru\\\/?s={search_term_string}\"},\"query-input\":{\"@type\":\"PropertyValueSpecification\",\"valueRequired\":true,\"valueName\":\"search_term_string\"}}],\"inLanguage\":\"tr\"},{\"@type\":\"Organization\",\"@id\":\"https:\\\/\\\/www.tosunlux.eu\\\/ru\\\/#organization\",\"name\":\"TOSUNlux\",\"url\":\"https:\\\/\\\/www.tosunlux.eu\\\/ru\\\/\",\"logo\":{\"@type\":\"ImageObject\",\"inLanguage\":\"tr\",\"@id\":\"https:\\\/\\\/www.tosunlux.eu\\\/ru\\\/#\\\/schema\\\/logo\\\/image\\\/\",\"url\":\"https:\\\/\\\/www.tosunlux.eu\\\/wp-content\\\/uploads\\\/2022\\\/01\\\/LOGOSYSM.71762f1.png\",\"contentUrl\":\"https:\\\/\\\/www.tosunlux.eu\\\/wp-content\\\/uploads\\\/2022\\\/01\\\/LOGOSYSM.71762f1.png\",\"width\":153,\"height\":55,\"caption\":\"TOSUNlux\"},\"image\":{\"@id\":\"https:\\\/\\\/www.tosunlux.eu\\\/ru\\\/#\\\/schema\\\/logo\\\/image\\\/\"},\"sameAs\":[\"https:\\\/\\\/www.facebook.com\\\/TOSUNelectric\\\/\",\"https:\\\/\\\/www.linkedin.com\\\/company\\\/wenzhou-tosun-electric-co.-ltd\\\/\"]}]}<\/script>\n<!-- \/ Yoast SEO plugin. -->","yoast_head_json":{"title":"WholesaleTSM3 Moulded Case Circuit Breaker - TOSUNlux Official Site - Electrical Circuit Breaker Manufacturer in China Low Voltage Electrical Supplier | TOSUNlux","description":"TSM3 Moulded Case Circuit Breaker Supplier - Wholesale direct from TOSUNlux, a trusted manufacturer since 1994. Get your B2B factory quote on our certified Low Voltage electrical products.","robots":{"index":"index","follow":"follow","max-snippet":"max-snippet:-1","max-image-preview":"max-image-preview:large","max-video-preview":"max-video-preview:-1"},"canonical":"https:\/\/www.tosunlux.eu\/tr\/products\/tsm3-moulded-case-circuit-breaker\/","og_locale":"tr_TR","og_type":"article","og_title":"WholesaleTSM3 Moulded Case Circuit Breaker - TOSUNlux Official Site - Electrical Circuit Breaker Manufacturer in China Low Voltage Electrical Supplier | TOSUNlux","og_description":"TSM3 Moulded Case Circuit Breaker Supplier - Wholesale direct from TOSUNlux, a trusted manufacturer since 1994. Get your B2B factory quote on our certified Low Voltage electrical products.","og_url":"https:\/\/www.tosunlux.eu\/tr\/products\/tsm3-moulded-case-circuit-breaker\/","og_site_name":"TOSUNlux Official Site - Electrical Circuit Breaker Manufacturer in China","article_publisher":"https:\/\/www.facebook.com\/TOSUNelectric\/","article_modified_time":"2022-05-16T05:35:23+00:00","og_image":[{"width":1500,"height":940,"url":"https:\/\/www.tosunlux.eu\/wp-content\/uploads\/2023\/04\/DSC08160_\u526f\u672c.jpg","type":"image\/jpeg"}],"twitter_card":"summary_large_image","twitter_misc":{"Tahmini okuma s\u00fcresi":"1 dakika"},"schema":{"@context":"https:\/\/schema.org","@graph":[{"@type":"WebPage","@id":"https:\/\/www.tosunlux.eu\/products\/tsm3-moulded-case-circuit-breaker\/","url":"https:\/\/www.tosunlux.eu\/products\/tsm3-moulded-case-circuit-breaker\/","name":"WholesaleTSM3 Moulded Case Circuit Breaker - TOSUNlux Official Site - Electrical Circuit Breaker Manufacturer in China Low Voltage Electrical Supplier | TOSUNlux","isPartOf":{"@id":"https:\/\/www.tosunlux.eu\/ru\/#website"},"datePublished":"2022-05-16T05:35:22+00:00","dateModified":"2022-05-16T05:35:23+00:00","description":"TSM3 Moulded Case Circuit Breaker Supplier - Wholesale direct from TOSUNlux, a trusted manufacturer since 1994. Get your B2B factory quote on our certified Low Voltage electrical products.","breadcrumb":{"@id":"https:\/\/www.tosunlux.eu\/products\/tsm3-moulded-case-circuit-breaker\/#breadcrumb"},"inLanguage":"tr","potentialAction":[{"@type":"ReadAction","target":["https:\/\/www.tosunlux.eu\/products\/tsm3-moulded-case-circuit-breaker\/"]}]},{"@type":"BreadcrumbList","@id":"https:\/\/www.tosunlux.eu\/products\/tsm3-moulded-case-circuit-breaker\/#breadcrumb","itemListElement":[{"@type":"ListItem","position":1,"name":"Home","item":"https:\/\/www.tosunlux.eu\/ru\/"},{"@type":"ListItem","position":2,"name":"Products","item":"https:\/\/www.tosunlux.eu\/products\/"},{"@type":"ListItem","position":3,"name":"TSM3 Moulded Case Circuit Breaker"}]},{"@type":"WebSite","@id":"https:\/\/www.tosunlux.eu\/ru\/#website","url":"https:\/\/www.tosunlux.eu\/ru\/","name":"TOSUNlux Resmi Sitesi - \u00c7in&#039;de Elektrik Sigortas\u0131 \u00dcreticisi","description":"G\u00fc\u00e7 Da\u011f\u0131t\u0131m Sistemi Tedarik\u00e7isi","publisher":{"@id":"https:\/\/www.tosunlux.eu\/ru\/#organization"},"alternateName":"TOSUNlux","potentialAction":[{"@type":"SearchAction","target":{"@type":"EntryPoint","urlTemplate":"https:\/\/www.tosunlux.eu\/ru\/?s={search_term_string}"},"query-input":{"@type":"PropertyValueSpecification","valueRequired":true,"valueName":"search_term_string"}}],"inLanguage":"tr"},{"@type":"Organization","@id":"https:\/\/www.tosunlux.eu\/ru\/#organization","name":"TOSUNlux","url":"https:\/\/www.tosunlux.eu\/ru\/","logo":{"@type":"ImageObject","inLanguage":"tr","@id":"https:\/\/www.tosunlux.eu\/ru\/#\/schema\/logo\/image\/","url":"https:\/\/www.tosunlux.eu\/wp-content\/uploads\/2022\/01\/LOGOSYSM.71762f1.png","contentUrl":"https:\/\/www.tosunlux.eu\/wp-content\/uploads\/2022\/01\/LOGOSYSM.71762f1.png","width":153,"height":55,"caption":"TOSUNlux"},"image":{"@id":"https:\/\/www.tosunlux.eu\/ru\/#\/schema\/logo\/image\/"},"sameAs":["https:\/\/www.facebook.com\/TOSUNelectric\/","https:\/\/www.linkedin.com\/company\/wenzhou-tosun-electric-co.-ltd\/"]}]}},"_links":{"self":[{"href":"https:\/\/www.tosunlux.eu\/tr\/wp-json\/wp\/v2\/product\/2936","targetHints":{"allow":["GET"]}}],"collection":[{"href":"https:\/\/www.tosunlux.eu\/tr\/wp-json\/wp\/v2\/product"}],"about":[{"href":"https:\/\/www.tosunlux.eu\/tr\/wp-json\/wp\/v2\/types\/product"}],"version-history":[{"count":0,"href":"https:\/\/www.tosunlux.eu\/tr\/wp-json\/wp\/v2\/product\/2936\/revisions"}],"wp:attachment":[{"href":"https:\/\/www.tosunlux.eu\/tr\/wp-json\/wp\/v2\/media?parent=2936"}],"wp:term":[{"taxonomy":"product_category","embeddable":true,"href":"https:\/\/www.tosunlux.eu\/tr\/wp-json\/wp\/v2\/product_category?post=2936"}],"curies":[{"name":"wp","href":"https:\/\/api.w.org\/{rel}","templated":true}]}}