{"id":3004,"date":"2022-05-16T14:58:33","date_gmt":"2022-05-16T06:58:33","guid":{"rendered":"https:\/\/www.tosunlux.eu\/?post_type=product&#038;p=3004"},"modified":"2023-06-02T17:20:20","modified_gmt":"2023-06-02T09:20:20","slug":"heater-for-panel-board","status":"publish","type":"product","link":"https:\/\/www.tosunlux.eu\/tr\/products\/heater-for-panel-board\/","title":{"rendered":"Panel Tahtas\u0131 i\u00e7in Is\u0131t\u0131c\u0131"},"content":{"rendered":"<p><strong>Ba\u015fvuru<\/strong><\/p>\n\n\n\n<p>THG140 \u0131s\u0131t\u0131c\u0131lar, nemden korunmas\u0131 gereken veya belirtilen s\u0131cakl\u0131\u011f\u0131n minimum de\u011ferden d\u00fc\u015f\u00fck olmamas\u0131 gereken muhafazalarda kullan\u0131l\u0131r. G\u00f6vdenin al\u00fcminyum profil tasar\u0131m\u0131, \u00fcr\u00fcnlerin \u0131s\u0131y\u0131 d\u00fczg\u00fcn bir \u015fekilde serbest b\u0131rakmas\u0131 i\u00e7in y\u0131\u011f\u0131n etkisi olu\u015fturur. Bas\u0131n\u00e7 kelep\u00e7esi konnekt\u00f6rleri, kurulumu daha kolay ve daha h\u0131zl\u0131 hale getirir.<\/p>\n\n\n\n<p>THGL046 kompakt fanl\u0131 \u0131s\u0131t\u0131c\u0131lar, nemden korunmas\u0131 gereken muhafazalarda kullan\u0131l\u0131r. Y\u00fcksek performansl\u0131 eksenel fan, g\u00fc\u00e7l\u00fc hava sirk\u00fclasyonu sa\u011flar ve muhafazada sabit s\u0131cakl\u0131k sa\u011flar, b\u00f6ylece i\u00e7 ba\u011flant\u0131 daha g\u00fcvenli olur.<\/p>\n\n\n\n<p><strong>\u015eartname<\/strong><\/p>\n\n\n<table>\n<tbody>\n<tr>\n<td id=\"sjs-A1\">\u00d6rnek<\/td>\n<td id=\"sjs-B1\">THG140<\/td>\n<td id=\"sjs-C1\">THGL046<\/td>\n<\/tr>\n<tr>\n<td id=\"sjs-A2\">Is\u0131tma Kapasitesi<\/td>\n<td id=\"sjs-B2\">15W 30W 45W 60W 75W 100W 150W<\/td>\n<td id=\"sjs-C2\">250W 400W<\/td>\n<\/tr>\n<tr>\n<td id=\"sjs-A3\">\u00c7al\u0131\u015fma Voltaj\u0131<\/td>\n<td id=\"sjs-B3\">120-250V<\/td>\n<td id=\"sjs-C3\">230V AC<\/td>\n<\/tr>\n<tr>\n<td id=\"sjs-A4\">Is\u0131tma Eleman\u0131<\/td>\n<td id=\"sjs-B4\" colspan=\"2\">PTC direnci, kendi kendini d\u00fczenleyen ve s\u0131cakl\u0131k s\u0131n\u0131rlay\u0131c\u0131<\/td>\n<\/tr>\n<tr>\n<td id=\"sjs-A5\">Is\u0131tma G\u00f6vdesi<\/td>\n<td id=\"sjs-B5\" colspan=\"2\">Eloksall\u0131 ekstr\u00fcde al\u00fcminyum profil<\/td>\n<\/tr>\n<tr>\n<td id=\"sjs-A6\">S\u0131cakl\u0131k Emniyet Kesme<\/td>\n<td id=\"sjs-B6\">1. s\u0131rada<\/td>\n<td id=\"sjs-C6\">Fan ar\u0131zas\u0131 durumunda a\u015f\u0131r\u0131 \u0131s\u0131nmaya kar\u015f\u0131 koruma<\/td>\n<\/tr>\n<tr>\n<td id=\"sjs-A7\">Eksenel Fan(bilyal\u0131 rulman)<\/td>\n<td id=\"sjs-B7\">1. s\u0131rada<\/td>\n<td id=\"sjs-C7\">\n<p>Hava ak\u0131\u015f\u0131, serbest ak\u0131\u015f<\/p>\n<p>AC: 45m\u00b3 \/n(50Hz) veya 54m\u00b3 h(60Hz)<\/p>\n<p>DC: 54m\u00b3 \/saat<\/p>\n<p>Servis 25\u00b0C&#039;de (77\u00b0F) 5000 saattir<\/p>\n<\/td>\n<\/tr>\n<tr>\n<td id=\"sjs-A8\">Ba\u011flant\u0131<\/td>\n<td id=\"sjs-B8\">1. s\u0131rada<\/td>\n<td id=\"sjs-C8\">Dahili ba\u011flant\u0131 terminali 1,5 mm\u00b2 gerilim azalt\u0131c\u0131 s\u0131kma torku 0,8 Nm maks.<\/td>\n<\/tr>\n<tr>\n<td id=\"sjs-A9\">Ba\u011flant\u0131 Muhafazas\u0131<\/td>\n<td id=\"sjs-B9\">0,5-1,5 mm\u00b2 (tel ve fer\u00fcll\u00fc) \u00e7ok telli tel ve 0,5-2,5 mm\u00b2 sert tel i\u00e7in 3 bas\u0131n\u00e7 kelep\u00e7esi, UL94 V-0&#039;a g\u00f6re plastik, siyah<\/td>\n<td id=\"sjs-C9\">UL94 V-0&#039;a g\u00f6re plastik, siyah<\/td>\n<\/tr>\n<tr>\n<td id=\"sjs-A10\">Montaj<\/td>\n<td id=\"sjs-B10\" colspan=\"2\">35 mm DIN ray\u0131 i\u00e7in klips, EN 50022<\/td>\n<\/tr>\n<tr>\n<td id=\"sjs-A11\">Uygun Pozisyon<\/td>\n<td id=\"sjs-B11\" colspan=\"2\">Dikey<\/td>\n<\/tr>\n<tr>\n<td id=\"sjs-A12\">\u00c7al\u0131\u015fma \/ Depolama S\u0131cakl\u0131\u011f\u0131<\/td>\n<td id=\"sjs-B12\" colspan=\"2\">-45 ila +70\u00b0C (-49 ila +158\u00b0F)<\/td>\n<\/tr>\n<tr>\n<td id=\"sjs-A13\">Koruma S\u0131n\u0131f\u0131<\/td>\n<td id=\"sjs-B13\" colspan=\"2\">IP20\/I (topraklanm\u0131\u015f)<\/td>\n<\/tr>\n<\/tbody>\n<\/table>\n\n\n<p><strong>Boyut<\/strong><\/p>\n\n\n\n<figure class=\"wp-block-image size-large\"><img fetchpriority=\"high\" decoding=\"async\" width=\"1024\" height=\"409\" src=\"https:\/\/www.tosunlux.eu\/wp-content\/uploads\/2023\/06\/\u6a21\u578b-1024x409.jpg\" alt=\"\" class=\"wp-image-6909\" srcset=\"https:\/\/www.tosunlux.eu\/wp-content\/uploads\/2023\/06\/\u6a21\u578b-1024x409.jpg 1024w, https:\/\/www.tosunlux.eu\/wp-content\/uploads\/2023\/06\/\u6a21\u578b-300x120.jpg 300w, https:\/\/www.tosunlux.eu\/wp-content\/uploads\/2023\/06\/\u6a21\u578b-768x307.jpg 768w, https:\/\/www.tosunlux.eu\/wp-content\/uploads\/2023\/06\/\u6a21\u578b-1536x614.jpg 1536w, https:\/\/www.tosunlux.eu\/wp-content\/uploads\/2023\/06\/\u6a21\u578b-2048x819.jpg 2048w, https:\/\/www.tosunlux.eu\/wp-content\/uploads\/2023\/06\/\u6a21\u578b-18x7.jpg 18w\" sizes=\"(max-width: 1024px) 100vw, 1024px\" \/><\/figure>","protected":false},"parent":0,"template":"","product_category":[36,103],"class_list":["post-3004","product","type-product","status-publish","hentry","product_category-electrical-accessories","product_category-ventilation-heating"],"yoast_head":"<!-- This site is optimized with the Yoast SEO plugin v27.5 - https:\/\/yoast.com\/product\/yoast-seo-wordpress\/ -->\n<title>WholesaleHeater for Panel Board - TOSUNlux Official Site - Electrical Circuit Breaker Manufacturer in China Low Voltage Electrical Supplier | TOSUNlux<\/title>\n<meta name=\"description\" content=\"Heater for Panel Board Supplier - Wholesale direct from TOSUNlux, a trusted manufacturer since 1994. Get your B2B factory quote on our certified Low Voltage electrical products.\" \/>\n<meta name=\"robots\" content=\"index, follow, max-snippet:-1, max-image-preview:large, max-video-preview:-1\" \/>\n<link rel=\"canonical\" href=\"https:\/\/www.tosunlux.eu\/tr\/products\/heater-for-panel-board\/\" \/>\n<meta property=\"og:locale\" content=\"tr_TR\" \/>\n<meta property=\"og:type\" content=\"article\" \/>\n<meta property=\"og:title\" content=\"WholesaleHeater for Panel Board - TOSUNlux Official Site - Electrical Circuit Breaker Manufacturer in China Low Voltage Electrical Supplier | TOSUNlux\" \/>\n<meta property=\"og:description\" content=\"Heater for Panel Board Supplier - Wholesale direct from TOSUNlux, a trusted manufacturer since 1994. Get your B2B factory quote on our certified Low Voltage electrical products.\" \/>\n<meta property=\"og:url\" content=\"https:\/\/www.tosunlux.eu\/tr\/products\/heater-for-panel-board\/\" \/>\n<meta property=\"og:site_name\" content=\"TOSUNlux Official Site - Electrical Circuit Breaker Manufacturer in China\" \/>\n<meta property=\"article:publisher\" content=\"https:\/\/www.facebook.com\/TOSUNelectric\/\" \/>\n<meta property=\"article:modified_time\" content=\"2023-06-02T09:20:20+00:00\" \/>\n<meta property=\"og:image\" content=\"https:\/\/www.tosunlux.eu\/wp-content\/uploads\/2023\/04\/DSC08160_\u526f\u672c.jpg\" \/>\n\t<meta property=\"og:image:width\" content=\"1500\" \/>\n\t<meta property=\"og:image:height\" content=\"940\" \/>\n\t<meta property=\"og:image:type\" content=\"image\/jpeg\" \/>\n<meta name=\"twitter:card\" content=\"summary_large_image\" \/>\n<script type=\"application\/ld+json\" class=\"yoast-schema-graph\">{\"@context\":\"https:\\\/\\\/schema.org\",\"@graph\":[{\"@type\":\"WebPage\",\"@id\":\"https:\\\/\\\/www.tosunlux.eu\\\/am\\\/products\\\/heater-for-panel-board\\\/\",\"url\":\"https:\\\/\\\/www.tosunlux.eu\\\/am\\\/products\\\/heater-for-panel-board\\\/\",\"name\":\"WholesaleHeater for Panel Board - TOSUNlux Official Site - Electrical Circuit Breaker Manufacturer in China Low Voltage Electrical Supplier | TOSUNlux\",\"isPartOf\":{\"@id\":\"https:\\\/\\\/www.tosunlux.eu\\\/ru\\\/#website\"},\"datePublished\":\"2022-05-16T06:58:33+00:00\",\"dateModified\":\"2023-06-02T09:20:20+00:00\",\"description\":\"Heater for Panel Board Supplier - Wholesale direct from TOSUNlux, a trusted manufacturer since 1994. Get your B2B factory quote on our certified Low Voltage electrical products.\",\"breadcrumb\":{\"@id\":\"https:\\\/\\\/www.tosunlux.eu\\\/am\\\/products\\\/heater-for-panel-board\\\/#breadcrumb\"},\"inLanguage\":\"tr\",\"potentialAction\":[{\"@type\":\"ReadAction\",\"target\":[\"https:\\\/\\\/www.tosunlux.eu\\\/am\\\/products\\\/heater-for-panel-board\\\/\"]}]},{\"@type\":\"BreadcrumbList\",\"@id\":\"https:\\\/\\\/www.tosunlux.eu\\\/am\\\/products\\\/heater-for-panel-board\\\/#breadcrumb\",\"itemListElement\":[{\"@type\":\"ListItem\",\"position\":1,\"name\":\"Home\",\"item\":\"https:\\\/\\\/www.tosunlux.eu\\\/ru\\\/\"},{\"@type\":\"ListItem\",\"position\":2,\"name\":\"Products\",\"item\":\"https:\\\/\\\/www.tosunlux.eu\\\/products\\\/\"},{\"@type\":\"ListItem\",\"position\":3,\"name\":\"Heater for Panel Board\"}]},{\"@type\":\"WebSite\",\"@id\":\"https:\\\/\\\/www.tosunlux.eu\\\/ru\\\/#website\",\"url\":\"https:\\\/\\\/www.tosunlux.eu\\\/ru\\\/\",\"name\":\"TOSUNlux Official Site - Electrical Circuit Breaker Manufacturer in China\",\"description\":\"Power Distribution System Supplier\",\"publisher\":{\"@id\":\"https:\\\/\\\/www.tosunlux.eu\\\/ru\\\/#organization\"},\"alternateName\":\"TOSUNlux\",\"potentialAction\":[{\"@type\":\"SearchAction\",\"target\":{\"@type\":\"EntryPoint\",\"urlTemplate\":\"https:\\\/\\\/www.tosunlux.eu\\\/ru\\\/?s={search_term_string}\"},\"query-input\":{\"@type\":\"PropertyValueSpecification\",\"valueRequired\":true,\"valueName\":\"search_term_string\"}}],\"inLanguage\":\"tr\"},{\"@type\":\"Organization\",\"@id\":\"https:\\\/\\\/www.tosunlux.eu\\\/ru\\\/#organization\",\"name\":\"TOSUNlux\",\"url\":\"https:\\\/\\\/www.tosunlux.eu\\\/ru\\\/\",\"logo\":{\"@type\":\"ImageObject\",\"inLanguage\":\"tr\",\"@id\":\"https:\\\/\\\/www.tosunlux.eu\\\/ru\\\/#\\\/schema\\\/logo\\\/image\\\/\",\"url\":\"https:\\\/\\\/www.tosunlux.eu\\\/wp-content\\\/uploads\\\/2022\\\/01\\\/LOGOSYSM.71762f1.png\",\"contentUrl\":\"https:\\\/\\\/www.tosunlux.eu\\\/wp-content\\\/uploads\\\/2022\\\/01\\\/LOGOSYSM.71762f1.png\",\"width\":153,\"height\":55,\"caption\":\"TOSUNlux\"},\"image\":{\"@id\":\"https:\\\/\\\/www.tosunlux.eu\\\/ru\\\/#\\\/schema\\\/logo\\\/image\\\/\"},\"sameAs\":[\"https:\\\/\\\/www.facebook.com\\\/TOSUNelectric\\\/\",\"https:\\\/\\\/www.linkedin.com\\\/company\\\/wenzhou-tosun-electric-co.-ltd\\\/\"]}]}<\/script>\n<!-- \/ Yoast SEO plugin. -->","yoast_head_json":{"title":"Panel Panosu i\u00e7in Toptan Is\u0131t\u0131c\u0131 - TOSUNlux Resmi Sitesi - \u00c7in&#039;de Elektrik Sigortas\u0131 \u00dcreticisi ve D\u00fc\u015f\u00fck Voltajl\u0131 Elektrik Tedarik\u00e7isi | TOSUNlux","description":"Panel Is\u0131t\u0131c\u0131 Tedarik\u00e7isi - 1994&#039;ten beri g\u00fcvenilir bir \u00fcretici olan TOSUNlux&#039;tan do\u011frudan toptan sat\u0131\u015f. Sertifikal\u0131 D\u00fc\u015f\u00fck Gerilim elektrik \u00fcr\u00fcnlerimiz i\u00e7in B2B fabrika fiyat teklifinizi al\u0131n.","robots":{"index":"index","follow":"follow","max-snippet":"max-snippet:-1","max-image-preview":"max-image-preview:large","max-video-preview":"max-video-preview:-1"},"canonical":"https:\/\/www.tosunlux.eu\/tr\/products\/heater-for-panel-board\/","og_locale":"tr_TR","og_type":"article","og_title":"WholesaleHeater for Panel Board - TOSUNlux Official Site - Electrical Circuit Breaker Manufacturer in China Low Voltage Electrical Supplier | TOSUNlux","og_description":"Heater for Panel Board Supplier - Wholesale direct from TOSUNlux, a trusted manufacturer since 1994. Get your B2B factory quote on our certified Low Voltage electrical products.","og_url":"https:\/\/www.tosunlux.eu\/tr\/products\/heater-for-panel-board\/","og_site_name":"TOSUNlux Official Site - Electrical Circuit Breaker Manufacturer in China","article_publisher":"https:\/\/www.facebook.com\/TOSUNelectric\/","article_modified_time":"2023-06-02T09:20:20+00:00","og_image":[{"width":1500,"height":940,"url":"https:\/\/www.tosunlux.eu\/wp-content\/uploads\/2023\/04\/DSC08160_\u526f\u672c.jpg","type":"image\/jpeg"}],"twitter_card":"summary_large_image","schema":{"@context":"https:\/\/schema.org","@graph":[{"@type":"WebPage","@id":"https:\/\/www.tosunlux.eu\/am\/products\/heater-for-panel-board\/","url":"https:\/\/www.tosunlux.eu\/am\/products\/heater-for-panel-board\/","name":"Panel Panosu i\u00e7in Toptan Is\u0131t\u0131c\u0131 - TOSUNlux Resmi Sitesi - \u00c7in&#039;de Elektrik Sigortas\u0131 \u00dcreticisi ve D\u00fc\u015f\u00fck Voltajl\u0131 Elektrik Tedarik\u00e7isi | TOSUNlux","isPartOf":{"@id":"https:\/\/www.tosunlux.eu\/ru\/#website"},"datePublished":"2022-05-16T06:58:33+00:00","dateModified":"2023-06-02T09:20:20+00:00","description":"Panel Is\u0131t\u0131c\u0131 Tedarik\u00e7isi - 1994&#039;ten beri g\u00fcvenilir bir \u00fcretici olan TOSUNlux&#039;tan do\u011frudan toptan sat\u0131\u015f. Sertifikal\u0131 D\u00fc\u015f\u00fck Gerilim elektrik \u00fcr\u00fcnlerimiz i\u00e7in B2B fabrika fiyat teklifinizi al\u0131n.","breadcrumb":{"@id":"https:\/\/www.tosunlux.eu\/am\/products\/heater-for-panel-board\/#breadcrumb"},"inLanguage":"tr","potentialAction":[{"@type":"ReadAction","target":["https:\/\/www.tosunlux.eu\/am\/products\/heater-for-panel-board\/"]}]},{"@type":"BreadcrumbList","@id":"https:\/\/www.tosunlux.eu\/am\/products\/heater-for-panel-board\/#breadcrumb","itemListElement":[{"@type":"ListItem","position":1,"name":"Home","item":"https:\/\/www.tosunlux.eu\/ru\/"},{"@type":"ListItem","position":2,"name":"Products","item":"https:\/\/www.tosunlux.eu\/products\/"},{"@type":"ListItem","position":3,"name":"Heater for Panel Board"}]},{"@type":"WebSite","@id":"https:\/\/www.tosunlux.eu\/ru\/#website","url":"https:\/\/www.tosunlux.eu\/ru\/","name":"TOSUNlux Resmi Sitesi - \u00c7in&#039;de Elektrik Sigortas\u0131 \u00dcreticisi","description":"G\u00fc\u00e7 Da\u011f\u0131t\u0131m Sistemi Tedarik\u00e7isi","publisher":{"@id":"https:\/\/www.tosunlux.eu\/ru\/#organization"},"alternateName":"TOSUNlux","potentialAction":[{"@type":"SearchAction","target":{"@type":"EntryPoint","urlTemplate":"https:\/\/www.tosunlux.eu\/ru\/?s={search_term_string}"},"query-input":{"@type":"PropertyValueSpecification","valueRequired":true,"valueName":"search_term_string"}}],"inLanguage":"tr"},{"@type":"Organization","@id":"https:\/\/www.tosunlux.eu\/ru\/#organization","name":"TOSUNlux","url":"https:\/\/www.tosunlux.eu\/ru\/","logo":{"@type":"ImageObject","inLanguage":"tr","@id":"https:\/\/www.tosunlux.eu\/ru\/#\/schema\/logo\/image\/","url":"https:\/\/www.tosunlux.eu\/wp-content\/uploads\/2022\/01\/LOGOSYSM.71762f1.png","contentUrl":"https:\/\/www.tosunlux.eu\/wp-content\/uploads\/2022\/01\/LOGOSYSM.71762f1.png","width":153,"height":55,"caption":"TOSUNlux"},"image":{"@id":"https:\/\/www.tosunlux.eu\/ru\/#\/schema\/logo\/image\/"},"sameAs":["https:\/\/www.facebook.com\/TOSUNelectric\/","https:\/\/www.linkedin.com\/company\/wenzhou-tosun-electric-co.-ltd\/"]}]}},"_links":{"self":[{"href":"https:\/\/www.tosunlux.eu\/tr\/wp-json\/wp\/v2\/product\/3004","targetHints":{"allow":["GET"]}}],"collection":[{"href":"https:\/\/www.tosunlux.eu\/tr\/wp-json\/wp\/v2\/product"}],"about":[{"href":"https:\/\/www.tosunlux.eu\/tr\/wp-json\/wp\/v2\/types\/product"}],"version-history":[{"count":1,"href":"https:\/\/www.tosunlux.eu\/tr\/wp-json\/wp\/v2\/product\/3004\/revisions"}],"predecessor-version":[{"id":6912,"href":"https:\/\/www.tosunlux.eu\/tr\/wp-json\/wp\/v2\/product\/3004\/revisions\/6912"}],"wp:attachment":[{"href":"https:\/\/www.tosunlux.eu\/tr\/wp-json\/wp\/v2\/media?parent=3004"}],"wp:term":[{"taxonomy":"product_category","embeddable":true,"href":"https:\/\/www.tosunlux.eu\/tr\/wp-json\/wp\/v2\/product_category?post=3004"}],"curies":[{"name":"wp","href":"https:\/\/api.w.org\/{rel}","templated":true}]}}