{"id":3058,"date":"2022-05-16T16:43:08","date_gmt":"2022-05-16T08:43:08","guid":{"rendered":"https:\/\/www.tosunlux.eu\/?post_type=product&#038;p=3058"},"modified":"2022-05-16T16:44:02","modified_gmt":"2022-05-16T08:44:02","slug":"dual-thermostat","status":"publish","type":"product","link":"https:\/\/www.tosunlux.eu\/tr\/products\/dual-thermostat\/","title":{"rendered":"\u00c7ift Termostat"},"content":{"rendered":"<p>Uygulama<strong>lisanslama<\/strong><\/p>\n\n\n\n<p>Tek \u00fcnitede iki adet termostat NO ve NC kontak.<\/p>\n\n\n\n<p>Is\u0131t\u0131c\u0131lar\u0131 d\u00fczenlemek i\u00e7in termostat (kontak kesici, normalde kapal\u0131), S\u0131cakl\u0131k s\u0131n\u0131r\u0131 a\u015f\u0131ld\u0131\u011f\u0131nda dolgu fanlar\u0131n\u0131 ve \u0131s\u0131 e\u015fanj\u00f6rlerini d\u00fczenlemek veya sinyal cihazlar\u0131n\u0131 de\u011fi\u015ftirmek i\u00e7in termostat (kontak kesici, normalde a\u00e7\u0131k). Is\u0131t\u0131c\u0131lar ve so\u011futma ekipmanlar\u0131 ba\u011f\u0131ms\u0131z olarak a\u00e7\u0131l\u0131p kapat\u0131labilir.<\/p>\n\n\n\n<p><strong>\u015eartname<\/strong><\/p>\n\n\n<table width=\"462\">\n<tbody>\n<tr class=\"firstRow\">\n<td width=\"183\" height=\"23\">S\u0131cakl\u0131k aral\u0131\u011f\u0131<\/td>\n<td width=\"279\" height=\"23\">NO\/NC: 0-60\u00b0C<\/td>\n<\/tr>\n<tr>\n<td height=\"23\">S\u0131cakl\u0131k fark\u0131n\u0131 de\u011fi\u015ftir<\/td>\n<td height=\"23\">7K (\u00b14K tolerans)<\/td>\n<\/tr>\n<tr>\n<td height=\"23\">Sens\u00f6r eleman\u0131<\/td>\n<td height=\"23\">Termostatik bimetal<\/td>\n<\/tr>\n<tr>\n<td height=\"23\">\u0130leti\u015fim t\u00fcr\u00fc<\/td>\n<td height=\"23\">Anl\u0131k hareket<\/td>\n<\/tr>\n<tr>\n<td height=\"23\">Temas Direnci<\/td>\n<td height=\"23\">&lt;10m ohm<\/td>\n<\/tr>\n<tr>\n<td height=\"23\">Hizmet \u00d6mr\u00fc<\/td>\n<td height=\"23\">&gt;100.000 \u00e7evrim<\/td>\n<\/tr>\n<tr>\n<td rowspan=\"3\" height=\"23\">Maksimum Anahtarlama Kapasitesi<\/td>\n<td height=\"23\">250VAC, 10(2)A<\/td>\n<\/tr>\n<tr>\n<td height=\"23\">120VAC, 15(2)A<\/td>\n<\/tr>\n<tr>\n<td height=\"23\">DC 30W<\/td>\n<\/tr>\n<tr>\n<td height=\"52\">Ba\u011flant\u0131<\/td>\n<td width=\"279\" height=\"52\">4 kutuplu terminal, s\u0131k\u0131\u015ft\u0131rma torku 0,5 Nm maks.<br>sert tel 2,5 mm\u00b2<br>\u00c7ok telli tel (tel u\u00e7 fer\u00fcll\u00fc) 1,5 mm\u00b2<\/td>\n<\/tr>\n<tr>\n<td height=\"23\">Kurulum<\/td>\n<td height=\"23\">35mm Din ray\u0131<\/td>\n<\/tr>\n<tr>\n<td height=\"23\">Uygun Pozisyon<\/td>\n<td height=\"23\">De\u011fi\u015fken<\/td>\n<\/tr>\n<tr>\n<td height=\"23\">\u00c7al\u0131\u015fma\/Depolama S\u0131cakl\u0131\u011f\u0131<\/td>\n<td height=\"23\">-20\u00b0C ile +80\u00b0C aras\u0131<\/td>\n<\/tr>\n<tr>\n<td height=\"23\">Koruma S\u0131n\u0131f\u0131<\/td>\n<td height=\"23\">IP20<\/td>\n<\/tr>\n<\/tbody>\n<\/table>\n\n\n<p><strong>Boyut<\/strong><\/p>\n\n\n\n<figure class=\"wp-block-image size-large\"><img fetchpriority=\"high\" decoding=\"async\" width=\"1024\" height=\"293\" src=\"https:\/\/www.tosunlux.eu\/wp-content\/uploads\/2022\/05\/ZR-011-1024x293.jpg\" alt=\"\" class=\"wp-image-3062\" srcset=\"https:\/\/www.tosunlux.eu\/wp-content\/uploads\/2022\/05\/ZR-011-1024x293.jpg 1024w, https:\/\/www.tosunlux.eu\/wp-content\/uploads\/2022\/05\/ZR-011-300x86.jpg 300w, https:\/\/www.tosunlux.eu\/wp-content\/uploads\/2022\/05\/ZR-011-768x220.jpg 768w, https:\/\/www.tosunlux.eu\/wp-content\/uploads\/2022\/05\/ZR-011.jpg 1361w\" sizes=\"(max-width: 1024px) 100vw, 1024px\" \/><\/figure>","protected":false},"parent":0,"template":"","product_category":[36,103],"class_list":["post-3058","product","type-product","status-publish","hentry","product_category-electrical-accessories","product_category-ventilation-heating"],"yoast_head":"<!-- This site is optimized with the Yoast SEO plugin v27.5 - https:\/\/yoast.com\/product\/yoast-seo-wordpress\/ -->\n<title>WholesaleDual Thermostat - TOSUNlux Official Site - Electrical Circuit Breaker Manufacturer in China Low Voltage Electrical Supplier | TOSUNlux<\/title>\n<meta name=\"description\" content=\"Dual Thermostat Supplier - Wholesale direct from TOSUNlux, a trusted manufacturer since 1994. Get your B2B factory quote on our certified Low Voltage electrical products.\" \/>\n<meta name=\"robots\" content=\"index, follow, max-snippet:-1, max-image-preview:large, max-video-preview:-1\" \/>\n<link rel=\"canonical\" href=\"https:\/\/www.tosunlux.eu\/tr\/products\/dual-thermostat\/\" \/>\n<meta property=\"og:locale\" content=\"tr_TR\" \/>\n<meta property=\"og:type\" content=\"article\" \/>\n<meta property=\"og:title\" content=\"WholesaleDual Thermostat - TOSUNlux Official Site - Electrical Circuit Breaker Manufacturer in China Low Voltage Electrical Supplier | TOSUNlux\" \/>\n<meta property=\"og:description\" content=\"Dual Thermostat Supplier - Wholesale direct from TOSUNlux, a trusted manufacturer since 1994. Get your B2B factory quote on our certified Low Voltage electrical products.\" \/>\n<meta property=\"og:url\" content=\"https:\/\/www.tosunlux.eu\/tr\/products\/dual-thermostat\/\" \/>\n<meta property=\"og:site_name\" content=\"TOSUNlux Official Site - Electrical Circuit Breaker Manufacturer in China\" \/>\n<meta property=\"article:publisher\" content=\"https:\/\/www.facebook.com\/TOSUNelectric\/\" \/>\n<meta property=\"article:modified_time\" content=\"2022-05-16T08:44:02+00:00\" \/>\n<meta property=\"og:image\" content=\"https:\/\/www.tosunlux.eu\/wp-content\/uploads\/2022\/05\/ZR-011-1024x293.jpg\" \/>\n<meta name=\"twitter:card\" content=\"summary_large_image\" \/>\n<meta name=\"twitter:label1\" content=\"Tahmini okuma s\u00fcresi\" \/>\n\t<meta name=\"twitter:data1\" content=\"1 dakika\" \/>\n<script type=\"application\/ld+json\" class=\"yoast-schema-graph\">{\"@context\":\"https:\\\/\\\/schema.org\",\"@graph\":[{\"@type\":\"WebPage\",\"@id\":\"https:\\\/\\\/www.tosunlux.eu\\\/sq\\\/products\\\/dual-thermostat\\\/\",\"url\":\"https:\\\/\\\/www.tosunlux.eu\\\/sq\\\/products\\\/dual-thermostat\\\/\",\"name\":\"WholesaleDual Thermostat - TOSUNlux Official Site - Electrical Circuit Breaker Manufacturer in China Low Voltage Electrical Supplier | TOSUNlux\",\"isPartOf\":{\"@id\":\"https:\\\/\\\/www.tosunlux.eu\\\/ru\\\/#website\"},\"primaryImageOfPage\":{\"@id\":\"https:\\\/\\\/www.tosunlux.eu\\\/sq\\\/products\\\/dual-thermostat\\\/#primaryimage\"},\"image\":{\"@id\":\"https:\\\/\\\/www.tosunlux.eu\\\/sq\\\/products\\\/dual-thermostat\\\/#primaryimage\"},\"thumbnailUrl\":\"https:\\\/\\\/www.tosunlux.eu\\\/wp-content\\\/uploads\\\/2022\\\/05\\\/ZR-011-1024x293.jpg\",\"datePublished\":\"2022-05-16T08:43:08+00:00\",\"dateModified\":\"2022-05-16T08:44:02+00:00\",\"description\":\"Dual Thermostat Supplier - Wholesale direct from TOSUNlux, a trusted manufacturer since 1994. Get your B2B factory quote on our certified Low Voltage electrical products.\",\"breadcrumb\":{\"@id\":\"https:\\\/\\\/www.tosunlux.eu\\\/sq\\\/products\\\/dual-thermostat\\\/#breadcrumb\"},\"inLanguage\":\"tr\",\"potentialAction\":[{\"@type\":\"ReadAction\",\"target\":[\"https:\\\/\\\/www.tosunlux.eu\\\/sq\\\/products\\\/dual-thermostat\\\/\"]}]},{\"@type\":\"ImageObject\",\"inLanguage\":\"tr\",\"@id\":\"https:\\\/\\\/www.tosunlux.eu\\\/sq\\\/products\\\/dual-thermostat\\\/#primaryimage\",\"url\":\"https:\\\/\\\/www.tosunlux.eu\\\/wp-content\\\/uploads\\\/2022\\\/05\\\/ZR-011-1024x293.jpg\",\"contentUrl\":\"https:\\\/\\\/www.tosunlux.eu\\\/wp-content\\\/uploads\\\/2022\\\/05\\\/ZR-011-1024x293.jpg\"},{\"@type\":\"BreadcrumbList\",\"@id\":\"https:\\\/\\\/www.tosunlux.eu\\\/sq\\\/products\\\/dual-thermostat\\\/#breadcrumb\",\"itemListElement\":[{\"@type\":\"ListItem\",\"position\":1,\"name\":\"Home\",\"item\":\"https:\\\/\\\/www.tosunlux.eu\\\/ru\\\/\"},{\"@type\":\"ListItem\",\"position\":2,\"name\":\"Products\",\"item\":\"https:\\\/\\\/www.tosunlux.eu\\\/products\\\/\"},{\"@type\":\"ListItem\",\"position\":3,\"name\":\"Dual Thermostat\"}]},{\"@type\":\"WebSite\",\"@id\":\"https:\\\/\\\/www.tosunlux.eu\\\/ru\\\/#website\",\"url\":\"https:\\\/\\\/www.tosunlux.eu\\\/ru\\\/\",\"name\":\"TOSUNlux Official Site - Electrical Circuit Breaker Manufacturer in China\",\"description\":\"Power Distribution System Supplier\",\"publisher\":{\"@id\":\"https:\\\/\\\/www.tosunlux.eu\\\/ru\\\/#organization\"},\"alternateName\":\"TOSUNlux\",\"potentialAction\":[{\"@type\":\"SearchAction\",\"target\":{\"@type\":\"EntryPoint\",\"urlTemplate\":\"https:\\\/\\\/www.tosunlux.eu\\\/ru\\\/?s={search_term_string}\"},\"query-input\":{\"@type\":\"PropertyValueSpecification\",\"valueRequired\":true,\"valueName\":\"search_term_string\"}}],\"inLanguage\":\"tr\"},{\"@type\":\"Organization\",\"@id\":\"https:\\\/\\\/www.tosunlux.eu\\\/ru\\\/#organization\",\"name\":\"TOSUNlux\",\"url\":\"https:\\\/\\\/www.tosunlux.eu\\\/ru\\\/\",\"logo\":{\"@type\":\"ImageObject\",\"inLanguage\":\"tr\",\"@id\":\"https:\\\/\\\/www.tosunlux.eu\\\/ru\\\/#\\\/schema\\\/logo\\\/image\\\/\",\"url\":\"https:\\\/\\\/www.tosunlux.eu\\\/wp-content\\\/uploads\\\/2022\\\/01\\\/LOGOSYSM.71762f1.png\",\"contentUrl\":\"https:\\\/\\\/www.tosunlux.eu\\\/wp-content\\\/uploads\\\/2022\\\/01\\\/LOGOSYSM.71762f1.png\",\"width\":153,\"height\":55,\"caption\":\"TOSUNlux\"},\"image\":{\"@id\":\"https:\\\/\\\/www.tosunlux.eu\\\/ru\\\/#\\\/schema\\\/logo\\\/image\\\/\"},\"sameAs\":[\"https:\\\/\\\/www.facebook.com\\\/TOSUNelectric\\\/\",\"https:\\\/\\\/www.linkedin.com\\\/company\\\/wenzhou-tosun-electric-co.-ltd\\\/\"]}]}<\/script>\n<!-- \/ Yoast SEO plugin. -->","yoast_head_json":{"title":"WholesaleDual Thermostat - TOSUNlux Official Site - Electrical Circuit Breaker Manufacturer in China Low Voltage Electrical Supplier | TOSUNlux","description":"Dual Thermostat Supplier - Wholesale direct from TOSUNlux, a trusted manufacturer since 1994. Get your B2B factory quote on our certified Low Voltage electrical products.","robots":{"index":"index","follow":"follow","max-snippet":"max-snippet:-1","max-image-preview":"max-image-preview:large","max-video-preview":"max-video-preview:-1"},"canonical":"https:\/\/www.tosunlux.eu\/tr\/products\/dual-thermostat\/","og_locale":"tr_TR","og_type":"article","og_title":"WholesaleDual Thermostat - TOSUNlux Official Site - Electrical Circuit Breaker Manufacturer in China Low Voltage Electrical Supplier | TOSUNlux","og_description":"Dual Thermostat Supplier - Wholesale direct from TOSUNlux, a trusted manufacturer since 1994. Get your B2B factory quote on our certified Low Voltage electrical products.","og_url":"https:\/\/www.tosunlux.eu\/tr\/products\/dual-thermostat\/","og_site_name":"TOSUNlux Official Site - Electrical Circuit Breaker Manufacturer in China","article_publisher":"https:\/\/www.facebook.com\/TOSUNelectric\/","article_modified_time":"2022-05-16T08:44:02+00:00","og_image":[{"url":"https:\/\/www.tosunlux.eu\/wp-content\/uploads\/2022\/05\/ZR-011-1024x293.jpg","type":"","width":"","height":""}],"twitter_card":"summary_large_image","twitter_misc":{"Tahmini okuma s\u00fcresi":"1 dakika"},"schema":{"@context":"https:\/\/schema.org","@graph":[{"@type":"WebPage","@id":"https:\/\/www.tosunlux.eu\/sq\/products\/dual-thermostat\/","url":"https:\/\/www.tosunlux.eu\/sq\/products\/dual-thermostat\/","name":"WholesaleDual Thermostat - TOSUNlux Official Site - Electrical Circuit Breaker Manufacturer in China Low Voltage Electrical Supplier | TOSUNlux","isPartOf":{"@id":"https:\/\/www.tosunlux.eu\/ru\/#website"},"primaryImageOfPage":{"@id":"https:\/\/www.tosunlux.eu\/sq\/products\/dual-thermostat\/#primaryimage"},"image":{"@id":"https:\/\/www.tosunlux.eu\/sq\/products\/dual-thermostat\/#primaryimage"},"thumbnailUrl":"https:\/\/www.tosunlux.eu\/wp-content\/uploads\/2022\/05\/ZR-011-1024x293.jpg","datePublished":"2022-05-16T08:43:08+00:00","dateModified":"2022-05-16T08:44:02+00:00","description":"Dual Thermostat Supplier - Wholesale direct from TOSUNlux, a trusted manufacturer since 1994. Get your B2B factory quote on our certified Low Voltage electrical products.","breadcrumb":{"@id":"https:\/\/www.tosunlux.eu\/sq\/products\/dual-thermostat\/#breadcrumb"},"inLanguage":"tr","potentialAction":[{"@type":"ReadAction","target":["https:\/\/www.tosunlux.eu\/sq\/products\/dual-thermostat\/"]}]},{"@type":"ImageObject","inLanguage":"tr","@id":"https:\/\/www.tosunlux.eu\/sq\/products\/dual-thermostat\/#primaryimage","url":"https:\/\/www.tosunlux.eu\/wp-content\/uploads\/2022\/05\/ZR-011-1024x293.jpg","contentUrl":"https:\/\/www.tosunlux.eu\/wp-content\/uploads\/2022\/05\/ZR-011-1024x293.jpg"},{"@type":"BreadcrumbList","@id":"https:\/\/www.tosunlux.eu\/sq\/products\/dual-thermostat\/#breadcrumb","itemListElement":[{"@type":"ListItem","position":1,"name":"Home","item":"https:\/\/www.tosunlux.eu\/ru\/"},{"@type":"ListItem","position":2,"name":"Products","item":"https:\/\/www.tosunlux.eu\/products\/"},{"@type":"ListItem","position":3,"name":"Dual Thermostat"}]},{"@type":"WebSite","@id":"https:\/\/www.tosunlux.eu\/ru\/#website","url":"https:\/\/www.tosunlux.eu\/ru\/","name":"TOSUNlux Resmi Sitesi - \u00c7in&#039;de Elektrik Sigortas\u0131 \u00dcreticisi","description":"G\u00fc\u00e7 Da\u011f\u0131t\u0131m Sistemi Tedarik\u00e7isi","publisher":{"@id":"https:\/\/www.tosunlux.eu\/ru\/#organization"},"alternateName":"TOSUNlux","potentialAction":[{"@type":"SearchAction","target":{"@type":"EntryPoint","urlTemplate":"https:\/\/www.tosunlux.eu\/ru\/?s={search_term_string}"},"query-input":{"@type":"PropertyValueSpecification","valueRequired":true,"valueName":"search_term_string"}}],"inLanguage":"tr"},{"@type":"Organization","@id":"https:\/\/www.tosunlux.eu\/ru\/#organization","name":"TOSUNlux","url":"https:\/\/www.tosunlux.eu\/ru\/","logo":{"@type":"ImageObject","inLanguage":"tr","@id":"https:\/\/www.tosunlux.eu\/ru\/#\/schema\/logo\/image\/","url":"https:\/\/www.tosunlux.eu\/wp-content\/uploads\/2022\/01\/LOGOSYSM.71762f1.png","contentUrl":"https:\/\/www.tosunlux.eu\/wp-content\/uploads\/2022\/01\/LOGOSYSM.71762f1.png","width":153,"height":55,"caption":"TOSUNlux"},"image":{"@id":"https:\/\/www.tosunlux.eu\/ru\/#\/schema\/logo\/image\/"},"sameAs":["https:\/\/www.facebook.com\/TOSUNelectric\/","https:\/\/www.linkedin.com\/company\/wenzhou-tosun-electric-co.-ltd\/"]}]}},"_links":{"self":[{"href":"https:\/\/www.tosunlux.eu\/tr\/wp-json\/wp\/v2\/product\/3058","targetHints":{"allow":["GET"]}}],"collection":[{"href":"https:\/\/www.tosunlux.eu\/tr\/wp-json\/wp\/v2\/product"}],"about":[{"href":"https:\/\/www.tosunlux.eu\/tr\/wp-json\/wp\/v2\/types\/product"}],"version-history":[{"count":0,"href":"https:\/\/www.tosunlux.eu\/tr\/wp-json\/wp\/v2\/product\/3058\/revisions"}],"wp:attachment":[{"href":"https:\/\/www.tosunlux.eu\/tr\/wp-json\/wp\/v2\/media?parent=3058"}],"wp:term":[{"taxonomy":"product_category","embeddable":true,"href":"https:\/\/www.tosunlux.eu\/tr\/wp-json\/wp\/v2\/product_category?post=3058"}],"curies":[{"name":"wp","href":"https:\/\/api.w.org\/{rel}","templated":true}]}}