{"id":3077,"date":"2022-05-16T17:57:36","date_gmt":"2022-05-16T09:57:36","guid":{"rendered":"https:\/\/www.tosunlux.eu\/?post_type=product&#038;p=3077"},"modified":"2023-06-02T17:28:49","modified_gmt":"2023-06-02T09:28:49","slug":"hygrostat","status":"publish","type":"product","link":"https:\/\/www.tosunlux.eu\/tr\/products\/hygrostat\/","title":{"rendered":"Higrostat"},"content":{"rendered":"<p><strong>Ba\u015fvuru<\/strong><\/p>\n\n\n\n<p>Elektromekanik higrostat, muhafaza \u0131s\u0131t\u0131c\u0131lar\u0131n\u0131 kontrol etmek i\u00e7in tasarlanm\u0131\u015ft\u0131r, kritik ba\u011f\u0131l nem 65%&#039;yi a\u015ft\u0131\u011f\u0131nda \u00e7i\u011f noktas\u0131 y\u00fckselir. Bu \u015fekilde elektronik komponentlerin bulundu\u011fu muhafazalarda yo\u011fu\u015fma ve korozyon etkili bir \u015fekilde \u00f6nlenir.<\/p>\n\n\n\n<p><strong>\u015eartname<\/strong><\/p>\n\n\n<table>\n<tbody>\n<tr>\n<td id=\"sjs-A1\">Anahtarlama hatas\u0131<\/td>\n<td id=\"sjs-B1\">4% RH (\u00b13% tolerans\u0131)<\/td>\n<\/tr>\n<tr>\n<td id=\"sjs-A2\">Ba\u011f\u0131l nem aral\u0131\u011f\u0131<\/td>\n<td id=\"sjs-B2\">35%-95%<\/td>\n<\/tr>\n<tr>\n<td id=\"sjs-A3\">R\u00fczgar h\u0131z\u0131na izin ver<\/td>\n<td id=\"sjs-B3\">15m\/sn<\/td>\n<\/tr>\n<tr>\n<td id=\"sjs-A4\">\u0130leti\u015fim t\u00fcr\u00fc<\/td>\n<td id=\"sjs-B4\">De\u011fi\u015fim konta\u011f\u0131<\/td>\n<\/tr>\n<tr>\n<td id=\"sjs-A5\">Temas direnci<\/td>\n<td id=\"sjs-B5\">&lt;10m ohm<\/td>\n<\/tr>\n<tr>\n<td id=\"sjs-A6\">Hizmet \u00f6mr\u00fc<\/td>\n<td id=\"sjs-B6\" style=\"box-sizing: inherit; border-left: 1px solid #e8eaec; border-top: 1px solid #e8eaec; text-align: left; min-width: 100px; padding: 4px;\">&gt;50.000 \u00e7evrim<\/td>\n<\/tr>\n<tr>\n<td id=\"sjs-A7\">Min.anahtarlama kapasitesi<\/td>\n<td id=\"sjs-B7\">20VAC\/DC 100mA<\/td>\n<\/tr>\n<tr>\n<td id=\"sjs-A8\">Maksimum anahtarlama kapasitesi<\/td>\n<td id=\"sjs-B8\">250VAC, 5A<\/td>\n<\/tr>\n<tr>\n<td id=\"sjs-A9\">Ba\u011flant\u0131<\/td>\n<td id=\"sjs-B9\">2 5mm\u00b2 i\u00e7in 3 kutuplu terminal, s\u0131k\u0131\u015ft\u0131rma torku 0,5 Nm maks. sert tel 2 5mm\u00b2, \u00e7ok telli tel (tel ve fer\u00fcl ile) 1,5mm\u00b2<\/td>\n<\/tr>\n<tr>\n<td id=\"sjs-A10\">Kurulum<\/td>\n<td id=\"sjs-B10\">35mm Din ray\u0131<\/td>\n<\/tr>\n<tr>\n<td id=\"sjs-A11\">Uygun pozisyon<\/td>\n<td id=\"sjs-B11\">UL94V-0. Plastik a\u00e7\u0131k gri<\/td>\n<\/tr>\n<tr>\n<td id=\"sjs-A12\" rowspan=\"2\">\u00c7al\u0131\u015fma\/Depolama s\u0131cakl\u0131\u011f\u0131<\/td>\n<td id=\"sjs-B12\">0~+60\u2103(+32-+140\u00b0F)<\/td>\n<\/tr>\n<tr>\n<td id=\"sjs-B13\">-20~+80\u2103(-4-+176\u00b0F)<\/td>\n<\/tr>\n<tr>\n<td id=\"sjs-A14\">Koruma S\u0131n\u0131f\u0131<\/td>\n<td id=\"sjs-B14\">IP20<\/td>\n<\/tr>\n<\/tbody>\n<\/table>\n\n\n<p><strong>Boyut<\/strong><\/p>\n\n\n\n<figure class=\"wp-block-image size-large is-resized\"><img fetchpriority=\"high\" decoding=\"async\" src=\"https:\/\/www.tosunlux.eu\/wp-content\/uploads\/2023\/06\/hygrostat-\u6a21\u578b1-1024x474.jpg\" alt=\"\" class=\"wp-image-6905\" width=\"512\" height=\"237\" srcset=\"https:\/\/www.tosunlux.eu\/wp-content\/uploads\/2023\/06\/hygrostat-\u6a21\u578b1-1024x474.jpg 1024w, https:\/\/www.tosunlux.eu\/wp-content\/uploads\/2023\/06\/hygrostat-\u6a21\u578b1-300x139.jpg 300w, https:\/\/www.tosunlux.eu\/wp-content\/uploads\/2023\/06\/hygrostat-\u6a21\u578b1-768x355.jpg 768w, https:\/\/www.tosunlux.eu\/wp-content\/uploads\/2023\/06\/hygrostat-\u6a21\u578b1-1536x710.jpg 1536w, https:\/\/www.tosunlux.eu\/wp-content\/uploads\/2023\/06\/hygrostat-\u6a21\u578b1-2048x947.jpg 2048w, https:\/\/www.tosunlux.eu\/wp-content\/uploads\/2023\/06\/hygrostat-\u6a21\u578b1-18x8.jpg 18w\" sizes=\"(max-width: 512px) 100vw, 512px\" \/><\/figure>\n\n\n\n<p><strong>Ba\u011flant\u0131 \u00d6rnekleri<\/strong><\/p>\n\n\n\n<figure class=\"wp-block-image size-large is-resized\"><img decoding=\"async\" src=\"https:\/\/www.tosunlux.eu\/wp-content\/uploads\/2023\/06\/hygrostat-\u6a21\u578b2-1024x294.jpg\" alt=\"\" class=\"wp-image-6907\" width=\"768\" height=\"221\" srcset=\"https:\/\/www.tosunlux.eu\/wp-content\/uploads\/2023\/06\/hygrostat-\u6a21\u578b2-1024x294.jpg 1024w, https:\/\/www.tosunlux.eu\/wp-content\/uploads\/2023\/06\/hygrostat-\u6a21\u578b2-300x86.jpg 300w, https:\/\/www.tosunlux.eu\/wp-content\/uploads\/2023\/06\/hygrostat-\u6a21\u578b2-768x221.jpg 768w, https:\/\/www.tosunlux.eu\/wp-content\/uploads\/2023\/06\/hygrostat-\u6a21\u578b2-1536x442.jpg 1536w, https:\/\/www.tosunlux.eu\/wp-content\/uploads\/2023\/06\/hygrostat-\u6a21\u578b2-18x5.jpg 18w, https:\/\/www.tosunlux.eu\/wp-content\/uploads\/2023\/06\/hygrostat-\u6a21\u578b2.jpg 1600w\" sizes=\"(max-width: 768px) 100vw, 768px\" \/><\/figure>","protected":false},"parent":0,"template":"","product_category":[36,103],"class_list":["post-3077","product","type-product","status-publish","hentry","product_category-electrical-accessories","product_category-ventilation-heating"],"yoast_head":"<!-- This site is optimized with the Yoast SEO plugin v27.3 - https:\/\/yoast.com\/product\/yoast-seo-wordpress\/ -->\n<title>WholesaleHygrostat - TOSUNlux Official Site - Electrical Circuit Breaker Manufacturer in China Low Voltage Electrical Supplier | TOSUNlux<\/title>\n<meta name=\"description\" content=\"Hygrostat Supplier - Wholesale direct from TOSUNlux, a trusted manufacturer since 1994. Get your B2B factory quote on our certified Low Voltage electrical products.\" \/>\n<meta name=\"robots\" content=\"index, follow, max-snippet:-1, max-image-preview:large, max-video-preview:-1\" \/>\n<link rel=\"canonical\" href=\"https:\/\/www.tosunlux.eu\/tr\/products\/hygrostat\/\" \/>\n<meta property=\"og:locale\" content=\"tr_TR\" \/>\n<meta property=\"og:type\" content=\"article\" \/>\n<meta property=\"og:title\" content=\"WholesaleHygrostat - TOSUNlux Official Site - Electrical Circuit Breaker Manufacturer in China Low Voltage Electrical Supplier | TOSUNlux\" \/>\n<meta property=\"og:description\" content=\"Hygrostat Supplier - Wholesale direct from TOSUNlux, a trusted manufacturer since 1994. Get your B2B factory quote on our certified Low Voltage electrical products.\" \/>\n<meta property=\"og:url\" content=\"https:\/\/www.tosunlux.eu\/tr\/products\/hygrostat\/\" \/>\n<meta property=\"og:site_name\" content=\"TOSUNlux Official Site - Electrical Circuit Breaker Manufacturer in China\" \/>\n<meta property=\"article:publisher\" content=\"https:\/\/www.facebook.com\/TOSUNelectric\/\" \/>\n<meta property=\"article:modified_time\" content=\"2023-06-02T09:28:49+00:00\" \/>\n<meta property=\"og:image\" content=\"https:\/\/www.tosunlux.eu\/wp-content\/uploads\/2023\/04\/DSC08160_\u526f\u672c.jpg\" \/>\n\t<meta property=\"og:image:width\" content=\"1500\" \/>\n\t<meta property=\"og:image:height\" content=\"940\" \/>\n\t<meta property=\"og:image:type\" content=\"image\/jpeg\" \/>\n<meta name=\"twitter:card\" content=\"summary_large_image\" \/>\n<meta name=\"twitter:label1\" content=\"Tahmini okuma s\u00fcresi\" \/>\n\t<meta name=\"twitter:data1\" content=\"1 dakika\" \/>\n<script type=\"application\/ld+json\" class=\"yoast-schema-graph\">{\"@context\":\"https:\\\/\\\/schema.org\",\"@graph\":[{\"@type\":\"WebPage\",\"@id\":\"https:\\\/\\\/www.tosunlux.eu\\\/products\\\/hygrostat\\\/\",\"url\":\"https:\\\/\\\/www.tosunlux.eu\\\/products\\\/hygrostat\\\/\",\"name\":\"WholesaleHygrostat - TOSUNlux Official Site - Electrical Circuit Breaker Manufacturer in China Low Voltage Electrical Supplier | TOSUNlux\",\"isPartOf\":{\"@id\":\"https:\\\/\\\/www.tosunlux.eu\\\/ru\\\/#website\"},\"datePublished\":\"2022-05-16T09:57:36+00:00\",\"dateModified\":\"2023-06-02T09:28:49+00:00\",\"description\":\"Hygrostat Supplier - Wholesale direct from TOSUNlux, a trusted manufacturer since 1994. Get your B2B factory quote on our certified Low Voltage electrical products.\",\"breadcrumb\":{\"@id\":\"https:\\\/\\\/www.tosunlux.eu\\\/products\\\/hygrostat\\\/#breadcrumb\"},\"inLanguage\":\"tr\",\"potentialAction\":[{\"@type\":\"ReadAction\",\"target\":[\"https:\\\/\\\/www.tosunlux.eu\\\/products\\\/hygrostat\\\/\"]}]},{\"@type\":\"BreadcrumbList\",\"@id\":\"https:\\\/\\\/www.tosunlux.eu\\\/products\\\/hygrostat\\\/#breadcrumb\",\"itemListElement\":[{\"@type\":\"ListItem\",\"position\":1,\"name\":\"Home\",\"item\":\"https:\\\/\\\/www.tosunlux.eu\\\/ru\\\/\"},{\"@type\":\"ListItem\",\"position\":2,\"name\":\"Products\",\"item\":\"https:\\\/\\\/www.tosunlux.eu\\\/products\\\/\"},{\"@type\":\"ListItem\",\"position\":3,\"name\":\"Hygrostat\"}]},{\"@type\":\"WebSite\",\"@id\":\"https:\\\/\\\/www.tosunlux.eu\\\/ru\\\/#website\",\"url\":\"https:\\\/\\\/www.tosunlux.eu\\\/ru\\\/\",\"name\":\"TOSUNlux Official Site - Electrical Circuit Breaker Manufacturer in China\",\"description\":\"Power Distribution System Supplier\",\"publisher\":{\"@id\":\"https:\\\/\\\/www.tosunlux.eu\\\/ru\\\/#organization\"},\"alternateName\":\"TOSUNlux\",\"potentialAction\":[{\"@type\":\"SearchAction\",\"target\":{\"@type\":\"EntryPoint\",\"urlTemplate\":\"https:\\\/\\\/www.tosunlux.eu\\\/ru\\\/?s={search_term_string}\"},\"query-input\":{\"@type\":\"PropertyValueSpecification\",\"valueRequired\":true,\"valueName\":\"search_term_string\"}}],\"inLanguage\":\"tr\"},{\"@type\":\"Organization\",\"@id\":\"https:\\\/\\\/www.tosunlux.eu\\\/ru\\\/#organization\",\"name\":\"TOSUNlux\",\"url\":\"https:\\\/\\\/www.tosunlux.eu\\\/ru\\\/\",\"logo\":{\"@type\":\"ImageObject\",\"inLanguage\":\"tr\",\"@id\":\"https:\\\/\\\/www.tosunlux.eu\\\/ru\\\/#\\\/schema\\\/logo\\\/image\\\/\",\"url\":\"https:\\\/\\\/www.tosunlux.eu\\\/wp-content\\\/uploads\\\/2022\\\/01\\\/LOGOSYSM.71762f1.png\",\"contentUrl\":\"https:\\\/\\\/www.tosunlux.eu\\\/wp-content\\\/uploads\\\/2022\\\/01\\\/LOGOSYSM.71762f1.png\",\"width\":153,\"height\":55,\"caption\":\"TOSUNlux\"},\"image\":{\"@id\":\"https:\\\/\\\/www.tosunlux.eu\\\/ru\\\/#\\\/schema\\\/logo\\\/image\\\/\"},\"sameAs\":[\"https:\\\/\\\/www.facebook.com\\\/TOSUNelectric\\\/\",\"https:\\\/\\\/www.linkedin.com\\\/company\\\/wenzhou-tosun-electric-co.-ltd\\\/\"]}]}<\/script>\n<!-- \/ Yoast SEO plugin. -->","yoast_head_json":{"title":"Toptan Higrostat - TOSUNlux Resmi Sitesi - \u00c7in&#039;de Elektrik Sigortas\u0131 \u00dcreticisi ve D\u00fc\u015f\u00fck Voltajl\u0131 Elektrik Tedarik\u00e7isi | TOSUNlux","description":"Higrostat Tedarik\u00e7isi - 1994&#039;ten beri g\u00fcvenilir bir \u00fcretici olan TOSUNlux&#039;tan do\u011frudan toptan sat\u0131\u015f. Sertifikal\u0131 D\u00fc\u015f\u00fck Gerilim elektrik \u00fcr\u00fcnlerimiz i\u00e7in B2B fabrika fiyat teklifinizi al\u0131n.","robots":{"index":"index","follow":"follow","max-snippet":"max-snippet:-1","max-image-preview":"max-image-preview:large","max-video-preview":"max-video-preview:-1"},"canonical":"https:\/\/www.tosunlux.eu\/tr\/products\/hygrostat\/","og_locale":"tr_TR","og_type":"article","og_title":"WholesaleHygrostat - TOSUNlux Official Site - Electrical Circuit Breaker Manufacturer in China Low Voltage Electrical Supplier | TOSUNlux","og_description":"Hygrostat Supplier - Wholesale direct from TOSUNlux, a trusted manufacturer since 1994. Get your B2B factory quote on our certified Low Voltage electrical products.","og_url":"https:\/\/www.tosunlux.eu\/tr\/products\/hygrostat\/","og_site_name":"TOSUNlux Official Site - Electrical Circuit Breaker Manufacturer in China","article_publisher":"https:\/\/www.facebook.com\/TOSUNelectric\/","article_modified_time":"2023-06-02T09:28:49+00:00","og_image":[{"width":1500,"height":940,"url":"https:\/\/www.tosunlux.eu\/wp-content\/uploads\/2023\/04\/DSC08160_\u526f\u672c.jpg","type":"image\/jpeg"}],"twitter_card":"summary_large_image","twitter_misc":{"Tahmini okuma s\u00fcresi":"1 dakika"},"schema":{"@context":"https:\/\/schema.org","@graph":[{"@type":"WebPage","@id":"https:\/\/www.tosunlux.eu\/products\/hygrostat\/","url":"https:\/\/www.tosunlux.eu\/products\/hygrostat\/","name":"Toptan Higrostat - TOSUNlux Resmi Sitesi - \u00c7in&#039;de Elektrik Sigortas\u0131 \u00dcreticisi ve D\u00fc\u015f\u00fck Voltajl\u0131 Elektrik Tedarik\u00e7isi | TOSUNlux","isPartOf":{"@id":"https:\/\/www.tosunlux.eu\/ru\/#website"},"datePublished":"2022-05-16T09:57:36+00:00","dateModified":"2023-06-02T09:28:49+00:00","description":"Higrostat Tedarik\u00e7isi - 1994&#039;ten beri g\u00fcvenilir bir \u00fcretici olan TOSUNlux&#039;tan do\u011frudan toptan sat\u0131\u015f. Sertifikal\u0131 D\u00fc\u015f\u00fck Gerilim elektrik \u00fcr\u00fcnlerimiz i\u00e7in B2B fabrika fiyat teklifinizi al\u0131n.","breadcrumb":{"@id":"https:\/\/www.tosunlux.eu\/products\/hygrostat\/#breadcrumb"},"inLanguage":"tr","potentialAction":[{"@type":"ReadAction","target":["https:\/\/www.tosunlux.eu\/products\/hygrostat\/"]}]},{"@type":"BreadcrumbList","@id":"https:\/\/www.tosunlux.eu\/products\/hygrostat\/#breadcrumb","itemListElement":[{"@type":"ListItem","position":1,"name":"Home","item":"https:\/\/www.tosunlux.eu\/ru\/"},{"@type":"ListItem","position":2,"name":"Products","item":"https:\/\/www.tosunlux.eu\/products\/"},{"@type":"ListItem","position":3,"name":"Hygrostat"}]},{"@type":"WebSite","@id":"https:\/\/www.tosunlux.eu\/ru\/#website","url":"https:\/\/www.tosunlux.eu\/ru\/","name":"TOSUNlux Resmi Sitesi - \u00c7in&#039;de Elektrik Sigortas\u0131 \u00dcreticisi","description":"G\u00fc\u00e7 Da\u011f\u0131t\u0131m Sistemi Tedarik\u00e7isi","publisher":{"@id":"https:\/\/www.tosunlux.eu\/ru\/#organization"},"alternateName":"TOSUNlux","potentialAction":[{"@type":"SearchAction","target":{"@type":"EntryPoint","urlTemplate":"https:\/\/www.tosunlux.eu\/ru\/?s={search_term_string}"},"query-input":{"@type":"PropertyValueSpecification","valueRequired":true,"valueName":"search_term_string"}}],"inLanguage":"tr"},{"@type":"Organization","@id":"https:\/\/www.tosunlux.eu\/ru\/#organization","name":"TOSUNlux","url":"https:\/\/www.tosunlux.eu\/ru\/","logo":{"@type":"ImageObject","inLanguage":"tr","@id":"https:\/\/www.tosunlux.eu\/ru\/#\/schema\/logo\/image\/","url":"https:\/\/www.tosunlux.eu\/wp-content\/uploads\/2022\/01\/LOGOSYSM.71762f1.png","contentUrl":"https:\/\/www.tosunlux.eu\/wp-content\/uploads\/2022\/01\/LOGOSYSM.71762f1.png","width":153,"height":55,"caption":"TOSUNlux"},"image":{"@id":"https:\/\/www.tosunlux.eu\/ru\/#\/schema\/logo\/image\/"},"sameAs":["https:\/\/www.facebook.com\/TOSUNelectric\/","https:\/\/www.linkedin.com\/company\/wenzhou-tosun-electric-co.-ltd\/"]}]}},"_links":{"self":[{"href":"https:\/\/www.tosunlux.eu\/tr\/wp-json\/wp\/v2\/product\/3077","targetHints":{"allow":["GET"]}}],"collection":[{"href":"https:\/\/www.tosunlux.eu\/tr\/wp-json\/wp\/v2\/product"}],"about":[{"href":"https:\/\/www.tosunlux.eu\/tr\/wp-json\/wp\/v2\/types\/product"}],"version-history":[{"count":1,"href":"https:\/\/www.tosunlux.eu\/tr\/wp-json\/wp\/v2\/product\/3077\/revisions"}],"predecessor-version":[{"id":6908,"href":"https:\/\/www.tosunlux.eu\/tr\/wp-json\/wp\/v2\/product\/3077\/revisions\/6908"}],"wp:attachment":[{"href":"https:\/\/www.tosunlux.eu\/tr\/wp-json\/wp\/v2\/media?parent=3077"}],"wp:term":[{"taxonomy":"product_category","embeddable":true,"href":"https:\/\/www.tosunlux.eu\/tr\/wp-json\/wp\/v2\/product_category?post=3077"}],"curies":[{"name":"wp","href":"https:\/\/api.w.org\/{rel}","templated":true}]}}