{"id":3118,"date":"2022-05-17T11:22:19","date_gmt":"2022-05-17T03:22:19","guid":{"rendered":"https:\/\/www.tosunlux.eu\/?post_type=product&#038;p=3118"},"modified":"2022-05-17T11:22:20","modified_gmt":"2022-05-17T03:22:20","slug":"tac-a-pushbutton-switch-tac-a4713","status":"publish","type":"product","link":"https:\/\/www.tosunlux.eu\/tr\/products\/tac-a-pushbutton-switch-tac-a4713\/","title":{"rendered":"TAC-A Basmal\u0131 D\u00fc\u011fme Anahtar\u0131 TAC-A4713"},"content":{"rendered":"<table style=\"border-collapse: collapse; width: 269.27pt;\" border=\"0\" width=\"359\" cellspacing=\"0\" cellpadding=\"0\">\n<tbody>\n<tr style=\"height: 38.25pt;\">\n<td class=\"et2\" style=\"height: 38.25pt; width: 76.25pt;\" width=\"101\" height=\"51\">Sembol ve Say\u0131<br \/>\noperat\u00f6rler<\/td>\n<td class=\"et2\" style=\"width: 74.35pt;\" width=\"99\">Temas etmek<\/td>\n<td class=\"et2\" style=\"width: 54.00pt;\" width=\"72\">Devre<\/td>\n<td class=\"et2\" style=\"width: 65.00pt;\" width=\"86\">\u00d6rnek<\/td>\n<\/tr>\n<tr style=\"height: 25.50pt;\">\n<td class=\"et3\" style=\"height: 39.00pt; width: 76.25pt;\" rowspan=\"2\" width=\"101\" height=\"52\"><img decoding=\"async\" class=\"alignnone size-full wp-image-3116\" src=\"https:\/\/www.tosunlux.eu\/wp-content\/uploads\/2022\/05\/QQ\u622a\u56fe20220517110800.png\" alt=\"\" width=\"178\" height=\"124\" \/>4 mekanik olarak birbirine kenetlenmi\u015f<br \/>\n\u00e7iftler aras\u0131nda<br \/>\n+ 1 tetik eylemli kilitleme<br \/>\nAcil durdurma<br \/>\n\u00d830mm operat\u00f6r ZA2-BS44<\/td>\n<td class=\"et3\" style=\"width: 74.35pt;\" width=\"99\">1HAYIR<\/td>\n<td class=\"et3\" style=\"width: 54.00pt;\" width=\"72\"><img decoding=\"async\" class=\"alignnone size-full wp-image-3115\" src=\"https:\/\/www.tosunlux.eu\/wp-content\/uploads\/2022\/05\/QQ\u622a\u56fe20220517104815.png\" alt=\"\" width=\"266\" height=\"128\" \/>ZB2-BE102<\/td>\n<td class=\"et2\" style=\"width: 65.00pt;\" width=\"86\">TAC-A4713<\/td>\n<\/tr>\n<tr style=\"height: 13.50pt;\">\n<td class=\"et3\" style=\"width: 74.35pt;\" width=\"99\">1HAYIR+1NK<\/td>\n<td class=\"et3\" style=\"width: 54.00pt;\" width=\"72\"><img decoding=\"async\" class=\"alignnone size-full wp-image-3109\" src=\"https:\/\/www.tosunlux.eu\/wp-content\/uploads\/2022\/05\/QQ\u622a\u56fe20220517104821.png\" alt=\"\" width=\"299\" height=\"120\" \/>ZB2-BE102<\/td>\n<td class=\"et2\" style=\"width: 65.00pt;\" width=\"86\">TAC-A4813<\/td>\n<\/tr>\n<tr style=\"height: 25.50pt;\">\n<td class=\"et3\" style=\"height: 39.00pt; width: 76.25pt;\" rowspan=\"2\" width=\"101\" height=\"52\"><img loading=\"lazy\" decoding=\"async\" class=\"alignnone size-full wp-image-3119\" src=\"https:\/\/www.tosunlux.eu\/wp-content\/uploads\/2022\/05\/QQ\u622a\u56fe20220517111616.png\" alt=\"\" width=\"140\" height=\"85\" \/>6 mekanik olarak birbirine kenetlenmi\u015f<br \/>\n\u00e7iftler aras\u0131nda<\/td>\n<td class=\"et3\" style=\"width: 74.35pt;\" width=\"99\">1HAYIR<\/td>\n<td class=\"et3\" style=\"width: 54.00pt;\" width=\"72\"><img loading=\"lazy\" decoding=\"async\" class=\"alignnone size-full wp-image-3113\" src=\"https:\/\/www.tosunlux.eu\/wp-content\/uploads\/2022\/05\/QQ\u622a\u56fe20220517104709.png\" alt=\"\" width=\"84\" height=\"70\" \/><\/td>\n<td class=\"et2\" style=\"width: 65.00pt;\" width=\"86\">TAC-A671<\/td>\n<\/tr>\n<tr style=\"height: 13.50pt;\">\n<td class=\"et3\" style=\"width: 74.35pt;\" width=\"99\">1HAYIR+1NK<\/td>\n<td class=\"et3\" style=\"width: 54.00pt;\" width=\"72\"><img loading=\"lazy\" decoding=\"async\" class=\"alignnone size-full wp-image-3111\" src=\"https:\/\/www.tosunlux.eu\/wp-content\/uploads\/2022\/05\/QQ\u622a\u56fe20220517103409.png\" alt=\"\" width=\"128\" height=\"100\" \/><\/td>\n<td class=\"et2\" style=\"width: 65.00pt;\" width=\"86\">TAC-A681<\/td>\n<\/tr>\n<tr style=\"height: 25.50pt;\">\n<td class=\"et3\" style=\"height: 39.00pt; width: 76.25pt;\" rowspan=\"2\" width=\"101\" height=\"52\"><img loading=\"lazy\" decoding=\"async\" class=\"alignnone size-full wp-image-3119\" src=\"https:\/\/www.tosunlux.eu\/wp-content\/uploads\/2022\/05\/QQ\u622a\u56fe20220517111616.png\" alt=\"\" width=\"140\" height=\"85\" \/>6 mekanik olarak birbirine kenetlenmi\u015f<br \/>\n\u00e7iftler aras\u0131nda<br \/>\n+1tetik eylemi mandal\u0131<br \/>\nAcil durdurma<br \/>\n\u00d830mm operat\u00f6r ZA2-BS44<\/td>\n<td class=\"et3\" style=\"width: 74.35pt;\" width=\"99\">1HAYIR<\/td>\n<td class=\"et3\" style=\"width: 54.00pt;\" width=\"72\"><img decoding=\"async\" class=\"alignnone size-full wp-image-3115\" src=\"https:\/\/www.tosunlux.eu\/wp-content\/uploads\/2022\/05\/QQ\u622a\u56fe20220517104815.png\" alt=\"\" width=\"266\" height=\"128\" \/>ZB2-BE102<\/td>\n<td class=\"et2\" style=\"width: 65.00pt;\" width=\"86\">TAC-A6713<\/td>\n<\/tr>\n<tr style=\"height: 13.50pt;\">\n<td class=\"et3\" style=\"width: 74.35pt;\" width=\"99\">1HAYIR+1NK<\/td>\n<td class=\"et3\" style=\"width: 54.00pt;\" width=\"72\"><img decoding=\"async\" class=\"alignnone size-full wp-image-3109\" src=\"https:\/\/www.tosunlux.eu\/wp-content\/uploads\/2022\/05\/QQ\u622a\u56fe20220517104821.png\" alt=\"\" width=\"299\" height=\"120\" \/>ZB2-BE102<\/td>\n<td class=\"et2\" style=\"width: 65.00pt;\" width=\"86\">TAC-A6813<\/td>\n<\/tr>\n<\/tbody>\n<\/table>","protected":false},"parent":0,"template":"","product_category":[35,94],"class_list":["post-3118","product","type-product","status-publish","hentry","product_category-industrial-control-devices","product_category-pushbutton-switch"],"yoast_head":"<!-- This site is optimized with the Yoast SEO plugin v27.5 - https:\/\/yoast.com\/product\/yoast-seo-wordpress\/ -->\n<title>WholesaleTAC-A Pushbutton Switch TAC-A4713 - TOSUNlux Official Site - Electrical Circuit Breaker Manufacturer in China Low Voltage Electrical Supplier | TOSUNlux<\/title>\n<meta name=\"description\" content=\"TAC-A Pushbutton Switch TAC-A4713 Supplier - Wholesale direct from TOSUNlux, a trusted manufacturer since 1994. Get your B2B factory quote on our certified Low Voltage electrical products.\" \/>\n<meta name=\"robots\" content=\"index, follow, max-snippet:-1, max-image-preview:large, max-video-preview:-1\" \/>\n<link rel=\"canonical\" href=\"https:\/\/www.tosunlux.eu\/tr\/products\/tac-a-pushbutton-switch-tac-a4713\/\" \/>\n<meta property=\"og:locale\" content=\"tr_TR\" \/>\n<meta property=\"og:type\" content=\"article\" \/>\n<meta property=\"og:title\" content=\"WholesaleTAC-A Pushbutton Switch TAC-A4713 - TOSUNlux Official Site - Electrical Circuit Breaker Manufacturer in China Low Voltage Electrical Supplier | TOSUNlux\" \/>\n<meta property=\"og:description\" content=\"TAC-A Pushbutton Switch TAC-A4713 Supplier - Wholesale direct from TOSUNlux, a trusted manufacturer since 1994. Get your B2B factory quote on our certified Low Voltage electrical products.\" \/>\n<meta property=\"og:url\" content=\"https:\/\/www.tosunlux.eu\/tr\/products\/tac-a-pushbutton-switch-tac-a4713\/\" \/>\n<meta property=\"og:site_name\" content=\"TOSUNlux Official Site - Electrical Circuit Breaker Manufacturer in China\" \/>\n<meta property=\"article:publisher\" content=\"https:\/\/www.facebook.com\/TOSUNelectric\/\" \/>\n<meta property=\"article:modified_time\" content=\"2022-05-17T03:22:20+00:00\" \/>\n<meta property=\"og:image\" content=\"https:\/\/www.tosunlux.eu\/wp-content\/uploads\/2023\/04\/DSC08160_\u526f\u672c.jpg\" \/>\n\t<meta property=\"og:image:width\" content=\"1500\" \/>\n\t<meta property=\"og:image:height\" content=\"940\" \/>\n\t<meta property=\"og:image:type\" content=\"image\/jpeg\" \/>\n<meta name=\"twitter:card\" content=\"summary_large_image\" \/>\n<meta name=\"twitter:label1\" content=\"Tahmini okuma s\u00fcresi\" \/>\n\t<meta name=\"twitter:data1\" content=\"3 dakika\" \/>\n<script type=\"application\/ld+json\" class=\"yoast-schema-graph\">{\"@context\":\"https:\\\/\\\/schema.org\",\"@graph\":[{\"@type\":\"WebPage\",\"@id\":\"https:\\\/\\\/www.tosunlux.eu\\\/ru\\\/products\\\/tac-a-pushbutton-switch-tac-a4713\\\/\",\"url\":\"https:\\\/\\\/www.tosunlux.eu\\\/ru\\\/products\\\/tac-a-pushbutton-switch-tac-a4713\\\/\",\"name\":\"WholesaleTAC-A Pushbutton Switch TAC-A4713 - TOSUNlux Official Site - Electrical Circuit Breaker Manufacturer in China Low Voltage Electrical Supplier | TOSUNlux\",\"isPartOf\":{\"@id\":\"https:\\\/\\\/www.tosunlux.eu\\\/ru\\\/#website\"},\"datePublished\":\"2022-05-17T03:22:19+00:00\",\"dateModified\":\"2022-05-17T03:22:20+00:00\",\"description\":\"TAC-A Pushbutton Switch TAC-A4713 Supplier - Wholesale direct from TOSUNlux, a trusted manufacturer since 1994. Get your B2B factory quote on our certified Low Voltage electrical products.\",\"breadcrumb\":{\"@id\":\"https:\\\/\\\/www.tosunlux.eu\\\/ru\\\/products\\\/tac-a-pushbutton-switch-tac-a4713\\\/#breadcrumb\"},\"inLanguage\":\"tr\",\"potentialAction\":[{\"@type\":\"ReadAction\",\"target\":[\"https:\\\/\\\/www.tosunlux.eu\\\/ru\\\/products\\\/tac-a-pushbutton-switch-tac-a4713\\\/\"]}]},{\"@type\":\"BreadcrumbList\",\"@id\":\"https:\\\/\\\/www.tosunlux.eu\\\/ru\\\/products\\\/tac-a-pushbutton-switch-tac-a4713\\\/#breadcrumb\",\"itemListElement\":[{\"@type\":\"ListItem\",\"position\":1,\"name\":\"Home\",\"item\":\"https:\\\/\\\/www.tosunlux.eu\\\/ru\\\/\"},{\"@type\":\"ListItem\",\"position\":2,\"name\":\"Products\",\"item\":\"https:\\\/\\\/www.tosunlux.eu\\\/products\\\/\"},{\"@type\":\"ListItem\",\"position\":3,\"name\":\"TAC-A Pushbutton Switch TAC-A4713\"}]},{\"@type\":\"WebSite\",\"@id\":\"https:\\\/\\\/www.tosunlux.eu\\\/ru\\\/#website\",\"url\":\"https:\\\/\\\/www.tosunlux.eu\\\/ru\\\/\",\"name\":\"TOSUNlux Official Site - Electrical Circuit Breaker Manufacturer in China\",\"description\":\"Power Distribution System Supplier\",\"publisher\":{\"@id\":\"https:\\\/\\\/www.tosunlux.eu\\\/ru\\\/#organization\"},\"alternateName\":\"TOSUNlux\",\"potentialAction\":[{\"@type\":\"SearchAction\",\"target\":{\"@type\":\"EntryPoint\",\"urlTemplate\":\"https:\\\/\\\/www.tosunlux.eu\\\/ru\\\/?s={search_term_string}\"},\"query-input\":{\"@type\":\"PropertyValueSpecification\",\"valueRequired\":true,\"valueName\":\"search_term_string\"}}],\"inLanguage\":\"tr\"},{\"@type\":\"Organization\",\"@id\":\"https:\\\/\\\/www.tosunlux.eu\\\/ru\\\/#organization\",\"name\":\"TOSUNlux\",\"url\":\"https:\\\/\\\/www.tosunlux.eu\\\/ru\\\/\",\"logo\":{\"@type\":\"ImageObject\",\"inLanguage\":\"tr\",\"@id\":\"https:\\\/\\\/www.tosunlux.eu\\\/ru\\\/#\\\/schema\\\/logo\\\/image\\\/\",\"url\":\"https:\\\/\\\/www.tosunlux.eu\\\/wp-content\\\/uploads\\\/2022\\\/01\\\/LOGOSYSM.71762f1.png\",\"contentUrl\":\"https:\\\/\\\/www.tosunlux.eu\\\/wp-content\\\/uploads\\\/2022\\\/01\\\/LOGOSYSM.71762f1.png\",\"width\":153,\"height\":55,\"caption\":\"TOSUNlux\"},\"image\":{\"@id\":\"https:\\\/\\\/www.tosunlux.eu\\\/ru\\\/#\\\/schema\\\/logo\\\/image\\\/\"},\"sameAs\":[\"https:\\\/\\\/www.facebook.com\\\/TOSUNelectric\\\/\",\"https:\\\/\\\/www.linkedin.com\\\/company\\\/wenzhou-tosun-electric-co.-ltd\\\/\"]}]}<\/script>\n<!-- \/ Yoast SEO plugin. -->","yoast_head_json":{"title":"Toptan TAC-A Buton Anahtar\u0131 TAC-A4713 - TOSUNlux Resmi Sitesi - \u00c7in&#039;de Elektrik Sigortas\u0131 \u00dcreticisi ve D\u00fc\u015f\u00fck Voltajl\u0131 Elektrik Tedarik\u00e7isi | TOSUNlux","description":"TAC-A Basmal\u0131 Buton Anahtar\u0131 TAC-A4713 Tedarik\u00e7i - 1994&#039;ten beri g\u00fcvenilir bir \u00fcretici olan TOSUNlux&#039;tan do\u011frudan toptan sat\u0131\u015f. Sertifikal\u0131 D\u00fc\u015f\u00fck Gerilim elektrik \u00fcr\u00fcnlerimiz i\u00e7in B2B fabrika fiyat teklifinizi al\u0131n.","robots":{"index":"index","follow":"follow","max-snippet":"max-snippet:-1","max-image-preview":"max-image-preview:large","max-video-preview":"max-video-preview:-1"},"canonical":"https:\/\/www.tosunlux.eu\/tr\/products\/tac-a-pushbutton-switch-tac-a4713\/","og_locale":"tr_TR","og_type":"article","og_title":"WholesaleTAC-A Pushbutton Switch TAC-A4713 - TOSUNlux Official Site - Electrical Circuit Breaker Manufacturer in China Low Voltage Electrical Supplier | TOSUNlux","og_description":"TAC-A Pushbutton Switch TAC-A4713 Supplier - Wholesale direct from TOSUNlux, a trusted manufacturer since 1994. Get your B2B factory quote on our certified Low Voltage electrical products.","og_url":"https:\/\/www.tosunlux.eu\/tr\/products\/tac-a-pushbutton-switch-tac-a4713\/","og_site_name":"TOSUNlux Official Site - Electrical Circuit Breaker Manufacturer in China","article_publisher":"https:\/\/www.facebook.com\/TOSUNelectric\/","article_modified_time":"2022-05-17T03:22:20+00:00","og_image":[{"width":1500,"height":940,"url":"https:\/\/www.tosunlux.eu\/wp-content\/uploads\/2023\/04\/DSC08160_\u526f\u672c.jpg","type":"image\/jpeg"}],"twitter_card":"summary_large_image","twitter_misc":{"Tahmini okuma s\u00fcresi":"3 dakika"},"schema":{"@context":"https:\/\/schema.org","@graph":[{"@type":"WebPage","@id":"https:\/\/www.tosunlux.eu\/ru\/products\/tac-a-pushbutton-switch-tac-a4713\/","url":"https:\/\/www.tosunlux.eu\/ru\/products\/tac-a-pushbutton-switch-tac-a4713\/","name":"Toptan TAC-A Buton Anahtar\u0131 TAC-A4713 - TOSUNlux Resmi Sitesi - \u00c7in&#039;de Elektrik Sigortas\u0131 \u00dcreticisi ve D\u00fc\u015f\u00fck Voltajl\u0131 Elektrik Tedarik\u00e7isi | TOSUNlux","isPartOf":{"@id":"https:\/\/www.tosunlux.eu\/ru\/#website"},"datePublished":"2022-05-17T03:22:19+00:00","dateModified":"2022-05-17T03:22:20+00:00","description":"TAC-A Basmal\u0131 Buton Anahtar\u0131 TAC-A4713 Tedarik\u00e7i - 1994&#039;ten beri g\u00fcvenilir bir \u00fcretici olan TOSUNlux&#039;tan do\u011frudan toptan sat\u0131\u015f. Sertifikal\u0131 D\u00fc\u015f\u00fck Gerilim elektrik \u00fcr\u00fcnlerimiz i\u00e7in B2B fabrika fiyat teklifinizi al\u0131n.","breadcrumb":{"@id":"https:\/\/www.tosunlux.eu\/ru\/products\/tac-a-pushbutton-switch-tac-a4713\/#breadcrumb"},"inLanguage":"tr","potentialAction":[{"@type":"ReadAction","target":["https:\/\/www.tosunlux.eu\/ru\/products\/tac-a-pushbutton-switch-tac-a4713\/"]}]},{"@type":"BreadcrumbList","@id":"https:\/\/www.tosunlux.eu\/ru\/products\/tac-a-pushbutton-switch-tac-a4713\/#breadcrumb","itemListElement":[{"@type":"ListItem","position":1,"name":"Home","item":"https:\/\/www.tosunlux.eu\/ru\/"},{"@type":"ListItem","position":2,"name":"Products","item":"https:\/\/www.tosunlux.eu\/products\/"},{"@type":"ListItem","position":3,"name":"TAC-A Pushbutton Switch TAC-A4713"}]},{"@type":"WebSite","@id":"https:\/\/www.tosunlux.eu\/ru\/#website","url":"https:\/\/www.tosunlux.eu\/ru\/","name":"TOSUNlux Resmi Sitesi - \u00c7in&#039;de Elektrik Sigortas\u0131 \u00dcreticisi","description":"G\u00fc\u00e7 Da\u011f\u0131t\u0131m Sistemi Tedarik\u00e7isi","publisher":{"@id":"https:\/\/www.tosunlux.eu\/ru\/#organization"},"alternateName":"TOSUNlux","potentialAction":[{"@type":"SearchAction","target":{"@type":"EntryPoint","urlTemplate":"https:\/\/www.tosunlux.eu\/ru\/?s={search_term_string}"},"query-input":{"@type":"PropertyValueSpecification","valueRequired":true,"valueName":"search_term_string"}}],"inLanguage":"tr"},{"@type":"Organization","@id":"https:\/\/www.tosunlux.eu\/ru\/#organization","name":"TOSUNlux","url":"https:\/\/www.tosunlux.eu\/ru\/","logo":{"@type":"ImageObject","inLanguage":"tr","@id":"https:\/\/www.tosunlux.eu\/ru\/#\/schema\/logo\/image\/","url":"https:\/\/www.tosunlux.eu\/wp-content\/uploads\/2022\/01\/LOGOSYSM.71762f1.png","contentUrl":"https:\/\/www.tosunlux.eu\/wp-content\/uploads\/2022\/01\/LOGOSYSM.71762f1.png","width":153,"height":55,"caption":"TOSUNlux"},"image":{"@id":"https:\/\/www.tosunlux.eu\/ru\/#\/schema\/logo\/image\/"},"sameAs":["https:\/\/www.facebook.com\/TOSUNelectric\/","https:\/\/www.linkedin.com\/company\/wenzhou-tosun-electric-co.-ltd\/"]}]}},"_links":{"self":[{"href":"https:\/\/www.tosunlux.eu\/tr\/wp-json\/wp\/v2\/product\/3118","targetHints":{"allow":["GET"]}}],"collection":[{"href":"https:\/\/www.tosunlux.eu\/tr\/wp-json\/wp\/v2\/product"}],"about":[{"href":"https:\/\/www.tosunlux.eu\/tr\/wp-json\/wp\/v2\/types\/product"}],"version-history":[{"count":0,"href":"https:\/\/www.tosunlux.eu\/tr\/wp-json\/wp\/v2\/product\/3118\/revisions"}],"wp:attachment":[{"href":"https:\/\/www.tosunlux.eu\/tr\/wp-json\/wp\/v2\/media?parent=3118"}],"wp:term":[{"taxonomy":"product_category","embeddable":true,"href":"https:\/\/www.tosunlux.eu\/tr\/wp-json\/wp\/v2\/product_category?post=3118"}],"curies":[{"name":"wp","href":"https:\/\/api.w.org\/{rel}","templated":true}]}}