{"id":3277,"date":"2022-05-18T14:31:55","date_gmt":"2022-05-18T06:31:55","guid":{"rendered":"https:\/\/www.tosunlux.eu\/?post_type=product&#038;p=3277"},"modified":"2022-06-17T14:22:17","modified_gmt":"2022-06-17T06:22:17","slug":"fb-ventilator-filter-unit","status":"publish","type":"product","link":"https:\/\/www.tosunlux.eu\/tr\/products\/fb-ventilator-filter-unit\/","title":{"rendered":"FB Ventilat\u00f6r Filtre \u00dcnitesi"},"content":{"rendered":"<p><strong>Boyut<\/strong><\/p>\n\n\n\n<figure class=\"wp-block-image size-large\"><img fetchpriority=\"high\" decoding=\"async\" width=\"1024\" height=\"338\" src=\"https:\/\/www.tosunlux.eu\/wp-content\/uploads\/2022\/05\/\u5c3a\u5bf8\u56fe-18-1024x338.jpg\" alt=\"\" class=\"wp-image-3281\" srcset=\"https:\/\/www.tosunlux.eu\/wp-content\/uploads\/2022\/05\/\u5c3a\u5bf8\u56fe-18-1024x338.jpg 1024w, https:\/\/www.tosunlux.eu\/wp-content\/uploads\/2022\/05\/\u5c3a\u5bf8\u56fe-18-300x99.jpg 300w, https:\/\/www.tosunlux.eu\/wp-content\/uploads\/2022\/05\/\u5c3a\u5bf8\u56fe-18-768x253.jpg 768w, https:\/\/www.tosunlux.eu\/wp-content\/uploads\/2022\/05\/\u5c3a\u5bf8\u56fe-18.jpg 1198w\" sizes=\"(max-width: 1024px) 100vw, 1024px\" \/><\/figure>\n\n\n\n<p>T\u00fcrk\u00e7e:<strong>ecification<\/strong><\/p>\n\n\n<table style=\"border-collapse: collapse; width: 677.27pt;\" border=\"0\" width=\"903\" cellspacing=\"0\" cellpadding=\"0\">\n<tbody>\n<tr style=\"height: 40.00pt;\">\n<td class=\"et2\" style=\"height: 40pt; width: 97.2pt; text-align: center;\" width=\"129\" height=\"53\">\u00d6rnek<\/td>\n<td class=\"et2\" style=\"width: 98.1pt; text-align: center;\" width=\"130\">Etkili R\u00fczgar Oran\u0131<\/td>\n<td class=\"et2\" style=\"width: 99.05pt; text-align: center;\" width=\"132\">Maksimum R\u00fczgar H\u0131z\u0131<\/td>\n<td class=\"et2\" style=\"width: 99.05pt; text-align: center;\" width=\"132\">Toz Giderme Oran\u0131<\/td>\n<td class=\"et2\" style=\"width: 58.3pt; text-align: center;\" width=\"77\">L<\/td>\n<td class=\"et2\" style=\"width: 58.3pt; text-align: center;\" width=\"77\">w<\/td>\n<td class=\"et2\" style=\"width: 58.3pt; text-align: center;\" width=\"77\">H<\/td>\n<td class=\"et2\" style=\"width: 109.5pt; text-align: center;\" width=\"146\">Fan E\u015fle\u015fti<\/td>\n<\/tr>\n<tr style=\"height: 40.00pt;\">\n<td class=\"et2\" style=\"height: 40pt; width: 97.2pt; text-align: center;\" width=\"129\" height=\"53\">FB-9801<\/td>\n<td class=\"et2\" style=\"width: 98.1pt; text-align: center;\" width=\"130\">25,0 m\u00b3\/dak<\/td>\n<td class=\"et2\" style=\"width: 99.05pt; text-align: center;\" width=\"132\">2,0m\/sn<\/td>\n<td class=\"et2\" style=\"width: 99.05pt; text-align: center;\" width=\"132\">88%<\/td>\n<td class=\"et2\" style=\"width: 58.3pt; text-align: center;\" width=\"77\">109<\/td>\n<td class=\"et2\" style=\"width: 58.3pt; text-align: center;\" width=\"77\">109<\/td>\n<td class=\"et2\" style=\"width: 58.3pt; text-align: center;\" width=\"77\">23<\/td>\n<td class=\"et2\" style=\"width: 109.5pt; text-align: center;\" width=\"146\">80&#215;80 92&#215;92<\/td>\n<\/tr>\n<tr style=\"height: 19.00pt;\">\n<td class=\"et2\" style=\"height: 19pt; width: 97.2pt; text-align: center;\" width=\"129\" height=\"25\">FB-9803<\/td>\n<td class=\"et2\" style=\"width: 98.1pt; text-align: center;\" width=\"130\">25,0 m\u00b3\/dak<\/td>\n<td class=\"et2\" style=\"width: 99.05pt; text-align: center;\" width=\"132\">2,0m\/sn<\/td>\n<td class=\"et2\" style=\"width: 99.05pt; text-align: center;\" width=\"132\">88%<\/td>\n<td class=\"et2\" style=\"width: 58.3pt; text-align: center;\" width=\"77\">148.5<\/td>\n<td class=\"et2\" style=\"width: 58.3pt; text-align: center;\" width=\"77\">148.5<\/td>\n<td class=\"et2\" style=\"width: 58.3pt; text-align: center;\" width=\"77\">28<\/td>\n<td class=\"et2\" style=\"width: 109.5pt; text-align: center;\" width=\"146\">120\u00d7120<\/td>\n<\/tr>\n<tr style=\"height: 20.00pt;\">\n<td class=\"et2\" style=\"height: 20pt; width: 97.2pt; text-align: center;\" width=\"129\" height=\"26\">FB-9804<\/td>\n<td class=\"et2\" style=\"width: 98.1pt; text-align: center;\" width=\"130\">50,0 m\u00b3\/dak<\/td>\n<td class=\"et2\" style=\"width: 99.05pt; text-align: center;\" width=\"132\">2,0m\/sn<\/td>\n<td class=\"et2\" style=\"width: 99.05pt; text-align: center;\" width=\"132\">88%<\/td>\n<td class=\"et2\" style=\"width: 58.3pt; text-align: center;\" width=\"77\">204<\/td>\n<td class=\"et2\" style=\"width: 58.3pt; text-align: center;\" width=\"77\">204<\/td>\n<td class=\"et2\" style=\"width: 58.3pt; text-align: center;\" width=\"77\">28<\/td>\n<td class=\"et2\" style=\"width: 109.5pt; text-align: center;\" width=\"146\">150&#215;150<\/td>\n<\/tr>\n<tr style=\"height: 40.00pt;\">\n<td class=\"et2\" style=\"height: 40pt; width: 97.2pt; text-align: center;\" width=\"129\" height=\"53\">FB-9805<\/td>\n<td class=\"et2\" style=\"width: 98.1pt; text-align: center;\" width=\"130\">80,0 m\u00b3\/dak<\/td>\n<td class=\"et2\" style=\"width: 99.05pt; text-align: center;\" width=\"132\">2,0m\/sn<\/td>\n<td class=\"et2\" style=\"width: 99.05pt; text-align: center;\" width=\"132\">88%<\/td>\n<td class=\"et2\" style=\"width: 58.3pt; text-align: center;\" width=\"77\">255<\/td>\n<td class=\"et2\" style=\"width: 58.3pt; text-align: center;\" width=\"77\">255<\/td>\n<td class=\"et2\" style=\"width: 58.3pt; text-align: center;\" width=\"77\">28<\/td>\n<td class=\"et2\" style=\"width: 109.5pt; text-align: center;\" width=\"146\">172&#215;150 200&#215;200<\/td>\n<\/tr>\n<tr style=\"height: 40.00pt;\">\n<td class=\"et2\" style=\"height: 40pt; width: 97.2pt; text-align: center;\" width=\"129\" height=\"53\">FB-9806<\/td>\n<td class=\"et2\" style=\"width: 98.1pt; text-align: center;\" width=\"130\">120,0 m\u00b3\/dak<\/td>\n<td class=\"et2\" style=\"width: 99.05pt; text-align: center;\" width=\"132\">2,0m\/sn<\/td>\n<td class=\"et2\" style=\"width: 99.05pt; text-align: center;\" width=\"132\">88%<\/td>\n<td class=\"et2\" style=\"width: 58.3pt; text-align: center;\" width=\"77\">320<\/td>\n<td class=\"et2\" style=\"width: 58.3pt; text-align: center;\" width=\"77\">320<\/td>\n<td class=\"et2\" style=\"width: 58.3pt; text-align: center;\" width=\"77\">28<\/td>\n<td class=\"et2\" style=\"width: 109.5pt; text-align: center;\" width=\"146\">220&#215;220 225&#215;225<\/td>\n<\/tr>\n<tr style=\"height: 40.00pt;\">\n<td class=\"et2\" style=\"height: 40pt; width: 97.2pt; text-align: center;\" width=\"129\" height=\"53\">FB-9807<\/td>\n<td class=\"et2\" style=\"width: 98.1pt; text-align: center;\" width=\"130\">100,0 m\u00b3\/dak<\/td>\n<td class=\"et2\" style=\"width: 99.05pt; text-align: center;\" width=\"132\">2,0m\/sn<\/td>\n<td class=\"et2\" style=\"width: 99.05pt; text-align: center;\" width=\"132\">86%<\/td>\n<td class=\"et2\" style=\"width: 58.3pt; text-align: center;\" width=\"77\">420<\/td>\n<td class=\"et2\" style=\"width: 58.3pt; text-align: center;\" width=\"77\">180<\/td>\n<td class=\"et2\" style=\"width: 58.3pt; text-align: center;\" width=\"77\">28<\/td>\n<td class=\"et2\" style=\"width: 109.5pt; text-align: center;\" width=\"146\">(120\u00d7120)x3 (172\u00d7150)x2<\/td>\n<\/tr>\n<tr style=\"height: 19.00pt;\">\n<td class=\"et2\" style=\"height: 19pt; width: 97.2pt; text-align: center;\" width=\"129\" height=\"25\">FB-9808<\/td>\n<td class=\"et2\" style=\"width: 98.1pt; text-align: center;\" width=\"130\">100,0m\u00b3\/m&#039;de<\/td>\n<td class=\"et2\" style=\"width: 99.05pt; text-align: center;\" width=\"132\">2,0m\/sn<\/td>\n<td class=\"et2\" style=\"width: 99.05pt; text-align: center;\" width=\"132\">86%<\/td>\n<td class=\"et2\" style=\"width: 58.3pt; text-align: center;\" width=\"77\">357.4<\/td>\n<td class=\"et2\" style=\"width: 58.3pt; text-align: center;\" width=\"77\">118.1<\/td>\n<td class=\"et2\" style=\"width: 58.3pt; text-align: center;\" width=\"77\">46.3<\/td>\n<td class=\"et2\" style=\"width: 109.5pt; text-align: center;\" width=\"146\">(80\u00d780)x3<\/td>\n<\/tr>\n<tr style=\"height: 40.00pt;\">\n<td class=\"et2\" style=\"height: 40pt; width: 97.2pt; text-align: center;\" width=\"129\" height=\"53\">FB-9809<\/td>\n<td class=\"et2\" style=\"width: 98.1pt; text-align: center;\" width=\"130\">100,0 m\u00b3\/dak<\/td>\n<td class=\"et2\" style=\"width: 99.05pt; text-align: center;\" width=\"132\">2,0m\/sn<\/td>\n<td class=\"et2\" style=\"width: 99.05pt; text-align: center;\" width=\"132\">86%<\/td>\n<td class=\"et2\" style=\"width: 58.3pt; text-align: center;\" width=\"77\">418<\/td>\n<td class=\"et2\" style=\"width: 58.3pt; text-align: center;\" width=\"77\">179.6<\/td>\n<td class=\"et2\" style=\"width: 58.3pt; text-align: center;\" width=\"77\">46.3<\/td>\n<td class=\"et2\" style=\"width: 109.5pt; text-align: center;\" width=\"146\">(120\u00d7120)x3 (172\u00d7150)x2<\/td>\n<\/tr>\n<\/tbody>\n<\/table>","protected":false},"parent":0,"template":"","product_category":[36,103],"class_list":["post-3277","product","type-product","status-publish","hentry","product_category-electrical-accessories","product_category-ventilation-heating"],"yoast_head":"<!-- This site is optimized with the Yoast SEO plugin v27.4 - https:\/\/yoast.com\/product\/yoast-seo-wordpress\/ -->\n<title>WholesaleFB Ventilator Filter Unit - TOSUNlux Official Site - Electrical Circuit Breaker Manufacturer in China Low Voltage Electrical Supplier | TOSUNlux<\/title>\n<meta name=\"description\" content=\"FB Ventilator Filter Unit Supplier - Wholesale direct from TOSUNlux, a trusted manufacturer since 1994. Get your B2B factory quote on our certified Low Voltage electrical products.\" \/>\n<meta name=\"robots\" content=\"index, follow, max-snippet:-1, max-image-preview:large, max-video-preview:-1\" \/>\n<link rel=\"canonical\" href=\"https:\/\/www.tosunlux.eu\/tr\/products\/fb-ventilator-filter-unit\/\" \/>\n<meta property=\"og:locale\" content=\"tr_TR\" \/>\n<meta property=\"og:type\" content=\"article\" \/>\n<meta property=\"og:title\" content=\"WholesaleFB Ventilator Filter Unit - TOSUNlux Official Site - Electrical Circuit Breaker Manufacturer in China Low Voltage Electrical Supplier | TOSUNlux\" \/>\n<meta property=\"og:description\" content=\"FB Ventilator Filter Unit Supplier - Wholesale direct from TOSUNlux, a trusted manufacturer since 1994. Get your B2B factory quote on our certified Low Voltage electrical products.\" \/>\n<meta property=\"og:url\" content=\"https:\/\/www.tosunlux.eu\/tr\/products\/fb-ventilator-filter-unit\/\" \/>\n<meta property=\"og:site_name\" content=\"TOSUNlux Official Site - Electrical Circuit Breaker Manufacturer in China\" \/>\n<meta property=\"article:publisher\" content=\"https:\/\/www.facebook.com\/TOSUNelectric\/\" \/>\n<meta property=\"article:modified_time\" content=\"2022-06-17T06:22:17+00:00\" \/>\n<meta property=\"og:image\" content=\"https:\/\/www.tosunlux.eu\/wp-content\/uploads\/2023\/04\/DSC08160_\u526f\u672c.jpg\" \/>\n\t<meta property=\"og:image:width\" content=\"1500\" \/>\n\t<meta property=\"og:image:height\" content=\"940\" \/>\n\t<meta property=\"og:image:type\" content=\"image\/jpeg\" \/>\n<meta name=\"twitter:card\" content=\"summary_large_image\" \/>\n<meta name=\"twitter:label1\" content=\"Tahmini okuma s\u00fcresi\" \/>\n\t<meta name=\"twitter:data1\" content=\"1 dakika\" \/>\n<script type=\"application\/ld+json\" class=\"yoast-schema-graph\">{\"@context\":\"https:\\\/\\\/schema.org\",\"@graph\":[{\"@type\":\"WebPage\",\"@id\":\"https:\\\/\\\/www.tosunlux.eu\\\/es\\\/products\\\/fb-ventilator-filter-unit\\\/\",\"url\":\"https:\\\/\\\/www.tosunlux.eu\\\/es\\\/products\\\/fb-ventilator-filter-unit\\\/\",\"name\":\"WholesaleFB Ventilator Filter Unit - TOSUNlux Official Site - Electrical Circuit Breaker Manufacturer in China Low Voltage Electrical Supplier | TOSUNlux\",\"isPartOf\":{\"@id\":\"https:\\\/\\\/www.tosunlux.eu\\\/ru\\\/#website\"},\"datePublished\":\"2022-05-18T06:31:55+00:00\",\"dateModified\":\"2022-06-17T06:22:17+00:00\",\"description\":\"FB Ventilator Filter Unit Supplier - Wholesale direct from TOSUNlux, a trusted manufacturer since 1994. Get your B2B factory quote on our certified Low Voltage electrical products.\",\"breadcrumb\":{\"@id\":\"https:\\\/\\\/www.tosunlux.eu\\\/es\\\/products\\\/fb-ventilator-filter-unit\\\/#breadcrumb\"},\"inLanguage\":\"tr\",\"potentialAction\":[{\"@type\":\"ReadAction\",\"target\":[\"https:\\\/\\\/www.tosunlux.eu\\\/es\\\/products\\\/fb-ventilator-filter-unit\\\/\"]}]},{\"@type\":\"BreadcrumbList\",\"@id\":\"https:\\\/\\\/www.tosunlux.eu\\\/es\\\/products\\\/fb-ventilator-filter-unit\\\/#breadcrumb\",\"itemListElement\":[{\"@type\":\"ListItem\",\"position\":1,\"name\":\"Home\",\"item\":\"https:\\\/\\\/www.tosunlux.eu\\\/ru\\\/\"},{\"@type\":\"ListItem\",\"position\":2,\"name\":\"Products\",\"item\":\"https:\\\/\\\/www.tosunlux.eu\\\/products\\\/\"},{\"@type\":\"ListItem\",\"position\":3,\"name\":\"FB Ventilator Filter Unit\"}]},{\"@type\":\"WebSite\",\"@id\":\"https:\\\/\\\/www.tosunlux.eu\\\/ru\\\/#website\",\"url\":\"https:\\\/\\\/www.tosunlux.eu\\\/ru\\\/\",\"name\":\"TOSUNlux Official Site - Electrical Circuit Breaker Manufacturer in China\",\"description\":\"Power Distribution System Supplier\",\"publisher\":{\"@id\":\"https:\\\/\\\/www.tosunlux.eu\\\/ru\\\/#organization\"},\"alternateName\":\"TOSUNlux\",\"potentialAction\":[{\"@type\":\"SearchAction\",\"target\":{\"@type\":\"EntryPoint\",\"urlTemplate\":\"https:\\\/\\\/www.tosunlux.eu\\\/ru\\\/?s={search_term_string}\"},\"query-input\":{\"@type\":\"PropertyValueSpecification\",\"valueRequired\":true,\"valueName\":\"search_term_string\"}}],\"inLanguage\":\"tr\"},{\"@type\":\"Organization\",\"@id\":\"https:\\\/\\\/www.tosunlux.eu\\\/ru\\\/#organization\",\"name\":\"TOSUNlux\",\"url\":\"https:\\\/\\\/www.tosunlux.eu\\\/ru\\\/\",\"logo\":{\"@type\":\"ImageObject\",\"inLanguage\":\"tr\",\"@id\":\"https:\\\/\\\/www.tosunlux.eu\\\/ru\\\/#\\\/schema\\\/logo\\\/image\\\/\",\"url\":\"https:\\\/\\\/www.tosunlux.eu\\\/wp-content\\\/uploads\\\/2022\\\/01\\\/LOGOSYSM.71762f1.png\",\"contentUrl\":\"https:\\\/\\\/www.tosunlux.eu\\\/wp-content\\\/uploads\\\/2022\\\/01\\\/LOGOSYSM.71762f1.png\",\"width\":153,\"height\":55,\"caption\":\"TOSUNlux\"},\"image\":{\"@id\":\"https:\\\/\\\/www.tosunlux.eu\\\/ru\\\/#\\\/schema\\\/logo\\\/image\\\/\"},\"sameAs\":[\"https:\\\/\\\/www.facebook.com\\\/TOSUNelectric\\\/\",\"https:\\\/\\\/www.linkedin.com\\\/company\\\/wenzhou-tosun-electric-co.-ltd\\\/\"]}]}<\/script>\n<!-- \/ Yoast SEO plugin. -->","yoast_head_json":{"title":"WholesaleFB Ventilator Filter Unit - TOSUNlux Official Site - Electrical Circuit Breaker Manufacturer in China Low Voltage Electrical Supplier | TOSUNlux","description":"FB Ventilator Filter Unit Supplier - Wholesale direct from TOSUNlux, a trusted manufacturer since 1994. Get your B2B factory quote on our certified Low Voltage electrical products.","robots":{"index":"index","follow":"follow","max-snippet":"max-snippet:-1","max-image-preview":"max-image-preview:large","max-video-preview":"max-video-preview:-1"},"canonical":"https:\/\/www.tosunlux.eu\/tr\/products\/fb-ventilator-filter-unit\/","og_locale":"tr_TR","og_type":"article","og_title":"WholesaleFB Ventilator Filter Unit - TOSUNlux Official Site - Electrical Circuit Breaker Manufacturer in China Low Voltage Electrical Supplier | TOSUNlux","og_description":"FB Ventilator Filter Unit Supplier - Wholesale direct from TOSUNlux, a trusted manufacturer since 1994. Get your B2B factory quote on our certified Low Voltage electrical products.","og_url":"https:\/\/www.tosunlux.eu\/tr\/products\/fb-ventilator-filter-unit\/","og_site_name":"TOSUNlux Official Site - Electrical Circuit Breaker Manufacturer in China","article_publisher":"https:\/\/www.facebook.com\/TOSUNelectric\/","article_modified_time":"2022-06-17T06:22:17+00:00","og_image":[{"width":1500,"height":940,"url":"https:\/\/www.tosunlux.eu\/wp-content\/uploads\/2023\/04\/DSC08160_\u526f\u672c.jpg","type":"image\/jpeg"}],"twitter_card":"summary_large_image","twitter_misc":{"Tahmini okuma s\u00fcresi":"1 dakika"},"schema":{"@context":"https:\/\/schema.org","@graph":[{"@type":"WebPage","@id":"https:\/\/www.tosunlux.eu\/es\/products\/fb-ventilator-filter-unit\/","url":"https:\/\/www.tosunlux.eu\/es\/products\/fb-ventilator-filter-unit\/","name":"WholesaleFB Ventilator Filter Unit - TOSUNlux Official Site - Electrical Circuit Breaker Manufacturer in China Low Voltage Electrical Supplier | TOSUNlux","isPartOf":{"@id":"https:\/\/www.tosunlux.eu\/ru\/#website"},"datePublished":"2022-05-18T06:31:55+00:00","dateModified":"2022-06-17T06:22:17+00:00","description":"FB Ventilator Filter Unit Supplier - Wholesale direct from TOSUNlux, a trusted manufacturer since 1994. Get your B2B factory quote on our certified Low Voltage electrical products.","breadcrumb":{"@id":"https:\/\/www.tosunlux.eu\/es\/products\/fb-ventilator-filter-unit\/#breadcrumb"},"inLanguage":"tr","potentialAction":[{"@type":"ReadAction","target":["https:\/\/www.tosunlux.eu\/es\/products\/fb-ventilator-filter-unit\/"]}]},{"@type":"BreadcrumbList","@id":"https:\/\/www.tosunlux.eu\/es\/products\/fb-ventilator-filter-unit\/#breadcrumb","itemListElement":[{"@type":"ListItem","position":1,"name":"Home","item":"https:\/\/www.tosunlux.eu\/ru\/"},{"@type":"ListItem","position":2,"name":"Products","item":"https:\/\/www.tosunlux.eu\/products\/"},{"@type":"ListItem","position":3,"name":"FB Ventilator Filter Unit"}]},{"@type":"WebSite","@id":"https:\/\/www.tosunlux.eu\/ru\/#website","url":"https:\/\/www.tosunlux.eu\/ru\/","name":"TOSUNlux Resmi Sitesi - \u00c7in&#039;de Elektrik Sigortas\u0131 \u00dcreticisi","description":"G\u00fc\u00e7 Da\u011f\u0131t\u0131m Sistemi Tedarik\u00e7isi","publisher":{"@id":"https:\/\/www.tosunlux.eu\/ru\/#organization"},"alternateName":"TOSUNlux","potentialAction":[{"@type":"SearchAction","target":{"@type":"EntryPoint","urlTemplate":"https:\/\/www.tosunlux.eu\/ru\/?s={search_term_string}"},"query-input":{"@type":"PropertyValueSpecification","valueRequired":true,"valueName":"search_term_string"}}],"inLanguage":"tr"},{"@type":"Organization","@id":"https:\/\/www.tosunlux.eu\/ru\/#organization","name":"TOSUNlux","url":"https:\/\/www.tosunlux.eu\/ru\/","logo":{"@type":"ImageObject","inLanguage":"tr","@id":"https:\/\/www.tosunlux.eu\/ru\/#\/schema\/logo\/image\/","url":"https:\/\/www.tosunlux.eu\/wp-content\/uploads\/2022\/01\/LOGOSYSM.71762f1.png","contentUrl":"https:\/\/www.tosunlux.eu\/wp-content\/uploads\/2022\/01\/LOGOSYSM.71762f1.png","width":153,"height":55,"caption":"TOSUNlux"},"image":{"@id":"https:\/\/www.tosunlux.eu\/ru\/#\/schema\/logo\/image\/"},"sameAs":["https:\/\/www.facebook.com\/TOSUNelectric\/","https:\/\/www.linkedin.com\/company\/wenzhou-tosun-electric-co.-ltd\/"]}]}},"_links":{"self":[{"href":"https:\/\/www.tosunlux.eu\/tr\/wp-json\/wp\/v2\/product\/3277","targetHints":{"allow":["GET"]}}],"collection":[{"href":"https:\/\/www.tosunlux.eu\/tr\/wp-json\/wp\/v2\/product"}],"about":[{"href":"https:\/\/www.tosunlux.eu\/tr\/wp-json\/wp\/v2\/types\/product"}],"version-history":[{"count":0,"href":"https:\/\/www.tosunlux.eu\/tr\/wp-json\/wp\/v2\/product\/3277\/revisions"}],"wp:attachment":[{"href":"https:\/\/www.tosunlux.eu\/tr\/wp-json\/wp\/v2\/media?parent=3277"}],"wp:term":[{"taxonomy":"product_category","embeddable":true,"href":"https:\/\/www.tosunlux.eu\/tr\/wp-json\/wp\/v2\/product_category?post=3277"}],"curies":[{"name":"wp","href":"https:\/\/api.w.org\/{rel}","templated":true}]}}