{"id":3364,"date":"2022-05-23T13:46:01","date_gmt":"2022-05-23T05:46:01","guid":{"rendered":"https:\/\/www.tosunlux.eu\/?post_type=product&#038;p=3364"},"modified":"2022-05-23T14:00:37","modified_gmt":"2022-05-23T06:00:37","slug":"led-filament-lamp-3","status":"publish","type":"product","link":"https:\/\/www.tosunlux.eu\/tr\/products\/led-filament-lamp-3\/","title":{"rendered":"LED Filament Lamba"},"content":{"rendered":"<p>Not: Cam kapak \u015fu \u015fekilde olabilir: \u015feffaf, fost, beyaz, kehribar<\/p>\n\n\n<p>\u00a0<\/p>\n<table style=\"border-collapse: collapse; width: 787.52pt;\" border=\"0\" width=\"1050\" cellspacing=\"0\" cellpadding=\"0\">\n<tbody>\n<tr style=\"height: 42.70pt;\">\n<td class=\"et2\" style=\"height: 42.70pt; width: 140.75pt;\" width=\"187\" height=\"56\">\u00d6rnek<\/td>\n<td class=\"et2\" style=\"width: 57.50pt;\" width=\"76\">G\u00fc\u00e7<\/td>\n<td class=\"et2\" style=\"width: 68.75pt;\" width=\"91\">Temel<\/td>\n<td class=\"et2\" style=\"width: 95.75pt;\" width=\"127\">Gerilim<\/td>\n<td class=\"et2\" style=\"width: 80.25pt;\" width=\"107\">CRI<\/td>\n<td class=\"et2\" style=\"width: 76.50pt;\" width=\"102\">L\u00fcmen<\/td>\n<td class=\"et2\" style=\"width: 50.80pt;\" width=\"67\">LED&#039;ler<\/td>\n<td class=\"et2\" style=\"width: 75.00pt;\" width=\"100\">Renk S\u0131cakl\u0131\u011f\u0131<\/td>\n<td class=\"et2\" style=\"width: 142.50pt;\" width=\"190\">Boyut(mm)<\/td>\n<\/tr>\n<tr style=\"height: 37.95pt;\">\n<td class=\"et2\" style=\"height: 37.95pt; width: 140.75pt;\" width=\"187\" height=\"50\">G80\/G95\/G125-2B<\/td>\n<td class=\"et2\" style=\"width: 57.50pt;\" width=\"76\">2H<\/td>\n<td class=\"et2\" style=\"width: 68.75pt;\" rowspan=\"5\" width=\"91\">E27\/B22<\/td>\n<td class=\"et2\" style=\"width: 95.75pt;\" width=\"127\">AC220-240V<\/td>\n<td class=\"et3\" rowspan=\"5\">80Ra\/90Ra<\/td>\n<td class=\"et2\" style=\"width: 76.50pt;\" width=\"102\">220LM<\/td>\n<td class=\"et2\" style=\"width: 50.80pt;\" width=\"67\">2<\/td>\n<td class=\"et3\" rowspan=\"5\">2700 bin<\/td>\n<td class=\"et3\" rowspan=\"5\">80&#215;120\/ 95&#215;135\/ 125&#215;175<\/td>\n<\/tr>\n<tr style=\"height: 36.40pt;\">\n<td class=\"et2\" style=\"height: 36.40pt; width: 140.75pt;\" width=\"187\" height=\"48\">G80\/G95\/G125-4B<\/td>\n<td class=\"et2\" style=\"width: 57.50pt;\" width=\"76\">4H<\/td>\n<td class=\"et2\" style=\"width: 95.75pt;\" rowspan=\"2\" width=\"127\">AC100-265V\/ AC220-240V<\/td>\n<td class=\"et2\" style=\"width: 76.50pt;\" width=\"102\">470LM<\/td>\n<td class=\"et2\" style=\"width: 50.80pt;\" width=\"67\">4<\/td>\n<\/tr>\n<tr style=\"height: 37.20pt;\">\n<td class=\"et2\" style=\"height: 37.20pt; width: 140.75pt;\" width=\"187\" height=\"49\">G80\/G95\/G125-6B<\/td>\n<td class=\"et2\" style=\"width: 57.50pt;\" width=\"76\">6H<\/td>\n<td class=\"et2\" style=\"width: 76.50pt;\" width=\"102\">800LM<\/td>\n<td class=\"et2\" style=\"width: 50.80pt;\" width=\"67\">6<\/td>\n<\/tr>\n<tr style=\"height: 26.90pt;\">\n<td class=\"et2\" style=\"height: 26.90pt; width: 140.75pt;\" width=\"187\" height=\"35\">G80\/G95\/G125-8B<\/td>\n<td class=\"et2\" style=\"width: 57.50pt;\" width=\"76\">8H<\/td>\n<td class=\"et3\" rowspan=\"2\">AC220-240V<\/td>\n<td class=\"et2\" style=\"width: 76.50pt;\" width=\"102\">1000LM<\/td>\n<td class=\"et2\" style=\"width: 50.80pt;\" width=\"67\">8<\/td>\n<\/tr>\n<tr style=\"height: 34.00pt;\">\n<td class=\"et2\" style=\"height: 34.00pt; width: 140.75pt;\" width=\"187\" height=\"45\">G80\/G95\/G125-10W<\/td>\n<td class=\"et2\" style=\"width: 57.50pt;\" width=\"76\">10W<\/td>\n<td class=\"et2\" style=\"width: 76.50pt;\" width=\"102\">1200LM<\/td>\n<td class=\"et2\" style=\"width: 50.80pt;\" width=\"67\">12<\/td>\n<\/tr>\n<\/tbody>\n<\/table>\n<p>\u00a0<\/p>\n<p>\u00a0<\/p>\n\n<p>\u00a0<\/p>\n<table style=\"border-collapse: collapse; width: 777.77pt;\" border=\"0\" width=\"1037\" cellspacing=\"0\" cellpadding=\"0\">\n<tbody>\n<tr style=\"height: 45.80pt;\">\n<td class=\"et2\" style=\"height: 45.80pt; width: 134.45pt;\" width=\"179\" height=\"61\">\u00d6rnek<\/td>\n<td class=\"et2\" style=\"width: 61.35pt;\" width=\"81\">G\u00fc\u00e7<\/td>\n<td class=\"et2\" style=\"width: 73.40pt;\" width=\"97\">Temel<\/td>\n<td class=\"et2\" style=\"width: 102.30pt;\" width=\"136\">Gerilim<\/td>\n<td class=\"et2\" style=\"width: 80.25pt;\" width=\"107\">CRI<\/td>\n<td class=\"et2\" style=\"width: 66.95pt;\" width=\"89\">L\u00fcmen<\/td>\n<td class=\"et2\" style=\"width: 54.90pt;\" width=\"73\">LED&#039;ler<\/td>\n<td class=\"et2\" style=\"width: 96.75pt;\" width=\"129\">Renk S\u0131cakl\u0131\u011f\u0131<\/td>\n<td class=\"et2\" style=\"width: 107.95pt;\" width=\"143\">Boyut(mm)<\/td>\n<\/tr>\n<tr style=\"height: 29.00pt;\">\n<td class=\"et2\" style=\"height: 29.00pt; width: 134.45pt;\" width=\"179\" height=\"38\">ST58\/ST64-2B<\/td>\n<td class=\"et2\" style=\"width: 61.35pt;\" width=\"81\">2H<\/td>\n<td class=\"et3\" rowspan=\"4\">E27\/B22<\/td>\n<td class=\"et2\" style=\"width: 102.30pt;\" width=\"136\">AC220-240V<\/td>\n<td class=\"et3\" rowspan=\"4\">80Ra\/90Ra<\/td>\n<td class=\"et2\" style=\"width: 66.95pt;\" width=\"89\">220LM<\/td>\n<td class=\"et2\" style=\"width: 54.90pt;\" width=\"73\">2<\/td>\n<td class=\"et2\" style=\"width: 96.75pt;\" rowspan=\"4\" width=\"129\">2700 bin<\/td>\n<td class=\"et2\" style=\"width: 107.95pt;\" rowspan=\"4\" width=\"143\">58&#215;130 \/ 64&#215;146<\/td>\n<\/tr>\n<tr style=\"height: 25.45pt;\">\n<td class=\"et2\" style=\"height: 25.45pt; width: 134.45pt;\" width=\"179\" height=\"33\">ST58\/ST64-4W<\/td>\n<td class=\"et2\" style=\"width: 61.35pt;\" width=\"81\">4H<\/td>\n<td class=\"et2\" style=\"width: 102.30pt;\" rowspan=\"2\" width=\"136\">AC100-265V\/ AC220-240V<\/td>\n<td class=\"et2\" style=\"width: 66.95pt;\" width=\"89\">470LM<\/td>\n<td class=\"et2\" style=\"width: 54.90pt;\" width=\"73\">4<\/td>\n<\/tr>\n<tr style=\"height: 24.00pt;\">\n<td class=\"et2\" style=\"height: 24.00pt; width: 134.45pt;\" width=\"179\" height=\"32\">ST 58\/ST64-6B<\/td>\n<td class=\"et2\" style=\"width: 61.35pt;\" width=\"81\">6H<\/td>\n<td class=\"et2\" style=\"width: 66.95pt;\" width=\"89\">800LM<\/td>\n<td class=\"et2\" style=\"width: 54.90pt;\" width=\"73\">6<\/td>\n<\/tr>\n<tr style=\"height: 27.15pt;\">\n<td class=\"et2\" style=\"height: 27.15pt; width: 134.45pt;\" width=\"179\" height=\"36\">ST58\/ST64-8W<\/td>\n<td class=\"et2\" style=\"width: 61.35pt;\" width=\"81\">8H<\/td>\n<td class=\"et2\" style=\"width: 102.30pt;\" width=\"136\">AC220-240V<\/td>\n<td class=\"et2\" style=\"width: 66.95pt;\" width=\"89\">1000LM<\/td>\n<td class=\"et2\" style=\"width: 54.90pt;\" width=\"73\">8<\/td>\n<\/tr>\n<\/tbody>\n<\/table>\n\n\n<p><\/p>","protected":false},"parent":0,"template":"","product_category":[38,141],"class_list":["post-3364","product","type-product","status-publish","hentry","product_category-lighting","product_category-led-filament-lamp"],"yoast_head":"<!-- This site is optimized with the Yoast SEO plugin v27.5 - https:\/\/yoast.com\/product\/yoast-seo-wordpress\/ -->\n<title>WholesaleLED Filament Lamp - TOSUNlux Official Site - Electrical Circuit Breaker Manufacturer in China Low Voltage Electrical Supplier | TOSUNlux<\/title>\n<meta name=\"description\" content=\"LED Filament Lamp Supplier - Wholesale direct from TOSUNlux, a trusted manufacturer since 1994. Get your B2B factory quote on our certified Low Voltage electrical products.\" \/>\n<meta name=\"robots\" content=\"index, follow, max-snippet:-1, max-image-preview:large, max-video-preview:-1\" \/>\n<link rel=\"canonical\" href=\"https:\/\/www.tosunlux.eu\/tr\/products\/led-filament-lamp-3\/\" \/>\n<meta property=\"og:locale\" content=\"tr_TR\" \/>\n<meta property=\"og:type\" content=\"article\" \/>\n<meta property=\"og:title\" content=\"WholesaleLED Filament Lamp - TOSUNlux Official Site - Electrical Circuit Breaker Manufacturer in China Low Voltage Electrical Supplier | TOSUNlux\" \/>\n<meta property=\"og:description\" content=\"LED Filament Lamp Supplier - Wholesale direct from TOSUNlux, a trusted manufacturer since 1994. Get your B2B factory quote on our certified Low Voltage electrical products.\" \/>\n<meta property=\"og:url\" content=\"https:\/\/www.tosunlux.eu\/tr\/products\/led-filament-lamp-3\/\" \/>\n<meta property=\"og:site_name\" content=\"TOSUNlux Official Site - Electrical Circuit Breaker Manufacturer in China\" \/>\n<meta property=\"article:publisher\" content=\"https:\/\/www.facebook.com\/TOSUNelectric\/\" \/>\n<meta property=\"article:modified_time\" content=\"2022-05-23T06:00:37+00:00\" \/>\n<meta property=\"og:image\" content=\"https:\/\/www.tosunlux.eu\/wp-content\/uploads\/2023\/04\/DSC08160_\u526f\u672c.jpg\" \/>\n\t<meta property=\"og:image:width\" content=\"1500\" \/>\n\t<meta property=\"og:image:height\" content=\"940\" \/>\n\t<meta property=\"og:image:type\" content=\"image\/jpeg\" \/>\n<meta name=\"twitter:card\" content=\"summary_large_image\" \/>\n<meta name=\"twitter:label1\" content=\"Tahmini okuma s\u00fcresi\" \/>\n\t<meta name=\"twitter:data1\" content=\"1 dakika\" \/>\n<script type=\"application\/ld+json\" class=\"yoast-schema-graph\">{\"@context\":\"https:\\\/\\\/schema.org\",\"@graph\":[{\"@type\":\"WebPage\",\"@id\":\"https:\\\/\\\/www.tosunlux.eu\\\/id\\\/products\\\/led-filament-lamp-3\\\/\",\"url\":\"https:\\\/\\\/www.tosunlux.eu\\\/id\\\/products\\\/led-filament-lamp-3\\\/\",\"name\":\"WholesaleLED Filament Lamp - TOSUNlux Official Site - Electrical Circuit Breaker Manufacturer in China Low Voltage Electrical Supplier | TOSUNlux\",\"isPartOf\":{\"@id\":\"https:\\\/\\\/www.tosunlux.eu\\\/ru\\\/#website\"},\"datePublished\":\"2022-05-23T05:46:01+00:00\",\"dateModified\":\"2022-05-23T06:00:37+00:00\",\"description\":\"LED Filament Lamp Supplier - Wholesale direct from TOSUNlux, a trusted manufacturer since 1994. Get your B2B factory quote on our certified Low Voltage electrical products.\",\"breadcrumb\":{\"@id\":\"https:\\\/\\\/www.tosunlux.eu\\\/id\\\/products\\\/led-filament-lamp-3\\\/#breadcrumb\"},\"inLanguage\":\"tr\",\"potentialAction\":[{\"@type\":\"ReadAction\",\"target\":[\"https:\\\/\\\/www.tosunlux.eu\\\/id\\\/products\\\/led-filament-lamp-3\\\/\"]}]},{\"@type\":\"BreadcrumbList\",\"@id\":\"https:\\\/\\\/www.tosunlux.eu\\\/id\\\/products\\\/led-filament-lamp-3\\\/#breadcrumb\",\"itemListElement\":[{\"@type\":\"ListItem\",\"position\":1,\"name\":\"Home\",\"item\":\"https:\\\/\\\/www.tosunlux.eu\\\/ru\\\/\"},{\"@type\":\"ListItem\",\"position\":2,\"name\":\"Products\",\"item\":\"https:\\\/\\\/www.tosunlux.eu\\\/products\\\/\"},{\"@type\":\"ListItem\",\"position\":3,\"name\":\"LED Filament Lamp\"}]},{\"@type\":\"WebSite\",\"@id\":\"https:\\\/\\\/www.tosunlux.eu\\\/ru\\\/#website\",\"url\":\"https:\\\/\\\/www.tosunlux.eu\\\/ru\\\/\",\"name\":\"TOSUNlux Official Site - Electrical Circuit Breaker Manufacturer in China\",\"description\":\"Power Distribution System Supplier\",\"publisher\":{\"@id\":\"https:\\\/\\\/www.tosunlux.eu\\\/ru\\\/#organization\"},\"alternateName\":\"TOSUNlux\",\"potentialAction\":[{\"@type\":\"SearchAction\",\"target\":{\"@type\":\"EntryPoint\",\"urlTemplate\":\"https:\\\/\\\/www.tosunlux.eu\\\/ru\\\/?s={search_term_string}\"},\"query-input\":{\"@type\":\"PropertyValueSpecification\",\"valueRequired\":true,\"valueName\":\"search_term_string\"}}],\"inLanguage\":\"tr\"},{\"@type\":\"Organization\",\"@id\":\"https:\\\/\\\/www.tosunlux.eu\\\/ru\\\/#organization\",\"name\":\"TOSUNlux\",\"url\":\"https:\\\/\\\/www.tosunlux.eu\\\/ru\\\/\",\"logo\":{\"@type\":\"ImageObject\",\"inLanguage\":\"tr\",\"@id\":\"https:\\\/\\\/www.tosunlux.eu\\\/ru\\\/#\\\/schema\\\/logo\\\/image\\\/\",\"url\":\"https:\\\/\\\/www.tosunlux.eu\\\/wp-content\\\/uploads\\\/2022\\\/01\\\/LOGOSYSM.71762f1.png\",\"contentUrl\":\"https:\\\/\\\/www.tosunlux.eu\\\/wp-content\\\/uploads\\\/2022\\\/01\\\/LOGOSYSM.71762f1.png\",\"width\":153,\"height\":55,\"caption\":\"TOSUNlux\"},\"image\":{\"@id\":\"https:\\\/\\\/www.tosunlux.eu\\\/ru\\\/#\\\/schema\\\/logo\\\/image\\\/\"},\"sameAs\":[\"https:\\\/\\\/www.facebook.com\\\/TOSUNelectric\\\/\",\"https:\\\/\\\/www.linkedin.com\\\/company\\\/wenzhou-tosun-electric-co.-ltd\\\/\"]}]}<\/script>\n<!-- \/ Yoast SEO plugin. -->","yoast_head_json":{"title":"WholesaleLED Filament Lamp - TOSUNlux Official Site - Electrical Circuit Breaker Manufacturer in China Low Voltage Electrical Supplier | TOSUNlux","description":"LED Filament Lamp Supplier - Wholesale direct from TOSUNlux, a trusted manufacturer since 1994. Get your B2B factory quote on our certified Low Voltage electrical products.","robots":{"index":"index","follow":"follow","max-snippet":"max-snippet:-1","max-image-preview":"max-image-preview:large","max-video-preview":"max-video-preview:-1"},"canonical":"https:\/\/www.tosunlux.eu\/tr\/products\/led-filament-lamp-3\/","og_locale":"tr_TR","og_type":"article","og_title":"WholesaleLED Filament Lamp - TOSUNlux Official Site - Electrical Circuit Breaker Manufacturer in China Low Voltage Electrical Supplier | TOSUNlux","og_description":"LED Filament Lamp Supplier - Wholesale direct from TOSUNlux, a trusted manufacturer since 1994. Get your B2B factory quote on our certified Low Voltage electrical products.","og_url":"https:\/\/www.tosunlux.eu\/tr\/products\/led-filament-lamp-3\/","og_site_name":"TOSUNlux Official Site - Electrical Circuit Breaker Manufacturer in China","article_publisher":"https:\/\/www.facebook.com\/TOSUNelectric\/","article_modified_time":"2022-05-23T06:00:37+00:00","og_image":[{"width":1500,"height":940,"url":"https:\/\/www.tosunlux.eu\/wp-content\/uploads\/2023\/04\/DSC08160_\u526f\u672c.jpg","type":"image\/jpeg"}],"twitter_card":"summary_large_image","twitter_misc":{"Tahmini okuma s\u00fcresi":"1 dakika"},"schema":{"@context":"https:\/\/schema.org","@graph":[{"@type":"WebPage","@id":"https:\/\/www.tosunlux.eu\/id\/products\/led-filament-lamp-3\/","url":"https:\/\/www.tosunlux.eu\/id\/products\/led-filament-lamp-3\/","name":"WholesaleLED Filament Lamp - TOSUNlux Official Site - Electrical Circuit Breaker Manufacturer in China Low Voltage Electrical Supplier | TOSUNlux","isPartOf":{"@id":"https:\/\/www.tosunlux.eu\/ru\/#website"},"datePublished":"2022-05-23T05:46:01+00:00","dateModified":"2022-05-23T06:00:37+00:00","description":"LED Filament Lamp Supplier - Wholesale direct from TOSUNlux, a trusted manufacturer since 1994. Get your B2B factory quote on our certified Low Voltage electrical products.","breadcrumb":{"@id":"https:\/\/www.tosunlux.eu\/id\/products\/led-filament-lamp-3\/#breadcrumb"},"inLanguage":"tr","potentialAction":[{"@type":"ReadAction","target":["https:\/\/www.tosunlux.eu\/id\/products\/led-filament-lamp-3\/"]}]},{"@type":"BreadcrumbList","@id":"https:\/\/www.tosunlux.eu\/id\/products\/led-filament-lamp-3\/#breadcrumb","itemListElement":[{"@type":"ListItem","position":1,"name":"Home","item":"https:\/\/www.tosunlux.eu\/ru\/"},{"@type":"ListItem","position":2,"name":"Products","item":"https:\/\/www.tosunlux.eu\/products\/"},{"@type":"ListItem","position":3,"name":"LED Filament Lamp"}]},{"@type":"WebSite","@id":"https:\/\/www.tosunlux.eu\/ru\/#website","url":"https:\/\/www.tosunlux.eu\/ru\/","name":"TOSUNlux Resmi Sitesi - \u00c7in&#039;de Elektrik Sigortas\u0131 \u00dcreticisi","description":"G\u00fc\u00e7 Da\u011f\u0131t\u0131m Sistemi Tedarik\u00e7isi","publisher":{"@id":"https:\/\/www.tosunlux.eu\/ru\/#organization"},"alternateName":"TOSUNlux","potentialAction":[{"@type":"SearchAction","target":{"@type":"EntryPoint","urlTemplate":"https:\/\/www.tosunlux.eu\/ru\/?s={search_term_string}"},"query-input":{"@type":"PropertyValueSpecification","valueRequired":true,"valueName":"search_term_string"}}],"inLanguage":"tr"},{"@type":"Organization","@id":"https:\/\/www.tosunlux.eu\/ru\/#organization","name":"TOSUNlux","url":"https:\/\/www.tosunlux.eu\/ru\/","logo":{"@type":"ImageObject","inLanguage":"tr","@id":"https:\/\/www.tosunlux.eu\/ru\/#\/schema\/logo\/image\/","url":"https:\/\/www.tosunlux.eu\/wp-content\/uploads\/2022\/01\/LOGOSYSM.71762f1.png","contentUrl":"https:\/\/www.tosunlux.eu\/wp-content\/uploads\/2022\/01\/LOGOSYSM.71762f1.png","width":153,"height":55,"caption":"TOSUNlux"},"image":{"@id":"https:\/\/www.tosunlux.eu\/ru\/#\/schema\/logo\/image\/"},"sameAs":["https:\/\/www.facebook.com\/TOSUNelectric\/","https:\/\/www.linkedin.com\/company\/wenzhou-tosun-electric-co.-ltd\/"]}]}},"_links":{"self":[{"href":"https:\/\/www.tosunlux.eu\/tr\/wp-json\/wp\/v2\/product\/3364","targetHints":{"allow":["GET"]}}],"collection":[{"href":"https:\/\/www.tosunlux.eu\/tr\/wp-json\/wp\/v2\/product"}],"about":[{"href":"https:\/\/www.tosunlux.eu\/tr\/wp-json\/wp\/v2\/types\/product"}],"version-history":[{"count":1,"href":"https:\/\/www.tosunlux.eu\/tr\/wp-json\/wp\/v2\/product\/3364\/revisions"}],"predecessor-version":[{"id":4166,"href":"https:\/\/www.tosunlux.eu\/tr\/wp-json\/wp\/v2\/product\/3364\/revisions\/4166"}],"wp:attachment":[{"href":"https:\/\/www.tosunlux.eu\/tr\/wp-json\/wp\/v2\/media?parent=3364"}],"wp:term":[{"taxonomy":"product_category","embeddable":true,"href":"https:\/\/www.tosunlux.eu\/tr\/wp-json\/wp\/v2\/product_category?post=3364"}],"curies":[{"name":"wp","href":"https:\/\/api.w.org\/{rel}","templated":true}]}}