{"id":3475,"date":"2022-06-07T17:15:57","date_gmt":"2022-06-07T09:15:57","guid":{"rendered":"https:\/\/www.tosunlux.eu\/?post_type=product&#038;p=3475"},"modified":"2022-06-08T10:39:10","modified_gmt":"2022-06-08T02:39:10","slug":"pv-combiner-box","status":"publish","type":"product","link":"https:\/\/www.tosunlux.eu\/tr\/products\/pv-combiner-box\/","title":{"rendered":"PV Kombinasyon Kutusu"},"content":{"rendered":"<p><strong>Tan\u0131m<\/strong><\/p>\n\n\n\n<div class=\"wp-block-group\"><div class=\"wp-block-group__inner-container is-layout-flow wp-block-group-is-layout-flow\">\n<ul class=\"wp-block-list\"><li>Y\u00fcksek g\u00fcvenilirlik<\/li><\/ul>\n\n\n\n<p>  DC A\u015f\u0131r\u0131 Gerilim Koruma Cihaz\u0131 ile<\/p>\n\n\n\n<p>DC Sigorta ile<\/p>\n\n\n\n<p>  DC devre kesici veya DC y\u00fck ay\u0131rma \u015falteri ile.<\/p>\n<\/div><\/div>\n\n\n\n<ul class=\"wp-block-list\"><li>G\u00fc\u00e7l\u00fc uyum yetene\u011fi<\/li><\/ul>\n\n\n\n<p>            IP65 tasar\u0131m\u0131, su ge\u00e7irmez, toz ge\u00e7irmez ve ultraviyole \u0131\u015f\u0131nlar\u0131na dayan\u0131kl\u0131d\u0131r.<\/p>\n\n\n\n<p>           Yayg\u0131n olarak kullan\u0131lan, y\u00fcksek ve d\u00fc\u015f\u00fck s\u0131cakl\u0131klar i\u00e7in s\u0131k\u0131 test.<\/p>\n\n\n\n<p>           Basit kurulum, basitle\u015ftirilmi\u015f sistem kablolamas\u0131, rahat kablolama.<\/p>\n\n\n\n<p>           Kutu g\u00f6vdesi so\u011fuk haddelenmi\u015f \u00e7elik ve di\u011fer metal malzemelerden yap\u0131lm\u0131\u015ft\u0131r.<\/p>\n\n\n\n<p class=\"has-text-align-left\">           Esnek yap\u0131land\u0131rma<\/p>\n\n\n\n<ul class=\"wp-block-list\"><li>Tek kristal silikon g\u00fcne\u015f mod\u00fclleri, polikristal silikon g\u00fcne\u015f mod\u00fclleri, ince film g\u00fcne\u015f mod\u00fclleri i\u00e7in kullan\u0131l\u0131r. Fotovoltaik sigortan\u0131n, devre kesicinin, y\u00fck izolasyon anahtar\u0131n\u0131n ak\u0131m derecesi de\u011fi\u015ftirildi<\/li><\/ul>\n\n\n<p><strong>\u015eartname<\/strong><\/p>\n<table width=\"1364\">\n<tbody>\n<tr>\n<td style=\"text-align: center;\" colspan=\"3\" width=\"361\">\u00d6rnek<\/td>\n<td style=\"text-align: center;\" width=\"125\">\u00a0\u00a0\u00a0\u00a0\u00a0 TS-PV01<\/td>\n<td style=\"text-align: center;\" width=\"124\">\u00a0\u00a0\u00a0\u00a0\u00a0 TS-PV02<\/td>\n<td style=\"text-align: center;\" width=\"125\">\u00a0\u00a0\u00a0\u00a0\u00a0 TS-PV03<\/td>\n<td style=\"text-align: center;\" width=\"128\">TS-PV06<\/td>\n<td style=\"text-align: center;\" width=\"125\">TS-PV08<\/td>\n<td style=\"text-align: center;\" width=\"125\">TS-PV10<\/td>\n<td width=\"124\">TS-PV12<\/td>\n<td width=\"122\">TS-PV16<\/td>\n<\/tr>\n<tr>\n<td style=\"text-align: center;\" colspan=\"11\" width=\"1364\">Elektrik parametresi<\/td>\n<\/tr>\n<tr>\n<td style=\"text-align: center;\" colspan=\"3\" width=\"361\">Sistemin maksimum DC voltaj\u0131<\/td>\n<td style=\"text-align: center;\" colspan=\"3\" width=\"376\">550\/1000V<\/td>\n<td style=\"text-align: center;\" colspan=\"5\" width=\"626\">1000V<\/td>\n<\/tr>\n<tr>\n<td style=\"text-align: center;\" colspan=\"3\" width=\"361\">Her dize i\u00e7in maksimum giri\u015f ak\u0131m\u0131<\/td>\n<td style=\"text-align: center;\" colspan=\"8\" width=\"1003\">15A<\/td>\n<\/tr>\n<tr>\n<td style=\"text-align: center;\" colspan=\"3\" width=\"361\">Maksimum giri\u015f dizeleri<\/td>\n<td style=\"text-align: center;\" width=\"125\">1<\/td>\n<td style=\"text-align: center;\" width=\"124\">2<\/td>\n<td style=\"text-align: center;\" width=\"125\">4<\/td>\n<td style=\"text-align: center;\" width=\"128\">6<\/td>\n<td style=\"text-align: center;\">8<\/td>\n<td style=\"text-align: center;\">10<\/td>\n<td style=\"text-align: center;\">12<\/td>\n<td style=\"text-align: center;\">16<\/td>\n<\/tr>\n<tr>\n<td style=\"text-align: center;\" colspan=\"3\" width=\"361\">Maksimum \u00e7\u0131k\u0131\u015f anahtar\u0131 ak\u0131m\u0131<\/td>\n<td style=\"text-align: center;\" width=\"125\">16A\/20A<\/td>\n<td style=\"text-align: center;\" width=\"124\">20A\/32A<\/td>\n<td style=\"text-align: center;\" width=\"125\">50A\/63A<\/td>\n<td style=\"text-align: center;\" width=\"128\">100A<\/td>\n<td style=\"text-align: center;\">\u00a0\u00a0\u00a0\u00a0\u00a0\u00a0\u00a0\u00a0\u00a0\u00a0\u00a0\u00a0 125A<\/td>\n<td style=\"text-align: center;\">\u00a0\u00a0\u00a0\u00a0\u00a0\u00a0\u00a0\u00a0\u00a0\u00a0\u00a0\u00a0\u00a0 160A<\/td>\n<td style=\"text-align: center;\">\u00a0\u00a0\u00a0\u00a0\u00a0\u00a0\u00a0\u00a0\u00a0\u00a0\u00a0\u00a0 160A<\/td>\n<td style=\"text-align: center;\">\u00a0\u00a0\u00a0\u00a0\u00a0\u00a0\u00a0\u00a0\u00a0\u00a0\u00a0\u00a0\u00a0 200A<\/td>\n<\/tr>\n<tr>\n<td style=\"text-align: center;\" colspan=\"11\" width=\"1364\">Y\u0131ld\u0131r\u0131mdan korunma<\/td>\n<\/tr>\n<tr>\n<td style=\"text-align: center;\" colspan=\"3\" width=\"361\">Test kategorisi<\/td>\n<td style=\"text-align: center;\" colspan=\"8\" width=\"1003\">II. derece koruma<\/td>\n<\/tr>\n<tr>\n<td style=\"text-align: center;\" colspan=\"3\" width=\"361\">Nominal de\u015farj ak\u0131m\u0131<\/td>\n<td style=\"text-align: center;\" colspan=\"8\" width=\"1003\">20KA<\/td>\n<\/tr>\n<tr>\n<td style=\"text-align: center;\" colspan=\"3\" width=\"361\">Maksimum de\u015farj ak\u0131m\u0131<\/td>\n<td style=\"text-align: center;\" colspan=\"8\" width=\"1003\">40KA<\/td>\n<\/tr>\n<tr>\n<td style=\"text-align: center;\" colspan=\"3\" width=\"361\">Gerilim koruma seviyesi<\/td>\n<td style=\"text-align: center;\" colspan=\"3\" width=\"376\">2,8KV\/3,8KV<\/td>\n<td style=\"text-align: center;\" colspan=\"5\" width=\"626\">3.8KV<\/td>\n<\/tr>\n<tr>\n<td style=\"text-align: center;\" colspan=\"3\" width=\"361\">Maksimum s\u00fcrekli \u00e7al\u0131\u015fma gerilimi Uc<\/td>\n<td style=\"text-align: center;\" colspan=\"3\" width=\"376\">630KV\/1050KV<\/td>\n<td style=\"text-align: center;\" colspan=\"5\" width=\"626\">1050KV<\/td>\n<\/tr>\n<tr>\n<td style=\"text-align: center;\" colspan=\"3\" width=\"361\">Polonyal\u0131lar<\/td>\n<td style=\"text-align: center;\" colspan=\"3\" width=\"376\">2P\/3P<\/td>\n<td style=\"text-align: center;\" colspan=\"5\" width=\"626\">3P<\/td>\n<\/tr>\n<tr>\n<td style=\"text-align: center;\" colspan=\"3\" width=\"361\">Yap\u0131sal \u00f6zellik<\/td>\n<td style=\"text-align: center;\" colspan=\"8\" width=\"1003\">Tak-\u0130t mod\u00fcl\u00fc<\/td>\n<\/tr>\n<tr>\n<td style=\"text-align: center;\" colspan=\"11\" width=\"1364\">Sistem<\/td>\n<\/tr>\n<tr>\n<td style=\"text-align: center;\" colspan=\"3\" width=\"361\">Koruma derecesi<\/td>\n<td style=\"text-align: center;\" colspan=\"8\" width=\"1003\">IP65<\/td>\n<\/tr>\n<tr>\n<td style=\"text-align: center;\" colspan=\"3\" width=\"361\">\u00c7\u0131k\u0131\u015f ayg\u0131t\u0131<\/td>\n<td style=\"text-align: center;\" colspan=\"4\" width=\"504\">DC devre kesici (standart)\/DC izolasyon anahtar\u0131 (iste\u011fe ba\u011fl\u0131)<\/td>\n<td style=\"text-align: center;\" colspan=\"4\">DC devre kesici<\/td>\n<\/tr>\n<tr>\n<td style=\"text-align: center;\" colspan=\"3\" width=\"361\">Su ge\u00e7irmez konnekt\u00f6rler<\/td>\n<td style=\"text-align: center;\" colspan=\"8\" width=\"1003\">Standart<\/td>\n<\/tr>\n<tr>\n<td style=\"text-align: center;\" colspan=\"3\" width=\"361\">PV DC sigortas\u0131<\/td>\n<td style=\"text-align: center;\" colspan=\"8\" width=\"1003\">Standart<\/td>\n<\/tr>\n<tr>\n<td style=\"text-align: center;\" colspan=\"3\" width=\"361\">PV a\u015f\u0131r\u0131 gerilim koruyucusu<\/td>\n<td style=\"text-align: center;\" colspan=\"8\" width=\"1003\">Standart<\/td>\n<\/tr>\n<tr>\n<td style=\"text-align: center;\" colspan=\"3\" width=\"361\">Diyot \u00f6nleme<\/td>\n<td style=\"text-align: center;\" colspan=\"4\" width=\"504\">\u2014<\/td>\n<td style=\"text-align: center;\" colspan=\"4\">\u0130ste\u011fe ba\u011fl\u0131<\/td>\n<\/tr>\n<tr>\n<td style=\"text-align: center;\" colspan=\"3\" width=\"361\">Kutu malzemesi<\/td>\n<td style=\"text-align: center;\" colspan=\"4\" width=\"504\">ABS+PC<\/td>\n<td style=\"text-align: center;\" colspan=\"4\">Metal<\/td>\n<\/tr>\n<tr>\n<td style=\"text-align: center;\" colspan=\"3\" width=\"361\">Kurulum y\u00f6ntemi<\/td>\n<td style=\"text-align: center;\" colspan=\"8\" width=\"1003\">Duvara montaj tipi<\/td>\n<\/tr>\n<tr>\n<td style=\"text-align: center;\" colspan=\"3\" width=\"361\">\u00c7al\u0131\u015fma s\u0131cakl\u0131\u011f\u0131<\/td>\n<td style=\"text-align: center;\" colspan=\"8\" width=\"1003\">-25\u00b0C~+55\u00b0C<\/td>\n<\/tr>\n<tr>\n<td style=\"text-align: center;\" colspan=\"3\" width=\"361\">S\u0131cakl\u0131k y\u00fckselmesi<\/td>\n<td style=\"text-align: center;\" colspan=\"8\" width=\"1003\">2000M<\/td>\n<\/tr>\n<tr>\n<td style=\"text-align: center;\" colspan=\"3\" width=\"361\">\u0130zin verilen ba\u011f\u0131l nem<\/td>\n<td style=\"text-align: center;\" colspan=\"8\" width=\"1003\">0-95%, yo\u011fu\u015fma yok<\/td>\n<\/tr>\n<\/tbody>\n<\/table>","protected":false},"parent":0,"template":"","product_category":[116],"class_list":["post-3475","product","type-product","status-publish","hentry","product_category-solar-combiner-box"],"yoast_head":"<!-- This site is optimized with the Yoast SEO plugin v27.3 - https:\/\/yoast.com\/product\/yoast-seo-wordpress\/ -->\n<title>WholesalePV Combiner Box - TOSUNlux Official Site - Electrical Circuit Breaker Manufacturer in China Low Voltage Electrical Supplier | TOSUNlux<\/title>\n<meta name=\"description\" content=\"PV Combiner Box Supplier - Wholesale direct from TOSUNlux, a trusted manufacturer since 1994. Get your B2B factory quote on our certified Low Voltage electrical products.\" \/>\n<meta name=\"robots\" content=\"index, follow, max-snippet:-1, max-image-preview:large, max-video-preview:-1\" \/>\n<link rel=\"canonical\" href=\"https:\/\/www.tosunlux.eu\/tr\/products\/pv-combiner-box\/\" \/>\n<meta property=\"og:locale\" content=\"tr_TR\" \/>\n<meta property=\"og:type\" content=\"article\" \/>\n<meta property=\"og:title\" content=\"WholesalePV Combiner Box - TOSUNlux Official Site - Electrical Circuit Breaker Manufacturer in China Low Voltage Electrical Supplier | TOSUNlux\" \/>\n<meta property=\"og:description\" content=\"PV Combiner Box Supplier - Wholesale direct from TOSUNlux, a trusted manufacturer since 1994. Get your B2B factory quote on our certified Low Voltage electrical products.\" \/>\n<meta property=\"og:url\" content=\"https:\/\/www.tosunlux.eu\/tr\/products\/pv-combiner-box\/\" \/>\n<meta property=\"og:site_name\" content=\"TOSUNlux Official Site - Electrical Circuit Breaker Manufacturer in China\" \/>\n<meta property=\"article:publisher\" content=\"https:\/\/www.facebook.com\/TOSUNelectric\/\" \/>\n<meta property=\"article:modified_time\" content=\"2022-06-08T02:39:10+00:00\" \/>\n<meta property=\"og:image\" content=\"https:\/\/www.tosunlux.eu\/wp-content\/uploads\/2023\/04\/DSC08160_\u526f\u672c.jpg\" \/>\n\t<meta property=\"og:image:width\" content=\"1500\" \/>\n\t<meta property=\"og:image:height\" content=\"940\" \/>\n\t<meta property=\"og:image:type\" content=\"image\/jpeg\" \/>\n<meta name=\"twitter:card\" content=\"summary_large_image\" \/>\n<meta name=\"twitter:label1\" content=\"Tahmini okuma s\u00fcresi\" \/>\n\t<meta name=\"twitter:data1\" content=\"1 dakika\" \/>\n<script type=\"application\/ld+json\" class=\"yoast-schema-graph\">{\"@context\":\"https:\\\/\\\/schema.org\",\"@graph\":[{\"@type\":\"WebPage\",\"@id\":\"https:\\\/\\\/www.tosunlux.eu\\\/ur\\\/products\\\/pv-combiner-box\\\/\",\"url\":\"https:\\\/\\\/www.tosunlux.eu\\\/ur\\\/products\\\/pv-combiner-box\\\/\",\"name\":\"WholesalePV Combiner Box - TOSUNlux Official Site - Electrical Circuit Breaker Manufacturer in China Low Voltage Electrical Supplier | TOSUNlux\",\"isPartOf\":{\"@id\":\"https:\\\/\\\/www.tosunlux.eu\\\/ru\\\/#website\"},\"datePublished\":\"2022-06-07T09:15:57+00:00\",\"dateModified\":\"2022-06-08T02:39:10+00:00\",\"description\":\"PV Combiner Box Supplier - Wholesale direct from TOSUNlux, a trusted manufacturer since 1994. Get your B2B factory quote on our certified Low Voltage electrical products.\",\"breadcrumb\":{\"@id\":\"https:\\\/\\\/www.tosunlux.eu\\\/ur\\\/products\\\/pv-combiner-box\\\/#breadcrumb\"},\"inLanguage\":\"tr\",\"potentialAction\":[{\"@type\":\"ReadAction\",\"target\":[\"https:\\\/\\\/www.tosunlux.eu\\\/ur\\\/products\\\/pv-combiner-box\\\/\"]}]},{\"@type\":\"BreadcrumbList\",\"@id\":\"https:\\\/\\\/www.tosunlux.eu\\\/ur\\\/products\\\/pv-combiner-box\\\/#breadcrumb\",\"itemListElement\":[{\"@type\":\"ListItem\",\"position\":1,\"name\":\"Home\",\"item\":\"https:\\\/\\\/www.tosunlux.eu\\\/ru\\\/\"},{\"@type\":\"ListItem\",\"position\":2,\"name\":\"Products\",\"item\":\"https:\\\/\\\/www.tosunlux.eu\\\/products\\\/\"},{\"@type\":\"ListItem\",\"position\":3,\"name\":\"PV Combiner Box\"}]},{\"@type\":\"WebSite\",\"@id\":\"https:\\\/\\\/www.tosunlux.eu\\\/ru\\\/#website\",\"url\":\"https:\\\/\\\/www.tosunlux.eu\\\/ru\\\/\",\"name\":\"TOSUNlux Official Site - Electrical Circuit Breaker Manufacturer in China\",\"description\":\"Power Distribution System Supplier\",\"publisher\":{\"@id\":\"https:\\\/\\\/www.tosunlux.eu\\\/ru\\\/#organization\"},\"alternateName\":\"TOSUNlux\",\"potentialAction\":[{\"@type\":\"SearchAction\",\"target\":{\"@type\":\"EntryPoint\",\"urlTemplate\":\"https:\\\/\\\/www.tosunlux.eu\\\/ru\\\/?s={search_term_string}\"},\"query-input\":{\"@type\":\"PropertyValueSpecification\",\"valueRequired\":true,\"valueName\":\"search_term_string\"}}],\"inLanguage\":\"tr\"},{\"@type\":\"Organization\",\"@id\":\"https:\\\/\\\/www.tosunlux.eu\\\/ru\\\/#organization\",\"name\":\"TOSUNlux\",\"url\":\"https:\\\/\\\/www.tosunlux.eu\\\/ru\\\/\",\"logo\":{\"@type\":\"ImageObject\",\"inLanguage\":\"tr\",\"@id\":\"https:\\\/\\\/www.tosunlux.eu\\\/ru\\\/#\\\/schema\\\/logo\\\/image\\\/\",\"url\":\"https:\\\/\\\/www.tosunlux.eu\\\/wp-content\\\/uploads\\\/2022\\\/01\\\/LOGOSYSM.71762f1.png\",\"contentUrl\":\"https:\\\/\\\/www.tosunlux.eu\\\/wp-content\\\/uploads\\\/2022\\\/01\\\/LOGOSYSM.71762f1.png\",\"width\":153,\"height\":55,\"caption\":\"TOSUNlux\"},\"image\":{\"@id\":\"https:\\\/\\\/www.tosunlux.eu\\\/ru\\\/#\\\/schema\\\/logo\\\/image\\\/\"},\"sameAs\":[\"https:\\\/\\\/www.facebook.com\\\/TOSUNelectric\\\/\",\"https:\\\/\\\/www.linkedin.com\\\/company\\\/wenzhou-tosun-electric-co.-ltd\\\/\"]}]}<\/script>\n<!-- \/ Yoast SEO plugin. -->","yoast_head_json":{"title":"Toptan PV Kombinasyon Kutusu - TOSUNlux Resmi Sitesi - \u00c7in&#039;de Elektrik Sigortas\u0131 \u00dcreticisi ve D\u00fc\u015f\u00fck Voltajl\u0131 Elektrik Tedarik\u00e7isi | TOSUNlux","description":"PV Kombinasyon Kutusu Tedarik\u00e7isi - 1994&#039;ten beri g\u00fcvenilir bir \u00fcretici olan TOSUNlux&#039;tan do\u011frudan toptan sat\u0131\u015f. Sertifikal\u0131 D\u00fc\u015f\u00fck Gerilim elektrik \u00fcr\u00fcnlerimiz i\u00e7in B2B fabrika fiyat teklifinizi al\u0131n.","robots":{"index":"index","follow":"follow","max-snippet":"max-snippet:-1","max-image-preview":"max-image-preview:large","max-video-preview":"max-video-preview:-1"},"canonical":"https:\/\/www.tosunlux.eu\/tr\/products\/pv-combiner-box\/","og_locale":"tr_TR","og_type":"article","og_title":"WholesalePV Combiner Box - TOSUNlux Official Site - Electrical Circuit Breaker Manufacturer in China Low Voltage Electrical Supplier | TOSUNlux","og_description":"PV Combiner Box Supplier - Wholesale direct from TOSUNlux, a trusted manufacturer since 1994. Get your B2B factory quote on our certified Low Voltage electrical products.","og_url":"https:\/\/www.tosunlux.eu\/tr\/products\/pv-combiner-box\/","og_site_name":"TOSUNlux Official Site - Electrical Circuit Breaker Manufacturer in China","article_publisher":"https:\/\/www.facebook.com\/TOSUNelectric\/","article_modified_time":"2022-06-08T02:39:10+00:00","og_image":[{"width":1500,"height":940,"url":"https:\/\/www.tosunlux.eu\/wp-content\/uploads\/2023\/04\/DSC08160_\u526f\u672c.jpg","type":"image\/jpeg"}],"twitter_card":"summary_large_image","twitter_misc":{"Tahmini okuma s\u00fcresi":"1 dakika"},"schema":{"@context":"https:\/\/schema.org","@graph":[{"@type":"WebPage","@id":"https:\/\/www.tosunlux.eu\/ur\/products\/pv-combiner-box\/","url":"https:\/\/www.tosunlux.eu\/ur\/products\/pv-combiner-box\/","name":"Toptan PV Kombinasyon Kutusu - TOSUNlux Resmi Sitesi - \u00c7in&#039;de Elektrik Sigortas\u0131 \u00dcreticisi ve D\u00fc\u015f\u00fck Voltajl\u0131 Elektrik Tedarik\u00e7isi | TOSUNlux","isPartOf":{"@id":"https:\/\/www.tosunlux.eu\/ru\/#website"},"datePublished":"2022-06-07T09:15:57+00:00","dateModified":"2022-06-08T02:39:10+00:00","description":"PV Kombinasyon Kutusu Tedarik\u00e7isi - 1994&#039;ten beri g\u00fcvenilir bir \u00fcretici olan TOSUNlux&#039;tan do\u011frudan toptan sat\u0131\u015f. Sertifikal\u0131 D\u00fc\u015f\u00fck Gerilim elektrik \u00fcr\u00fcnlerimiz i\u00e7in B2B fabrika fiyat teklifinizi al\u0131n.","breadcrumb":{"@id":"https:\/\/www.tosunlux.eu\/ur\/products\/pv-combiner-box\/#breadcrumb"},"inLanguage":"tr","potentialAction":[{"@type":"ReadAction","target":["https:\/\/www.tosunlux.eu\/ur\/products\/pv-combiner-box\/"]}]},{"@type":"BreadcrumbList","@id":"https:\/\/www.tosunlux.eu\/ur\/products\/pv-combiner-box\/#breadcrumb","itemListElement":[{"@type":"ListItem","position":1,"name":"Home","item":"https:\/\/www.tosunlux.eu\/ru\/"},{"@type":"ListItem","position":2,"name":"Products","item":"https:\/\/www.tosunlux.eu\/products\/"},{"@type":"ListItem","position":3,"name":"PV Combiner Box"}]},{"@type":"WebSite","@id":"https:\/\/www.tosunlux.eu\/ru\/#website","url":"https:\/\/www.tosunlux.eu\/ru\/","name":"TOSUNlux Resmi Sitesi - \u00c7in&#039;de Elektrik Sigortas\u0131 \u00dcreticisi","description":"G\u00fc\u00e7 Da\u011f\u0131t\u0131m Sistemi Tedarik\u00e7isi","publisher":{"@id":"https:\/\/www.tosunlux.eu\/ru\/#organization"},"alternateName":"TOSUNlux","potentialAction":[{"@type":"SearchAction","target":{"@type":"EntryPoint","urlTemplate":"https:\/\/www.tosunlux.eu\/ru\/?s={search_term_string}"},"query-input":{"@type":"PropertyValueSpecification","valueRequired":true,"valueName":"search_term_string"}}],"inLanguage":"tr"},{"@type":"Organization","@id":"https:\/\/www.tosunlux.eu\/ru\/#organization","name":"TOSUNlux","url":"https:\/\/www.tosunlux.eu\/ru\/","logo":{"@type":"ImageObject","inLanguage":"tr","@id":"https:\/\/www.tosunlux.eu\/ru\/#\/schema\/logo\/image\/","url":"https:\/\/www.tosunlux.eu\/wp-content\/uploads\/2022\/01\/LOGOSYSM.71762f1.png","contentUrl":"https:\/\/www.tosunlux.eu\/wp-content\/uploads\/2022\/01\/LOGOSYSM.71762f1.png","width":153,"height":55,"caption":"TOSUNlux"},"image":{"@id":"https:\/\/www.tosunlux.eu\/ru\/#\/schema\/logo\/image\/"},"sameAs":["https:\/\/www.facebook.com\/TOSUNelectric\/","https:\/\/www.linkedin.com\/company\/wenzhou-tosun-electric-co.-ltd\/"]}]}},"_links":{"self":[{"href":"https:\/\/www.tosunlux.eu\/tr\/wp-json\/wp\/v2\/product\/3475","targetHints":{"allow":["GET"]}}],"collection":[{"href":"https:\/\/www.tosunlux.eu\/tr\/wp-json\/wp\/v2\/product"}],"about":[{"href":"https:\/\/www.tosunlux.eu\/tr\/wp-json\/wp\/v2\/types\/product"}],"version-history":[{"count":1,"href":"https:\/\/www.tosunlux.eu\/tr\/wp-json\/wp\/v2\/product\/3475\/revisions"}],"predecessor-version":[{"id":10966,"href":"https:\/\/www.tosunlux.eu\/tr\/wp-json\/wp\/v2\/product\/3475\/revisions\/10966"}],"wp:attachment":[{"href":"https:\/\/www.tosunlux.eu\/tr\/wp-json\/wp\/v2\/media?parent=3475"}],"wp:term":[{"taxonomy":"product_category","embeddable":true,"href":"https:\/\/www.tosunlux.eu\/tr\/wp-json\/wp\/v2\/product_category?post=3475"}],"curies":[{"name":"wp","href":"https:\/\/api.w.org\/{rel}","templated":true}]}}