{"id":3577,"date":"2022-06-09T17:56:32","date_gmt":"2022-06-09T09:56:32","guid":{"rendered":"https:\/\/www.tosunlux.eu\/?post_type=product&#038;p=3577"},"modified":"2023-03-16T14:55:49","modified_gmt":"2023-03-16T06:55:49","slug":"solar-pv-surge-protector-3","status":"publish","type":"product","link":"https:\/\/www.tosunlux.eu\/tr\/products\/solar-pv-surge-protector-3\/","title":{"rendered":"G\u00fcne\u015f PV A\u015f\u0131r\u0131 Gerilim Koruyucusu"},"content":{"rendered":"<p><strong>Tan\u0131m<\/strong><\/p>\n\n\n\n<p>Yenilik\u00e7i trip ve k\u0131r\u0131lma teknolojisi<br>Tak-\u00e7\u0131kar tasar\u0131m, tak\u0131l\u0131yken veya \u00e7\u0131karken sistemi kesmeye gerek yok.<br>Tek bir mod\u00fcl 40kA(8\/20us)&#039;a kadar ula\u015fabilir<\/p>\n\n\n<p><strong>\u015eartname<\/strong><\/p>\n<table width=\"733\">\n<tbody>\n<tr>\n<td style=\"text-align: center;\" width=\"196\">Kutup say\u0131s\u0131&nbsp;<\/td>\n<td style=\"text-align: center;\" colspan=\"5\" width=\"536\">2P,3P<\/td>\n<\/tr>\n<tr>\n<td style=\"text-align: center;\" width=\"196\">Nominal PV gerilimi (dc)(Uostc)<\/td>\n<td style=\"text-align: center;\" width=\"105\">500V<\/td>\n<td style=\"text-align: center;\" width=\"105\">600V<\/td>\n<td style=\"text-align: center;\" width=\"106\">800V<\/td>\n<td style=\"text-align: center;\" width=\"111\">1000V<\/td>\n<td style=\"text-align: center;\" width=\"106\">1200V<\/td>\n<\/tr>\n<tr>\n<td style=\"text-align: center;\" width=\"196\">EN6 164311\/EC 61643-11&#039;e g\u00f6re SPD<\/td>\n<td style=\"text-align: center;\" colspan=\"5\" width=\"536\">Tip2\/S\u0131n\u0131f II\/T2<\/td>\n<\/tr>\n<tr>\n<td style=\"text-align: center;\" width=\"196\">Nominal de\u015farj ak\u0131m\u0131 (8\/20 us)(In)<\/td>\n<td style=\"text-align: center;\" colspan=\"5\" width=\"536\">10KA\/20KA<\/td>\n<\/tr>\n<tr>\n<td style=\"text-align: center;\" width=\"196\">Maksimum de\u015farj ak\u0131m\u0131 (8\/20 us) (Imax)<\/td>\n<td style=\"text-align: center;\" colspan=\"5\" width=\"536\">20KA\/40KA<\/td>\n<\/tr>\n<tr>\n<td style=\"text-align: center;\" width=\"196\">Gerilim koruma seviyesi (Yukar\u0131)<\/td>\n<td style=\"text-align: center;\" width=\"105\">\u22642,5KV<\/td>\n<td style=\"text-align: center;\" width=\"105\">\u22642,5KV<\/td>\n<td style=\"text-align: center;\" width=\"106\">\u22643.2KV<\/td>\n<td style=\"text-align: center;\" width=\"111\">\u22644.0KV<\/td>\n<td style=\"text-align: center;\" width=\"106\">\u22644.0KV<\/td>\n<\/tr>\n<tr>\n<td style=\"text-align: center;\" width=\"196\">Tepki s\u00fcresi (tA)<\/td>\n<td style=\"text-align: center;\" colspan=\"5\" width=\"536\">25ns<\/td>\n<\/tr>\n<tr>\n<td style=\"text-align: center;\" width=\"196\">\u00c7al\u0131\u015fma s\u0131cakl\u0131\u011f\u0131 aral\u0131\u011f\u0131 (Tu)<\/td>\n<td style=\"text-align: center;\" colspan=\"5\" width=\"536\">-40\u2103\u2026\u2026+80\u2103<\/td>\n<\/tr>\n<tr>\n<td style=\"text-align: center;\" width=\"196\">\u00c7al\u0131\u015fma durumu ar\u0131za g\u00f6stergesi<\/td>\n<td style=\"text-align: center;\" colspan=\"5\" width=\"536\">Ye\u015fil:normal\/ K\u0131rm\u0131z\u0131:ge\u00e7ersiz&nbsp;<\/td>\n<\/tr>\n<tr>\n<td style=\"text-align: center;\" width=\"196\">\u00c7\u0131k\u0131\u015f portunun say\u0131s\u0131<\/td>\n<td style=\"text-align: center;\" colspan=\"5\" width=\"536\">1 ihtiya\u00e7 duyuldu\u011funda kullan\u0131labilir<\/td>\n<\/tr>\n<tr>\n<td style=\"text-align: center;\" width=\"196\">Kurulum<\/td>\n<td style=\"text-align: center;\" colspan=\"5\" width=\"536\">DIn ray\u0131nda<\/td>\n<\/tr>\n<tr>\n<td style=\"text-align: center;\" width=\"196\">Kurulum yeri<\/td>\n<td style=\"text-align: center;\" colspan=\"5\" width=\"536\">i\u00e7 mekan kurulumu<\/td>\n<\/tr>\n<tr>\n<td style=\"text-align: center;\" width=\"196\">Koruma derecesi<\/td>\n<td style=\"text-align: center;\" colspan=\"5\" width=\"536\">IP20<\/td>\n<\/tr>\n<\/tbody>\n<\/table>\n<p><strong>Devre \u015eemas\u0131<\/strong><\/p>\n\n\n<figure class=\"wp-block-image size-large\"><img fetchpriority=\"high\" decoding=\"async\" width=\"1024\" height=\"348\" src=\"https:\/\/www.tosunlux.eu\/wp-content\/uploads\/2022\/06\/diagem-1024x348.jpg\" alt=\"\" class=\"wp-image-3578\" srcset=\"https:\/\/www.tosunlux.eu\/wp-content\/uploads\/2022\/06\/diagem-1024x348.jpg 1024w, https:\/\/www.tosunlux.eu\/wp-content\/uploads\/2022\/06\/diagem-300x102.jpg 300w, https:\/\/www.tosunlux.eu\/wp-content\/uploads\/2022\/06\/diagem-768x261.jpg 768w, https:\/\/www.tosunlux.eu\/wp-content\/uploads\/2022\/06\/diagem.jpg 1243w\" sizes=\"(max-width: 1024px) 100vw, 1024px\" \/><\/figure>\n\n\n\n<p><\/p>\n\n\n\n<p><strong>Boyutlar<\/strong><\/p>\n\n\n\n<figure class=\"wp-block-image size-large\"><img decoding=\"async\" width=\"1024\" height=\"382\" src=\"https:\/\/www.tosunlux.eu\/wp-content\/uploads\/2022\/06\/dimensions-3-1024x382.jpg\" alt=\"\" class=\"wp-image-3579\" srcset=\"https:\/\/www.tosunlux.eu\/wp-content\/uploads\/2022\/06\/dimensions-3-1024x382.jpg 1024w, https:\/\/www.tosunlux.eu\/wp-content\/uploads\/2022\/06\/dimensions-3-300x112.jpg 300w, https:\/\/www.tosunlux.eu\/wp-content\/uploads\/2022\/06\/dimensions-3-768x287.jpg 768w, https:\/\/www.tosunlux.eu\/wp-content\/uploads\/2022\/06\/dimensions-3.jpg 1270w\" sizes=\"(max-width: 1024px) 100vw, 1024px\" \/><\/figure>\n\n\n\n<figure class=\"wp-block-image size-large is-resized\"><img decoding=\"async\" src=\"https:\/\/www.tosunlux.eu\/wp-content\/uploads\/2023\/03\/22jpg-1-1024x348.jpg\" alt=\"\" class=\"wp-image-5483\" width=\"368\" height=\"125\" srcset=\"https:\/\/www.tosunlux.eu\/wp-content\/uploads\/2023\/03\/22jpg-1-1024x348.jpg 1024w, https:\/\/www.tosunlux.eu\/wp-content\/uploads\/2023\/03\/22jpg-1-300x102.jpg 300w, https:\/\/www.tosunlux.eu\/wp-content\/uploads\/2023\/03\/22jpg-1-768x261.jpg 768w, https:\/\/www.tosunlux.eu\/wp-content\/uploads\/2023\/03\/22jpg-1-1536x521.jpg 1536w, https:\/\/www.tosunlux.eu\/wp-content\/uploads\/2023\/03\/22jpg-1.jpg 1600w\" sizes=\"(max-width: 368px) 100vw, 368px\" \/><\/figure>","protected":false},"parent":0,"template":"","product_category":[117],"class_list":["post-3577","product","type-product","status-publish","hentry","product_category-solar-pv-surge-protector"],"yoast_head":"<!-- This site is optimized with the Yoast SEO plugin v27.5 - https:\/\/yoast.com\/product\/yoast-seo-wordpress\/ -->\n<title>WholesaleSolar PV Surge Protector - TOSUNlux Official Site - Electrical Circuit Breaker Manufacturer in China Low Voltage Electrical Supplier | TOSUNlux<\/title>\n<meta name=\"description\" content=\"Solar PV Surge Protector Supplier - Wholesale direct from TOSUNlux, a trusted manufacturer since 1994. Get your B2B factory quote on our certified Low Voltage electrical products.\" \/>\n<meta name=\"robots\" content=\"index, follow, max-snippet:-1, max-image-preview:large, max-video-preview:-1\" \/>\n<link rel=\"canonical\" href=\"https:\/\/www.tosunlux.eu\/tr\/products\/solar-pv-surge-protector-3\/\" \/>\n<meta property=\"og:locale\" content=\"tr_TR\" \/>\n<meta property=\"og:type\" content=\"article\" \/>\n<meta property=\"og:title\" content=\"WholesaleSolar PV Surge Protector - TOSUNlux Official Site - Electrical Circuit Breaker Manufacturer in China Low Voltage Electrical Supplier | TOSUNlux\" \/>\n<meta property=\"og:description\" content=\"Solar PV Surge Protector Supplier - Wholesale direct from TOSUNlux, a trusted manufacturer since 1994. Get your B2B factory quote on our certified Low Voltage electrical products.\" \/>\n<meta property=\"og:url\" content=\"https:\/\/www.tosunlux.eu\/tr\/products\/solar-pv-surge-protector-3\/\" \/>\n<meta property=\"og:site_name\" content=\"TOSUNlux Official Site - Electrical Circuit Breaker Manufacturer in China\" \/>\n<meta property=\"article:publisher\" content=\"https:\/\/www.facebook.com\/TOSUNelectric\/\" \/>\n<meta property=\"article:modified_time\" content=\"2023-03-16T06:55:49+00:00\" \/>\n<meta property=\"og:image\" content=\"https:\/\/www.tosunlux.eu\/wp-content\/uploads\/2022\/06\/diagem-1024x348.jpg\" \/>\n<meta name=\"twitter:card\" content=\"summary_large_image\" \/>\n<meta name=\"twitter:label1\" content=\"Tahmini okuma s\u00fcresi\" \/>\n\t<meta name=\"twitter:data1\" content=\"2 dakika\" \/>\n<script type=\"application\/ld+json\" class=\"yoast-schema-graph\">{\"@context\":\"https:\\\/\\\/schema.org\",\"@graph\":[{\"@type\":\"WebPage\",\"@id\":\"https:\\\/\\\/www.tosunlux.eu\\\/products\\\/solar-pv-surge-protector-3\\\/\",\"url\":\"https:\\\/\\\/www.tosunlux.eu\\\/products\\\/solar-pv-surge-protector-3\\\/\",\"name\":\"WholesaleSolar PV Surge Protector - TOSUNlux Official Site - Electrical Circuit Breaker Manufacturer in China Low Voltage Electrical Supplier | TOSUNlux\",\"isPartOf\":{\"@id\":\"https:\\\/\\\/www.tosunlux.eu\\\/ru\\\/#website\"},\"primaryImageOfPage\":{\"@id\":\"https:\\\/\\\/www.tosunlux.eu\\\/products\\\/solar-pv-surge-protector-3\\\/#primaryimage\"},\"image\":{\"@id\":\"https:\\\/\\\/www.tosunlux.eu\\\/products\\\/solar-pv-surge-protector-3\\\/#primaryimage\"},\"thumbnailUrl\":\"https:\\\/\\\/www.tosunlux.eu\\\/wp-content\\\/uploads\\\/2022\\\/06\\\/diagem-1024x348.jpg\",\"datePublished\":\"2022-06-09T09:56:32+00:00\",\"dateModified\":\"2023-03-16T06:55:49+00:00\",\"description\":\"Solar PV Surge Protector Supplier - Wholesale direct from TOSUNlux, a trusted manufacturer since 1994. Get your B2B factory quote on our certified Low Voltage electrical products.\",\"breadcrumb\":{\"@id\":\"https:\\\/\\\/www.tosunlux.eu\\\/products\\\/solar-pv-surge-protector-3\\\/#breadcrumb\"},\"inLanguage\":\"tr\",\"potentialAction\":[{\"@type\":\"ReadAction\",\"target\":[\"https:\\\/\\\/www.tosunlux.eu\\\/products\\\/solar-pv-surge-protector-3\\\/\"]}]},{\"@type\":\"ImageObject\",\"inLanguage\":\"tr\",\"@id\":\"https:\\\/\\\/www.tosunlux.eu\\\/products\\\/solar-pv-surge-protector-3\\\/#primaryimage\",\"url\":\"https:\\\/\\\/www.tosunlux.eu\\\/wp-content\\\/uploads\\\/2022\\\/06\\\/diagem-1024x348.jpg\",\"contentUrl\":\"https:\\\/\\\/www.tosunlux.eu\\\/wp-content\\\/uploads\\\/2022\\\/06\\\/diagem-1024x348.jpg\"},{\"@type\":\"BreadcrumbList\",\"@id\":\"https:\\\/\\\/www.tosunlux.eu\\\/products\\\/solar-pv-surge-protector-3\\\/#breadcrumb\",\"itemListElement\":[{\"@type\":\"ListItem\",\"position\":1,\"name\":\"Home\",\"item\":\"https:\\\/\\\/www.tosunlux.eu\\\/ru\\\/\"},{\"@type\":\"ListItem\",\"position\":2,\"name\":\"Products\",\"item\":\"https:\\\/\\\/www.tosunlux.eu\\\/products\\\/\"},{\"@type\":\"ListItem\",\"position\":3,\"name\":\"Solar PV Surge Protector\"}]},{\"@type\":\"WebSite\",\"@id\":\"https:\\\/\\\/www.tosunlux.eu\\\/ru\\\/#website\",\"url\":\"https:\\\/\\\/www.tosunlux.eu\\\/ru\\\/\",\"name\":\"TOSUNlux Official Site - Electrical Circuit Breaker Manufacturer in China\",\"description\":\"Power Distribution System Supplier\",\"publisher\":{\"@id\":\"https:\\\/\\\/www.tosunlux.eu\\\/ru\\\/#organization\"},\"alternateName\":\"TOSUNlux\",\"potentialAction\":[{\"@type\":\"SearchAction\",\"target\":{\"@type\":\"EntryPoint\",\"urlTemplate\":\"https:\\\/\\\/www.tosunlux.eu\\\/ru\\\/?s={search_term_string}\"},\"query-input\":{\"@type\":\"PropertyValueSpecification\",\"valueRequired\":true,\"valueName\":\"search_term_string\"}}],\"inLanguage\":\"tr\"},{\"@type\":\"Organization\",\"@id\":\"https:\\\/\\\/www.tosunlux.eu\\\/ru\\\/#organization\",\"name\":\"TOSUNlux\",\"url\":\"https:\\\/\\\/www.tosunlux.eu\\\/ru\\\/\",\"logo\":{\"@type\":\"ImageObject\",\"inLanguage\":\"tr\",\"@id\":\"https:\\\/\\\/www.tosunlux.eu\\\/ru\\\/#\\\/schema\\\/logo\\\/image\\\/\",\"url\":\"https:\\\/\\\/www.tosunlux.eu\\\/wp-content\\\/uploads\\\/2022\\\/01\\\/LOGOSYSM.71762f1.png\",\"contentUrl\":\"https:\\\/\\\/www.tosunlux.eu\\\/wp-content\\\/uploads\\\/2022\\\/01\\\/LOGOSYSM.71762f1.png\",\"width\":153,\"height\":55,\"caption\":\"TOSUNlux\"},\"image\":{\"@id\":\"https:\\\/\\\/www.tosunlux.eu\\\/ru\\\/#\\\/schema\\\/logo\\\/image\\\/\"},\"sameAs\":[\"https:\\\/\\\/www.facebook.com\\\/TOSUNelectric\\\/\",\"https:\\\/\\\/www.linkedin.com\\\/company\\\/wenzhou-tosun-electric-co.-ltd\\\/\"]}]}<\/script>\n<!-- \/ Yoast SEO plugin. -->","yoast_head_json":{"title":"WholesaleSolar PV Surge Protector - TOSUNlux Official Site - Electrical Circuit Breaker Manufacturer in China Low Voltage Electrical Supplier | TOSUNlux","description":"Solar PV Surge Protector Supplier - Wholesale direct from TOSUNlux, a trusted manufacturer since 1994. Get your B2B factory quote on our certified Low Voltage electrical products.","robots":{"index":"index","follow":"follow","max-snippet":"max-snippet:-1","max-image-preview":"max-image-preview:large","max-video-preview":"max-video-preview:-1"},"canonical":"https:\/\/www.tosunlux.eu\/tr\/products\/solar-pv-surge-protector-3\/","og_locale":"tr_TR","og_type":"article","og_title":"WholesaleSolar PV Surge Protector - TOSUNlux Official Site - Electrical Circuit Breaker Manufacturer in China Low Voltage Electrical Supplier | TOSUNlux","og_description":"Solar PV Surge Protector Supplier - Wholesale direct from TOSUNlux, a trusted manufacturer since 1994. Get your B2B factory quote on our certified Low Voltage electrical products.","og_url":"https:\/\/www.tosunlux.eu\/tr\/products\/solar-pv-surge-protector-3\/","og_site_name":"TOSUNlux Official Site - Electrical Circuit Breaker Manufacturer in China","article_publisher":"https:\/\/www.facebook.com\/TOSUNelectric\/","article_modified_time":"2023-03-16T06:55:49+00:00","og_image":[{"url":"https:\/\/www.tosunlux.eu\/wp-content\/uploads\/2022\/06\/diagem-1024x348.jpg","type":"","width":"","height":""}],"twitter_card":"summary_large_image","twitter_misc":{"Tahmini okuma s\u00fcresi":"2 dakika"},"schema":{"@context":"https:\/\/schema.org","@graph":[{"@type":"WebPage","@id":"https:\/\/www.tosunlux.eu\/products\/solar-pv-surge-protector-3\/","url":"https:\/\/www.tosunlux.eu\/products\/solar-pv-surge-protector-3\/","name":"WholesaleSolar PV Surge Protector - TOSUNlux Official Site - Electrical Circuit Breaker Manufacturer in China Low Voltage Electrical Supplier | TOSUNlux","isPartOf":{"@id":"https:\/\/www.tosunlux.eu\/ru\/#website"},"primaryImageOfPage":{"@id":"https:\/\/www.tosunlux.eu\/products\/solar-pv-surge-protector-3\/#primaryimage"},"image":{"@id":"https:\/\/www.tosunlux.eu\/products\/solar-pv-surge-protector-3\/#primaryimage"},"thumbnailUrl":"https:\/\/www.tosunlux.eu\/wp-content\/uploads\/2022\/06\/diagem-1024x348.jpg","datePublished":"2022-06-09T09:56:32+00:00","dateModified":"2023-03-16T06:55:49+00:00","description":"Solar PV Surge Protector Supplier - Wholesale direct from TOSUNlux, a trusted manufacturer since 1994. Get your B2B factory quote on our certified Low Voltage electrical products.","breadcrumb":{"@id":"https:\/\/www.tosunlux.eu\/products\/solar-pv-surge-protector-3\/#breadcrumb"},"inLanguage":"tr","potentialAction":[{"@type":"ReadAction","target":["https:\/\/www.tosunlux.eu\/products\/solar-pv-surge-protector-3\/"]}]},{"@type":"ImageObject","inLanguage":"tr","@id":"https:\/\/www.tosunlux.eu\/products\/solar-pv-surge-protector-3\/#primaryimage","url":"https:\/\/www.tosunlux.eu\/wp-content\/uploads\/2022\/06\/diagem-1024x348.jpg","contentUrl":"https:\/\/www.tosunlux.eu\/wp-content\/uploads\/2022\/06\/diagem-1024x348.jpg"},{"@type":"BreadcrumbList","@id":"https:\/\/www.tosunlux.eu\/products\/solar-pv-surge-protector-3\/#breadcrumb","itemListElement":[{"@type":"ListItem","position":1,"name":"Home","item":"https:\/\/www.tosunlux.eu\/ru\/"},{"@type":"ListItem","position":2,"name":"Products","item":"https:\/\/www.tosunlux.eu\/products\/"},{"@type":"ListItem","position":3,"name":"Solar PV Surge Protector"}]},{"@type":"WebSite","@id":"https:\/\/www.tosunlux.eu\/ru\/#website","url":"https:\/\/www.tosunlux.eu\/ru\/","name":"TOSUNlux Resmi Sitesi - \u00c7in&#039;de Elektrik Sigortas\u0131 \u00dcreticisi","description":"G\u00fc\u00e7 Da\u011f\u0131t\u0131m Sistemi Tedarik\u00e7isi","publisher":{"@id":"https:\/\/www.tosunlux.eu\/ru\/#organization"},"alternateName":"TOSUNlux","potentialAction":[{"@type":"SearchAction","target":{"@type":"EntryPoint","urlTemplate":"https:\/\/www.tosunlux.eu\/ru\/?s={search_term_string}"},"query-input":{"@type":"PropertyValueSpecification","valueRequired":true,"valueName":"search_term_string"}}],"inLanguage":"tr"},{"@type":"Organization","@id":"https:\/\/www.tosunlux.eu\/ru\/#organization","name":"TOSUNlux","url":"https:\/\/www.tosunlux.eu\/ru\/","logo":{"@type":"ImageObject","inLanguage":"tr","@id":"https:\/\/www.tosunlux.eu\/ru\/#\/schema\/logo\/image\/","url":"https:\/\/www.tosunlux.eu\/wp-content\/uploads\/2022\/01\/LOGOSYSM.71762f1.png","contentUrl":"https:\/\/www.tosunlux.eu\/wp-content\/uploads\/2022\/01\/LOGOSYSM.71762f1.png","width":153,"height":55,"caption":"TOSUNlux"},"image":{"@id":"https:\/\/www.tosunlux.eu\/ru\/#\/schema\/logo\/image\/"},"sameAs":["https:\/\/www.facebook.com\/TOSUNelectric\/","https:\/\/www.linkedin.com\/company\/wenzhou-tosun-electric-co.-ltd\/"]}]}},"_links":{"self":[{"href":"https:\/\/www.tosunlux.eu\/tr\/wp-json\/wp\/v2\/product\/3577","targetHints":{"allow":["GET"]}}],"collection":[{"href":"https:\/\/www.tosunlux.eu\/tr\/wp-json\/wp\/v2\/product"}],"about":[{"href":"https:\/\/www.tosunlux.eu\/tr\/wp-json\/wp\/v2\/types\/product"}],"version-history":[{"count":0,"href":"https:\/\/www.tosunlux.eu\/tr\/wp-json\/wp\/v2\/product\/3577\/revisions"}],"wp:attachment":[{"href":"https:\/\/www.tosunlux.eu\/tr\/wp-json\/wp\/v2\/media?parent=3577"}],"wp:term":[{"taxonomy":"product_category","embeddable":true,"href":"https:\/\/www.tosunlux.eu\/tr\/wp-json\/wp\/v2\/product_category?post=3577"}],"curies":[{"name":"wp","href":"https:\/\/api.w.org\/{rel}","templated":true}]}}