{"id":3695,"date":"2022-06-11T16:18:13","date_gmt":"2022-06-11T08:18:13","guid":{"rendered":"https:\/\/www.tosunlux.eu\/?post_type=product&#038;p=3695"},"modified":"2025-06-19T16:19:32","modified_gmt":"2025-06-19T08:19:32","slug":"cbb61-fan-capacitor","status":"publish","type":"product","link":"https:\/\/www.tosunlux.eu\/tr\/products\/cbb61-fan-capacitor\/","title":{"rendered":"CBB61 Fan Kondansat\u00f6r\u00fc"},"content":{"rendered":"<p><strong>Ba\u015fvuru<\/strong><\/p>\n\n\n\n<p>\u00b7Metalik polipropilen membranl\u0131 ind\u00fcksiyonsuz sarg\u0131 yap\u0131s\u0131.<\/p>\n\n\n\n<p>\u00b7 S\u0131zd\u0131rmazl\u0131k i\u00e7in kare plastik kabuk ve yal\u0131t\u0131ml\u0131 kapak, s\u0131zd\u0131rmazl\u0131k i\u00e7in plastik kapak veya s\u0131zd\u0131rmazl\u0131k i\u00e7in re\u00e7ine kullan\u0131n.<\/p>\n\n\n\n<p>\u00b7K\u00fc\u00e7\u00fck hacim, hafif a\u011f\u0131rl\u0131k, d\u00fc\u015f\u00fck kay\u0131p, m\u00fckemmel kendini iyile\u015ftirme performans\u0131.<\/p>\n\n\n\n<p>\u00b7Bak\u0131r lehim terminali, plastik kapl\u0131 bak\u0131r tel ve CP tel mevcuttur.<\/p>\n\n\n\n<p>\u00b7\u0130yi kendini iyile\u015ftirme \u00f6zelli\u011fi, uzun \u00f6mr\u00fc ve y\u00fcksek oransall\u0131\u011f\u0131 nedeniyle ba\u015flang\u0131\u00e7 olarak yayg\u0131n olarak kullan\u0131lmaktad\u0131r.<\/p>\n\n\n\n<p>\u00b7Elektrikli vantilat\u00f6r, klima, elektrikli su pompas\u0131, elektrik motoru vb. i\u00e7in uygundur.<\/p>\n\n\n\n<p>\u00b750\/60Hz tek fazl\u0131 elektromotorlar\u0131n \u00e7al\u0131\u015ft\u0131r\u0131lmas\u0131 ve \u00e7al\u0131\u015ft\u0131r\u0131lmas\u0131nda yayg\u0131n olarak kullan\u0131l\u0131r.<\/p>\n\n\n\n<p>\u00b7Nominal \u015fartlar alt\u0131nda s\u00fcrekli \u00e7al\u0131\u015fabilir.<\/p>\n\n\n\n\n\n<p><\/p>\n\n\n\n<p><strong>\u015eartname<\/strong><\/p>\n\n\n<table style=\"border-collapse: collapse; width: 512.27pt;\" border=\"0\" width=\"683\" cellspacing=\"0\" cellpadding=\"0\">\n<tbody>\n<tr style=\"height: 24.00pt;\">\n<td class=\"et2\" style=\"height: 24.00pt; width: 268.75pt;\" width=\"358\" height=\"32\">Kapasite (uf)<\/td>\n<td class=\"et2\" style=\"width: 243.75pt;\" width=\"325\">1-30uf<\/td>\n<\/tr>\n<tr style=\"height: 23.00pt;\">\n<td class=\"et2\" style=\"height: 23.00pt; width: 268.75pt;\" width=\"358\" height=\"30\">Anma Gerilimi<\/td>\n<td class=\"et2\" style=\"width: 243.75pt;\" width=\"325\">200-500VAC<\/td>\n<\/tr>\n<tr style=\"height: 22.00pt;\">\n<td class=\"et2\" style=\"height: 22.00pt; width: 268.75pt;\" width=\"358\" height=\"29\">Kapasitans Tolerans\u0131<\/td>\n<td class=\"et2\" style=\"width: 243.75pt;\" width=\"325\">\u00b15%<\/td>\n<\/tr>\n<tr style=\"height: 25.00pt;\">\n<td class=\"et2\" style=\"height: 25.00pt; width: 268.75pt;\" width=\"358\" height=\"33\">Da\u011f\u0131lma Fakt\u00f6r\u00fc<\/td>\n<td class=\"et2\" style=\"width: 243.75pt;\" width=\"325\">Tan\u22640.002 (50Hz)<\/td>\n<\/tr>\n<tr style=\"height: 22.00pt;\">\n<td class=\"et2\" style=\"height: 22.00pt; width: 268.75pt;\" width=\"358\" height=\"29\">Dayan\u0131m Gerilimi<\/td>\n<td class=\"et2\" style=\"width: 243.75pt;\" width=\"325\">AC\u22651,75per 2s (lmaks\u2264 1,3InA)<\/td>\n<\/tr>\n<tr style=\"height: 21.00pt;\">\n<td class=\"et2\" style=\"height: 21.00pt; width: 268.75pt;\" width=\"358\" height=\"28\">Yal\u0131t\u0131m Direnci<\/td>\n<td class=\"et2\" style=\"width: 243.75pt;\" width=\"325\">2000V 2sn&#039;de<\/td>\n<\/tr>\n<tr style=\"height: 22.00pt;\">\n<td class=\"et2\" style=\"height: 22.00pt; width: 268.75pt;\" width=\"358\" height=\"29\">\u00c7al\u0131\u015fma S\u0131cakl\u0131\u011f\u0131<\/td>\n<td class=\"et2\" style=\"width: 243.75pt;\" width=\"325\">-40\u2103~+70\u2103<\/td>\n<\/tr>\n<\/tbody>\n<\/table>\n\n\n\n\n<p><\/p>\n\n\n\n<p><strong>Boyut<\/strong><\/p>\n\n\n<table style=\"border-collapse: collapse; width: 546.02pt;\" border=\"0\" width=\"728\" cellspacing=\"0\" cellpadding=\"0\">\n<tbody>\n<tr style=\"height: 29.00pt;\">\n<td class=\"et2\" style=\"height: 49pt; width: 81pt; text-align: center;\" rowspan=\"2\" width=\"108\" height=\"65\">Kapasite<\/td>\n<td class=\"et2\" style=\"width: 231.75pt; text-align: center;\" colspan=\"3\" width=\"309\">450VAC<\/td>\n<td class=\"et2\" style=\"width: 233.65pt; text-align: center;\" colspan=\"3\" width=\"311\">250VAC<\/td>\n<\/tr>\n<tr style=\"height: 20.00pt;\">\n<td class=\"et2\" style=\"width: 77.25pt; text-align: center;\" width=\"103\">L<\/td>\n<td class=\"et2\" style=\"width: 77.25pt; text-align: center;\" width=\"103\">B<\/td>\n<td class=\"et2\" style=\"width: 77.25pt; text-align: center;\" width=\"103\">H<\/td>\n<td class=\"et2\" style=\"width: 77.25pt; text-align: center;\" width=\"103\">L<\/td>\n<td class=\"et2\" style=\"width: 76.3pt; text-align: center;\" width=\"101\">B<\/td>\n<td class=\"et2\" style=\"width: 80.1pt; text-align: center;\" width=\"106\">H<\/td>\n<\/tr>\n<tr style=\"height: 24.00pt;\">\n<td class=\"et2\" style=\"height: 24pt; width: 81pt; text-align: center;\" width=\"108\" height=\"32\">1uf<\/td>\n<td class=\"et2\" style=\"width: 77.25pt; text-align: center;\" width=\"103\">36<\/td>\n<td class=\"et2\" style=\"width: 77.25pt; text-align: center;\" width=\"103\">11<\/td>\n<td class=\"et2\" style=\"width: 77.25pt; text-align: center;\" width=\"103\">22<\/td>\n<td class=\"et2\" style=\"width: 77.25pt; text-align: center;\" width=\"103\">37<\/td>\n<td class=\"et2\" style=\"width: 76.3pt; text-align: center;\" width=\"101\">15<\/td>\n<td class=\"et2\" style=\"width: 80.1pt; text-align: center;\" width=\"106\">26<\/td>\n<\/tr>\n<tr style=\"height: 19.00pt;\">\n<td class=\"et2\" style=\"height: 19pt; width: 81pt; text-align: center;\" width=\"108\" height=\"25\">1,5uf<\/td>\n<td class=\"et2\" style=\"width: 77.25pt; text-align: center;\" width=\"103\">38<\/td>\n<td class=\"et2\" style=\"width: 77.25pt; text-align: center;\" width=\"103\">13.5<\/td>\n<td class=\"et2\" style=\"width: 77.25pt; text-align: center;\" width=\"103\">24<\/td>\n<td class=\"et2\" style=\"width: 77.25pt; text-align: center;\" width=\"103\">37<\/td>\n<td class=\"et2\" style=\"width: 76.3pt; text-align: center;\" width=\"101\">15<\/td>\n<td class=\"et2\" style=\"width: 80.1pt; text-align: center;\" width=\"106\">26<\/td>\n<\/tr>\n<tr style=\"height: 20.00pt;\">\n<td class=\"et2\" style=\"height: 20pt; width: 81pt; text-align: center;\" width=\"108\" height=\"26\">2uf<\/td>\n<td class=\"et2\" style=\"width: 77.25pt; text-align: center;\" width=\"103\">38<\/td>\n<td class=\"et2\" style=\"width: 77.25pt; text-align: center;\" width=\"103\">15<\/td>\n<td class=\"et2\" style=\"width: 77.25pt; text-align: center;\" width=\"103\">25<\/td>\n<td class=\"et2\" style=\"width: 77.25pt; text-align: center;\" width=\"103\">38<\/td>\n<td class=\"et2\" style=\"width: 76.3pt; text-align: center;\" width=\"101\">15<\/td>\n<td class=\"et2\" style=\"width: 80.1pt; text-align: center;\" width=\"106\">26<\/td>\n<\/tr>\n<tr style=\"height: 19.00pt;\">\n<td class=\"et2\" style=\"height: 19pt; width: 81pt; text-align: center;\" width=\"108\" height=\"25\">3uf<\/td>\n<td class=\"et2\" style=\"width: 77.25pt; text-align: center;\" width=\"103\">38<\/td>\n<td class=\"et2\" style=\"width: 77.25pt; text-align: center;\" width=\"103\">15<\/td>\n<td class=\"et2\" style=\"width: 77.25pt; text-align: center;\" width=\"103\">25<\/td>\n<td class=\"et2\" style=\"width: 77.25pt; text-align: center;\" width=\"103\">37<\/td>\n<td class=\"et2\" style=\"width: 76.3pt; text-align: center;\" width=\"101\">15<\/td>\n<td class=\"et2\" style=\"width: 80.1pt; text-align: center;\" width=\"106\">30<\/td>\n<\/tr>\n<tr style=\"height: 20.00pt;\">\n<td class=\"et2\" style=\"height: 20pt; width: 81pt; text-align: center;\" width=\"108\" height=\"26\">5uf<\/td>\n<td class=\"et2\" style=\"width: 77.25pt; text-align: center;\" width=\"103\">47<\/td>\n<td class=\"et2\" style=\"width: 77.25pt; text-align: center;\" width=\"103\">20.5<\/td>\n<td class=\"et2\" style=\"width: 77.25pt; text-align: center;\" width=\"103\">33<\/td>\n<td class=\"et2\" style=\"width: 77.25pt; text-align: center;\" width=\"103\">37<\/td>\n<td class=\"et2\" style=\"width: 76.3pt; text-align: center;\" width=\"101\">16<\/td>\n<td class=\"et2\" style=\"width: 80.1pt; text-align: center;\" width=\"106\">30<\/td>\n<\/tr>\n<tr style=\"height: 20.00pt;\">\n<td class=\"et2\" style=\"height: 20pt; width: 81pt; text-align: center;\" width=\"108\" height=\"26\">8uf<\/td>\n<td class=\"et2\" style=\"width: 77.25pt; text-align: center;\" width=\"103\">48<\/td>\n<td class=\"et2\" style=\"width: 77.25pt; text-align: center;\" width=\"103\">22<\/td>\n<td class=\"et2\" style=\"width: 77.25pt; text-align: center;\" width=\"103\">35<\/td>\n<td class=\"et2\" style=\"width: 77.25pt; text-align: center;\" width=\"103\">47<\/td>\n<td class=\"et2\" style=\"width: 76.3pt; text-align: center;\" width=\"101\">17<\/td>\n<td class=\"et2\" style=\"width: 80.1pt; text-align: center;\" width=\"106\">32<\/td>\n<\/tr>\n<tr style=\"height: 19.00pt;\">\n<td class=\"et2\" style=\"height: 19pt; width: 81pt; text-align: center;\" width=\"108\" height=\"25\">10uf<\/td>\n<td class=\"et2\" style=\"width: 77.25pt; text-align: center;\" width=\"103\">47<\/td>\n<td class=\"et2\" style=\"width: 77.25pt; text-align: center;\" width=\"103\">23<\/td>\n<td class=\"et2\" style=\"width: 77.25pt; text-align: center;\" width=\"103\">35<\/td>\n<td class=\"et2\" style=\"width: 77.25pt; text-align: center;\" width=\"103\">47<\/td>\n<td class=\"et2\" style=\"width: 76.3pt; text-align: center;\" width=\"101\">17<\/td>\n<td class=\"et2\" style=\"width: 80.1pt; text-align: center;\" width=\"106\">33<\/td>\n<\/tr>\n<tr style=\"height: 19.00pt;\">\n<td class=\"et2\" style=\"height: 19pt; width: 81pt; text-align: center;\" width=\"108\" height=\"25\">12uf<\/td>\n<td class=\"et2\" style=\"width: 77.25pt; text-align: center;\" width=\"103\">58<\/td>\n<td class=\"et2\" style=\"width: 77.25pt; text-align: center;\" width=\"103\">25<\/td>\n<td class=\"et2\" style=\"width: 77.25pt; text-align: center;\" width=\"103\">38<\/td>\n<td class=\"et2\" style=\"width: 77.25pt; text-align: center;\" width=\"103\">47<\/td>\n<td class=\"et2\" style=\"width: 76.3pt; text-align: center;\" width=\"101\">23<\/td>\n<td class=\"et2\" style=\"width: 80.1pt; text-align: center;\" width=\"106\">35<\/td>\n<\/tr>\n<tr style=\"height: 20.00pt;\">\n<td class=\"et2\" style=\"height: 20pt; width: 81pt; text-align: center;\" width=\"108\" height=\"26\">15uf<\/td>\n<td class=\"et2\" style=\"width: 77.25pt; text-align: center;\" width=\"103\">59<\/td>\n<td class=\"et2\" style=\"width: 77.25pt; text-align: center;\" width=\"103\">28<\/td>\n<td class=\"et2\" style=\"width: 77.25pt; text-align: center;\" width=\"103\">40<\/td>\n<td class=\"et2\" style=\"width: 77.25pt; text-align: center;\" width=\"103\">47<\/td>\n<td class=\"et2\" style=\"width: 76.3pt; text-align: center;\" width=\"101\">23<\/td>\n<td class=\"et2\" style=\"width: 80.1pt; text-align: center;\" width=\"106\">35<\/td>\n<\/tr>\n<tr style=\"height: 19.00pt;\">\n<td class=\"et2\" style=\"height: 19pt; width: 81pt; text-align: center;\" width=\"108\" height=\"25\">18uf<\/td>\n<td class=\"et2\" style=\"width: 77.25pt; text-align: center;\" width=\"103\">59<\/td>\n<td class=\"et2\" style=\"width: 77.25pt; text-align: center;\" width=\"103\">30<\/td>\n<td class=\"et2\" style=\"width: 77.25pt; text-align: center;\" width=\"103\">40<\/td>\n<td class=\"et2\" style=\"width: 77.25pt; text-align: center;\" width=\"103\">58<\/td>\n<td class=\"et2\" style=\"width: 76.3pt; text-align: center;\" width=\"101\">24<\/td>\n<td class=\"et2\" style=\"width: 80.1pt; text-align: center;\" width=\"106\">33<\/td>\n<\/tr>\n<tr style=\"height: 20.00pt;\">\n<td class=\"et2\" style=\"height: 20pt; width: 81pt; text-align: center;\" width=\"108\" height=\"26\">20uf<\/td>\n<td class=\"et2\" style=\"width: 77.25pt; text-align: center;\" width=\"103\">59<\/td>\n<td class=\"et2\" style=\"width: 77.25pt; text-align: center;\" width=\"103\">30<\/td>\n<td class=\"et2\" style=\"width: 77.25pt; text-align: center;\" width=\"103\">40<\/td>\n<td class=\"et2\" style=\"width: 77.25pt; text-align: center;\" width=\"103\">58<\/td>\n<td class=\"et2\" style=\"width: 76.3pt; text-align: center;\" width=\"101\">26<\/td>\n<td class=\"et2\" style=\"width: 80.1pt; text-align: center;\" width=\"106\">38<\/td>\n<\/tr>\n<tr style=\"height: 19.00pt;\">\n<td class=\"et2\" style=\"height: 19pt; width: 81pt; text-align: center;\" width=\"108\" height=\"25\">25uf<\/td>\n<td class=\"et2\" style=\"width: 77.25pt; text-align: center;\" width=\"103\">\u2013<\/td>\n<td class=\"et2\" style=\"width: 77.25pt; text-align: center;\" width=\"103\">\u2013<\/td>\n<td class=\"et2\" style=\"width: 77.25pt; text-align: center;\" width=\"103\">\u2013<\/td>\n<td class=\"et2\" style=\"width: 77.25pt; text-align: center;\" width=\"103\">58<\/td>\n<td class=\"et2\" style=\"width: 76.3pt; text-align: center;\" width=\"101\">26<\/td>\n<td class=\"et2\" style=\"width: 80.1pt; text-align: center;\" width=\"106\">38<\/td>\n<\/tr>\n<tr style=\"height: 20.00pt;\">\n<td class=\"et2\" style=\"height: 20pt; width: 81pt; text-align: center;\" width=\"108\" height=\"26\">30uf<\/td>\n<td class=\"et2\" style=\"width: 77.25pt; text-align: center;\" width=\"103\">\u2013<\/td>\n<td class=\"et2\" style=\"width: 77.25pt; text-align: center;\" width=\"103\">\u2013<\/td>\n<td class=\"et2\" style=\"width: 77.25pt; text-align: center;\" width=\"103\">\u2013<\/td>\n<td class=\"et2\" style=\"width: 77.25pt; text-align: center;\" width=\"103\">58<\/td>\n<td class=\"et2\" style=\"width: 76.3pt; text-align: center;\" width=\"101\">26<\/td>\n<td class=\"et2\" style=\"width: 80.1pt; text-align: center;\" width=\"106\">38<\/td>\n<\/tr>\n<\/tbody>\n<\/table>","protected":false},"parent":0,"template":"","product_category":[114],"class_list":["post-3695","product","type-product","status-publish","hentry","product_category-capacitor"],"yoast_head":"<!-- This site is optimized with the Yoast SEO plugin v27.6 - https:\/\/yoast.com\/product\/yoast-seo-wordpress\/ -->\n<title>CBB61 Fan Capacitor Manufacturer | AC Motor Start Capacitor Factory<\/title>\n<meta name=\"description\" content=\"Reliable CBB61 fan capacitor manufacturer from China, supporting OEM for AC motor and fan startups.\" \/>\n<meta name=\"robots\" content=\"index, follow, max-snippet:-1, max-image-preview:large, max-video-preview:-1\" \/>\n<link rel=\"canonical\" href=\"https:\/\/www.tosunlux.eu\/tr\/products\/cbb61-fan-capacitor\/\" \/>\n<meta property=\"og:locale\" content=\"tr_TR\" \/>\n<meta property=\"og:type\" content=\"article\" \/>\n<meta property=\"og:title\" content=\"CBB61 Fan Capacitor Manufacturer | AC Motor Start Capacitor Factory\" \/>\n<meta property=\"og:description\" content=\"Reliable CBB61 fan capacitor manufacturer from China, supporting OEM for AC motor and fan startups.\" \/>\n<meta property=\"og:url\" content=\"https:\/\/www.tosunlux.eu\/tr\/products\/cbb61-fan-capacitor\/\" \/>\n<meta property=\"og:site_name\" content=\"TOSUNlux Official Site - Electrical Circuit Breaker Manufacturer in China\" \/>\n<meta property=\"article:publisher\" content=\"https:\/\/www.facebook.com\/TOSUNelectric\/\" \/>\n<meta property=\"article:modified_time\" content=\"2025-06-19T08:19:32+00:00\" \/>\n<meta property=\"og:image\" content=\"https:\/\/www.tosunlux.eu\/wp-content\/uploads\/2023\/04\/DSC08160_\u526f\u672c.jpg\" \/>\n\t<meta property=\"og:image:width\" content=\"1500\" \/>\n\t<meta property=\"og:image:height\" content=\"940\" \/>\n\t<meta property=\"og:image:type\" content=\"image\/jpeg\" \/>\n<meta name=\"twitter:card\" content=\"summary_large_image\" \/>\n<meta name=\"twitter:label1\" content=\"Tahmini okuma s\u00fcresi\" \/>\n\t<meta name=\"twitter:data1\" content=\"1 dakika\" \/>\n<script type=\"application\/ld+json\" class=\"yoast-schema-graph\">{\"@context\":\"https:\\\/\\\/schema.org\",\"@graph\":[{\"@type\":\"WebPage\",\"@id\":\"https:\\\/\\\/www.tosunlux.eu\\\/es\\\/products\\\/cbb61-fan-capacitor\\\/\",\"url\":\"https:\\\/\\\/www.tosunlux.eu\\\/es\\\/products\\\/cbb61-fan-capacitor\\\/\",\"name\":\"CBB61 Fan Capacitor Manufacturer | AC Motor Start Capacitor Factory\",\"isPartOf\":{\"@id\":\"https:\\\/\\\/www.tosunlux.eu\\\/ru\\\/#website\"},\"datePublished\":\"2022-06-11T08:18:13+00:00\",\"dateModified\":\"2025-06-19T08:19:32+00:00\",\"description\":\"Reliable CBB61 fan capacitor manufacturer from China, supporting OEM for AC motor and fan startups.\",\"breadcrumb\":{\"@id\":\"https:\\\/\\\/www.tosunlux.eu\\\/es\\\/products\\\/cbb61-fan-capacitor\\\/#breadcrumb\"},\"inLanguage\":\"tr\",\"potentialAction\":[{\"@type\":\"ReadAction\",\"target\":[\"https:\\\/\\\/www.tosunlux.eu\\\/es\\\/products\\\/cbb61-fan-capacitor\\\/\"]}]},{\"@type\":\"BreadcrumbList\",\"@id\":\"https:\\\/\\\/www.tosunlux.eu\\\/es\\\/products\\\/cbb61-fan-capacitor\\\/#breadcrumb\",\"itemListElement\":[{\"@type\":\"ListItem\",\"position\":1,\"name\":\"Home\",\"item\":\"https:\\\/\\\/www.tosunlux.eu\\\/ru\\\/\"},{\"@type\":\"ListItem\",\"position\":2,\"name\":\"Products\",\"item\":\"https:\\\/\\\/www.tosunlux.eu\\\/products\\\/\"},{\"@type\":\"ListItem\",\"position\":3,\"name\":\"CBB61 Fan Capacitor\"}]},{\"@type\":\"WebSite\",\"@id\":\"https:\\\/\\\/www.tosunlux.eu\\\/ru\\\/#website\",\"url\":\"https:\\\/\\\/www.tosunlux.eu\\\/ru\\\/\",\"name\":\"TOSUNlux Official Site - Electrical Circuit Breaker Manufacturer in China\",\"description\":\"Power Distribution System Supplier\",\"publisher\":{\"@id\":\"https:\\\/\\\/www.tosunlux.eu\\\/ru\\\/#organization\"},\"alternateName\":\"TOSUNlux\",\"potentialAction\":[{\"@type\":\"SearchAction\",\"target\":{\"@type\":\"EntryPoint\",\"urlTemplate\":\"https:\\\/\\\/www.tosunlux.eu\\\/ru\\\/?s={search_term_string}\"},\"query-input\":{\"@type\":\"PropertyValueSpecification\",\"valueRequired\":true,\"valueName\":\"search_term_string\"}}],\"inLanguage\":\"tr\"},{\"@type\":\"Organization\",\"@id\":\"https:\\\/\\\/www.tosunlux.eu\\\/ru\\\/#organization\",\"name\":\"TOSUNlux\",\"url\":\"https:\\\/\\\/www.tosunlux.eu\\\/ru\\\/\",\"logo\":{\"@type\":\"ImageObject\",\"inLanguage\":\"tr\",\"@id\":\"https:\\\/\\\/www.tosunlux.eu\\\/ru\\\/#\\\/schema\\\/logo\\\/image\\\/\",\"url\":\"https:\\\/\\\/www.tosunlux.eu\\\/wp-content\\\/uploads\\\/2022\\\/01\\\/LOGOSYSM.71762f1.png\",\"contentUrl\":\"https:\\\/\\\/www.tosunlux.eu\\\/wp-content\\\/uploads\\\/2022\\\/01\\\/LOGOSYSM.71762f1.png\",\"width\":153,\"height\":55,\"caption\":\"TOSUNlux\"},\"image\":{\"@id\":\"https:\\\/\\\/www.tosunlux.eu\\\/ru\\\/#\\\/schema\\\/logo\\\/image\\\/\"},\"sameAs\":[\"https:\\\/\\\/www.facebook.com\\\/TOSUNelectric\\\/\",\"https:\\\/\\\/www.linkedin.com\\\/company\\\/wenzhou-tosun-electric-co.-ltd\\\/\"]}]}<\/script>\n<!-- \/ Yoast SEO plugin. -->","yoast_head_json":{"title":"CBB61 Fan Kondansat\u00f6r \u00dcreticisi | AC Motor Ba\u015flatma Kondansat\u00f6r\u00fc Fabrikas\u0131","description":"\u00c7in&#039;den g\u00fcvenilir CBB61 fan kondansat\u00f6r \u00fcreticisi, AC motor ve fan ba\u015flang\u0131\u00e7lar\u0131 i\u00e7in OEM&#039;i destekliyor.","robots":{"index":"index","follow":"follow","max-snippet":"max-snippet:-1","max-image-preview":"max-image-preview:large","max-video-preview":"max-video-preview:-1"},"canonical":"https:\/\/www.tosunlux.eu\/tr\/products\/cbb61-fan-capacitor\/","og_locale":"tr_TR","og_type":"article","og_title":"CBB61 Fan Capacitor Manufacturer | AC Motor Start Capacitor Factory","og_description":"Reliable CBB61 fan capacitor manufacturer from China, supporting OEM for AC motor and fan startups.","og_url":"https:\/\/www.tosunlux.eu\/tr\/products\/cbb61-fan-capacitor\/","og_site_name":"TOSUNlux Official Site - Electrical Circuit Breaker Manufacturer in China","article_publisher":"https:\/\/www.facebook.com\/TOSUNelectric\/","article_modified_time":"2025-06-19T08:19:32+00:00","og_image":[{"width":1500,"height":940,"url":"https:\/\/www.tosunlux.eu\/wp-content\/uploads\/2023\/04\/DSC08160_\u526f\u672c.jpg","type":"image\/jpeg"}],"twitter_card":"summary_large_image","twitter_misc":{"Tahmini okuma s\u00fcresi":"1 dakika"},"schema":{"@context":"https:\/\/schema.org","@graph":[{"@type":"WebPage","@id":"https:\/\/www.tosunlux.eu\/es\/products\/cbb61-fan-capacitor\/","url":"https:\/\/www.tosunlux.eu\/es\/products\/cbb61-fan-capacitor\/","name":"CBB61 Fan Kondansat\u00f6r \u00dcreticisi | AC Motor Ba\u015flatma Kondansat\u00f6r\u00fc Fabrikas\u0131","isPartOf":{"@id":"https:\/\/www.tosunlux.eu\/ru\/#website"},"datePublished":"2022-06-11T08:18:13+00:00","dateModified":"2025-06-19T08:19:32+00:00","description":"\u00c7in&#039;den g\u00fcvenilir CBB61 fan kondansat\u00f6r \u00fcreticisi, AC motor ve fan ba\u015flang\u0131\u00e7lar\u0131 i\u00e7in OEM&#039;i destekliyor.","breadcrumb":{"@id":"https:\/\/www.tosunlux.eu\/es\/products\/cbb61-fan-capacitor\/#breadcrumb"},"inLanguage":"tr","potentialAction":[{"@type":"ReadAction","target":["https:\/\/www.tosunlux.eu\/es\/products\/cbb61-fan-capacitor\/"]}]},{"@type":"BreadcrumbList","@id":"https:\/\/www.tosunlux.eu\/es\/products\/cbb61-fan-capacitor\/#breadcrumb","itemListElement":[{"@type":"ListItem","position":1,"name":"Home","item":"https:\/\/www.tosunlux.eu\/ru\/"},{"@type":"ListItem","position":2,"name":"Products","item":"https:\/\/www.tosunlux.eu\/products\/"},{"@type":"ListItem","position":3,"name":"CBB61 Fan Capacitor"}]},{"@type":"WebSite","@id":"https:\/\/www.tosunlux.eu\/ru\/#website","url":"https:\/\/www.tosunlux.eu\/ru\/","name":"TOSUNlux Resmi Sitesi - \u00c7in&#039;de Elektrik Sigortas\u0131 \u00dcreticisi","description":"G\u00fc\u00e7 Da\u011f\u0131t\u0131m Sistemi Tedarik\u00e7isi","publisher":{"@id":"https:\/\/www.tosunlux.eu\/ru\/#organization"},"alternateName":"TOSUNlux","potentialAction":[{"@type":"SearchAction","target":{"@type":"EntryPoint","urlTemplate":"https:\/\/www.tosunlux.eu\/ru\/?s={search_term_string}"},"query-input":{"@type":"PropertyValueSpecification","valueRequired":true,"valueName":"search_term_string"}}],"inLanguage":"tr"},{"@type":"Organization","@id":"https:\/\/www.tosunlux.eu\/ru\/#organization","name":"TOSUNlux","url":"https:\/\/www.tosunlux.eu\/ru\/","logo":{"@type":"ImageObject","inLanguage":"tr","@id":"https:\/\/www.tosunlux.eu\/ru\/#\/schema\/logo\/image\/","url":"https:\/\/www.tosunlux.eu\/wp-content\/uploads\/2022\/01\/LOGOSYSM.71762f1.png","contentUrl":"https:\/\/www.tosunlux.eu\/wp-content\/uploads\/2022\/01\/LOGOSYSM.71762f1.png","width":153,"height":55,"caption":"TOSUNlux"},"image":{"@id":"https:\/\/www.tosunlux.eu\/ru\/#\/schema\/logo\/image\/"},"sameAs":["https:\/\/www.facebook.com\/TOSUNelectric\/","https:\/\/www.linkedin.com\/company\/wenzhou-tosun-electric-co.-ltd\/"]}]}},"_links":{"self":[{"href":"https:\/\/www.tosunlux.eu\/tr\/wp-json\/wp\/v2\/product\/3695","targetHints":{"allow":["GET"]}}],"collection":[{"href":"https:\/\/www.tosunlux.eu\/tr\/wp-json\/wp\/v2\/product"}],"about":[{"href":"https:\/\/www.tosunlux.eu\/tr\/wp-json\/wp\/v2\/types\/product"}],"version-history":[{"count":1,"href":"https:\/\/www.tosunlux.eu\/tr\/wp-json\/wp\/v2\/product\/3695\/revisions"}],"predecessor-version":[{"id":13844,"href":"https:\/\/www.tosunlux.eu\/tr\/wp-json\/wp\/v2\/product\/3695\/revisions\/13844"}],"wp:attachment":[{"href":"https:\/\/www.tosunlux.eu\/tr\/wp-json\/wp\/v2\/media?parent=3695"}],"wp:term":[{"taxonomy":"product_category","embeddable":true,"href":"https:\/\/www.tosunlux.eu\/tr\/wp-json\/wp\/v2\/product_category?post=3695"}],"curies":[{"name":"wp","href":"https:\/\/api.w.org\/{rel}","templated":true}]}}