{"id":3768,"date":"2022-06-13T13:08:30","date_gmt":"2022-06-13T05:08:30","guid":{"rendered":"https:\/\/www.tosunlux.eu\/?post_type=product&#038;p=3768"},"modified":"2023-03-16T13:15:03","modified_gmt":"2023-03-16T05:15:03","slug":"electrical-car-charger","status":"publish","type":"product","link":"https:\/\/www.tosunlux.eu\/tr\/products\/electrical-car-charger\/","title":{"rendered":"Elektrikli Araba \u015earj Cihaz\u0131"},"content":{"rendered":"<figure class=\"wp-block-image size-large is-resized\"><img fetchpriority=\"high\" decoding=\"async\" src=\"https:\/\/www.tosunlux.eu\/wp-content\/uploads\/2022\/06\/\u5c01\u9762-1024x916.jpg\" alt=\"\" class=\"wp-image-3770\" width=\"734\" height=\"656\" srcset=\"https:\/\/www.tosunlux.eu\/wp-content\/uploads\/2022\/06\/\u5c01\u9762-1024x916.jpg 1024w, https:\/\/www.tosunlux.eu\/wp-content\/uploads\/2022\/06\/\u5c01\u9762-300x268.jpg 300w, https:\/\/www.tosunlux.eu\/wp-content\/uploads\/2022\/06\/\u5c01\u9762-768x687.jpg 768w, https:\/\/www.tosunlux.eu\/wp-content\/uploads\/2022\/06\/\u5c01\u9762-1536x1374.jpg 1536w, https:\/\/www.tosunlux.eu\/wp-content\/uploads\/2022\/06\/\u5c01\u9762-2048x1833.jpg 2048w\" sizes=\"(max-width: 734px) 100vw, 734px\" \/><\/figure>\n\n\n\n<p><\/p>\n\n\n\n<p><\/p>\n\n\n<p><strong>\u015eartname<\/strong><\/p>\n<table width=\"744\">\n<tbody>\n<tr>\n<td style=\"text-align: center;\" width=\"210\">Tip&nbsp;<\/td>\n<td style=\"text-align: center;\" width=\"155\">E5T1132\/E5T2132<\/td>\n<td style=\"text-align: center;\" width=\"126\">E5T2332<\/td>\n<td style=\"text-align: center;\" width=\"127\">E5T2232<\/td>\n<td style=\"text-align: center;\" width=\"126\">E5T2432<\/td>\n<\/tr>\n<tr>\n<td style=\"text-align: center;\" width=\"210\">AC g\u00fc\u00e7<\/td>\n<td style=\"text-align: center;\" width=\"155\">1P+N+PE<\/td>\n<td style=\"text-align: center;\" width=\"126\">3P+N+PE<\/td>\n<td style=\"text-align: center;\" width=\"127\">1P+N+PE<\/td>\n<td style=\"text-align: center;\" width=\"126\">2P+N+PE<\/td>\n<\/tr>\n<tr>\n<td style=\"text-align: center;\" width=\"210\">G\u00fc\u00e7 kayna\u011f\u0131 voltaj\u0131<\/td>\n<td style=\"text-align: center;\" width=\"155\">AC230\uff5e\u00b110%<\/td>\n<td style=\"text-align: center;\" width=\"126\">AC400\uff5e\u00b110%<\/td>\n<td style=\"text-align: center;\" width=\"127\">AC230\uff5e\u00b110%<\/td>\n<td style=\"text-align: center;\" width=\"126\">AC400\uff5e\u00b110%<\/td>\n<\/tr>\n<tr>\n<td style=\"text-align: center;\" width=\"210\">Anma ak\u0131m\u0131<\/td>\n<td style=\"text-align: center;\" colspan=\"4\" width=\"534\">10-32A&nbsp;<\/td>\n<\/tr>\n<tr>\n<td style=\"text-align: center;\" width=\"210\">Maksimum g\u00fc\u00e7<\/td>\n<td style=\"text-align: center;\" width=\"155\">7,4 kW<\/td>\n<td style=\"text-align: center;\" width=\"126\">22kW<\/td>\n<td style=\"text-align: center;\" width=\"127\">7,4 kW<\/td>\n<td style=\"text-align: center;\" width=\"126\">22kW<\/td>\n<\/tr>\n<tr>\n<td style=\"text-align: center;\" width=\"210\">S\u0131kl\u0131k<\/td>\n<td style=\"text-align: center;\" colspan=\"4\" width=\"534\">50-60Hz<\/td>\n<\/tr>\n<tr>\n<td style=\"text-align: center;\" width=\"210\">Kablo uzunlu\u011fu<\/td>\n<td style=\"text-align: center;\" colspan=\"2\" width=\"281\">5m<\/td>\n<td style=\"text-align: center;\" colspan=\"2\" width=\"253\">Soket<\/td>\n<\/tr>\n<tr>\n<td style=\"text-align: center;\" width=\"210\">Prizler\/fi\u015fler<\/td>\n<td style=\"text-align: center;\" width=\"155\">Tip1\/Tip2<\/td>\n<td style=\"text-align: center;\" colspan=\"3\" width=\"379\">Tip2<\/td>\n<\/tr>\n<tr>\n<td style=\"text-align: center;\" width=\"210\">A\u011f\u0131rl\u0131k<\/td>\n<td style=\"text-align: center;\" width=\"155\">4,4 kg<\/td>\n<td style=\"text-align: center;\" width=\"126\">5,6 kilo<\/td>\n<td style=\"text-align: center;\" width=\"127\">2,65 kg<\/td>\n<td style=\"text-align: center;\" width=\"126\">2,8 kg<\/td>\n<\/tr>\n<tr>\n<td style=\"text-align: center;\" width=\"210\">IP derecesi<\/td>\n<td style=\"text-align: center;\" colspan=\"4\" width=\"534\">IP55<\/td>\n<\/tr>\n<tr>\n<td style=\"text-align: center;\" width=\"210\">\u00c7al\u0131\u015fma s\u0131cakl\u0131\u011f\u0131<\/td>\n<td style=\"text-align: center;\" colspan=\"4\" width=\"534\">-40\u2103-+45\u2103<\/td>\n<\/tr>\n<tr>\n<td style=\"text-align: center;\" width=\"210\">So\u011futma yolu<\/td>\n<td style=\"text-align: center;\" colspan=\"4\" width=\"534\">do\u011fal so\u011futma<\/td>\n<\/tr>\n<tr>\n<td style=\"text-align: center;\" width=\"210\">Kabuk rengi<\/td>\n<td style=\"text-align: center;\" colspan=\"4\" width=\"534\">beyaz\/siyah<\/td>\n<\/tr>\n<tr>\n<td style=\"text-align: center;\" width=\"210\">Kabuk \u00e7evir<\/td>\n<td style=\"text-align: center;\" colspan=\"4\" width=\"534\">iste\u011fe ba\u011fl\u0131<\/td>\n<\/tr>\n<tr>\n<td style=\"text-align: center;\" width=\"210\">\u00d6zel fonksiyon<\/td>\n<td style=\"text-align: center;\" colspan=\"4\" width=\"534\">RCMU\/DLB\/RFID iste\u011fe ba\u011fl\u0131&nbsp;<\/td>\n<\/tr>\n<tr>\n<td style=\"text-align: center;\" width=\"210\">Kurulum modu<\/td>\n<td style=\"text-align: center;\" colspan=\"4\" width=\"534\">duvar(varsay\u0131lan)\/s\u00fctun<\/td>\n<\/tr>\n<\/tbody>\n<\/table>\n\n\n<p><strong>\u00d6zel Fonksiyon<\/strong><\/p>\n\n\n\n<p>RCMU<\/p>\n\n\n\n<p>\u015earj i\u015flemi s\u0131ras\u0131nda DC ka\u00e7a\u011f\u0131 meydana gelirse, \u015farj pili ba\u011flant\u0131s\u0131 kesilir ve manuel i\u015flem yap\u0131lmas\u0131na gerek kalmadan ka\u00e7ak ar\u0131zas\u0131 giderildikten sonra otomatik olarak kurtar\u0131l\u0131r. Kontrol\u00f6r, RCMU&#039;nun normal durumunu do\u011frulamak i\u00e7in her \u015farj i\u015fleminden \u00f6nce RCMU&#039;yu otomatik olarak denetler.<\/p>\n\n\n\n<p>DLB<\/p>\n\n\n\n<p>Dinamik y\u00fck dengeleme (DLB) tipi, \u015farj y\u0131\u011f\u0131n\u0131na harici bir trafo ba\u011flanarak ev elektri\u011finin makul kullan\u0131m\u0131 i\u00e7in tasarlanm\u0131\u015ft\u0131r. Trafo taraf\u0131ndan alg\u0131lanan toplam ak\u0131m hacmi ayarlanan ak\u0131m\u0131 a\u015ft\u0131\u011f\u0131nda, \u015farj y\u0131\u011f\u0131n\u0131 \u015farj ak\u0131m\u0131n\u0131 kademeli olarak azaltacakt\u0131r ta ki \u015farj y\u0131\u011f\u0131n\u0131 \u015farj etmeyi durdurana kadar. Trafo taraf\u0131ndan alg\u0131lanan toplam ak\u0131m, elektrik t\u00fcketiminin zirvesinden sonra ayarlanan ak\u0131mdan az oldu\u011funda, \u015farj y\u0131\u011f\u0131n\u0131 \u015farj i\u00e7in uygun ak\u0131m\u0131 se\u00e7erek otomatik olarak dinamik dengelemeyi ger\u00e7ekle\u015ftirmeye ba\u015flar. \u015earj y\u0131\u011f\u0131n\u0131n\u0131n \u015farj ak\u0131m\u0131 sabit de\u011fildir, ger\u00e7ek gereksinime g\u00f6re 10A ile 32A aras\u0131nda de\u011fi\u015fir ve ayarlanamaz.<\/p>\n\n\n\n<p><strong>Boyutlar<\/strong><\/p>\n\n\n\n<figure class=\"wp-block-image size-large\"><img decoding=\"async\" width=\"1024\" height=\"394\" src=\"https:\/\/www.tosunlux.eu\/wp-content\/uploads\/2022\/06\/\u65b0\u80fd\u6e90\u76ee\u5f55-2-1024x394.jpg\" alt=\"\" class=\"wp-image-3771\" srcset=\"https:\/\/www.tosunlux.eu\/wp-content\/uploads\/2022\/06\/\u65b0\u80fd\u6e90\u76ee\u5f55-2-1024x394.jpg 1024w, https:\/\/www.tosunlux.eu\/wp-content\/uploads\/2022\/06\/\u65b0\u80fd\u6e90\u76ee\u5f55-2-300x116.jpg 300w, https:\/\/www.tosunlux.eu\/wp-content\/uploads\/2022\/06\/\u65b0\u80fd\u6e90\u76ee\u5f55-2-768x296.jpg 768w, https:\/\/www.tosunlux.eu\/wp-content\/uploads\/2022\/06\/\u65b0\u80fd\u6e90\u76ee\u5f55-2-1536x592.jpg 1536w, https:\/\/www.tosunlux.eu\/wp-content\/uploads\/2022\/06\/\u65b0\u80fd\u6e90\u76ee\u5f55-2.jpg 1781w\" sizes=\"(max-width: 1024px) 100vw, 1024px\" \/><\/figure>","protected":false},"parent":0,"template":"","product_category":[157],"class_list":["post-3768","product","type-product","status-publish","hentry","product_category-electrical-car-charge"],"yoast_head":"<!-- This site is optimized with the Yoast SEO plugin v27.6 - https:\/\/yoast.com\/product\/yoast-seo-wordpress\/ -->\n<title>WholesaleElectrical Car Charger - TOSUNlux Official Site - Electrical Circuit Breaker Manufacturer in China Low Voltage Electrical Supplier | TOSUNlux<\/title>\n<meta name=\"description\" content=\"Electrical Car Charger Supplier - Wholesale direct from TOSUNlux, a trusted manufacturer since 1994. Get your B2B factory quote on our certified Low Voltage electrical products.\" \/>\n<meta name=\"robots\" content=\"index, follow, max-snippet:-1, max-image-preview:large, max-video-preview:-1\" \/>\n<link rel=\"canonical\" href=\"https:\/\/www.tosunlux.eu\/tr\/products\/electrical-car-charger\/\" \/>\n<meta property=\"og:locale\" content=\"tr_TR\" \/>\n<meta property=\"og:type\" content=\"article\" \/>\n<meta property=\"og:title\" content=\"WholesaleElectrical Car Charger - TOSUNlux Official Site - Electrical Circuit Breaker Manufacturer in China Low Voltage Electrical Supplier | TOSUNlux\" \/>\n<meta property=\"og:description\" content=\"Electrical Car Charger Supplier - Wholesale direct from TOSUNlux, a trusted manufacturer since 1994. Get your B2B factory quote on our certified Low Voltage electrical products.\" \/>\n<meta property=\"og:url\" content=\"https:\/\/www.tosunlux.eu\/tr\/products\/electrical-car-charger\/\" \/>\n<meta property=\"og:site_name\" content=\"TOSUNlux Official Site - Electrical Circuit Breaker Manufacturer in China\" \/>\n<meta property=\"article:publisher\" content=\"https:\/\/www.facebook.com\/TOSUNelectric\/\" \/>\n<meta property=\"article:modified_time\" content=\"2023-03-16T05:15:03+00:00\" \/>\n<meta property=\"og:image\" content=\"https:\/\/www.tosunlux.eu\/wp-content\/uploads\/2023\/04\/DSC08160_\u526f\u672c.jpg\" \/>\n\t<meta property=\"og:image:width\" content=\"1500\" \/>\n\t<meta property=\"og:image:height\" content=\"940\" \/>\n\t<meta property=\"og:image:type\" content=\"image\/jpeg\" \/>\n<meta name=\"twitter:card\" content=\"summary_large_image\" \/>\n<meta name=\"twitter:label1\" content=\"Tahmini okuma s\u00fcresi\" \/>\n\t<meta name=\"twitter:data1\" content=\"2 dakika\" \/>\n<script type=\"application\/ld+json\" class=\"yoast-schema-graph\">{\"@context\":\"https:\\\/\\\/schema.org\",\"@graph\":[{\"@type\":\"WebPage\",\"@id\":\"https:\\\/\\\/www.tosunlux.eu\\\/id\\\/products\\\/electrical-car-charger\\\/\",\"url\":\"https:\\\/\\\/www.tosunlux.eu\\\/id\\\/products\\\/electrical-car-charger\\\/\",\"name\":\"WholesaleElectrical Car Charger - TOSUNlux Official Site - Electrical Circuit Breaker Manufacturer in China Low Voltage Electrical Supplier | TOSUNlux\",\"isPartOf\":{\"@id\":\"https:\\\/\\\/www.tosunlux.eu\\\/ru\\\/#website\"},\"datePublished\":\"2022-06-13T05:08:30+00:00\",\"dateModified\":\"2023-03-16T05:15:03+00:00\",\"description\":\"Electrical Car Charger Supplier - Wholesale direct from TOSUNlux, a trusted manufacturer since 1994. Get your B2B factory quote on our certified Low Voltage electrical products.\",\"breadcrumb\":{\"@id\":\"https:\\\/\\\/www.tosunlux.eu\\\/id\\\/products\\\/electrical-car-charger\\\/#breadcrumb\"},\"inLanguage\":\"tr\",\"potentialAction\":[{\"@type\":\"ReadAction\",\"target\":[\"https:\\\/\\\/www.tosunlux.eu\\\/id\\\/products\\\/electrical-car-charger\\\/\"]}]},{\"@type\":\"BreadcrumbList\",\"@id\":\"https:\\\/\\\/www.tosunlux.eu\\\/id\\\/products\\\/electrical-car-charger\\\/#breadcrumb\",\"itemListElement\":[{\"@type\":\"ListItem\",\"position\":1,\"name\":\"Home\",\"item\":\"https:\\\/\\\/www.tosunlux.eu\\\/ru\\\/\"},{\"@type\":\"ListItem\",\"position\":2,\"name\":\"Products\",\"item\":\"https:\\\/\\\/www.tosunlux.eu\\\/products\\\/\"},{\"@type\":\"ListItem\",\"position\":3,\"name\":\"Electrical Car Charger\"}]},{\"@type\":\"WebSite\",\"@id\":\"https:\\\/\\\/www.tosunlux.eu\\\/ru\\\/#website\",\"url\":\"https:\\\/\\\/www.tosunlux.eu\\\/ru\\\/\",\"name\":\"TOSUNlux Official Site - Electrical Circuit Breaker Manufacturer in China\",\"description\":\"Power Distribution System Supplier\",\"publisher\":{\"@id\":\"https:\\\/\\\/www.tosunlux.eu\\\/ru\\\/#organization\"},\"alternateName\":\"TOSUNlux\",\"potentialAction\":[{\"@type\":\"SearchAction\",\"target\":{\"@type\":\"EntryPoint\",\"urlTemplate\":\"https:\\\/\\\/www.tosunlux.eu\\\/ru\\\/?s={search_term_string}\"},\"query-input\":{\"@type\":\"PropertyValueSpecification\",\"valueRequired\":true,\"valueName\":\"search_term_string\"}}],\"inLanguage\":\"tr\"},{\"@type\":\"Organization\",\"@id\":\"https:\\\/\\\/www.tosunlux.eu\\\/ru\\\/#organization\",\"name\":\"TOSUNlux\",\"url\":\"https:\\\/\\\/www.tosunlux.eu\\\/ru\\\/\",\"logo\":{\"@type\":\"ImageObject\",\"inLanguage\":\"tr\",\"@id\":\"https:\\\/\\\/www.tosunlux.eu\\\/ru\\\/#\\\/schema\\\/logo\\\/image\\\/\",\"url\":\"https:\\\/\\\/www.tosunlux.eu\\\/wp-content\\\/uploads\\\/2022\\\/01\\\/LOGOSYSM.71762f1.png\",\"contentUrl\":\"https:\\\/\\\/www.tosunlux.eu\\\/wp-content\\\/uploads\\\/2022\\\/01\\\/LOGOSYSM.71762f1.png\",\"width\":153,\"height\":55,\"caption\":\"TOSUNlux\"},\"image\":{\"@id\":\"https:\\\/\\\/www.tosunlux.eu\\\/ru\\\/#\\\/schema\\\/logo\\\/image\\\/\"},\"sameAs\":[\"https:\\\/\\\/www.facebook.com\\\/TOSUNelectric\\\/\",\"https:\\\/\\\/www.linkedin.com\\\/company\\\/wenzhou-tosun-electric-co.-ltd\\\/\"]}]}<\/script>\n<!-- \/ Yoast SEO plugin. -->","yoast_head_json":{"title":"Toptan Elektrikli Ara\u00e7 \u015earj Cihaz\u0131 - TOSUNlux Resmi Sitesi - \u00c7in&#039;de D\u00fc\u015f\u00fck Voltajl\u0131 Elektrik Tedarik\u00e7isi | TOSUNlux","description":"Elektrikli Ara\u00e7 \u015earj Cihaz\u0131 Tedarik\u00e7isi - 1994&#039;ten beri g\u00fcvenilir bir \u00fcretici olan TOSUNlux&#039;tan do\u011frudan toptan sat\u0131\u015f. Sertifikal\u0131 D\u00fc\u015f\u00fck Voltajl\u0131 elektrik \u00fcr\u00fcnlerimiz i\u00e7in B2B fabrika fiyat teklifinizi al\u0131n.","robots":{"index":"index","follow":"follow","max-snippet":"max-snippet:-1","max-image-preview":"max-image-preview:large","max-video-preview":"max-video-preview:-1"},"canonical":"https:\/\/www.tosunlux.eu\/tr\/products\/electrical-car-charger\/","og_locale":"tr_TR","og_type":"article","og_title":"WholesaleElectrical Car Charger - TOSUNlux Official Site - Electrical Circuit Breaker Manufacturer in China Low Voltage Electrical Supplier | TOSUNlux","og_description":"Electrical Car Charger Supplier - Wholesale direct from TOSUNlux, a trusted manufacturer since 1994. Get your B2B factory quote on our certified Low Voltage electrical products.","og_url":"https:\/\/www.tosunlux.eu\/tr\/products\/electrical-car-charger\/","og_site_name":"TOSUNlux Official Site - Electrical Circuit Breaker Manufacturer in China","article_publisher":"https:\/\/www.facebook.com\/TOSUNelectric\/","article_modified_time":"2023-03-16T05:15:03+00:00","og_image":[{"width":1500,"height":940,"url":"https:\/\/www.tosunlux.eu\/wp-content\/uploads\/2023\/04\/DSC08160_\u526f\u672c.jpg","type":"image\/jpeg"}],"twitter_card":"summary_large_image","twitter_misc":{"Tahmini okuma s\u00fcresi":"2 dakika"},"schema":{"@context":"https:\/\/schema.org","@graph":[{"@type":"WebPage","@id":"https:\/\/www.tosunlux.eu\/id\/products\/electrical-car-charger\/","url":"https:\/\/www.tosunlux.eu\/id\/products\/electrical-car-charger\/","name":"Toptan Elektrikli Ara\u00e7 \u015earj Cihaz\u0131 - TOSUNlux Resmi Sitesi - \u00c7in&#039;de D\u00fc\u015f\u00fck Voltajl\u0131 Elektrik Tedarik\u00e7isi | TOSUNlux","isPartOf":{"@id":"https:\/\/www.tosunlux.eu\/ru\/#website"},"datePublished":"2022-06-13T05:08:30+00:00","dateModified":"2023-03-16T05:15:03+00:00","description":"Elektrikli Ara\u00e7 \u015earj Cihaz\u0131 Tedarik\u00e7isi - 1994&#039;ten beri g\u00fcvenilir bir \u00fcretici olan TOSUNlux&#039;tan do\u011frudan toptan sat\u0131\u015f. Sertifikal\u0131 D\u00fc\u015f\u00fck Voltajl\u0131 elektrik \u00fcr\u00fcnlerimiz i\u00e7in B2B fabrika fiyat teklifinizi al\u0131n.","breadcrumb":{"@id":"https:\/\/www.tosunlux.eu\/id\/products\/electrical-car-charger\/#breadcrumb"},"inLanguage":"tr","potentialAction":[{"@type":"ReadAction","target":["https:\/\/www.tosunlux.eu\/id\/products\/electrical-car-charger\/"]}]},{"@type":"BreadcrumbList","@id":"https:\/\/www.tosunlux.eu\/id\/products\/electrical-car-charger\/#breadcrumb","itemListElement":[{"@type":"ListItem","position":1,"name":"Home","item":"https:\/\/www.tosunlux.eu\/ru\/"},{"@type":"ListItem","position":2,"name":"Products","item":"https:\/\/www.tosunlux.eu\/products\/"},{"@type":"ListItem","position":3,"name":"Electrical Car Charger"}]},{"@type":"WebSite","@id":"https:\/\/www.tosunlux.eu\/ru\/#website","url":"https:\/\/www.tosunlux.eu\/ru\/","name":"TOSUNlux Resmi Sitesi - \u00c7in&#039;de Elektrik Sigortas\u0131 \u00dcreticisi","description":"G\u00fc\u00e7 Da\u011f\u0131t\u0131m Sistemi Tedarik\u00e7isi","publisher":{"@id":"https:\/\/www.tosunlux.eu\/ru\/#organization"},"alternateName":"TOSUNlux","potentialAction":[{"@type":"SearchAction","target":{"@type":"EntryPoint","urlTemplate":"https:\/\/www.tosunlux.eu\/ru\/?s={search_term_string}"},"query-input":{"@type":"PropertyValueSpecification","valueRequired":true,"valueName":"search_term_string"}}],"inLanguage":"tr"},{"@type":"Organization","@id":"https:\/\/www.tosunlux.eu\/ru\/#organization","name":"TOSUNlux","url":"https:\/\/www.tosunlux.eu\/ru\/","logo":{"@type":"ImageObject","inLanguage":"tr","@id":"https:\/\/www.tosunlux.eu\/ru\/#\/schema\/logo\/image\/","url":"https:\/\/www.tosunlux.eu\/wp-content\/uploads\/2022\/01\/LOGOSYSM.71762f1.png","contentUrl":"https:\/\/www.tosunlux.eu\/wp-content\/uploads\/2022\/01\/LOGOSYSM.71762f1.png","width":153,"height":55,"caption":"TOSUNlux"},"image":{"@id":"https:\/\/www.tosunlux.eu\/ru\/#\/schema\/logo\/image\/"},"sameAs":["https:\/\/www.facebook.com\/TOSUNelectric\/","https:\/\/www.linkedin.com\/company\/wenzhou-tosun-electric-co.-ltd\/"]}]}},"_links":{"self":[{"href":"https:\/\/www.tosunlux.eu\/tr\/wp-json\/wp\/v2\/product\/3768","targetHints":{"allow":["GET"]}}],"collection":[{"href":"https:\/\/www.tosunlux.eu\/tr\/wp-json\/wp\/v2\/product"}],"about":[{"href":"https:\/\/www.tosunlux.eu\/tr\/wp-json\/wp\/v2\/types\/product"}],"version-history":[{"count":0,"href":"https:\/\/www.tosunlux.eu\/tr\/wp-json\/wp\/v2\/product\/3768\/revisions"}],"wp:attachment":[{"href":"https:\/\/www.tosunlux.eu\/tr\/wp-json\/wp\/v2\/media?parent=3768"}],"wp:term":[{"taxonomy":"product_category","embeddable":true,"href":"https:\/\/www.tosunlux.eu\/tr\/wp-json\/wp\/v2\/product_category?post=3768"}],"curies":[{"name":"wp","href":"https:\/\/api.w.org\/{rel}","templated":true}]}}