{"id":3997,"date":"2022-06-16T13:25:20","date_gmt":"2022-06-16T05:25:20","guid":{"rendered":"https:\/\/www.tosunlux.eu\/?post_type=product&#038;p=3997"},"modified":"2024-12-17T14:09:33","modified_gmt":"2024-12-17T06:09:33","slug":"patch-cords","status":"publish","type":"product","link":"https:\/\/www.tosunlux.eu\/tr\/products\/patch-cords\/","title":{"rendered":"Yama Kablolar\u0131"},"content":{"rendered":"<figure class=\"wp-block-gallery columns-2 is-cropped wp-block-gallery-1 is-layout-flex wp-block-gallery-is-layout-flex\"><ul class=\"blocks-gallery-grid\"><li class=\"blocks-gallery-item\"><figure><img fetchpriority=\"high\" decoding=\"async\" width=\"1024\" height=\"1024\" src=\"https:\/\/www.tosunlux.eu\/wp-content\/uploads\/2022\/06\/Patch-cords-1024x1024.jpg\" alt=\"\" data-id=\"3998\" data-full-url=\"https:\/\/www.tosunlux.eu\/wp-content\/uploads\/2022\/06\/Patch-cords.jpg\" data-link=\"https:\/\/www.tosunlux.eu\/?attachment_id=3998\" class=\"wp-image-3998\" srcset=\"https:\/\/www.tosunlux.eu\/wp-content\/uploads\/2022\/06\/Patch-cords-1024x1024.jpg 1024w, https:\/\/www.tosunlux.eu\/wp-content\/uploads\/2022\/06\/Patch-cords-300x300.jpg 300w, https:\/\/www.tosunlux.eu\/wp-content\/uploads\/2022\/06\/Patch-cords-150x150.jpg 150w, https:\/\/www.tosunlux.eu\/wp-content\/uploads\/2022\/06\/Patch-cords-768x768.jpg 768w, https:\/\/www.tosunlux.eu\/wp-content\/uploads\/2022\/06\/Patch-cords-1536x1536.jpg 1536w, https:\/\/www.tosunlux.eu\/wp-content\/uploads\/2022\/06\/Patch-cords.jpg 1600w\" sizes=\"(max-width: 1024px) 100vw, 1024px\" \/><\/figure><\/li><li class=\"blocks-gallery-item\"><figure><img decoding=\"async\" width=\"1024\" height=\"1024\" src=\"https:\/\/www.tosunlux.eu\/wp-content\/uploads\/2022\/06\/Patch-cords2-1024x1024.jpg\" alt=\"\" data-id=\"3999\" data-full-url=\"https:\/\/www.tosunlux.eu\/wp-content\/uploads\/2022\/06\/Patch-cords2.jpg\" data-link=\"https:\/\/www.tosunlux.eu\/?attachment_id=3999\" class=\"wp-image-3999\" srcset=\"https:\/\/www.tosunlux.eu\/wp-content\/uploads\/2022\/06\/Patch-cords2-1024x1024.jpg 1024w, https:\/\/www.tosunlux.eu\/wp-content\/uploads\/2022\/06\/Patch-cords2-300x300.jpg 300w, https:\/\/www.tosunlux.eu\/wp-content\/uploads\/2022\/06\/Patch-cords2-150x150.jpg 150w, https:\/\/www.tosunlux.eu\/wp-content\/uploads\/2022\/06\/Patch-cords2-768x768.jpg 768w, https:\/\/www.tosunlux.eu\/wp-content\/uploads\/2022\/06\/Patch-cords2-1536x1536.jpg 1536w, https:\/\/www.tosunlux.eu\/wp-content\/uploads\/2022\/06\/Patch-cords2.jpg 1600w\" sizes=\"(max-width: 1024px) 100vw, 1024px\" \/><\/figure><\/li><\/ul><\/figure>\n\n\n\n<figure class=\"wp-block-gallery columns-2 is-cropped wp-block-gallery-2 is-layout-flex wp-block-gallery-is-layout-flex\"><ul class=\"blocks-gallery-grid\"><li class=\"blocks-gallery-item\"><figure><img decoding=\"async\" width=\"1024\" height=\"1024\" src=\"https:\/\/www.tosunlux.eu\/wp-content\/uploads\/2022\/06\/Patch-cords3-1024x1024.jpg\" alt=\"\" data-id=\"4000\" data-full-url=\"https:\/\/www.tosunlux.eu\/wp-content\/uploads\/2022\/06\/Patch-cords3.jpg\" data-link=\"https:\/\/www.tosunlux.eu\/?attachment_id=4000\" class=\"wp-image-4000\" srcset=\"https:\/\/www.tosunlux.eu\/wp-content\/uploads\/2022\/06\/Patch-cords3-1024x1024.jpg 1024w, https:\/\/www.tosunlux.eu\/wp-content\/uploads\/2022\/06\/Patch-cords3-300x300.jpg 300w, https:\/\/www.tosunlux.eu\/wp-content\/uploads\/2022\/06\/Patch-cords3-150x150.jpg 150w, https:\/\/www.tosunlux.eu\/wp-content\/uploads\/2022\/06\/Patch-cords3-768x768.jpg 768w, https:\/\/www.tosunlux.eu\/wp-content\/uploads\/2022\/06\/Patch-cords3-1536x1536.jpg 1536w, https:\/\/www.tosunlux.eu\/wp-content\/uploads\/2022\/06\/Patch-cords3.jpg 1600w\" sizes=\"(max-width: 1024px) 100vw, 1024px\" \/><\/figure><\/li><li class=\"blocks-gallery-item\"><figure><img loading=\"lazy\" decoding=\"async\" width=\"1024\" height=\"1024\" src=\"https:\/\/www.tosunlux.eu\/wp-content\/uploads\/2022\/06\/Patch-cords4-1024x1024.jpg\" alt=\"\" data-id=\"4001\" data-full-url=\"https:\/\/www.tosunlux.eu\/wp-content\/uploads\/2022\/06\/Patch-cords4.jpg\" data-link=\"https:\/\/www.tosunlux.eu\/?attachment_id=4001\" class=\"wp-image-4001\" srcset=\"https:\/\/www.tosunlux.eu\/wp-content\/uploads\/2022\/06\/Patch-cords4-1024x1024.jpg 1024w, https:\/\/www.tosunlux.eu\/wp-content\/uploads\/2022\/06\/Patch-cords4-300x300.jpg 300w, https:\/\/www.tosunlux.eu\/wp-content\/uploads\/2022\/06\/Patch-cords4-150x150.jpg 150w, https:\/\/www.tosunlux.eu\/wp-content\/uploads\/2022\/06\/Patch-cords4-768x768.jpg 768w, https:\/\/www.tosunlux.eu\/wp-content\/uploads\/2022\/06\/Patch-cords4-1536x1536.jpg 1536w, https:\/\/www.tosunlux.eu\/wp-content\/uploads\/2022\/06\/Patch-cords4.jpg 1600w\" sizes=\"(max-width: 1024px) 100vw, 1024px\" \/><\/figure><\/li><\/ul><\/figure>\n\n\n\n\n<table style=\"height: 228px;\" width=\"922\">\n<tbody>\n<tr>\n<td style=\"text-align: center;\" width=\"225\">Tip\u00a0<\/td>\n<td style=\"text-align: center;\" colspan=\"2\" width=\"153\">\u015eef\u00a0<\/td>\n<td style=\"text-align: center;\" width=\"247\">\u00a0Renk\u00a0<\/td>\n<td style=\"text-align: center;\" width=\"210\">Uzunluk (M)\u00a0<\/td>\n<td style=\"text-align: center;\" width=\"229\">Not<\/td>\n<\/tr>\n<tr>\n<td style=\"text-align: center;\" rowspan=\"4\" width=\"225\">UTP CAT5e Yama Kablosu<\/td>\n<td style=\"text-align: center;\" rowspan=\"2\" width=\"85\">7\/0.16<\/td>\n<td style=\"text-align: center;\" width=\"68\">\u00c7KA<\/td>\n<td style=\"text-align: center;\" rowspan=\"4\" width=\"247\">Beyaz, Siyah, Ye\u015fil, Mavi, K\u0131rm\u0131z\u0131, Sar\u0131, Gri, Turuncu<\/td>\n<td style=\"text-align: center;\" rowspan=\"4\" width=\"210\">0,3m, 0,5m, 1m, 2m, 3m, 4m, 5m, 6m, 7m, 8m, 9m, 10m. \u2026<\/td>\n<td style=\"text-align: center;\" rowspan=\"8\" width=\"229\"><img loading=\"lazy\" decoding=\"async\" class=\"alignnone size-full wp-image-4005\" src=\"https:\/\/www.tosunlux.eu\/wp-content\/uploads\/2022\/06\/1655357000319.png\" alt=\"\" width=\"165\" height=\"126\" \/><\/td>\n<\/tr>\n<tr>\n<td style=\"text-align: center;\" width=\"68\">M.\u00d6.<\/td>\n<\/tr>\n<tr>\n<td style=\"text-align: center;\" rowspan=\"2\" width=\"85\">7\/0.20<\/td>\n<td style=\"text-align: center;\" width=\"68\">\u00c7KA<\/td>\n<\/tr>\n<tr>\n<td style=\"text-align: center;\" width=\"68\">M.\u00d6.<\/td>\n<\/tr>\n<tr>\n<td style=\"text-align: center;\" rowspan=\"4\" width=\"225\">UTP CAT6 Yama Kablosu<\/td>\n<td style=\"text-align: center;\" rowspan=\"2\" width=\"85\">7\/0.16<\/td>\n<td style=\"text-align: center;\" width=\"68\">\u00c7KA<\/td>\n<td style=\"text-align: center;\" rowspan=\"4\" width=\"247\">Beyaz, Siyah, Ye\u015fil, Mavi, K\u0131rm\u0131z\u0131, Sar\u0131, Gri, Turuncu<\/td>\n<td style=\"text-align: center;\" rowspan=\"4\" width=\"210\">0,3m, 0,5m, 1m, 2m, 3m, 4m, 5m, 6m, 7m, 8m, 9m, 10m.. .<\/td>\n<\/tr>\n<tr>\n<td style=\"text-align: center;\" width=\"68\">M.\u00d6.<\/td>\n<\/tr>\n<tr>\n<td style=\"text-align: center;\" rowspan=\"2\" width=\"85\">7\/0.20<\/td>\n<td style=\"text-align: center;\" width=\"68\">\u00c7KA<\/td>\n<\/tr>\n<tr>\n<td style=\"text-align: center;\" width=\"68\">M.\u00d6.<\/td>\n<\/tr>\n<\/tbody>\n<\/table>\n\n\n<p><\/p>","protected":false},"parent":0,"template":"","product_category":[36,111],"class_list":["post-3997","product","type-product","status-publish","hentry","product_category-electrical-accessories","product_category-lan-cable"],"yoast_head":"<!-- This site is optimized with the Yoast SEO plugin v27.5 - https:\/\/yoast.com\/product\/yoast-seo-wordpress\/ -->\n<title>WholesalePatch Cords - TOSUNlux Official Site - Electrical Circuit Breaker Manufacturer in China Low Voltage Electrical Supplier | TOSUNlux<\/title>\n<meta name=\"description\" content=\"Patch Cords Supplier - Wholesale direct from TOSUNlux, a trusted manufacturer since 1994. Get your B2B factory quote on our certified Low Voltage electrical products.\" \/>\n<meta name=\"robots\" content=\"index, follow, max-snippet:-1, max-image-preview:large, max-video-preview:-1\" \/>\n<link rel=\"canonical\" href=\"https:\/\/www.tosunlux.eu\/tr\/products\/patch-cords\/\" \/>\n<meta property=\"og:locale\" content=\"tr_TR\" \/>\n<meta property=\"og:type\" content=\"article\" \/>\n<meta property=\"og:title\" content=\"WholesalePatch Cords - TOSUNlux Official Site - Electrical Circuit Breaker Manufacturer in China Low Voltage Electrical Supplier | TOSUNlux\" \/>\n<meta property=\"og:description\" content=\"Patch Cords Supplier - Wholesale direct from TOSUNlux, a trusted manufacturer since 1994. Get your B2B factory quote on our certified Low Voltage electrical products.\" \/>\n<meta property=\"og:url\" content=\"https:\/\/www.tosunlux.eu\/tr\/products\/patch-cords\/\" \/>\n<meta property=\"og:site_name\" content=\"TOSUNlux Official Site - Electrical Circuit Breaker Manufacturer in China\" \/>\n<meta property=\"article:publisher\" content=\"https:\/\/www.facebook.com\/TOSUNelectric\/\" \/>\n<meta property=\"article:modified_time\" content=\"2024-12-17T06:09:33+00:00\" \/>\n<meta property=\"og:image\" content=\"https:\/\/www.tosunlux.eu\/wp-content\/uploads\/2022\/06\/Patch-cords-1024x1024.jpg\" \/>\n<meta name=\"twitter:card\" content=\"summary_large_image\" \/>\n<meta name=\"twitter:label1\" content=\"Tahmini okuma s\u00fcresi\" \/>\n\t<meta name=\"twitter:data1\" content=\"2 dakika\" \/>\n<script type=\"application\/ld+json\" class=\"yoast-schema-graph\">{\"@context\":\"https:\\\/\\\/schema.org\",\"@graph\":[{\"@type\":\"WebPage\",\"@id\":\"https:\\\/\\\/www.tosunlux.eu\\\/am\\\/products\\\/patch-cords\\\/\",\"url\":\"https:\\\/\\\/www.tosunlux.eu\\\/am\\\/products\\\/patch-cords\\\/\",\"name\":\"WholesalePatch Cords - TOSUNlux Official Site - Electrical Circuit Breaker Manufacturer in China Low Voltage Electrical Supplier | TOSUNlux\",\"isPartOf\":{\"@id\":\"https:\\\/\\\/www.tosunlux.eu\\\/ru\\\/#website\"},\"primaryImageOfPage\":{\"@id\":\"https:\\\/\\\/www.tosunlux.eu\\\/am\\\/products\\\/patch-cords\\\/#primaryimage\"},\"image\":{\"@id\":\"https:\\\/\\\/www.tosunlux.eu\\\/am\\\/products\\\/patch-cords\\\/#primaryimage\"},\"thumbnailUrl\":\"https:\\\/\\\/www.tosunlux.eu\\\/wp-content\\\/uploads\\\/2022\\\/06\\\/Patch-cords-1024x1024.jpg\",\"datePublished\":\"2022-06-16T05:25:20+00:00\",\"dateModified\":\"2024-12-17T06:09:33+00:00\",\"description\":\"Patch Cords Supplier - Wholesale direct from TOSUNlux, a trusted manufacturer since 1994. Get your B2B factory quote on our certified Low Voltage electrical products.\",\"breadcrumb\":{\"@id\":\"https:\\\/\\\/www.tosunlux.eu\\\/am\\\/products\\\/patch-cords\\\/#breadcrumb\"},\"inLanguage\":\"tr\",\"potentialAction\":[{\"@type\":\"ReadAction\",\"target\":[\"https:\\\/\\\/www.tosunlux.eu\\\/am\\\/products\\\/patch-cords\\\/\"]}]},{\"@type\":\"ImageObject\",\"inLanguage\":\"tr\",\"@id\":\"https:\\\/\\\/www.tosunlux.eu\\\/am\\\/products\\\/patch-cords\\\/#primaryimage\",\"url\":\"https:\\\/\\\/www.tosunlux.eu\\\/wp-content\\\/uploads\\\/2022\\\/06\\\/Patch-cords-1024x1024.jpg\",\"contentUrl\":\"https:\\\/\\\/www.tosunlux.eu\\\/wp-content\\\/uploads\\\/2022\\\/06\\\/Patch-cords-1024x1024.jpg\"},{\"@type\":\"BreadcrumbList\",\"@id\":\"https:\\\/\\\/www.tosunlux.eu\\\/am\\\/products\\\/patch-cords\\\/#breadcrumb\",\"itemListElement\":[{\"@type\":\"ListItem\",\"position\":1,\"name\":\"Home\",\"item\":\"https:\\\/\\\/www.tosunlux.eu\\\/ru\\\/\"},{\"@type\":\"ListItem\",\"position\":2,\"name\":\"Products\",\"item\":\"https:\\\/\\\/www.tosunlux.eu\\\/products\\\/\"},{\"@type\":\"ListItem\",\"position\":3,\"name\":\"Patch Cords\"}]},{\"@type\":\"WebSite\",\"@id\":\"https:\\\/\\\/www.tosunlux.eu\\\/ru\\\/#website\",\"url\":\"https:\\\/\\\/www.tosunlux.eu\\\/ru\\\/\",\"name\":\"TOSUNlux Official Site - Electrical Circuit Breaker Manufacturer in China\",\"description\":\"Power Distribution System Supplier\",\"publisher\":{\"@id\":\"https:\\\/\\\/www.tosunlux.eu\\\/ru\\\/#organization\"},\"alternateName\":\"TOSUNlux\",\"potentialAction\":[{\"@type\":\"SearchAction\",\"target\":{\"@type\":\"EntryPoint\",\"urlTemplate\":\"https:\\\/\\\/www.tosunlux.eu\\\/ru\\\/?s={search_term_string}\"},\"query-input\":{\"@type\":\"PropertyValueSpecification\",\"valueRequired\":true,\"valueName\":\"search_term_string\"}}],\"inLanguage\":\"tr\"},{\"@type\":\"Organization\",\"@id\":\"https:\\\/\\\/www.tosunlux.eu\\\/ru\\\/#organization\",\"name\":\"TOSUNlux\",\"url\":\"https:\\\/\\\/www.tosunlux.eu\\\/ru\\\/\",\"logo\":{\"@type\":\"ImageObject\",\"inLanguage\":\"tr\",\"@id\":\"https:\\\/\\\/www.tosunlux.eu\\\/ru\\\/#\\\/schema\\\/logo\\\/image\\\/\",\"url\":\"https:\\\/\\\/www.tosunlux.eu\\\/wp-content\\\/uploads\\\/2022\\\/01\\\/LOGOSYSM.71762f1.png\",\"contentUrl\":\"https:\\\/\\\/www.tosunlux.eu\\\/wp-content\\\/uploads\\\/2022\\\/01\\\/LOGOSYSM.71762f1.png\",\"width\":153,\"height\":55,\"caption\":\"TOSUNlux\"},\"image\":{\"@id\":\"https:\\\/\\\/www.tosunlux.eu\\\/ru\\\/#\\\/schema\\\/logo\\\/image\\\/\"},\"sameAs\":[\"https:\\\/\\\/www.facebook.com\\\/TOSUNelectric\\\/\",\"https:\\\/\\\/www.linkedin.com\\\/company\\\/wenzhou-tosun-electric-co.-ltd\\\/\"]}]}<\/script>\n<!-- \/ Yoast SEO plugin. -->","yoast_head_json":{"title":"WholesalePatch Cords - TOSUNlux Official Site - Electrical Circuit Breaker Manufacturer in China Low Voltage Electrical Supplier | TOSUNlux","description":"Patch Cords Supplier - Wholesale direct from TOSUNlux, a trusted manufacturer since 1994. Get your B2B factory quote on our certified Low Voltage electrical products.","robots":{"index":"index","follow":"follow","max-snippet":"max-snippet:-1","max-image-preview":"max-image-preview:large","max-video-preview":"max-video-preview:-1"},"canonical":"https:\/\/www.tosunlux.eu\/tr\/products\/patch-cords\/","og_locale":"tr_TR","og_type":"article","og_title":"WholesalePatch Cords - TOSUNlux Official Site - Electrical Circuit Breaker Manufacturer in China Low Voltage Electrical Supplier | TOSUNlux","og_description":"Patch Cords Supplier - Wholesale direct from TOSUNlux, a trusted manufacturer since 1994. Get your B2B factory quote on our certified Low Voltage electrical products.","og_url":"https:\/\/www.tosunlux.eu\/tr\/products\/patch-cords\/","og_site_name":"TOSUNlux Official Site - Electrical Circuit Breaker Manufacturer in China","article_publisher":"https:\/\/www.facebook.com\/TOSUNelectric\/","article_modified_time":"2024-12-17T06:09:33+00:00","og_image":[{"url":"https:\/\/www.tosunlux.eu\/wp-content\/uploads\/2022\/06\/Patch-cords-1024x1024.jpg","type":"","width":"","height":""}],"twitter_card":"summary_large_image","twitter_misc":{"Tahmini okuma s\u00fcresi":"2 dakika"},"schema":{"@context":"https:\/\/schema.org","@graph":[{"@type":"WebPage","@id":"https:\/\/www.tosunlux.eu\/am\/products\/patch-cords\/","url":"https:\/\/www.tosunlux.eu\/am\/products\/patch-cords\/","name":"WholesalePatch Cords - TOSUNlux Official Site - Electrical Circuit Breaker Manufacturer in China Low Voltage Electrical Supplier | TOSUNlux","isPartOf":{"@id":"https:\/\/www.tosunlux.eu\/ru\/#website"},"primaryImageOfPage":{"@id":"https:\/\/www.tosunlux.eu\/am\/products\/patch-cords\/#primaryimage"},"image":{"@id":"https:\/\/www.tosunlux.eu\/am\/products\/patch-cords\/#primaryimage"},"thumbnailUrl":"https:\/\/www.tosunlux.eu\/wp-content\/uploads\/2022\/06\/Patch-cords-1024x1024.jpg","datePublished":"2022-06-16T05:25:20+00:00","dateModified":"2024-12-17T06:09:33+00:00","description":"Patch Cords Supplier - Wholesale direct from TOSUNlux, a trusted manufacturer since 1994. Get your B2B factory quote on our certified Low Voltage electrical products.","breadcrumb":{"@id":"https:\/\/www.tosunlux.eu\/am\/products\/patch-cords\/#breadcrumb"},"inLanguage":"tr","potentialAction":[{"@type":"ReadAction","target":["https:\/\/www.tosunlux.eu\/am\/products\/patch-cords\/"]}]},{"@type":"ImageObject","inLanguage":"tr","@id":"https:\/\/www.tosunlux.eu\/am\/products\/patch-cords\/#primaryimage","url":"https:\/\/www.tosunlux.eu\/wp-content\/uploads\/2022\/06\/Patch-cords-1024x1024.jpg","contentUrl":"https:\/\/www.tosunlux.eu\/wp-content\/uploads\/2022\/06\/Patch-cords-1024x1024.jpg"},{"@type":"BreadcrumbList","@id":"https:\/\/www.tosunlux.eu\/am\/products\/patch-cords\/#breadcrumb","itemListElement":[{"@type":"ListItem","position":1,"name":"Home","item":"https:\/\/www.tosunlux.eu\/ru\/"},{"@type":"ListItem","position":2,"name":"Products","item":"https:\/\/www.tosunlux.eu\/products\/"},{"@type":"ListItem","position":3,"name":"Patch Cords"}]},{"@type":"WebSite","@id":"https:\/\/www.tosunlux.eu\/ru\/#website","url":"https:\/\/www.tosunlux.eu\/ru\/","name":"TOSUNlux Resmi Sitesi - \u00c7in&#039;de Elektrik Sigortas\u0131 \u00dcreticisi","description":"G\u00fc\u00e7 Da\u011f\u0131t\u0131m Sistemi Tedarik\u00e7isi","publisher":{"@id":"https:\/\/www.tosunlux.eu\/ru\/#organization"},"alternateName":"TOSUNlux","potentialAction":[{"@type":"SearchAction","target":{"@type":"EntryPoint","urlTemplate":"https:\/\/www.tosunlux.eu\/ru\/?s={search_term_string}"},"query-input":{"@type":"PropertyValueSpecification","valueRequired":true,"valueName":"search_term_string"}}],"inLanguage":"tr"},{"@type":"Organization","@id":"https:\/\/www.tosunlux.eu\/ru\/#organization","name":"TOSUNlux","url":"https:\/\/www.tosunlux.eu\/ru\/","logo":{"@type":"ImageObject","inLanguage":"tr","@id":"https:\/\/www.tosunlux.eu\/ru\/#\/schema\/logo\/image\/","url":"https:\/\/www.tosunlux.eu\/wp-content\/uploads\/2022\/01\/LOGOSYSM.71762f1.png","contentUrl":"https:\/\/www.tosunlux.eu\/wp-content\/uploads\/2022\/01\/LOGOSYSM.71762f1.png","width":153,"height":55,"caption":"TOSUNlux"},"image":{"@id":"https:\/\/www.tosunlux.eu\/ru\/#\/schema\/logo\/image\/"},"sameAs":["https:\/\/www.facebook.com\/TOSUNelectric\/","https:\/\/www.linkedin.com\/company\/wenzhou-tosun-electric-co.-ltd\/"]}]}},"_links":{"self":[{"href":"https:\/\/www.tosunlux.eu\/tr\/wp-json\/wp\/v2\/product\/3997","targetHints":{"allow":["GET"]}}],"collection":[{"href":"https:\/\/www.tosunlux.eu\/tr\/wp-json\/wp\/v2\/product"}],"about":[{"href":"https:\/\/www.tosunlux.eu\/tr\/wp-json\/wp\/v2\/types\/product"}],"version-history":[{"count":2,"href":"https:\/\/www.tosunlux.eu\/tr\/wp-json\/wp\/v2\/product\/3997\/revisions"}],"predecessor-version":[{"id":12010,"href":"https:\/\/www.tosunlux.eu\/tr\/wp-json\/wp\/v2\/product\/3997\/revisions\/12010"}],"wp:attachment":[{"href":"https:\/\/www.tosunlux.eu\/tr\/wp-json\/wp\/v2\/media?parent=3997"}],"wp:term":[{"taxonomy":"product_category","embeddable":true,"href":"https:\/\/www.tosunlux.eu\/tr\/wp-json\/wp\/v2\/product_category?post=3997"}],"curies":[{"name":"wp","href":"https:\/\/api.w.org\/{rel}","templated":true}]}}