{"id":4299,"date":"2022-07-08T13:54:04","date_gmt":"2022-07-08T05:54:04","guid":{"rendered":"https:\/\/www.tosunlux.eu\/?post_type=product&#038;p=4299"},"modified":"2022-07-08T13:54:05","modified_gmt":"2022-07-08T05:54:05","slug":"twin-cord-insulated-terminal","status":"publish","type":"product","link":"https:\/\/www.tosunlux.eu\/tr\/products\/twin-cord-insulated-terminal\/","title":{"rendered":"\u00c7ift Kablolu Yal\u0131t\u0131ml\u0131 Terminal"},"content":{"rendered":"<p><strong>\u015eartname<\/strong><\/p>\n<table style=\"border-collapse: collapse; width: 747.02pt;\" border=\"0\" width=\"996\" cellspacing=\"0\" cellpadding=\"0\">\n<tbody>\n<tr style=\"height: 13.50pt;\">\n<td class=\"et2\" style=\"height: 27pt; width: 96pt; text-align: center;\" rowspan=\"2\" width=\"128\" height=\"36\">\u00d6rnek<\/td>\n<td class=\"et3\" style=\"width: 81.75pt; text-align: center;\" rowspan=\"2\" width=\"109\">AWG<\/td>\n<td class=\"et4\" style=\"width: 81.75pt; text-align: center;\" rowspan=\"2\" width=\"109\">(mm\u00b2)<\/td>\n<td class=\"et3\" style=\"width: 396pt; text-align: center;\" colspan=\"6\" width=\"528\">Boyutlar<\/td>\n<td class=\"et4\" style=\"width: 91.5pt; text-align: center;\" rowspan=\"2\" width=\"122\">Renk<\/td>\n<\/tr>\n<tr style=\"height: 13.50pt;\">\n<td class=\"et2\" style=\"width: 81.75pt; text-align: center;\" width=\"109\">F<\/td>\n<td class=\"et2\" style=\"width: 75pt; text-align: center;\" width=\"100\">L<\/td>\n<td class=\"et2\" style=\"width: 67.5pt; text-align: center;\" width=\"90\">B<\/td>\n<td class=\"et6\" style=\"text-align: center;\">B<\/td>\n<td class=\"et2\" style=\"width: 54.75pt; text-align: center;\" width=\"73\">D<\/td>\n<td class=\"et6\" style=\"text-align: center;\">C<\/td>\n<\/tr>\n<tr style=\"height: 13.50pt;\">\n<td class=\"et6\" style=\"height: 13.5pt; text-align: center;\" height=\"18\">TE0508<\/td>\n<td class=\"et6\" style=\"text-align: center;\">2X22<\/td>\n<td class=\"et6\" style=\"text-align: center;\">2X0,5<\/td>\n<td class=\"et6\" style=\"text-align: center;\" align=\"right\">8<\/td>\n<td class=\"et6\" style=\"text-align: center;\" align=\"right\">14.5<\/td>\n<td class=\"et6\" style=\"text-align: center;\" align=\"right\">5<\/td>\n<td class=\"et6\" style=\"text-align: center;\" align=\"right\">6.5<\/td>\n<td class=\"et6\" style=\"text-align: center;\" align=\"right\">1.8<\/td>\n<td class=\"et6\" style=\"text-align: center;\" align=\"right\">1.5<\/td>\n<td class=\"et6\" style=\"text-align: center;\">Beyaz,Turuncu<\/td>\n<\/tr>\n<tr style=\"height: 13.50pt;\">\n<td class=\"et6\" style=\"height: 13.5pt; text-align: center;\" height=\"18\">TE7508<\/td>\n<td class=\"et4\" style=\"text-align: center;\" rowspan=\"2\">2X20<\/td>\n<td class=\"et4\" style=\"text-align: center;\" rowspan=\"2\">2X0,75<\/td>\n<td class=\"et6\" style=\"text-align: center;\" align=\"right\">8<\/td>\n<td class=\"et6\" style=\"text-align: center;\" align=\"right\">14.5<\/td>\n<td class=\"et4\" style=\"text-align: center;\" rowspan=\"2\">5.5<\/td>\n<td class=\"et4\" style=\"text-align: center;\" rowspan=\"2\">6.7<\/td>\n<td class=\"et4\" style=\"text-align: center;\" rowspan=\"2\">2.1<\/td>\n<td class=\"et4\" style=\"text-align: center;\" rowspan=\"2\">1.8<\/td>\n<td class=\"et4\" style=\"text-align: center;\" rowspan=\"2\">Mavi, Beyaz<\/td>\n<\/tr>\n<tr style=\"height: 13.50pt;\">\n<td class=\"et6\" style=\"height: 13.5pt; text-align: center;\" height=\"18\">TE7510<\/td>\n<td class=\"et6\" style=\"text-align: center;\" align=\"right\">10<\/td>\n<td class=\"et6\" style=\"text-align: center;\" align=\"right\">16.7<\/td>\n<\/tr>\n<tr style=\"height: 13.50pt;\">\n<td class=\"et6\" style=\"height: 13.5pt; text-align: center;\" height=\"18\">TE1008<\/td>\n<td class=\"et4\" style=\"text-align: center;\" rowspan=\"2\">2X18<\/td>\n<td class=\"et4\" style=\"text-align: center;\" rowspan=\"2\">2X1.0<\/td>\n<td class=\"et6\" style=\"text-align: center;\" align=\"right\">8<\/td>\n<td class=\"et6\" style=\"text-align: center;\" align=\"right\">15.1<\/td>\n<td class=\"et4\" style=\"text-align: center;\" rowspan=\"2\">5.5<\/td>\n<td class=\"et4\" style=\"text-align: center;\" rowspan=\"2\">7.1<\/td>\n<td class=\"et4\" style=\"text-align: center;\" rowspan=\"2\">2.3<\/td>\n<td class=\"et4\" style=\"text-align: center;\" rowspan=\"2\">2<\/td>\n<td class=\"et4\" style=\"text-align: center;\" rowspan=\"2\">K\u0131rm\u0131z\u0131, Sar\u0131<\/td>\n<\/tr>\n<tr style=\"height: 13.50pt;\">\n<td class=\"et6\" style=\"height: 13.5pt; text-align: center;\" height=\"18\">TE1010<\/td>\n<td class=\"et6\" style=\"text-align: center;\" align=\"right\">10<\/td>\n<td class=\"et6\" style=\"text-align: center;\" align=\"right\">17.1<\/td>\n<\/tr>\n<tr style=\"height: 13.50pt;\">\n<td class=\"et6\" style=\"height: 13.5pt; text-align: center;\" height=\"18\">TE1508<\/td>\n<td class=\"et4\" style=\"text-align: center;\" rowspan=\"2\">2X16<\/td>\n<td class=\"et4\" style=\"text-align: center;\" rowspan=\"2\">2X1,5<\/td>\n<td class=\"et6\" style=\"text-align: center;\" align=\"right\">8<\/td>\n<td class=\"et6\" style=\"text-align: center;\" align=\"right\">15.5<\/td>\n<td class=\"et4\" style=\"text-align: center;\" rowspan=\"2\">6.4<\/td>\n<td class=\"et4\" style=\"text-align: center;\" rowspan=\"2\">7.2<\/td>\n<td class=\"et4\" style=\"text-align: center;\" rowspan=\"2\">2.6<\/td>\n<td class=\"et4\" style=\"text-align: center;\" rowspan=\"2\">2.3<\/td>\n<td class=\"et4\" style=\"text-align: center;\" rowspan=\"2\">Siyah, K\u0131rm\u0131z\u0131<\/td>\n<\/tr>\n<tr style=\"height: 13.50pt;\">\n<td class=\"et6\" style=\"height: 13.5pt; text-align: center;\" height=\"18\">TE1512<\/td>\n<td class=\"et6\" style=\"text-align: center;\" align=\"right\">12<\/td>\n<td class=\"et6\" style=\"text-align: center;\" align=\"right\">19.5<\/td>\n<\/tr>\n<tr style=\"height: 13.50pt;\">\n<td class=\"et6\" style=\"height: 13.5pt; text-align: center;\" height=\"18\">TE2510<\/td>\n<td class=\"et4\" style=\"text-align: center;\" rowspan=\"2\">2X14<\/td>\n<td class=\"et4\" style=\"text-align: center;\" rowspan=\"2\">2X2,5<\/td>\n<td class=\"et6\" style=\"text-align: center;\" align=\"right\">10<\/td>\n<td class=\"et6\" style=\"text-align: center;\" align=\"right\">18.5<\/td>\n<td class=\"et4\" style=\"text-align: center;\" rowspan=\"2\">8<\/td>\n<td class=\"et4\" style=\"text-align: center;\" rowspan=\"2\">8.5<\/td>\n<td class=\"et4\" style=\"text-align: center;\" rowspan=\"2\">3.3<\/td>\n<td class=\"et4\" style=\"text-align: center;\" rowspan=\"2\">2.9<\/td>\n<td class=\"et4\" style=\"text-align: center;\" rowspan=\"2\">Gri, Mavi<\/td>\n<\/tr>\n<tr style=\"height: 13.50pt;\">\n<td class=\"et6\" style=\"height: 13.5pt; text-align: center;\" height=\"18\">TE2513<\/td>\n<td class=\"et6\" style=\"text-align: center;\" align=\"right\">13<\/td>\n<td class=\"et6\" style=\"text-align: center;\" align=\"right\">21.5<\/td>\n<\/tr>\n<tr style=\"height: 13.50pt;\">\n<td class=\"et6\" style=\"height: 13.5pt; text-align: center;\" height=\"18\">TE4012<\/td>\n<td class=\"et6\" style=\"text-align: center;\">2X12<\/td>\n<td class=\"et6\" style=\"text-align: center;\">2X4<\/td>\n<td class=\"et6\" style=\"text-align: center;\" align=\"right\">12<\/td>\n<td class=\"et6\" style=\"text-align: center;\" align=\"right\">23.1<\/td>\n<td class=\"et6\" style=\"text-align: center;\" align=\"right\">8.8<\/td>\n<td class=\"et6\" style=\"text-align: center;\" align=\"right\">11.1<\/td>\n<td class=\"et6\" style=\"text-align: center;\" align=\"right\">4.2<\/td>\n<td class=\"et6\" style=\"text-align: center;\" align=\"right\">3.8<\/td>\n<td class=\"et6\" style=\"text-align: center;\">Turuncu, Gri<\/td>\n<\/tr>\n<tr style=\"height: 13.50pt;\">\n<td class=\"et6\" style=\"height: 13.5pt; text-align: center;\" height=\"18\">TE6014<\/td>\n<td class=\"et6\" style=\"text-align: center;\">2X10<\/td>\n<td class=\"et6\" style=\"text-align: center;\">2X6<\/td>\n<td class=\"et6\" style=\"text-align: center;\" align=\"right\">14<\/td>\n<td class=\"et6\" style=\"text-align: center;\" align=\"right\">26.1<\/td>\n<td class=\"et6\" style=\"text-align: center;\" align=\"right\">9.5<\/td>\n<td class=\"et6\" style=\"text-align: center;\" align=\"right\">12.1<\/td>\n<td class=\"et6\" style=\"text-align: center;\" align=\"right\">5.3<\/td>\n<td class=\"et6\" style=\"text-align: center;\" align=\"right\">4.9<\/td>\n<td class=\"et6\" style=\"text-align: center;\">Siyah,Ye\u015fil<\/td>\n<\/tr>\n<tr style=\"height: 13.50pt;\">\n<td class=\"et6\" style=\"height: 13.5pt; text-align: center;\" height=\"18\">TE10-14<\/td>\n<td class=\"et6\" style=\"text-align: center;\">2X8<\/td>\n<td class=\"et6\" style=\"text-align: center;\">2X10<\/td>\n<td class=\"et6\" style=\"text-align: center;\" align=\"right\">14<\/td>\n<td class=\"et6\" style=\"text-align: center;\" align=\"right\">26.6<\/td>\n<td class=\"et6\" style=\"text-align: center;\" align=\"right\">12.6<\/td>\n<td class=\"et6\" style=\"text-align: center;\" align=\"right\">14<\/td>\n<td class=\"et6\" style=\"text-align: center;\" align=\"right\">6.9<\/td>\n<td class=\"et6\" style=\"text-align: center;\" align=\"right\">6.5<\/td>\n<td class=\"et6\" style=\"text-align: center;\">Kahverengi, Fildi\u015fi<\/td>\n<\/tr>\n<tr style=\"height: 13.50pt;\">\n<td class=\"et6\" style=\"height: 13.5pt; text-align: center;\" height=\"18\">TE16-14<\/td>\n<td class=\"et6\" style=\"text-align: center;\">2X6<\/td>\n<td class=\"et6\" style=\"text-align: center;\">2X16<\/td>\n<td class=\"et6\" style=\"text-align: center;\" align=\"right\">14<\/td>\n<td class=\"et6\" style=\"text-align: center;\" align=\"right\">31.3<\/td>\n<td class=\"et6\" style=\"text-align: center;\" align=\"right\">19<\/td>\n<td class=\"et6\" style=\"text-align: center;\" align=\"right\">17.3<\/td>\n<td class=\"et6\" style=\"text-align: center;\" align=\"right\">8.7<\/td>\n<td class=\"et6\" style=\"text-align: center;\" align=\"right\">8.3<\/td>\n<td class=\"et6\" style=\"text-align: center;\">Fildi\u015fi, Ye\u015fil<\/td>\n<\/tr>\n<\/tbody>\n<\/table>\n\n\n<p><\/p>","protected":false},"parent":0,"template":"","product_category":[108],"class_list":["post-4299","product","type-product","status-publish","hentry","product_category-pre-insulated-terminal"],"yoast_head":"<!-- This site is optimized with the Yoast SEO plugin v27.3 - https:\/\/yoast.com\/product\/yoast-seo-wordpress\/ -->\n<title>WholesaleTwin Cord Insulated Terminal - TOSUNlux Official Site - Electrical Circuit Breaker Manufacturer in China Low Voltage Electrical Supplier | TOSUNlux<\/title>\n<meta name=\"description\" content=\"Twin Cord Insulated Terminal Supplier - Wholesale direct from TOSUNlux, a trusted manufacturer since 1994. Get your B2B factory quote on our certified Low Voltage electrical products.\" \/>\n<meta name=\"robots\" content=\"index, follow, max-snippet:-1, max-image-preview:large, max-video-preview:-1\" \/>\n<link rel=\"canonical\" href=\"https:\/\/www.tosunlux.eu\/tr\/products\/twin-cord-insulated-terminal\/\" \/>\n<meta property=\"og:locale\" content=\"tr_TR\" \/>\n<meta property=\"og:type\" content=\"article\" \/>\n<meta property=\"og:title\" content=\"WholesaleTwin Cord Insulated Terminal - TOSUNlux Official Site - Electrical Circuit Breaker Manufacturer in China Low Voltage Electrical Supplier | TOSUNlux\" \/>\n<meta property=\"og:description\" content=\"Twin Cord Insulated Terminal Supplier - Wholesale direct from TOSUNlux, a trusted manufacturer since 1994. Get your B2B factory quote on our certified Low Voltage electrical products.\" \/>\n<meta property=\"og:url\" content=\"https:\/\/www.tosunlux.eu\/tr\/products\/twin-cord-insulated-terminal\/\" \/>\n<meta property=\"og:site_name\" content=\"TOSUNlux Official Site - Electrical Circuit Breaker Manufacturer in China\" \/>\n<meta property=\"article:publisher\" content=\"https:\/\/www.facebook.com\/TOSUNelectric\/\" \/>\n<meta property=\"article:modified_time\" content=\"2022-07-08T05:54:05+00:00\" \/>\n<meta property=\"og:image\" content=\"https:\/\/www.tosunlux.eu\/wp-content\/uploads\/2023\/04\/DSC08160_\u526f\u672c.jpg\" \/>\n\t<meta property=\"og:image:width\" content=\"1500\" \/>\n\t<meta property=\"og:image:height\" content=\"940\" \/>\n\t<meta property=\"og:image:type\" content=\"image\/jpeg\" \/>\n<meta name=\"twitter:card\" content=\"summary_large_image\" \/>\n<meta name=\"twitter:label1\" content=\"Tahmini okuma s\u00fcresi\" \/>\n\t<meta name=\"twitter:data1\" content=\"1 dakika\" \/>\n<script type=\"application\/ld+json\" class=\"yoast-schema-graph\">{\"@context\":\"https:\\\/\\\/schema.org\",\"@graph\":[{\"@type\":\"WebPage\",\"@id\":\"https:\\\/\\\/www.tosunlux.eu\\\/fr\\\/products\\\/twin-cord-insulated-terminal\\\/\",\"url\":\"https:\\\/\\\/www.tosunlux.eu\\\/fr\\\/products\\\/twin-cord-insulated-terminal\\\/\",\"name\":\"WholesaleTwin Cord Insulated Terminal - TOSUNlux Official Site - Electrical Circuit Breaker Manufacturer in China Low Voltage Electrical Supplier | TOSUNlux\",\"isPartOf\":{\"@id\":\"https:\\\/\\\/www.tosunlux.eu\\\/ru\\\/#website\"},\"datePublished\":\"2022-07-08T05:54:04+00:00\",\"dateModified\":\"2022-07-08T05:54:05+00:00\",\"description\":\"Twin Cord Insulated Terminal Supplier - Wholesale direct from TOSUNlux, a trusted manufacturer since 1994. Get your B2B factory quote on our certified Low Voltage electrical products.\",\"breadcrumb\":{\"@id\":\"https:\\\/\\\/www.tosunlux.eu\\\/fr\\\/products\\\/twin-cord-insulated-terminal\\\/#breadcrumb\"},\"inLanguage\":\"tr\",\"potentialAction\":[{\"@type\":\"ReadAction\",\"target\":[\"https:\\\/\\\/www.tosunlux.eu\\\/fr\\\/products\\\/twin-cord-insulated-terminal\\\/\"]}]},{\"@type\":\"BreadcrumbList\",\"@id\":\"https:\\\/\\\/www.tosunlux.eu\\\/fr\\\/products\\\/twin-cord-insulated-terminal\\\/#breadcrumb\",\"itemListElement\":[{\"@type\":\"ListItem\",\"position\":1,\"name\":\"Home\",\"item\":\"https:\\\/\\\/www.tosunlux.eu\\\/ru\\\/\"},{\"@type\":\"ListItem\",\"position\":2,\"name\":\"Products\",\"item\":\"https:\\\/\\\/www.tosunlux.eu\\\/products\\\/\"},{\"@type\":\"ListItem\",\"position\":3,\"name\":\"Twin Cord Insulated Terminal\"}]},{\"@type\":\"WebSite\",\"@id\":\"https:\\\/\\\/www.tosunlux.eu\\\/ru\\\/#website\",\"url\":\"https:\\\/\\\/www.tosunlux.eu\\\/ru\\\/\",\"name\":\"TOSUNlux Official Site - Electrical Circuit Breaker Manufacturer in China\",\"description\":\"Power Distribution System Supplier\",\"publisher\":{\"@id\":\"https:\\\/\\\/www.tosunlux.eu\\\/ru\\\/#organization\"},\"alternateName\":\"TOSUNlux\",\"potentialAction\":[{\"@type\":\"SearchAction\",\"target\":{\"@type\":\"EntryPoint\",\"urlTemplate\":\"https:\\\/\\\/www.tosunlux.eu\\\/ru\\\/?s={search_term_string}\"},\"query-input\":{\"@type\":\"PropertyValueSpecification\",\"valueRequired\":true,\"valueName\":\"search_term_string\"}}],\"inLanguage\":\"tr\"},{\"@type\":\"Organization\",\"@id\":\"https:\\\/\\\/www.tosunlux.eu\\\/ru\\\/#organization\",\"name\":\"TOSUNlux\",\"url\":\"https:\\\/\\\/www.tosunlux.eu\\\/ru\\\/\",\"logo\":{\"@type\":\"ImageObject\",\"inLanguage\":\"tr\",\"@id\":\"https:\\\/\\\/www.tosunlux.eu\\\/ru\\\/#\\\/schema\\\/logo\\\/image\\\/\",\"url\":\"https:\\\/\\\/www.tosunlux.eu\\\/wp-content\\\/uploads\\\/2022\\\/01\\\/LOGOSYSM.71762f1.png\",\"contentUrl\":\"https:\\\/\\\/www.tosunlux.eu\\\/wp-content\\\/uploads\\\/2022\\\/01\\\/LOGOSYSM.71762f1.png\",\"width\":153,\"height\":55,\"caption\":\"TOSUNlux\"},\"image\":{\"@id\":\"https:\\\/\\\/www.tosunlux.eu\\\/ru\\\/#\\\/schema\\\/logo\\\/image\\\/\"},\"sameAs\":[\"https:\\\/\\\/www.facebook.com\\\/TOSUNelectric\\\/\",\"https:\\\/\\\/www.linkedin.com\\\/company\\\/wenzhou-tosun-electric-co.-ltd\\\/\"]}]}<\/script>\n<!-- \/ Yoast SEO plugin. -->","yoast_head_json":{"title":"Toptan \u00c7ift Kablolu Yal\u0131t\u0131ml\u0131 Terminal - TOSUNlux Resmi Sitesi - \u00c7in&#039;de Elektrik Sigortas\u0131 \u00dcreticisi ve D\u00fc\u015f\u00fck Voltajl\u0131 Elektrik Tedarik\u00e7isi | TOSUNlux","description":"\u00c7ift Kablolu Yal\u0131t\u0131ml\u0131 Terminal Tedarik\u00e7isi - 1994&#039;ten beri g\u00fcvenilir bir \u00fcretici olan TOSUNlux&#039;tan do\u011frudan toptan sat\u0131\u015f. Sertifikal\u0131 D\u00fc\u015f\u00fck Gerilim elektrik \u00fcr\u00fcnlerimiz i\u00e7in B2B fabrika fiyat teklifinizi al\u0131n.","robots":{"index":"index","follow":"follow","max-snippet":"max-snippet:-1","max-image-preview":"max-image-preview:large","max-video-preview":"max-video-preview:-1"},"canonical":"https:\/\/www.tosunlux.eu\/tr\/products\/twin-cord-insulated-terminal\/","og_locale":"tr_TR","og_type":"article","og_title":"WholesaleTwin Cord Insulated Terminal - TOSUNlux Official Site - Electrical Circuit Breaker Manufacturer in China Low Voltage Electrical Supplier | TOSUNlux","og_description":"Twin Cord Insulated Terminal Supplier - Wholesale direct from TOSUNlux, a trusted manufacturer since 1994. Get your B2B factory quote on our certified Low Voltage electrical products.","og_url":"https:\/\/www.tosunlux.eu\/tr\/products\/twin-cord-insulated-terminal\/","og_site_name":"TOSUNlux Official Site - Electrical Circuit Breaker Manufacturer in China","article_publisher":"https:\/\/www.facebook.com\/TOSUNelectric\/","article_modified_time":"2022-07-08T05:54:05+00:00","og_image":[{"width":1500,"height":940,"url":"https:\/\/www.tosunlux.eu\/wp-content\/uploads\/2023\/04\/DSC08160_\u526f\u672c.jpg","type":"image\/jpeg"}],"twitter_card":"summary_large_image","twitter_misc":{"Tahmini okuma s\u00fcresi":"1 dakika"},"schema":{"@context":"https:\/\/schema.org","@graph":[{"@type":"WebPage","@id":"https:\/\/www.tosunlux.eu\/fr\/products\/twin-cord-insulated-terminal\/","url":"https:\/\/www.tosunlux.eu\/fr\/products\/twin-cord-insulated-terminal\/","name":"Toptan \u00c7ift Kablolu Yal\u0131t\u0131ml\u0131 Terminal - TOSUNlux Resmi Sitesi - \u00c7in&#039;de Elektrik Sigortas\u0131 \u00dcreticisi ve D\u00fc\u015f\u00fck Voltajl\u0131 Elektrik Tedarik\u00e7isi | TOSUNlux","isPartOf":{"@id":"https:\/\/www.tosunlux.eu\/ru\/#website"},"datePublished":"2022-07-08T05:54:04+00:00","dateModified":"2022-07-08T05:54:05+00:00","description":"\u00c7ift Kablolu Yal\u0131t\u0131ml\u0131 Terminal Tedarik\u00e7isi - 1994&#039;ten beri g\u00fcvenilir bir \u00fcretici olan TOSUNlux&#039;tan do\u011frudan toptan sat\u0131\u015f. Sertifikal\u0131 D\u00fc\u015f\u00fck Gerilim elektrik \u00fcr\u00fcnlerimiz i\u00e7in B2B fabrika fiyat teklifinizi al\u0131n.","breadcrumb":{"@id":"https:\/\/www.tosunlux.eu\/fr\/products\/twin-cord-insulated-terminal\/#breadcrumb"},"inLanguage":"tr","potentialAction":[{"@type":"ReadAction","target":["https:\/\/www.tosunlux.eu\/fr\/products\/twin-cord-insulated-terminal\/"]}]},{"@type":"BreadcrumbList","@id":"https:\/\/www.tosunlux.eu\/fr\/products\/twin-cord-insulated-terminal\/#breadcrumb","itemListElement":[{"@type":"ListItem","position":1,"name":"Home","item":"https:\/\/www.tosunlux.eu\/ru\/"},{"@type":"ListItem","position":2,"name":"Products","item":"https:\/\/www.tosunlux.eu\/products\/"},{"@type":"ListItem","position":3,"name":"Twin Cord Insulated Terminal"}]},{"@type":"WebSite","@id":"https:\/\/www.tosunlux.eu\/ru\/#website","url":"https:\/\/www.tosunlux.eu\/ru\/","name":"TOSUNlux Resmi Sitesi - \u00c7in&#039;de Elektrik Sigortas\u0131 \u00dcreticisi","description":"G\u00fc\u00e7 Da\u011f\u0131t\u0131m Sistemi Tedarik\u00e7isi","publisher":{"@id":"https:\/\/www.tosunlux.eu\/ru\/#organization"},"alternateName":"TOSUNlux","potentialAction":[{"@type":"SearchAction","target":{"@type":"EntryPoint","urlTemplate":"https:\/\/www.tosunlux.eu\/ru\/?s={search_term_string}"},"query-input":{"@type":"PropertyValueSpecification","valueRequired":true,"valueName":"search_term_string"}}],"inLanguage":"tr"},{"@type":"Organization","@id":"https:\/\/www.tosunlux.eu\/ru\/#organization","name":"TOSUNlux","url":"https:\/\/www.tosunlux.eu\/ru\/","logo":{"@type":"ImageObject","inLanguage":"tr","@id":"https:\/\/www.tosunlux.eu\/ru\/#\/schema\/logo\/image\/","url":"https:\/\/www.tosunlux.eu\/wp-content\/uploads\/2022\/01\/LOGOSYSM.71762f1.png","contentUrl":"https:\/\/www.tosunlux.eu\/wp-content\/uploads\/2022\/01\/LOGOSYSM.71762f1.png","width":153,"height":55,"caption":"TOSUNlux"},"image":{"@id":"https:\/\/www.tosunlux.eu\/ru\/#\/schema\/logo\/image\/"},"sameAs":["https:\/\/www.facebook.com\/TOSUNelectric\/","https:\/\/www.linkedin.com\/company\/wenzhou-tosun-electric-co.-ltd\/"]}]}},"_links":{"self":[{"href":"https:\/\/www.tosunlux.eu\/tr\/wp-json\/wp\/v2\/product\/4299","targetHints":{"allow":["GET"]}}],"collection":[{"href":"https:\/\/www.tosunlux.eu\/tr\/wp-json\/wp\/v2\/product"}],"about":[{"href":"https:\/\/www.tosunlux.eu\/tr\/wp-json\/wp\/v2\/types\/product"}],"version-history":[{"count":1,"href":"https:\/\/www.tosunlux.eu\/tr\/wp-json\/wp\/v2\/product\/4299\/revisions"}],"predecessor-version":[{"id":4302,"href":"https:\/\/www.tosunlux.eu\/tr\/wp-json\/wp\/v2\/product\/4299\/revisions\/4302"}],"wp:attachment":[{"href":"https:\/\/www.tosunlux.eu\/tr\/wp-json\/wp\/v2\/media?parent=4299"}],"wp:term":[{"taxonomy":"product_category","embeddable":true,"href":"https:\/\/www.tosunlux.eu\/tr\/wp-json\/wp\/v2\/product_category?post=4299"}],"curies":[{"name":"wp","href":"https:\/\/api.w.org\/{rel}","templated":true}]}}