{"id":4346,"date":"2022-07-09T13:04:53","date_gmt":"2022-07-09T05:04:53","guid":{"rendered":"https:\/\/www.tosunlux.eu\/?post_type=product&#038;p=4346"},"modified":"2022-07-09T15:19:23","modified_gmt":"2022-07-09T07:19:23","slug":"sa-wintersweet-shaped-red-copper-jointing-clamp","status":"publish","type":"product","link":"https:\/\/www.tosunlux.eu\/tr\/products\/sa-wintersweet-shaped-red-copper-jointing-clamp\/","title":{"rendered":"SA Wintersweet \u015eekilli K\u0131rm\u0131z\u0131 Bak\u0131r Ekleme Kelep\u00e7esi"},"content":{"rendered":"<p><strong>Ba\u015fvuru<\/strong><\/p>\n<p>\u0130\u00e7 mekan da\u011f\u0131t\u0131m cihazlar\u0131n\u0131n ve tel kablolar\u0131n\u0131n elektrikli cihazlar\u0131n\u0131n ge\u00e7i\u015f ba\u011flant\u0131s\u0131 i\u00e7in uygundur. T2 k\u0131rm\u0131z\u0131 bak\u0131r kullan\u0131r, y\u00fczeyi nikel kaplamad\u0131r.<\/p>\n<p><strong>\u015eartname<\/strong><\/p>\n<table style=\"border-collapse: collapse; width: 686.27pt;\" border=\"0\" width=\"915\" cellspacing=\"0\" cellpadding=\"0\">\n<tbody>\n<tr style=\"height: 13.50pt;\">\n<td class=\"et2\" style=\"height: 13.5pt; width: 96pt; text-align: center;\" width=\"128\" height=\"18\">\u00d6rnek<\/td>\n<td class=\"et2\" style=\"width: 81.75pt; text-align: center;\" width=\"109\">L<\/td>\n<td class=\"et2\" style=\"width: 81.75pt; text-align: center;\" width=\"109\">L1<\/td>\n<td class=\"et2\" style=\"width: 81.75pt; text-align: center;\" width=\"109\">B<\/td>\n<td class=\"et3\" style=\"width: 75pt; text-align: center;\" width=\"100\">B1<\/td>\n<td class=\"et2\" style=\"width: 67.5pt; text-align: center;\" width=\"90\">H<\/td>\n<td class=\"et2\" style=\"width: 67.5pt; text-align: center;\" width=\"90\">H1<\/td>\n<td class=\"et2\" style=\"width: 67.5pt; text-align: center;\" width=\"90\">D<\/td>\n<td class=\"et2\" style=\"width: 67.5pt; text-align: center;\" width=\"90\">M<\/td>\n<\/tr>\n<tr style=\"height: 13.50pt;\">\n<td class=\"et3\" style=\"height: 13.5pt; text-align: center;\" height=\"18\">SA16-25-1<\/td>\n<td class=\"et3\" style=\"text-align: center;\" align=\"right\">39.5<\/td>\n<td class=\"et3\" style=\"text-align: center;\" align=\"right\">15<\/td>\n<td class=\"et3\" style=\"text-align: center;\" align=\"right\">25<\/td>\n<td class=\"et3\" style=\"text-align: center;\" align=\"right\">16.5<\/td>\n<td class=\"et3\" style=\"text-align: center;\" align=\"right\">13<\/td>\n<td class=\"et3\" style=\"text-align: center;\" align=\"right\">13<\/td>\n<td class=\"et3\" style=\"text-align: center;\" align=\"right\">8.5<\/td>\n<td class=\"et6\" style=\"text-align: center;\">5<\/td>\n<\/tr>\n<tr style=\"height: 13.50pt;\">\n<td class=\"et3\" style=\"height: 13.5pt; text-align: center;\" height=\"18\">SA16-25-2<\/td>\n<td class=\"et3\" style=\"text-align: center;\" align=\"right\">45<\/td>\n<td class=\"et3\" style=\"text-align: center;\" align=\"right\">15<\/td>\n<td class=\"et3\" style=\"text-align: center;\" align=\"right\">22<\/td>\n<td class=\"et3\" style=\"text-align: center;\" align=\"right\">18<\/td>\n<td class=\"et3\" style=\"text-align: center;\" align=\"right\">13<\/td>\n<td class=\"et3\" style=\"text-align: center;\" align=\"right\">13<\/td>\n<td class=\"et3\" style=\"text-align: center;\" align=\"right\">8.5<\/td>\n<td class=\"et3\" style=\"text-align: center;\" align=\"right\">5<\/td>\n<\/tr>\n<tr style=\"height: 13.50pt;\">\n<td class=\"et3\" style=\"height: 13.5pt; text-align: center;\" height=\"18\">SA25-35<\/td>\n<td class=\"et3\" style=\"text-align: center;\" align=\"right\">52.5<\/td>\n<td class=\"et3\" style=\"text-align: center;\" align=\"right\">15<\/td>\n<td class=\"et3\" style=\"text-align: center;\" align=\"right\">24.5<\/td>\n<td class=\"et3\" style=\"text-align: center;\" align=\"right\">21.2<\/td>\n<td class=\"et3\" style=\"text-align: center;\" align=\"right\">13.5<\/td>\n<td class=\"et3\" style=\"text-align: center;\" align=\"right\">13.5<\/td>\n<td class=\"et3\" style=\"text-align: center;\" align=\"right\">10.5<\/td>\n<td class=\"et3\" style=\"text-align: center;\" align=\"right\">5<\/td>\n<\/tr>\n<tr style=\"height: 13.50pt;\">\n<td class=\"et3\" style=\"height: 13.5pt; text-align: center;\" height=\"18\">SA35-50<\/td>\n<td class=\"et3\" style=\"text-align: center;\" align=\"right\">57<\/td>\n<td class=\"et3\" style=\"text-align: center;\" align=\"right\">16<\/td>\n<td class=\"et3\" style=\"text-align: center;\" align=\"right\">27.5<\/td>\n<td class=\"et3\" style=\"text-align: center;\" align=\"right\">22<\/td>\n<td class=\"et3\" style=\"text-align: center;\" align=\"right\">14<\/td>\n<td class=\"et3\" style=\"text-align: center;\" align=\"right\">14<\/td>\n<td class=\"et3\" style=\"text-align: center;\" align=\"right\">10.5<\/td>\n<td class=\"et3\" style=\"text-align: center;\" align=\"right\">6<\/td>\n<\/tr>\n<tr style=\"height: 13.50pt;\">\n<td class=\"et3\" style=\"height: 13.5pt; text-align: center;\" height=\"18\">SA50-70<\/td>\n<td class=\"et3\" style=\"text-align: center;\" align=\"right\">61<\/td>\n<td class=\"et3\" style=\"text-align: center;\" align=\"right\">21<\/td>\n<td class=\"et3\" style=\"text-align: center;\" align=\"right\">31<\/td>\n<td class=\"et3\" style=\"text-align: center;\" align=\"right\">23<\/td>\n<td class=\"et3\" style=\"text-align: center;\" align=\"right\">18.5<\/td>\n<td class=\"et3\" style=\"text-align: center;\" align=\"right\">18.5<\/td>\n<td class=\"et3\" style=\"text-align: center;\" align=\"right\">10.5<\/td>\n<td class=\"et3\" style=\"text-align: center;\" align=\"right\">6<\/td>\n<\/tr>\n<tr style=\"height: 13.50pt;\">\n<td class=\"et3\" style=\"height: 13.5pt; text-align: center;\" height=\"18\">SA70-95<\/td>\n<td class=\"et3\" style=\"text-align: center;\" align=\"right\">69<\/td>\n<td class=\"et3\" style=\"text-align: center;\" align=\"right\">24<\/td>\n<td class=\"et3\" style=\"text-align: center;\" align=\"right\">35<\/td>\n<td class=\"et3\" style=\"text-align: center;\" align=\"right\">23.5<\/td>\n<td class=\"et3\" style=\"text-align: center;\" align=\"right\">20<\/td>\n<td class=\"et3\" style=\"text-align: center;\" align=\"right\">20<\/td>\n<td class=\"et3\" style=\"text-align: center;\" align=\"right\">10.5<\/td>\n<td class=\"et3\" style=\"text-align: center;\" align=\"right\">6<\/td>\n<\/tr>\n<tr style=\"height: 13.50pt;\">\n<td class=\"et3\" style=\"height: 13.5pt; text-align: center;\" height=\"18\">SA95-120<\/td>\n<td class=\"et3\" style=\"text-align: center;\" align=\"right\">74<\/td>\n<td class=\"et3\" style=\"text-align: center;\" align=\"right\">20.5<\/td>\n<td class=\"et3\" style=\"text-align: center;\" align=\"right\">42<\/td>\n<td class=\"et3\" style=\"text-align: center;\" align=\"right\">28.5<\/td>\n<td class=\"et3\" style=\"text-align: center;\" align=\"right\">22.5<\/td>\n<td class=\"et3\" style=\"text-align: center;\" align=\"right\">22.5<\/td>\n<td class=\"et3\" style=\"text-align: center;\" align=\"right\">10.5<\/td>\n<td class=\"et3\" style=\"text-align: center;\" align=\"right\">8<\/td>\n<\/tr>\n<tr style=\"height: 13.50pt;\">\n<td class=\"et3\" style=\"height: 13.5pt; text-align: center;\" height=\"18\">SA120-150<\/td>\n<td class=\"et3\" style=\"text-align: center;\" align=\"right\">73.5<\/td>\n<td class=\"et3\" style=\"text-align: center;\" align=\"right\">30<\/td>\n<td class=\"et3\" style=\"text-align: center;\" align=\"right\">41<\/td>\n<td class=\"et3\" style=\"text-align: center;\" align=\"right\">27<\/td>\n<td class=\"et3\" style=\"text-align: center;\" align=\"right\">24<\/td>\n<td class=\"et3\" style=\"text-align: center;\" align=\"right\">24<\/td>\n<td class=\"et3\" style=\"text-align: center;\" align=\"right\">10.5<\/td>\n<td class=\"et3\" style=\"text-align: center;\" align=\"right\">8<\/td>\n<\/tr>\n<tr style=\"height: 13.50pt;\">\n<td class=\"et3\" style=\"height: 13.5pt; text-align: center;\" height=\"18\">SA150-185<\/td>\n<td class=\"et3\" style=\"text-align: center;\" align=\"right\">76<\/td>\n<td class=\"et3\" style=\"text-align: center;\" align=\"right\">30<\/td>\n<td class=\"et3\" style=\"text-align: center;\" align=\"right\">42<\/td>\n<td class=\"et3\" style=\"text-align: center;\" align=\"right\">28<\/td>\n<td class=\"et3\" style=\"text-align: center;\" align=\"right\">24.5<\/td>\n<td class=\"et3\" style=\"text-align: center;\" align=\"right\">24.5<\/td>\n<td class=\"et3\" style=\"text-align: center;\" align=\"right\">10.5<\/td>\n<td class=\"et3\" style=\"text-align: center;\" align=\"right\">8<\/td>\n<\/tr>\n<tr style=\"height: 13.50pt;\">\n<td class=\"et3\" style=\"height: 13.5pt; text-align: center;\" height=\"18\">SA185-240<\/td>\n<td class=\"et3\" style=\"text-align: center;\" align=\"right\">80<\/td>\n<td class=\"et3\" style=\"text-align: center;\" align=\"right\">32<\/td>\n<td class=\"et3\" style=\"text-align: center;\" align=\"right\">44<\/td>\n<td class=\"et3\" style=\"text-align: center;\" align=\"right\">30<\/td>\n<td class=\"et3\" style=\"text-align: center;\" align=\"right\">25<\/td>\n<td class=\"et3\" style=\"text-align: center;\" align=\"right\">25<\/td>\n<td class=\"et3\" style=\"text-align: center;\" align=\"right\">10.5<\/td>\n<td class=\"et3\" style=\"text-align: center;\" align=\"right\">8<\/td>\n<\/tr>\n<\/tbody>\n<\/table>\n\n\n<p><\/p>","protected":false},"parent":0,"template":"","product_category":[110],"class_list":["post-4346","product","type-product","status-publish","hentry","product_category-cable-clamp"],"yoast_head":"<!-- This site is optimized with the Yoast SEO plugin v27.5 - https:\/\/yoast.com\/product\/yoast-seo-wordpress\/ -->\n<title>WholesaleSA Wintersweet Shaped Red Copper Jointing Clamp - TOSUNlux Official Site - Electrical Circuit Breaker Manufacturer in China Low Voltage Electrical Supplier | TOSUNlux<\/title>\n<meta name=\"description\" content=\"SA Wintersweet Shaped Red Copper Jointing Clamp Supplier - Wholesale direct from TOSUNlux, a trusted manufacturer since 1994. Get your B2B factory quote on our certified Low Voltage electrical products.\" \/>\n<meta name=\"robots\" content=\"index, follow, max-snippet:-1, max-image-preview:large, max-video-preview:-1\" \/>\n<link rel=\"canonical\" href=\"https:\/\/www.tosunlux.eu\/tr\/products\/sa-wintersweet-shaped-red-copper-jointing-clamp\/\" \/>\n<meta property=\"og:locale\" content=\"tr_TR\" \/>\n<meta property=\"og:type\" content=\"article\" \/>\n<meta property=\"og:title\" content=\"WholesaleSA Wintersweet Shaped Red Copper Jointing Clamp - TOSUNlux Official Site - Electrical Circuit Breaker Manufacturer in China Low Voltage Electrical Supplier | TOSUNlux\" \/>\n<meta property=\"og:description\" content=\"SA Wintersweet Shaped Red Copper Jointing Clamp Supplier - Wholesale direct from TOSUNlux, a trusted manufacturer since 1994. Get your B2B factory quote on our certified Low Voltage electrical products.\" \/>\n<meta property=\"og:url\" content=\"https:\/\/www.tosunlux.eu\/tr\/products\/sa-wintersweet-shaped-red-copper-jointing-clamp\/\" \/>\n<meta property=\"og:site_name\" content=\"TOSUNlux Official Site - Electrical Circuit Breaker Manufacturer in China\" \/>\n<meta property=\"article:publisher\" content=\"https:\/\/www.facebook.com\/TOSUNelectric\/\" \/>\n<meta property=\"article:modified_time\" content=\"2022-07-09T07:19:23+00:00\" \/>\n<meta property=\"og:image\" content=\"https:\/\/www.tosunlux.eu\/wp-content\/uploads\/2023\/04\/DSC08160_\u526f\u672c.jpg\" \/>\n\t<meta property=\"og:image:width\" content=\"1500\" \/>\n\t<meta property=\"og:image:height\" content=\"940\" \/>\n\t<meta property=\"og:image:type\" content=\"image\/jpeg\" \/>\n<meta name=\"twitter:card\" content=\"summary_large_image\" \/>\n<meta name=\"twitter:label1\" content=\"Tahmini okuma s\u00fcresi\" \/>\n\t<meta name=\"twitter:data1\" content=\"1 dakika\" \/>\n<script type=\"application\/ld+json\" class=\"yoast-schema-graph\">{\"@context\":\"https:\\\/\\\/schema.org\",\"@graph\":[{\"@type\":\"WebPage\",\"@id\":\"https:\\\/\\\/www.tosunlux.eu\\\/products\\\/sa-wintersweet-shaped-red-copper-jointing-clamp\\\/\",\"url\":\"https:\\\/\\\/www.tosunlux.eu\\\/products\\\/sa-wintersweet-shaped-red-copper-jointing-clamp\\\/\",\"name\":\"WholesaleSA Wintersweet Shaped Red Copper Jointing Clamp - TOSUNlux Official Site - Electrical Circuit Breaker Manufacturer in China Low Voltage Electrical Supplier | TOSUNlux\",\"isPartOf\":{\"@id\":\"https:\\\/\\\/www.tosunlux.eu\\\/ru\\\/#website\"},\"datePublished\":\"2022-07-09T05:04:53+00:00\",\"dateModified\":\"2022-07-09T07:19:23+00:00\",\"description\":\"SA Wintersweet Shaped Red Copper Jointing Clamp Supplier - Wholesale direct from TOSUNlux, a trusted manufacturer since 1994. Get your B2B factory quote on our certified Low Voltage electrical products.\",\"breadcrumb\":{\"@id\":\"https:\\\/\\\/www.tosunlux.eu\\\/products\\\/sa-wintersweet-shaped-red-copper-jointing-clamp\\\/#breadcrumb\"},\"inLanguage\":\"tr\",\"potentialAction\":[{\"@type\":\"ReadAction\",\"target\":[\"https:\\\/\\\/www.tosunlux.eu\\\/products\\\/sa-wintersweet-shaped-red-copper-jointing-clamp\\\/\"]}]},{\"@type\":\"BreadcrumbList\",\"@id\":\"https:\\\/\\\/www.tosunlux.eu\\\/products\\\/sa-wintersweet-shaped-red-copper-jointing-clamp\\\/#breadcrumb\",\"itemListElement\":[{\"@type\":\"ListItem\",\"position\":1,\"name\":\"Home\",\"item\":\"https:\\\/\\\/www.tosunlux.eu\\\/ru\\\/\"},{\"@type\":\"ListItem\",\"position\":2,\"name\":\"Products\",\"item\":\"https:\\\/\\\/www.tosunlux.eu\\\/products\\\/\"},{\"@type\":\"ListItem\",\"position\":3,\"name\":\"SA Wintersweet Shaped Red Copper Jointing Clamp\"}]},{\"@type\":\"WebSite\",\"@id\":\"https:\\\/\\\/www.tosunlux.eu\\\/ru\\\/#website\",\"url\":\"https:\\\/\\\/www.tosunlux.eu\\\/ru\\\/\",\"name\":\"TOSUNlux Official Site - Electrical Circuit Breaker Manufacturer in China\",\"description\":\"Power Distribution System Supplier\",\"publisher\":{\"@id\":\"https:\\\/\\\/www.tosunlux.eu\\\/ru\\\/#organization\"},\"alternateName\":\"TOSUNlux\",\"potentialAction\":[{\"@type\":\"SearchAction\",\"target\":{\"@type\":\"EntryPoint\",\"urlTemplate\":\"https:\\\/\\\/www.tosunlux.eu\\\/ru\\\/?s={search_term_string}\"},\"query-input\":{\"@type\":\"PropertyValueSpecification\",\"valueRequired\":true,\"valueName\":\"search_term_string\"}}],\"inLanguage\":\"tr\"},{\"@type\":\"Organization\",\"@id\":\"https:\\\/\\\/www.tosunlux.eu\\\/ru\\\/#organization\",\"name\":\"TOSUNlux\",\"url\":\"https:\\\/\\\/www.tosunlux.eu\\\/ru\\\/\",\"logo\":{\"@type\":\"ImageObject\",\"inLanguage\":\"tr\",\"@id\":\"https:\\\/\\\/www.tosunlux.eu\\\/ru\\\/#\\\/schema\\\/logo\\\/image\\\/\",\"url\":\"https:\\\/\\\/www.tosunlux.eu\\\/wp-content\\\/uploads\\\/2022\\\/01\\\/LOGOSYSM.71762f1.png\",\"contentUrl\":\"https:\\\/\\\/www.tosunlux.eu\\\/wp-content\\\/uploads\\\/2022\\\/01\\\/LOGOSYSM.71762f1.png\",\"width\":153,\"height\":55,\"caption\":\"TOSUNlux\"},\"image\":{\"@id\":\"https:\\\/\\\/www.tosunlux.eu\\\/ru\\\/#\\\/schema\\\/logo\\\/image\\\/\"},\"sameAs\":[\"https:\\\/\\\/www.facebook.com\\\/TOSUNelectric\\\/\",\"https:\\\/\\\/www.linkedin.com\\\/company\\\/wenzhou-tosun-electric-co.-ltd\\\/\"]}]}<\/script>\n<!-- \/ Yoast SEO plugin. -->","yoast_head_json":{"title":"ToptanSA Wintersweet \u015eekilli K\u0131rm\u0131z\u0131 Bak\u0131r Ba\u011flant\u0131 Kelep\u00e7esi - TOSUNlux Resmi Sitesi - \u00c7in&#039;de Elektrik Sigortas\u0131 \u00dcreticisi ve D\u00fc\u015f\u00fck Voltajl\u0131 Elektrik Tedarik\u00e7isi | TOSUNlux","description":"SA Wintersweet \u015eekilli K\u0131rm\u0131z\u0131 Bak\u0131r Ek Kelep\u00e7esi Tedarik\u00e7isi - 1994&#039;ten beri g\u00fcvenilir bir \u00fcretici olan TOSUNlux&#039;tan do\u011frudan toptan sat\u0131\u015f. Sertifikal\u0131 D\u00fc\u015f\u00fck Gerilim elektrik \u00fcr\u00fcnlerimiz i\u00e7in B2B fabrika fiyat teklifinizi al\u0131n.","robots":{"index":"index","follow":"follow","max-snippet":"max-snippet:-1","max-image-preview":"max-image-preview:large","max-video-preview":"max-video-preview:-1"},"canonical":"https:\/\/www.tosunlux.eu\/tr\/products\/sa-wintersweet-shaped-red-copper-jointing-clamp\/","og_locale":"tr_TR","og_type":"article","og_title":"WholesaleSA Wintersweet Shaped Red Copper Jointing Clamp - TOSUNlux Official Site - Electrical Circuit Breaker Manufacturer in China Low Voltage Electrical Supplier | TOSUNlux","og_description":"SA Wintersweet Shaped Red Copper Jointing Clamp Supplier - Wholesale direct from TOSUNlux, a trusted manufacturer since 1994. Get your B2B factory quote on our certified Low Voltage electrical products.","og_url":"https:\/\/www.tosunlux.eu\/tr\/products\/sa-wintersweet-shaped-red-copper-jointing-clamp\/","og_site_name":"TOSUNlux Official Site - Electrical Circuit Breaker Manufacturer in China","article_publisher":"https:\/\/www.facebook.com\/TOSUNelectric\/","article_modified_time":"2022-07-09T07:19:23+00:00","og_image":[{"width":1500,"height":940,"url":"https:\/\/www.tosunlux.eu\/wp-content\/uploads\/2023\/04\/DSC08160_\u526f\u672c.jpg","type":"image\/jpeg"}],"twitter_card":"summary_large_image","twitter_misc":{"Tahmini okuma s\u00fcresi":"1 dakika"},"schema":{"@context":"https:\/\/schema.org","@graph":[{"@type":"WebPage","@id":"https:\/\/www.tosunlux.eu\/products\/sa-wintersweet-shaped-red-copper-jointing-clamp\/","url":"https:\/\/www.tosunlux.eu\/products\/sa-wintersweet-shaped-red-copper-jointing-clamp\/","name":"ToptanSA Wintersweet \u015eekilli K\u0131rm\u0131z\u0131 Bak\u0131r Ba\u011flant\u0131 Kelep\u00e7esi - TOSUNlux Resmi Sitesi - \u00c7in&#039;de Elektrik Sigortas\u0131 \u00dcreticisi ve D\u00fc\u015f\u00fck Voltajl\u0131 Elektrik Tedarik\u00e7isi | TOSUNlux","isPartOf":{"@id":"https:\/\/www.tosunlux.eu\/ru\/#website"},"datePublished":"2022-07-09T05:04:53+00:00","dateModified":"2022-07-09T07:19:23+00:00","description":"SA Wintersweet \u015eekilli K\u0131rm\u0131z\u0131 Bak\u0131r Ek Kelep\u00e7esi Tedarik\u00e7isi - 1994&#039;ten beri g\u00fcvenilir bir \u00fcretici olan TOSUNlux&#039;tan do\u011frudan toptan sat\u0131\u015f. Sertifikal\u0131 D\u00fc\u015f\u00fck Gerilim elektrik \u00fcr\u00fcnlerimiz i\u00e7in B2B fabrika fiyat teklifinizi al\u0131n.","breadcrumb":{"@id":"https:\/\/www.tosunlux.eu\/products\/sa-wintersweet-shaped-red-copper-jointing-clamp\/#breadcrumb"},"inLanguage":"tr","potentialAction":[{"@type":"ReadAction","target":["https:\/\/www.tosunlux.eu\/products\/sa-wintersweet-shaped-red-copper-jointing-clamp\/"]}]},{"@type":"BreadcrumbList","@id":"https:\/\/www.tosunlux.eu\/products\/sa-wintersweet-shaped-red-copper-jointing-clamp\/#breadcrumb","itemListElement":[{"@type":"ListItem","position":1,"name":"Home","item":"https:\/\/www.tosunlux.eu\/ru\/"},{"@type":"ListItem","position":2,"name":"Products","item":"https:\/\/www.tosunlux.eu\/products\/"},{"@type":"ListItem","position":3,"name":"SA Wintersweet Shaped Red Copper Jointing Clamp"}]},{"@type":"WebSite","@id":"https:\/\/www.tosunlux.eu\/ru\/#website","url":"https:\/\/www.tosunlux.eu\/ru\/","name":"TOSUNlux Resmi Sitesi - \u00c7in&#039;de Elektrik Sigortas\u0131 \u00dcreticisi","description":"G\u00fc\u00e7 Da\u011f\u0131t\u0131m Sistemi Tedarik\u00e7isi","publisher":{"@id":"https:\/\/www.tosunlux.eu\/ru\/#organization"},"alternateName":"TOSUNlux","potentialAction":[{"@type":"SearchAction","target":{"@type":"EntryPoint","urlTemplate":"https:\/\/www.tosunlux.eu\/ru\/?s={search_term_string}"},"query-input":{"@type":"PropertyValueSpecification","valueRequired":true,"valueName":"search_term_string"}}],"inLanguage":"tr"},{"@type":"Organization","@id":"https:\/\/www.tosunlux.eu\/ru\/#organization","name":"TOSUNlux","url":"https:\/\/www.tosunlux.eu\/ru\/","logo":{"@type":"ImageObject","inLanguage":"tr","@id":"https:\/\/www.tosunlux.eu\/ru\/#\/schema\/logo\/image\/","url":"https:\/\/www.tosunlux.eu\/wp-content\/uploads\/2022\/01\/LOGOSYSM.71762f1.png","contentUrl":"https:\/\/www.tosunlux.eu\/wp-content\/uploads\/2022\/01\/LOGOSYSM.71762f1.png","width":153,"height":55,"caption":"TOSUNlux"},"image":{"@id":"https:\/\/www.tosunlux.eu\/ru\/#\/schema\/logo\/image\/"},"sameAs":["https:\/\/www.facebook.com\/TOSUNelectric\/","https:\/\/www.linkedin.com\/company\/wenzhou-tosun-electric-co.-ltd\/"]}]}},"_links":{"self":[{"href":"https:\/\/www.tosunlux.eu\/tr\/wp-json\/wp\/v2\/product\/4346","targetHints":{"allow":["GET"]}}],"collection":[{"href":"https:\/\/www.tosunlux.eu\/tr\/wp-json\/wp\/v2\/product"}],"about":[{"href":"https:\/\/www.tosunlux.eu\/tr\/wp-json\/wp\/v2\/types\/product"}],"version-history":[{"count":0,"href":"https:\/\/www.tosunlux.eu\/tr\/wp-json\/wp\/v2\/product\/4346\/revisions"}],"wp:attachment":[{"href":"https:\/\/www.tosunlux.eu\/tr\/wp-json\/wp\/v2\/media?parent=4346"}],"wp:term":[{"taxonomy":"product_category","embeddable":true,"href":"https:\/\/www.tosunlux.eu\/tr\/wp-json\/wp\/v2\/product_category?post=4346"}],"curies":[{"name":"wp","href":"https:\/\/api.w.org\/{rel}","templated":true}]}}