{"id":4350,"date":"2022-07-09T13:37:01","date_gmt":"2022-07-09T05:37:01","guid":{"rendered":"https:\/\/www.tosunlux.eu\/?post_type=product&#038;p=4350"},"modified":"2022-07-09T15:20:17","modified_gmt":"2022-07-09T07:20:17","slug":"gty-coppeer-cable-connector","status":"publish","type":"product","link":"https:\/\/www.tosunlux.eu\/tr\/products\/gty-coppeer-cable-connector\/","title":{"rendered":"GTY Bak\u0131r Kablo Konnekt\u00f6r\u00fc"},"content":{"rendered":"<p><strong>Ba\u015fvuru<\/strong><\/p>\n<p>GTY serisi bak\u0131r kablo konnekt\u00f6rleri, da\u011f\u0131t\u0131m ekipmanlar\u0131nda dairesel telin g\u00fc\u00e7 kayna\u011f\u0131 kablosuyla ba\u011flant\u0131s\u0131 i\u00e7in kullan\u0131l\u0131r. 99.9% saf bak\u0131r kalaydan \u00fcretilmi\u015ftir.<\/p>\n<p><strong>\u015eartname<\/strong><\/p>\n<table style=\"border-collapse: collapse; width: 341.27pt;\" border=\"0\" width=\"455\" cellspacing=\"0\" cellpadding=\"0\">\n<tbody>\n<tr style=\"height: 13.50pt;\">\n<td class=\"et2\" style=\"height: 13.5pt; width: 96pt; text-align: center;\" width=\"128\" height=\"18\">\u00d6rnek<\/td>\n<td class=\"et2\" style=\"width: 81.75pt; text-align: center;\" width=\"109\">D<\/td>\n<td class=\"et2\" style=\"width: 81.75pt; text-align: center;\" width=\"109\">D<\/td>\n<td class=\"et2\" style=\"width: 81.75pt; text-align: center;\" width=\"109\">L<\/td>\n<\/tr>\n<tr style=\"height: 13.50pt;\">\n<td class=\"et3\" style=\"height: 13.5pt; text-align: center;\" height=\"18\">GTY-1.5<\/td>\n<td class=\"et3\" style=\"text-align: center;\" align=\"right\">3.5<\/td>\n<td class=\"et3\" style=\"text-align: center;\" align=\"right\">2.5<\/td>\n<td class=\"et3\" style=\"text-align: center;\" align=\"right\">20<\/td>\n<\/tr>\n<tr style=\"height: 13.50pt;\">\n<td class=\"et3\" style=\"height: 13.5pt; text-align: center;\" height=\"18\">GTY-2.5<\/td>\n<td class=\"et3\" style=\"text-align: center;\" align=\"right\">4<\/td>\n<td class=\"et3\" style=\"text-align: center;\" align=\"right\">3<\/td>\n<td class=\"et3\" style=\"text-align: center;\" align=\"right\">20<\/td>\n<\/tr>\n<tr style=\"height: 13.50pt;\">\n<td class=\"et3\" style=\"height: 13.5pt; text-align: center;\" height=\"18\">GTY-4<\/td>\n<td class=\"et3\" style=\"text-align: center;\" align=\"right\">4.8<\/td>\n<td class=\"et3\" style=\"text-align: center;\" align=\"right\">3.5<\/td>\n<td class=\"et3\" style=\"text-align: center;\" align=\"right\">20<\/td>\n<\/tr>\n<tr style=\"height: 13.50pt;\">\n<td class=\"et3\" style=\"height: 13.5pt; text-align: center;\" height=\"18\">GTY-6<\/td>\n<td class=\"et3\" style=\"text-align: center;\" align=\"right\">5.5<\/td>\n<td class=\"et3\" style=\"text-align: center;\" align=\"right\">4.1<\/td>\n<td class=\"et3\" style=\"text-align: center;\" align=\"right\">25<\/td>\n<\/tr>\n<tr style=\"height: 13.50pt;\">\n<td class=\"et3\" style=\"height: 13.5pt; text-align: center;\" height=\"18\">GTY-10<\/td>\n<td class=\"et3\" style=\"text-align: center;\" align=\"right\">6.7<\/td>\n<td class=\"et3\" style=\"text-align: center;\" align=\"right\">5<\/td>\n<td class=\"et3\" style=\"text-align: center;\" align=\"right\">30<\/td>\n<\/tr>\n<tr style=\"height: 13.50pt;\">\n<td class=\"et3\" style=\"height: 13.5pt; text-align: center;\" height=\"18\">GTY-16<\/td>\n<td class=\"et3\" style=\"text-align: center;\" align=\"right\">7.5<\/td>\n<td class=\"et3\" style=\"text-align: center;\" align=\"right\">5.8<\/td>\n<td class=\"et3\" style=\"text-align: center;\" align=\"right\">35<\/td>\n<\/tr>\n<tr style=\"height: 13.50pt;\">\n<td class=\"et3\" style=\"height: 13.5pt; text-align: center;\" height=\"18\">GTY-25<\/td>\n<td class=\"et3\" style=\"text-align: center;\" align=\"right\">9<\/td>\n<td class=\"et3\" style=\"text-align: center;\" align=\"right\">7.2<\/td>\n<td class=\"et3\" style=\"text-align: center;\" align=\"right\">40<\/td>\n<\/tr>\n<tr style=\"height: 13.50pt;\">\n<td class=\"et3\" style=\"height: 13.5pt; text-align: center;\" height=\"18\">GTY-35<\/td>\n<td class=\"et3\" style=\"text-align: center;\" align=\"right\">10.5<\/td>\n<td class=\"et3\" style=\"text-align: center;\" align=\"right\">8.5<\/td>\n<td class=\"et3\" style=\"text-align: center;\" align=\"right\">45<\/td>\n<\/tr>\n<tr style=\"height: 13.50pt;\">\n<td class=\"et3\" style=\"height: 13.5pt; text-align: center;\" height=\"18\">GTY-50<\/td>\n<td class=\"et3\" style=\"text-align: center;\" align=\"right\">12.5<\/td>\n<td class=\"et3\" style=\"text-align: center;\" align=\"right\">10.1<\/td>\n<td class=\"et3\" style=\"text-align: center;\" align=\"right\">50<\/td>\n<\/tr>\n<tr style=\"height: 13.50pt;\">\n<td class=\"et3\" style=\"height: 13.5pt; text-align: center;\" height=\"18\">GTY-70<\/td>\n<td class=\"et3\" style=\"text-align: center;\" align=\"right\">14.5<\/td>\n<td class=\"et3\" style=\"text-align: center;\" align=\"right\">11.7<\/td>\n<td class=\"et3\" style=\"text-align: center;\" align=\"right\">55<\/td>\n<\/tr>\n<tr style=\"height: 13.50pt;\">\n<td class=\"et3\" style=\"height: 13.5pt; text-align: center;\" height=\"18\">GTY-95<\/td>\n<td class=\"et3\" style=\"text-align: center;\" align=\"right\">17<\/td>\n<td class=\"et3\" style=\"text-align: center;\" align=\"right\">13.8<\/td>\n<td class=\"et3\" style=\"text-align: center;\" align=\"right\">60<\/td>\n<\/tr>\n<tr style=\"height: 13.50pt;\">\n<td class=\"et3\" style=\"height: 13.5pt; text-align: center;\" height=\"18\">GTY-120<\/td>\n<td class=\"et3\" style=\"text-align: center;\" align=\"right\">19.5<\/td>\n<td class=\"et3\" style=\"text-align: center;\" align=\"right\">15.9<\/td>\n<td class=\"et3\" style=\"text-align: center;\" align=\"right\">65<\/td>\n<\/tr>\n<tr style=\"height: 13.50pt;\">\n<td class=\"et3\" style=\"height: 13.5pt; text-align: center;\" height=\"18\">GTY-150<\/td>\n<td class=\"et3\" style=\"text-align: center;\" align=\"right\">20.5<\/td>\n<td class=\"et3\" style=\"text-align: center;\" align=\"right\">16.7<\/td>\n<td class=\"et3\" style=\"text-align: center;\" align=\"right\">70<\/td>\n<\/tr>\n<tr style=\"height: 13.50pt;\">\n<td class=\"et3\" style=\"height: 13.5pt; text-align: center;\" height=\"18\">GTY-185<\/td>\n<td class=\"et3\" style=\"text-align: center;\" align=\"right\">23.5<\/td>\n<td class=\"et3\" style=\"text-align: center;\" align=\"right\">19.1<\/td>\n<td class=\"et3\" style=\"text-align: center;\" align=\"right\">75<\/td>\n<\/tr>\n<tr style=\"height: 13.50pt;\">\n<td class=\"et3\" style=\"height: 13.5pt; text-align: center;\" height=\"18\">GTY-240<\/td>\n<td class=\"et3\" style=\"text-align: center;\" align=\"right\">26<\/td>\n<td class=\"et3\" style=\"text-align: center;\" align=\"right\">21.4<\/td>\n<td class=\"et3\" style=\"text-align: center;\" align=\"right\">80<\/td>\n<\/tr>\n<tr style=\"height: 13.50pt;\">\n<td class=\"et3\" style=\"height: 13.5pt; text-align: center;\" height=\"18\">GTY-300<\/td>\n<td class=\"et3\" style=\"text-align: center;\" align=\"right\">30<\/td>\n<td class=\"et3\" style=\"text-align: center;\" align=\"right\">24.6<\/td>\n<td class=\"et3\" style=\"text-align: center;\" align=\"right\">85<\/td>\n<\/tr>\n<tr style=\"height: 13.50pt;\">\n<td class=\"et3\" style=\"height: 13.5pt; text-align: center;\" height=\"18\">GTY-400<\/td>\n<td class=\"et3\" style=\"text-align: center;\" align=\"right\">34<\/td>\n<td class=\"et3\" style=\"text-align: center;\" align=\"right\">27.4<\/td>\n<td class=\"et3\" style=\"text-align: center;\" align=\"right\">90<\/td>\n<\/tr>\n<tr style=\"height: 13.50pt;\">\n<td class=\"et3\" style=\"height: 13.5pt; text-align: center;\" height=\"18\">GTY-500<\/td>\n<td class=\"et3\" style=\"text-align: center;\" align=\"right\">38<\/td>\n<td class=\"et3\" style=\"text-align: center;\" align=\"right\">30.8<\/td>\n<td class=\"et3\" style=\"text-align: center;\" align=\"right\">100<\/td>\n<\/tr>\n<tr style=\"height: 13.50pt;\">\n<td class=\"et3\" style=\"height: 13.5pt; text-align: center;\" height=\"18\">GTY-630<\/td>\n<td class=\"et3\" style=\"text-align: center;\" align=\"right\">45<\/td>\n<td class=\"et3\" style=\"text-align: center;\" align=\"right\">35.8<\/td>\n<td class=\"et3\" style=\"text-align: center;\" align=\"right\">110<\/td>\n<\/tr>\n<tr style=\"height: 13.50pt;\">\n<td class=\"et3\" style=\"height: 13.5pt; text-align: center;\" height=\"18\">GTY-800<\/td>\n<td class=\"et3\" style=\"text-align: center;\" align=\"right\">50<\/td>\n<td class=\"et3\" style=\"text-align: center;\" align=\"right\">40.4<\/td>\n<td class=\"et3\" style=\"text-align: center;\" align=\"right\">150<\/td>\n<\/tr>\n<tr style=\"height: 13.50pt;\">\n<td class=\"et3\" style=\"height: 13.5pt; text-align: center;\" height=\"18\">GTY-1000<\/td>\n<td class=\"et3\" style=\"text-align: center;\" align=\"right\">55<\/td>\n<td class=\"et3\" style=\"text-align: center;\" align=\"right\">45<\/td>\n<td class=\"et3\" style=\"text-align: center;\" align=\"right\">170<\/td>\n<\/tr>\n<\/tbody>\n<\/table>","protected":false},"parent":0,"template":"","product_category":[109],"class_list":["post-4350","product","type-product","status-publish","hentry","product_category-cable-lug"],"yoast_head":"<!-- This site is optimized with the Yoast SEO plugin v27.5 - https:\/\/yoast.com\/product\/yoast-seo-wordpress\/ -->\n<title>WholesaleGTY Coppeer Cable Connector - TOSUNlux Official Site - Electrical Circuit Breaker Manufacturer in China Low Voltage Electrical Supplier | TOSUNlux<\/title>\n<meta name=\"description\" content=\"GTY Coppeer Cable Connector Supplier - Wholesale direct from TOSUNlux, a trusted manufacturer since 1994. Get your B2B factory quote on our certified Low Voltage electrical products.\" \/>\n<meta name=\"robots\" content=\"index, follow, max-snippet:-1, max-image-preview:large, max-video-preview:-1\" \/>\n<link rel=\"canonical\" href=\"https:\/\/www.tosunlux.eu\/tr\/products\/gty-coppeer-cable-connector\/\" \/>\n<meta property=\"og:locale\" content=\"tr_TR\" \/>\n<meta property=\"og:type\" content=\"article\" \/>\n<meta property=\"og:title\" content=\"WholesaleGTY Coppeer Cable Connector - TOSUNlux Official Site - Electrical Circuit Breaker Manufacturer in China Low Voltage Electrical Supplier | TOSUNlux\" \/>\n<meta property=\"og:description\" content=\"GTY Coppeer Cable Connector Supplier - Wholesale direct from TOSUNlux, a trusted manufacturer since 1994. Get your B2B factory quote on our certified Low Voltage electrical products.\" \/>\n<meta property=\"og:url\" content=\"https:\/\/www.tosunlux.eu\/tr\/products\/gty-coppeer-cable-connector\/\" \/>\n<meta property=\"og:site_name\" content=\"TOSUNlux Official Site - Electrical Circuit Breaker Manufacturer in China\" \/>\n<meta property=\"article:publisher\" content=\"https:\/\/www.facebook.com\/TOSUNelectric\/\" \/>\n<meta property=\"article:modified_time\" content=\"2022-07-09T07:20:17+00:00\" \/>\n<meta property=\"og:image\" content=\"https:\/\/www.tosunlux.eu\/wp-content\/uploads\/2023\/04\/DSC08160_\u526f\u672c.jpg\" \/>\n\t<meta property=\"og:image:width\" content=\"1500\" \/>\n\t<meta property=\"og:image:height\" content=\"940\" \/>\n\t<meta property=\"og:image:type\" content=\"image\/jpeg\" \/>\n<meta name=\"twitter:card\" content=\"summary_large_image\" \/>\n<meta name=\"twitter:label1\" content=\"Tahmini okuma s\u00fcresi\" \/>\n\t<meta name=\"twitter:data1\" content=\"1 dakika\" \/>\n<script type=\"application\/ld+json\" class=\"yoast-schema-graph\">{\"@context\":\"https:\\\/\\\/schema.org\",\"@graph\":[{\"@type\":\"WebPage\",\"@id\":\"https:\\\/\\\/www.tosunlux.eu\\\/products\\\/gty-coppeer-cable-connector\\\/\",\"url\":\"https:\\\/\\\/www.tosunlux.eu\\\/products\\\/gty-coppeer-cable-connector\\\/\",\"name\":\"WholesaleGTY Coppeer Cable Connector - TOSUNlux Official Site - Electrical Circuit Breaker Manufacturer in China Low Voltage Electrical Supplier | TOSUNlux\",\"isPartOf\":{\"@id\":\"https:\\\/\\\/www.tosunlux.eu\\\/ru\\\/#website\"},\"datePublished\":\"2022-07-09T05:37:01+00:00\",\"dateModified\":\"2022-07-09T07:20:17+00:00\",\"description\":\"GTY Coppeer Cable Connector Supplier - Wholesale direct from TOSUNlux, a trusted manufacturer since 1994. Get your B2B factory quote on our certified Low Voltage electrical products.\",\"breadcrumb\":{\"@id\":\"https:\\\/\\\/www.tosunlux.eu\\\/products\\\/gty-coppeer-cable-connector\\\/#breadcrumb\"},\"inLanguage\":\"tr\",\"potentialAction\":[{\"@type\":\"ReadAction\",\"target\":[\"https:\\\/\\\/www.tosunlux.eu\\\/products\\\/gty-coppeer-cable-connector\\\/\"]}]},{\"@type\":\"BreadcrumbList\",\"@id\":\"https:\\\/\\\/www.tosunlux.eu\\\/products\\\/gty-coppeer-cable-connector\\\/#breadcrumb\",\"itemListElement\":[{\"@type\":\"ListItem\",\"position\":1,\"name\":\"Home\",\"item\":\"https:\\\/\\\/www.tosunlux.eu\\\/ru\\\/\"},{\"@type\":\"ListItem\",\"position\":2,\"name\":\"Products\",\"item\":\"https:\\\/\\\/www.tosunlux.eu\\\/products\\\/\"},{\"@type\":\"ListItem\",\"position\":3,\"name\":\"GTY Coppeer Cable Connector\"}]},{\"@type\":\"WebSite\",\"@id\":\"https:\\\/\\\/www.tosunlux.eu\\\/ru\\\/#website\",\"url\":\"https:\\\/\\\/www.tosunlux.eu\\\/ru\\\/\",\"name\":\"TOSUNlux Official Site - Electrical Circuit Breaker Manufacturer in China\",\"description\":\"Power Distribution System Supplier\",\"publisher\":{\"@id\":\"https:\\\/\\\/www.tosunlux.eu\\\/ru\\\/#organization\"},\"alternateName\":\"TOSUNlux\",\"potentialAction\":[{\"@type\":\"SearchAction\",\"target\":{\"@type\":\"EntryPoint\",\"urlTemplate\":\"https:\\\/\\\/www.tosunlux.eu\\\/ru\\\/?s={search_term_string}\"},\"query-input\":{\"@type\":\"PropertyValueSpecification\",\"valueRequired\":true,\"valueName\":\"search_term_string\"}}],\"inLanguage\":\"tr\"},{\"@type\":\"Organization\",\"@id\":\"https:\\\/\\\/www.tosunlux.eu\\\/ru\\\/#organization\",\"name\":\"TOSUNlux\",\"url\":\"https:\\\/\\\/www.tosunlux.eu\\\/ru\\\/\",\"logo\":{\"@type\":\"ImageObject\",\"inLanguage\":\"tr\",\"@id\":\"https:\\\/\\\/www.tosunlux.eu\\\/ru\\\/#\\\/schema\\\/logo\\\/image\\\/\",\"url\":\"https:\\\/\\\/www.tosunlux.eu\\\/wp-content\\\/uploads\\\/2022\\\/01\\\/LOGOSYSM.71762f1.png\",\"contentUrl\":\"https:\\\/\\\/www.tosunlux.eu\\\/wp-content\\\/uploads\\\/2022\\\/01\\\/LOGOSYSM.71762f1.png\",\"width\":153,\"height\":55,\"caption\":\"TOSUNlux\"},\"image\":{\"@id\":\"https:\\\/\\\/www.tosunlux.eu\\\/ru\\\/#\\\/schema\\\/logo\\\/image\\\/\"},\"sameAs\":[\"https:\\\/\\\/www.facebook.com\\\/TOSUNelectric\\\/\",\"https:\\\/\\\/www.linkedin.com\\\/company\\\/wenzhou-tosun-electric-co.-ltd\\\/\"]}]}<\/script>\n<!-- \/ Yoast SEO plugin. -->","yoast_head_json":{"title":"Toptan GTY Bak\u0131r Kablo Konnekt\u00f6r\u00fc - TOSUNlux Resmi Sitesi - \u00c7in&#039;de Elektrik Sigortas\u0131 \u00dcreticisi ve D\u00fc\u015f\u00fck Voltajl\u0131 Elektrik Tedarik\u00e7isi | TOSUNlux","description":"GTY Bak\u0131r Kablo Konnekt\u00f6r Tedarik\u00e7isi - 1994&#039;ten beri g\u00fcvenilir bir \u00fcretici olan TOSUNlux&#039;tan do\u011frudan toptan sat\u0131\u015f. Sertifikal\u0131 D\u00fc\u015f\u00fck Gerilim elektrik \u00fcr\u00fcnlerimiz i\u00e7in B2B fabrika fiyat teklifinizi al\u0131n.","robots":{"index":"index","follow":"follow","max-snippet":"max-snippet:-1","max-image-preview":"max-image-preview:large","max-video-preview":"max-video-preview:-1"},"canonical":"https:\/\/www.tosunlux.eu\/tr\/products\/gty-coppeer-cable-connector\/","og_locale":"tr_TR","og_type":"article","og_title":"WholesaleGTY Coppeer Cable Connector - TOSUNlux Official Site - Electrical Circuit Breaker Manufacturer in China Low Voltage Electrical Supplier | TOSUNlux","og_description":"GTY Coppeer Cable Connector Supplier - Wholesale direct from TOSUNlux, a trusted manufacturer since 1994. Get your B2B factory quote on our certified Low Voltage electrical products.","og_url":"https:\/\/www.tosunlux.eu\/tr\/products\/gty-coppeer-cable-connector\/","og_site_name":"TOSUNlux Official Site - Electrical Circuit Breaker Manufacturer in China","article_publisher":"https:\/\/www.facebook.com\/TOSUNelectric\/","article_modified_time":"2022-07-09T07:20:17+00:00","og_image":[{"width":1500,"height":940,"url":"https:\/\/www.tosunlux.eu\/wp-content\/uploads\/2023\/04\/DSC08160_\u526f\u672c.jpg","type":"image\/jpeg"}],"twitter_card":"summary_large_image","twitter_misc":{"Tahmini okuma s\u00fcresi":"1 dakika"},"schema":{"@context":"https:\/\/schema.org","@graph":[{"@type":"WebPage","@id":"https:\/\/www.tosunlux.eu\/products\/gty-coppeer-cable-connector\/","url":"https:\/\/www.tosunlux.eu\/products\/gty-coppeer-cable-connector\/","name":"Toptan GTY Bak\u0131r Kablo Konnekt\u00f6r\u00fc - TOSUNlux Resmi Sitesi - \u00c7in&#039;de Elektrik Sigortas\u0131 \u00dcreticisi ve D\u00fc\u015f\u00fck Voltajl\u0131 Elektrik Tedarik\u00e7isi | TOSUNlux","isPartOf":{"@id":"https:\/\/www.tosunlux.eu\/ru\/#website"},"datePublished":"2022-07-09T05:37:01+00:00","dateModified":"2022-07-09T07:20:17+00:00","description":"GTY Bak\u0131r Kablo Konnekt\u00f6r Tedarik\u00e7isi - 1994&#039;ten beri g\u00fcvenilir bir \u00fcretici olan TOSUNlux&#039;tan do\u011frudan toptan sat\u0131\u015f. Sertifikal\u0131 D\u00fc\u015f\u00fck Gerilim elektrik \u00fcr\u00fcnlerimiz i\u00e7in B2B fabrika fiyat teklifinizi al\u0131n.","breadcrumb":{"@id":"https:\/\/www.tosunlux.eu\/products\/gty-coppeer-cable-connector\/#breadcrumb"},"inLanguage":"tr","potentialAction":[{"@type":"ReadAction","target":["https:\/\/www.tosunlux.eu\/products\/gty-coppeer-cable-connector\/"]}]},{"@type":"BreadcrumbList","@id":"https:\/\/www.tosunlux.eu\/products\/gty-coppeer-cable-connector\/#breadcrumb","itemListElement":[{"@type":"ListItem","position":1,"name":"Home","item":"https:\/\/www.tosunlux.eu\/ru\/"},{"@type":"ListItem","position":2,"name":"Products","item":"https:\/\/www.tosunlux.eu\/products\/"},{"@type":"ListItem","position":3,"name":"GTY Coppeer Cable Connector"}]},{"@type":"WebSite","@id":"https:\/\/www.tosunlux.eu\/ru\/#website","url":"https:\/\/www.tosunlux.eu\/ru\/","name":"TOSUNlux Resmi Sitesi - \u00c7in&#039;de Elektrik Sigortas\u0131 \u00dcreticisi","description":"G\u00fc\u00e7 Da\u011f\u0131t\u0131m Sistemi Tedarik\u00e7isi","publisher":{"@id":"https:\/\/www.tosunlux.eu\/ru\/#organization"},"alternateName":"TOSUNlux","potentialAction":[{"@type":"SearchAction","target":{"@type":"EntryPoint","urlTemplate":"https:\/\/www.tosunlux.eu\/ru\/?s={search_term_string}"},"query-input":{"@type":"PropertyValueSpecification","valueRequired":true,"valueName":"search_term_string"}}],"inLanguage":"tr"},{"@type":"Organization","@id":"https:\/\/www.tosunlux.eu\/ru\/#organization","name":"TOSUNlux","url":"https:\/\/www.tosunlux.eu\/ru\/","logo":{"@type":"ImageObject","inLanguage":"tr","@id":"https:\/\/www.tosunlux.eu\/ru\/#\/schema\/logo\/image\/","url":"https:\/\/www.tosunlux.eu\/wp-content\/uploads\/2022\/01\/LOGOSYSM.71762f1.png","contentUrl":"https:\/\/www.tosunlux.eu\/wp-content\/uploads\/2022\/01\/LOGOSYSM.71762f1.png","width":153,"height":55,"caption":"TOSUNlux"},"image":{"@id":"https:\/\/www.tosunlux.eu\/ru\/#\/schema\/logo\/image\/"},"sameAs":["https:\/\/www.facebook.com\/TOSUNelectric\/","https:\/\/www.linkedin.com\/company\/wenzhou-tosun-electric-co.-ltd\/"]}]}},"_links":{"self":[{"href":"https:\/\/www.tosunlux.eu\/tr\/wp-json\/wp\/v2\/product\/4350","targetHints":{"allow":["GET"]}}],"collection":[{"href":"https:\/\/www.tosunlux.eu\/tr\/wp-json\/wp\/v2\/product"}],"about":[{"href":"https:\/\/www.tosunlux.eu\/tr\/wp-json\/wp\/v2\/types\/product"}],"version-history":[{"count":0,"href":"https:\/\/www.tosunlux.eu\/tr\/wp-json\/wp\/v2\/product\/4350\/revisions"}],"wp:attachment":[{"href":"https:\/\/www.tosunlux.eu\/tr\/wp-json\/wp\/v2\/media?parent=4350"}],"wp:term":[{"taxonomy":"product_category","embeddable":true,"href":"https:\/\/www.tosunlux.eu\/tr\/wp-json\/wp\/v2\/product_category?post=4350"}],"curies":[{"name":"wp","href":"https:\/\/api.w.org\/{rel}","templated":true}]}}