{"id":4467,"date":"2022-07-11T15:37:44","date_gmt":"2022-07-11T07:37:44","guid":{"rendered":"https:\/\/www.tosunlux.eu\/?post_type=product&#038;p=4467"},"modified":"2023-06-05T10:00:34","modified_gmt":"2023-06-05T02:00:34","slug":"ac-ventilating-fan%ef%bc%88120x120x25%ef%bc%89","status":"publish","type":"product","link":"https:\/\/www.tosunlux.eu\/tr\/products\/ac-ventilating-fan%ef%bc%88120x120x25%ef%bc%89\/","title":{"rendered":"AC Havaland\u0131rma Fan\u0131 (120x120x25)"},"content":{"rendered":"<figure class=\"wp-block-image size-large\"><img fetchpriority=\"high\" decoding=\"async\" width=\"1024\" height=\"481\" src=\"https:\/\/www.tosunlux.eu\/wp-content\/uploads\/2023\/06\/AC-Ventilating-Fan-12012025\u5c3a\u5bf8-1-1024x481.jpg\" alt=\"\" class=\"wp-image-6928\" srcset=\"https:\/\/www.tosunlux.eu\/wp-content\/uploads\/2023\/06\/AC-Ventilating-Fan-12012025\u5c3a\u5bf8-1-1024x481.jpg 1024w, https:\/\/www.tosunlux.eu\/wp-content\/uploads\/2023\/06\/AC-Ventilating-Fan-12012025\u5c3a\u5bf8-1-300x141.jpg 300w, https:\/\/www.tosunlux.eu\/wp-content\/uploads\/2023\/06\/AC-Ventilating-Fan-12012025\u5c3a\u5bf8-1-768x360.jpg 768w, https:\/\/www.tosunlux.eu\/wp-content\/uploads\/2023\/06\/AC-Ventilating-Fan-12012025\u5c3a\u5bf8-1-1536x721.jpg 1536w, https:\/\/www.tosunlux.eu\/wp-content\/uploads\/2023\/06\/AC-Ventilating-Fan-12012025\u5c3a\u5bf8-1-18x8.jpg 18w, https:\/\/www.tosunlux.eu\/wp-content\/uploads\/2023\/06\/AC-Ventilating-Fan-12012025\u5c3a\u5bf8-1.jpg 1600w\" sizes=\"(max-width: 1024px) 100vw, 1024px\" \/><\/figure>\n\n\n<table width=\"1003\">\n<tbody>\n<tr>\n<td style=\"text-align: left;\" colspan=\"9\" width=\"1003\">\u015eartname<\/td>\n<\/tr>\n<tr>\n<td style=\"text-align: center;\" rowspan=\"2\" width=\"183\">\u00d6rnek<\/td>\n<td style=\"text-align: center;\" width=\"108\">Gerilim<\/td>\n<td style=\"text-align: center;\" width=\"108\">S\u0131kl\u0131k<\/td>\n<td style=\"text-align: center;\" width=\"108\">Ak\u0131m<\/td>\n<td style=\"text-align: center;\" width=\"108\">G\u00fc\u00e7<\/td>\n<td style=\"text-align: center;\" width=\"108\">H\u0131z<\/td>\n<td style=\"text-align: center;\" width=\"108\">Hava Hacmi<\/td>\n<td style=\"text-align: center;\" width=\"108\">G\u00fcr\u00fclt\u00fc<\/td>\n<td style=\"text-align: center;\" rowspan=\"2\" width=\"57\">Rulman<\/td>\n<\/tr>\n<tr>\n<td style=\"text-align: center;\" width=\"108\">(D)<\/td>\n<td style=\"text-align: center;\" width=\"108\">(Hz.)<\/td>\n<td style=\"text-align: center;\" width=\"108\">(A)<\/td>\n<td style=\"text-align: center;\" width=\"108\">(K)<\/td>\n<td style=\"text-align: center;\" width=\"108\">(DEV\u0130R\/DAK\u0130KA)<\/td>\n<td style=\"text-align: center;\" width=\"108\">(\u00c7M)<\/td>\n<td style=\"text-align: center;\" width=\"108\">(dB)<\/td>\n<\/tr>\n<tr>\n<td style=\"text-align: center;\" width=\"183\">120x120x25<\/td>\n<td style=\"text-align: center;\" width=\"108\">220<\/td>\n<td style=\"text-align: center;\" width=\"108\">50\/60<\/td>\n<td style=\"text-align: center;\" width=\"108\">0.1<\/td>\n<td style=\"text-align: center;\" width=\"108\">18<\/td>\n<td style=\"text-align: center;\" width=\"108\">2420<\/td>\n<td style=\"text-align: center;\" width=\"108\">78<\/td>\n<td style=\"text-align: center;\" width=\"108\">30<\/td>\n<td style=\"text-align: center;\" width=\"57\">Ya\u011f<\/td>\n<\/tr>\n<tr>\n<td style=\"text-align: center;\" width=\"183\">120x120x25\u00a0<\/td>\n<td style=\"text-align: center;\" width=\"108\">220<\/td>\n<td style=\"text-align: center;\" width=\"108\">50\/60<\/td>\n<td style=\"text-align: center;\" width=\"108\">0.1<\/td>\n<td style=\"text-align: center;\" width=\"108\">18<\/td>\n<td style=\"text-align: center;\" width=\"108\">2420<\/td>\n<td style=\"text-align: center;\" width=\"108\">79<\/td>\n<td style=\"text-align: center;\" width=\"108\">30<\/td>\n<td style=\"text-align: center;\" width=\"57\">Top<\/td>\n<\/tr>\n<\/tbody>\n<\/table>","protected":false},"parent":0,"template":"","product_category":[103],"class_list":["post-4467","product","type-product","status-publish","hentry","product_category-ventilation-heating"],"yoast_head":"<!-- This site is optimized with the Yoast SEO plugin v27.5 - https:\/\/yoast.com\/product\/yoast-seo-wordpress\/ -->\n<title>WholesaleAC Ventilating Fan\uff08120x120x25\uff09 - TOSUNlux Official Site - Electrical Circuit Breaker Manufacturer in China Low Voltage Electrical Supplier | TOSUNlux<\/title>\n<meta name=\"description\" content=\"AC Ventilating Fan\uff08120x120x25\uff09 Supplier - Wholesale direct from TOSUNlux, a trusted manufacturer since 1994. Get your B2B factory quote on our certified Low Voltage electrical products.\" \/>\n<meta name=\"robots\" content=\"index, follow, max-snippet:-1, max-image-preview:large, max-video-preview:-1\" \/>\n<link rel=\"canonical\" href=\"https:\/\/www.tosunlux.eu\/tr\/products\/ac-ventilating-fan\uff08120x120x25\uff09\/\" \/>\n<meta property=\"og:locale\" content=\"tr_TR\" \/>\n<meta property=\"og:type\" content=\"article\" \/>\n<meta property=\"og:title\" content=\"WholesaleAC Ventilating Fan\uff08120x120x25\uff09 - TOSUNlux Official Site - Electrical Circuit Breaker Manufacturer in China Low Voltage Electrical Supplier | TOSUNlux\" \/>\n<meta property=\"og:description\" content=\"AC Ventilating Fan\uff08120x120x25\uff09 Supplier - Wholesale direct from TOSUNlux, a trusted manufacturer since 1994. Get your B2B factory quote on our certified Low Voltage electrical products.\" \/>\n<meta property=\"og:url\" content=\"https:\/\/www.tosunlux.eu\/tr\/products\/ac-ventilating-fan\uff08120x120x25\uff09\/\" \/>\n<meta property=\"og:site_name\" content=\"TOSUNlux Official Site - Electrical Circuit Breaker Manufacturer in China\" \/>\n<meta property=\"article:publisher\" content=\"https:\/\/www.facebook.com\/TOSUNelectric\/\" \/>\n<meta property=\"article:modified_time\" content=\"2023-06-05T02:00:34+00:00\" \/>\n<meta property=\"og:image\" content=\"https:\/\/www.tosunlux.eu\/wp-content\/uploads\/2023\/04\/DSC08160_\u526f\u672c.jpg\" \/>\n\t<meta property=\"og:image:width\" content=\"1500\" \/>\n\t<meta property=\"og:image:height\" content=\"940\" \/>\n\t<meta property=\"og:image:type\" content=\"image\/jpeg\" \/>\n<meta name=\"twitter:card\" content=\"summary_large_image\" \/>\n<meta name=\"twitter:label1\" content=\"Tahmini okuma s\u00fcresi\" \/>\n\t<meta name=\"twitter:data1\" content=\"1 dakika\" \/>\n<script type=\"application\/ld+json\" class=\"yoast-schema-graph\">{\"@context\":\"https:\\\/\\\/schema.org\",\"@graph\":[{\"@type\":\"WebPage\",\"@id\":\"https:\\\/\\\/www.tosunlux.eu\\\/products\\\/ac-ventilating-fan%ef%bc%88120x120x25%ef%bc%89\\\/\",\"url\":\"https:\\\/\\\/www.tosunlux.eu\\\/products\\\/ac-ventilating-fan%ef%bc%88120x120x25%ef%bc%89\\\/\",\"name\":\"WholesaleAC Ventilating Fan\uff08120x120x25\uff09 - TOSUNlux Official Site - Electrical Circuit Breaker Manufacturer in China Low Voltage Electrical Supplier | TOSUNlux\",\"isPartOf\":{\"@id\":\"https:\\\/\\\/www.tosunlux.eu\\\/ru\\\/#website\"},\"datePublished\":\"2022-07-11T07:37:44+00:00\",\"dateModified\":\"2023-06-05T02:00:34+00:00\",\"description\":\"AC Ventilating Fan\uff08120x120x25\uff09 Supplier - Wholesale direct from TOSUNlux, a trusted manufacturer since 1994. Get your B2B factory quote on our certified Low Voltage electrical products.\",\"breadcrumb\":{\"@id\":\"https:\\\/\\\/www.tosunlux.eu\\\/products\\\/ac-ventilating-fan%ef%bc%88120x120x25%ef%bc%89\\\/#breadcrumb\"},\"inLanguage\":\"tr\",\"potentialAction\":[{\"@type\":\"ReadAction\",\"target\":[\"https:\\\/\\\/www.tosunlux.eu\\\/products\\\/ac-ventilating-fan%ef%bc%88120x120x25%ef%bc%89\\\/\"]}]},{\"@type\":\"BreadcrumbList\",\"@id\":\"https:\\\/\\\/www.tosunlux.eu\\\/products\\\/ac-ventilating-fan%ef%bc%88120x120x25%ef%bc%89\\\/#breadcrumb\",\"itemListElement\":[{\"@type\":\"ListItem\",\"position\":1,\"name\":\"Home\",\"item\":\"https:\\\/\\\/www.tosunlux.eu\\\/ru\\\/\"},{\"@type\":\"ListItem\",\"position\":2,\"name\":\"Products\",\"item\":\"https:\\\/\\\/www.tosunlux.eu\\\/products\\\/\"},{\"@type\":\"ListItem\",\"position\":3,\"name\":\"AC Ventilating Fan\uff08120x120x25\uff09\"}]},{\"@type\":\"WebSite\",\"@id\":\"https:\\\/\\\/www.tosunlux.eu\\\/ru\\\/#website\",\"url\":\"https:\\\/\\\/www.tosunlux.eu\\\/ru\\\/\",\"name\":\"TOSUNlux Official Site - Electrical Circuit Breaker Manufacturer in China\",\"description\":\"Power Distribution System Supplier\",\"publisher\":{\"@id\":\"https:\\\/\\\/www.tosunlux.eu\\\/ru\\\/#organization\"},\"alternateName\":\"TOSUNlux\",\"potentialAction\":[{\"@type\":\"SearchAction\",\"target\":{\"@type\":\"EntryPoint\",\"urlTemplate\":\"https:\\\/\\\/www.tosunlux.eu\\\/ru\\\/?s={search_term_string}\"},\"query-input\":{\"@type\":\"PropertyValueSpecification\",\"valueRequired\":true,\"valueName\":\"search_term_string\"}}],\"inLanguage\":\"tr\"},{\"@type\":\"Organization\",\"@id\":\"https:\\\/\\\/www.tosunlux.eu\\\/ru\\\/#organization\",\"name\":\"TOSUNlux\",\"url\":\"https:\\\/\\\/www.tosunlux.eu\\\/ru\\\/\",\"logo\":{\"@type\":\"ImageObject\",\"inLanguage\":\"tr\",\"@id\":\"https:\\\/\\\/www.tosunlux.eu\\\/ru\\\/#\\\/schema\\\/logo\\\/image\\\/\",\"url\":\"https:\\\/\\\/www.tosunlux.eu\\\/wp-content\\\/uploads\\\/2022\\\/01\\\/LOGOSYSM.71762f1.png\",\"contentUrl\":\"https:\\\/\\\/www.tosunlux.eu\\\/wp-content\\\/uploads\\\/2022\\\/01\\\/LOGOSYSM.71762f1.png\",\"width\":153,\"height\":55,\"caption\":\"TOSUNlux\"},\"image\":{\"@id\":\"https:\\\/\\\/www.tosunlux.eu\\\/ru\\\/#\\\/schema\\\/logo\\\/image\\\/\"},\"sameAs\":[\"https:\\\/\\\/www.facebook.com\\\/TOSUNelectric\\\/\",\"https:\\\/\\\/www.linkedin.com\\\/company\\\/wenzhou-tosun-electric-co.-ltd\\\/\"]}]}<\/script>\n<!-- \/ Yoast SEO plugin. -->","yoast_head_json":{"title":"WholesaleAC Ventilating Fan\uff08120x120x25\uff09 - TOSUNlux Official Site - Electrical Circuit Breaker Manufacturer in China Low Voltage Electrical Supplier | TOSUNlux","description":"AC Ventilating Fan\uff08120x120x25\uff09 Supplier - Wholesale direct from TOSUNlux, a trusted manufacturer since 1994. Get your B2B factory quote on our certified Low Voltage electrical products.","robots":{"index":"index","follow":"follow","max-snippet":"max-snippet:-1","max-image-preview":"max-image-preview:large","max-video-preview":"max-video-preview:-1"},"canonical":"https:\/\/www.tosunlux.eu\/tr\/products\/ac-ventilating-fan\uff08120x120x25\uff09\/","og_locale":"tr_TR","og_type":"article","og_title":"WholesaleAC Ventilating Fan\uff08120x120x25\uff09 - TOSUNlux Official Site - Electrical Circuit Breaker Manufacturer in China Low Voltage Electrical Supplier | TOSUNlux","og_description":"AC Ventilating Fan\uff08120x120x25\uff09 Supplier - Wholesale direct from TOSUNlux, a trusted manufacturer since 1994. Get your B2B factory quote on our certified Low Voltage electrical products.","og_url":"https:\/\/www.tosunlux.eu\/tr\/products\/ac-ventilating-fan\uff08120x120x25\uff09\/","og_site_name":"TOSUNlux Official Site - Electrical Circuit Breaker Manufacturer in China","article_publisher":"https:\/\/www.facebook.com\/TOSUNelectric\/","article_modified_time":"2023-06-05T02:00:34+00:00","og_image":[{"width":1500,"height":940,"url":"https:\/\/www.tosunlux.eu\/wp-content\/uploads\/2023\/04\/DSC08160_\u526f\u672c.jpg","type":"image\/jpeg"}],"twitter_card":"summary_large_image","twitter_misc":{"Tahmini okuma s\u00fcresi":"1 dakika"},"schema":{"@context":"https:\/\/schema.org","@graph":[{"@type":"WebPage","@id":"https:\/\/www.tosunlux.eu\/products\/ac-ventilating-fan%ef%bc%88120x120x25%ef%bc%89\/","url":"https:\/\/www.tosunlux.eu\/products\/ac-ventilating-fan%ef%bc%88120x120x25%ef%bc%89\/","name":"WholesaleAC Ventilating Fan\uff08120x120x25\uff09 - TOSUNlux Official Site - Electrical Circuit Breaker Manufacturer in China Low Voltage Electrical Supplier | TOSUNlux","isPartOf":{"@id":"https:\/\/www.tosunlux.eu\/ru\/#website"},"datePublished":"2022-07-11T07:37:44+00:00","dateModified":"2023-06-05T02:00:34+00:00","description":"AC Ventilating Fan\uff08120x120x25\uff09 Supplier - Wholesale direct from TOSUNlux, a trusted manufacturer since 1994. Get your B2B factory quote on our certified Low Voltage electrical products.","breadcrumb":{"@id":"https:\/\/www.tosunlux.eu\/products\/ac-ventilating-fan%ef%bc%88120x120x25%ef%bc%89\/#breadcrumb"},"inLanguage":"tr","potentialAction":[{"@type":"ReadAction","target":["https:\/\/www.tosunlux.eu\/products\/ac-ventilating-fan%ef%bc%88120x120x25%ef%bc%89\/"]}]},{"@type":"BreadcrumbList","@id":"https:\/\/www.tosunlux.eu\/products\/ac-ventilating-fan%ef%bc%88120x120x25%ef%bc%89\/#breadcrumb","itemListElement":[{"@type":"ListItem","position":1,"name":"Home","item":"https:\/\/www.tosunlux.eu\/ru\/"},{"@type":"ListItem","position":2,"name":"Products","item":"https:\/\/www.tosunlux.eu\/products\/"},{"@type":"ListItem","position":3,"name":"AC Ventilating Fan\uff08120x120x25\uff09"}]},{"@type":"WebSite","@id":"https:\/\/www.tosunlux.eu\/ru\/#website","url":"https:\/\/www.tosunlux.eu\/ru\/","name":"TOSUNlux Resmi Sitesi - \u00c7in&#039;de Elektrik Sigortas\u0131 \u00dcreticisi","description":"G\u00fc\u00e7 Da\u011f\u0131t\u0131m Sistemi Tedarik\u00e7isi","publisher":{"@id":"https:\/\/www.tosunlux.eu\/ru\/#organization"},"alternateName":"TOSUNlux","potentialAction":[{"@type":"SearchAction","target":{"@type":"EntryPoint","urlTemplate":"https:\/\/www.tosunlux.eu\/ru\/?s={search_term_string}"},"query-input":{"@type":"PropertyValueSpecification","valueRequired":true,"valueName":"search_term_string"}}],"inLanguage":"tr"},{"@type":"Organization","@id":"https:\/\/www.tosunlux.eu\/ru\/#organization","name":"TOSUNlux","url":"https:\/\/www.tosunlux.eu\/ru\/","logo":{"@type":"ImageObject","inLanguage":"tr","@id":"https:\/\/www.tosunlux.eu\/ru\/#\/schema\/logo\/image\/","url":"https:\/\/www.tosunlux.eu\/wp-content\/uploads\/2022\/01\/LOGOSYSM.71762f1.png","contentUrl":"https:\/\/www.tosunlux.eu\/wp-content\/uploads\/2022\/01\/LOGOSYSM.71762f1.png","width":153,"height":55,"caption":"TOSUNlux"},"image":{"@id":"https:\/\/www.tosunlux.eu\/ru\/#\/schema\/logo\/image\/"},"sameAs":["https:\/\/www.facebook.com\/TOSUNelectric\/","https:\/\/www.linkedin.com\/company\/wenzhou-tosun-electric-co.-ltd\/"]}]}},"_links":{"self":[{"href":"https:\/\/www.tosunlux.eu\/tr\/wp-json\/wp\/v2\/product\/4467","targetHints":{"allow":["GET"]}}],"collection":[{"href":"https:\/\/www.tosunlux.eu\/tr\/wp-json\/wp\/v2\/product"}],"about":[{"href":"https:\/\/www.tosunlux.eu\/tr\/wp-json\/wp\/v2\/types\/product"}],"version-history":[{"count":1,"href":"https:\/\/www.tosunlux.eu\/tr\/wp-json\/wp\/v2\/product\/4467\/revisions"}],"predecessor-version":[{"id":6930,"href":"https:\/\/www.tosunlux.eu\/tr\/wp-json\/wp\/v2\/product\/4467\/revisions\/6930"}],"wp:attachment":[{"href":"https:\/\/www.tosunlux.eu\/tr\/wp-json\/wp\/v2\/media?parent=4467"}],"wp:term":[{"taxonomy":"product_category","embeddable":true,"href":"https:\/\/www.tosunlux.eu\/tr\/wp-json\/wp\/v2\/product_category?post=4467"}],"curies":[{"name":"wp","href":"https:\/\/api.w.org\/{rel}","templated":true}]}}