{"id":4681,"date":"2022-07-18T14:16:57","date_gmt":"2022-07-18T06:16:57","guid":{"rendered":"https:\/\/www.tosunlux.eu\/?post_type=product&#038;p=4681"},"modified":"2022-07-18T14:16:58","modified_gmt":"2022-07-18T06:16:58","slug":"ke-terminal-block","status":"publish","type":"product","link":"https:\/\/www.tosunlux.eu\/tr\/products\/ke-terminal-block\/","title":{"rendered":"KE Terminal Blo\u011fu"},"content":{"rendered":"<figure class=\"wp-block-image size-large\"><img fetchpriority=\"high\" decoding=\"async\" width=\"1024\" height=\"249\" src=\"https:\/\/www.tosunlux.eu\/wp-content\/uploads\/2022\/07\/ke-\u603b-1-1024x249.jpg\" alt=\"\" class=\"wp-image-4686\" srcset=\"https:\/\/www.tosunlux.eu\/wp-content\/uploads\/2022\/07\/ke-\u603b-1-1024x249.jpg 1024w, https:\/\/www.tosunlux.eu\/wp-content\/uploads\/2022\/07\/ke-\u603b-1-300x73.jpg 300w, https:\/\/www.tosunlux.eu\/wp-content\/uploads\/2022\/07\/ke-\u603b-1-768x187.jpg 768w, https:\/\/www.tosunlux.eu\/wp-content\/uploads\/2022\/07\/ke-\u603b-1-1536x374.jpg 1536w, https:\/\/www.tosunlux.eu\/wp-content\/uploads\/2022\/07\/ke-\u603b-1-2048x498.jpg 2048w\" sizes=\"(max-width: 1024px) 100vw, 1024px\" \/><\/figure>\n\n\n\n<p><\/p>\n\n\n<p><strong>\u015eartname<\/strong><\/p>\n<table width=\"1066\">\n<tbody>\n<tr>\n<td style=\"text-align: center;\" width=\"89\">\u00d6rnek<\/td>\n<td style=\"text-align: center;\" width=\"169\">Kutup<\/td>\n<td style=\"text-align: center;\" width=\"202\">S\u0131kma torku (Nm)<\/td>\n<td style=\"text-align: center;\" width=\"196\">Nominal Ak\u0131m (A)<\/td>\n<td style=\"text-align: center;\" width=\"196\">Nominal Voltaj(V)<\/td>\n<td style=\"text-align: center;\" width=\"211\">Geni\u015flik x Y\u00fckseklik x Uzunluk<\/td>\n<\/tr>\n<tr>\n<td style=\"text-align: center;\" width=\"89\">KE60<\/td>\n<td style=\"text-align: center;\" width=\"169\">1 kutuplu AI\/Cu1.5-16mm\u00b2<\/td>\n<td style=\"text-align: center;\" width=\"202\">1,5 Nm (1,5 mm\u00b2) 3,5 Nm (2,5-6 mm\u00b2) 7 Nm (10-16 mm\u00b2)<\/td>\n<td style=\"text-align: center;\" width=\"196\">85A<\/td>\n<td style=\"text-align: center;\" width=\"196\">690V<\/td>\n<td style=\"text-align: center;\" width=\"211\">13,5x40x42<\/td>\n<\/tr>\n<tr>\n<td style=\"text-align: center;\" width=\"89\">KE61<\/td>\n<td style=\"text-align: center;\" width=\"169\">1 kutuplu AI\/Cu2.5-50mm\u00b2<\/td>\n<td style=\"text-align: center;\" width=\"202\">4Nm(2,5-4mm\u00b2) 12Nm(6-50mm\u00b2)<\/td>\n<td style=\"text-align: center;\" width=\"196\">Bak\u0131r 160A AI 145A<\/td>\n<td style=\"text-align: center;\" width=\"196\">750V<\/td>\n<td style=\"text-align: center;\" width=\"211\">17,8x43x49<\/td>\n<\/tr>\n<tr>\n<td style=\"text-align: center;\" width=\"89\">KE62<\/td>\n<td style=\"text-align: center;\" width=\"169\">1 kutuplu AI\/Cu16-95mm\u00b2<\/td>\n<td style=\"text-align: center;\" width=\"202\">20Nm<\/td>\n<td style=\"text-align: center;\" width=\"196\">Bak\u0131r 245A AI 220A<\/td>\n<td style=\"text-align: center;\" width=\"196\">750V<\/td>\n<td style=\"text-align: center;\" width=\"211\">24x49x86<\/td>\n<\/tr>\n<tr>\n<td style=\"text-align: center;\" width=\"89\">KE63<\/td>\n<td style=\"text-align: center;\" width=\"169\">1 kutuplu AI\/Cu30-150mm\u00b2<\/td>\n<td style=\"text-align: center;\" width=\"202\">14Nm(35 -95mm\u00b2) 24Nm(120-150mm\u00b2)<\/td>\n<td style=\"text-align: center;\" width=\"196\">Bak\u0131r 320A AI 290A<\/td>\n<td style=\"text-align: center;\" width=\"196\">750V<\/td>\n<td style=\"text-align: center;\" width=\"211\">29,5x59x95<\/td>\n<\/tr>\n<tr>\n<td style=\"text-align: center;\" width=\"89\">KE64<\/td>\n<td style=\"text-align: center;\" width=\"169\">1 kutuplu AI\/Cu35-240mm\u00b2<\/td>\n<td style=\"text-align: center;\" width=\"202\">12Nm(35-70mm\u00b2) 40Nm(95 -240mm\u00b2)<\/td>\n<td style=\"text-align: center;\" width=\"196\">Bak\u0131r 425A AI 380A<\/td>\n<td style=\"text-align: center;\" width=\"196\">750V<\/td>\n<td style=\"text-align: center;\" width=\"211\">37,5x67x130<\/td>\n<\/tr>\n<tr>\n<td style=\"text-align: center;\" width=\"89\">KE65<\/td>\n<td style=\"text-align: center;\" width=\"169\">2 kutuplu AI\/Cu2. 5-35mm\u00b2<\/td>\n<td style=\"text-align: center;\" width=\"202\">3Nm(2 .5-16mm\u00b2) 6Nm(25 -35mm\u00b2)<\/td>\n<td style=\"text-align: center;\" width=\"196\">Bak\u0131r 135A AI 120A<\/td>\n<td style=\"text-align: center;\" width=\"196\">1000V<\/td>\n<td style=\"text-align: center;\" width=\"211\">27x40x46<\/td>\n<\/tr>\n<tr>\n<td style=\"text-align: center;\" width=\"89\">KE66<\/td>\n<td style=\"text-align: center;\" width=\"169\">2 kutuplu AI\/Cu2. 5-50mm\u00b2<\/td>\n<td style=\"text-align: center;\" width=\"202\">4Nm(2,5-4mm\u00b2) 12Nm(6-50mm\u00b2)<\/td>\n<td style=\"text-align: center;\" width=\"196\">Bak\u0131r 160A AI 145A<\/td>\n<td style=\"text-align: center;\" width=\"196\">750V<\/td>\n<td style=\"text-align: center;\" width=\"211\">29,8x43x49<\/td>\n<\/tr>\n<tr>\n<td style=\"text-align: center;\" width=\"89\">KE67<\/td>\n<td style=\"text-align: center;\" width=\"169\">2 kutuplu AI\/Cu16-95mm\u00b2<\/td>\n<td style=\"text-align: center;\" width=\"202\">20Nm<\/td>\n<td style=\"text-align: center;\" width=\"196\">Bak\u0131r 245A AI 220A<\/td>\n<td style=\"text-align: center;\" width=\"196\">750V<\/td>\n<td style=\"text-align: center;\" width=\"211\">42x49x86<\/td>\n<\/tr>\n<tr>\n<td style=\"text-align: center;\" width=\"89\">KE68<\/td>\n<td style=\"text-align: center;\" width=\"169\">2 kutuplu Al\/Cu35-150mm\u00b2<\/td>\n<td style=\"text-align: center;\" width=\"202\">20Nm(35 -95mm\u00b2) 30Nm(120- 150mm\u00b2)<\/td>\n<td style=\"text-align: center;\" width=\"196\">Bak\u0131r 320A AI 290A<\/td>\n<td style=\"text-align: center;\" width=\"196\">750V<\/td>\n<td style=\"text-align: center;\" width=\"211\">51,5x59x95<\/td>\n<\/tr>\n<tr>\n<td style=\"text-align: center;\" rowspan=\"2\" width=\"89\">KE69<\/td>\n<td style=\"text-align: center;\" rowspan=\"2\" width=\"169\">2 kutuplu Al\/Cu35-240mm\u00b2<\/td>\n<td style=\"text-align: center;\" rowspan=\"2\" width=\"202\">12Nm(35-70mm\u00b2) 45Nm(95 -240mm\u00b2)<\/td>\n<td style=\"text-align: center;\" rowspan=\"2\" width=\"196\">Bak\u0131r 425A AI 380A<\/td>\n<td style=\"text-align: center;\" rowspan=\"2\" width=\"196\">750V<\/td>\n<td style=\"text-align: center;\" rowspan=\"2\" width=\"211\">64x67x130<\/td>\n<\/tr>\n<\/tbody>\n<\/table>","protected":false},"parent":0,"template":"","product_category":[36,105],"class_list":["post-4681","product","type-product","status-publish","hentry","product_category-electrical-accessories","product_category-terminal-block"],"yoast_head":"<!-- This site is optimized with the Yoast SEO plugin v27.6 - https:\/\/yoast.com\/product\/yoast-seo-wordpress\/ -->\n<title>WholesaleKE Terminal Block - TOSUNlux Official Site - Electrical Circuit Breaker Manufacturer in China Low Voltage Electrical Supplier | TOSUNlux<\/title>\n<meta name=\"description\" content=\"KE Terminal Block Supplier - Wholesale direct from TOSUNlux, a trusted manufacturer since 1994. Get your B2B factory quote on our certified Low Voltage electrical products.\" \/>\n<meta name=\"robots\" content=\"index, follow, max-snippet:-1, max-image-preview:large, max-video-preview:-1\" \/>\n<link rel=\"canonical\" href=\"https:\/\/www.tosunlux.eu\/tr\/products\/ke-terminal-block\/\" \/>\n<meta property=\"og:locale\" content=\"tr_TR\" \/>\n<meta property=\"og:type\" content=\"article\" \/>\n<meta property=\"og:title\" content=\"WholesaleKE Terminal Block - TOSUNlux Official Site - Electrical Circuit Breaker Manufacturer in China Low Voltage Electrical Supplier | TOSUNlux\" \/>\n<meta property=\"og:description\" content=\"KE Terminal Block Supplier - Wholesale direct from TOSUNlux, a trusted manufacturer since 1994. Get your B2B factory quote on our certified Low Voltage electrical products.\" \/>\n<meta property=\"og:url\" content=\"https:\/\/www.tosunlux.eu\/tr\/products\/ke-terminal-block\/\" \/>\n<meta property=\"og:site_name\" content=\"TOSUNlux Official Site - Electrical Circuit Breaker Manufacturer in China\" \/>\n<meta property=\"article:publisher\" content=\"https:\/\/www.facebook.com\/TOSUNelectric\/\" \/>\n<meta property=\"article:modified_time\" content=\"2022-07-18T06:16:58+00:00\" \/>\n<meta property=\"og:image\" content=\"https:\/\/www.tosunlux.eu\/wp-content\/uploads\/2023\/04\/DSC08160_\u526f\u672c.jpg\" \/>\n\t<meta property=\"og:image:width\" content=\"1500\" \/>\n\t<meta property=\"og:image:height\" content=\"940\" \/>\n\t<meta property=\"og:image:type\" content=\"image\/jpeg\" \/>\n<meta name=\"twitter:card\" content=\"summary_large_image\" \/>\n<meta name=\"twitter:label1\" content=\"Tahmini okuma s\u00fcresi\" \/>\n\t<meta name=\"twitter:data1\" content=\"1 dakika\" \/>\n<script type=\"application\/ld+json\" class=\"yoast-schema-graph\">{\"@context\":\"https:\\\/\\\/schema.org\",\"@graph\":[{\"@type\":\"WebPage\",\"@id\":\"https:\\\/\\\/www.tosunlux.eu\\\/nl\\\/products\\\/ke-terminal-block\\\/\",\"url\":\"https:\\\/\\\/www.tosunlux.eu\\\/nl\\\/products\\\/ke-terminal-block\\\/\",\"name\":\"WholesaleKE Terminal Block - TOSUNlux Official Site - Electrical Circuit Breaker Manufacturer in China Low Voltage Electrical Supplier | TOSUNlux\",\"isPartOf\":{\"@id\":\"https:\\\/\\\/www.tosunlux.eu\\\/ru\\\/#website\"},\"datePublished\":\"2022-07-18T06:16:57+00:00\",\"dateModified\":\"2022-07-18T06:16:58+00:00\",\"description\":\"KE Terminal Block Supplier - Wholesale direct from TOSUNlux, a trusted manufacturer since 1994. Get your B2B factory quote on our certified Low Voltage electrical products.\",\"breadcrumb\":{\"@id\":\"https:\\\/\\\/www.tosunlux.eu\\\/nl\\\/products\\\/ke-terminal-block\\\/#breadcrumb\"},\"inLanguage\":\"tr\",\"potentialAction\":[{\"@type\":\"ReadAction\",\"target\":[\"https:\\\/\\\/www.tosunlux.eu\\\/nl\\\/products\\\/ke-terminal-block\\\/\"]}]},{\"@type\":\"BreadcrumbList\",\"@id\":\"https:\\\/\\\/www.tosunlux.eu\\\/nl\\\/products\\\/ke-terminal-block\\\/#breadcrumb\",\"itemListElement\":[{\"@type\":\"ListItem\",\"position\":1,\"name\":\"Home\",\"item\":\"https:\\\/\\\/www.tosunlux.eu\\\/ru\\\/\"},{\"@type\":\"ListItem\",\"position\":2,\"name\":\"Products\",\"item\":\"https:\\\/\\\/www.tosunlux.eu\\\/products\\\/\"},{\"@type\":\"ListItem\",\"position\":3,\"name\":\"KE Terminal Block\"}]},{\"@type\":\"WebSite\",\"@id\":\"https:\\\/\\\/www.tosunlux.eu\\\/ru\\\/#website\",\"url\":\"https:\\\/\\\/www.tosunlux.eu\\\/ru\\\/\",\"name\":\"TOSUNlux Official Site - Electrical Circuit Breaker Manufacturer in China\",\"description\":\"Power Distribution System Supplier\",\"publisher\":{\"@id\":\"https:\\\/\\\/www.tosunlux.eu\\\/ru\\\/#organization\"},\"alternateName\":\"TOSUNlux\",\"potentialAction\":[{\"@type\":\"SearchAction\",\"target\":{\"@type\":\"EntryPoint\",\"urlTemplate\":\"https:\\\/\\\/www.tosunlux.eu\\\/ru\\\/?s={search_term_string}\"},\"query-input\":{\"@type\":\"PropertyValueSpecification\",\"valueRequired\":true,\"valueName\":\"search_term_string\"}}],\"inLanguage\":\"tr\"},{\"@type\":\"Organization\",\"@id\":\"https:\\\/\\\/www.tosunlux.eu\\\/ru\\\/#organization\",\"name\":\"TOSUNlux\",\"url\":\"https:\\\/\\\/www.tosunlux.eu\\\/ru\\\/\",\"logo\":{\"@type\":\"ImageObject\",\"inLanguage\":\"tr\",\"@id\":\"https:\\\/\\\/www.tosunlux.eu\\\/ru\\\/#\\\/schema\\\/logo\\\/image\\\/\",\"url\":\"https:\\\/\\\/www.tosunlux.eu\\\/wp-content\\\/uploads\\\/2022\\\/01\\\/LOGOSYSM.71762f1.png\",\"contentUrl\":\"https:\\\/\\\/www.tosunlux.eu\\\/wp-content\\\/uploads\\\/2022\\\/01\\\/LOGOSYSM.71762f1.png\",\"width\":153,\"height\":55,\"caption\":\"TOSUNlux\"},\"image\":{\"@id\":\"https:\\\/\\\/www.tosunlux.eu\\\/ru\\\/#\\\/schema\\\/logo\\\/image\\\/\"},\"sameAs\":[\"https:\\\/\\\/www.facebook.com\\\/TOSUNelectric\\\/\",\"https:\\\/\\\/www.linkedin.com\\\/company\\\/wenzhou-tosun-electric-co.-ltd\\\/\"]}]}<\/script>\n<!-- \/ Yoast SEO plugin. -->","yoast_head_json":{"title":"Toptan KE Terminal Blo\u011fu - TOSUNlux Resmi Sitesi - \u00c7in&#039;de Elektrik Sigortas\u0131 \u00dcreticisi, D\u00fc\u015f\u00fck Voltajl\u0131 Elektrik Tedarik\u00e7isi | TOSUNlux","description":"KE Terminal Blo\u011fu Tedarik\u00e7isi - 1994&#039;ten beri g\u00fcvenilir bir \u00fcretici olan TOSUNlux&#039;tan do\u011frudan toptan sat\u0131\u015f. Sertifikal\u0131 D\u00fc\u015f\u00fck Gerilim elektrik \u00fcr\u00fcnlerimiz i\u00e7in B2B fabrika fiyat teklifinizi al\u0131n.","robots":{"index":"index","follow":"follow","max-snippet":"max-snippet:-1","max-image-preview":"max-image-preview:large","max-video-preview":"max-video-preview:-1"},"canonical":"https:\/\/www.tosunlux.eu\/tr\/products\/ke-terminal-block\/","og_locale":"tr_TR","og_type":"article","og_title":"WholesaleKE Terminal Block - TOSUNlux Official Site - Electrical Circuit Breaker Manufacturer in China Low Voltage Electrical Supplier | TOSUNlux","og_description":"KE Terminal Block Supplier - Wholesale direct from TOSUNlux, a trusted manufacturer since 1994. Get your B2B factory quote on our certified Low Voltage electrical products.","og_url":"https:\/\/www.tosunlux.eu\/tr\/products\/ke-terminal-block\/","og_site_name":"TOSUNlux Official Site - Electrical Circuit Breaker Manufacturer in China","article_publisher":"https:\/\/www.facebook.com\/TOSUNelectric\/","article_modified_time":"2022-07-18T06:16:58+00:00","og_image":[{"width":1500,"height":940,"url":"https:\/\/www.tosunlux.eu\/wp-content\/uploads\/2023\/04\/DSC08160_\u526f\u672c.jpg","type":"image\/jpeg"}],"twitter_card":"summary_large_image","twitter_misc":{"Tahmini okuma s\u00fcresi":"1 dakika"},"schema":{"@context":"https:\/\/schema.org","@graph":[{"@type":"WebPage","@id":"https:\/\/www.tosunlux.eu\/nl\/products\/ke-terminal-block\/","url":"https:\/\/www.tosunlux.eu\/nl\/products\/ke-terminal-block\/","name":"Toptan KE Terminal Blo\u011fu - TOSUNlux Resmi Sitesi - \u00c7in&#039;de Elektrik Sigortas\u0131 \u00dcreticisi, D\u00fc\u015f\u00fck Voltajl\u0131 Elektrik Tedarik\u00e7isi | TOSUNlux","isPartOf":{"@id":"https:\/\/www.tosunlux.eu\/ru\/#website"},"datePublished":"2022-07-18T06:16:57+00:00","dateModified":"2022-07-18T06:16:58+00:00","description":"KE Terminal Blo\u011fu Tedarik\u00e7isi - 1994&#039;ten beri g\u00fcvenilir bir \u00fcretici olan TOSUNlux&#039;tan do\u011frudan toptan sat\u0131\u015f. Sertifikal\u0131 D\u00fc\u015f\u00fck Gerilim elektrik \u00fcr\u00fcnlerimiz i\u00e7in B2B fabrika fiyat teklifinizi al\u0131n.","breadcrumb":{"@id":"https:\/\/www.tosunlux.eu\/nl\/products\/ke-terminal-block\/#breadcrumb"},"inLanguage":"tr","potentialAction":[{"@type":"ReadAction","target":["https:\/\/www.tosunlux.eu\/nl\/products\/ke-terminal-block\/"]}]},{"@type":"BreadcrumbList","@id":"https:\/\/www.tosunlux.eu\/nl\/products\/ke-terminal-block\/#breadcrumb","itemListElement":[{"@type":"ListItem","position":1,"name":"Home","item":"https:\/\/www.tosunlux.eu\/ru\/"},{"@type":"ListItem","position":2,"name":"Products","item":"https:\/\/www.tosunlux.eu\/products\/"},{"@type":"ListItem","position":3,"name":"KE Terminal Block"}]},{"@type":"WebSite","@id":"https:\/\/www.tosunlux.eu\/ru\/#website","url":"https:\/\/www.tosunlux.eu\/ru\/","name":"TOSUNlux Resmi Sitesi - \u00c7in&#039;de Elektrik Sigortas\u0131 \u00dcreticisi","description":"G\u00fc\u00e7 Da\u011f\u0131t\u0131m Sistemi Tedarik\u00e7isi","publisher":{"@id":"https:\/\/www.tosunlux.eu\/ru\/#organization"},"alternateName":"TOSUNlux","potentialAction":[{"@type":"SearchAction","target":{"@type":"EntryPoint","urlTemplate":"https:\/\/www.tosunlux.eu\/ru\/?s={search_term_string}"},"query-input":{"@type":"PropertyValueSpecification","valueRequired":true,"valueName":"search_term_string"}}],"inLanguage":"tr"},{"@type":"Organization","@id":"https:\/\/www.tosunlux.eu\/ru\/#organization","name":"TOSUNlux","url":"https:\/\/www.tosunlux.eu\/ru\/","logo":{"@type":"ImageObject","inLanguage":"tr","@id":"https:\/\/www.tosunlux.eu\/ru\/#\/schema\/logo\/image\/","url":"https:\/\/www.tosunlux.eu\/wp-content\/uploads\/2022\/01\/LOGOSYSM.71762f1.png","contentUrl":"https:\/\/www.tosunlux.eu\/wp-content\/uploads\/2022\/01\/LOGOSYSM.71762f1.png","width":153,"height":55,"caption":"TOSUNlux"},"image":{"@id":"https:\/\/www.tosunlux.eu\/ru\/#\/schema\/logo\/image\/"},"sameAs":["https:\/\/www.facebook.com\/TOSUNelectric\/","https:\/\/www.linkedin.com\/company\/wenzhou-tosun-electric-co.-ltd\/"]}]}},"_links":{"self":[{"href":"https:\/\/www.tosunlux.eu\/tr\/wp-json\/wp\/v2\/product\/4681","targetHints":{"allow":["GET"]}}],"collection":[{"href":"https:\/\/www.tosunlux.eu\/tr\/wp-json\/wp\/v2\/product"}],"about":[{"href":"https:\/\/www.tosunlux.eu\/tr\/wp-json\/wp\/v2\/types\/product"}],"version-history":[{"count":0,"href":"https:\/\/www.tosunlux.eu\/tr\/wp-json\/wp\/v2\/product\/4681\/revisions"}],"wp:attachment":[{"href":"https:\/\/www.tosunlux.eu\/tr\/wp-json\/wp\/v2\/media?parent=4681"}],"wp:term":[{"taxonomy":"product_category","embeddable":true,"href":"https:\/\/www.tosunlux.eu\/tr\/wp-json\/wp\/v2\/product_category?post=4681"}],"curies":[{"name":"wp","href":"https:\/\/api.w.org\/{rel}","templated":true}]}}