{"id":4711,"date":"2022-07-18T17:17:05","date_gmt":"2022-07-18T09:17:05","guid":{"rendered":"https:\/\/www.tosunlux.eu\/?post_type=product&#038;p=4711"},"modified":"2022-07-18T17:17:06","modified_gmt":"2022-07-18T09:17:06","slug":"p7-self-screw-shell-end-wire-connector","status":"publish","type":"product","link":"https:\/\/www.tosunlux.eu\/tr\/products\/p7-self-screw-shell-end-wire-connector\/","title":{"rendered":"P7 Kendili\u011finden Vidalanan Kabuk Ucu Tel Konnekt\u00f6r\u00fc"},"content":{"rendered":"<p>\u00b7Malzeme: Naylon 66, i\u00e7inde yay bulunur.<br>\u00b7Kullan\u0131m: tel kaplamas\u0131n\u0131 soyun, teli yerle\u015ftirin ve ard\u0131ndan s\u0131k\u0131n<\/p>\n\n\n\n\n\n\n<table style=\"border-collapse: collapse; width: 444.02pt;\" border=\"0\" width=\"592\" cellspacing=\"0\" cellpadding=\"0\">\n<tbody>\n<tr style=\"height: 15.00pt;\">\n<td class=\"et2\" style=\"height: 15pt; width: 54pt; text-align: center;\" width=\"72\" height=\"20\">\u00d6rnek<\/td>\n<td class=\"et2\" style=\"width: 54pt; text-align: center;\" width=\"72\">Renk<\/td>\n<td class=\"et2\" style=\"width: 54pt; text-align: center;\" width=\"72\">H<\/td>\n<td class=\"et2\" style=\"width: 54pt; text-align: center;\" width=\"72\">B<\/td>\n<td class=\"et2\" style=\"width: 54pt; text-align: center;\" width=\"72\">D<\/td>\n<td class=\"et2\" style=\"width: 174pt; text-align: center;\" width=\"232\">Uygulanan Kablo Aral\u0131\u011f\u0131 (AWG)<\/td>\n<\/tr>\n<tr style=\"height: 13.50pt;\">\n<td class=\"et2\" style=\"height: 13.5pt; text-align: center;\" height=\"18\">P7-1<\/td>\n<td class=\"et2\" style=\"text-align: center;\">Gri<\/td>\n<td class=\"et2\" style=\"text-align: center;\" align=\"right\">15.2<\/td>\n<td class=\"et2\" style=\"text-align: center;\" align=\"right\">8.6<\/td>\n<td class=\"et2\" style=\"text-align: center;\" align=\"right\">6.5<\/td>\n<td class=\"et4\" style=\"text-align: center;\">22-14<\/td>\n<\/tr>\n<tr style=\"height: 13.50pt;\">\n<td class=\"et2\" style=\"height: 13.5pt; text-align: center;\" height=\"18\">P7-2<\/td>\n<td class=\"et2\" style=\"text-align: center;\">Mavi<\/td>\n<td class=\"et2\" style=\"text-align: center;\" align=\"right\">17.7<\/td>\n<td class=\"et2\" style=\"text-align: center;\" align=\"right\">9.9<\/td>\n<td class=\"et2\" style=\"text-align: center;\" align=\"right\">7.1<\/td>\n<td class=\"et4\" style=\"text-align: center;\">22-14<\/td>\n<\/tr>\n<tr style=\"height: 13.50pt;\">\n<td class=\"et2\" style=\"height: 13.5pt; text-align: center;\" height=\"18\">P7-3<\/td>\n<td class=\"et2\" style=\"text-align: center;\">Turuncu<\/td>\n<td class=\"et2\" style=\"text-align: center;\" align=\"right\">22<\/td>\n<td class=\"et2\" style=\"text-align: center;\" align=\"right\">12.7<\/td>\n<td class=\"et2\" style=\"text-align: center;\" align=\"right\">9.7<\/td>\n<td class=\"et4\" style=\"text-align: center;\">22-14<\/td>\n<\/tr>\n<tr style=\"height: 13.50pt;\">\n<td class=\"et2\" style=\"height: 13.5pt; text-align: center;\" height=\"18\">P7-4<\/td>\n<td class=\"et2\" style=\"text-align: center;\">Sar\u0131<\/td>\n<td class=\"et2\" style=\"text-align: center;\" align=\"right\">24.6<\/td>\n<td class=\"et2\" style=\"text-align: center;\" align=\"right\">14<\/td>\n<td class=\"et2\" style=\"text-align: center;\" align=\"right\">11<\/td>\n<td class=\"et5\" style=\"text-align: center;\">22-10<\/td>\n<\/tr>\n<tr style=\"height: 13.50pt;\">\n<td class=\"et2\" style=\"height: 13.5pt; text-align: center;\" height=\"18\">P7-6<\/td>\n<td class=\"et2\" style=\"text-align: center;\">K\u0131rm\u0131z\u0131<\/td>\n<td class=\"et2\" style=\"text-align: center;\" align=\"right\">26.5<\/td>\n<td class=\"et2\" style=\"text-align: center;\" align=\"right\">16.3<\/td>\n<td class=\"et2\" style=\"text-align: center;\" align=\"right\">13.1<\/td>\n<td class=\"et5\" style=\"text-align: center;\">22-10<\/td>\n<\/tr>\n<\/tbody>\n<\/table>\n<p>\u00a0<\/p>\n\n\n<figure class=\"wp-block-image size-full\"><img fetchpriority=\"high\" decoding=\"async\" width=\"474\" height=\"269\" src=\"https:\/\/www.tosunlux.eu\/wp-content\/uploads\/2022\/07\/d2.jpg\" alt=\"\" class=\"wp-image-4713\" srcset=\"https:\/\/www.tosunlux.eu\/wp-content\/uploads\/2022\/07\/d2.jpg 474w, https:\/\/www.tosunlux.eu\/wp-content\/uploads\/2022\/07\/d2-300x170.jpg 300w\" sizes=\"(max-width: 474px) 100vw, 474px\" \/><\/figure>","protected":false},"parent":0,"template":"","product_category":[36,142],"class_list":["post-4711","product","type-product","status-publish","hentry","product_category-electrical-accessories","product_category-flexible-metal-conduit-and-connector"],"yoast_head":"<!-- This site is optimized with the Yoast SEO plugin v27.4 - https:\/\/yoast.com\/product\/yoast-seo-wordpress\/ -->\n<title>WholesaleP7 Self-screw Shell End Wire Connector - TOSUNlux Official Site - Electrical Circuit Breaker Manufacturer in China Low Voltage Electrical Supplier | TOSUNlux<\/title>\n<meta name=\"description\" content=\"P7 Self-screw Shell End Wire Connector Supplier - Wholesale direct from TOSUNlux, a trusted manufacturer since 1994. Get your B2B factory quote on our certified Low Voltage electrical products.\" \/>\n<meta name=\"robots\" content=\"index, follow, max-snippet:-1, max-image-preview:large, max-video-preview:-1\" \/>\n<link rel=\"canonical\" href=\"https:\/\/www.tosunlux.eu\/tr\/products\/p7-self-screw-shell-end-wire-connector\/\" \/>\n<meta property=\"og:locale\" content=\"tr_TR\" \/>\n<meta property=\"og:type\" content=\"article\" \/>\n<meta property=\"og:title\" content=\"WholesaleP7 Self-screw Shell End Wire Connector - TOSUNlux Official Site - Electrical Circuit Breaker Manufacturer in China Low Voltage Electrical Supplier | TOSUNlux\" \/>\n<meta property=\"og:description\" content=\"P7 Self-screw Shell End Wire Connector Supplier - Wholesale direct from TOSUNlux, a trusted manufacturer since 1994. Get your B2B factory quote on our certified Low Voltage electrical products.\" \/>\n<meta property=\"og:url\" content=\"https:\/\/www.tosunlux.eu\/tr\/products\/p7-self-screw-shell-end-wire-connector\/\" \/>\n<meta property=\"og:site_name\" content=\"TOSUNlux Official Site - Electrical Circuit Breaker Manufacturer in China\" \/>\n<meta property=\"article:publisher\" content=\"https:\/\/www.facebook.com\/TOSUNelectric\/\" \/>\n<meta property=\"article:modified_time\" content=\"2022-07-18T09:17:06+00:00\" \/>\n<meta property=\"og:image\" content=\"https:\/\/www.tosunlux.eu\/wp-content\/uploads\/2022\/07\/d2.jpg\" \/>\n<meta name=\"twitter:card\" content=\"summary_large_image\" \/>\n<meta name=\"twitter:label1\" content=\"Tahmini okuma s\u00fcresi\" \/>\n\t<meta name=\"twitter:data1\" content=\"1 dakika\" \/>\n<script type=\"application\/ld+json\" class=\"yoast-schema-graph\">{\"@context\":\"https:\\\/\\\/schema.org\",\"@graph\":[{\"@type\":\"WebPage\",\"@id\":\"https:\\\/\\\/www.tosunlux.eu\\\/ru\\\/products\\\/p7-self-screw-shell-end-wire-connector\\\/\",\"url\":\"https:\\\/\\\/www.tosunlux.eu\\\/ru\\\/products\\\/p7-self-screw-shell-end-wire-connector\\\/\",\"name\":\"WholesaleP7 Self-screw Shell End Wire Connector - TOSUNlux Official Site - Electrical Circuit Breaker Manufacturer in China Low Voltage Electrical Supplier | TOSUNlux\",\"isPartOf\":{\"@id\":\"https:\\\/\\\/www.tosunlux.eu\\\/ru\\\/#website\"},\"primaryImageOfPage\":{\"@id\":\"https:\\\/\\\/www.tosunlux.eu\\\/ru\\\/products\\\/p7-self-screw-shell-end-wire-connector\\\/#primaryimage\"},\"image\":{\"@id\":\"https:\\\/\\\/www.tosunlux.eu\\\/ru\\\/products\\\/p7-self-screw-shell-end-wire-connector\\\/#primaryimage\"},\"thumbnailUrl\":\"https:\\\/\\\/www.tosunlux.eu\\\/wp-content\\\/uploads\\\/2022\\\/07\\\/d2.jpg\",\"datePublished\":\"2022-07-18T09:17:05+00:00\",\"dateModified\":\"2022-07-18T09:17:06+00:00\",\"description\":\"P7 Self-screw Shell End Wire Connector Supplier - Wholesale direct from TOSUNlux, a trusted manufacturer since 1994. Get your B2B factory quote on our certified Low Voltage electrical products.\",\"breadcrumb\":{\"@id\":\"https:\\\/\\\/www.tosunlux.eu\\\/ru\\\/products\\\/p7-self-screw-shell-end-wire-connector\\\/#breadcrumb\"},\"inLanguage\":\"tr\",\"potentialAction\":[{\"@type\":\"ReadAction\",\"target\":[\"https:\\\/\\\/www.tosunlux.eu\\\/ru\\\/products\\\/p7-self-screw-shell-end-wire-connector\\\/\"]}]},{\"@type\":\"ImageObject\",\"inLanguage\":\"tr\",\"@id\":\"https:\\\/\\\/www.tosunlux.eu\\\/ru\\\/products\\\/p7-self-screw-shell-end-wire-connector\\\/#primaryimage\",\"url\":\"https:\\\/\\\/www.tosunlux.eu\\\/wp-content\\\/uploads\\\/2022\\\/07\\\/d2.jpg\",\"contentUrl\":\"https:\\\/\\\/www.tosunlux.eu\\\/wp-content\\\/uploads\\\/2022\\\/07\\\/d2.jpg\"},{\"@type\":\"BreadcrumbList\",\"@id\":\"https:\\\/\\\/www.tosunlux.eu\\\/ru\\\/products\\\/p7-self-screw-shell-end-wire-connector\\\/#breadcrumb\",\"itemListElement\":[{\"@type\":\"ListItem\",\"position\":1,\"name\":\"Home\",\"item\":\"https:\\\/\\\/www.tosunlux.eu\\\/ru\\\/\"},{\"@type\":\"ListItem\",\"position\":2,\"name\":\"Products\",\"item\":\"https:\\\/\\\/www.tosunlux.eu\\\/products\\\/\"},{\"@type\":\"ListItem\",\"position\":3,\"name\":\"P7 Self-screw Shell End Wire Connector\"}]},{\"@type\":\"WebSite\",\"@id\":\"https:\\\/\\\/www.tosunlux.eu\\\/ru\\\/#website\",\"url\":\"https:\\\/\\\/www.tosunlux.eu\\\/ru\\\/\",\"name\":\"TOSUNlux Official Site - Electrical Circuit Breaker Manufacturer in China\",\"description\":\"Power Distribution System Supplier\",\"publisher\":{\"@id\":\"https:\\\/\\\/www.tosunlux.eu\\\/ru\\\/#organization\"},\"alternateName\":\"TOSUNlux\",\"potentialAction\":[{\"@type\":\"SearchAction\",\"target\":{\"@type\":\"EntryPoint\",\"urlTemplate\":\"https:\\\/\\\/www.tosunlux.eu\\\/ru\\\/?s={search_term_string}\"},\"query-input\":{\"@type\":\"PropertyValueSpecification\",\"valueRequired\":true,\"valueName\":\"search_term_string\"}}],\"inLanguage\":\"tr\"},{\"@type\":\"Organization\",\"@id\":\"https:\\\/\\\/www.tosunlux.eu\\\/ru\\\/#organization\",\"name\":\"TOSUNlux\",\"url\":\"https:\\\/\\\/www.tosunlux.eu\\\/ru\\\/\",\"logo\":{\"@type\":\"ImageObject\",\"inLanguage\":\"tr\",\"@id\":\"https:\\\/\\\/www.tosunlux.eu\\\/ru\\\/#\\\/schema\\\/logo\\\/image\\\/\",\"url\":\"https:\\\/\\\/www.tosunlux.eu\\\/wp-content\\\/uploads\\\/2022\\\/01\\\/LOGOSYSM.71762f1.png\",\"contentUrl\":\"https:\\\/\\\/www.tosunlux.eu\\\/wp-content\\\/uploads\\\/2022\\\/01\\\/LOGOSYSM.71762f1.png\",\"width\":153,\"height\":55,\"caption\":\"TOSUNlux\"},\"image\":{\"@id\":\"https:\\\/\\\/www.tosunlux.eu\\\/ru\\\/#\\\/schema\\\/logo\\\/image\\\/\"},\"sameAs\":[\"https:\\\/\\\/www.facebook.com\\\/TOSUNelectric\\\/\",\"https:\\\/\\\/www.linkedin.com\\\/company\\\/wenzhou-tosun-electric-co.-ltd\\\/\"]}]}<\/script>\n<!-- \/ Yoast SEO plugin. -->","yoast_head_json":{"title":"Toptan P7 Kendinden Vidal\u0131 Kabuk U\u00e7lu Kablo Konnekt\u00f6r\u00fc - TOSUNlux Resmi Sitesi - \u00c7in&#039;de Elektrik Sigortas\u0131 \u00dcreticisi ve D\u00fc\u015f\u00fck Voltajl\u0131 Elektrik Tedarik\u00e7isi | TOSUNlux","description":"P7 Kendinden Vidal\u0131 Kabuk U\u00e7lu Kablo Konnekt\u00f6r Tedarik\u00e7isi - 1994&#039;ten beri g\u00fcvenilir bir \u00fcretici olan TOSUNlux&#039;tan do\u011frudan toptan sat\u0131\u015f. Sertifikal\u0131 D\u00fc\u015f\u00fck Gerilim elektrik \u00fcr\u00fcnlerimiz i\u00e7in B2B fabrika fiyat teklifinizi al\u0131n.","robots":{"index":"index","follow":"follow","max-snippet":"max-snippet:-1","max-image-preview":"max-image-preview:large","max-video-preview":"max-video-preview:-1"},"canonical":"https:\/\/www.tosunlux.eu\/tr\/products\/p7-self-screw-shell-end-wire-connector\/","og_locale":"tr_TR","og_type":"article","og_title":"WholesaleP7 Self-screw Shell End Wire Connector - TOSUNlux Official Site - Electrical Circuit Breaker Manufacturer in China Low Voltage Electrical Supplier | TOSUNlux","og_description":"P7 Self-screw Shell End Wire Connector Supplier - Wholesale direct from TOSUNlux, a trusted manufacturer since 1994. Get your B2B factory quote on our certified Low Voltage electrical products.","og_url":"https:\/\/www.tosunlux.eu\/tr\/products\/p7-self-screw-shell-end-wire-connector\/","og_site_name":"TOSUNlux Official Site - Electrical Circuit Breaker Manufacturer in China","article_publisher":"https:\/\/www.facebook.com\/TOSUNelectric\/","article_modified_time":"2022-07-18T09:17:06+00:00","og_image":[{"url":"https:\/\/www.tosunlux.eu\/wp-content\/uploads\/2022\/07\/d2.jpg","type":"","width":"","height":""}],"twitter_card":"summary_large_image","twitter_misc":{"Tahmini okuma s\u00fcresi":"1 dakika"},"schema":{"@context":"https:\/\/schema.org","@graph":[{"@type":"WebPage","@id":"https:\/\/www.tosunlux.eu\/ru\/products\/p7-self-screw-shell-end-wire-connector\/","url":"https:\/\/www.tosunlux.eu\/ru\/products\/p7-self-screw-shell-end-wire-connector\/","name":"Toptan P7 Kendinden Vidal\u0131 Kabuk U\u00e7lu Kablo Konnekt\u00f6r\u00fc - TOSUNlux Resmi Sitesi - \u00c7in&#039;de Elektrik Sigortas\u0131 \u00dcreticisi ve D\u00fc\u015f\u00fck Voltajl\u0131 Elektrik Tedarik\u00e7isi | TOSUNlux","isPartOf":{"@id":"https:\/\/www.tosunlux.eu\/ru\/#website"},"primaryImageOfPage":{"@id":"https:\/\/www.tosunlux.eu\/ru\/products\/p7-self-screw-shell-end-wire-connector\/#primaryimage"},"image":{"@id":"https:\/\/www.tosunlux.eu\/ru\/products\/p7-self-screw-shell-end-wire-connector\/#primaryimage"},"thumbnailUrl":"https:\/\/www.tosunlux.eu\/wp-content\/uploads\/2022\/07\/d2.jpg","datePublished":"2022-07-18T09:17:05+00:00","dateModified":"2022-07-18T09:17:06+00:00","description":"P7 Kendinden Vidal\u0131 Kabuk U\u00e7lu Kablo Konnekt\u00f6r Tedarik\u00e7isi - 1994&#039;ten beri g\u00fcvenilir bir \u00fcretici olan TOSUNlux&#039;tan do\u011frudan toptan sat\u0131\u015f. Sertifikal\u0131 D\u00fc\u015f\u00fck Gerilim elektrik \u00fcr\u00fcnlerimiz i\u00e7in B2B fabrika fiyat teklifinizi al\u0131n.","breadcrumb":{"@id":"https:\/\/www.tosunlux.eu\/ru\/products\/p7-self-screw-shell-end-wire-connector\/#breadcrumb"},"inLanguage":"tr","potentialAction":[{"@type":"ReadAction","target":["https:\/\/www.tosunlux.eu\/ru\/products\/p7-self-screw-shell-end-wire-connector\/"]}]},{"@type":"ImageObject","inLanguage":"tr","@id":"https:\/\/www.tosunlux.eu\/ru\/products\/p7-self-screw-shell-end-wire-connector\/#primaryimage","url":"https:\/\/www.tosunlux.eu\/wp-content\/uploads\/2022\/07\/d2.jpg","contentUrl":"https:\/\/www.tosunlux.eu\/wp-content\/uploads\/2022\/07\/d2.jpg"},{"@type":"BreadcrumbList","@id":"https:\/\/www.tosunlux.eu\/ru\/products\/p7-self-screw-shell-end-wire-connector\/#breadcrumb","itemListElement":[{"@type":"ListItem","position":1,"name":"Home","item":"https:\/\/www.tosunlux.eu\/ru\/"},{"@type":"ListItem","position":2,"name":"Products","item":"https:\/\/www.tosunlux.eu\/products\/"},{"@type":"ListItem","position":3,"name":"P7 Self-screw Shell End Wire Connector"}]},{"@type":"WebSite","@id":"https:\/\/www.tosunlux.eu\/ru\/#website","url":"https:\/\/www.tosunlux.eu\/ru\/","name":"TOSUNlux Resmi Sitesi - \u00c7in&#039;de Elektrik Sigortas\u0131 \u00dcreticisi","description":"G\u00fc\u00e7 Da\u011f\u0131t\u0131m Sistemi Tedarik\u00e7isi","publisher":{"@id":"https:\/\/www.tosunlux.eu\/ru\/#organization"},"alternateName":"TOSUNlux","potentialAction":[{"@type":"SearchAction","target":{"@type":"EntryPoint","urlTemplate":"https:\/\/www.tosunlux.eu\/ru\/?s={search_term_string}"},"query-input":{"@type":"PropertyValueSpecification","valueRequired":true,"valueName":"search_term_string"}}],"inLanguage":"tr"},{"@type":"Organization","@id":"https:\/\/www.tosunlux.eu\/ru\/#organization","name":"TOSUNlux","url":"https:\/\/www.tosunlux.eu\/ru\/","logo":{"@type":"ImageObject","inLanguage":"tr","@id":"https:\/\/www.tosunlux.eu\/ru\/#\/schema\/logo\/image\/","url":"https:\/\/www.tosunlux.eu\/wp-content\/uploads\/2022\/01\/LOGOSYSM.71762f1.png","contentUrl":"https:\/\/www.tosunlux.eu\/wp-content\/uploads\/2022\/01\/LOGOSYSM.71762f1.png","width":153,"height":55,"caption":"TOSUNlux"},"image":{"@id":"https:\/\/www.tosunlux.eu\/ru\/#\/schema\/logo\/image\/"},"sameAs":["https:\/\/www.facebook.com\/TOSUNelectric\/","https:\/\/www.linkedin.com\/company\/wenzhou-tosun-electric-co.-ltd\/"]}]}},"_links":{"self":[{"href":"https:\/\/www.tosunlux.eu\/tr\/wp-json\/wp\/v2\/product\/4711","targetHints":{"allow":["GET"]}}],"collection":[{"href":"https:\/\/www.tosunlux.eu\/tr\/wp-json\/wp\/v2\/product"}],"about":[{"href":"https:\/\/www.tosunlux.eu\/tr\/wp-json\/wp\/v2\/types\/product"}],"version-history":[{"count":1,"href":"https:\/\/www.tosunlux.eu\/tr\/wp-json\/wp\/v2\/product\/4711\/revisions"}],"predecessor-version":[{"id":4714,"href":"https:\/\/www.tosunlux.eu\/tr\/wp-json\/wp\/v2\/product\/4711\/revisions\/4714"}],"wp:attachment":[{"href":"https:\/\/www.tosunlux.eu\/tr\/wp-json\/wp\/v2\/media?parent=4711"}],"wp:term":[{"taxonomy":"product_category","embeddable":true,"href":"https:\/\/www.tosunlux.eu\/tr\/wp-json\/wp\/v2\/product_category?post=4711"}],"curies":[{"name":"wp","href":"https:\/\/api.w.org\/{rel}","templated":true}]}}