{"id":4729,"date":"2022-07-19T10:28:18","date_gmt":"2022-07-19T02:28:18","guid":{"rendered":"https:\/\/www.tosunlux.eu\/?post_type=product&#038;p=4729"},"modified":"2024-12-18T16:42:57","modified_gmt":"2024-12-18T08:42:57","slug":"self-adhesive-cable-tie-base","status":"publish","type":"product","link":"https:\/\/www.tosunlux.eu\/tr\/products\/self-adhesive-cable-tie-base\/","title":{"rendered":"Kendinden Yap\u0131\u015fkanl\u0131 Kablo Ba\u011f\u0131 Taban\u0131"},"content":{"rendered":"<p><strong>Ba\u015fvuru<\/strong><\/p>\n\n\n\n<p>Malzeme: Naylon 66, 94V-2, UL sertifikal\u0131, arkaya tak\u0131l\u0131 k\u00f6p\u00fck tipi \u00e7ift<br>kaplamal\u0131 bant<br>\u00b7Uygulama: kablo ba\u011f\u0131yla birlikte kullan\u0131larak kablolar\u0131 veya di\u011fer \u015feyleri ba\u011flamak i\u00e7in kullan\u0131l\u0131r.<br>delik a\u00e7mad\u0131\u011f\u0131n\u0131z yer<\/p>\n\n\n\n<p> <\/p>\n\n\n<p><strong>\u015eartname<\/strong><\/p>\n<table width=\"652\">\n<tbody>\n<tr>\n<td style=\"text-align: center;\" width=\"168\">\u00d6rnek<\/td>\n<td style=\"text-align: center;\" width=\"124\">U x G<\/td>\n<td style=\"text-align: center;\" width=\"90\">H<\/td>\n<td style=\"text-align: center;\" width=\"168\">T<\/td>\n<td style=\"text-align: center;\" width=\"101\">&nbsp;Vida deli\u011fi<\/td>\n<\/tr>\n<tr>\n<td style=\"text-align: center;\">TM-20<\/td>\n<td style=\"text-align: center;\">19&#215;19<\/td>\n<td style=\"text-align: center;\">6.1<\/td>\n<td style=\"text-align: center;\">5<\/td>\n<td style=\"text-align: center;\">2.9<\/td>\n<\/tr>\n<tr>\n<td style=\"text-align: center;\">TM-25<\/td>\n<td style=\"text-align: center;\">24&#215;24<\/td>\n<td style=\"text-align: center;\">7.5<\/td>\n<td style=\"text-align: center;\">6.2<\/td>\n<td style=\"text-align: center;\">3.5<\/td>\n<\/tr>\n<tr>\n<td style=\"text-align: center;\">TM-30<\/td>\n<td style=\"text-align: center;\">29&#215;29<\/td>\n<td style=\"text-align: center;\">8.7<\/td>\n<td style=\"text-align: center;\">6.4<\/td>\n<td style=\"text-align: center;\">4.5<\/td>\n<\/tr>\n<tr>\n<td style=\"text-align: center;\">TM-40<\/td>\n<td style=\"text-align: center;\">40&#215;40<\/td>\n<td style=\"text-align: center;\">6.4<\/td>\n<td style=\"text-align: center;\">10.8<\/td>\n<td style=\"text-align: center;\">&nbsp;<\/td>\n<\/tr>\n<tr>\n<td style=\"text-align: center;\">AAM-1<\/td>\n<td style=\"text-align: center;\">19&#215;19<\/td>\n<td style=\"text-align: center;\">4.6<\/td>\n<td style=\"text-align: center;\">4.4<\/td>\n<td style=\"text-align: center;\">&nbsp;<\/td>\n<\/tr>\n<tr>\n<td style=\"text-align: center;\">AAM-2<\/td>\n<td style=\"text-align: center;\">28&#215;28<\/td>\n<td style=\"text-align: center;\">6.4<\/td>\n<td style=\"text-align: center;\">5.4<\/td>\n<td style=\"text-align: center;\">5.5<\/td>\n<\/tr>\n<\/tbody>\n<\/table>\n\n\n<figure class=\"wp-block-image size-large\"><img fetchpriority=\"high\" decoding=\"async\" width=\"1024\" height=\"377\" src=\"https:\/\/www.tosunlux.eu\/wp-content\/uploads\/2022\/07\/\u7ebf-1024x377.jpg\" alt=\"\" class=\"wp-image-4731\" srcset=\"https:\/\/www.tosunlux.eu\/wp-content\/uploads\/2022\/07\/\u7ebf-1024x377.jpg 1024w, https:\/\/www.tosunlux.eu\/wp-content\/uploads\/2022\/07\/\u7ebf-300x111.jpg 300w, https:\/\/www.tosunlux.eu\/wp-content\/uploads\/2022\/07\/\u7ebf-768x283.jpg 768w, https:\/\/www.tosunlux.eu\/wp-content\/uploads\/2022\/07\/\u7ebf.jpg 1256w\" sizes=\"(max-width: 1024px) 100vw, 1024px\" \/><\/figure>","protected":false},"parent":0,"template":"","product_category":[36,214],"class_list":["post-4729","product","type-product","status-publish","hentry","product_category-electrical-accessories","product_category-plastic-items"],"yoast_head":"<!-- This site is optimized with the Yoast SEO plugin v27.3 - https:\/\/yoast.com\/product\/yoast-seo-wordpress\/ -->\n<title>WholesaleSelf-Adhesive Cable Tie Base - TOSUNlux Official Site - Electrical Circuit Breaker Manufacturer in China Low Voltage Electrical Supplier | TOSUNlux<\/title>\n<meta name=\"description\" content=\"Self-Adhesive Cable Tie Base Supplier - Wholesale direct from TOSUNlux, a trusted manufacturer since 1994. Get your B2B factory quote on our certified Low Voltage electrical products.\" \/>\n<meta name=\"robots\" content=\"index, follow, max-snippet:-1, max-image-preview:large, max-video-preview:-1\" \/>\n<link rel=\"canonical\" href=\"https:\/\/www.tosunlux.eu\/tr\/products\/self-adhesive-cable-tie-base\/\" \/>\n<meta property=\"og:locale\" content=\"tr_TR\" \/>\n<meta property=\"og:type\" content=\"article\" \/>\n<meta property=\"og:title\" content=\"WholesaleSelf-Adhesive Cable Tie Base - TOSUNlux Official Site - Electrical Circuit Breaker Manufacturer in China Low Voltage Electrical Supplier | TOSUNlux\" \/>\n<meta property=\"og:description\" content=\"Self-Adhesive Cable Tie Base Supplier - Wholesale direct from TOSUNlux, a trusted manufacturer since 1994. Get your B2B factory quote on our certified Low Voltage electrical products.\" \/>\n<meta property=\"og:url\" content=\"https:\/\/www.tosunlux.eu\/tr\/products\/self-adhesive-cable-tie-base\/\" \/>\n<meta property=\"og:site_name\" content=\"TOSUNlux Official Site - Electrical Circuit Breaker Manufacturer in China\" \/>\n<meta property=\"article:publisher\" content=\"https:\/\/www.facebook.com\/TOSUNelectric\/\" \/>\n<meta property=\"article:modified_time\" content=\"2024-12-18T08:42:57+00:00\" \/>\n<meta property=\"og:image\" content=\"https:\/\/www.tosunlux.eu\/wp-content\/uploads\/2023\/04\/DSC08160_\u526f\u672c.jpg\" \/>\n\t<meta property=\"og:image:width\" content=\"1500\" \/>\n\t<meta property=\"og:image:height\" content=\"940\" \/>\n\t<meta property=\"og:image:type\" content=\"image\/jpeg\" \/>\n<meta name=\"twitter:card\" content=\"summary_large_image\" \/>\n<meta name=\"twitter:label1\" content=\"Tahmini okuma s\u00fcresi\" \/>\n\t<meta name=\"twitter:data1\" content=\"1 dakika\" \/>\n<script type=\"application\/ld+json\" class=\"yoast-schema-graph\">{\"@context\":\"https:\\\/\\\/schema.org\",\"@graph\":[{\"@type\":\"WebPage\",\"@id\":\"https:\\\/\\\/www.tosunlux.eu\\\/pl\\\/products\\\/self-adhesive-cable-tie-base\\\/\",\"url\":\"https:\\\/\\\/www.tosunlux.eu\\\/pl\\\/products\\\/self-adhesive-cable-tie-base\\\/\",\"name\":\"WholesaleSelf-Adhesive Cable Tie Base - TOSUNlux Official Site - Electrical Circuit Breaker Manufacturer in China Low Voltage Electrical Supplier | TOSUNlux\",\"isPartOf\":{\"@id\":\"https:\\\/\\\/www.tosunlux.eu\\\/ru\\\/#website\"},\"datePublished\":\"2022-07-19T02:28:18+00:00\",\"dateModified\":\"2024-12-18T08:42:57+00:00\",\"description\":\"Self-Adhesive Cable Tie Base Supplier - Wholesale direct from TOSUNlux, a trusted manufacturer since 1994. Get your B2B factory quote on our certified Low Voltage electrical products.\",\"breadcrumb\":{\"@id\":\"https:\\\/\\\/www.tosunlux.eu\\\/pl\\\/products\\\/self-adhesive-cable-tie-base\\\/#breadcrumb\"},\"inLanguage\":\"tr\",\"potentialAction\":[{\"@type\":\"ReadAction\",\"target\":[\"https:\\\/\\\/www.tosunlux.eu\\\/pl\\\/products\\\/self-adhesive-cable-tie-base\\\/\"]}]},{\"@type\":\"BreadcrumbList\",\"@id\":\"https:\\\/\\\/www.tosunlux.eu\\\/pl\\\/products\\\/self-adhesive-cable-tie-base\\\/#breadcrumb\",\"itemListElement\":[{\"@type\":\"ListItem\",\"position\":1,\"name\":\"Home\",\"item\":\"https:\\\/\\\/www.tosunlux.eu\\\/ru\\\/\"},{\"@type\":\"ListItem\",\"position\":2,\"name\":\"Products\",\"item\":\"https:\\\/\\\/www.tosunlux.eu\\\/products\\\/\"},{\"@type\":\"ListItem\",\"position\":3,\"name\":\"Self-Adhesive Cable Tie Base\"}]},{\"@type\":\"WebSite\",\"@id\":\"https:\\\/\\\/www.tosunlux.eu\\\/ru\\\/#website\",\"url\":\"https:\\\/\\\/www.tosunlux.eu\\\/ru\\\/\",\"name\":\"TOSUNlux Official Site - Electrical Circuit Breaker Manufacturer in China\",\"description\":\"Power Distribution System Supplier\",\"publisher\":{\"@id\":\"https:\\\/\\\/www.tosunlux.eu\\\/ru\\\/#organization\"},\"alternateName\":\"TOSUNlux\",\"potentialAction\":[{\"@type\":\"SearchAction\",\"target\":{\"@type\":\"EntryPoint\",\"urlTemplate\":\"https:\\\/\\\/www.tosunlux.eu\\\/ru\\\/?s={search_term_string}\"},\"query-input\":{\"@type\":\"PropertyValueSpecification\",\"valueRequired\":true,\"valueName\":\"search_term_string\"}}],\"inLanguage\":\"tr\"},{\"@type\":\"Organization\",\"@id\":\"https:\\\/\\\/www.tosunlux.eu\\\/ru\\\/#organization\",\"name\":\"TOSUNlux\",\"url\":\"https:\\\/\\\/www.tosunlux.eu\\\/ru\\\/\",\"logo\":{\"@type\":\"ImageObject\",\"inLanguage\":\"tr\",\"@id\":\"https:\\\/\\\/www.tosunlux.eu\\\/ru\\\/#\\\/schema\\\/logo\\\/image\\\/\",\"url\":\"https:\\\/\\\/www.tosunlux.eu\\\/wp-content\\\/uploads\\\/2022\\\/01\\\/LOGOSYSM.71762f1.png\",\"contentUrl\":\"https:\\\/\\\/www.tosunlux.eu\\\/wp-content\\\/uploads\\\/2022\\\/01\\\/LOGOSYSM.71762f1.png\",\"width\":153,\"height\":55,\"caption\":\"TOSUNlux\"},\"image\":{\"@id\":\"https:\\\/\\\/www.tosunlux.eu\\\/ru\\\/#\\\/schema\\\/logo\\\/image\\\/\"},\"sameAs\":[\"https:\\\/\\\/www.facebook.com\\\/TOSUNelectric\\\/\",\"https:\\\/\\\/www.linkedin.com\\\/company\\\/wenzhou-tosun-electric-co.-ltd\\\/\"]}]}<\/script>\n<!-- \/ Yoast SEO plugin. -->","yoast_head_json":{"title":"WholesaleSelf-Adhesive Cable Tie Base - TOSUNlux Official Site - Electrical Circuit Breaker Manufacturer in China Low Voltage Electrical Supplier | TOSUNlux","description":"Self-Adhesive Cable Tie Base Supplier - Wholesale direct from TOSUNlux, a trusted manufacturer since 1994. Get your B2B factory quote on our certified Low Voltage electrical products.","robots":{"index":"index","follow":"follow","max-snippet":"max-snippet:-1","max-image-preview":"max-image-preview:large","max-video-preview":"max-video-preview:-1"},"canonical":"https:\/\/www.tosunlux.eu\/tr\/products\/self-adhesive-cable-tie-base\/","og_locale":"tr_TR","og_type":"article","og_title":"WholesaleSelf-Adhesive Cable Tie Base - TOSUNlux Official Site - Electrical Circuit Breaker Manufacturer in China Low Voltage Electrical Supplier | TOSUNlux","og_description":"Self-Adhesive Cable Tie Base Supplier - Wholesale direct from TOSUNlux, a trusted manufacturer since 1994. Get your B2B factory quote on our certified Low Voltage electrical products.","og_url":"https:\/\/www.tosunlux.eu\/tr\/products\/self-adhesive-cable-tie-base\/","og_site_name":"TOSUNlux Official Site - Electrical Circuit Breaker Manufacturer in China","article_publisher":"https:\/\/www.facebook.com\/TOSUNelectric\/","article_modified_time":"2024-12-18T08:42:57+00:00","og_image":[{"width":1500,"height":940,"url":"https:\/\/www.tosunlux.eu\/wp-content\/uploads\/2023\/04\/DSC08160_\u526f\u672c.jpg","type":"image\/jpeg"}],"twitter_card":"summary_large_image","twitter_misc":{"Tahmini okuma s\u00fcresi":"1 dakika"},"schema":{"@context":"https:\/\/schema.org","@graph":[{"@type":"WebPage","@id":"https:\/\/www.tosunlux.eu\/pl\/products\/self-adhesive-cable-tie-base\/","url":"https:\/\/www.tosunlux.eu\/pl\/products\/self-adhesive-cable-tie-base\/","name":"WholesaleSelf-Adhesive Cable Tie Base - TOSUNlux Official Site - Electrical Circuit Breaker Manufacturer in China Low Voltage Electrical Supplier | TOSUNlux","isPartOf":{"@id":"https:\/\/www.tosunlux.eu\/ru\/#website"},"datePublished":"2022-07-19T02:28:18+00:00","dateModified":"2024-12-18T08:42:57+00:00","description":"Self-Adhesive Cable Tie Base Supplier - Wholesale direct from TOSUNlux, a trusted manufacturer since 1994. Get your B2B factory quote on our certified Low Voltage electrical products.","breadcrumb":{"@id":"https:\/\/www.tosunlux.eu\/pl\/products\/self-adhesive-cable-tie-base\/#breadcrumb"},"inLanguage":"tr","potentialAction":[{"@type":"ReadAction","target":["https:\/\/www.tosunlux.eu\/pl\/products\/self-adhesive-cable-tie-base\/"]}]},{"@type":"BreadcrumbList","@id":"https:\/\/www.tosunlux.eu\/pl\/products\/self-adhesive-cable-tie-base\/#breadcrumb","itemListElement":[{"@type":"ListItem","position":1,"name":"Home","item":"https:\/\/www.tosunlux.eu\/ru\/"},{"@type":"ListItem","position":2,"name":"Products","item":"https:\/\/www.tosunlux.eu\/products\/"},{"@type":"ListItem","position":3,"name":"Self-Adhesive Cable Tie Base"}]},{"@type":"WebSite","@id":"https:\/\/www.tosunlux.eu\/ru\/#website","url":"https:\/\/www.tosunlux.eu\/ru\/","name":"TOSUNlux Resmi Sitesi - \u00c7in&#039;de Elektrik Sigortas\u0131 \u00dcreticisi","description":"G\u00fc\u00e7 Da\u011f\u0131t\u0131m Sistemi Tedarik\u00e7isi","publisher":{"@id":"https:\/\/www.tosunlux.eu\/ru\/#organization"},"alternateName":"TOSUNlux","potentialAction":[{"@type":"SearchAction","target":{"@type":"EntryPoint","urlTemplate":"https:\/\/www.tosunlux.eu\/ru\/?s={search_term_string}"},"query-input":{"@type":"PropertyValueSpecification","valueRequired":true,"valueName":"search_term_string"}}],"inLanguage":"tr"},{"@type":"Organization","@id":"https:\/\/www.tosunlux.eu\/ru\/#organization","name":"TOSUNlux","url":"https:\/\/www.tosunlux.eu\/ru\/","logo":{"@type":"ImageObject","inLanguage":"tr","@id":"https:\/\/www.tosunlux.eu\/ru\/#\/schema\/logo\/image\/","url":"https:\/\/www.tosunlux.eu\/wp-content\/uploads\/2022\/01\/LOGOSYSM.71762f1.png","contentUrl":"https:\/\/www.tosunlux.eu\/wp-content\/uploads\/2022\/01\/LOGOSYSM.71762f1.png","width":153,"height":55,"caption":"TOSUNlux"},"image":{"@id":"https:\/\/www.tosunlux.eu\/ru\/#\/schema\/logo\/image\/"},"sameAs":["https:\/\/www.facebook.com\/TOSUNelectric\/","https:\/\/www.linkedin.com\/company\/wenzhou-tosun-electric-co.-ltd\/"]}]}},"_links":{"self":[{"href":"https:\/\/www.tosunlux.eu\/tr\/wp-json\/wp\/v2\/product\/4729","targetHints":{"allow":["GET"]}}],"collection":[{"href":"https:\/\/www.tosunlux.eu\/tr\/wp-json\/wp\/v2\/product"}],"about":[{"href":"https:\/\/www.tosunlux.eu\/tr\/wp-json\/wp\/v2\/types\/product"}],"version-history":[{"count":1,"href":"https:\/\/www.tosunlux.eu\/tr\/wp-json\/wp\/v2\/product\/4729\/revisions"}],"predecessor-version":[{"id":12049,"href":"https:\/\/www.tosunlux.eu\/tr\/wp-json\/wp\/v2\/product\/4729\/revisions\/12049"}],"wp:attachment":[{"href":"https:\/\/www.tosunlux.eu\/tr\/wp-json\/wp\/v2\/media?parent=4729"}],"wp:term":[{"taxonomy":"product_category","embeddable":true,"href":"https:\/\/www.tosunlux.eu\/tr\/wp-json\/wp\/v2\/product_category?post=4729"}],"curies":[{"name":"wp","href":"https:\/\/api.w.org\/{rel}","templated":true}]}}