{"id":4766,"date":"2022-07-20T14:49:37","date_gmt":"2022-07-20T06:49:37","guid":{"rendered":"https:\/\/www.tosunlux.eu\/?post_type=product&#038;p=4766"},"modified":"2024-12-18T12:42:33","modified_gmt":"2024-12-18T04:42:33","slug":"pvc-insulating-tape","status":"publish","type":"product","link":"https:\/\/www.tosunlux.eu\/tr\/products\/pvc-insulating-tape\/","title":{"rendered":"PVC Yal\u0131t\u0131m Band\u0131"},"content":{"rendered":"<p><strong>Ba\u015fvuru<\/strong><\/p>\n\n\n\n<p>600V gerilim alt\u0131nda ve 0\u2103~80\u2103 ortam s\u0131cakl\u0131\u011f\u0131nda tel ve kablolar\u0131n izolasyon ba\u011flant\u0131s\u0131 ve k\u0131l\u0131f korumas\u0131 i\u00e7in, \u00e7er\u00e7eve geciktiricili.<\/p>\n\n\n\n<p><strong>Avantaj<\/strong><\/p>\n\n\n\n<p>\u00b7Y\u00fcksek mukavemet ve uzayabilirlik.<br>\u00b7\u0130yi ya\u015flanma direnci.<br>\u00b7Y\u00fcksek yal\u0131t\u0131m.<br>\u00b7Y\u00fcksek yap\u0131\u015fkanl\u0131k.<br>\u00b7\u0130yi alev geciktirici<\/p>\n\n\n\n<p> <\/p>\n\n\n<p><strong>\u015eartname<\/strong><\/p>\n<table style=\"border-collapse: collapse; width: 693.77pt;\" border=\"0\" width=\"925\" cellspacing=\"0\" cellpadding=\"0\">\n<tbody>\n<tr style=\"height: 35.00pt;\">\n<td class=\"et2\" style=\"height: 35pt; width: 67.8pt; text-align: center;\" width=\"90\" height=\"46\">Kal\u0131nl\u0131k<\/td>\n<td class=\"et2\" style=\"width: 68.75pt; text-align: center;\" width=\"91\">Geni\u015flik<\/td>\n<td class=\"et2\" style=\"width: 66.85pt; text-align: center;\" width=\"89\">Uzunluk<\/td>\n<td class=\"et2\" style=\"width: 136.5pt; text-align: center;\" width=\"182\">\u00c7ekme Dayan\u0131m\u0131 (Kn\/M)<\/td>\n<td class=\"et2\" style=\"width: 87.75pt; text-align: center;\" width=\"117\">Uzama (%)<\/td>\n<td class=\"et2\" style=\"width: 147pt; text-align: center;\" width=\"196\">180\u00b0 Soyma G\u00fcc\u00fc (N\/m)<\/td>\n<td class=\"et2\" style=\"width: 119.25pt; text-align: center;\" width=\"159\">Elektrik G\u00fcc\u00fc (Kv)<\/td>\n<\/tr>\n<tr style=\"height: 15.75pt;\">\n<td class=\"et2\" style=\"height: 15.75pt; text-align: center;\" align=\"right\" height=\"21\">0.11<\/td>\n<td class=\"et3\" style=\"width: 68.75pt; text-align: center;\" rowspan=\"5\" width=\"91\">15,19, 20,35<\/td>\n<td class=\"et3\" style=\"width: 66.85pt; text-align: center;\" rowspan=\"5\" width=\"89\">6yds,10yds,20yds,5m, 10m,20<\/td>\n<td class=\"et2\" style=\"text-align: center;\" align=\"right\">1<\/td>\n<td class=\"et2\" style=\"text-align: center;\" align=\"right\">100<\/td>\n<td class=\"et2\" style=\"text-align: center;\" align=\"right\">120<\/td>\n<td class=\"et2\" style=\"text-align: center;\" align=\"right\">3<\/td>\n<\/tr>\n<tr style=\"height: 15.75pt;\">\n<td class=\"et2\" style=\"height: 15.75pt; text-align: center;\" align=\"right\" height=\"21\">0.13<\/td>\n<td class=\"et2\" style=\"text-align: center;\" align=\"right\">1.8<\/td>\n<td class=\"et2\" style=\"text-align: center;\" align=\"right\">150<\/td>\n<td class=\"et2\" style=\"text-align: center;\" align=\"right\">150<\/td>\n<td class=\"et2\" style=\"text-align: center;\" align=\"right\">4<\/td>\n<\/tr>\n<tr style=\"height: 15.75pt;\">\n<td class=\"et2\" style=\"height: 15.75pt; text-align: center;\" align=\"right\" height=\"21\">0.15<\/td>\n<td class=\"et2\" style=\"text-align: center;\" align=\"right\">2<\/td>\n<td class=\"et2\" style=\"text-align: center;\" align=\"right\">160<\/td>\n<td class=\"et2\" style=\"text-align: center;\" align=\"right\">170<\/td>\n<td class=\"et2\" style=\"text-align: center;\" align=\"right\">5<\/td>\n<\/tr>\n<tr style=\"height: 15.75pt;\">\n<td class=\"et2\" style=\"height: 15.75pt; text-align: center;\" align=\"right\" height=\"21\">0.17<\/td>\n<td class=\"et2\" style=\"text-align: center;\" align=\"right\">2.2<\/td>\n<td class=\"et2\" style=\"text-align: center;\" align=\"right\">170<\/td>\n<td class=\"et2\" style=\"text-align: center;\" align=\"right\">180<\/td>\n<td class=\"et2\" style=\"text-align: center;\" align=\"right\">5.5<\/td>\n<\/tr>\n<tr style=\"height: 15.75pt;\">\n<td class=\"et2\" style=\"height: 15.75pt; text-align: center;\" align=\"right\" height=\"21\">0.19<\/td>\n<td class=\"et2\" style=\"text-align: center;\" align=\"right\">2.5<\/td>\n<td class=\"et2\" style=\"text-align: center;\" align=\"right\">180<\/td>\n<td class=\"et2\" style=\"text-align: center;\" align=\"right\">180<\/td>\n<td class=\"et2\" style=\"text-align: center;\" align=\"right\">6<\/td>\n<\/tr>\n<\/tbody>\n<\/table>\n\n\n<p>Tek Renk: K\u0131rm\u0131z\u0131, Sar\u0131, Ye\u015fil, Mavi, Siyah, Beyaz.<\/p>\n\n\n\n<p>\u00c7ift Renk: sar\u0131-ye\u015fil<\/p>\n\n\n\n<figure class=\"wp-block-image size-large\"><img fetchpriority=\"high\" decoding=\"async\" width=\"1024\" height=\"402\" src=\"https:\/\/www.tosunlux.eu\/wp-content\/uploads\/2022\/07\/electrical-accessories-1-2020-5-1024x402.jpg\" alt=\"\" class=\"wp-image-4768\" srcset=\"https:\/\/www.tosunlux.eu\/wp-content\/uploads\/2022\/07\/electrical-accessories-1-2020-5-1024x402.jpg 1024w, https:\/\/www.tosunlux.eu\/wp-content\/uploads\/2022\/07\/electrical-accessories-1-2020-5-300x118.jpg 300w, https:\/\/www.tosunlux.eu\/wp-content\/uploads\/2022\/07\/electrical-accessories-1-2020-5-768x301.jpg 768w, https:\/\/www.tosunlux.eu\/wp-content\/uploads\/2022\/07\/electrical-accessories-1-2020-5-1536x602.jpg 1536w, https:\/\/www.tosunlux.eu\/wp-content\/uploads\/2022\/07\/electrical-accessories-1-2020-5-2048x803.jpg 2048w\" sizes=\"(max-width: 1024px) 100vw, 1024px\" \/><\/figure>","protected":false},"parent":0,"template":"","product_category":[36,214],"class_list":["post-4766","product","type-product","status-publish","hentry","product_category-electrical-accessories","product_category-plastic-items"],"yoast_head":"<!-- This site is optimized with the Yoast SEO plugin v27.5 - https:\/\/yoast.com\/product\/yoast-seo-wordpress\/ -->\n<title>WholesalePVC Insulating Tape - TOSUNlux Official Site - Electrical Circuit Breaker Manufacturer in China Low Voltage Electrical Supplier | TOSUNlux<\/title>\n<meta name=\"description\" content=\"PVC Insulating Tape Supplier - Wholesale direct from TOSUNlux, a trusted manufacturer since 1994. Get your B2B factory quote on our certified Low Voltage electrical products.\" \/>\n<meta name=\"robots\" content=\"index, follow, max-snippet:-1, max-image-preview:large, max-video-preview:-1\" \/>\n<link rel=\"canonical\" href=\"https:\/\/www.tosunlux.eu\/tr\/products\/pvc-insulating-tape\/\" \/>\n<meta property=\"og:locale\" content=\"tr_TR\" \/>\n<meta property=\"og:type\" content=\"article\" \/>\n<meta property=\"og:title\" content=\"WholesalePVC Insulating Tape - TOSUNlux Official Site - Electrical Circuit Breaker Manufacturer in China Low Voltage Electrical Supplier | TOSUNlux\" \/>\n<meta property=\"og:description\" content=\"PVC Insulating Tape Supplier - Wholesale direct from TOSUNlux, a trusted manufacturer since 1994. Get your B2B factory quote on our certified Low Voltage electrical products.\" \/>\n<meta property=\"og:url\" content=\"https:\/\/www.tosunlux.eu\/tr\/products\/pvc-insulating-tape\/\" \/>\n<meta property=\"og:site_name\" content=\"TOSUNlux Official Site - Electrical Circuit Breaker Manufacturer in China\" \/>\n<meta property=\"article:publisher\" content=\"https:\/\/www.facebook.com\/TOSUNelectric\/\" \/>\n<meta property=\"article:modified_time\" content=\"2024-12-18T04:42:33+00:00\" \/>\n<meta property=\"og:image\" content=\"https:\/\/www.tosunlux.eu\/wp-content\/uploads\/2022\/07\/electrical-accessories-1-2020-5-1024x402.jpg\" \/>\n<meta name=\"twitter:card\" content=\"summary_large_image\" \/>\n<meta name=\"twitter:label1\" content=\"Tahmini okuma s\u00fcresi\" \/>\n\t<meta name=\"twitter:data1\" content=\"1 dakika\" \/>\n<script type=\"application\/ld+json\" class=\"yoast-schema-graph\">{\"@context\":\"https:\\\/\\\/schema.org\",\"@graph\":[{\"@type\":\"WebPage\",\"@id\":\"https:\\\/\\\/www.tosunlux.eu\\\/products\\\/pvc-insulating-tape\\\/\",\"url\":\"https:\\\/\\\/www.tosunlux.eu\\\/products\\\/pvc-insulating-tape\\\/\",\"name\":\"WholesalePVC Insulating Tape - TOSUNlux Official Site - Electrical Circuit Breaker Manufacturer in China Low Voltage Electrical Supplier | TOSUNlux\",\"isPartOf\":{\"@id\":\"https:\\\/\\\/www.tosunlux.eu\\\/ru\\\/#website\"},\"primaryImageOfPage\":{\"@id\":\"https:\\\/\\\/www.tosunlux.eu\\\/products\\\/pvc-insulating-tape\\\/#primaryimage\"},\"image\":{\"@id\":\"https:\\\/\\\/www.tosunlux.eu\\\/products\\\/pvc-insulating-tape\\\/#primaryimage\"},\"thumbnailUrl\":\"https:\\\/\\\/www.tosunlux.eu\\\/wp-content\\\/uploads\\\/2022\\\/07\\\/electrical-accessories-1-2020-5-1024x402.jpg\",\"datePublished\":\"2022-07-20T06:49:37+00:00\",\"dateModified\":\"2024-12-18T04:42:33+00:00\",\"description\":\"PVC Insulating Tape Supplier - Wholesale direct from TOSUNlux, a trusted manufacturer since 1994. Get your B2B factory quote on our certified Low Voltage electrical products.\",\"breadcrumb\":{\"@id\":\"https:\\\/\\\/www.tosunlux.eu\\\/products\\\/pvc-insulating-tape\\\/#breadcrumb\"},\"inLanguage\":\"tr\",\"potentialAction\":[{\"@type\":\"ReadAction\",\"target\":[\"https:\\\/\\\/www.tosunlux.eu\\\/products\\\/pvc-insulating-tape\\\/\"]}]},{\"@type\":\"ImageObject\",\"inLanguage\":\"tr\",\"@id\":\"https:\\\/\\\/www.tosunlux.eu\\\/products\\\/pvc-insulating-tape\\\/#primaryimage\",\"url\":\"https:\\\/\\\/www.tosunlux.eu\\\/wp-content\\\/uploads\\\/2022\\\/07\\\/electrical-accessories-1-2020-5-1024x402.jpg\",\"contentUrl\":\"https:\\\/\\\/www.tosunlux.eu\\\/wp-content\\\/uploads\\\/2022\\\/07\\\/electrical-accessories-1-2020-5-1024x402.jpg\"},{\"@type\":\"BreadcrumbList\",\"@id\":\"https:\\\/\\\/www.tosunlux.eu\\\/products\\\/pvc-insulating-tape\\\/#breadcrumb\",\"itemListElement\":[{\"@type\":\"ListItem\",\"position\":1,\"name\":\"Home\",\"item\":\"https:\\\/\\\/www.tosunlux.eu\\\/ru\\\/\"},{\"@type\":\"ListItem\",\"position\":2,\"name\":\"Products\",\"item\":\"https:\\\/\\\/www.tosunlux.eu\\\/products\\\/\"},{\"@type\":\"ListItem\",\"position\":3,\"name\":\"PVC Insulating Tape\"}]},{\"@type\":\"WebSite\",\"@id\":\"https:\\\/\\\/www.tosunlux.eu\\\/ru\\\/#website\",\"url\":\"https:\\\/\\\/www.tosunlux.eu\\\/ru\\\/\",\"name\":\"TOSUNlux Official Site - Electrical Circuit Breaker Manufacturer in China\",\"description\":\"Power Distribution System Supplier\",\"publisher\":{\"@id\":\"https:\\\/\\\/www.tosunlux.eu\\\/ru\\\/#organization\"},\"alternateName\":\"TOSUNlux\",\"potentialAction\":[{\"@type\":\"SearchAction\",\"target\":{\"@type\":\"EntryPoint\",\"urlTemplate\":\"https:\\\/\\\/www.tosunlux.eu\\\/ru\\\/?s={search_term_string}\"},\"query-input\":{\"@type\":\"PropertyValueSpecification\",\"valueRequired\":true,\"valueName\":\"search_term_string\"}}],\"inLanguage\":\"tr\"},{\"@type\":\"Organization\",\"@id\":\"https:\\\/\\\/www.tosunlux.eu\\\/ru\\\/#organization\",\"name\":\"TOSUNlux\",\"url\":\"https:\\\/\\\/www.tosunlux.eu\\\/ru\\\/\",\"logo\":{\"@type\":\"ImageObject\",\"inLanguage\":\"tr\",\"@id\":\"https:\\\/\\\/www.tosunlux.eu\\\/ru\\\/#\\\/schema\\\/logo\\\/image\\\/\",\"url\":\"https:\\\/\\\/www.tosunlux.eu\\\/wp-content\\\/uploads\\\/2022\\\/01\\\/LOGOSYSM.71762f1.png\",\"contentUrl\":\"https:\\\/\\\/www.tosunlux.eu\\\/wp-content\\\/uploads\\\/2022\\\/01\\\/LOGOSYSM.71762f1.png\",\"width\":153,\"height\":55,\"caption\":\"TOSUNlux\"},\"image\":{\"@id\":\"https:\\\/\\\/www.tosunlux.eu\\\/ru\\\/#\\\/schema\\\/logo\\\/image\\\/\"},\"sameAs\":[\"https:\\\/\\\/www.facebook.com\\\/TOSUNelectric\\\/\",\"https:\\\/\\\/www.linkedin.com\\\/company\\\/wenzhou-tosun-electric-co.-ltd\\\/\"]}]}<\/script>\n<!-- \/ Yoast SEO plugin. -->","yoast_head_json":{"title":"WholesalePVC Insulating Tape - TOSUNlux Official Site - Electrical Circuit Breaker Manufacturer in China Low Voltage Electrical Supplier | TOSUNlux","description":"PVC Insulating Tape Supplier - Wholesale direct from TOSUNlux, a trusted manufacturer since 1994. Get your B2B factory quote on our certified Low Voltage electrical products.","robots":{"index":"index","follow":"follow","max-snippet":"max-snippet:-1","max-image-preview":"max-image-preview:large","max-video-preview":"max-video-preview:-1"},"canonical":"https:\/\/www.tosunlux.eu\/tr\/products\/pvc-insulating-tape\/","og_locale":"tr_TR","og_type":"article","og_title":"WholesalePVC Insulating Tape - TOSUNlux Official Site - Electrical Circuit Breaker Manufacturer in China Low Voltage Electrical Supplier | TOSUNlux","og_description":"PVC Insulating Tape Supplier - Wholesale direct from TOSUNlux, a trusted manufacturer since 1994. Get your B2B factory quote on our certified Low Voltage electrical products.","og_url":"https:\/\/www.tosunlux.eu\/tr\/products\/pvc-insulating-tape\/","og_site_name":"TOSUNlux Official Site - Electrical Circuit Breaker Manufacturer in China","article_publisher":"https:\/\/www.facebook.com\/TOSUNelectric\/","article_modified_time":"2024-12-18T04:42:33+00:00","og_image":[{"url":"https:\/\/www.tosunlux.eu\/wp-content\/uploads\/2022\/07\/electrical-accessories-1-2020-5-1024x402.jpg","type":"","width":"","height":""}],"twitter_card":"summary_large_image","twitter_misc":{"Tahmini okuma s\u00fcresi":"1 dakika"},"schema":{"@context":"https:\/\/schema.org","@graph":[{"@type":"WebPage","@id":"https:\/\/www.tosunlux.eu\/products\/pvc-insulating-tape\/","url":"https:\/\/www.tosunlux.eu\/products\/pvc-insulating-tape\/","name":"WholesalePVC Insulating Tape - TOSUNlux Official Site - Electrical Circuit Breaker Manufacturer in China Low Voltage Electrical Supplier | TOSUNlux","isPartOf":{"@id":"https:\/\/www.tosunlux.eu\/ru\/#website"},"primaryImageOfPage":{"@id":"https:\/\/www.tosunlux.eu\/products\/pvc-insulating-tape\/#primaryimage"},"image":{"@id":"https:\/\/www.tosunlux.eu\/products\/pvc-insulating-tape\/#primaryimage"},"thumbnailUrl":"https:\/\/www.tosunlux.eu\/wp-content\/uploads\/2022\/07\/electrical-accessories-1-2020-5-1024x402.jpg","datePublished":"2022-07-20T06:49:37+00:00","dateModified":"2024-12-18T04:42:33+00:00","description":"PVC Insulating Tape Supplier - Wholesale direct from TOSUNlux, a trusted manufacturer since 1994. Get your B2B factory quote on our certified Low Voltage electrical products.","breadcrumb":{"@id":"https:\/\/www.tosunlux.eu\/products\/pvc-insulating-tape\/#breadcrumb"},"inLanguage":"tr","potentialAction":[{"@type":"ReadAction","target":["https:\/\/www.tosunlux.eu\/products\/pvc-insulating-tape\/"]}]},{"@type":"ImageObject","inLanguage":"tr","@id":"https:\/\/www.tosunlux.eu\/products\/pvc-insulating-tape\/#primaryimage","url":"https:\/\/www.tosunlux.eu\/wp-content\/uploads\/2022\/07\/electrical-accessories-1-2020-5-1024x402.jpg","contentUrl":"https:\/\/www.tosunlux.eu\/wp-content\/uploads\/2022\/07\/electrical-accessories-1-2020-5-1024x402.jpg"},{"@type":"BreadcrumbList","@id":"https:\/\/www.tosunlux.eu\/products\/pvc-insulating-tape\/#breadcrumb","itemListElement":[{"@type":"ListItem","position":1,"name":"Home","item":"https:\/\/www.tosunlux.eu\/ru\/"},{"@type":"ListItem","position":2,"name":"Products","item":"https:\/\/www.tosunlux.eu\/products\/"},{"@type":"ListItem","position":3,"name":"PVC Insulating Tape"}]},{"@type":"WebSite","@id":"https:\/\/www.tosunlux.eu\/ru\/#website","url":"https:\/\/www.tosunlux.eu\/ru\/","name":"TOSUNlux Resmi Sitesi - \u00c7in&#039;de Elektrik Sigortas\u0131 \u00dcreticisi","description":"G\u00fc\u00e7 Da\u011f\u0131t\u0131m Sistemi Tedarik\u00e7isi","publisher":{"@id":"https:\/\/www.tosunlux.eu\/ru\/#organization"},"alternateName":"TOSUNlux","potentialAction":[{"@type":"SearchAction","target":{"@type":"EntryPoint","urlTemplate":"https:\/\/www.tosunlux.eu\/ru\/?s={search_term_string}"},"query-input":{"@type":"PropertyValueSpecification","valueRequired":true,"valueName":"search_term_string"}}],"inLanguage":"tr"},{"@type":"Organization","@id":"https:\/\/www.tosunlux.eu\/ru\/#organization","name":"TOSUNlux","url":"https:\/\/www.tosunlux.eu\/ru\/","logo":{"@type":"ImageObject","inLanguage":"tr","@id":"https:\/\/www.tosunlux.eu\/ru\/#\/schema\/logo\/image\/","url":"https:\/\/www.tosunlux.eu\/wp-content\/uploads\/2022\/01\/LOGOSYSM.71762f1.png","contentUrl":"https:\/\/www.tosunlux.eu\/wp-content\/uploads\/2022\/01\/LOGOSYSM.71762f1.png","width":153,"height":55,"caption":"TOSUNlux"},"image":{"@id":"https:\/\/www.tosunlux.eu\/ru\/#\/schema\/logo\/image\/"},"sameAs":["https:\/\/www.facebook.com\/TOSUNelectric\/","https:\/\/www.linkedin.com\/company\/wenzhou-tosun-electric-co.-ltd\/"]}]}},"_links":{"self":[{"href":"https:\/\/www.tosunlux.eu\/tr\/wp-json\/wp\/v2\/product\/4766","targetHints":{"allow":["GET"]}}],"collection":[{"href":"https:\/\/www.tosunlux.eu\/tr\/wp-json\/wp\/v2\/product"}],"about":[{"href":"https:\/\/www.tosunlux.eu\/tr\/wp-json\/wp\/v2\/types\/product"}],"version-history":[{"count":1,"href":"https:\/\/www.tosunlux.eu\/tr\/wp-json\/wp\/v2\/product\/4766\/revisions"}],"predecessor-version":[{"id":12044,"href":"https:\/\/www.tosunlux.eu\/tr\/wp-json\/wp\/v2\/product\/4766\/revisions\/12044"}],"wp:attachment":[{"href":"https:\/\/www.tosunlux.eu\/tr\/wp-json\/wp\/v2\/media?parent=4766"}],"wp:term":[{"taxonomy":"product_category","embeddable":true,"href":"https:\/\/www.tosunlux.eu\/tr\/wp-json\/wp\/v2\/product_category?post=4766"}],"curies":[{"name":"wp","href":"https:\/\/api.w.org\/{rel}","templated":true}]}}