{"id":5038,"date":"2022-09-12T15:04:52","date_gmt":"2022-09-12T07:04:52","guid":{"rendered":"https:\/\/www.tosunlux.eu\/?post_type=product&#038;p=5038"},"modified":"2022-09-12T15:26:34","modified_gmt":"2022-09-12T07:26:34","slug":"modular-energy-meter","status":"publish","type":"product","link":"https:\/\/www.tosunlux.eu\/tr\/products\/modular-energy-meter\/","title":{"rendered":"DM25SC\/DM65SC Mod\u00fcler Enerji \u00d6l\u00e7er"},"content":{"rendered":"<p><strong>Ba\u015fvuru<\/strong><\/p>\n\n\n\n<p>DM25SC DM65SC tek fazl\u0131 mod\u00fcler enerji \u00f6l\u00e7er, g\u00fcvenilir ve do\u011fru \u00f6l\u00e7\u00fcm sa\u011flamak i\u00e7in mikroelektronik ve dijital i\u015fleme ile tasarlanm\u0131\u015ft\u0131r. \u00dcr\u00fcn, iyi elektromanyetik giri\u015fim direnci ve istikrarl\u0131 performans sa\u011flamak i\u00e7in hassas SMT teknolojisini benimser. \u00dcr\u00fcn, elektrik enerjisi \u00f6l\u00e7\u00fcm\u00fcnde pozitif aktif enerjiyi \u00f6l\u00e7er ve LCD arka ayd\u0131nlatmal\u0131 ekran taraf\u0131ndan a\u00e7\u0131k\u00e7a g\u00f6r\u00fcnt\u00fclenir. \u00dcr\u00fcn IEC62053-21 ile uyumludur.<\/p>\n\n\n\n<p><strong>\u015eartname<\/strong><\/p>\n\n\n<table style=\"border-collapse: collapse; width: 634.52pt;\" border=\"0\" width=\"846\" cellspacing=\"0\" cellpadding=\"0\">\n<tbody>\n<tr style=\"height: 37.00pt;\">\n<td class=\"et2\" style=\"height: 37.00pt; width: 306.20pt;\" colspan=\"2\" width=\"408\" height=\"49\">\u00d6rnek<\/td>\n<td class=\"et2\" style=\"width: 164.5pt; text-align: center;\" width=\"219\">DM25SC<\/td>\n<td class=\"et2\" style=\"width: 164.5pt; text-align: center;\" width=\"219\">DM65SC<\/td>\n<\/tr>\n<tr style=\"height: 29.00pt;\">\n<td class=\"et2\" style=\"height: 29pt; width: 306.2pt; text-align: center;\" colspan=\"2\" width=\"408\" height=\"38\">Kesinlik<\/td>\n<td class=\"et2\" style=\"width: 329pt; text-align: center;\" colspan=\"2\" width=\"438\">S\u0131n\u0131f 1.0<\/td>\n<\/tr>\n<tr style=\"height: 29.00pt;\">\n<td class=\"et2\" style=\"height: 92.00pt; width: 131.30pt;\" rowspan=\"3\" width=\"175\" height=\"122\">Gerilim<\/td>\n<td class=\"et2\" style=\"width: 174.9pt; text-align: left;\" width=\"233\">Derecelendirildi<\/td>\n<td class=\"et2\" style=\"width: 329pt; text-align: center;\" colspan=\"2\" width=\"438\">110\/120\/220\/230\/240V 50\/60Hz<\/td>\n<\/tr>\n<tr style=\"height: 34.00pt;\">\n<td class=\"et2\" style=\"width: 174.9pt; text-align: left;\" width=\"233\">Menzil<\/td>\n<td class=\"et2\" style=\"width: 329pt; text-align: center;\" colspan=\"2\" width=\"438\">0. 9Un~1.1Un<\/td>\n<\/tr>\n<tr style=\"height: 29.00pt;\">\n<td class=\"et2\" style=\"width: 174.9pt; text-align: left;\" width=\"233\">S\u0131n\u0131r<\/td>\n<td class=\"et2\" style=\"width: 329pt; text-align: center;\" colspan=\"2\" width=\"438\">0,8Un~1,2Un<\/td>\n<\/tr>\n<tr style=\"height: 29.00pt;\">\n<td class=\"et2\" style=\"height: 29.00pt; width: 131.30pt;\" width=\"175\" height=\"38\">Ak\u0131m<\/td>\n<td class=\"et2\" style=\"width: 174.90pt;\" width=\"233\">Menzil<\/td>\n<td class=\"et2\" style=\"width: 329pt; text-align: center;\" colspan=\"2\" width=\"438\">5(20)A, 5(25)A, 5(30)A, 5(32)A<\/td>\n<\/tr>\n<tr style=\"height: 37.00pt;\">\n<td class=\"et2\" style=\"height: 37.00pt; width: 306.20pt;\" colspan=\"2\" width=\"408\" height=\"49\">Ba\u015flang\u0131\u00e7 ak\u0131m\u0131<\/td>\n<td class=\"et2\" style=\"width: 329pt; text-align: center;\" colspan=\"2\" width=\"438\">0,4% lb<\/td>\n<\/tr>\n<tr style=\"height: 28.00pt;\">\n<td class=\"et2\" style=\"height: 28.00pt; width: 131.30pt;\" width=\"175\" height=\"37\">G\u00f6r\u00fcnt\u00fclemek<\/td>\n<td class=\"et2\" style=\"width: 174.90pt;\" width=\"233\">Tip<\/td>\n<td class=\"et2\" style=\"width: 329pt; text-align: center;\" colspan=\"2\" width=\"438\">Kay\u0131t 6+1 \/ LCD 6+1<\/td>\n<\/tr>\n<tr style=\"height: 29.00pt;\">\n<td class=\"et2\" style=\"height: 58.00pt; width: 131.30pt;\" rowspan=\"2\" width=\"175\" height=\"77\">G\u00fc\u00e7 t\u00fcketimi<\/td>\n<td class=\"et2\" style=\"width: 174.90pt;\" width=\"233\">Voltaj devresi<\/td>\n<td class=\"et2\" style=\"width: 329pt; text-align: center;\" colspan=\"2\" width=\"438\">\u22640,8W.10VA<\/td>\n<\/tr>\n<tr style=\"height: 29.00pt;\">\n<td class=\"et2\" style=\"width: 174.9pt; text-align: left;\" width=\"233\">Ak\u0131m devresi<\/td>\n<td class=\"et2\" style=\"width: 329pt; text-align: center;\" colspan=\"2\" width=\"438\">\u22644VA<\/td>\n<\/tr>\n<tr style=\"height: 28.00pt;\">\n<td class=\"et2\" style=\"height: 58.00pt; width: 131.30pt;\" rowspan=\"2\" width=\"175\" height=\"77\">S\u0131cakl\u0131k<\/td>\n<td class=\"et2\" style=\"width: 174.9pt; text-align: left;\" width=\"233\">\u00c7al\u0131\u015fma s\u0131cakl\u0131\u011f\u0131<\/td>\n<td class=\"et2\" style=\"width: 329pt; text-align: center;\" colspan=\"2\" width=\"438\">-45\u2103~+55\u2103<\/td>\n<\/tr>\n<tr style=\"height: 30.00pt;\">\n<td class=\"et2\" style=\"width: 174.9pt; text-align: left;\" width=\"233\">Depolama s\u0131cakl\u0131\u011f\u0131<\/td>\n<td class=\"et2\" style=\"width: 329pt; text-align: center;\" colspan=\"2\" width=\"438\">-40\u2103~+70\u2103<\/td>\n<\/tr>\n<\/tbody>\n<\/table>\n\n\n<p><strong>Boyutlar<\/strong><\/p>\n\n\n\n<figure class=\"wp-block-image size-large\"><img fetchpriority=\"high\" decoding=\"async\" width=\"1024\" height=\"438\" src=\"https:\/\/www.tosunlux.eu\/wp-content\/uploads\/2022\/09\/\u5c3a\u5bf8-1-1024x438.jpg\" alt=\"\" class=\"wp-image-5041\" srcset=\"https:\/\/www.tosunlux.eu\/wp-content\/uploads\/2022\/09\/\u5c3a\u5bf8-1-1024x438.jpg 1024w, https:\/\/www.tosunlux.eu\/wp-content\/uploads\/2022\/09\/\u5c3a\u5bf8-1-300x128.jpg 300w, https:\/\/www.tosunlux.eu\/wp-content\/uploads\/2022\/09\/\u5c3a\u5bf8-1-768x328.jpg 768w, https:\/\/www.tosunlux.eu\/wp-content\/uploads\/2022\/09\/\u5c3a\u5bf8-1.jpg 1259w\" sizes=\"(max-width: 1024px) 100vw, 1024px\" \/><\/figure>","protected":false},"parent":0,"template":"","product_category":[75,125],"class_list":["post-5038","product","type-product","status-publish","hentry","product_category-instruments","product_category-energy-meter"],"yoast_head":"<!-- This site is optimized with the Yoast SEO plugin v27.5 - https:\/\/yoast.com\/product\/yoast-seo-wordpress\/ -->\n<title>WholesaleDM25SC\/DM65SC Modular Energy Meter - TOSUNlux Official Site - Electrical Circuit Breaker Manufacturer in China Low Voltage Electrical Supplier | TOSUNlux<\/title>\n<meta name=\"description\" content=\"DM25SC\/DM65SC Modular Energy Meter Supplier - Wholesale direct from TOSUNlux, a trusted manufacturer since 1994. Get your B2B factory quote on our certified Low Voltage electrical products.\" \/>\n<meta name=\"robots\" content=\"index, follow, max-snippet:-1, max-image-preview:large, max-video-preview:-1\" \/>\n<link rel=\"canonical\" href=\"https:\/\/www.tosunlux.eu\/tr\/products\/modular-energy-meter\/\" \/>\n<meta property=\"og:locale\" content=\"tr_TR\" \/>\n<meta property=\"og:type\" content=\"article\" \/>\n<meta property=\"og:title\" content=\"WholesaleDM25SC\/DM65SC Modular Energy Meter - TOSUNlux Official Site - Electrical Circuit Breaker Manufacturer in China Low Voltage Electrical Supplier | TOSUNlux\" \/>\n<meta property=\"og:description\" content=\"DM25SC\/DM65SC Modular Energy Meter Supplier - Wholesale direct from TOSUNlux, a trusted manufacturer since 1994. Get your B2B factory quote on our certified Low Voltage electrical products.\" \/>\n<meta property=\"og:url\" content=\"https:\/\/www.tosunlux.eu\/tr\/products\/modular-energy-meter\/\" \/>\n<meta property=\"og:site_name\" content=\"TOSUNlux Official Site - Electrical Circuit Breaker Manufacturer in China\" \/>\n<meta property=\"article:publisher\" content=\"https:\/\/www.facebook.com\/TOSUNelectric\/\" \/>\n<meta property=\"article:modified_time\" content=\"2022-09-12T07:26:34+00:00\" \/>\n<meta property=\"og:image\" content=\"https:\/\/www.tosunlux.eu\/wp-content\/uploads\/2023\/04\/DSC08160_\u526f\u672c.jpg\" \/>\n\t<meta property=\"og:image:width\" content=\"1500\" \/>\n\t<meta property=\"og:image:height\" content=\"940\" \/>\n\t<meta property=\"og:image:type\" content=\"image\/jpeg\" \/>\n<meta name=\"twitter:card\" content=\"summary_large_image\" \/>\n<meta name=\"twitter:label1\" content=\"Tahmini okuma s\u00fcresi\" \/>\n\t<meta name=\"twitter:data1\" content=\"1 dakika\" \/>\n<script type=\"application\/ld+json\" class=\"yoast-schema-graph\">{\"@context\":\"https:\\\/\\\/schema.org\",\"@graph\":[{\"@type\":\"WebPage\",\"@id\":\"https:\\\/\\\/www.tosunlux.eu\\\/es\\\/products\\\/modular-energy-meter\\\/\",\"url\":\"https:\\\/\\\/www.tosunlux.eu\\\/es\\\/products\\\/modular-energy-meter\\\/\",\"name\":\"WholesaleDM25SC\\\/DM65SC Modular Energy Meter - TOSUNlux Official Site - Electrical Circuit Breaker Manufacturer in China Low Voltage Electrical Supplier | TOSUNlux\",\"isPartOf\":{\"@id\":\"https:\\\/\\\/www.tosunlux.eu\\\/ru\\\/#website\"},\"datePublished\":\"2022-09-12T07:04:52+00:00\",\"dateModified\":\"2022-09-12T07:26:34+00:00\",\"description\":\"DM25SC\\\/DM65SC Modular Energy Meter Supplier - Wholesale direct from TOSUNlux, a trusted manufacturer since 1994. Get your B2B factory quote on our certified Low Voltage electrical products.\",\"breadcrumb\":{\"@id\":\"https:\\\/\\\/www.tosunlux.eu\\\/es\\\/products\\\/modular-energy-meter\\\/#breadcrumb\"},\"inLanguage\":\"tr\",\"potentialAction\":[{\"@type\":\"ReadAction\",\"target\":[\"https:\\\/\\\/www.tosunlux.eu\\\/es\\\/products\\\/modular-energy-meter\\\/\"]}]},{\"@type\":\"BreadcrumbList\",\"@id\":\"https:\\\/\\\/www.tosunlux.eu\\\/es\\\/products\\\/modular-energy-meter\\\/#breadcrumb\",\"itemListElement\":[{\"@type\":\"ListItem\",\"position\":1,\"name\":\"Home\",\"item\":\"https:\\\/\\\/www.tosunlux.eu\\\/ru\\\/\"},{\"@type\":\"ListItem\",\"position\":2,\"name\":\"Products\",\"item\":\"https:\\\/\\\/www.tosunlux.eu\\\/products\\\/\"},{\"@type\":\"ListItem\",\"position\":3,\"name\":\"DM25SC\\\/DM65SC Modular Energy Meter\"}]},{\"@type\":\"WebSite\",\"@id\":\"https:\\\/\\\/www.tosunlux.eu\\\/ru\\\/#website\",\"url\":\"https:\\\/\\\/www.tosunlux.eu\\\/ru\\\/\",\"name\":\"TOSUNlux Official Site - Electrical Circuit Breaker Manufacturer in China\",\"description\":\"Power Distribution System Supplier\",\"publisher\":{\"@id\":\"https:\\\/\\\/www.tosunlux.eu\\\/ru\\\/#organization\"},\"alternateName\":\"TOSUNlux\",\"potentialAction\":[{\"@type\":\"SearchAction\",\"target\":{\"@type\":\"EntryPoint\",\"urlTemplate\":\"https:\\\/\\\/www.tosunlux.eu\\\/ru\\\/?s={search_term_string}\"},\"query-input\":{\"@type\":\"PropertyValueSpecification\",\"valueRequired\":true,\"valueName\":\"search_term_string\"}}],\"inLanguage\":\"tr\"},{\"@type\":\"Organization\",\"@id\":\"https:\\\/\\\/www.tosunlux.eu\\\/ru\\\/#organization\",\"name\":\"TOSUNlux\",\"url\":\"https:\\\/\\\/www.tosunlux.eu\\\/ru\\\/\",\"logo\":{\"@type\":\"ImageObject\",\"inLanguage\":\"tr\",\"@id\":\"https:\\\/\\\/www.tosunlux.eu\\\/ru\\\/#\\\/schema\\\/logo\\\/image\\\/\",\"url\":\"https:\\\/\\\/www.tosunlux.eu\\\/wp-content\\\/uploads\\\/2022\\\/01\\\/LOGOSYSM.71762f1.png\",\"contentUrl\":\"https:\\\/\\\/www.tosunlux.eu\\\/wp-content\\\/uploads\\\/2022\\\/01\\\/LOGOSYSM.71762f1.png\",\"width\":153,\"height\":55,\"caption\":\"TOSUNlux\"},\"image\":{\"@id\":\"https:\\\/\\\/www.tosunlux.eu\\\/ru\\\/#\\\/schema\\\/logo\\\/image\\\/\"},\"sameAs\":[\"https:\\\/\\\/www.facebook.com\\\/TOSUNelectric\\\/\",\"https:\\\/\\\/www.linkedin.com\\\/company\\\/wenzhou-tosun-electric-co.-ltd\\\/\"]}]}<\/script>\n<!-- \/ Yoast SEO plugin. -->","yoast_head_json":{"title":"Toptan DM25SC\/DM65SC Mod\u00fcler Enerji \u00d6l\u00e7er - TOSUNlux Resmi Sitesi - \u00c7in&#039;de Elektrik Sigortas\u0131 \u00dcreticisi ve D\u00fc\u015f\u00fck Voltajl\u0131 Elektrik Tedarik\u00e7isi | TOSUNlux","description":"DM25SC\/DM65SC Mod\u00fcler Enerji \u00d6l\u00e7er Tedarik\u00e7isi - 1994&#039;ten beri g\u00fcvenilir bir \u00fcretici olan TOSUNlux&#039;tan do\u011frudan toptan sat\u0131\u015f. Sertifikal\u0131 D\u00fc\u015f\u00fck Gerilim elektrik \u00fcr\u00fcnlerimiz i\u00e7in B2B fabrika fiyat teklifinizi al\u0131n.","robots":{"index":"index","follow":"follow","max-snippet":"max-snippet:-1","max-image-preview":"max-image-preview:large","max-video-preview":"max-video-preview:-1"},"canonical":"https:\/\/www.tosunlux.eu\/tr\/products\/modular-energy-meter\/","og_locale":"tr_TR","og_type":"article","og_title":"WholesaleDM25SC\/DM65SC Modular Energy Meter - TOSUNlux Official Site - Electrical Circuit Breaker Manufacturer in China Low Voltage Electrical Supplier | TOSUNlux","og_description":"DM25SC\/DM65SC Modular Energy Meter Supplier - Wholesale direct from TOSUNlux, a trusted manufacturer since 1994. Get your B2B factory quote on our certified Low Voltage electrical products.","og_url":"https:\/\/www.tosunlux.eu\/tr\/products\/modular-energy-meter\/","og_site_name":"TOSUNlux Official Site - Electrical Circuit Breaker Manufacturer in China","article_publisher":"https:\/\/www.facebook.com\/TOSUNelectric\/","article_modified_time":"2022-09-12T07:26:34+00:00","og_image":[{"width":1500,"height":940,"url":"https:\/\/www.tosunlux.eu\/wp-content\/uploads\/2023\/04\/DSC08160_\u526f\u672c.jpg","type":"image\/jpeg"}],"twitter_card":"summary_large_image","twitter_misc":{"Tahmini okuma s\u00fcresi":"1 dakika"},"schema":{"@context":"https:\/\/schema.org","@graph":[{"@type":"WebPage","@id":"https:\/\/www.tosunlux.eu\/es\/products\/modular-energy-meter\/","url":"https:\/\/www.tosunlux.eu\/es\/products\/modular-energy-meter\/","name":"Toptan DM25SC\/DM65SC Mod\u00fcler Enerji \u00d6l\u00e7er - TOSUNlux Resmi Sitesi - \u00c7in&#039;de Elektrik Sigortas\u0131 \u00dcreticisi ve D\u00fc\u015f\u00fck Voltajl\u0131 Elektrik Tedarik\u00e7isi | TOSUNlux","isPartOf":{"@id":"https:\/\/www.tosunlux.eu\/ru\/#website"},"datePublished":"2022-09-12T07:04:52+00:00","dateModified":"2022-09-12T07:26:34+00:00","description":"DM25SC\/DM65SC Mod\u00fcler Enerji \u00d6l\u00e7er Tedarik\u00e7isi - 1994&#039;ten beri g\u00fcvenilir bir \u00fcretici olan TOSUNlux&#039;tan do\u011frudan toptan sat\u0131\u015f. Sertifikal\u0131 D\u00fc\u015f\u00fck Gerilim elektrik \u00fcr\u00fcnlerimiz i\u00e7in B2B fabrika fiyat teklifinizi al\u0131n.","breadcrumb":{"@id":"https:\/\/www.tosunlux.eu\/es\/products\/modular-energy-meter\/#breadcrumb"},"inLanguage":"tr","potentialAction":[{"@type":"ReadAction","target":["https:\/\/www.tosunlux.eu\/es\/products\/modular-energy-meter\/"]}]},{"@type":"BreadcrumbList","@id":"https:\/\/www.tosunlux.eu\/es\/products\/modular-energy-meter\/#breadcrumb","itemListElement":[{"@type":"ListItem","position":1,"name":"Home","item":"https:\/\/www.tosunlux.eu\/ru\/"},{"@type":"ListItem","position":2,"name":"Products","item":"https:\/\/www.tosunlux.eu\/products\/"},{"@type":"ListItem","position":3,"name":"DM25SC\/DM65SC Modular Energy Meter"}]},{"@type":"WebSite","@id":"https:\/\/www.tosunlux.eu\/ru\/#website","url":"https:\/\/www.tosunlux.eu\/ru\/","name":"TOSUNlux Resmi Sitesi - \u00c7in&#039;de Elektrik Sigortas\u0131 \u00dcreticisi","description":"G\u00fc\u00e7 Da\u011f\u0131t\u0131m Sistemi Tedarik\u00e7isi","publisher":{"@id":"https:\/\/www.tosunlux.eu\/ru\/#organization"},"alternateName":"TOSUNlux","potentialAction":[{"@type":"SearchAction","target":{"@type":"EntryPoint","urlTemplate":"https:\/\/www.tosunlux.eu\/ru\/?s={search_term_string}"},"query-input":{"@type":"PropertyValueSpecification","valueRequired":true,"valueName":"search_term_string"}}],"inLanguage":"tr"},{"@type":"Organization","@id":"https:\/\/www.tosunlux.eu\/ru\/#organization","name":"TOSUNlux","url":"https:\/\/www.tosunlux.eu\/ru\/","logo":{"@type":"ImageObject","inLanguage":"tr","@id":"https:\/\/www.tosunlux.eu\/ru\/#\/schema\/logo\/image\/","url":"https:\/\/www.tosunlux.eu\/wp-content\/uploads\/2022\/01\/LOGOSYSM.71762f1.png","contentUrl":"https:\/\/www.tosunlux.eu\/wp-content\/uploads\/2022\/01\/LOGOSYSM.71762f1.png","width":153,"height":55,"caption":"TOSUNlux"},"image":{"@id":"https:\/\/www.tosunlux.eu\/ru\/#\/schema\/logo\/image\/"},"sameAs":["https:\/\/www.facebook.com\/TOSUNelectric\/","https:\/\/www.linkedin.com\/company\/wenzhou-tosun-electric-co.-ltd\/"]}]}},"_links":{"self":[{"href":"https:\/\/www.tosunlux.eu\/tr\/wp-json\/wp\/v2\/product\/5038","targetHints":{"allow":["GET"]}}],"collection":[{"href":"https:\/\/www.tosunlux.eu\/tr\/wp-json\/wp\/v2\/product"}],"about":[{"href":"https:\/\/www.tosunlux.eu\/tr\/wp-json\/wp\/v2\/types\/product"}],"version-history":[{"count":0,"href":"https:\/\/www.tosunlux.eu\/tr\/wp-json\/wp\/v2\/product\/5038\/revisions"}],"wp:attachment":[{"href":"https:\/\/www.tosunlux.eu\/tr\/wp-json\/wp\/v2\/media?parent=5038"}],"wp:term":[{"taxonomy":"product_category","embeddable":true,"href":"https:\/\/www.tosunlux.eu\/tr\/wp-json\/wp\/v2\/product_category?post=5038"}],"curies":[{"name":"wp","href":"https:\/\/api.w.org\/{rel}","templated":true}]}}