{"id":5471,"date":"2023-03-15T17:25:31","date_gmt":"2023-03-15T09:25:31","guid":{"rendered":"https:\/\/www.tosunlux.eu\/?post_type=product&#038;p=5471"},"modified":"2023-03-16T15:03:54","modified_gmt":"2023-03-16T07:03:54","slug":"solar-pv-fuse-tspv-25-tspv-32","status":"publish","type":"product","link":"https:\/\/www.tosunlux.eu\/tr\/products\/solar-pv-fuse-tspv-25-tspv-32\/","title":{"rendered":"G\u00fcne\u015f PV Sigortas\u0131"},"content":{"rendered":"<p><strong>Parametreler ve \u00f6zellikler<\/strong><\/p>\n\n\n\n<p>Standart: IEC60269-1 ve IEC60269-6<br>Anma gerilimi: DC1000V<br>Anma ak\u0131m\u0131: 20A<br>K\u0131r\u0131lma kapasitesi: 33 KA<br>\u0130\u015fletme s\u0131n\u0131f\u0131: gPV<\/p>\n\n\n\n<p>Koruma nesneleri: PV mod\u00fcllerin ve PV dizilerinin a\u015f\u0131r\u0131 y\u00fck ve k\u0131sa devre ak\u0131m ar\u0131zalar\u0131na kar\u015f\u0131 g\u00fcvenli ve g\u00fcvenilir koruma sa\u011flamak amac\u0131yla fotovoltaik birle\u015ftirici kutuda kullan\u0131l\u0131r.<br>Uygulanabilir ortam: S\u0131cakl\u0131k, -5\u00b0C~+40\u00b0C;<br>Nem, 90%&#039;den az.<\/p>\n\n\n\n<p><strong>\u015eartname<\/strong><\/p>\n\n\n<table style=\"height: 474px;\" width=\"908\">\n<tbody>\n<tr>\n<td style=\"text-align: center;\" colspan=\"5\" width=\"1016\">Sigorta ba\u011flant\u0131s\u0131<\/td>\n<td style=\"text-align: center;\" colspan=\"2\" width=\"586\">Sigorta taban\u0131<\/td>\n<\/tr>\n<tr>\n<td style=\"text-align: center;\" rowspan=\"2\" width=\"201\">\u00d6rnek<\/td>\n<td style=\"text-align: center;\" rowspan=\"2\" width=\"236\">Anma ak\u0131m\u0131 (A)<\/td>\n<td style=\"text-align: center;\" colspan=\"2\" width=\"342\">l\u00b2t(A\u00b2lar)<\/td>\n<td style=\"text-align: center;\" rowspan=\"2\" width=\"236\">G\u00fc\u00e7 kayb\u0131 (W) 1,0 In<\/td>\n<td style=\"text-align: center;\" rowspan=\"2\" width=\"230\">\u00d6rnek<\/td>\n<td style=\"text-align: center;\" rowspan=\"2\" width=\"356\">Anma ak\u0131m\u0131 (A)<\/td>\n<\/tr>\n<tr>\n<td style=\"text-align: center;\" colspan=\"2\" width=\"342\">Eriyen Temizleme<\/td>\n<\/tr>\n<tr>\n<td style=\"text-align: center;\" rowspan=\"13\" width=\"201\">TSPV-25<\/td>\n<td style=\"text-align: center;\" width=\"236\">1<\/td>\n<td style=\"text-align: center;\" width=\"170\">5<\/td>\n<td style=\"text-align: center;\" width=\"172\">16<\/td>\n<td style=\"text-align: center;\" width=\"236\">0.9<\/td>\n<td style=\"text-align: center;\" rowspan=\"13\" width=\"230\">TSPV-25B TSPV-25BX<\/td>\n<td style=\"text-align: center;\" rowspan=\"13\" width=\"356\">32A<\/td>\n<\/tr>\n<tr>\n<td style=\"text-align: center;\" width=\"236\">2<\/td>\n<td style=\"text-align: center;\" width=\"170\">8<\/td>\n<td style=\"text-align: center;\" width=\"172\">32<\/td>\n<td style=\"text-align: center;\" width=\"236\">1.0<\/td>\n<\/tr>\n<tr>\n<td style=\"text-align: center;\" width=\"236\">3<\/td>\n<td style=\"text-align: center;\" width=\"170\">10<\/td>\n<td style=\"text-align: center;\" width=\"172\">48<\/td>\n<td style=\"text-align: center;\" width=\"236\">1.3<\/td>\n<\/tr>\n<tr>\n<td style=\"text-align: center;\" width=\"236\">4<\/td>\n<td style=\"text-align: center;\" width=\"170\">13<\/td>\n<td style=\"text-align: center;\" width=\"172\">65<\/td>\n<td style=\"text-align: center;\" width=\"236\">1.5<\/td>\n<\/tr>\n<tr>\n<td style=\"text-align: center;\" width=\"236\">5<\/td>\n<td style=\"text-align: center;\" width=\"170\">22<\/td>\n<td style=\"text-align: center;\" width=\"172\">86<\/td>\n<td style=\"text-align: center;\" width=\"236\">1.6<\/td>\n<\/tr>\n<tr>\n<td style=\"text-align: center;\" width=\"236\">6<\/td>\n<td style=\"text-align: center;\" width=\"170\">32<\/td>\n<td style=\"text-align: center;\" width=\"172\">1 00<\/td>\n<td style=\"text-align: center;\" width=\"236\">1.8<\/td>\n<\/tr>\n<tr>\n<td style=\"text-align: center;\" width=\"236\">8<\/td>\n<td style=\"text-align: center;\" width=\"170\">42<\/td>\n<td style=\"text-align: center;\" width=\"172\">1 35<\/td>\n<td style=\"text-align: center;\" width=\"236\">2.1<\/td>\n<\/tr>\n<tr>\n<td style=\"text-align: center;\" width=\"236\">10<\/td>\n<td style=\"text-align: center;\" width=\"170\">50<\/td>\n<td style=\"text-align: center;\" width=\"172\">1 52<\/td>\n<td style=\"text-align: center;\" width=\"236\">2.3<\/td>\n<\/tr>\n<tr>\n<td style=\"text-align: center;\" width=\"236\">12<\/td>\n<td style=\"text-align: center;\" width=\"170\">57<\/td>\n<td style=\"text-align: center;\" width=\"172\">1 88<\/td>\n<td style=\"text-align: center;\" width=\"236\">2.7<\/td>\n<\/tr>\n<tr>\n<td style=\"text-align: center;\" width=\"236\">15<\/td>\n<td style=\"text-align: center;\" width=\"170\">60<\/td>\n<td style=\"text-align: center;\" width=\"172\">230<\/td>\n<td style=\"text-align: center;\" width=\"236\">3.0<\/td>\n<\/tr>\n<tr>\n<td style=\"text-align: center;\" width=\"236\">20<\/td>\n<td style=\"text-align: center;\" width=\"170\">80<\/td>\n<td style=\"text-align: center;\" width=\"172\">310<\/td>\n<td style=\"text-align: center;\" width=\"236\">3.6<\/td>\n<\/tr>\n<tr>\n<td style=\"text-align: center;\" width=\"236\">25<\/td>\n<td style=\"text-align: center;\" width=\"170\">120<\/td>\n<td style=\"text-align: center;\" width=\"172\">420<\/td>\n<td style=\"text-align: center;\" width=\"236\">4.5<\/td>\n<\/tr>\n<tr>\n<td style=\"text-align: center;\" width=\"236\">32<\/td>\n<td style=\"text-align: center;\" width=\"170\">185<\/td>\n<td style=\"text-align: center;\" width=\"172\">660<\/td>\n<td style=\"text-align: center;\" width=\"236\">5.0<\/td>\n<\/tr>\n<\/tbody>\n<\/table>\n\n\n<p><strong>Ortalama \u00d6zellikler E\u011frisi<\/strong><\/p>\n\n\n\n<figure class=\"wp-block-image size-full is-resized\"><img fetchpriority=\"high\" decoding=\"async\" src=\"https:\/\/www.tosunlux.eu\/wp-content\/uploads\/2023\/03\/d1.jpg\" alt=\"\" class=\"wp-image-5472\" width=\"599\" height=\"541\" srcset=\"https:\/\/www.tosunlux.eu\/wp-content\/uploads\/2023\/03\/d1.jpg 717w, https:\/\/www.tosunlux.eu\/wp-content\/uploads\/2023\/03\/d1-300x271.jpg 300w\" sizes=\"(max-width: 599px) 100vw, 599px\" \/><\/figure>\n\n\n\n<p><strong>Boyutlar<\/strong><\/p>\n\n\n\n<figure class=\"wp-block-image size-large is-resized\"><img decoding=\"async\" src=\"https:\/\/www.tosunlux.eu\/wp-content\/uploads\/2023\/03\/d2-1024x950.jpg\" alt=\"\" class=\"wp-image-5473\" width=\"577\" height=\"535\" srcset=\"https:\/\/www.tosunlux.eu\/wp-content\/uploads\/2023\/03\/d2-1024x950.jpg 1024w, https:\/\/www.tosunlux.eu\/wp-content\/uploads\/2023\/03\/d2-300x278.jpg 300w, https:\/\/www.tosunlux.eu\/wp-content\/uploads\/2023\/03\/d2-768x712.jpg 768w, https:\/\/www.tosunlux.eu\/wp-content\/uploads\/2023\/03\/d2-1536x1425.jpg 1536w, https:\/\/www.tosunlux.eu\/wp-content\/uploads\/2023\/03\/d2.jpg 1600w\" sizes=\"(max-width: 577px) 100vw, 577px\" \/><\/figure>\n\n\n\n<p><strong>Parametreler ve \u00f6zellikler<\/strong><\/p>\n\n\n\n<p>Standart: IEC60269-1 ve IEC60269-6<br>Anma gerilimi: DC1500V<br>Anma ak\u0131m\u0131: 32A<br>K\u0131r\u0131lma kapasitesi: 25 KA<br>\u0130\u015fletme s\u0131n\u0131f\u0131: gPV<\/p>\n\n\n\n<p>Koruma nesneleri: PV mod\u00fcllerin ve PV dizilerinin a\u015f\u0131r\u0131 y\u00fck ve k\u0131sa devre ak\u0131m ar\u0131zalar\u0131na kar\u015f\u0131 g\u00fcvenli ve g\u00fcvenilir koruma sa\u011flamak amac\u0131yla fotovoltaik birle\u015ftirici kutuda kullan\u0131l\u0131r.<br>Uygulanabilir ortam: S\u0131cakl\u0131k, -5\u00b0C~+40\u00b0C;<\/p>\n\n\n\n<p><strong>\u015eartname<\/strong><\/p>\n\n\n<table style=\"border-collapse: collapse; width: 873px; height: 598px;\" border=\"0\" width=\"1603\" cellspacing=\"0\" cellpadding=\"0\">\n<tbody>\n<tr style=\"height: 31.55pt;\">\n<td class=\"et2\" style=\"height: 31.55pt; width: 523.15pt; text-align: center;\" colspan=\"5\" width=\"1009\" height=\"60\">Sigorta ba\u011flant\u0131s\u0131<\/td>\n<td class=\"et2\" style=\"width: 307.5pt; text-align: center;\" colspan=\"2\" width=\"593\">Sigorta taban\u0131<\/td>\n<\/tr>\n<tr style=\"height: 29.45pt;\">\n<td class=\"et2\" style=\"height: 60.45pt; width: 102.75pt; text-align: center;\" rowspan=\"2\" width=\"198\" height=\"116\">\u00d6rnek<\/td>\n<td class=\"et2\" style=\"width: 121.85pt; text-align: center;\" rowspan=\"2\" width=\"235\">Anma ak\u0131m\u0131 (A)<\/td>\n<td class=\"et2\" style=\"width: 177.25pt; text-align: center;\" colspan=\"2\" width=\"342\">l\u00b2t(A\u00b2lar)<\/td>\n<td class=\"et2\" style=\"width: 121.3pt; text-align: center;\" rowspan=\"2\" width=\"234\">G\u00fc\u00e7 kayb\u0131 (W)<br>1.0 in\u00e7<\/td>\n<td class=\"et2\" style=\"width: 119.75pt; text-align: center;\" rowspan=\"2\" width=\"231\">\u00d6rnek<\/td>\n<td class=\"et2\" style=\"width: 187.75pt; text-align: center;\" rowspan=\"2\" width=\"362\">Anma ak\u0131m\u0131 (A)<\/td>\n<\/tr>\n<tr style=\"height: 31.00pt;\">\n<td class=\"et2\" style=\"width: 87.85pt; text-align: center;\" width=\"169\">Erime<\/td>\n<td class=\"et2\" style=\"width: 89.4pt; text-align: center;\" width=\"172\">Temizleme<\/td>\n<\/tr>\n<tr style=\"height: 29.45pt;\">\n<td class=\"et2\" style=\"height: 354.3pt; width: 102.75pt; text-align: center;\" rowspan=\"12\" width=\"198\" height=\"683\">TSPV-32<\/td>\n<td class=\"et2\" style=\"width: 121.85pt; text-align: center;\" width=\"235\">2<\/td>\n<td class=\"et2\" style=\"width: 87.85pt; text-align: center;\" width=\"169\">3.5<\/td>\n<td class=\"et2\" style=\"width: 89.4pt; text-align: center;\" width=\"172\">12<\/td>\n<td class=\"et2\" style=\"width: 121.3pt; text-align: center;\" width=\"234\">2.2<\/td>\n<td class=\"et2\" style=\"width: 119.75pt; text-align: center;\" rowspan=\"12\" width=\"231\">TSPV-32B TSPV-32BX<\/td>\n<td class=\"et2\" style=\"width: 187.75pt; text-align: center;\" rowspan=\"12\" width=\"362\">32A<\/td>\n<\/tr>\n<tr style=\"height: 31.00pt;\">\n<td class=\"et2\" style=\"width: 121.85pt; text-align: center;\" width=\"235\">3<\/td>\n<td class=\"et2\" style=\"width: 87.85pt; text-align: center;\" width=\"169\">8<\/td>\n<td class=\"et2\" style=\"width: 89.4pt; text-align: center;\" width=\"172\">18<\/td>\n<td class=\"et2\" style=\"width: 121.3pt; text-align: center;\" width=\"234\">2.5<\/td>\n<\/tr>\n<tr style=\"height: 29.95pt;\">\n<td class=\"et2\" style=\"width: 121.85pt; text-align: center;\" width=\"235\">4<\/td>\n<td class=\"et2\" style=\"width: 87.85pt; text-align: center;\" width=\"169\">16<\/td>\n<td class=\"et2\" style=\"width: 89.4pt; text-align: center;\" width=\"172\">35<\/td>\n<td class=\"et2\" style=\"width: 121.3pt; text-align: center;\" width=\"234\">2.8<\/td>\n<\/tr>\n<tr style=\"height: 30.50pt;\">\n<td class=\"et2\" style=\"width: 121.85pt; text-align: center;\" width=\"235\">5<\/td>\n<td class=\"et2\" style=\"width: 87.85pt; text-align: center;\" width=\"169\">30<\/td>\n<td class=\"et2\" style=\"width: 89.4pt; text-align: center;\" width=\"172\">66<\/td>\n<td class=\"et2\" style=\"width: 121.3pt; text-align: center;\" width=\"234\">3.0<\/td>\n<\/tr>\n<tr style=\"height: 29.95pt;\">\n<td class=\"et2\" style=\"width: 121.85pt; text-align: center;\" width=\"235\">6<\/td>\n<td class=\"et2\" style=\"width: 87.85pt; text-align: center;\" width=\"169\">46<\/td>\n<td class=\"et2\" style=\"width: 89.4pt; text-align: center;\" width=\"172\">130<\/td>\n<td class=\"et2\" style=\"width: 121.3pt; text-align: center;\" width=\"234\">3.3<\/td>\n<\/tr>\n<tr style=\"height: 25.00pt;\">\n<td class=\"et2\" style=\"width: 121.85pt; text-align: center;\" width=\"235\">8<\/td>\n<td class=\"et2\" style=\"width: 87.85pt; text-align: center;\" width=\"169\">55<\/td>\n<td class=\"et2\" style=\"width: 89.4pt; text-align: center;\" width=\"172\">200<\/td>\n<td class=\"et2\" style=\"width: 121.3pt; text-align: center;\" width=\"234\">3.8<\/td>\n<\/tr>\n<tr style=\"height: 26.00pt;\">\n<td class=\"et2\" style=\"width: 121.85pt; text-align: center;\" width=\"235\">10<\/td>\n<td class=\"et2\" style=\"width: 87.85pt; text-align: center;\" width=\"169\">70<\/td>\n<td class=\"et2\" style=\"width: 89.4pt; text-align: center;\" width=\"172\">270<\/td>\n<td class=\"et2\" style=\"width: 121.3pt; text-align: center;\" width=\"234\">4.5<\/td>\n<\/tr>\n<tr style=\"height: 30.50pt;\">\n<td class=\"et2\" style=\"width: 121.85pt; text-align: center;\" width=\"235\">12<\/td>\n<td class=\"et2\" style=\"width: 87.85pt; text-align: center;\" width=\"169\">95<\/td>\n<td class=\"et2\" style=\"width: 89.4pt; text-align: center;\" width=\"172\">360<\/td>\n<td class=\"et2\" style=\"width: 121.3pt; text-align: center;\" width=\"234\">5.0<\/td>\n<\/tr>\n<tr style=\"height: 29.95pt;\">\n<td class=\"et2\" style=\"width: 121.85pt; text-align: center;\" width=\"235\">15<\/td>\n<td class=\"et2\" style=\"width: 87.85pt; text-align: center;\" width=\"169\">130<\/td>\n<td class=\"et2\" style=\"width: 89.4pt; text-align: center;\" width=\"172\">400<\/td>\n<td class=\"et2\" style=\"width: 121.3pt; text-align: center;\" width=\"234\">5.7<\/td>\n<\/tr>\n<tr style=\"height: 30.50pt;\">\n<td class=\"et2\" style=\"width: 121.85pt; text-align: center;\" width=\"235\">20<\/td>\n<td class=\"et2\" style=\"width: 87.85pt; text-align: center;\" width=\"169\">220<\/td>\n<td class=\"et2\" style=\"width: 89.4pt; text-align: center;\" width=\"172\">750<\/td>\n<td class=\"et2\" style=\"width: 121.3pt; text-align: center;\" width=\"234\">6.8<\/td>\n<\/tr>\n<tr style=\"height: 32.05pt;\">\n<td class=\"et2\" style=\"width: 121.85pt; text-align: center;\" width=\"235\">25<\/td>\n<td class=\"et2\" style=\"width: 87.85pt; text-align: center;\" width=\"169\">350<\/td>\n<td class=\"et2\" style=\"width: 89.4pt; text-align: center;\" width=\"172\">1 000<\/td>\n<td class=\"et2\" style=\"width: 121.3pt; text-align: center;\" width=\"234\">7.2<\/td>\n<\/tr>\n<tr style=\"height: 29.45pt;\">\n<td class=\"et2\" style=\"width: 121.85pt; text-align: center;\" width=\"235\">32<\/td>\n<td class=\"et2\" style=\"width: 87.85pt; text-align: center;\" width=\"169\">480<\/td>\n<td class=\"et2\" style=\"width: 89.4pt; text-align: center;\" width=\"172\">1 600<\/td>\n<td class=\"et2\" style=\"width: 121.3pt; text-align: center;\" width=\"234\">8.2<\/td>\n<\/tr>\n<\/tbody>\n<\/table>\n\n\n<p><strong>Ortalama \u00d6zellikler E\u011frisi<\/strong><\/p>\n\n\n\n<figure class=\"wp-block-image size-full is-resized\"><img decoding=\"async\" src=\"https:\/\/www.tosunlux.eu\/wp-content\/uploads\/2023\/03\/d3.jpg\" alt=\"\" class=\"wp-image-5474\" width=\"581\" height=\"546\" srcset=\"https:\/\/www.tosunlux.eu\/wp-content\/uploads\/2023\/03\/d3.jpg 623w, https:\/\/www.tosunlux.eu\/wp-content\/uploads\/2023\/03\/d3-300x282.jpg 300w\" sizes=\"(max-width: 581px) 100vw, 581px\" \/><\/figure>\n\n\n\n<p><strong>Boyutlar<\/strong><\/p>\n\n\n\n<figure class=\"wp-block-image size-large is-resized\"><img loading=\"lazy\" decoding=\"async\" src=\"https:\/\/www.tosunlux.eu\/wp-content\/uploads\/2023\/03\/d4-1024x609.jpg\" alt=\"\" class=\"wp-image-5475\" width=\"695\" height=\"413\" srcset=\"https:\/\/www.tosunlux.eu\/wp-content\/uploads\/2023\/03\/d4-1024x609.jpg 1024w, https:\/\/www.tosunlux.eu\/wp-content\/uploads\/2023\/03\/d4-300x179.jpg 300w, https:\/\/www.tosunlux.eu\/wp-content\/uploads\/2023\/03\/d4-768x457.jpg 768w, https:\/\/www.tosunlux.eu\/wp-content\/uploads\/2023\/03\/d4-1536x914.jpg 1536w, https:\/\/www.tosunlux.eu\/wp-content\/uploads\/2023\/03\/d4.jpg 1600w\" sizes=\"(max-width: 695px) 100vw, 695px\" \/><\/figure>","protected":false},"parent":0,"template":"","product_category":[37,153],"class_list":["post-5471","product","type-product","status-publish","hentry","product_category-new-energy-instruments","product_category-dc-fuse-and-isolating-switch"],"yoast_head":"<!-- This site is optimized with the Yoast SEO plugin v27.4 - https:\/\/yoast.com\/product\/yoast-seo-wordpress\/ -->\n<title>WholesaleSolar PV Fuse - TOSUNlux Official Site - Electrical Circuit Breaker Manufacturer in China Low Voltage Electrical Supplier | TOSUNlux<\/title>\n<meta name=\"description\" content=\"Solar PV Fuse Supplier - Wholesale direct from TOSUNlux, a trusted manufacturer since 1994. Get your B2B factory quote on our certified Low Voltage electrical products.\" \/>\n<meta name=\"robots\" content=\"index, follow, max-snippet:-1, max-image-preview:large, max-video-preview:-1\" \/>\n<link rel=\"canonical\" href=\"https:\/\/www.tosunlux.eu\/tr\/products\/solar-pv-fuse-tspv-25-tspv-32\/\" \/>\n<meta property=\"og:locale\" content=\"tr_TR\" \/>\n<meta property=\"og:type\" content=\"article\" \/>\n<meta property=\"og:title\" content=\"WholesaleSolar PV Fuse - TOSUNlux Official Site - Electrical Circuit Breaker Manufacturer in China Low Voltage Electrical Supplier | TOSUNlux\" \/>\n<meta property=\"og:description\" content=\"Solar PV Fuse Supplier - Wholesale direct from TOSUNlux, a trusted manufacturer since 1994. Get your B2B factory quote on our certified Low Voltage electrical products.\" \/>\n<meta property=\"og:url\" content=\"https:\/\/www.tosunlux.eu\/tr\/products\/solar-pv-fuse-tspv-25-tspv-32\/\" \/>\n<meta property=\"og:site_name\" content=\"TOSUNlux Official Site - Electrical Circuit Breaker Manufacturer in China\" \/>\n<meta property=\"article:publisher\" content=\"https:\/\/www.facebook.com\/TOSUNelectric\/\" \/>\n<meta property=\"article:modified_time\" content=\"2023-03-16T07:03:54+00:00\" \/>\n<meta property=\"og:image\" content=\"https:\/\/www.tosunlux.eu\/wp-content\/uploads\/2023\/03\/d1.jpg\" \/>\n<meta name=\"twitter:card\" content=\"summary_large_image\" \/>\n<meta name=\"twitter:label1\" content=\"Tahmini okuma s\u00fcresi\" \/>\n\t<meta name=\"twitter:data1\" content=\"2 dakika\" \/>\n<script type=\"application\/ld+json\" class=\"yoast-schema-graph\">{\"@context\":\"https:\\\/\\\/schema.org\",\"@graph\":[{\"@type\":\"WebPage\",\"@id\":\"https:\\\/\\\/www.tosunlux.eu\\\/el\\\/products\\\/solar-pv-fuse-tspv-25-tspv-32\\\/\",\"url\":\"https:\\\/\\\/www.tosunlux.eu\\\/el\\\/products\\\/solar-pv-fuse-tspv-25-tspv-32\\\/\",\"name\":\"WholesaleSolar PV Fuse - TOSUNlux Official Site - Electrical Circuit Breaker Manufacturer in China Low Voltage Electrical Supplier | TOSUNlux\",\"isPartOf\":{\"@id\":\"https:\\\/\\\/www.tosunlux.eu\\\/ru\\\/#website\"},\"primaryImageOfPage\":{\"@id\":\"https:\\\/\\\/www.tosunlux.eu\\\/el\\\/products\\\/solar-pv-fuse-tspv-25-tspv-32\\\/#primaryimage\"},\"image\":{\"@id\":\"https:\\\/\\\/www.tosunlux.eu\\\/el\\\/products\\\/solar-pv-fuse-tspv-25-tspv-32\\\/#primaryimage\"},\"thumbnailUrl\":\"https:\\\/\\\/www.tosunlux.eu\\\/wp-content\\\/uploads\\\/2023\\\/03\\\/d1.jpg\",\"datePublished\":\"2023-03-15T09:25:31+00:00\",\"dateModified\":\"2023-03-16T07:03:54+00:00\",\"description\":\"Solar PV Fuse Supplier - Wholesale direct from TOSUNlux, a trusted manufacturer since 1994. Get your B2B factory quote on our certified Low Voltage electrical products.\",\"breadcrumb\":{\"@id\":\"https:\\\/\\\/www.tosunlux.eu\\\/el\\\/products\\\/solar-pv-fuse-tspv-25-tspv-32\\\/#breadcrumb\"},\"inLanguage\":\"tr\",\"potentialAction\":[{\"@type\":\"ReadAction\",\"target\":[\"https:\\\/\\\/www.tosunlux.eu\\\/el\\\/products\\\/solar-pv-fuse-tspv-25-tspv-32\\\/\"]}]},{\"@type\":\"ImageObject\",\"inLanguage\":\"tr\",\"@id\":\"https:\\\/\\\/www.tosunlux.eu\\\/el\\\/products\\\/solar-pv-fuse-tspv-25-tspv-32\\\/#primaryimage\",\"url\":\"https:\\\/\\\/www.tosunlux.eu\\\/wp-content\\\/uploads\\\/2023\\\/03\\\/d1.jpg\",\"contentUrl\":\"https:\\\/\\\/www.tosunlux.eu\\\/wp-content\\\/uploads\\\/2023\\\/03\\\/d1.jpg\"},{\"@type\":\"BreadcrumbList\",\"@id\":\"https:\\\/\\\/www.tosunlux.eu\\\/el\\\/products\\\/solar-pv-fuse-tspv-25-tspv-32\\\/#breadcrumb\",\"itemListElement\":[{\"@type\":\"ListItem\",\"position\":1,\"name\":\"Home\",\"item\":\"https:\\\/\\\/www.tosunlux.eu\\\/ru\\\/\"},{\"@type\":\"ListItem\",\"position\":2,\"name\":\"Products\",\"item\":\"https:\\\/\\\/www.tosunlux.eu\\\/products\\\/\"},{\"@type\":\"ListItem\",\"position\":3,\"name\":\"Solar PV Fuse\"}]},{\"@type\":\"WebSite\",\"@id\":\"https:\\\/\\\/www.tosunlux.eu\\\/ru\\\/#website\",\"url\":\"https:\\\/\\\/www.tosunlux.eu\\\/ru\\\/\",\"name\":\"TOSUNlux Official Site - Electrical Circuit Breaker Manufacturer in China\",\"description\":\"Power Distribution System Supplier\",\"publisher\":{\"@id\":\"https:\\\/\\\/www.tosunlux.eu\\\/ru\\\/#organization\"},\"alternateName\":\"TOSUNlux\",\"potentialAction\":[{\"@type\":\"SearchAction\",\"target\":{\"@type\":\"EntryPoint\",\"urlTemplate\":\"https:\\\/\\\/www.tosunlux.eu\\\/ru\\\/?s={search_term_string}\"},\"query-input\":{\"@type\":\"PropertyValueSpecification\",\"valueRequired\":true,\"valueName\":\"search_term_string\"}}],\"inLanguage\":\"tr\"},{\"@type\":\"Organization\",\"@id\":\"https:\\\/\\\/www.tosunlux.eu\\\/ru\\\/#organization\",\"name\":\"TOSUNlux\",\"url\":\"https:\\\/\\\/www.tosunlux.eu\\\/ru\\\/\",\"logo\":{\"@type\":\"ImageObject\",\"inLanguage\":\"tr\",\"@id\":\"https:\\\/\\\/www.tosunlux.eu\\\/ru\\\/#\\\/schema\\\/logo\\\/image\\\/\",\"url\":\"https:\\\/\\\/www.tosunlux.eu\\\/wp-content\\\/uploads\\\/2022\\\/01\\\/LOGOSYSM.71762f1.png\",\"contentUrl\":\"https:\\\/\\\/www.tosunlux.eu\\\/wp-content\\\/uploads\\\/2022\\\/01\\\/LOGOSYSM.71762f1.png\",\"width\":153,\"height\":55,\"caption\":\"TOSUNlux\"},\"image\":{\"@id\":\"https:\\\/\\\/www.tosunlux.eu\\\/ru\\\/#\\\/schema\\\/logo\\\/image\\\/\"},\"sameAs\":[\"https:\\\/\\\/www.facebook.com\\\/TOSUNelectric\\\/\",\"https:\\\/\\\/www.linkedin.com\\\/company\\\/wenzhou-tosun-electric-co.-ltd\\\/\"]}]}<\/script>\n<!-- \/ Yoast SEO plugin. -->","yoast_head_json":{"title":"Toptan G\u00fcne\u015f PV Sigortas\u0131 - TOSUNlux Resmi Sitesi - \u00c7in&#039;de Elektrik Sigortas\u0131 \u00dcreticisi, D\u00fc\u015f\u00fck Voltajl\u0131 Elektrik Tedarik\u00e7isi | TOSUNlux","description":"G\u00fcne\u015f PV Sigorta Tedarik\u00e7isi - 1994&#039;ten beri g\u00fcvenilir bir \u00fcretici olan TOSUNlux&#039;tan do\u011frudan toptan sat\u0131\u015f. Sertifikal\u0131 D\u00fc\u015f\u00fck Gerilim elektrik \u00fcr\u00fcnlerimiz i\u00e7in B2B fabrika fiyat teklifinizi al\u0131n.","robots":{"index":"index","follow":"follow","max-snippet":"max-snippet:-1","max-image-preview":"max-image-preview:large","max-video-preview":"max-video-preview:-1"},"canonical":"https:\/\/www.tosunlux.eu\/tr\/products\/solar-pv-fuse-tspv-25-tspv-32\/","og_locale":"tr_TR","og_type":"article","og_title":"WholesaleSolar PV Fuse - TOSUNlux Official Site - Electrical Circuit Breaker Manufacturer in China Low Voltage Electrical Supplier | TOSUNlux","og_description":"Solar PV Fuse Supplier - Wholesale direct from TOSUNlux, a trusted manufacturer since 1994. Get your B2B factory quote on our certified Low Voltage electrical products.","og_url":"https:\/\/www.tosunlux.eu\/tr\/products\/solar-pv-fuse-tspv-25-tspv-32\/","og_site_name":"TOSUNlux Official Site - Electrical Circuit Breaker Manufacturer in China","article_publisher":"https:\/\/www.facebook.com\/TOSUNelectric\/","article_modified_time":"2023-03-16T07:03:54+00:00","og_image":[{"url":"https:\/\/www.tosunlux.eu\/wp-content\/uploads\/2023\/03\/d1.jpg","type":"","width":"","height":""}],"twitter_card":"summary_large_image","twitter_misc":{"Tahmini okuma s\u00fcresi":"2 dakika"},"schema":{"@context":"https:\/\/schema.org","@graph":[{"@type":"WebPage","@id":"https:\/\/www.tosunlux.eu\/el\/products\/solar-pv-fuse-tspv-25-tspv-32\/","url":"https:\/\/www.tosunlux.eu\/el\/products\/solar-pv-fuse-tspv-25-tspv-32\/","name":"Toptan G\u00fcne\u015f PV Sigortas\u0131 - TOSUNlux Resmi Sitesi - \u00c7in&#039;de Elektrik Sigortas\u0131 \u00dcreticisi, D\u00fc\u015f\u00fck Voltajl\u0131 Elektrik Tedarik\u00e7isi | TOSUNlux","isPartOf":{"@id":"https:\/\/www.tosunlux.eu\/ru\/#website"},"primaryImageOfPage":{"@id":"https:\/\/www.tosunlux.eu\/el\/products\/solar-pv-fuse-tspv-25-tspv-32\/#primaryimage"},"image":{"@id":"https:\/\/www.tosunlux.eu\/el\/products\/solar-pv-fuse-tspv-25-tspv-32\/#primaryimage"},"thumbnailUrl":"https:\/\/www.tosunlux.eu\/wp-content\/uploads\/2023\/03\/d1.jpg","datePublished":"2023-03-15T09:25:31+00:00","dateModified":"2023-03-16T07:03:54+00:00","description":"G\u00fcne\u015f PV Sigorta Tedarik\u00e7isi - 1994&#039;ten beri g\u00fcvenilir bir \u00fcretici olan TOSUNlux&#039;tan do\u011frudan toptan sat\u0131\u015f. Sertifikal\u0131 D\u00fc\u015f\u00fck Gerilim elektrik \u00fcr\u00fcnlerimiz i\u00e7in B2B fabrika fiyat teklifinizi al\u0131n.","breadcrumb":{"@id":"https:\/\/www.tosunlux.eu\/el\/products\/solar-pv-fuse-tspv-25-tspv-32\/#breadcrumb"},"inLanguage":"tr","potentialAction":[{"@type":"ReadAction","target":["https:\/\/www.tosunlux.eu\/el\/products\/solar-pv-fuse-tspv-25-tspv-32\/"]}]},{"@type":"ImageObject","inLanguage":"tr","@id":"https:\/\/www.tosunlux.eu\/el\/products\/solar-pv-fuse-tspv-25-tspv-32\/#primaryimage","url":"https:\/\/www.tosunlux.eu\/wp-content\/uploads\/2023\/03\/d1.jpg","contentUrl":"https:\/\/www.tosunlux.eu\/wp-content\/uploads\/2023\/03\/d1.jpg"},{"@type":"BreadcrumbList","@id":"https:\/\/www.tosunlux.eu\/el\/products\/solar-pv-fuse-tspv-25-tspv-32\/#breadcrumb","itemListElement":[{"@type":"ListItem","position":1,"name":"Home","item":"https:\/\/www.tosunlux.eu\/ru\/"},{"@type":"ListItem","position":2,"name":"Products","item":"https:\/\/www.tosunlux.eu\/products\/"},{"@type":"ListItem","position":3,"name":"Solar PV Fuse"}]},{"@type":"WebSite","@id":"https:\/\/www.tosunlux.eu\/ru\/#website","url":"https:\/\/www.tosunlux.eu\/ru\/","name":"TOSUNlux Resmi Sitesi - \u00c7in&#039;de Elektrik Sigortas\u0131 \u00dcreticisi","description":"G\u00fc\u00e7 Da\u011f\u0131t\u0131m Sistemi Tedarik\u00e7isi","publisher":{"@id":"https:\/\/www.tosunlux.eu\/ru\/#organization"},"alternateName":"TOSUNlux","potentialAction":[{"@type":"SearchAction","target":{"@type":"EntryPoint","urlTemplate":"https:\/\/www.tosunlux.eu\/ru\/?s={search_term_string}"},"query-input":{"@type":"PropertyValueSpecification","valueRequired":true,"valueName":"search_term_string"}}],"inLanguage":"tr"},{"@type":"Organization","@id":"https:\/\/www.tosunlux.eu\/ru\/#organization","name":"TOSUNlux","url":"https:\/\/www.tosunlux.eu\/ru\/","logo":{"@type":"ImageObject","inLanguage":"tr","@id":"https:\/\/www.tosunlux.eu\/ru\/#\/schema\/logo\/image\/","url":"https:\/\/www.tosunlux.eu\/wp-content\/uploads\/2022\/01\/LOGOSYSM.71762f1.png","contentUrl":"https:\/\/www.tosunlux.eu\/wp-content\/uploads\/2022\/01\/LOGOSYSM.71762f1.png","width":153,"height":55,"caption":"TOSUNlux"},"image":{"@id":"https:\/\/www.tosunlux.eu\/ru\/#\/schema\/logo\/image\/"},"sameAs":["https:\/\/www.facebook.com\/TOSUNelectric\/","https:\/\/www.linkedin.com\/company\/wenzhou-tosun-electric-co.-ltd\/"]}]}},"_links":{"self":[{"href":"https:\/\/www.tosunlux.eu\/tr\/wp-json\/wp\/v2\/product\/5471","targetHints":{"allow":["GET"]}}],"collection":[{"href":"https:\/\/www.tosunlux.eu\/tr\/wp-json\/wp\/v2\/product"}],"about":[{"href":"https:\/\/www.tosunlux.eu\/tr\/wp-json\/wp\/v2\/types\/product"}],"version-history":[{"count":0,"href":"https:\/\/www.tosunlux.eu\/tr\/wp-json\/wp\/v2\/product\/5471\/revisions"}],"wp:attachment":[{"href":"https:\/\/www.tosunlux.eu\/tr\/wp-json\/wp\/v2\/media?parent=5471"}],"wp:term":[{"taxonomy":"product_category","embeddable":true,"href":"https:\/\/www.tosunlux.eu\/tr\/wp-json\/wp\/v2\/product_category?post=5471"}],"curies":[{"name":"wp","href":"https:\/\/api.w.org\/{rel}","templated":true}]}}