{"id":7222,"date":"2023-06-12T10:55:55","date_gmt":"2023-06-12T02:55:55","guid":{"rendered":"https:\/\/www.tosunlux.eu\/?post_type=product&#038;p=7222"},"modified":"2023-06-12T10:55:56","modified_gmt":"2023-06-12T02:55:56","slug":"til1-modular-indicator","status":"publish","type":"product","link":"https:\/\/www.tosunlux.eu\/tr\/products\/til1-modular-indicator\/","title":{"rendered":"TIL1 Mod\u00fcler G\u00f6sterge"},"content":{"rendered":"<p><strong>Ba\u015fvuru<\/strong><\/p>\n\n\n\n<p>TIL1 mod\u00fcler g\u00f6sterge, 230V&#039;a AC 50\/60Hz nominal voltajl\u0131 veya 230V&#039;a DC voltajl\u0131 bir devrenin kontrol sistemine uygulanabilir. Ayr\u0131ca telekom\u00fcnikasyon, elektrik ve di\u011fer end\u00fcstrilerde g\u00f6sterge sinyalleri, \u00f6n ayar sinyalleri, kaza sinyalleri veya di\u011fer g\u00f6stergeler i\u00e7in kullan\u0131l\u0131r.<\/p>\n\n\n\n<p><strong>\u015eartname<\/strong><\/p>\n\n\n<table style=\"height: 391px;\" width=\"840\">\n<tbody>\n<tr>\n<td style=\"text-align: center;\" width=\"200\">Anma Gerilimi\u00a0<\/td>\n<td style=\"text-align: center;\" width=\"217\">6 V, 12 V, 24 V, 110 V, 230 VAC\/DC<\/td>\n<\/tr>\n<tr>\n<td style=\"text-align: center;\" width=\"200\">Renk<\/td>\n<td style=\"text-align: center;\" width=\"217\">K\u0131rm\u0131z\u0131, Sar\u0131, Mavi, Ye\u015fil, Beyaz<\/td>\n<\/tr>\n<tr>\n<td style=\"text-align: center;\" width=\"200\">Anma Ak\u0131m\u0131<\/td>\n<td style=\"text-align: center;\" width=\"217\">\u226420 mA<\/td>\n<\/tr>\n<tr>\n<td style=\"text-align: center;\" width=\"200\">\u00c7al\u0131\u015fma Hayat\u0131<\/td>\n<td style=\"text-align: center;\" width=\"217\">\u226530000 saat<\/td>\n<\/tr>\n<tr>\n<td style=\"text-align: center;\" width=\"200\">Ba\u011flant\u0131 Teli<\/td>\n<td style=\"text-align: center;\" width=\"217\">\u22646 mm2<\/td>\n<\/tr>\n<tr>\n<td style=\"text-align: center;\" width=\"200\">S\u0131kma Torku<\/td>\n<td style=\"text-align: center;\" width=\"217\">0,8 Nm<\/td>\n<\/tr>\n<tr>\n<td style=\"text-align: center;\" width=\"200\">Koruma S\u0131n\u0131f\u0131<\/td>\n<td style=\"text-align: center;\" width=\"217\">IP20<\/td>\n<\/tr>\n<tr>\n<td style=\"text-align: center;\" width=\"200\">Ortam S\u0131cakl\u0131\u011f\u0131<\/td>\n<td style=\"text-align: center;\" width=\"217\">-5\u00b0C~+40\u00b0C<\/td>\n<\/tr>\n<tr>\n<td style=\"text-align: center;\" width=\"200\">Y\u00fckseklik<\/td>\n<td style=\"text-align: center;\" width=\"217\">\u2264 2000 metre<\/td>\n<\/tr>\n<tr>\n<td style=\"text-align: center;\" width=\"200\">Kurulum Kategorisi<\/td>\n<td style=\"text-align: center;\" width=\"217\">S\u0131n\u0131f ll ve \u2162<\/td>\n<\/tr>\n<tr>\n<td style=\"text-align: center;\" width=\"200\">Kirlilik Seviyesi<\/td>\n<td style=\"text-align: center;\" width=\"217\">Seviye 2<\/td>\n<\/tr>\n<tr>\n<td style=\"text-align: center;\" width=\"200\">Kurulum Y\u00f6ntemi<\/td>\n<td style=\"text-align: center;\" width=\"217\">35 mm Din Ray\u0131na Monte Edilmi\u015ftir<\/td>\n<\/tr>\n<\/tbody>\n<\/table>\n\n\n<p><strong>Boyutlar<\/strong><\/p>\n\n\n\n<figure class=\"wp-block-image size-large is-resized\"><img fetchpriority=\"high\" decoding=\"async\" src=\"https:\/\/www.tosunlux.eu\/wp-content\/uploads\/2023\/06\/TIL-1024x639.jpg\" alt=\"\" class=\"wp-image-7223\" width=\"512\" height=\"320\" srcset=\"https:\/\/www.tosunlux.eu\/wp-content\/uploads\/2023\/06\/TIL-1024x639.jpg 1024w, https:\/\/www.tosunlux.eu\/wp-content\/uploads\/2023\/06\/TIL-300x187.jpg 300w, https:\/\/www.tosunlux.eu\/wp-content\/uploads\/2023\/06\/TIL-768x479.jpg 768w, https:\/\/www.tosunlux.eu\/wp-content\/uploads\/2023\/06\/TIL-1536x958.jpg 1536w, https:\/\/www.tosunlux.eu\/wp-content\/uploads\/2023\/06\/TIL-18x12.jpg 18w, https:\/\/www.tosunlux.eu\/wp-content\/uploads\/2023\/06\/TIL.jpg 1600w\" sizes=\"(max-width: 512px) 100vw, 512px\" \/><\/figure>","protected":false},"parent":0,"template":"","product_category":[24,76],"class_list":["post-7222","product","type-product","status-publish","hentry","product_category-power-distribution-system","product_category-mcb"],"yoast_head":"<!-- This site is optimized with the Yoast SEO plugin v27.5 - https:\/\/yoast.com\/product\/yoast-seo-wordpress\/ -->\n<title>WholesaleTIL1 Modular Indicator - TOSUNlux Official Site - Electrical Circuit Breaker Manufacturer in China Low Voltage Electrical Supplier | TOSUNlux<\/title>\n<meta name=\"description\" content=\"TIL1 Modular Indicator Supplier - Wholesale direct from TOSUNlux, a trusted manufacturer since 1994. Get your B2B factory quote on our certified Low Voltage electrical products.\" \/>\n<meta name=\"robots\" content=\"index, follow, max-snippet:-1, max-image-preview:large, max-video-preview:-1\" \/>\n<link rel=\"canonical\" href=\"https:\/\/www.tosunlux.eu\/tr\/products\/til1-modular-indicator\/\" \/>\n<meta property=\"og:locale\" content=\"tr_TR\" \/>\n<meta property=\"og:type\" content=\"article\" \/>\n<meta property=\"og:title\" content=\"WholesaleTIL1 Modular Indicator - TOSUNlux Official Site - Electrical Circuit Breaker Manufacturer in China Low Voltage Electrical Supplier | TOSUNlux\" \/>\n<meta property=\"og:description\" content=\"TIL1 Modular Indicator Supplier - Wholesale direct from TOSUNlux, a trusted manufacturer since 1994. Get your B2B factory quote on our certified Low Voltage electrical products.\" \/>\n<meta property=\"og:url\" content=\"https:\/\/www.tosunlux.eu\/tr\/products\/til1-modular-indicator\/\" \/>\n<meta property=\"og:site_name\" content=\"TOSUNlux Official Site - Electrical Circuit Breaker Manufacturer in China\" \/>\n<meta property=\"article:publisher\" content=\"https:\/\/www.facebook.com\/TOSUNelectric\/\" \/>\n<meta property=\"article:modified_time\" content=\"2023-06-12T02:55:56+00:00\" \/>\n<meta property=\"og:image\" content=\"https:\/\/www.tosunlux.eu\/wp-content\/uploads\/2023\/06\/TIL-1024x639.jpg\" \/>\n<meta name=\"twitter:card\" content=\"summary_large_image\" \/>\n<meta name=\"twitter:label1\" content=\"Tahmini okuma s\u00fcresi\" \/>\n\t<meta name=\"twitter:data1\" content=\"1 dakika\" \/>\n<script type=\"application\/ld+json\" class=\"yoast-schema-graph\">{\"@context\":\"https:\\\/\\\/schema.org\",\"@graph\":[{\"@type\":\"WebPage\",\"@id\":\"https:\\\/\\\/www.tosunlux.eu\\\/fr\\\/products\\\/til1-modular-indicator\\\/\",\"url\":\"https:\\\/\\\/www.tosunlux.eu\\\/fr\\\/products\\\/til1-modular-indicator\\\/\",\"name\":\"WholesaleTIL1 Modular Indicator - TOSUNlux Official Site - Electrical Circuit Breaker Manufacturer in China Low Voltage Electrical Supplier | TOSUNlux\",\"isPartOf\":{\"@id\":\"https:\\\/\\\/www.tosunlux.eu\\\/ru\\\/#website\"},\"primaryImageOfPage\":{\"@id\":\"https:\\\/\\\/www.tosunlux.eu\\\/fr\\\/products\\\/til1-modular-indicator\\\/#primaryimage\"},\"image\":{\"@id\":\"https:\\\/\\\/www.tosunlux.eu\\\/fr\\\/products\\\/til1-modular-indicator\\\/#primaryimage\"},\"thumbnailUrl\":\"https:\\\/\\\/www.tosunlux.eu\\\/wp-content\\\/uploads\\\/2023\\\/06\\\/TIL-1024x639.jpg\",\"datePublished\":\"2023-06-12T02:55:55+00:00\",\"dateModified\":\"2023-06-12T02:55:56+00:00\",\"description\":\"TIL1 Modular Indicator Supplier - Wholesale direct from TOSUNlux, a trusted manufacturer since 1994. Get your B2B factory quote on our certified Low Voltage electrical products.\",\"breadcrumb\":{\"@id\":\"https:\\\/\\\/www.tosunlux.eu\\\/fr\\\/products\\\/til1-modular-indicator\\\/#breadcrumb\"},\"inLanguage\":\"tr\",\"potentialAction\":[{\"@type\":\"ReadAction\",\"target\":[\"https:\\\/\\\/www.tosunlux.eu\\\/fr\\\/products\\\/til1-modular-indicator\\\/\"]}]},{\"@type\":\"ImageObject\",\"inLanguage\":\"tr\",\"@id\":\"https:\\\/\\\/www.tosunlux.eu\\\/fr\\\/products\\\/til1-modular-indicator\\\/#primaryimage\",\"url\":\"https:\\\/\\\/www.tosunlux.eu\\\/wp-content\\\/uploads\\\/2023\\\/06\\\/TIL-1024x639.jpg\",\"contentUrl\":\"https:\\\/\\\/www.tosunlux.eu\\\/wp-content\\\/uploads\\\/2023\\\/06\\\/TIL-1024x639.jpg\"},{\"@type\":\"BreadcrumbList\",\"@id\":\"https:\\\/\\\/www.tosunlux.eu\\\/fr\\\/products\\\/til1-modular-indicator\\\/#breadcrumb\",\"itemListElement\":[{\"@type\":\"ListItem\",\"position\":1,\"name\":\"Home\",\"item\":\"https:\\\/\\\/www.tosunlux.eu\\\/ru\\\/\"},{\"@type\":\"ListItem\",\"position\":2,\"name\":\"Products\",\"item\":\"https:\\\/\\\/www.tosunlux.eu\\\/products\\\/\"},{\"@type\":\"ListItem\",\"position\":3,\"name\":\"TIL1 Modular Indicator\"}]},{\"@type\":\"WebSite\",\"@id\":\"https:\\\/\\\/www.tosunlux.eu\\\/ru\\\/#website\",\"url\":\"https:\\\/\\\/www.tosunlux.eu\\\/ru\\\/\",\"name\":\"TOSUNlux Official Site - Electrical Circuit Breaker Manufacturer in China\",\"description\":\"Power Distribution System Supplier\",\"publisher\":{\"@id\":\"https:\\\/\\\/www.tosunlux.eu\\\/ru\\\/#organization\"},\"alternateName\":\"TOSUNlux\",\"potentialAction\":[{\"@type\":\"SearchAction\",\"target\":{\"@type\":\"EntryPoint\",\"urlTemplate\":\"https:\\\/\\\/www.tosunlux.eu\\\/ru\\\/?s={search_term_string}\"},\"query-input\":{\"@type\":\"PropertyValueSpecification\",\"valueRequired\":true,\"valueName\":\"search_term_string\"}}],\"inLanguage\":\"tr\"},{\"@type\":\"Organization\",\"@id\":\"https:\\\/\\\/www.tosunlux.eu\\\/ru\\\/#organization\",\"name\":\"TOSUNlux\",\"url\":\"https:\\\/\\\/www.tosunlux.eu\\\/ru\\\/\",\"logo\":{\"@type\":\"ImageObject\",\"inLanguage\":\"tr\",\"@id\":\"https:\\\/\\\/www.tosunlux.eu\\\/ru\\\/#\\\/schema\\\/logo\\\/image\\\/\",\"url\":\"https:\\\/\\\/www.tosunlux.eu\\\/wp-content\\\/uploads\\\/2022\\\/01\\\/LOGOSYSM.71762f1.png\",\"contentUrl\":\"https:\\\/\\\/www.tosunlux.eu\\\/wp-content\\\/uploads\\\/2022\\\/01\\\/LOGOSYSM.71762f1.png\",\"width\":153,\"height\":55,\"caption\":\"TOSUNlux\"},\"image\":{\"@id\":\"https:\\\/\\\/www.tosunlux.eu\\\/ru\\\/#\\\/schema\\\/logo\\\/image\\\/\"},\"sameAs\":[\"https:\\\/\\\/www.facebook.com\\\/TOSUNelectric\\\/\",\"https:\\\/\\\/www.linkedin.com\\\/company\\\/wenzhou-tosun-electric-co.-ltd\\\/\"]}]}<\/script>\n<!-- \/ Yoast SEO plugin. -->","yoast_head_json":{"title":"WholesaleTIL1 Modular Indicator - TOSUNlux Official Site - Electrical Circuit Breaker Manufacturer in China Low Voltage Electrical Supplier | TOSUNlux","description":"TIL1 Modular Indicator Supplier - Wholesale direct from TOSUNlux, a trusted manufacturer since 1994. Get your B2B factory quote on our certified Low Voltage electrical products.","robots":{"index":"index","follow":"follow","max-snippet":"max-snippet:-1","max-image-preview":"max-image-preview:large","max-video-preview":"max-video-preview:-1"},"canonical":"https:\/\/www.tosunlux.eu\/tr\/products\/til1-modular-indicator\/","og_locale":"tr_TR","og_type":"article","og_title":"WholesaleTIL1 Modular Indicator - TOSUNlux Official Site - Electrical Circuit Breaker Manufacturer in China Low Voltage Electrical Supplier | TOSUNlux","og_description":"TIL1 Modular Indicator Supplier - Wholesale direct from TOSUNlux, a trusted manufacturer since 1994. Get your B2B factory quote on our certified Low Voltage electrical products.","og_url":"https:\/\/www.tosunlux.eu\/tr\/products\/til1-modular-indicator\/","og_site_name":"TOSUNlux Official Site - Electrical Circuit Breaker Manufacturer in China","article_publisher":"https:\/\/www.facebook.com\/TOSUNelectric\/","article_modified_time":"2023-06-12T02:55:56+00:00","og_image":[{"url":"https:\/\/www.tosunlux.eu\/wp-content\/uploads\/2023\/06\/TIL-1024x639.jpg","type":"","width":"","height":""}],"twitter_card":"summary_large_image","twitter_misc":{"Tahmini okuma s\u00fcresi":"1 dakika"},"schema":{"@context":"https:\/\/schema.org","@graph":[{"@type":"WebPage","@id":"https:\/\/www.tosunlux.eu\/fr\/products\/til1-modular-indicator\/","url":"https:\/\/www.tosunlux.eu\/fr\/products\/til1-modular-indicator\/","name":"WholesaleTIL1 Modular Indicator - TOSUNlux Official Site - Electrical Circuit Breaker Manufacturer in China Low Voltage Electrical Supplier | TOSUNlux","isPartOf":{"@id":"https:\/\/www.tosunlux.eu\/ru\/#website"},"primaryImageOfPage":{"@id":"https:\/\/www.tosunlux.eu\/fr\/products\/til1-modular-indicator\/#primaryimage"},"image":{"@id":"https:\/\/www.tosunlux.eu\/fr\/products\/til1-modular-indicator\/#primaryimage"},"thumbnailUrl":"https:\/\/www.tosunlux.eu\/wp-content\/uploads\/2023\/06\/TIL-1024x639.jpg","datePublished":"2023-06-12T02:55:55+00:00","dateModified":"2023-06-12T02:55:56+00:00","description":"TIL1 Modular Indicator Supplier - Wholesale direct from TOSUNlux, a trusted manufacturer since 1994. Get your B2B factory quote on our certified Low Voltage electrical products.","breadcrumb":{"@id":"https:\/\/www.tosunlux.eu\/fr\/products\/til1-modular-indicator\/#breadcrumb"},"inLanguage":"tr","potentialAction":[{"@type":"ReadAction","target":["https:\/\/www.tosunlux.eu\/fr\/products\/til1-modular-indicator\/"]}]},{"@type":"ImageObject","inLanguage":"tr","@id":"https:\/\/www.tosunlux.eu\/fr\/products\/til1-modular-indicator\/#primaryimage","url":"https:\/\/www.tosunlux.eu\/wp-content\/uploads\/2023\/06\/TIL-1024x639.jpg","contentUrl":"https:\/\/www.tosunlux.eu\/wp-content\/uploads\/2023\/06\/TIL-1024x639.jpg"},{"@type":"BreadcrumbList","@id":"https:\/\/www.tosunlux.eu\/fr\/products\/til1-modular-indicator\/#breadcrumb","itemListElement":[{"@type":"ListItem","position":1,"name":"Home","item":"https:\/\/www.tosunlux.eu\/ru\/"},{"@type":"ListItem","position":2,"name":"Products","item":"https:\/\/www.tosunlux.eu\/products\/"},{"@type":"ListItem","position":3,"name":"TIL1 Modular Indicator"}]},{"@type":"WebSite","@id":"https:\/\/www.tosunlux.eu\/ru\/#website","url":"https:\/\/www.tosunlux.eu\/ru\/","name":"TOSUNlux Resmi Sitesi - \u00c7in&#039;de Elektrik Sigortas\u0131 \u00dcreticisi","description":"G\u00fc\u00e7 Da\u011f\u0131t\u0131m Sistemi Tedarik\u00e7isi","publisher":{"@id":"https:\/\/www.tosunlux.eu\/ru\/#organization"},"alternateName":"TOSUNlux","potentialAction":[{"@type":"SearchAction","target":{"@type":"EntryPoint","urlTemplate":"https:\/\/www.tosunlux.eu\/ru\/?s={search_term_string}"},"query-input":{"@type":"PropertyValueSpecification","valueRequired":true,"valueName":"search_term_string"}}],"inLanguage":"tr"},{"@type":"Organization","@id":"https:\/\/www.tosunlux.eu\/ru\/#organization","name":"TOSUNlux","url":"https:\/\/www.tosunlux.eu\/ru\/","logo":{"@type":"ImageObject","inLanguage":"tr","@id":"https:\/\/www.tosunlux.eu\/ru\/#\/schema\/logo\/image\/","url":"https:\/\/www.tosunlux.eu\/wp-content\/uploads\/2022\/01\/LOGOSYSM.71762f1.png","contentUrl":"https:\/\/www.tosunlux.eu\/wp-content\/uploads\/2022\/01\/LOGOSYSM.71762f1.png","width":153,"height":55,"caption":"TOSUNlux"},"image":{"@id":"https:\/\/www.tosunlux.eu\/ru\/#\/schema\/logo\/image\/"},"sameAs":["https:\/\/www.facebook.com\/TOSUNelectric\/","https:\/\/www.linkedin.com\/company\/wenzhou-tosun-electric-co.-ltd\/"]}]}},"_links":{"self":[{"href":"https:\/\/www.tosunlux.eu\/tr\/wp-json\/wp\/v2\/product\/7222","targetHints":{"allow":["GET"]}}],"collection":[{"href":"https:\/\/www.tosunlux.eu\/tr\/wp-json\/wp\/v2\/product"}],"about":[{"href":"https:\/\/www.tosunlux.eu\/tr\/wp-json\/wp\/v2\/types\/product"}],"version-history":[{"count":2,"href":"https:\/\/www.tosunlux.eu\/tr\/wp-json\/wp\/v2\/product\/7222\/revisions"}],"predecessor-version":[{"id":7918,"href":"https:\/\/www.tosunlux.eu\/tr\/wp-json\/wp\/v2\/product\/7222\/revisions\/7918"}],"wp:attachment":[{"href":"https:\/\/www.tosunlux.eu\/tr\/wp-json\/wp\/v2\/media?parent=7222"}],"wp:term":[{"taxonomy":"product_category","embeddable":true,"href":"https:\/\/www.tosunlux.eu\/tr\/wp-json\/wp\/v2\/product_category?post=7222"}],"curies":[{"name":"wp","href":"https:\/\/api.w.org\/{rel}","templated":true}]}}