{"id":7263,"date":"2023-06-12T15:57:20","date_gmt":"2023-06-12T07:57:20","guid":{"rendered":"https:\/\/www.tosunlux.eu\/?post_type=product&#038;p=7263"},"modified":"2025-02-10T13:25:55","modified_gmt":"2025-02-10T05:25:55","slug":"tsmq2-125-double-power-automatic-changeover-switch","status":"publish","type":"product","link":"https:\/\/www.tosunlux.eu\/tr\/products\/tsmq2-125-double-power-automatic-changeover-switch\/","title":{"rendered":"TSMQ1-100 \u00c7ift G\u00fc\u00e7 Otomatik Ge\u00e7i\u015f Anahtar\u0131"},"content":{"rendered":"<p><strong>Ba\u015fvuru<\/strong><\/p>\n\n\n\n<p>TSM12-100 mod\u00fcler \u00e7ift g\u00fc\u00e7 otomatik ge\u00e7i\u015f anahtar\u0131, ana g\u00fc\u00e7 kayna\u011f\u0131 aniden mevcut olmad\u0131\u011f\u0131nda devre i\u00e7in s\u00fcrekli g\u00fc\u00e7 kayna\u011f\u0131 sa\u011flamak i\u00e7in kullan\u0131l\u0131r. Anahtar, 50\/60Hz, 415V&#039;a kadar nominal gerilim ve 125A&#039;ya kadar nominal gerilime sahip g\u00fc\u00e7 kayna\u011f\u0131 sistemlerinde uygundur.<br>\u00dcr\u00fcn otomatik modda \u00e7al\u0131\u015ft\u0131\u011f\u0131nda, ana g\u00fc\u00e7 kayna\u011f\u0131 kapal\u0131ysa (veya faz hatas\u0131 varsa), anahtar devreyi ana g\u00fc\u00e7 kayna\u011f\u0131ndan (\u2160) bekleme g\u00fc\u00e7 kayna\u011f\u0131na (\u2161) otomatik olarak \u00e7evirir. Ana g\u00fc\u00e7 kayna\u011f\u0131 (\u2160) tekrar kullan\u0131labilir oldu\u011funda, anahtar devreyi bekleme g\u00fc\u00e7 kayna\u011f\u0131ndan (\u2161) otomatik olarak ana g\u00fc\u00e7 kayna\u011f\u0131na (\u2160) geri \u00e7evirir.<br>\u00dcr\u00fcn manuel modda \u00e7al\u0131\u015ft\u0131\u011f\u0131nda, ana g\u00fc\u00e7 kayna\u011f\u0131 (\u2160) ile yedek g\u00fc\u00e7 kayna\u011f\u0131 (\u2161) aras\u0131ndaki devre de\u011fi\u015fimi manuel olarak ger\u00e7ekle\u015ftirilmelidir.<br>Anahtar, k\u00fc\u00e7\u00fck hacimli, h\u0131zl\u0131 tepkili, d\u00f6n\u00fc\u015f\u00fcmde g\u00fcvenilir, montaj\u0131 kolay ve uzun \u00f6m\u00fcrl\u00fc hizmet ile karakterizedir.<\/p>\n\n\n\n<p><strong>\u015eartname<\/strong><\/p>\n\n\n<table style=\"height: 506px;\" width=\"840\">\n<tbody>\n<tr>\n<td style=\"text-align: center;\" width=\"314\">Kutup Say\u0131s\u0131&nbsp;<\/td>\n<td style=\"text-align: center;\" width=\"332\">2P, 4P<\/td>\n<\/tr>\n<tr>\n<td style=\"text-align: center;\" width=\"314\">Anma Ak\u0131m\u0131<\/td>\n<td style=\"text-align: center;\" width=\"332\">20A, 32A, 40A, 50A, 63A, 80A, 100A, 125A<\/td>\n<\/tr>\n<tr>\n<td style=\"text-align: center;\" width=\"314\">Kullan\u0131m Kategorisi<\/td>\n<td style=\"text-align: center;\" width=\"332\">AC-33iB<\/td>\n<\/tr>\n<tr>\n<td style=\"text-align: center;\" width=\"314\">Nominal \u00c7al\u0131\u015fma Voltaj\u0131 (Ue)<\/td>\n<td style=\"text-align: center;\" width=\"332\">2P 230\/240V\/50Hz; 4P 400\/415V\/50Hz<\/td>\n<\/tr>\n<tr>\n<td style=\"text-align: center;\" width=\"314\">Anma Yal\u0131t\u0131m Voltaj\u0131 (Ui)<\/td>\n<td style=\"text-align: center;\" width=\"332\">AC690V\/50Hz<\/td>\n<\/tr>\n<tr>\n<td style=\"text-align: center;\" width=\"314\">Anma Darbe Dayan\u0131m Gerilimi<\/td>\n<td style=\"text-align: center;\" width=\"332\">8kV<\/td>\n<\/tr>\n<tr>\n<td style=\"text-align: center;\" width=\"314\">Anma S\u0131n\u0131rlay\u0131c\u0131 K\u0131sa Devre Ak\u0131m\u0131<\/td>\n<td style=\"text-align: center;\" width=\"332\">50kA<\/td>\n<\/tr>\n<tr>\n<td style=\"text-align: center;\" width=\"314\">Mekanik \u00f6m\u00fcr<\/td>\n<td style=\"text-align: center;\" width=\"332\">5000 kez<\/td>\n<\/tr>\n<tr>\n<td style=\"text-align: center;\" width=\"314\">Elektriksel \u00f6m\u00fcr<\/td>\n<td style=\"text-align: center;\" width=\"332\">2000 kez<\/td>\n<\/tr>\n<tr>\n<td style=\"text-align: center;\" width=\"314\">S\u0131n\u0131fland\u0131rma<\/td>\n<td style=\"text-align: center;\" width=\"332\">PC s\u0131n\u0131f\u0131: K\u0131sa devre ak\u0131m\u0131 olmadan \u00fcretilebilir ve dayanabilir<\/td>\n<\/tr>\n<tr>\n<td style=\"text-align: center;\" width=\"314\">Kontrol Devresi<\/td>\n<td style=\"text-align: center;\" width=\"332\">Nominal kontrol gerilimi ABD: AC220V, 50Hz Normal \u00e7al\u0131\u015fma ko\u015fullar\u0131: 85%Us-110%Us<\/td>\n<\/tr>\n<tr>\n<td style=\"text-align: center;\" width=\"314\">Ek<\/td>\n<td style=\"text-align: center;\" width=\"332\">Kontak kapasitesi:AC220V 50Hz le=5y<\/td>\n<\/tr>\n<tr>\n<td style=\"text-align: center;\" width=\"314\">\u0130\u015flem D\u00f6n\u00fc\u015f\u00fcm S\u00fcresi<\/td>\n<td style=\"text-align: center;\" rowspan=\"3\" width=\"332\">&lt;30ms<\/td>\n<\/tr>\n<tr>\n<td style=\"text-align: center;\" width=\"314\">\u0130ade D\u00f6n\u00fc\u015f\u00fcm S\u00fcresi<\/td>\n<\/tr>\n<tr>\n<td style=\"text-align: center;\" width=\"314\">G\u00fc\u00e7 Kapatma Zaman\u0131<\/td>\n<\/tr>\n<\/tbody>\n<\/table>\n\n\n<p><strong>Boyutlar<\/strong><\/p>\n\n\n\n<figure class=\"wp-block-image size-large is-resized\"><img fetchpriority=\"high\" decoding=\"async\" src=\"https:\/\/www.tosunlux.eu\/wp-content\/uploads\/2023\/06\/TSMQ-1024x268.jpg\" alt=\"\" class=\"wp-image-7269\" width=\"768\" height=\"201\" srcset=\"https:\/\/www.tosunlux.eu\/wp-content\/uploads\/2023\/06\/TSMQ-1024x268.jpg 1024w, https:\/\/www.tosunlux.eu\/wp-content\/uploads\/2023\/06\/TSMQ-300x78.jpg 300w, https:\/\/www.tosunlux.eu\/wp-content\/uploads\/2023\/06\/TSMQ-768x201.jpg 768w, https:\/\/www.tosunlux.eu\/wp-content\/uploads\/2023\/06\/TSMQ-1536x401.jpg 1536w, https:\/\/www.tosunlux.eu\/wp-content\/uploads\/2023\/06\/TSMQ-18x5.jpg 18w, https:\/\/www.tosunlux.eu\/wp-content\/uploads\/2023\/06\/TSMQ.jpg 1600w\" sizes=\"(max-width: 768px) 100vw, 768px\" \/><\/figure>","protected":false},"parent":0,"template":"","product_category":[24,86],"class_list":["post-7263","product","type-product","status-publish","hentry","product_category-power-distribution-system","product_category-automatic-changeover-switch"],"yoast_head":"<!-- This site is optimized with the Yoast SEO plugin v27.4 - https:\/\/yoast.com\/product\/yoast-seo-wordpress\/ -->\n<title>WholesaleTSMQ1-100 Dual Power Automatic Changeover Switch - TOSUNlux Official Site - Electrical Circuit Breaker Manufacturer in China Low Voltage Electrical Supplier | TOSUNlux<\/title>\n<meta name=\"description\" content=\"TSMQ1-100 Dual Power Automatic Changeover Switch Supplier - Wholesale direct from TOSUNlux, a trusted manufacturer since 1994. Get your B2B factory quote on our certified Low Voltage electrical products.\" \/>\n<meta name=\"robots\" content=\"index, follow, max-snippet:-1, max-image-preview:large, max-video-preview:-1\" \/>\n<link rel=\"canonical\" href=\"https:\/\/www.tosunlux.eu\/tr\/products\/tsmq2-125-double-power-automatic-changeover-switch\/\" \/>\n<meta property=\"og:locale\" content=\"tr_TR\" \/>\n<meta property=\"og:type\" content=\"article\" \/>\n<meta property=\"og:title\" content=\"WholesaleTSMQ1-100 Dual Power Automatic Changeover Switch - TOSUNlux Official Site - Electrical Circuit Breaker Manufacturer in China Low Voltage Electrical Supplier | TOSUNlux\" \/>\n<meta property=\"og:description\" content=\"TSMQ1-100 Dual Power Automatic Changeover Switch Supplier - Wholesale direct from TOSUNlux, a trusted manufacturer since 1994. Get your B2B factory quote on our certified Low Voltage electrical products.\" \/>\n<meta property=\"og:url\" content=\"https:\/\/www.tosunlux.eu\/tr\/products\/tsmq2-125-double-power-automatic-changeover-switch\/\" \/>\n<meta property=\"og:site_name\" content=\"TOSUNlux Official Site - Electrical Circuit Breaker Manufacturer in China\" \/>\n<meta property=\"article:publisher\" content=\"https:\/\/www.facebook.com\/TOSUNelectric\/\" \/>\n<meta property=\"article:modified_time\" content=\"2025-02-10T05:25:55+00:00\" \/>\n<meta property=\"og:image\" content=\"https:\/\/www.tosunlux.eu\/wp-content\/uploads\/2023\/06\/TSMQ-1024x268.jpg\" \/>\n<meta name=\"twitter:card\" content=\"summary_large_image\" \/>\n<meta name=\"twitter:label1\" content=\"Tahmini okuma s\u00fcresi\" \/>\n\t<meta name=\"twitter:data1\" content=\"2 dakika\" \/>\n<script type=\"application\/ld+json\" class=\"yoast-schema-graph\">{\"@context\":\"https:\\\/\\\/schema.org\",\"@graph\":[{\"@type\":\"WebPage\",\"@id\":\"https:\\\/\\\/www.tosunlux.eu\\\/products\\\/tsmq2-125-double-power-automatic-changeover-switch\\\/\",\"url\":\"https:\\\/\\\/www.tosunlux.eu\\\/products\\\/tsmq2-125-double-power-automatic-changeover-switch\\\/\",\"name\":\"WholesaleTSMQ1-100 Dual Power Automatic Changeover Switch - TOSUNlux Official Site - Electrical Circuit Breaker Manufacturer in China Low Voltage Electrical Supplier | TOSUNlux\",\"isPartOf\":{\"@id\":\"https:\\\/\\\/www.tosunlux.eu\\\/ru\\\/#website\"},\"primaryImageOfPage\":{\"@id\":\"https:\\\/\\\/www.tosunlux.eu\\\/products\\\/tsmq2-125-double-power-automatic-changeover-switch\\\/#primaryimage\"},\"image\":{\"@id\":\"https:\\\/\\\/www.tosunlux.eu\\\/products\\\/tsmq2-125-double-power-automatic-changeover-switch\\\/#primaryimage\"},\"thumbnailUrl\":\"https:\\\/\\\/www.tosunlux.eu\\\/wp-content\\\/uploads\\\/2023\\\/06\\\/TSMQ-1024x268.jpg\",\"datePublished\":\"2023-06-12T07:57:20+00:00\",\"dateModified\":\"2025-02-10T05:25:55+00:00\",\"description\":\"TSMQ1-100 Dual Power Automatic Changeover Switch Supplier - Wholesale direct from TOSUNlux, a trusted manufacturer since 1994. Get your B2B factory quote on our certified Low Voltage electrical products.\",\"breadcrumb\":{\"@id\":\"https:\\\/\\\/www.tosunlux.eu\\\/products\\\/tsmq2-125-double-power-automatic-changeover-switch\\\/#breadcrumb\"},\"inLanguage\":\"tr\",\"potentialAction\":[{\"@type\":\"ReadAction\",\"target\":[\"https:\\\/\\\/www.tosunlux.eu\\\/products\\\/tsmq2-125-double-power-automatic-changeover-switch\\\/\"]}]},{\"@type\":\"ImageObject\",\"inLanguage\":\"tr\",\"@id\":\"https:\\\/\\\/www.tosunlux.eu\\\/products\\\/tsmq2-125-double-power-automatic-changeover-switch\\\/#primaryimage\",\"url\":\"https:\\\/\\\/www.tosunlux.eu\\\/wp-content\\\/uploads\\\/2023\\\/06\\\/TSMQ-1024x268.jpg\",\"contentUrl\":\"https:\\\/\\\/www.tosunlux.eu\\\/wp-content\\\/uploads\\\/2023\\\/06\\\/TSMQ-1024x268.jpg\"},{\"@type\":\"BreadcrumbList\",\"@id\":\"https:\\\/\\\/www.tosunlux.eu\\\/products\\\/tsmq2-125-double-power-automatic-changeover-switch\\\/#breadcrumb\",\"itemListElement\":[{\"@type\":\"ListItem\",\"position\":1,\"name\":\"Home\",\"item\":\"https:\\\/\\\/www.tosunlux.eu\\\/ru\\\/\"},{\"@type\":\"ListItem\",\"position\":2,\"name\":\"Products\",\"item\":\"https:\\\/\\\/www.tosunlux.eu\\\/products\\\/\"},{\"@type\":\"ListItem\",\"position\":3,\"name\":\"TSMQ1-100 Dual Power Automatic Changeover Switch\"}]},{\"@type\":\"WebSite\",\"@id\":\"https:\\\/\\\/www.tosunlux.eu\\\/ru\\\/#website\",\"url\":\"https:\\\/\\\/www.tosunlux.eu\\\/ru\\\/\",\"name\":\"TOSUNlux Official Site - Electrical Circuit Breaker Manufacturer in China\",\"description\":\"Power Distribution System Supplier\",\"publisher\":{\"@id\":\"https:\\\/\\\/www.tosunlux.eu\\\/ru\\\/#organization\"},\"alternateName\":\"TOSUNlux\",\"potentialAction\":[{\"@type\":\"SearchAction\",\"target\":{\"@type\":\"EntryPoint\",\"urlTemplate\":\"https:\\\/\\\/www.tosunlux.eu\\\/ru\\\/?s={search_term_string}\"},\"query-input\":{\"@type\":\"PropertyValueSpecification\",\"valueRequired\":true,\"valueName\":\"search_term_string\"}}],\"inLanguage\":\"tr\"},{\"@type\":\"Organization\",\"@id\":\"https:\\\/\\\/www.tosunlux.eu\\\/ru\\\/#organization\",\"name\":\"TOSUNlux\",\"url\":\"https:\\\/\\\/www.tosunlux.eu\\\/ru\\\/\",\"logo\":{\"@type\":\"ImageObject\",\"inLanguage\":\"tr\",\"@id\":\"https:\\\/\\\/www.tosunlux.eu\\\/ru\\\/#\\\/schema\\\/logo\\\/image\\\/\",\"url\":\"https:\\\/\\\/www.tosunlux.eu\\\/wp-content\\\/uploads\\\/2022\\\/01\\\/LOGOSYSM.71762f1.png\",\"contentUrl\":\"https:\\\/\\\/www.tosunlux.eu\\\/wp-content\\\/uploads\\\/2022\\\/01\\\/LOGOSYSM.71762f1.png\",\"width\":153,\"height\":55,\"caption\":\"TOSUNlux\"},\"image\":{\"@id\":\"https:\\\/\\\/www.tosunlux.eu\\\/ru\\\/#\\\/schema\\\/logo\\\/image\\\/\"},\"sameAs\":[\"https:\\\/\\\/www.facebook.com\\\/TOSUNelectric\\\/\",\"https:\\\/\\\/www.linkedin.com\\\/company\\\/wenzhou-tosun-electric-co.-ltd\\\/\"]}]}<\/script>\n<!-- \/ Yoast SEO plugin. -->","yoast_head_json":{"title":"WholesaleTSMQ1-100 Dual Power Automatic Changeover Switch - TOSUNlux Official Site - Electrical Circuit Breaker Manufacturer in China Low Voltage Electrical Supplier | TOSUNlux","description":"TSMQ1-100 Dual Power Automatic Changeover Switch Supplier - Wholesale direct from TOSUNlux, a trusted manufacturer since 1994. Get your B2B factory quote on our certified Low Voltage electrical products.","robots":{"index":"index","follow":"follow","max-snippet":"max-snippet:-1","max-image-preview":"max-image-preview:large","max-video-preview":"max-video-preview:-1"},"canonical":"https:\/\/www.tosunlux.eu\/tr\/products\/tsmq2-125-double-power-automatic-changeover-switch\/","og_locale":"tr_TR","og_type":"article","og_title":"WholesaleTSMQ1-100 Dual Power Automatic Changeover Switch - TOSUNlux Official Site - Electrical Circuit Breaker Manufacturer in China Low Voltage Electrical Supplier | TOSUNlux","og_description":"TSMQ1-100 Dual Power Automatic Changeover Switch Supplier - Wholesale direct from TOSUNlux, a trusted manufacturer since 1994. Get your B2B factory quote on our certified Low Voltage electrical products.","og_url":"https:\/\/www.tosunlux.eu\/tr\/products\/tsmq2-125-double-power-automatic-changeover-switch\/","og_site_name":"TOSUNlux Official Site - Electrical Circuit Breaker Manufacturer in China","article_publisher":"https:\/\/www.facebook.com\/TOSUNelectric\/","article_modified_time":"2025-02-10T05:25:55+00:00","og_image":[{"url":"https:\/\/www.tosunlux.eu\/wp-content\/uploads\/2023\/06\/TSMQ-1024x268.jpg","type":"","width":"","height":""}],"twitter_card":"summary_large_image","twitter_misc":{"Tahmini okuma s\u00fcresi":"2 dakika"},"schema":{"@context":"https:\/\/schema.org","@graph":[{"@type":"WebPage","@id":"https:\/\/www.tosunlux.eu\/products\/tsmq2-125-double-power-automatic-changeover-switch\/","url":"https:\/\/www.tosunlux.eu\/products\/tsmq2-125-double-power-automatic-changeover-switch\/","name":"WholesaleTSMQ1-100 Dual Power Automatic Changeover Switch - TOSUNlux Official Site - Electrical Circuit Breaker Manufacturer in China Low Voltage Electrical Supplier | TOSUNlux","isPartOf":{"@id":"https:\/\/www.tosunlux.eu\/ru\/#website"},"primaryImageOfPage":{"@id":"https:\/\/www.tosunlux.eu\/products\/tsmq2-125-double-power-automatic-changeover-switch\/#primaryimage"},"image":{"@id":"https:\/\/www.tosunlux.eu\/products\/tsmq2-125-double-power-automatic-changeover-switch\/#primaryimage"},"thumbnailUrl":"https:\/\/www.tosunlux.eu\/wp-content\/uploads\/2023\/06\/TSMQ-1024x268.jpg","datePublished":"2023-06-12T07:57:20+00:00","dateModified":"2025-02-10T05:25:55+00:00","description":"TSMQ1-100 Dual Power Automatic Changeover Switch Supplier - Wholesale direct from TOSUNlux, a trusted manufacturer since 1994. Get your B2B factory quote on our certified Low Voltage electrical products.","breadcrumb":{"@id":"https:\/\/www.tosunlux.eu\/products\/tsmq2-125-double-power-automatic-changeover-switch\/#breadcrumb"},"inLanguage":"tr","potentialAction":[{"@type":"ReadAction","target":["https:\/\/www.tosunlux.eu\/products\/tsmq2-125-double-power-automatic-changeover-switch\/"]}]},{"@type":"ImageObject","inLanguage":"tr","@id":"https:\/\/www.tosunlux.eu\/products\/tsmq2-125-double-power-automatic-changeover-switch\/#primaryimage","url":"https:\/\/www.tosunlux.eu\/wp-content\/uploads\/2023\/06\/TSMQ-1024x268.jpg","contentUrl":"https:\/\/www.tosunlux.eu\/wp-content\/uploads\/2023\/06\/TSMQ-1024x268.jpg"},{"@type":"BreadcrumbList","@id":"https:\/\/www.tosunlux.eu\/products\/tsmq2-125-double-power-automatic-changeover-switch\/#breadcrumb","itemListElement":[{"@type":"ListItem","position":1,"name":"Home","item":"https:\/\/www.tosunlux.eu\/ru\/"},{"@type":"ListItem","position":2,"name":"Products","item":"https:\/\/www.tosunlux.eu\/products\/"},{"@type":"ListItem","position":3,"name":"TSMQ1-100 Dual Power Automatic Changeover Switch"}]},{"@type":"WebSite","@id":"https:\/\/www.tosunlux.eu\/ru\/#website","url":"https:\/\/www.tosunlux.eu\/ru\/","name":"TOSUNlux Resmi Sitesi - \u00c7in&#039;de Elektrik Sigortas\u0131 \u00dcreticisi","description":"G\u00fc\u00e7 Da\u011f\u0131t\u0131m Sistemi Tedarik\u00e7isi","publisher":{"@id":"https:\/\/www.tosunlux.eu\/ru\/#organization"},"alternateName":"TOSUNlux","potentialAction":[{"@type":"SearchAction","target":{"@type":"EntryPoint","urlTemplate":"https:\/\/www.tosunlux.eu\/ru\/?s={search_term_string}"},"query-input":{"@type":"PropertyValueSpecification","valueRequired":true,"valueName":"search_term_string"}}],"inLanguage":"tr"},{"@type":"Organization","@id":"https:\/\/www.tosunlux.eu\/ru\/#organization","name":"TOSUNlux","url":"https:\/\/www.tosunlux.eu\/ru\/","logo":{"@type":"ImageObject","inLanguage":"tr","@id":"https:\/\/www.tosunlux.eu\/ru\/#\/schema\/logo\/image\/","url":"https:\/\/www.tosunlux.eu\/wp-content\/uploads\/2022\/01\/LOGOSYSM.71762f1.png","contentUrl":"https:\/\/www.tosunlux.eu\/wp-content\/uploads\/2022\/01\/LOGOSYSM.71762f1.png","width":153,"height":55,"caption":"TOSUNlux"},"image":{"@id":"https:\/\/www.tosunlux.eu\/ru\/#\/schema\/logo\/image\/"},"sameAs":["https:\/\/www.facebook.com\/TOSUNelectric\/","https:\/\/www.linkedin.com\/company\/wenzhou-tosun-electric-co.-ltd\/"]}]}},"_links":{"self":[{"href":"https:\/\/www.tosunlux.eu\/tr\/wp-json\/wp\/v2\/product\/7263","targetHints":{"allow":["GET"]}}],"collection":[{"href":"https:\/\/www.tosunlux.eu\/tr\/wp-json\/wp\/v2\/product"}],"about":[{"href":"https:\/\/www.tosunlux.eu\/tr\/wp-json\/wp\/v2\/types\/product"}],"version-history":[{"count":6,"href":"https:\/\/www.tosunlux.eu\/tr\/wp-json\/wp\/v2\/product\/7263\/revisions"}],"predecessor-version":[{"id":12508,"href":"https:\/\/www.tosunlux.eu\/tr\/wp-json\/wp\/v2\/product\/7263\/revisions\/12508"}],"wp:attachment":[{"href":"https:\/\/www.tosunlux.eu\/tr\/wp-json\/wp\/v2\/media?parent=7263"}],"wp:term":[{"taxonomy":"product_category","embeddable":true,"href":"https:\/\/www.tosunlux.eu\/tr\/wp-json\/wp\/v2\/product_category?post=7263"}],"curies":[{"name":"wp","href":"https:\/\/api.w.org\/{rel}","templated":true}]}}