{"id":7817,"date":"2023-08-22T14:34:06","date_gmt":"2023-08-22T06:34:06","guid":{"rendered":"https:\/\/www.tosunlux.eu\/?post_type=product&#038;p=7817"},"modified":"2025-01-02T11:12:14","modified_gmt":"2025-01-02T03:12:14","slug":"tsn3-40l-residual-current-operated-circuitbreaker-rcbo","status":"publish","type":"product","link":"https:\/\/www.tosunlux.eu\/tr\/products\/tsn3-40l-residual-current-operated-circuitbreaker-rcbo\/","title":{"rendered":"TSN3-32L Ka\u00e7ak Ak\u0131mla \u00c7al\u0131\u015fan Devre Kesici (RCBO)"},"content":{"rendered":"<figure class=\"wp-block-image size-large is-resized\"><img decoding=\"async\" src=\"https:\/\/www.tosunlux.eu\/wp-content\/uploads\/2023\/06\/logo-1-1024x348.jpg\" alt=\"\" class=\"wp-image-7244\" width=\"215\" height=\"73\" srcset=\"https:\/\/www.tosunlux.eu\/wp-content\/uploads\/2023\/06\/logo-1-1024x348.jpg 1024w, https:\/\/www.tosunlux.eu\/wp-content\/uploads\/2023\/06\/logo-1-300x102.jpg 300w, https:\/\/www.tosunlux.eu\/wp-content\/uploads\/2023\/06\/logo-1-768x261.jpg 768w, https:\/\/www.tosunlux.eu\/wp-content\/uploads\/2023\/06\/logo-1-1536x521.jpg 1536w, https:\/\/www.tosunlux.eu\/wp-content\/uploads\/2023\/06\/logo-1-18x6.jpg 18w, https:\/\/www.tosunlux.eu\/wp-content\/uploads\/2023\/06\/logo-1.jpg 1600w\" sizes=\"(max-width: 215px) 100vw, 215px\" \/><\/figure>\n\n\n\n<p><strong>Ba\u015fvuru<\/strong><\/p>\n\n\n\n<p>\u0130nce DIN montajl\u0131 RCBO&#039;lar, de\u011ferli pano alan\u0131ndan tasarruf sa\u011flamak i\u00e7in tek mod\u00fcll\u00fc cihazlar olarak mevcuttur.<\/p>\n\n\n\n<p><strong>\u015eartname<\/strong><\/p>\n\n\n<table width=\"852\">\n<tbody>\n<tr>\n<td width=\"333\">Kutup Say\u0131s\u0131<\/td>\n<td style=\"text-align: center;\" width=\"518\">1P+N<\/td>\n<\/tr>\n<tr>\n<td width=\"333\">Anma Ak\u0131m\u0131<\/td>\n<td style=\"text-align: center;\" width=\"518\">6A, 10A, 16A, 20A, 25A, 32A<\/td>\n<\/tr>\n<tr>\n<td width=\"333\">Anma \u00c7al\u0131\u015fma Voltaj\u0131<\/td>\n<td style=\"text-align: center;\" width=\"518\">230V\/240\uff5e<\/td>\n<\/tr>\n<tr>\n<td width=\"333\">Toprak Ka\u00e7a\u011f\u0131 Hassasiyeti<\/td>\n<td style=\"text-align: center;\" width=\"518\">10mA,30mA,100mA<\/td>\n<\/tr>\n<tr>\n<td width=\"333\">Gezi \u00dcnitesi Teknolojisi<\/td>\n<td style=\"text-align: center;\" width=\"518\">Elektronik<\/td>\n<\/tr>\n<tr>\n<td width=\"333\">A\u011f T\u00fcr\u00fc<\/td>\n<td style=\"text-align: center;\" width=\"518\">AC\/A<\/td>\n<\/tr>\n<tr>\n<td width=\"333\">Standartlar<\/td>\n<td style=\"text-align: center;\" width=\"518\">IEC\/EN 61009-1<\/td>\n<\/tr>\n<tr>\n<td width=\"333\">\n<p>K\u0131r\u0131lma Kapasitesi<\/p>\n<\/td>\n<td style=\"text-align: center;\" width=\"518\">Icn =Ics=6000A<\/td>\n<\/tr>\n<tr>\n<td width=\"333\">\u3010U i\u3011Anma Yal\u0131t\u0131m Voltaj\u0131<\/td>\n<td style=\"text-align: center;\" width=\"518\">415 V AC<\/td>\n<\/tr>\n<tr>\n<td width=\"333\">\u3010Uimp\u3011 Nominal darbe dayan\u0131m gerilimi<\/td>\n<td style=\"text-align: center;\" width=\"518\">4000V<\/td>\n<\/tr>\n<tr>\n<td width=\"333\">Mekanik Dayan\u0131kl\u0131l\u0131k<\/td>\n<td style=\"text-align: center;\" width=\"518\">10000 d\u00f6ng\u00fc<\/td>\n<\/tr>\n<tr>\n<td width=\"333\">Elektriksel Dayan\u0131kl\u0131l\u0131k<\/td>\n<td style=\"text-align: center;\" width=\"518\">4000 d\u00f6ng\u00fc<\/td>\n<\/tr>\n<tr>\n<td width=\"333\">S\u0131kma Torku<\/td>\n<td style=\"text-align: center;\" width=\"518\">M4 2N.m Il<\/td>\n<\/tr>\n<tr>\n<td width=\"333\">IP Koruma Derecesi<\/td>\n<td width=\"518\">IEC 60529&#039;a uygun IP20<br \/>IEC 60529&#039;a uygun IP40 (mod\u00fcler muhafaza)<\/td>\n<\/tr>\n<tr>\n<td width=\"333\">E\u011fri Kodu<\/td>\n<td style=\"text-align: center;\" width=\"518\">M.\u00d6.<\/td>\n<\/tr>\n<tr>\n<td width=\"333\">\u00c7al\u0131\u015fma i\u00e7in Ortam Hava S\u0131cakl\u0131\u011f\u0131<\/td>\n<td style=\"text-align: center;\" width=\"518\">-5\uff5e40\u2103<\/td>\n<\/tr>\n<tr>\n<td width=\"333\">AB RoHS Y\u00f6nergesi<\/td>\n<td style=\"text-align: center;\" width=\"518\">Uyumlu AB RoHS Beyan\u0131<\/td>\n<\/tr>\n<tr>\n<td width=\"333\">Kirlilik Derecesi<\/td>\n<td style=\"text-align: center;\" width=\"518\">2 IEC\/EN 60898-1&#039;e uygun<\/td>\n<\/tr>\n<tr>\n<td width=\"333\">\n<p>\u00dcst Kablolama<\/p>\n<p>Alt Kablolama<\/p>\n<\/td>\n<td style=\"text-align: center;\" width=\"518\">1-16mm2\u00a0\u00a0\u00a0\u00a0\u00a0<\/td>\n<\/tr>\n<\/tbody>\n<\/table>\n\n\n<p><strong>Boyut<\/strong><\/p>\n\n\n\n<figure class=\"wp-block-image size-large is-resized\"><img fetchpriority=\"high\" decoding=\"async\" src=\"https:\/\/www.tosunlux.eu\/wp-content\/uploads\/2023\/08\/TSL3-40-1024x502.jpg\" alt=\"\" class=\"wp-image-7825\" width=\"451\" height=\"220\" srcset=\"https:\/\/www.tosunlux.eu\/wp-content\/uploads\/2023\/08\/TSL3-40-1024x502.jpg 1024w, https:\/\/www.tosunlux.eu\/wp-content\/uploads\/2023\/08\/TSL3-40-300x147.jpg 300w, https:\/\/www.tosunlux.eu\/wp-content\/uploads\/2023\/08\/TSL3-40-768x376.jpg 768w, https:\/\/www.tosunlux.eu\/wp-content\/uploads\/2023\/08\/TSL3-40-1536x753.jpg 1536w, https:\/\/www.tosunlux.eu\/wp-content\/uploads\/2023\/08\/TSL3-40-18x9.jpg 18w, https:\/\/www.tosunlux.eu\/wp-content\/uploads\/2023\/08\/TSL3-40.jpg 1600w\" sizes=\"(max-width: 451px) 100vw, 451px\" \/><\/figure>","protected":false},"parent":0,"template":"","product_category":[78],"class_list":["post-7817","product","type-product","status-publish","hentry","product_category-rcbo"],"yoast_head":"<!-- This site is optimized with the Yoast SEO plugin v27.4 - https:\/\/yoast.com\/product\/yoast-seo-wordpress\/ -->\n<title>WholesaleTSN3-32L Residual Current Operated Circuit Breaker (RCBO) - TOSUNlux Official Site - Electrical Circuit Breaker Manufacturer in China Low Voltage Electrical Supplier | TOSUNlux<\/title>\n<meta name=\"description\" content=\"TSN3-32L Residual Current Operated Circuit Breaker (RCBO) Supplier - Wholesale direct from TOSUNlux, a trusted manufacturer since 1994. Get your B2B factory quote on our certified Low Voltage electrical products.\" \/>\n<meta name=\"robots\" content=\"index, follow, max-snippet:-1, max-image-preview:large, max-video-preview:-1\" \/>\n<link rel=\"canonical\" href=\"https:\/\/www.tosunlux.eu\/tr\/products\/tsn3-40l-residual-current-operated-circuitbreaker-rcbo\/\" \/>\n<meta property=\"og:locale\" content=\"tr_TR\" \/>\n<meta property=\"og:type\" content=\"article\" \/>\n<meta property=\"og:title\" content=\"WholesaleTSN3-32L Residual Current Operated Circuit Breaker (RCBO) - TOSUNlux Official Site - Electrical Circuit Breaker Manufacturer in China Low Voltage Electrical Supplier | TOSUNlux\" \/>\n<meta property=\"og:description\" content=\"TSN3-32L Residual Current Operated Circuit Breaker (RCBO) Supplier - Wholesale direct from TOSUNlux, a trusted manufacturer since 1994. Get your B2B factory quote on our certified Low Voltage electrical products.\" \/>\n<meta property=\"og:url\" content=\"https:\/\/www.tosunlux.eu\/tr\/products\/tsn3-40l-residual-current-operated-circuitbreaker-rcbo\/\" \/>\n<meta property=\"og:site_name\" content=\"TOSUNlux Official Site - Electrical Circuit Breaker Manufacturer in China\" \/>\n<meta property=\"article:publisher\" content=\"https:\/\/www.facebook.com\/TOSUNelectric\/\" \/>\n<meta property=\"article:modified_time\" content=\"2025-01-02T03:12:14+00:00\" \/>\n<meta property=\"og:image\" content=\"https:\/\/www.tosunlux.eu\/wp-content\/uploads\/2023\/06\/logo-1-1024x348.jpg\" \/>\n<meta name=\"twitter:card\" content=\"summary_large_image\" \/>\n<meta name=\"twitter:label1\" content=\"Tahmini okuma s\u00fcresi\" \/>\n\t<meta name=\"twitter:data1\" content=\"1 dakika\" \/>\n<script type=\"application\/ld+json\" class=\"yoast-schema-graph\">{\"@context\":\"https:\\\/\\\/schema.org\",\"@graph\":[{\"@type\":\"WebPage\",\"@id\":\"https:\\\/\\\/www.tosunlux.eu\\\/products\\\/tsn3-40l-residual-current-operated-circuitbreaker-rcbo\\\/\",\"url\":\"https:\\\/\\\/www.tosunlux.eu\\\/products\\\/tsn3-40l-residual-current-operated-circuitbreaker-rcbo\\\/\",\"name\":\"WholesaleTSN3-32L Residual Current Operated Circuit Breaker (RCBO) - TOSUNlux Official Site - Electrical Circuit Breaker Manufacturer in China Low Voltage Electrical Supplier | TOSUNlux\",\"isPartOf\":{\"@id\":\"https:\\\/\\\/www.tosunlux.eu\\\/ru\\\/#website\"},\"primaryImageOfPage\":{\"@id\":\"https:\\\/\\\/www.tosunlux.eu\\\/products\\\/tsn3-40l-residual-current-operated-circuitbreaker-rcbo\\\/#primaryimage\"},\"image\":{\"@id\":\"https:\\\/\\\/www.tosunlux.eu\\\/products\\\/tsn3-40l-residual-current-operated-circuitbreaker-rcbo\\\/#primaryimage\"},\"thumbnailUrl\":\"https:\\\/\\\/www.tosunlux.eu\\\/wp-content\\\/uploads\\\/2023\\\/06\\\/logo-1-1024x348.jpg\",\"datePublished\":\"2023-08-22T06:34:06+00:00\",\"dateModified\":\"2025-01-02T03:12:14+00:00\",\"description\":\"TSN3-32L Residual Current Operated Circuit Breaker (RCBO) Supplier - Wholesale direct from TOSUNlux, a trusted manufacturer since 1994. Get your B2B factory quote on our certified Low Voltage electrical products.\",\"breadcrumb\":{\"@id\":\"https:\\\/\\\/www.tosunlux.eu\\\/products\\\/tsn3-40l-residual-current-operated-circuitbreaker-rcbo\\\/#breadcrumb\"},\"inLanguage\":\"tr\",\"potentialAction\":[{\"@type\":\"ReadAction\",\"target\":[\"https:\\\/\\\/www.tosunlux.eu\\\/products\\\/tsn3-40l-residual-current-operated-circuitbreaker-rcbo\\\/\"]}]},{\"@type\":\"ImageObject\",\"inLanguage\":\"tr\",\"@id\":\"https:\\\/\\\/www.tosunlux.eu\\\/products\\\/tsn3-40l-residual-current-operated-circuitbreaker-rcbo\\\/#primaryimage\",\"url\":\"https:\\\/\\\/www.tosunlux.eu\\\/wp-content\\\/uploads\\\/2023\\\/06\\\/logo-1-1024x348.jpg\",\"contentUrl\":\"https:\\\/\\\/www.tosunlux.eu\\\/wp-content\\\/uploads\\\/2023\\\/06\\\/logo-1-1024x348.jpg\"},{\"@type\":\"BreadcrumbList\",\"@id\":\"https:\\\/\\\/www.tosunlux.eu\\\/products\\\/tsn3-40l-residual-current-operated-circuitbreaker-rcbo\\\/#breadcrumb\",\"itemListElement\":[{\"@type\":\"ListItem\",\"position\":1,\"name\":\"Home\",\"item\":\"https:\\\/\\\/www.tosunlux.eu\\\/ru\\\/\"},{\"@type\":\"ListItem\",\"position\":2,\"name\":\"Products\",\"item\":\"https:\\\/\\\/www.tosunlux.eu\\\/products\\\/\"},{\"@type\":\"ListItem\",\"position\":3,\"name\":\"TSN3-32L Residual Current Operated Circuit Breaker (RCBO)\"}]},{\"@type\":\"WebSite\",\"@id\":\"https:\\\/\\\/www.tosunlux.eu\\\/ru\\\/#website\",\"url\":\"https:\\\/\\\/www.tosunlux.eu\\\/ru\\\/\",\"name\":\"TOSUNlux Official Site - Electrical Circuit Breaker Manufacturer in China\",\"description\":\"Power Distribution System Supplier\",\"publisher\":{\"@id\":\"https:\\\/\\\/www.tosunlux.eu\\\/ru\\\/#organization\"},\"alternateName\":\"TOSUNlux\",\"potentialAction\":[{\"@type\":\"SearchAction\",\"target\":{\"@type\":\"EntryPoint\",\"urlTemplate\":\"https:\\\/\\\/www.tosunlux.eu\\\/ru\\\/?s={search_term_string}\"},\"query-input\":{\"@type\":\"PropertyValueSpecification\",\"valueRequired\":true,\"valueName\":\"search_term_string\"}}],\"inLanguage\":\"tr\"},{\"@type\":\"Organization\",\"@id\":\"https:\\\/\\\/www.tosunlux.eu\\\/ru\\\/#organization\",\"name\":\"TOSUNlux\",\"url\":\"https:\\\/\\\/www.tosunlux.eu\\\/ru\\\/\",\"logo\":{\"@type\":\"ImageObject\",\"inLanguage\":\"tr\",\"@id\":\"https:\\\/\\\/www.tosunlux.eu\\\/ru\\\/#\\\/schema\\\/logo\\\/image\\\/\",\"url\":\"https:\\\/\\\/www.tosunlux.eu\\\/wp-content\\\/uploads\\\/2022\\\/01\\\/LOGOSYSM.71762f1.png\",\"contentUrl\":\"https:\\\/\\\/www.tosunlux.eu\\\/wp-content\\\/uploads\\\/2022\\\/01\\\/LOGOSYSM.71762f1.png\",\"width\":153,\"height\":55,\"caption\":\"TOSUNlux\"},\"image\":{\"@id\":\"https:\\\/\\\/www.tosunlux.eu\\\/ru\\\/#\\\/schema\\\/logo\\\/image\\\/\"},\"sameAs\":[\"https:\\\/\\\/www.facebook.com\\\/TOSUNelectric\\\/\",\"https:\\\/\\\/www.linkedin.com\\\/company\\\/wenzhou-tosun-electric-co.-ltd\\\/\"]}]}<\/script>\n<!-- \/ Yoast SEO plugin. -->","yoast_head_json":{"title":"ToptanTSN3-32L Ka\u00e7ak Ak\u0131mla \u00c7al\u0131\u015fan Devre Kesici (RCBO) - TOSUNlux Resmi Sitesi - \u00c7in&#039;de Elektrik Devre Kesici \u00dcreticisi, D\u00fc\u015f\u00fck Voltajl\u0131 Elektrik Tedarik\u00e7isi | TOSUNlux","description":"TSN3-32L Ka\u00e7ak Ak\u0131m Korumal\u0131 Devre Kesici (RCBO) Tedarik\u00e7isi - 1994&#039;ten beri g\u00fcvenilir bir \u00fcretici olan TOSUNlux&#039;tan do\u011frudan toptan sat\u0131\u015f. Sertifikal\u0131 D\u00fc\u015f\u00fck Gerilim elektrik \u00fcr\u00fcnlerimiz i\u00e7in B2B fabrika fiyat teklifinizi al\u0131n.","robots":{"index":"index","follow":"follow","max-snippet":"max-snippet:-1","max-image-preview":"max-image-preview:large","max-video-preview":"max-video-preview:-1"},"canonical":"https:\/\/www.tosunlux.eu\/tr\/products\/tsn3-40l-residual-current-operated-circuitbreaker-rcbo\/","og_locale":"tr_TR","og_type":"article","og_title":"WholesaleTSN3-32L Residual Current Operated Circuit Breaker (RCBO) - TOSUNlux Official Site - Electrical Circuit Breaker Manufacturer in China Low Voltage Electrical Supplier | TOSUNlux","og_description":"TSN3-32L Residual Current Operated Circuit Breaker (RCBO) Supplier - Wholesale direct from TOSUNlux, a trusted manufacturer since 1994. Get your B2B factory quote on our certified Low Voltage electrical products.","og_url":"https:\/\/www.tosunlux.eu\/tr\/products\/tsn3-40l-residual-current-operated-circuitbreaker-rcbo\/","og_site_name":"TOSUNlux Official Site - Electrical Circuit Breaker Manufacturer in China","article_publisher":"https:\/\/www.facebook.com\/TOSUNelectric\/","article_modified_time":"2025-01-02T03:12:14+00:00","og_image":[{"url":"https:\/\/www.tosunlux.eu\/wp-content\/uploads\/2023\/06\/logo-1-1024x348.jpg","type":"","width":"","height":""}],"twitter_card":"summary_large_image","twitter_misc":{"Tahmini okuma s\u00fcresi":"1 dakika"},"schema":{"@context":"https:\/\/schema.org","@graph":[{"@type":"WebPage","@id":"https:\/\/www.tosunlux.eu\/products\/tsn3-40l-residual-current-operated-circuitbreaker-rcbo\/","url":"https:\/\/www.tosunlux.eu\/products\/tsn3-40l-residual-current-operated-circuitbreaker-rcbo\/","name":"ToptanTSN3-32L Ka\u00e7ak Ak\u0131mla \u00c7al\u0131\u015fan Devre Kesici (RCBO) - TOSUNlux Resmi Sitesi - \u00c7in&#039;de Elektrik Devre Kesici \u00dcreticisi, D\u00fc\u015f\u00fck Voltajl\u0131 Elektrik Tedarik\u00e7isi | TOSUNlux","isPartOf":{"@id":"https:\/\/www.tosunlux.eu\/ru\/#website"},"primaryImageOfPage":{"@id":"https:\/\/www.tosunlux.eu\/products\/tsn3-40l-residual-current-operated-circuitbreaker-rcbo\/#primaryimage"},"image":{"@id":"https:\/\/www.tosunlux.eu\/products\/tsn3-40l-residual-current-operated-circuitbreaker-rcbo\/#primaryimage"},"thumbnailUrl":"https:\/\/www.tosunlux.eu\/wp-content\/uploads\/2023\/06\/logo-1-1024x348.jpg","datePublished":"2023-08-22T06:34:06+00:00","dateModified":"2025-01-02T03:12:14+00:00","description":"TSN3-32L Ka\u00e7ak Ak\u0131m Korumal\u0131 Devre Kesici (RCBO) Tedarik\u00e7isi - 1994&#039;ten beri g\u00fcvenilir bir \u00fcretici olan TOSUNlux&#039;tan do\u011frudan toptan sat\u0131\u015f. Sertifikal\u0131 D\u00fc\u015f\u00fck Gerilim elektrik \u00fcr\u00fcnlerimiz i\u00e7in B2B fabrika fiyat teklifinizi al\u0131n.","breadcrumb":{"@id":"https:\/\/www.tosunlux.eu\/products\/tsn3-40l-residual-current-operated-circuitbreaker-rcbo\/#breadcrumb"},"inLanguage":"tr","potentialAction":[{"@type":"ReadAction","target":["https:\/\/www.tosunlux.eu\/products\/tsn3-40l-residual-current-operated-circuitbreaker-rcbo\/"]}]},{"@type":"ImageObject","inLanguage":"tr","@id":"https:\/\/www.tosunlux.eu\/products\/tsn3-40l-residual-current-operated-circuitbreaker-rcbo\/#primaryimage","url":"https:\/\/www.tosunlux.eu\/wp-content\/uploads\/2023\/06\/logo-1-1024x348.jpg","contentUrl":"https:\/\/www.tosunlux.eu\/wp-content\/uploads\/2023\/06\/logo-1-1024x348.jpg"},{"@type":"BreadcrumbList","@id":"https:\/\/www.tosunlux.eu\/products\/tsn3-40l-residual-current-operated-circuitbreaker-rcbo\/#breadcrumb","itemListElement":[{"@type":"ListItem","position":1,"name":"Home","item":"https:\/\/www.tosunlux.eu\/ru\/"},{"@type":"ListItem","position":2,"name":"Products","item":"https:\/\/www.tosunlux.eu\/products\/"},{"@type":"ListItem","position":3,"name":"TSN3-32L Residual Current Operated Circuit Breaker (RCBO)"}]},{"@type":"WebSite","@id":"https:\/\/www.tosunlux.eu\/ru\/#website","url":"https:\/\/www.tosunlux.eu\/ru\/","name":"TOSUNlux Resmi Sitesi - \u00c7in&#039;de Elektrik Sigortas\u0131 \u00dcreticisi","description":"G\u00fc\u00e7 Da\u011f\u0131t\u0131m Sistemi Tedarik\u00e7isi","publisher":{"@id":"https:\/\/www.tosunlux.eu\/ru\/#organization"},"alternateName":"TOSUNlux","potentialAction":[{"@type":"SearchAction","target":{"@type":"EntryPoint","urlTemplate":"https:\/\/www.tosunlux.eu\/ru\/?s={search_term_string}"},"query-input":{"@type":"PropertyValueSpecification","valueRequired":true,"valueName":"search_term_string"}}],"inLanguage":"tr"},{"@type":"Organization","@id":"https:\/\/www.tosunlux.eu\/ru\/#organization","name":"TOSUNlux","url":"https:\/\/www.tosunlux.eu\/ru\/","logo":{"@type":"ImageObject","inLanguage":"tr","@id":"https:\/\/www.tosunlux.eu\/ru\/#\/schema\/logo\/image\/","url":"https:\/\/www.tosunlux.eu\/wp-content\/uploads\/2022\/01\/LOGOSYSM.71762f1.png","contentUrl":"https:\/\/www.tosunlux.eu\/wp-content\/uploads\/2022\/01\/LOGOSYSM.71762f1.png","width":153,"height":55,"caption":"TOSUNlux"},"image":{"@id":"https:\/\/www.tosunlux.eu\/ru\/#\/schema\/logo\/image\/"},"sameAs":["https:\/\/www.facebook.com\/TOSUNelectric\/","https:\/\/www.linkedin.com\/company\/wenzhou-tosun-electric-co.-ltd\/"]}]}},"_links":{"self":[{"href":"https:\/\/www.tosunlux.eu\/tr\/wp-json\/wp\/v2\/product\/7817","targetHints":{"allow":["GET"]}}],"collection":[{"href":"https:\/\/www.tosunlux.eu\/tr\/wp-json\/wp\/v2\/product"}],"about":[{"href":"https:\/\/www.tosunlux.eu\/tr\/wp-json\/wp\/v2\/types\/product"}],"version-history":[{"count":2,"href":"https:\/\/www.tosunlux.eu\/tr\/wp-json\/wp\/v2\/product\/7817\/revisions"}],"predecessor-version":[{"id":12157,"href":"https:\/\/www.tosunlux.eu\/tr\/wp-json\/wp\/v2\/product\/7817\/revisions\/12157"}],"wp:attachment":[{"href":"https:\/\/www.tosunlux.eu\/tr\/wp-json\/wp\/v2\/media?parent=7817"}],"wp:term":[{"taxonomy":"product_category","embeddable":true,"href":"https:\/\/www.tosunlux.eu\/tr\/wp-json\/wp\/v2\/product_category?post=7817"}],"curies":[{"name":"wp","href":"https:\/\/api.w.org\/{rel}","templated":true}]}}