{"id":7958,"date":"2023-09-12T10:35:19","date_gmt":"2023-09-12T02:35:19","guid":{"rendered":"https:\/\/www.tosunlux.eu\/?post_type=product&#038;p=7958"},"modified":"2025-01-09T13:55:55","modified_gmt":"2025-01-09T05:55:55","slug":"tsm4l-residual-current-operated-mouldedcase-circuit-breaker","status":"publish","type":"product","link":"https:\/\/www.tosunlux.eu\/tr\/products\/tsm4l-residual-current-operated-mouldedcase-circuit-breaker\/","title":{"rendered":"TSM4L Ka\u00e7ak Ak\u0131mla \u00c7al\u0131\u015fan Kal\u0131planm\u0131\u015f<br>Kasa Devre Kesici"},"content":{"rendered":"<p><strong>Ba\u015fvuru<\/strong><\/p>\n\n\n\n<p>TSM4L art\u0131k ak\u0131mla \u00e7al\u0131\u015fan kal\u0131pl\u0131 kasa devre kesici, a\u015fa\u011f\u0131daki devreler i\u00e7in uygulan\u0131r:&nbsp;<br>1000V&#039;a kadar nominal yal\u0131t\u0131m gerilimi, 400V&#039;a kadar nominal \u00e7al\u0131\u015fma gerilimi, 800A&#039;e kadar nominal \u00e7al\u0131\u015fma ak\u0131m\u0131, AC 50\/60Hz, devrenin seyrek transferi ve motorun seyrek \u00e7al\u0131\u015ft\u0131r\u0131lmas\u0131 i\u00e7in de kullan\u0131labilir.&nbsp;<br>Sigortalar, a\u015f\u0131r\u0131 y\u00fck korumas\u0131, k\u0131sa devre korumas\u0131, d\u00fc\u015f\u00fck gerilim korumas\u0131 ve ka\u00e7ak ak\u0131m korumas\u0131 vas\u0131tas\u0131yla devreyi ve devrede bulunan cihazlar\u0131 hasara kar\u015f\u0131 korurlar.<br>\u00dcr\u00fcnler IEC60947-2 standard\u0131na uygundur.<\/p>\n\n\n\n<p><strong>\u00d6zellik<\/strong><\/p>\n\n\n\n<ul class=\"wp-block-list\"><li>Fazlardan birinde faz hatas\u0131 meydana geldi\u011finde \u00fcr\u00fcn normal \u015fekilde \u00e7al\u0131\u015fabilir.<\/li><li>\u00dcr\u00fcn, voltaj 85V&#039;a d\u00fc\u015ft\u00fc\u011f\u00fcnde bile normal \u015fekilde \u00e7al\u0131\u015fabilmektedir.<\/li><li>Kullan\u0131c\u0131, ayr\u0131nt\u0131l\u0131 duruma g\u00f6re nominal art\u0131k \u00e7al\u0131\u015fma ak\u0131m\u0131n\u0131 I\u0394n ve maksimum a\u00e7ma s\u00fcresini ayarlayabilir.<\/li><li>Ka\u00e7ak ak\u0131ma kar\u015f\u0131 alarm \u00e7\u0131k\u0131\u015f sinyali mevcuttur.<\/li><\/ul>\n\n\n\n<p><strong>\u015eartname<\/strong><\/p>\n\n\n<table style=\"border-collapse: collapse; width: 744px; height: 346px;\" border=\"0\" width=\"489\" cellspacing=\"0\" cellpadding=\"0\">\n<tbody>\n<tr style=\"height: 20.50pt;\">\n<td class=\"et2\" style=\"height: 20.50pt; width: 93.00pt;\" width=\"124\" height=\"27\"><span class=\"font4\">\u00d6rnek<\/span><\/td>\n<td class=\"et3\" style=\"width: 68pt; text-align: center;\" width=\"90\"><span class=\"font4\">TSM4L-125<\/span><\/td>\n<td class=\"et3\" style=\"width: 69pt; text-align: center;\" width=\"92\"><span class=\"font4\">TSM4L-250<\/span><\/td>\n<td class=\"et3\" style=\"width: 68pt; text-align: center;\" width=\"90\"><span class=\"font4\">TSM4L-400<\/span><\/td>\n<td class=\"et4\" style=\"width: 69pt; text-align: center;\" width=\"92\"><span class=\"font4\">TSM4L-800<\/span><\/td>\n<\/tr>\n<tr style=\"height: 16.25pt;\">\n<td class=\"et2\" style=\"height: 16.25pt; width: 93.00pt;\" width=\"124\" height=\"21\"><span class=\"font4\">Tip<\/span><\/td>\n<td class=\"et3\" style=\"width: 68pt; text-align: center;\" width=\"90\"><span class=\"font4\">L<\/span><\/td>\n<td class=\"et3\" style=\"width: 69pt; text-align: center;\" width=\"92\"><span class=\"font4\">L<\/span><\/td>\n<td class=\"et3\" style=\"width: 68pt; text-align: center;\" width=\"90\"><span class=\"font4\">M<\/span><\/td>\n<td class=\"et4\" style=\"width: 69pt; text-align: center;\" width=\"92\"><span class=\"font4\">M<\/span><\/td>\n<\/tr>\n<tr style=\"height: 16.25pt;\">\n<td class=\"et5\" style=\"height: 16.25pt; width: 93.00pt;\" width=\"124\" height=\"21\"><span class=\"font3\">Kutup<\/span><\/td>\n<td class=\"et6\" style=\"text-align: center;\">4<\/td>\n<td class=\"et6\" style=\"text-align: center;\">4<\/td>\n<td class=\"et6\" style=\"text-align: center;\">4<\/td>\n<td class=\"et7\" style=\"text-align: center;\">4<\/td>\n<\/tr>\n<tr style=\"height: 33.75pt;\">\n<td class=\"et8\" style=\"height: 33.75pt; width: 93.00pt;\" width=\"124\" height=\"45\"><span class=\"font4\">Anma Ak\u0131m\u0131 (A)<\/span><\/td>\n<td class=\"et9\" style=\"width: 68pt; text-align: center;\" width=\"90\"><span class=\"font4\">16,20,25,<br \/><\/span><span class=\"font4\">32,40,50,<br \/><\/span><span class=\"font4\">63,80,100,125<\/span><\/td>\n<td class=\"et9\" style=\"width: 69pt; text-align: center;\" width=\"92\"><span class=\"font5\">100,125,<br \/><\/span><span class=\"font5\">140,160,180,<br \/><\/span><span class=\"font5\">200,225,250<\/span><\/td>\n<td class=\"et10\" style=\"width: 68pt; text-align: center;\" width=\"90\"><span class=\"font4\">200,225,250,<br \/><\/span><span class=\"font4\">315,350,400<\/span><\/td>\n<td class=\"et11\" style=\"width: 69pt; text-align: center;\" width=\"92\"><span class=\"font5\">400,500,<br \/><\/span><span class=\"font5\">630,700,800<\/span><\/td>\n<\/tr>\n<tr style=\"height: 16.25pt;\">\n<td class=\"et2\" style=\"height: 16.25pt; width: 93.00pt;\" width=\"124\" height=\"21\"><span class=\"font4\">\u0130cs (kA)<\/span><\/td>\n<td class=\"et12\" style=\"text-align: center;\">18<\/td>\n<td class=\"et12\" style=\"text-align: center;\">20<\/td>\n<td class=\"et12\" style=\"text-align: center;\">35<\/td>\n<td class=\"et13\" style=\"text-align: center;\">35<\/td>\n<\/tr>\n<tr style=\"height: 16.25pt;\">\n<td class=\"et2\" style=\"height: 16.25pt; width: 93.00pt;\" width=\"124\" height=\"21\"><span class=\"font4\">Yo\u011fun Bak\u0131m (kA)<\/span><\/td>\n<td class=\"et12\" style=\"text-align: center;\">25<\/td>\n<td class=\"et12\" style=\"text-align: center;\">25<\/td>\n<td class=\"et12\" style=\"text-align: center;\">50<\/td>\n<td class=\"et13\" style=\"text-align: center;\">50<\/td>\n<\/tr>\n<tr style=\"height: 16.25pt;\">\n<td class=\"et2\" style=\"height: 16.25pt; width: 93.00pt;\" width=\"124\" height=\"21\"><span class=\"font4\">Yay Mesafesi<\/span><\/td>\n<td class=\"et3\" style=\"width: 68pt; text-align: center;\" width=\"90\"><span class=\"font4\">\u226450<\/span><\/td>\n<td class=\"et3\" style=\"width: 69pt; text-align: center;\" width=\"92\"><span class=\"font4\">\u226450<\/span><\/td>\n<td class=\"et3\" style=\"width: 68pt; text-align: center;\" width=\"90\"><span class=\"font4\">\u2264100<\/span><\/td>\n<td class=\"et4\" style=\"width: 69pt; text-align: center;\" width=\"92\"><span class=\"font4\">\u2264100<\/span><\/td>\n<\/tr>\n<tr style=\"height: 23.50pt;\">\n<td class=\"et2\" style=\"height: 23.50pt; width: 93.00pt;\" width=\"124\" height=\"31\"><span class=\"font4\">Anma Kalan Eylem Ak\u0131m\u0131 I\u0394n (mA)<\/span><\/td>\n<td class=\"et14\" style=\"width: 274pt; text-align: center;\" colspan=\"4\" width=\"365\"><span class=\"font4\">100.300.500 (iste\u011fe ba\u011fl\u0131)<\/span><\/td>\n<\/tr>\n<\/tbody>\n<\/table>","protected":false},"parent":0,"template":"","product_category":[24,79],"class_list":["post-7958","product","type-product","status-publish","hentry","product_category-power-distribution-system","product_category-mccb"],"yoast_head":"<!-- This site is optimized with the Yoast SEO plugin v27.5 - https:\/\/yoast.com\/product\/yoast-seo-wordpress\/ -->\n<title>WholesaleTSM4L Residual Current Operated MouldedCase Circuit Breaker - TOSUNlux Official Site - Electrical Circuit Breaker Manufacturer in China Low Voltage Electrical Supplier | TOSUNlux<\/title>\n<meta name=\"description\" content=\"TSM4L Residual Current Operated MouldedCase Circuit Breaker Supplier - Wholesale direct from TOSUNlux, a trusted manufacturer since 1994. Get your B2B factory quote on our certified Low Voltage electrical products.\" \/>\n<meta name=\"robots\" content=\"index, follow, max-snippet:-1, max-image-preview:large, max-video-preview:-1\" \/>\n<link rel=\"canonical\" href=\"https:\/\/www.tosunlux.eu\/tr\/products\/tsm4l-residual-current-operated-mouldedcase-circuit-breaker\/\" \/>\n<meta property=\"og:locale\" content=\"tr_TR\" \/>\n<meta property=\"og:type\" content=\"article\" \/>\n<meta property=\"og:title\" content=\"WholesaleTSM4L Residual Current Operated MouldedCase Circuit Breaker - TOSUNlux Official Site - Electrical Circuit Breaker Manufacturer in China Low Voltage Electrical Supplier | TOSUNlux\" \/>\n<meta property=\"og:description\" content=\"TSM4L Residual Current Operated MouldedCase Circuit Breaker Supplier - Wholesale direct from TOSUNlux, a trusted manufacturer since 1994. Get your B2B factory quote on our certified Low Voltage electrical products.\" \/>\n<meta property=\"og:url\" content=\"https:\/\/www.tosunlux.eu\/tr\/products\/tsm4l-residual-current-operated-mouldedcase-circuit-breaker\/\" \/>\n<meta property=\"og:site_name\" content=\"TOSUNlux Official Site - Electrical Circuit Breaker Manufacturer in China\" \/>\n<meta property=\"article:publisher\" content=\"https:\/\/www.facebook.com\/TOSUNelectric\/\" \/>\n<meta property=\"article:modified_time\" content=\"2025-01-09T05:55:55+00:00\" \/>\n<meta property=\"og:image\" content=\"https:\/\/www.tosunlux.eu\/wp-content\/uploads\/2023\/04\/DSC08160_\u526f\u672c.jpg\" \/>\n\t<meta property=\"og:image:width\" content=\"1500\" \/>\n\t<meta property=\"og:image:height\" content=\"940\" \/>\n\t<meta property=\"og:image:type\" content=\"image\/jpeg\" \/>\n<meta name=\"twitter:card\" content=\"summary_large_image\" \/>\n<meta name=\"twitter:label1\" content=\"Tahmini okuma s\u00fcresi\" \/>\n\t<meta name=\"twitter:data1\" content=\"1 dakika\" \/>\n<script type=\"application\/ld+json\" class=\"yoast-schema-graph\">{\"@context\":\"https:\\\/\\\/schema.org\",\"@graph\":[{\"@type\":\"WebPage\",\"@id\":\"https:\\\/\\\/www.tosunlux.eu\\\/id\\\/products\\\/tsm4l-residual-current-operated-mouldedcase-circuit-breaker\\\/\",\"url\":\"https:\\\/\\\/www.tosunlux.eu\\\/id\\\/products\\\/tsm4l-residual-current-operated-mouldedcase-circuit-breaker\\\/\",\"name\":\"WholesaleTSM4L Residual Current Operated Moulded Case Circuit Breaker - TOSUNlux Official Site - Electrical Circuit Breaker Manufacturer in China Low Voltage Electrical Supplier | TOSUNlux\",\"isPartOf\":{\"@id\":\"https:\\\/\\\/www.tosunlux.eu\\\/ru\\\/#website\"},\"datePublished\":\"2023-09-12T02:35:19+00:00\",\"dateModified\":\"2025-01-09T05:55:55+00:00\",\"description\":\"TSM4L Residual Current Operated Moulded Case Circuit Breaker Supplier - Wholesale direct from TOSUNlux, a trusted manufacturer since 1994. Get your B2B factory quote on our certified Low Voltage electrical products.\",\"breadcrumb\":{\"@id\":\"https:\\\/\\\/www.tosunlux.eu\\\/id\\\/products\\\/tsm4l-residual-current-operated-mouldedcase-circuit-breaker\\\/#breadcrumb\"},\"inLanguage\":\"tr\",\"potentialAction\":[{\"@type\":\"ReadAction\",\"target\":[\"https:\\\/\\\/www.tosunlux.eu\\\/id\\\/products\\\/tsm4l-residual-current-operated-mouldedcase-circuit-breaker\\\/\"]}]},{\"@type\":\"BreadcrumbList\",\"@id\":\"https:\\\/\\\/www.tosunlux.eu\\\/id\\\/products\\\/tsm4l-residual-current-operated-mouldedcase-circuit-breaker\\\/#breadcrumb\",\"itemListElement\":[{\"@type\":\"ListItem\",\"position\":1,\"name\":\"Home\",\"item\":\"https:\\\/\\\/www.tosunlux.eu\\\/ru\\\/\"},{\"@type\":\"ListItem\",\"position\":2,\"name\":\"Products\",\"item\":\"https:\\\/\\\/www.tosunlux.eu\\\/products\\\/\"},{\"@type\":\"ListItem\",\"position\":3,\"name\":\"TSM4L Residual Current Operated MouldedCase Circuit Breaker\"}]},{\"@type\":\"WebSite\",\"@id\":\"https:\\\/\\\/www.tosunlux.eu\\\/ru\\\/#website\",\"url\":\"https:\\\/\\\/www.tosunlux.eu\\\/ru\\\/\",\"name\":\"TOSUNlux Official Site - Electrical Circuit Breaker Manufacturer in China\",\"description\":\"Power Distribution System Supplier\",\"publisher\":{\"@id\":\"https:\\\/\\\/www.tosunlux.eu\\\/ru\\\/#organization\"},\"alternateName\":\"TOSUNlux\",\"potentialAction\":[{\"@type\":\"SearchAction\",\"target\":{\"@type\":\"EntryPoint\",\"urlTemplate\":\"https:\\\/\\\/www.tosunlux.eu\\\/ru\\\/?s={search_term_string}\"},\"query-input\":{\"@type\":\"PropertyValueSpecification\",\"valueRequired\":true,\"valueName\":\"search_term_string\"}}],\"inLanguage\":\"tr\"},{\"@type\":\"Organization\",\"@id\":\"https:\\\/\\\/www.tosunlux.eu\\\/ru\\\/#organization\",\"name\":\"TOSUNlux\",\"url\":\"https:\\\/\\\/www.tosunlux.eu\\\/ru\\\/\",\"logo\":{\"@type\":\"ImageObject\",\"inLanguage\":\"tr\",\"@id\":\"https:\\\/\\\/www.tosunlux.eu\\\/ru\\\/#\\\/schema\\\/logo\\\/image\\\/\",\"url\":\"https:\\\/\\\/www.tosunlux.eu\\\/wp-content\\\/uploads\\\/2022\\\/01\\\/LOGOSYSM.71762f1.png\",\"contentUrl\":\"https:\\\/\\\/www.tosunlux.eu\\\/wp-content\\\/uploads\\\/2022\\\/01\\\/LOGOSYSM.71762f1.png\",\"width\":153,\"height\":55,\"caption\":\"TOSUNlux\"},\"image\":{\"@id\":\"https:\\\/\\\/www.tosunlux.eu\\\/ru\\\/#\\\/schema\\\/logo\\\/image\\\/\"},\"sameAs\":[\"https:\\\/\\\/www.facebook.com\\\/TOSUNelectric\\\/\",\"https:\\\/\\\/www.linkedin.com\\\/company\\\/wenzhou-tosun-electric-co.-ltd\\\/\"]}]}<\/script>\n<!-- \/ Yoast SEO plugin. -->","yoast_head_json":{"title":"Toptan TSM4L Ka\u00e7ak Ak\u0131mla \u00c7al\u0131\u015fan Kal\u0131pl\u0131 Kasa Devre Kesici - TOSUNlux Resmi Sitesi - \u00c7in&#039;de Elektrik Devre Kesici \u00dcreticisi, D\u00fc\u015f\u00fck Voltajl\u0131 Elektrik Tedarik\u00e7isi | TOSUNlux","description":"TSM4L Ka\u00e7ak Ak\u0131mla \u00c7al\u0131\u015fan Kal\u0131pl\u0131 Kasal\u0131 Devre Kesici Tedarik\u00e7isi - 1994&#039;ten beri g\u00fcvenilir bir \u00fcretici olan TOSUNlux&#039;tan do\u011frudan toptan sat\u0131\u015f. Sertifikal\u0131 D\u00fc\u015f\u00fck Gerilim elektrik \u00fcr\u00fcnlerimiz i\u00e7in B2B fabrika fiyat teklifinizi al\u0131n.","robots":{"index":"index","follow":"follow","max-snippet":"max-snippet:-1","max-image-preview":"max-image-preview:large","max-video-preview":"max-video-preview:-1"},"canonical":"https:\/\/www.tosunlux.eu\/tr\/products\/tsm4l-residual-current-operated-mouldedcase-circuit-breaker\/","og_locale":"tr_TR","og_type":"article","og_title":"WholesaleTSM4L Residual Current Operated MouldedCase Circuit Breaker - TOSUNlux Official Site - Electrical Circuit Breaker Manufacturer in China Low Voltage Electrical Supplier | TOSUNlux","og_description":"TSM4L Residual Current Operated MouldedCase Circuit Breaker Supplier - Wholesale direct from TOSUNlux, a trusted manufacturer since 1994. Get your B2B factory quote on our certified Low Voltage electrical products.","og_url":"https:\/\/www.tosunlux.eu\/tr\/products\/tsm4l-residual-current-operated-mouldedcase-circuit-breaker\/","og_site_name":"TOSUNlux Official Site - Electrical Circuit Breaker Manufacturer in China","article_publisher":"https:\/\/www.facebook.com\/TOSUNelectric\/","article_modified_time":"2025-01-09T05:55:55+00:00","og_image":[{"width":1500,"height":940,"url":"https:\/\/www.tosunlux.eu\/wp-content\/uploads\/2023\/04\/DSC08160_\u526f\u672c.jpg","type":"image\/jpeg"}],"twitter_card":"summary_large_image","twitter_misc":{"Tahmini okuma s\u00fcresi":"1 dakika"},"schema":{"@context":"https:\/\/schema.org","@graph":[{"@type":"WebPage","@id":"https:\/\/www.tosunlux.eu\/id\/products\/tsm4l-residual-current-operated-mouldedcase-circuit-breaker\/","url":"https:\/\/www.tosunlux.eu\/id\/products\/tsm4l-residual-current-operated-mouldedcase-circuit-breaker\/","name":"Toptan TSM4L Ka\u00e7ak Ak\u0131mla \u00c7al\u0131\u015fan Kal\u0131pl\u0131 Kasa Devre Kesici - TOSUNlux Resmi Sitesi - \u00c7in&#039;de Elektrik Devre Kesici \u00dcreticisi, D\u00fc\u015f\u00fck Voltajl\u0131 Elektrik Tedarik\u00e7isi | TOSUNlux","isPartOf":{"@id":"https:\/\/www.tosunlux.eu\/ru\/#website"},"datePublished":"2023-09-12T02:35:19+00:00","dateModified":"2025-01-09T05:55:55+00:00","description":"TSM4L Ka\u00e7ak Ak\u0131mla \u00c7al\u0131\u015fan Kal\u0131pl\u0131 Kasal\u0131 Devre Kesici Tedarik\u00e7isi - 1994&#039;ten beri g\u00fcvenilir bir \u00fcretici olan TOSUNlux&#039;tan do\u011frudan toptan sat\u0131\u015f. Sertifikal\u0131 D\u00fc\u015f\u00fck Gerilim elektrik \u00fcr\u00fcnlerimiz i\u00e7in B2B fabrika fiyat teklifinizi al\u0131n.","breadcrumb":{"@id":"https:\/\/www.tosunlux.eu\/id\/products\/tsm4l-residual-current-operated-mouldedcase-circuit-breaker\/#breadcrumb"},"inLanguage":"tr","potentialAction":[{"@type":"ReadAction","target":["https:\/\/www.tosunlux.eu\/id\/products\/tsm4l-residual-current-operated-mouldedcase-circuit-breaker\/"]}]},{"@type":"BreadcrumbList","@id":"https:\/\/www.tosunlux.eu\/id\/products\/tsm4l-residual-current-operated-mouldedcase-circuit-breaker\/#breadcrumb","itemListElement":[{"@type":"ListItem","position":1,"name":"Home","item":"https:\/\/www.tosunlux.eu\/ru\/"},{"@type":"ListItem","position":2,"name":"Products","item":"https:\/\/www.tosunlux.eu\/products\/"},{"@type":"ListItem","position":3,"name":"TSM4L Residual Current Operated MouldedCase Circuit Breaker"}]},{"@type":"WebSite","@id":"https:\/\/www.tosunlux.eu\/ru\/#website","url":"https:\/\/www.tosunlux.eu\/ru\/","name":"TOSUNlux Resmi Sitesi - \u00c7in&#039;de Elektrik Sigortas\u0131 \u00dcreticisi","description":"G\u00fc\u00e7 Da\u011f\u0131t\u0131m Sistemi Tedarik\u00e7isi","publisher":{"@id":"https:\/\/www.tosunlux.eu\/ru\/#organization"},"alternateName":"TOSUNlux","potentialAction":[{"@type":"SearchAction","target":{"@type":"EntryPoint","urlTemplate":"https:\/\/www.tosunlux.eu\/ru\/?s={search_term_string}"},"query-input":{"@type":"PropertyValueSpecification","valueRequired":true,"valueName":"search_term_string"}}],"inLanguage":"tr"},{"@type":"Organization","@id":"https:\/\/www.tosunlux.eu\/ru\/#organization","name":"TOSUNlux","url":"https:\/\/www.tosunlux.eu\/ru\/","logo":{"@type":"ImageObject","inLanguage":"tr","@id":"https:\/\/www.tosunlux.eu\/ru\/#\/schema\/logo\/image\/","url":"https:\/\/www.tosunlux.eu\/wp-content\/uploads\/2022\/01\/LOGOSYSM.71762f1.png","contentUrl":"https:\/\/www.tosunlux.eu\/wp-content\/uploads\/2022\/01\/LOGOSYSM.71762f1.png","width":153,"height":55,"caption":"TOSUNlux"},"image":{"@id":"https:\/\/www.tosunlux.eu\/ru\/#\/schema\/logo\/image\/"},"sameAs":["https:\/\/www.facebook.com\/TOSUNelectric\/","https:\/\/www.linkedin.com\/company\/wenzhou-tosun-electric-co.-ltd\/"]}]}},"_links":{"self":[{"href":"https:\/\/www.tosunlux.eu\/tr\/wp-json\/wp\/v2\/product\/7958","targetHints":{"allow":["GET"]}}],"collection":[{"href":"https:\/\/www.tosunlux.eu\/tr\/wp-json\/wp\/v2\/product"}],"about":[{"href":"https:\/\/www.tosunlux.eu\/tr\/wp-json\/wp\/v2\/types\/product"}],"version-history":[{"count":3,"href":"https:\/\/www.tosunlux.eu\/tr\/wp-json\/wp\/v2\/product\/7958\/revisions"}],"predecessor-version":[{"id":12228,"href":"https:\/\/www.tosunlux.eu\/tr\/wp-json\/wp\/v2\/product\/7958\/revisions\/12228"}],"wp:attachment":[{"href":"https:\/\/www.tosunlux.eu\/tr\/wp-json\/wp\/v2\/media?parent=7958"}],"wp:term":[{"taxonomy":"product_category","embeddable":true,"href":"https:\/\/www.tosunlux.eu\/tr\/wp-json\/wp\/v2\/product_category?post=7958"}],"curies":[{"name":"wp","href":"https:\/\/api.w.org\/{rel}","templated":true}]}}