{"id":7965,"date":"2023-09-12T10:48:58","date_gmt":"2023-09-12T02:48:58","guid":{"rendered":"https:\/\/www.tosunlux.eu\/?post_type=product&#038;p=7965"},"modified":"2023-09-12T10:48:59","modified_gmt":"2023-09-12T02:48:59","slug":"tsn3-63l-residual-current-operated-circuitbreaker-rcbo-2","status":"publish","type":"product","link":"https:\/\/www.tosunlux.eu\/tr\/products\/tsn3-63l-residual-current-operated-circuitbreaker-rcbo-2\/","title":{"rendered":"TSN3-63L Ka\u00e7ak Ak\u0131mla \u00c7al\u0131\u015fan Devre<br>Kesici (RCBO)"},"content":{"rendered":"<p><strong>Ba\u015fvuru<\/strong><\/p>\n\n\n\n<p>TSN3-63L RCBO, AC 50\/60Hz, nominal voltaj 240V&#039;un tek fazl\u0131 devresinde elektron \u015fok korumas\u0131 olarak kullan\u0131l\u0131r. Devreyi a\u015f\u0131r\u0131 y\u00fck ve k\u0131sa devreden koruyabilir. Bu \u00fcr\u00fcn\u00fcn k\u00fc\u00e7\u00fck hacim ve y\u00fcksek kesme kapasitesi avantajlar\u0131 vard\u0131r. Canl\u0131 teli ve s\u0131f\u0131r teli ayn\u0131 anda keser. Canl\u0131 tel ters ba\u011fland\u0131\u011f\u0131nda ki\u015fiyi elektrik \u00e7arpmas\u0131ndan da korur. \u00dcr\u00fcnler IEC61009 standartlar\u0131na uygundur.<\/p>\n\n\n\n<p><strong>\u015eartname<\/strong><\/p>\n\n\n<table style=\"height: 425px;\" width=\"839\">\n<tbody>\n<tr>\n<td style=\"text-align: center;\" width=\"249\">Kutup Say\u0131s\u0131<\/td>\n<td style=\"text-align: center;\" width=\"225\">1P+N<\/td>\n<\/tr>\n<tr>\n<td style=\"text-align: center;\" width=\"249\">Anma Ak\u0131m\u0131<\/td>\n<td style=\"text-align: center;\" width=\"225\">6A, 10A, 16A, 20A, 25A, 32A, 40A, 50A, 63A<\/td>\n<\/tr>\n<tr>\n<td style=\"text-align: center;\" width=\"249\">Toprak Ka\u00e7a\u011f\u0131 Hassasiyeti<\/td>\n<td style=\"text-align: center;\" width=\"225\">30mA, 100mA, 300mA<\/td>\n<\/tr>\n<tr>\n<td style=\"text-align: center;\" width=\"249\">Gezi \u00dcnitesi Teknolojisi<\/td>\n<td style=\"text-align: center;\" width=\"225\">Elektronik<\/td>\n<\/tr>\n<tr>\n<td style=\"text-align: center;\" width=\"249\">A\u011f T\u00fcr\u00fc<\/td>\n<td style=\"text-align: center;\" width=\"225\">AC ~ \/A ~<\/td>\n<\/tr>\n<tr>\n<td style=\"text-align: center;\" width=\"249\">Anma Gerilimi<\/td>\n<td style=\"text-align: center;\" width=\"225\">230V~ 240V~<\/td>\n<\/tr>\n<tr>\n<td style=\"text-align: center;\" width=\"249\">Kalan Ak\u0131m Kapal\u0131 Zaman\u0131<\/td>\n<td style=\"text-align: center;\" width=\"225\">0,1sn<\/td>\n<\/tr>\n<tr>\n<td style=\"text-align: center;\" width=\"249\">K\u0131sa Devre Kapasitesi (Yo\u011fun Bak\u0131m)<\/td>\n<td style=\"text-align: center;\" width=\"225\">4500A<\/td>\n<\/tr>\n<tr>\n<td style=\"text-align: center;\" width=\"249\">\u00d6zellik<\/td>\n<td style=\"text-align: center;\" width=\"225\">B, C<\/td>\n<\/tr>\n<tr>\n<td style=\"text-align: center;\" width=\"249\">Mekanik Dayan\u0131kl\u0131l\u0131k<\/td>\n<td style=\"text-align: center;\" width=\"225\">10000 d\u00f6ng\u00fc<\/td>\n<\/tr>\n<tr>\n<td style=\"text-align: center;\" width=\"249\">Elektriksel Dayan\u0131kl\u0131l\u0131k<\/td>\n<td style=\"text-align: center;\" width=\"225\">3000 d\u00f6ng\u00fc<\/td>\n<\/tr>\n<tr>\n<td style=\"text-align: center;\" width=\"249\">Koruma Derecesi<\/td>\n<td style=\"text-align: center;\" width=\"225\">IP20<\/td>\n<\/tr>\n<tr>\n<td style=\"text-align: center;\" width=\"249\">\u00dcst Kablolama<br \/>Alt Kablolama<\/td>\n<td style=\"text-align: center;\" width=\"225\">1-25 mm\u00b2\u00a0\u00a0\u00a0\u00a0<\/td>\n<\/tr>\n<\/tbody>\n<\/table>\n\n\n<p><strong>Boyutlar<\/strong><\/p>\n\n\n\n<figure class=\"wp-block-image size-large is-resized\"><img fetchpriority=\"high\" decoding=\"async\" src=\"https:\/\/www.tosunlux.eu\/wp-content\/uploads\/2023\/09\/power-distribution-1-1024x571.jpg\" alt=\"\" class=\"wp-image-7967\" width=\"512\" height=\"286\" srcset=\"https:\/\/www.tosunlux.eu\/wp-content\/uploads\/2023\/09\/power-distribution-1-1024x571.jpg 1024w, https:\/\/www.tosunlux.eu\/wp-content\/uploads\/2023\/09\/power-distribution-1-300x167.jpg 300w, https:\/\/www.tosunlux.eu\/wp-content\/uploads\/2023\/09\/power-distribution-1-768x428.jpg 768w, https:\/\/www.tosunlux.eu\/wp-content\/uploads\/2023\/09\/power-distribution-1-1536x856.jpg 1536w, https:\/\/www.tosunlux.eu\/wp-content\/uploads\/2023\/09\/power-distribution-1-18x10.jpg 18w, https:\/\/www.tosunlux.eu\/wp-content\/uploads\/2023\/09\/power-distribution-1.jpg 1600w\" sizes=\"(max-width: 512px) 100vw, 512px\" \/><\/figure>","protected":false},"parent":0,"template":"","product_category":[24,78],"class_list":["post-7965","product","type-product","status-publish","hentry","product_category-power-distribution-system","product_category-rcbo"],"yoast_head":"<!-- This site is optimized with the Yoast SEO plugin v27.4 - https:\/\/yoast.com\/product\/yoast-seo-wordpress\/ -->\n<title>WholesaleTSN3-63L Residual Current Operated CircuitBreaker (RCBO) - TOSUNlux Official Site - Electrical Circuit Breaker Manufacturer in China Low Voltage Electrical Supplier | TOSUNlux<\/title>\n<meta name=\"description\" content=\"TSN3-63L Residual Current Operated CircuitBreaker (RCBO) Supplier - Wholesale direct from TOSUNlux, a trusted manufacturer since 1994. Get your B2B factory quote on our certified Low Voltage electrical products.\" \/>\n<meta name=\"robots\" content=\"index, follow, max-snippet:-1, max-image-preview:large, max-video-preview:-1\" \/>\n<link rel=\"canonical\" href=\"https:\/\/www.tosunlux.eu\/tr\/products\/tsn3-63l-residual-current-operated-circuitbreaker-rcbo-2\/\" \/>\n<meta property=\"og:locale\" content=\"tr_TR\" \/>\n<meta property=\"og:type\" content=\"article\" \/>\n<meta property=\"og:title\" content=\"WholesaleTSN3-63L Residual Current Operated CircuitBreaker (RCBO) - TOSUNlux Official Site - Electrical Circuit Breaker Manufacturer in China Low Voltage Electrical Supplier | TOSUNlux\" \/>\n<meta property=\"og:description\" content=\"TSN3-63L Residual Current Operated CircuitBreaker (RCBO) Supplier - Wholesale direct from TOSUNlux, a trusted manufacturer since 1994. Get your B2B factory quote on our certified Low Voltage electrical products.\" \/>\n<meta property=\"og:url\" content=\"https:\/\/www.tosunlux.eu\/tr\/products\/tsn3-63l-residual-current-operated-circuitbreaker-rcbo-2\/\" \/>\n<meta property=\"og:site_name\" content=\"TOSUNlux Official Site - Electrical Circuit Breaker Manufacturer in China\" \/>\n<meta property=\"article:publisher\" content=\"https:\/\/www.facebook.com\/TOSUNelectric\/\" \/>\n<meta property=\"article:modified_time\" content=\"2023-09-12T02:48:59+00:00\" \/>\n<meta property=\"og:image\" content=\"https:\/\/www.tosunlux.eu\/wp-content\/uploads\/2023\/09\/power-distribution-1-1024x571.jpg\" \/>\n<meta name=\"twitter:card\" content=\"summary_large_image\" \/>\n<meta name=\"twitter:label1\" content=\"Tahmini okuma s\u00fcresi\" \/>\n\t<meta name=\"twitter:data1\" content=\"1 dakika\" \/>\n<script type=\"application\/ld+json\" class=\"yoast-schema-graph\">{\"@context\":\"https:\\\/\\\/schema.org\",\"@graph\":[{\"@type\":\"WebPage\",\"@id\":\"https:\\\/\\\/www.tosunlux.eu\\\/products\\\/tsn3-63l-residual-current-operated-circuitbreaker-rcbo-2\\\/\",\"url\":\"https:\\\/\\\/www.tosunlux.eu\\\/products\\\/tsn3-63l-residual-current-operated-circuitbreaker-rcbo-2\\\/\",\"name\":\"WholesaleTSN3-63L Residual Current Operated Circuit Breaker (RCBO) - TOSUNlux Official Site - Electrical Circuit Breaker Manufacturer in China Low Voltage Electrical Supplier | TOSUNlux\",\"isPartOf\":{\"@id\":\"https:\\\/\\\/www.tosunlux.eu\\\/ru\\\/#website\"},\"primaryImageOfPage\":{\"@id\":\"https:\\\/\\\/www.tosunlux.eu\\\/products\\\/tsn3-63l-residual-current-operated-circuitbreaker-rcbo-2\\\/#primaryimage\"},\"image\":{\"@id\":\"https:\\\/\\\/www.tosunlux.eu\\\/products\\\/tsn3-63l-residual-current-operated-circuitbreaker-rcbo-2\\\/#primaryimage\"},\"thumbnailUrl\":\"https:\\\/\\\/www.tosunlux.eu\\\/wp-content\\\/uploads\\\/2023\\\/09\\\/power-distribution-1-1024x571.jpg\",\"datePublished\":\"2023-09-12T02:48:58+00:00\",\"dateModified\":\"2023-09-12T02:48:59+00:00\",\"description\":\"TSN3-63L Residual Current Operated Circuit Breaker (RCBO) Supplier - Wholesale direct from TOSUNlux, a trusted manufacturer since 1994. Get your B2B factory quote on our certified Low Voltage electrical products.\",\"breadcrumb\":{\"@id\":\"https:\\\/\\\/www.tosunlux.eu\\\/products\\\/tsn3-63l-residual-current-operated-circuitbreaker-rcbo-2\\\/#breadcrumb\"},\"inLanguage\":\"tr\",\"potentialAction\":[{\"@type\":\"ReadAction\",\"target\":[\"https:\\\/\\\/www.tosunlux.eu\\\/products\\\/tsn3-63l-residual-current-operated-circuitbreaker-rcbo-2\\\/\"]}]},{\"@type\":\"ImageObject\",\"inLanguage\":\"tr\",\"@id\":\"https:\\\/\\\/www.tosunlux.eu\\\/products\\\/tsn3-63l-residual-current-operated-circuitbreaker-rcbo-2\\\/#primaryimage\",\"url\":\"https:\\\/\\\/www.tosunlux.eu\\\/wp-content\\\/uploads\\\/2023\\\/09\\\/power-distribution-1-1024x571.jpg\",\"contentUrl\":\"https:\\\/\\\/www.tosunlux.eu\\\/wp-content\\\/uploads\\\/2023\\\/09\\\/power-distribution-1-1024x571.jpg\"},{\"@type\":\"BreadcrumbList\",\"@id\":\"https:\\\/\\\/www.tosunlux.eu\\\/products\\\/tsn3-63l-residual-current-operated-circuitbreaker-rcbo-2\\\/#breadcrumb\",\"itemListElement\":[{\"@type\":\"ListItem\",\"position\":1,\"name\":\"Home\",\"item\":\"https:\\\/\\\/www.tosunlux.eu\\\/ru\\\/\"},{\"@type\":\"ListItem\",\"position\":2,\"name\":\"Products\",\"item\":\"https:\\\/\\\/www.tosunlux.eu\\\/products\\\/\"},{\"@type\":\"ListItem\",\"position\":3,\"name\":\"TSN3-63L Residual Current Operated CircuitBreaker (RCBO)\"}]},{\"@type\":\"WebSite\",\"@id\":\"https:\\\/\\\/www.tosunlux.eu\\\/ru\\\/#website\",\"url\":\"https:\\\/\\\/www.tosunlux.eu\\\/ru\\\/\",\"name\":\"TOSUNlux Official Site - Electrical Circuit Breaker Manufacturer in China\",\"description\":\"Power Distribution System Supplier\",\"publisher\":{\"@id\":\"https:\\\/\\\/www.tosunlux.eu\\\/ru\\\/#organization\"},\"alternateName\":\"TOSUNlux\",\"potentialAction\":[{\"@type\":\"SearchAction\",\"target\":{\"@type\":\"EntryPoint\",\"urlTemplate\":\"https:\\\/\\\/www.tosunlux.eu\\\/ru\\\/?s={search_term_string}\"},\"query-input\":{\"@type\":\"PropertyValueSpecification\",\"valueRequired\":true,\"valueName\":\"search_term_string\"}}],\"inLanguage\":\"tr\"},{\"@type\":\"Organization\",\"@id\":\"https:\\\/\\\/www.tosunlux.eu\\\/ru\\\/#organization\",\"name\":\"TOSUNlux\",\"url\":\"https:\\\/\\\/www.tosunlux.eu\\\/ru\\\/\",\"logo\":{\"@type\":\"ImageObject\",\"inLanguage\":\"tr\",\"@id\":\"https:\\\/\\\/www.tosunlux.eu\\\/ru\\\/#\\\/schema\\\/logo\\\/image\\\/\",\"url\":\"https:\\\/\\\/www.tosunlux.eu\\\/wp-content\\\/uploads\\\/2022\\\/01\\\/LOGOSYSM.71762f1.png\",\"contentUrl\":\"https:\\\/\\\/www.tosunlux.eu\\\/wp-content\\\/uploads\\\/2022\\\/01\\\/LOGOSYSM.71762f1.png\",\"width\":153,\"height\":55,\"caption\":\"TOSUNlux\"},\"image\":{\"@id\":\"https:\\\/\\\/www.tosunlux.eu\\\/ru\\\/#\\\/schema\\\/logo\\\/image\\\/\"},\"sameAs\":[\"https:\\\/\\\/www.facebook.com\\\/TOSUNelectric\\\/\",\"https:\\\/\\\/www.linkedin.com\\\/company\\\/wenzhou-tosun-electric-co.-ltd\\\/\"]}]}<\/script>\n<!-- \/ Yoast SEO plugin. -->","yoast_head_json":{"title":"Toptan TSN3-63L Ka\u00e7ak Ak\u0131m Korumal\u0131 Devre Kesici (RCBO) - TOSUNlux Resmi Sitesi - \u00c7in&#039;de Elektrik Devre Kesici \u00dcreticisi, D\u00fc\u015f\u00fck Voltajl\u0131 Elektrik Tedarik\u00e7isi | TOSUNlux","description":"TSN3-63L Ka\u00e7ak Ak\u0131m Korumal\u0131 Devre Kesici (RCBO) Tedarik\u00e7isi - 1994&#039;ten beri g\u00fcvenilir bir \u00fcretici olan TOSUNlux&#039;tan do\u011frudan toptan sat\u0131\u015f. Sertifikal\u0131 D\u00fc\u015f\u00fck Voltajl\u0131 elektrik \u00fcr\u00fcnlerimiz i\u00e7in B2B fabrika fiyat teklifinizi al\u0131n.","robots":{"index":"index","follow":"follow","max-snippet":"max-snippet:-1","max-image-preview":"max-image-preview:large","max-video-preview":"max-video-preview:-1"},"canonical":"https:\/\/www.tosunlux.eu\/tr\/products\/tsn3-63l-residual-current-operated-circuitbreaker-rcbo-2\/","og_locale":"tr_TR","og_type":"article","og_title":"WholesaleTSN3-63L Residual Current Operated CircuitBreaker (RCBO) - TOSUNlux Official Site - Electrical Circuit Breaker Manufacturer in China Low Voltage Electrical Supplier | TOSUNlux","og_description":"TSN3-63L Residual Current Operated CircuitBreaker (RCBO) Supplier - Wholesale direct from TOSUNlux, a trusted manufacturer since 1994. Get your B2B factory quote on our certified Low Voltage electrical products.","og_url":"https:\/\/www.tosunlux.eu\/tr\/products\/tsn3-63l-residual-current-operated-circuitbreaker-rcbo-2\/","og_site_name":"TOSUNlux Official Site - Electrical Circuit Breaker Manufacturer in China","article_publisher":"https:\/\/www.facebook.com\/TOSUNelectric\/","article_modified_time":"2023-09-12T02:48:59+00:00","og_image":[{"url":"https:\/\/www.tosunlux.eu\/wp-content\/uploads\/2023\/09\/power-distribution-1-1024x571.jpg","type":"","width":"","height":""}],"twitter_card":"summary_large_image","twitter_misc":{"Tahmini okuma s\u00fcresi":"1 dakika"},"schema":{"@context":"https:\/\/schema.org","@graph":[{"@type":"WebPage","@id":"https:\/\/www.tosunlux.eu\/products\/tsn3-63l-residual-current-operated-circuitbreaker-rcbo-2\/","url":"https:\/\/www.tosunlux.eu\/products\/tsn3-63l-residual-current-operated-circuitbreaker-rcbo-2\/","name":"Toptan TSN3-63L Ka\u00e7ak Ak\u0131m Korumal\u0131 Devre Kesici (RCBO) - TOSUNlux Resmi Sitesi - \u00c7in&#039;de Elektrik Devre Kesici \u00dcreticisi, D\u00fc\u015f\u00fck Voltajl\u0131 Elektrik Tedarik\u00e7isi | TOSUNlux","isPartOf":{"@id":"https:\/\/www.tosunlux.eu\/ru\/#website"},"primaryImageOfPage":{"@id":"https:\/\/www.tosunlux.eu\/products\/tsn3-63l-residual-current-operated-circuitbreaker-rcbo-2\/#primaryimage"},"image":{"@id":"https:\/\/www.tosunlux.eu\/products\/tsn3-63l-residual-current-operated-circuitbreaker-rcbo-2\/#primaryimage"},"thumbnailUrl":"https:\/\/www.tosunlux.eu\/wp-content\/uploads\/2023\/09\/power-distribution-1-1024x571.jpg","datePublished":"2023-09-12T02:48:58+00:00","dateModified":"2023-09-12T02:48:59+00:00","description":"TSN3-63L Ka\u00e7ak Ak\u0131m Korumal\u0131 Devre Kesici (RCBO) Tedarik\u00e7isi - 1994&#039;ten beri g\u00fcvenilir bir \u00fcretici olan TOSUNlux&#039;tan do\u011frudan toptan sat\u0131\u015f. Sertifikal\u0131 D\u00fc\u015f\u00fck Voltajl\u0131 elektrik \u00fcr\u00fcnlerimiz i\u00e7in B2B fabrika fiyat teklifinizi al\u0131n.","breadcrumb":{"@id":"https:\/\/www.tosunlux.eu\/products\/tsn3-63l-residual-current-operated-circuitbreaker-rcbo-2\/#breadcrumb"},"inLanguage":"tr","potentialAction":[{"@type":"ReadAction","target":["https:\/\/www.tosunlux.eu\/products\/tsn3-63l-residual-current-operated-circuitbreaker-rcbo-2\/"]}]},{"@type":"ImageObject","inLanguage":"tr","@id":"https:\/\/www.tosunlux.eu\/products\/tsn3-63l-residual-current-operated-circuitbreaker-rcbo-2\/#primaryimage","url":"https:\/\/www.tosunlux.eu\/wp-content\/uploads\/2023\/09\/power-distribution-1-1024x571.jpg","contentUrl":"https:\/\/www.tosunlux.eu\/wp-content\/uploads\/2023\/09\/power-distribution-1-1024x571.jpg"},{"@type":"BreadcrumbList","@id":"https:\/\/www.tosunlux.eu\/products\/tsn3-63l-residual-current-operated-circuitbreaker-rcbo-2\/#breadcrumb","itemListElement":[{"@type":"ListItem","position":1,"name":"Home","item":"https:\/\/www.tosunlux.eu\/ru\/"},{"@type":"ListItem","position":2,"name":"Products","item":"https:\/\/www.tosunlux.eu\/products\/"},{"@type":"ListItem","position":3,"name":"TSN3-63L Residual Current Operated CircuitBreaker (RCBO)"}]},{"@type":"WebSite","@id":"https:\/\/www.tosunlux.eu\/ru\/#website","url":"https:\/\/www.tosunlux.eu\/ru\/","name":"TOSUNlux Resmi Sitesi - \u00c7in&#039;de Elektrik Sigortas\u0131 \u00dcreticisi","description":"G\u00fc\u00e7 Da\u011f\u0131t\u0131m Sistemi Tedarik\u00e7isi","publisher":{"@id":"https:\/\/www.tosunlux.eu\/ru\/#organization"},"alternateName":"TOSUNlux","potentialAction":[{"@type":"SearchAction","target":{"@type":"EntryPoint","urlTemplate":"https:\/\/www.tosunlux.eu\/ru\/?s={search_term_string}"},"query-input":{"@type":"PropertyValueSpecification","valueRequired":true,"valueName":"search_term_string"}}],"inLanguage":"tr"},{"@type":"Organization","@id":"https:\/\/www.tosunlux.eu\/ru\/#organization","name":"TOSUNlux","url":"https:\/\/www.tosunlux.eu\/ru\/","logo":{"@type":"ImageObject","inLanguage":"tr","@id":"https:\/\/www.tosunlux.eu\/ru\/#\/schema\/logo\/image\/","url":"https:\/\/www.tosunlux.eu\/wp-content\/uploads\/2022\/01\/LOGOSYSM.71762f1.png","contentUrl":"https:\/\/www.tosunlux.eu\/wp-content\/uploads\/2022\/01\/LOGOSYSM.71762f1.png","width":153,"height":55,"caption":"TOSUNlux"},"image":{"@id":"https:\/\/www.tosunlux.eu\/ru\/#\/schema\/logo\/image\/"},"sameAs":["https:\/\/www.facebook.com\/TOSUNelectric\/","https:\/\/www.linkedin.com\/company\/wenzhou-tosun-electric-co.-ltd\/"]}]}},"_links":{"self":[{"href":"https:\/\/www.tosunlux.eu\/tr\/wp-json\/wp\/v2\/product\/7965","targetHints":{"allow":["GET"]}}],"collection":[{"href":"https:\/\/www.tosunlux.eu\/tr\/wp-json\/wp\/v2\/product"}],"about":[{"href":"https:\/\/www.tosunlux.eu\/tr\/wp-json\/wp\/v2\/types\/product"}],"version-history":[{"count":2,"href":"https:\/\/www.tosunlux.eu\/tr\/wp-json\/wp\/v2\/product\/7965\/revisions"}],"predecessor-version":[{"id":7970,"href":"https:\/\/www.tosunlux.eu\/tr\/wp-json\/wp\/v2\/product\/7965\/revisions\/7970"}],"wp:attachment":[{"href":"https:\/\/www.tosunlux.eu\/tr\/wp-json\/wp\/v2\/media?parent=7965"}],"wp:term":[{"taxonomy":"product_category","embeddable":true,"href":"https:\/\/www.tosunlux.eu\/tr\/wp-json\/wp\/v2\/product_category?post=7965"}],"curies":[{"name":"wp","href":"https:\/\/api.w.org\/{rel}","templated":true}]}}