{"id":8160,"date":"2023-09-23T16:12:13","date_gmt":"2023-09-23T08:12:13","guid":{"rendered":"https:\/\/www.tosunlux.eu\/?post_type=product&#038;p=8160"},"modified":"2023-09-23T16:34:01","modified_gmt":"2023-09-23T08:34:01","slug":"timer-thc-822","status":"publish","type":"product","link":"https:\/\/www.tosunlux.eu\/tr\/products\/timer-thc-822\/","title":{"rendered":"Zamanlay\u0131c\u0131 THC-822"},"content":{"rendered":"<p><\/p>\n\n\n<h2>&nbsp;<\/h2>\n<h4>\u015eartname<\/h4>\n<table style=\"height: 541px;\" width=\"553\">\n<tbody>\n<tr>\n<td style=\"text-align: center;\" width=\"125\">\u00d6rnek<\/td>\n<td style=\"text-align: center;\" width=\"349\">THC-822<\/td>\n<\/tr>\n<tr>\n<td style=\"text-align: center;\" width=\"125\">Tam zamanlama aral\u0131\u011f\u0131<\/td>\n<td style=\"text-align: center;\" width=\"349\">7\/24 rastgele ge\u00e7i\u015f, tatil program\u0131, nab\u0131z ve \u00e7evrim program\u0131<\/td>\n<\/tr>\n<tr>\n<td style=\"text-align: center;\" width=\"125\">Anma gerilimi<\/td>\n<td style=\"text-align: center;\" width=\"349\">AC 220V 50\/60Hz 85%~110%<\/td>\n<\/tr>\n<tr>\n<td style=\"text-align: center;\" width=\"125\">\u0130leti\u015fim kapasitesi<\/td>\n<td style=\"text-align: center;\" width=\"349\">16(10)A, 250VAC<\/td>\n<\/tr>\n<tr>\n<td style=\"text-align: center;\" width=\"125\">\u0130leti\u015fim formu<\/td>\n<td style=\"text-align: center;\" width=\"349\">2 ge\u00e7i\u015f anahtar\u0131<\/td>\n<\/tr>\n<tr>\n<td style=\"text-align: center;\" width=\"125\">Kesinlik<\/td>\n<td style=\"text-align: center;\" width=\"349\">1sn\/g\u00fcn<\/td>\n<\/tr>\n<tr>\n<td style=\"text-align: center;\" width=\"125\">G\u00f6r\u00fcnt\u00fclemek<\/td>\n<td style=\"text-align: center;\" width=\"349\">LCD<\/td>\n<\/tr>\n<tr>\n<td style=\"text-align: center;\" width=\"125\">Montaj<\/td>\n<td style=\"text-align: center;\" width=\"349\">DIN ray\u0131<\/td>\n<\/tr>\n<tr>\n<td style=\"text-align: center;\" width=\"125\">Minimum ayar birimi<\/td>\n<td style=\"text-align: center;\" width=\"349\">1 dk<\/td>\n<\/tr>\n<tr>\n<td style=\"text-align: center;\" width=\"125\">Programlanabilir<\/td>\n<td style=\"text-align: center;\" width=\"349\">96 program<\/td>\n<\/tr>\n<tr>\n<td style=\"text-align: center;\" width=\"125\">Depolama pili<\/td>\n<td style=\"text-align: center;\" width=\"349\">3 y\u0131l<\/td>\n<\/tr>\n<tr>\n<td style=\"text-align: center;\" width=\"125\">T\u00fcketilen g\u00fc\u00e7<\/td>\n<td style=\"text-align: center;\" width=\"349\">7.5VA<\/td>\n<\/tr>\n<tr>\n<td style=\"text-align: center;\" width=\"125\">Elektriksel \u00f6m\u00fcr<\/td>\n<td style=\"text-align: center;\" width=\"349\">105 kez<\/td>\n<\/tr>\n<tr>\n<td style=\"text-align: center;\" width=\"125\">Mekanik \u00f6m\u00fcr<\/td>\n<td style=\"text-align: center;\" width=\"349\">107 kez<\/td>\n<\/tr>\n<tr>\n<td style=\"text-align: center;\" width=\"125\">\u00c7al\u0131\u015fma s\u0131cakl\u0131\u011f\u0131<\/td>\n<td style=\"text-align: center;\" width=\"349\">-10~+50\u00b0C<\/td>\n<\/tr>\n<\/tbody>\n<\/table>\n<p><\/p>\n<h4>Boyut<\/h4>\n<p><\/p>\n\n\n<figure class=\"wp-block-image size-full\"><img fetchpriority=\"high\" decoding=\"async\" width=\"686\" height=\"389\" src=\"https:\/\/www.tosunlux.eu\/wp-content\/uploads\/2023\/09\/Industrial-Control-1-1.jpg\" alt=\"\" class=\"wp-image-8162\" srcset=\"https:\/\/www.tosunlux.eu\/wp-content\/uploads\/2023\/09\/Industrial-Control-1-1.jpg 686w, https:\/\/www.tosunlux.eu\/wp-content\/uploads\/2023\/09\/Industrial-Control-1-1-300x170.jpg 300w, https:\/\/www.tosunlux.eu\/wp-content\/uploads\/2023\/09\/Industrial-Control-1-1-18x10.jpg 18w\" sizes=\"(max-width: 686px) 100vw, 686px\" \/><\/figure>","protected":false},"parent":0,"template":"","product_category":[35,92],"class_list":["post-8160","product","type-product","status-publish","hentry","product_category-industrial-control-devices","product_category-timer-relay"],"yoast_head":"<!-- This site is optimized with the Yoast SEO plugin v27.5 - https:\/\/yoast.com\/product\/yoast-seo-wordpress\/ -->\n<title>WholesaleTimer THC-822 - TOSUNlux Official Site - Electrical Circuit Breaker Manufacturer in China Low Voltage Electrical Supplier | TOSUNlux<\/title>\n<meta name=\"description\" content=\"Timer THC-822 Supplier - Wholesale direct from TOSUNlux, a trusted manufacturer since 1994. Get your B2B factory quote on our certified Low Voltage electrical products.\" \/>\n<meta name=\"robots\" content=\"index, follow, max-snippet:-1, max-image-preview:large, max-video-preview:-1\" \/>\n<link rel=\"canonical\" href=\"https:\/\/www.tosunlux.eu\/tr\/products\/timer-thc-822\/\" \/>\n<meta property=\"og:locale\" content=\"tr_TR\" \/>\n<meta property=\"og:type\" content=\"article\" \/>\n<meta property=\"og:title\" content=\"WholesaleTimer THC-822 - TOSUNlux Official Site - Electrical Circuit Breaker Manufacturer in China Low Voltage Electrical Supplier | TOSUNlux\" \/>\n<meta property=\"og:description\" content=\"Timer THC-822 Supplier - Wholesale direct from TOSUNlux, a trusted manufacturer since 1994. Get your B2B factory quote on our certified Low Voltage electrical products.\" \/>\n<meta property=\"og:url\" content=\"https:\/\/www.tosunlux.eu\/tr\/products\/timer-thc-822\/\" \/>\n<meta property=\"og:site_name\" content=\"TOSUNlux Official Site - Electrical Circuit Breaker Manufacturer in China\" \/>\n<meta property=\"article:publisher\" content=\"https:\/\/www.facebook.com\/TOSUNelectric\/\" \/>\n<meta property=\"article:modified_time\" content=\"2023-09-23T08:34:01+00:00\" \/>\n<meta property=\"og:image\" content=\"https:\/\/www.tosunlux.eu\/wp-content\/uploads\/2023\/09\/Industrial-Control-1-1.jpg\" \/>\n<meta name=\"twitter:card\" content=\"summary_large_image\" \/>\n<meta name=\"twitter:label1\" content=\"Tahmini okuma s\u00fcresi\" \/>\n\t<meta name=\"twitter:data1\" content=\"1 dakika\" \/>\n<script type=\"application\/ld+json\" class=\"yoast-schema-graph\">{\"@context\":\"https:\\\/\\\/schema.org\",\"@graph\":[{\"@type\":\"WebPage\",\"@id\":\"https:\\\/\\\/www.tosunlux.eu\\\/products\\\/timer-thc-822\\\/\",\"url\":\"https:\\\/\\\/www.tosunlux.eu\\\/products\\\/timer-thc-822\\\/\",\"name\":\"WholesaleTimer THC-822 - TOSUNlux Official Site - Electrical Circuit Breaker Manufacturer in China Low Voltage Electrical Supplier | TOSUNlux\",\"isPartOf\":{\"@id\":\"https:\\\/\\\/www.tosunlux.eu\\\/ru\\\/#website\"},\"primaryImageOfPage\":{\"@id\":\"https:\\\/\\\/www.tosunlux.eu\\\/products\\\/timer-thc-822\\\/#primaryimage\"},\"image\":{\"@id\":\"https:\\\/\\\/www.tosunlux.eu\\\/products\\\/timer-thc-822\\\/#primaryimage\"},\"thumbnailUrl\":\"https:\\\/\\\/www.tosunlux.eu\\\/wp-content\\\/uploads\\\/2023\\\/09\\\/Industrial-Control-1-1.jpg\",\"datePublished\":\"2023-09-23T08:12:13+00:00\",\"dateModified\":\"2023-09-23T08:34:01+00:00\",\"description\":\"Timer THC-822 Supplier - Wholesale direct from TOSUNlux, a trusted manufacturer since 1994. Get your B2B factory quote on our certified Low Voltage electrical products.\",\"breadcrumb\":{\"@id\":\"https:\\\/\\\/www.tosunlux.eu\\\/products\\\/timer-thc-822\\\/#breadcrumb\"},\"inLanguage\":\"tr\",\"potentialAction\":[{\"@type\":\"ReadAction\",\"target\":[\"https:\\\/\\\/www.tosunlux.eu\\\/products\\\/timer-thc-822\\\/\"]}]},{\"@type\":\"ImageObject\",\"inLanguage\":\"tr\",\"@id\":\"https:\\\/\\\/www.tosunlux.eu\\\/products\\\/timer-thc-822\\\/#primaryimage\",\"url\":\"https:\\\/\\\/www.tosunlux.eu\\\/wp-content\\\/uploads\\\/2023\\\/09\\\/Industrial-Control-1-1.jpg\",\"contentUrl\":\"https:\\\/\\\/www.tosunlux.eu\\\/wp-content\\\/uploads\\\/2023\\\/09\\\/Industrial-Control-1-1.jpg\"},{\"@type\":\"BreadcrumbList\",\"@id\":\"https:\\\/\\\/www.tosunlux.eu\\\/products\\\/timer-thc-822\\\/#breadcrumb\",\"itemListElement\":[{\"@type\":\"ListItem\",\"position\":1,\"name\":\"Home\",\"item\":\"https:\\\/\\\/www.tosunlux.eu\\\/ru\\\/\"},{\"@type\":\"ListItem\",\"position\":2,\"name\":\"Products\",\"item\":\"https:\\\/\\\/www.tosunlux.eu\\\/products\\\/\"},{\"@type\":\"ListItem\",\"position\":3,\"name\":\"Timer THC-822\"}]},{\"@type\":\"WebSite\",\"@id\":\"https:\\\/\\\/www.tosunlux.eu\\\/ru\\\/#website\",\"url\":\"https:\\\/\\\/www.tosunlux.eu\\\/ru\\\/\",\"name\":\"TOSUNlux Official Site - Electrical Circuit Breaker Manufacturer in China\",\"description\":\"Power Distribution System Supplier\",\"publisher\":{\"@id\":\"https:\\\/\\\/www.tosunlux.eu\\\/ru\\\/#organization\"},\"alternateName\":\"TOSUNlux\",\"potentialAction\":[{\"@type\":\"SearchAction\",\"target\":{\"@type\":\"EntryPoint\",\"urlTemplate\":\"https:\\\/\\\/www.tosunlux.eu\\\/ru\\\/?s={search_term_string}\"},\"query-input\":{\"@type\":\"PropertyValueSpecification\",\"valueRequired\":true,\"valueName\":\"search_term_string\"}}],\"inLanguage\":\"tr\"},{\"@type\":\"Organization\",\"@id\":\"https:\\\/\\\/www.tosunlux.eu\\\/ru\\\/#organization\",\"name\":\"TOSUNlux\",\"url\":\"https:\\\/\\\/www.tosunlux.eu\\\/ru\\\/\",\"logo\":{\"@type\":\"ImageObject\",\"inLanguage\":\"tr\",\"@id\":\"https:\\\/\\\/www.tosunlux.eu\\\/ru\\\/#\\\/schema\\\/logo\\\/image\\\/\",\"url\":\"https:\\\/\\\/www.tosunlux.eu\\\/wp-content\\\/uploads\\\/2022\\\/01\\\/LOGOSYSM.71762f1.png\",\"contentUrl\":\"https:\\\/\\\/www.tosunlux.eu\\\/wp-content\\\/uploads\\\/2022\\\/01\\\/LOGOSYSM.71762f1.png\",\"width\":153,\"height\":55,\"caption\":\"TOSUNlux\"},\"image\":{\"@id\":\"https:\\\/\\\/www.tosunlux.eu\\\/ru\\\/#\\\/schema\\\/logo\\\/image\\\/\"},\"sameAs\":[\"https:\\\/\\\/www.facebook.com\\\/TOSUNelectric\\\/\",\"https:\\\/\\\/www.linkedin.com\\\/company\\\/wenzhou-tosun-electric-co.-ltd\\\/\"]}]}<\/script>\n<!-- \/ Yoast SEO plugin. -->","yoast_head_json":{"title":"WholesaleTimer THC-822 - TOSUNlux Resmi Sitesi - \u00c7in&#039;de Elektrik Sigortas\u0131 \u00dcreticisi ve D\u00fc\u015f\u00fck Voltajl\u0131 Elektrik Tedarik\u00e7isi | TOSUNlux","description":"Timer THC-822 Tedarik\u00e7isi - 1994&#039;ten beri g\u00fcvenilir bir \u00fcretici olan TOSUNlux&#039;tan do\u011frudan toptan sat\u0131\u015f. Sertifikal\u0131 D\u00fc\u015f\u00fck Gerilim elektrik \u00fcr\u00fcnlerimiz i\u00e7in B2B fabrika fiyat teklifinizi al\u0131n.","robots":{"index":"index","follow":"follow","max-snippet":"max-snippet:-1","max-image-preview":"max-image-preview:large","max-video-preview":"max-video-preview:-1"},"canonical":"https:\/\/www.tosunlux.eu\/tr\/products\/timer-thc-822\/","og_locale":"tr_TR","og_type":"article","og_title":"WholesaleTimer THC-822 - TOSUNlux Official Site - Electrical Circuit Breaker Manufacturer in China Low Voltage Electrical Supplier | TOSUNlux","og_description":"Timer THC-822 Supplier - Wholesale direct from TOSUNlux, a trusted manufacturer since 1994. Get your B2B factory quote on our certified Low Voltage electrical products.","og_url":"https:\/\/www.tosunlux.eu\/tr\/products\/timer-thc-822\/","og_site_name":"TOSUNlux Official Site - Electrical Circuit Breaker Manufacturer in China","article_publisher":"https:\/\/www.facebook.com\/TOSUNelectric\/","article_modified_time":"2023-09-23T08:34:01+00:00","og_image":[{"url":"https:\/\/www.tosunlux.eu\/wp-content\/uploads\/2023\/09\/Industrial-Control-1-1.jpg","type":"","width":"","height":""}],"twitter_card":"summary_large_image","twitter_misc":{"Tahmini okuma s\u00fcresi":"1 dakika"},"schema":{"@context":"https:\/\/schema.org","@graph":[{"@type":"WebPage","@id":"https:\/\/www.tosunlux.eu\/products\/timer-thc-822\/","url":"https:\/\/www.tosunlux.eu\/products\/timer-thc-822\/","name":"WholesaleTimer THC-822 - TOSUNlux Resmi Sitesi - \u00c7in&#039;de Elektrik Sigortas\u0131 \u00dcreticisi ve D\u00fc\u015f\u00fck Voltajl\u0131 Elektrik Tedarik\u00e7isi | TOSUNlux","isPartOf":{"@id":"https:\/\/www.tosunlux.eu\/ru\/#website"},"primaryImageOfPage":{"@id":"https:\/\/www.tosunlux.eu\/products\/timer-thc-822\/#primaryimage"},"image":{"@id":"https:\/\/www.tosunlux.eu\/products\/timer-thc-822\/#primaryimage"},"thumbnailUrl":"https:\/\/www.tosunlux.eu\/wp-content\/uploads\/2023\/09\/Industrial-Control-1-1.jpg","datePublished":"2023-09-23T08:12:13+00:00","dateModified":"2023-09-23T08:34:01+00:00","description":"Timer THC-822 Tedarik\u00e7isi - 1994&#039;ten beri g\u00fcvenilir bir \u00fcretici olan TOSUNlux&#039;tan do\u011frudan toptan sat\u0131\u015f. Sertifikal\u0131 D\u00fc\u015f\u00fck Gerilim elektrik \u00fcr\u00fcnlerimiz i\u00e7in B2B fabrika fiyat teklifinizi al\u0131n.","breadcrumb":{"@id":"https:\/\/www.tosunlux.eu\/products\/timer-thc-822\/#breadcrumb"},"inLanguage":"tr","potentialAction":[{"@type":"ReadAction","target":["https:\/\/www.tosunlux.eu\/products\/timer-thc-822\/"]}]},{"@type":"ImageObject","inLanguage":"tr","@id":"https:\/\/www.tosunlux.eu\/products\/timer-thc-822\/#primaryimage","url":"https:\/\/www.tosunlux.eu\/wp-content\/uploads\/2023\/09\/Industrial-Control-1-1.jpg","contentUrl":"https:\/\/www.tosunlux.eu\/wp-content\/uploads\/2023\/09\/Industrial-Control-1-1.jpg"},{"@type":"BreadcrumbList","@id":"https:\/\/www.tosunlux.eu\/products\/timer-thc-822\/#breadcrumb","itemListElement":[{"@type":"ListItem","position":1,"name":"Home","item":"https:\/\/www.tosunlux.eu\/ru\/"},{"@type":"ListItem","position":2,"name":"Products","item":"https:\/\/www.tosunlux.eu\/products\/"},{"@type":"ListItem","position":3,"name":"Timer THC-822"}]},{"@type":"WebSite","@id":"https:\/\/www.tosunlux.eu\/ru\/#website","url":"https:\/\/www.tosunlux.eu\/ru\/","name":"TOSUNlux Resmi Sitesi - \u00c7in&#039;de Elektrik Sigortas\u0131 \u00dcreticisi","description":"G\u00fc\u00e7 Da\u011f\u0131t\u0131m Sistemi Tedarik\u00e7isi","publisher":{"@id":"https:\/\/www.tosunlux.eu\/ru\/#organization"},"alternateName":"TOSUNlux","potentialAction":[{"@type":"SearchAction","target":{"@type":"EntryPoint","urlTemplate":"https:\/\/www.tosunlux.eu\/ru\/?s={search_term_string}"},"query-input":{"@type":"PropertyValueSpecification","valueRequired":true,"valueName":"search_term_string"}}],"inLanguage":"tr"},{"@type":"Organization","@id":"https:\/\/www.tosunlux.eu\/ru\/#organization","name":"TOSUNlux","url":"https:\/\/www.tosunlux.eu\/ru\/","logo":{"@type":"ImageObject","inLanguage":"tr","@id":"https:\/\/www.tosunlux.eu\/ru\/#\/schema\/logo\/image\/","url":"https:\/\/www.tosunlux.eu\/wp-content\/uploads\/2022\/01\/LOGOSYSM.71762f1.png","contentUrl":"https:\/\/www.tosunlux.eu\/wp-content\/uploads\/2022\/01\/LOGOSYSM.71762f1.png","width":153,"height":55,"caption":"TOSUNlux"},"image":{"@id":"https:\/\/www.tosunlux.eu\/ru\/#\/schema\/logo\/image\/"},"sameAs":["https:\/\/www.facebook.com\/TOSUNelectric\/","https:\/\/www.linkedin.com\/company\/wenzhou-tosun-electric-co.-ltd\/"]}]}},"_links":{"self":[{"href":"https:\/\/www.tosunlux.eu\/tr\/wp-json\/wp\/v2\/product\/8160","targetHints":{"allow":["GET"]}}],"collection":[{"href":"https:\/\/www.tosunlux.eu\/tr\/wp-json\/wp\/v2\/product"}],"about":[{"href":"https:\/\/www.tosunlux.eu\/tr\/wp-json\/wp\/v2\/types\/product"}],"version-history":[{"count":4,"href":"https:\/\/www.tosunlux.eu\/tr\/wp-json\/wp\/v2\/product\/8160\/revisions"}],"predecessor-version":[{"id":8179,"href":"https:\/\/www.tosunlux.eu\/tr\/wp-json\/wp\/v2\/product\/8160\/revisions\/8179"}],"wp:attachment":[{"href":"https:\/\/www.tosunlux.eu\/tr\/wp-json\/wp\/v2\/media?parent=8160"}],"wp:term":[{"taxonomy":"product_category","embeddable":true,"href":"https:\/\/www.tosunlux.eu\/tr\/wp-json\/wp\/v2\/product_category?post=8160"}],"curies":[{"name":"wp","href":"https:\/\/api.w.org\/{rel}","templated":true}]}}