{"id":8172,"date":"2023-09-23T16:30:06","date_gmt":"2023-09-23T08:30:06","guid":{"rendered":"https:\/\/www.tosunlux.eu\/?post_type=product&#038;p=8172"},"modified":"2023-09-23T16:34:46","modified_gmt":"2023-09-23T08:34:46","slug":"light-control-timer-thc-18n","status":"publish","type":"product","link":"https:\/\/www.tosunlux.eu\/tr\/products\/light-control-timer-thc-18n\/","title":{"rendered":"I\u015f\u0131k Kontrol Zamanlay\u0131c\u0131s\u0131 THC-18N"},"content":{"rendered":"<p><\/p>\n\n\n\n<p><\/p>\n\n\n<h4>&nbsp;<\/h4>\n<h4>\u015eartname<\/h4>\n<table style=\"border-collapse: collapse; width: 622px; height: 334px;\" border=\"0\" width=\"474\" cellspacing=\"0\" cellpadding=\"0\">\n<tbody>\n<tr style=\"height: 15.00pt;\">\n<td class=\"et2\" style=\"height: 15pt; width: 100pt; text-align: center;\" width=\"133\" height=\"20\"><span class=\"font2\">\u00d6rnek<\/span><\/td>\n<td class=\"et3\" style=\"width: 256pt; text-align: center;\" width=\"341\"><span class=\"font2\">THC-18N<\/span><\/td>\n<\/tr>\n<tr style=\"height: 12.00pt;\">\n<td class=\"et2\" style=\"height: 12pt; width: 100pt; text-align: center;\" width=\"133\" height=\"16\"><span class=\"font2\">Yard\u0131mc\u0131 G\u00fc\u00e7 Kayna\u011f\u0131<\/span><\/td>\n<td class=\"et3\" style=\"width: 256pt; text-align: center;\" width=\"341\"><span class=\"font2\">AC220-240V 50\/60Hz<\/span><\/td>\n<\/tr>\n<tr style=\"height: 12.00pt;\">\n<td class=\"et2\" style=\"height: 12pt; width: 100pt; text-align: center;\" width=\"133\" height=\"16\"><span class=\"font2\">Anahtarlama Temas\u0131<\/span><\/td>\n<td class=\"et3\" style=\"width: 256pt; text-align: center;\" width=\"341\"><span class=\"font2\">16A, 20A, 25A 250VAC<\/span><\/td>\n<\/tr>\n<tr style=\"height: 12.00pt;\">\n<td class=\"et2\" style=\"height: 12pt; width: 100pt; text-align: center;\" width=\"133\" height=\"16\"><span class=\"font2\">Ayar Aral\u0131\u011f\u0131 Zaman\u0131<\/span><\/td>\n<td class=\"et3\" style=\"width: 256pt; text-align: center;\" width=\"341\"><span class=\"font2\">30s-20dk<\/span><\/td>\n<\/tr>\n<tr style=\"height: 12.00pt;\">\n<td class=\"et2\" style=\"height: 12pt; width: 100pt; text-align: center;\" width=\"133\" height=\"16\"><span class=\"font2\">\u0130kincil Anahtarlama<\/span><\/td>\n<td class=\"et3\" style=\"width: 256pt; text-align: center;\" width=\"341\"><span class=\"font2\">Hemen<\/span><\/td>\n<\/tr>\n<tr style=\"height: 22.75pt;\">\n<td class=\"et4\" style=\"height: 22.75pt; width: 100pt; text-align: center;\" width=\"133\" height=\"30\"><span class=\"font2\">Kal\u0131c\u0131 I\u015f\u0131k \u0130\u00e7in Anahtar<\/span><\/td>\n<td class=\"et3\" style=\"width: 256pt; text-align: center;\" width=\"341\"><span class=\"font2\">Ge\u00e7i\u015f anahtar\u0131<\/span><\/td>\n<\/tr>\n<tr style=\"height: 12.00pt;\">\n<td class=\"et2\" style=\"height: 12pt; width: 100pt; text-align: center;\" width=\"133\" height=\"16\"><span class=\"font2\">Bekleme T\u00fcketimi<\/span><\/td>\n<td class=\"et3\" style=\"width: 256pt; text-align: center;\" width=\"341\"><span class=\"font2\">5VA<\/span><\/td>\n<\/tr>\n<tr style=\"height: 12.00pt;\">\n<td class=\"et2\" style=\"height: 12pt; width: 100pt; text-align: center;\" width=\"133\" height=\"16\"><span class=\"font2\">Terminal Kablolar\u0131<\/span><\/td>\n<td class=\"et3\" style=\"width: 256pt; text-align: center;\" width=\"341\"><span class=\"font2\">2\u00d72,5 mm<\/span><\/td>\n<\/tr>\n<tr style=\"height: 12.00pt;\">\n<td class=\"et2\" style=\"height: 12pt; width: 100pt; text-align: center;\" width=\"133\" height=\"16\"><span class=\"font2\">Koruma Derecesi<\/span><\/td>\n<td class=\"et3\" style=\"width: 256pt; text-align: center;\" width=\"341\"><span class=\"font2\">IEC\/EN60529&#039;a g\u00f6re IP20<\/span><\/td>\n<\/tr>\n<\/tbody>\n<\/table>\n<p><\/p>\n<h4>Boyut<\/h4>\n<p><\/p>\n\n\n<figure class=\"wp-block-image size-full\"><img fetchpriority=\"high\" decoding=\"async\" width=\"819\" height=\"414\" src=\"https:\/\/www.tosunlux.eu\/wp-content\/uploads\/2023\/09\/Industrial-Control-1-3.jpg\" alt=\"\" class=\"wp-image-8175\" srcset=\"https:\/\/www.tosunlux.eu\/wp-content\/uploads\/2023\/09\/Industrial-Control-1-3.jpg 819w, https:\/\/www.tosunlux.eu\/wp-content\/uploads\/2023\/09\/Industrial-Control-1-3-300x152.jpg 300w, https:\/\/www.tosunlux.eu\/wp-content\/uploads\/2023\/09\/Industrial-Control-1-3-768x388.jpg 768w, https:\/\/www.tosunlux.eu\/wp-content\/uploads\/2023\/09\/Industrial-Control-1-3-18x9.jpg 18w\" sizes=\"(max-width: 819px) 100vw, 819px\" \/><\/figure>","protected":false},"parent":0,"template":"","product_category":[35,92],"class_list":["post-8172","product","type-product","status-publish","hentry","product_category-industrial-control-devices","product_category-timer-relay"],"yoast_head":"<!-- This site is optimized with the Yoast SEO plugin v27.3 - https:\/\/yoast.com\/product\/yoast-seo-wordpress\/ -->\n<title>WholesaleLight Control Timer THC-18N - TOSUNlux Official Site - Electrical Circuit Breaker Manufacturer in China Low Voltage Electrical Supplier | TOSUNlux<\/title>\n<meta name=\"description\" content=\"Light Control Timer THC-18N Supplier - Wholesale direct from TOSUNlux, a trusted manufacturer since 1994. Get your B2B factory quote on our certified Low Voltage electrical products.\" \/>\n<meta name=\"robots\" content=\"index, follow, max-snippet:-1, max-image-preview:large, max-video-preview:-1\" \/>\n<link rel=\"canonical\" href=\"https:\/\/www.tosunlux.eu\/tr\/products\/light-control-timer-thc-18n\/\" \/>\n<meta property=\"og:locale\" content=\"tr_TR\" \/>\n<meta property=\"og:type\" content=\"article\" \/>\n<meta property=\"og:title\" content=\"WholesaleLight Control Timer THC-18N - TOSUNlux Official Site - Electrical Circuit Breaker Manufacturer in China Low Voltage Electrical Supplier | TOSUNlux\" \/>\n<meta property=\"og:description\" content=\"Light Control Timer THC-18N Supplier - Wholesale direct from TOSUNlux, a trusted manufacturer since 1994. Get your B2B factory quote on our certified Low Voltage electrical products.\" \/>\n<meta property=\"og:url\" content=\"https:\/\/www.tosunlux.eu\/tr\/products\/light-control-timer-thc-18n\/\" \/>\n<meta property=\"og:site_name\" content=\"TOSUNlux Official Site - Electrical Circuit Breaker Manufacturer in China\" \/>\n<meta property=\"article:publisher\" content=\"https:\/\/www.facebook.com\/TOSUNelectric\/\" \/>\n<meta property=\"article:modified_time\" content=\"2023-09-23T08:34:46+00:00\" \/>\n<meta property=\"og:image\" content=\"https:\/\/www.tosunlux.eu\/wp-content\/uploads\/2023\/09\/Industrial-Control-1-3.jpg\" \/>\n<meta name=\"twitter:card\" content=\"summary_large_image\" \/>\n<meta name=\"twitter:label1\" content=\"Tahmini okuma s\u00fcresi\" \/>\n\t<meta name=\"twitter:data1\" content=\"1 dakika\" \/>\n<script type=\"application\/ld+json\" class=\"yoast-schema-graph\">{\"@context\":\"https:\\\/\\\/schema.org\",\"@graph\":[{\"@type\":\"WebPage\",\"@id\":\"https:\\\/\\\/www.tosunlux.eu\\\/hy\\\/products\\\/light-control-timer-thc-18n\\\/\",\"url\":\"https:\\\/\\\/www.tosunlux.eu\\\/hy\\\/products\\\/light-control-timer-thc-18n\\\/\",\"name\":\"WholesaleLight Control Timer THC-18N - TOSUNlux Official Site - Electrical Circuit Breaker Manufacturer in China Low Voltage Electrical Supplier | TOSUNlux\",\"isPartOf\":{\"@id\":\"https:\\\/\\\/www.tosunlux.eu\\\/ru\\\/#website\"},\"primaryImageOfPage\":{\"@id\":\"https:\\\/\\\/www.tosunlux.eu\\\/hy\\\/products\\\/light-control-timer-thc-18n\\\/#primaryimage\"},\"image\":{\"@id\":\"https:\\\/\\\/www.tosunlux.eu\\\/hy\\\/products\\\/light-control-timer-thc-18n\\\/#primaryimage\"},\"thumbnailUrl\":\"https:\\\/\\\/www.tosunlux.eu\\\/wp-content\\\/uploads\\\/2023\\\/09\\\/Industrial-Control-1-3.jpg\",\"datePublished\":\"2023-09-23T08:30:06+00:00\",\"dateModified\":\"2023-09-23T08:34:46+00:00\",\"description\":\"Light Control Timer THC-18N Supplier - Wholesale direct from TOSUNlux, a trusted manufacturer since 1994. Get your B2B factory quote on our certified Low Voltage electrical products.\",\"breadcrumb\":{\"@id\":\"https:\\\/\\\/www.tosunlux.eu\\\/hy\\\/products\\\/light-control-timer-thc-18n\\\/#breadcrumb\"},\"inLanguage\":\"tr\",\"potentialAction\":[{\"@type\":\"ReadAction\",\"target\":[\"https:\\\/\\\/www.tosunlux.eu\\\/hy\\\/products\\\/light-control-timer-thc-18n\\\/\"]}]},{\"@type\":\"ImageObject\",\"inLanguage\":\"tr\",\"@id\":\"https:\\\/\\\/www.tosunlux.eu\\\/hy\\\/products\\\/light-control-timer-thc-18n\\\/#primaryimage\",\"url\":\"https:\\\/\\\/www.tosunlux.eu\\\/wp-content\\\/uploads\\\/2023\\\/09\\\/Industrial-Control-1-3.jpg\",\"contentUrl\":\"https:\\\/\\\/www.tosunlux.eu\\\/wp-content\\\/uploads\\\/2023\\\/09\\\/Industrial-Control-1-3.jpg\"},{\"@type\":\"BreadcrumbList\",\"@id\":\"https:\\\/\\\/www.tosunlux.eu\\\/hy\\\/products\\\/light-control-timer-thc-18n\\\/#breadcrumb\",\"itemListElement\":[{\"@type\":\"ListItem\",\"position\":1,\"name\":\"Home\",\"item\":\"https:\\\/\\\/www.tosunlux.eu\\\/ru\\\/\"},{\"@type\":\"ListItem\",\"position\":2,\"name\":\"Products\",\"item\":\"https:\\\/\\\/www.tosunlux.eu\\\/products\\\/\"},{\"@type\":\"ListItem\",\"position\":3,\"name\":\"Light Control Timer THC-18N\"}]},{\"@type\":\"WebSite\",\"@id\":\"https:\\\/\\\/www.tosunlux.eu\\\/ru\\\/#website\",\"url\":\"https:\\\/\\\/www.tosunlux.eu\\\/ru\\\/\",\"name\":\"TOSUNlux Official Site - Electrical Circuit Breaker Manufacturer in China\",\"description\":\"Power Distribution System Supplier\",\"publisher\":{\"@id\":\"https:\\\/\\\/www.tosunlux.eu\\\/ru\\\/#organization\"},\"alternateName\":\"TOSUNlux\",\"potentialAction\":[{\"@type\":\"SearchAction\",\"target\":{\"@type\":\"EntryPoint\",\"urlTemplate\":\"https:\\\/\\\/www.tosunlux.eu\\\/ru\\\/?s={search_term_string}\"},\"query-input\":{\"@type\":\"PropertyValueSpecification\",\"valueRequired\":true,\"valueName\":\"search_term_string\"}}],\"inLanguage\":\"tr\"},{\"@type\":\"Organization\",\"@id\":\"https:\\\/\\\/www.tosunlux.eu\\\/ru\\\/#organization\",\"name\":\"TOSUNlux\",\"url\":\"https:\\\/\\\/www.tosunlux.eu\\\/ru\\\/\",\"logo\":{\"@type\":\"ImageObject\",\"inLanguage\":\"tr\",\"@id\":\"https:\\\/\\\/www.tosunlux.eu\\\/ru\\\/#\\\/schema\\\/logo\\\/image\\\/\",\"url\":\"https:\\\/\\\/www.tosunlux.eu\\\/wp-content\\\/uploads\\\/2022\\\/01\\\/LOGOSYSM.71762f1.png\",\"contentUrl\":\"https:\\\/\\\/www.tosunlux.eu\\\/wp-content\\\/uploads\\\/2022\\\/01\\\/LOGOSYSM.71762f1.png\",\"width\":153,\"height\":55,\"caption\":\"TOSUNlux\"},\"image\":{\"@id\":\"https:\\\/\\\/www.tosunlux.eu\\\/ru\\\/#\\\/schema\\\/logo\\\/image\\\/\"},\"sameAs\":[\"https:\\\/\\\/www.facebook.com\\\/TOSUNelectric\\\/\",\"https:\\\/\\\/www.linkedin.com\\\/company\\\/wenzhou-tosun-electric-co.-ltd\\\/\"]}]}<\/script>\n<!-- \/ Yoast SEO plugin. -->","yoast_head_json":{"title":"Toptan I\u015f\u0131k Kontrol Zamanlay\u0131c\u0131s\u0131 THC-18N - TOSUNlux Resmi Sitesi - \u00c7in&#039;de Elektrik Sigortas\u0131 \u00dcreticisi ve D\u00fc\u015f\u00fck Voltajl\u0131 Elektrik Tedarik\u00e7isi | TOSUNlux","description":"I\u015f\u0131k Kontrol Zamanlay\u0131c\u0131s\u0131 THC-18N Tedarik\u00e7isi - 1994&#039;ten beri g\u00fcvenilir bir \u00fcretici olan TOSUNlux&#039;tan do\u011frudan toptan sat\u0131\u015f. Sertifikal\u0131 D\u00fc\u015f\u00fck Gerilim elektrik \u00fcr\u00fcnlerimiz i\u00e7in B2B fabrika fiyat teklifinizi al\u0131n.","robots":{"index":"index","follow":"follow","max-snippet":"max-snippet:-1","max-image-preview":"max-image-preview:large","max-video-preview":"max-video-preview:-1"},"canonical":"https:\/\/www.tosunlux.eu\/tr\/products\/light-control-timer-thc-18n\/","og_locale":"tr_TR","og_type":"article","og_title":"WholesaleLight Control Timer THC-18N - TOSUNlux Official Site - Electrical Circuit Breaker Manufacturer in China Low Voltage Electrical Supplier | TOSUNlux","og_description":"Light Control Timer THC-18N Supplier - Wholesale direct from TOSUNlux, a trusted manufacturer since 1994. Get your B2B factory quote on our certified Low Voltage electrical products.","og_url":"https:\/\/www.tosunlux.eu\/tr\/products\/light-control-timer-thc-18n\/","og_site_name":"TOSUNlux Official Site - Electrical Circuit Breaker Manufacturer in China","article_publisher":"https:\/\/www.facebook.com\/TOSUNelectric\/","article_modified_time":"2023-09-23T08:34:46+00:00","og_image":[{"url":"https:\/\/www.tosunlux.eu\/wp-content\/uploads\/2023\/09\/Industrial-Control-1-3.jpg","type":"","width":"","height":""}],"twitter_card":"summary_large_image","twitter_misc":{"Tahmini okuma s\u00fcresi":"1 dakika"},"schema":{"@context":"https:\/\/schema.org","@graph":[{"@type":"WebPage","@id":"https:\/\/www.tosunlux.eu\/hy\/products\/light-control-timer-thc-18n\/","url":"https:\/\/www.tosunlux.eu\/hy\/products\/light-control-timer-thc-18n\/","name":"Toptan I\u015f\u0131k Kontrol Zamanlay\u0131c\u0131s\u0131 THC-18N - TOSUNlux Resmi Sitesi - \u00c7in&#039;de Elektrik Sigortas\u0131 \u00dcreticisi ve D\u00fc\u015f\u00fck Voltajl\u0131 Elektrik Tedarik\u00e7isi | TOSUNlux","isPartOf":{"@id":"https:\/\/www.tosunlux.eu\/ru\/#website"},"primaryImageOfPage":{"@id":"https:\/\/www.tosunlux.eu\/hy\/products\/light-control-timer-thc-18n\/#primaryimage"},"image":{"@id":"https:\/\/www.tosunlux.eu\/hy\/products\/light-control-timer-thc-18n\/#primaryimage"},"thumbnailUrl":"https:\/\/www.tosunlux.eu\/wp-content\/uploads\/2023\/09\/Industrial-Control-1-3.jpg","datePublished":"2023-09-23T08:30:06+00:00","dateModified":"2023-09-23T08:34:46+00:00","description":"I\u015f\u0131k Kontrol Zamanlay\u0131c\u0131s\u0131 THC-18N Tedarik\u00e7isi - 1994&#039;ten beri g\u00fcvenilir bir \u00fcretici olan TOSUNlux&#039;tan do\u011frudan toptan sat\u0131\u015f. Sertifikal\u0131 D\u00fc\u015f\u00fck Gerilim elektrik \u00fcr\u00fcnlerimiz i\u00e7in B2B fabrika fiyat teklifinizi al\u0131n.","breadcrumb":{"@id":"https:\/\/www.tosunlux.eu\/hy\/products\/light-control-timer-thc-18n\/#breadcrumb"},"inLanguage":"tr","potentialAction":[{"@type":"ReadAction","target":["https:\/\/www.tosunlux.eu\/hy\/products\/light-control-timer-thc-18n\/"]}]},{"@type":"ImageObject","inLanguage":"tr","@id":"https:\/\/www.tosunlux.eu\/hy\/products\/light-control-timer-thc-18n\/#primaryimage","url":"https:\/\/www.tosunlux.eu\/wp-content\/uploads\/2023\/09\/Industrial-Control-1-3.jpg","contentUrl":"https:\/\/www.tosunlux.eu\/wp-content\/uploads\/2023\/09\/Industrial-Control-1-3.jpg"},{"@type":"BreadcrumbList","@id":"https:\/\/www.tosunlux.eu\/hy\/products\/light-control-timer-thc-18n\/#breadcrumb","itemListElement":[{"@type":"ListItem","position":1,"name":"Home","item":"https:\/\/www.tosunlux.eu\/ru\/"},{"@type":"ListItem","position":2,"name":"Products","item":"https:\/\/www.tosunlux.eu\/products\/"},{"@type":"ListItem","position":3,"name":"Light Control Timer THC-18N"}]},{"@type":"WebSite","@id":"https:\/\/www.tosunlux.eu\/ru\/#website","url":"https:\/\/www.tosunlux.eu\/ru\/","name":"TOSUNlux Resmi Sitesi - \u00c7in&#039;de Elektrik Sigortas\u0131 \u00dcreticisi","description":"G\u00fc\u00e7 Da\u011f\u0131t\u0131m Sistemi Tedarik\u00e7isi","publisher":{"@id":"https:\/\/www.tosunlux.eu\/ru\/#organization"},"alternateName":"TOSUNlux","potentialAction":[{"@type":"SearchAction","target":{"@type":"EntryPoint","urlTemplate":"https:\/\/www.tosunlux.eu\/ru\/?s={search_term_string}"},"query-input":{"@type":"PropertyValueSpecification","valueRequired":true,"valueName":"search_term_string"}}],"inLanguage":"tr"},{"@type":"Organization","@id":"https:\/\/www.tosunlux.eu\/ru\/#organization","name":"TOSUNlux","url":"https:\/\/www.tosunlux.eu\/ru\/","logo":{"@type":"ImageObject","inLanguage":"tr","@id":"https:\/\/www.tosunlux.eu\/ru\/#\/schema\/logo\/image\/","url":"https:\/\/www.tosunlux.eu\/wp-content\/uploads\/2022\/01\/LOGOSYSM.71762f1.png","contentUrl":"https:\/\/www.tosunlux.eu\/wp-content\/uploads\/2022\/01\/LOGOSYSM.71762f1.png","width":153,"height":55,"caption":"TOSUNlux"},"image":{"@id":"https:\/\/www.tosunlux.eu\/ru\/#\/schema\/logo\/image\/"},"sameAs":["https:\/\/www.facebook.com\/TOSUNelectric\/","https:\/\/www.linkedin.com\/company\/wenzhou-tosun-electric-co.-ltd\/"]}]}},"_links":{"self":[{"href":"https:\/\/www.tosunlux.eu\/tr\/wp-json\/wp\/v2\/product\/8172","targetHints":{"allow":["GET"]}}],"collection":[{"href":"https:\/\/www.tosunlux.eu\/tr\/wp-json\/wp\/v2\/product"}],"about":[{"href":"https:\/\/www.tosunlux.eu\/tr\/wp-json\/wp\/v2\/types\/product"}],"version-history":[{"count":2,"href":"https:\/\/www.tosunlux.eu\/tr\/wp-json\/wp\/v2\/product\/8172\/revisions"}],"predecessor-version":[{"id":8181,"href":"https:\/\/www.tosunlux.eu\/tr\/wp-json\/wp\/v2\/product\/8172\/revisions\/8181"}],"wp:attachment":[{"href":"https:\/\/www.tosunlux.eu\/tr\/wp-json\/wp\/v2\/media?parent=8172"}],"wp:term":[{"taxonomy":"product_category","embeddable":true,"href":"https:\/\/www.tosunlux.eu\/tr\/wp-json\/wp\/v2\/product_category?post=8172"}],"curies":[{"name":"wp","href":"https:\/\/api.w.org\/{rel}","templated":true}]}}