{"id":5042,"date":"2022-09-12T15:19:28","date_gmt":"2022-09-12T07:19:28","guid":{"rendered":"https:\/\/www.tosunlux.eu\/?post_type=product&#038;p=5042"},"modified":"2022-09-12T15:26:52","modified_gmt":"2022-09-12T07:26:52","slug":"modular-energy-meter-2","status":"publish","type":"product","link":"https:\/\/www.tosunlux.eu\/uk\/products\/modular-energy-meter-2\/","title":{"rendered":"\u041c\u043e\u0434\u0443\u043b\u044c\u043d\u0438\u0439 \u043b\u0456\u0447\u0438\u043b\u044c\u043d\u0438\u043a \u0435\u043d\u0435\u0440\u0433\u0456\u0457 DM100SC\/DM100TC"},"content":{"rendered":"<p><strong>\u0437\u0430\u0441\u0442\u043e\u0441\u0443\u0432\u0430\u043d\u043d\u044f<\/strong><\/p>\n\n\n\n<p>DM100SC \u041c\u043e\u0434\u0443\u043b\u044c\u043d\u0438\u0439 \u043b\u0456\u0447\u0438\u043b\u044c\u043d\u0438\u043a \u0435\u043d\u0435\u0440\u0433\u0456\u0457 DM100TC \u0440\u043e\u0437\u0440\u043e\u0431\u043b\u0435\u043d\u043e \u0437 \u0432\u0438\u043a\u043e\u0440\u0438\u0441\u0442\u0430\u043d\u043d\u044f\u043c \u043c\u0456\u043a\u0440\u043e\u0435\u043b\u0435\u043a\u0442\u0440\u043e\u043d\u0456\u043a\u0438 \u0442\u0430 \u0446\u0438\u0444\u0440\u043e\u0432\u043e\u0457 \u043e\u0431\u0440\u043e\u0431\u043a\u0438 \u0434\u043b\u044f \u0437\u0430\u0431\u0435\u0437\u043f\u0435\u0447\u0435\u043d\u043d\u044f \u043d\u0430\u0434\u0456\u0439\u043d\u043e\u0433\u043e \u0442\u0430 \u0442\u043e\u0447\u043d\u043e\u0433\u043e \u0432\u0438\u043c\u0456\u0440\u044e\u0432\u0430\u043d\u043d\u044f. \u0423 \u043f\u0440\u043e\u0434\u0443\u043a\u0442\u0456 \u0437\u0430\u0441\u0442\u043e\u0441\u043e\u0432\u0430\u043d\u043e \u0442\u0435\u0445\u043d\u043e\u043b\u043e\u0433\u0456\u044e SMT \u0437 \u0432\u0438\u0441\u043e\u043a\u043e\u044e \u0442\u043e\u0447\u043d\u0456\u0441\u0442\u044e \u0434\u043b\u044f \u0437\u0430\u0431\u0435\u0437\u043f\u0435\u0447\u0435\u043d\u043d\u044f \u0432\u0438\u0441\u043e\u043a\u043e\u0457 \u0441\u0442\u0456\u0439\u043a\u043e\u0441\u0442\u0456 \u0434\u043e \u0435\u043b\u0435\u043a\u0442\u0440\u043e\u043c\u0430\u0433\u043d\u0456\u0442\u043d\u0438\u0445 \u043f\u0435\u0440\u0435\u0448\u043a\u043e\u0434 \u0456 \u0441\u0442\u0430\u0431\u0456\u043b\u044c\u043d\u043e\u0457 \u0440\u043e\u0431\u043e\u0442\u0438. \u041f\u0440\u043e\u0434\u0443\u043a\u0442 \u0432\u0438\u043c\u0456\u0440\u044e\u0454 \u043f\u043e\u0437\u0438\u0442\u0438\u0432\u043d\u0443 \u0430\u043a\u0442\u0438\u0432\u043d\u0443 \u0435\u043d\u0435\u0440\u0433\u0456\u044e \u043f\u0456\u0434 \u0447\u0430\u0441 \u0432\u0438\u043c\u0456\u0440\u044e\u0432\u0430\u043d\u043d\u044f \u0435\u043b\u0435\u043a\u0442\u0440\u0438\u0447\u043d\u043e\u0457 \u0435\u043d\u0435\u0440\u0433\u0456\u0457 \u0442\u0430 \u0447\u0456\u0442\u043a\u043e \u0432\u0456\u0434\u043e\u0431\u0440\u0430\u0436\u0430\u0454\u0442\u044c\u0441\u044f \u043d\u0430 \u0420\u041a-\u0435\u043a\u0440\u0430\u043d\u0456 \u0437 \u043f\u0456\u0434\u0441\u0432\u0456\u0447\u0443\u0432\u0430\u043d\u043d\u044f\u043c. \u041f\u0440\u043e\u0434\u0443\u043a\u0442 \u0432\u0456\u0434\u043f\u043e\u0432\u0456\u0434\u0430\u0454 IEC62053-21.<\/p>\n\n\n\n<p><strong>\u0421\u043f\u0435\u0446\u0438\u0444\u0456\u043a\u0430\u0446\u0456\u044f<\/strong><\/p>\n\n\n<table width=\"973\">\n<tbody>\n<tr>\n<td style=\"text-align: center;\" colspan=\"2\" width=\"413\">\u041c\u043e\u0434\u0435\u043b\u044c<\/td>\n<td style=\"text-align: center;\" width=\"258\">\u00a0DM100SC\u00a0<\/td>\n<td style=\"text-align: center;\" width=\"301\">DM100TC<\/td>\n<\/tr>\n<tr>\n<td rowspan=\"3\" width=\"171\">\u041d\u0430\u043f\u0440\u0443\u0433\u0430<\/td>\n<td width=\"242\">\u041e\u0446\u0456\u043d\u0435\u043d\u0438\u0439<\/td>\n<td width=\"258\">110\/120\/220\/230\/240 \u0412 50\/60 \u0413\u0446<\/td>\n<td width=\"301\">3\u00d757,7\/100\u0412, 3\u00d7220\/380\u0412 3\u00d7230\u0412\/400\u0412, 3\u00d7240\/415\u0412<\/td>\n<\/tr>\n<tr>\n<td width=\"242\">\u0414\u0456\u0430\u043f\u0430\u0437\u043e\u043d<\/td>\n<td colspan=\"2\" width=\"559\">0,9Un~1,1Un<\/td>\n<\/tr>\n<tr>\n<td width=\"242\">\u041b\u0456\u043c\u0456\u0442<\/td>\n<td colspan=\"2\" width=\"559\">0,8Un~1,2Un<\/td>\n<\/tr>\n<tr>\n<td width=\"171\">\u043f\u043e\u0442\u043e\u0447\u043d\u0438\u0439<\/td>\n<td width=\"242\">\u0414\u0456\u0430\u043f\u0430\u0437\u043e\u043d<\/td>\n<td width=\"258\">1,5(6), 5(30),10(50), 15(90),20(100),5(40), 5(100)\u0410<\/td>\n<td width=\"301\">3\u00d71,5(6), 3\u00d75(30), 3\u00d710(50), 3\u00d715(90), 3\u00d720(100), 3\u00d75(40), 3\u00d75(100)A<\/td>\n<\/tr>\n<tr>\n<td width=\"171\">\u0410\u043a\u0442\u0438\u0432\u043d\u0430 \u043f\u043e\u0441\u0442\u0456\u0439\u043d\u0430<\/td>\n<td width=\"242\">\u0410\u043a\u0442\u0438\u0432\u043d\u0438\u0439<\/td>\n<td width=\"258\">800 \u0456\u043c\u043f\/\u043a\u0412\u0442-\u0433\u043e\u0434 1600 \u0456\u043c\u043f\/\u043a\u0412\u0442-\u0433\u043e\u0434<\/td>\n<td width=\"301\">400 \u0456\u043c\u043f\/\u043a\u0412\u0442-\u0433\u043e\u0434, 800 \u0456\u043c\u043f\/\u043a\u0412\u0442-\u0433\u043e\u0434, 1600 \u0456\u043c\u043f\/\u043a\u0412\u0442-\u0433\u043e\u0434<\/td>\n<\/tr>\n<tr>\n<td width=\"171\">\u0414\u0438\u0441\u043f\u043b\u0435\u0439<\/td>\n<td width=\"242\">\u0422\u0438\u043f<\/td>\n<td colspan=\"2\" width=\"559\">\u0417\u0430\u0440\u0435\u0454\u0441\u0442\u0440\u0443\u0432\u0430\u0442\u0438 6+1\/LCD6+1<\/td>\n<\/tr>\n<tr>\n<td rowspan=\"2\" width=\"171\">\u0421\u043f\u043e\u0436\u0438\u0432\u0430\u043d\u0430 \u043f\u043e\u0442\u0443\u0436\u043d\u0456\u0441\u0442\u044c<\/td>\n<td width=\"242\">\u0421\u0445\u0435\u043c\u0430 \u043d\u0430\u043f\u0440\u0443\u0433\u0438<\/td>\n<td colspan=\"2\" width=\"559\">\u22640,8 \u0412\u0442, 10 \u0412\u0410<\/td>\n<\/tr>\n<tr>\n<td width=\"242\">\u0421\u0445\u0435\u043c\u0430 \u0441\u0442\u0440\u0443\u043c\u0443<\/td>\n<td colspan=\"2\" width=\"559\">\u22644 \u0412\u0410<\/td>\n<\/tr>\n<tr>\n<td rowspan=\"2\" width=\"171\">\u0441\u043f\u0456\u043b\u043a\u0443\u0432\u0430\u043d\u043d\u044f &quot;<\/td>\n<td width=\"242\">\u0406\u043d\u0442\u0435\u0440\u0444\u0435\u0439\u0441<\/td>\n<td colspan=\"2\" width=\"559\">\u041e\u043f\u0442\u0438\u0447\u043d\u0438\u0439 \/ \u0456\u043d\u0444\u0440\u0430\u0447\u0435\u0440\u0432\u043e\u043d\u0438\u0439 \/ RS8485 (\u0434\u043e\u0434\u0430\u0442\u043a\u043e\u0432\u043e)<\/td>\n<\/tr>\n<tr>\n<td width=\"242\">\u041f\u0440\u043e\u0442\u043e\u043a\u043e\u043b<\/td>\n<td colspan=\"2\" width=\"559\">MODBUS, DLT\/645, IEC1107<\/td>\n<\/tr>\n<tr>\n<td rowspan=\"2\" width=\"171\">\u0422\u0435\u043c\u043f\u0435\u0440\u0430\u0442\u0443\u0440\u0430<\/td>\n<td width=\"242\">\u0420\u043e\u0431\u043e\u0447\u0430 \u0442\u0435\u043c\u043f\u0435\u0440\u0430\u0442\u0443\u0440\u0430<\/td>\n<td colspan=\"2\" width=\"559\">-45\u00b0C~+55\u00b0C<\/td>\n<\/tr>\n<tr>\n<td width=\"242\">\u0422\u0435\u043c\u043f\u0435\u0440\u0430\u0442\u0443\u0440\u0430 \u0437\u0431\u0435\u0440\u0456\u0433\u0430\u043d\u043d\u044f<\/td>\n<td colspan=\"2\" width=\"559\">-40\u00b0C~+70\u00b0C<\/td>\n<\/tr>\n<\/tbody>\n<\/table>\n\n\n<p><strong>\u0420\u043e\u0437\u043c\u0456\u0440\u0438<\/strong><\/p>\n\n\n\n<figure class=\"wp-block-image size-large\"><img fetchpriority=\"high\" decoding=\"async\" width=\"1024\" height=\"874\" src=\"https:\/\/www.tosunlux.eu\/wp-content\/uploads\/2022\/09\/\u5c3a\u5bf8-2-1024x874.jpg\" alt=\"\" class=\"wp-image-5043\" srcset=\"https:\/\/www.tosunlux.eu\/wp-content\/uploads\/2022\/09\/\u5c3a\u5bf8-2-1024x874.jpg 1024w, https:\/\/www.tosunlux.eu\/wp-content\/uploads\/2022\/09\/\u5c3a\u5bf8-2-300x256.jpg 300w, https:\/\/www.tosunlux.eu\/wp-content\/uploads\/2022\/09\/\u5c3a\u5bf8-2-768x656.jpg 768w, https:\/\/www.tosunlux.eu\/wp-content\/uploads\/2022\/09\/\u5c3a\u5bf8-2.jpg 1026w\" sizes=\"(max-width: 1024px) 100vw, 1024px\" \/><\/figure>","protected":false},"parent":0,"template":"","product_category":[75,125],"class_list":["post-5042","product","type-product","status-publish","hentry","product_category-instruments","product_category-energy-meter"],"yoast_head":"<!-- This site is optimized with the Yoast SEO plugin v27.4 - https:\/\/yoast.com\/product\/yoast-seo-wordpress\/ -->\n<title>WholesaleDM100SC\/DM100TC Modular Energy Meter - TOSUNlux Official Site - Electrical Circuit Breaker Manufacturer in China Low Voltage Electrical Supplier | TOSUNlux<\/title>\n<meta name=\"description\" content=\"DM100SC\/DM100TC Modular Energy Meter Supplier - Wholesale direct from TOSUNlux, a trusted manufacturer since 1994. Get your B2B factory quote on our certified Low Voltage electrical products.\" \/>\n<meta name=\"robots\" content=\"index, follow, max-snippet:-1, max-image-preview:large, max-video-preview:-1\" \/>\n<link rel=\"canonical\" href=\"https:\/\/www.tosunlux.eu\/uk\/products\/modular-energy-meter-2\/\" \/>\n<meta property=\"og:locale\" content=\"uk_UA\" \/>\n<meta property=\"og:type\" content=\"article\" \/>\n<meta property=\"og:title\" content=\"WholesaleDM100SC\/DM100TC Modular Energy Meter - TOSUNlux Official Site - Electrical Circuit Breaker Manufacturer in China Low Voltage Electrical Supplier | TOSUNlux\" \/>\n<meta property=\"og:description\" content=\"DM100SC\/DM100TC Modular Energy Meter Supplier - Wholesale direct from TOSUNlux, a trusted manufacturer since 1994. Get your B2B factory quote on our certified Low Voltage electrical products.\" \/>\n<meta property=\"og:url\" content=\"https:\/\/www.tosunlux.eu\/uk\/products\/modular-energy-meter-2\/\" \/>\n<meta property=\"og:site_name\" content=\"TOSUNlux Official Site - Electrical Circuit Breaker Manufacturer in China\" \/>\n<meta property=\"article:publisher\" content=\"https:\/\/www.facebook.com\/TOSUNelectric\/\" \/>\n<meta property=\"article:modified_time\" content=\"2022-09-12T07:26:52+00:00\" \/>\n<meta property=\"og:image\" content=\"https:\/\/www.tosunlux.eu\/wp-content\/uploads\/2023\/04\/DSC08160_\u526f\u672c.jpg\" \/>\n\t<meta property=\"og:image:width\" content=\"1500\" \/>\n\t<meta property=\"og:image:height\" content=\"940\" \/>\n\t<meta property=\"og:image:type\" content=\"image\/jpeg\" \/>\n<meta name=\"twitter:card\" content=\"summary_large_image\" \/>\n<meta name=\"twitter:label1\" content=\"\u041f\u0440\u0438\u0431\u043b. \u0447\u0430\u0441 \u0447\u0438\u0442\u0430\u043d\u043d\u044f\" \/>\n\t<meta name=\"twitter:data1\" content=\"1 \u0445\u0432\u0438\u043b\u0438\u043d\u0430\" \/>\n<script type=\"application\/ld+json\" class=\"yoast-schema-graph\">{\"@context\":\"https:\\\/\\\/schema.org\",\"@graph\":[{\"@type\":\"WebPage\",\"@id\":\"https:\\\/\\\/www.tosunlux.eu\\\/ar\\\/products\\\/modular-energy-meter-2\\\/\",\"url\":\"https:\\\/\\\/www.tosunlux.eu\\\/ar\\\/products\\\/modular-energy-meter-2\\\/\",\"name\":\"WholesaleDM100SC\\\/DM100TC Modular Energy Meter - TOSUNlux Official Site - Electrical Circuit Breaker Manufacturer in China Low Voltage Electrical Supplier | TOSUNlux\",\"isPartOf\":{\"@id\":\"https:\\\/\\\/www.tosunlux.eu\\\/ru\\\/#website\"},\"datePublished\":\"2022-09-12T07:19:28+00:00\",\"dateModified\":\"2022-09-12T07:26:52+00:00\",\"description\":\"DM100SC\\\/DM100TC Modular Energy Meter Supplier - Wholesale direct from TOSUNlux, a trusted manufacturer since 1994. Get your B2B factory quote on our certified Low Voltage electrical products.\",\"breadcrumb\":{\"@id\":\"https:\\\/\\\/www.tosunlux.eu\\\/ar\\\/products\\\/modular-energy-meter-2\\\/#breadcrumb\"},\"inLanguage\":\"uk\",\"potentialAction\":[{\"@type\":\"ReadAction\",\"target\":[\"https:\\\/\\\/www.tosunlux.eu\\\/ar\\\/products\\\/modular-energy-meter-2\\\/\"]}]},{\"@type\":\"BreadcrumbList\",\"@id\":\"https:\\\/\\\/www.tosunlux.eu\\\/ar\\\/products\\\/modular-energy-meter-2\\\/#breadcrumb\",\"itemListElement\":[{\"@type\":\"ListItem\",\"position\":1,\"name\":\"Home\",\"item\":\"https:\\\/\\\/www.tosunlux.eu\\\/ru\\\/\"},{\"@type\":\"ListItem\",\"position\":2,\"name\":\"Products\",\"item\":\"https:\\\/\\\/www.tosunlux.eu\\\/products\\\/\"},{\"@type\":\"ListItem\",\"position\":3,\"name\":\"DM100SC\\\/DM100TC Modular Energy Meter\"}]},{\"@type\":\"WebSite\",\"@id\":\"https:\\\/\\\/www.tosunlux.eu\\\/ru\\\/#website\",\"url\":\"https:\\\/\\\/www.tosunlux.eu\\\/ru\\\/\",\"name\":\"TOSUNlux Official Site - Electrical Circuit Breaker Manufacturer in China\",\"description\":\"Power Distribution System Supplier\",\"publisher\":{\"@id\":\"https:\\\/\\\/www.tosunlux.eu\\\/ru\\\/#organization\"},\"alternateName\":\"TOSUNlux\",\"potentialAction\":[{\"@type\":\"SearchAction\",\"target\":{\"@type\":\"EntryPoint\",\"urlTemplate\":\"https:\\\/\\\/www.tosunlux.eu\\\/ru\\\/?s={search_term_string}\"},\"query-input\":{\"@type\":\"PropertyValueSpecification\",\"valueRequired\":true,\"valueName\":\"search_term_string\"}}],\"inLanguage\":\"uk\"},{\"@type\":\"Organization\",\"@id\":\"https:\\\/\\\/www.tosunlux.eu\\\/ru\\\/#organization\",\"name\":\"TOSUNlux\",\"url\":\"https:\\\/\\\/www.tosunlux.eu\\\/ru\\\/\",\"logo\":{\"@type\":\"ImageObject\",\"inLanguage\":\"uk\",\"@id\":\"https:\\\/\\\/www.tosunlux.eu\\\/ru\\\/#\\\/schema\\\/logo\\\/image\\\/\",\"url\":\"https:\\\/\\\/www.tosunlux.eu\\\/wp-content\\\/uploads\\\/2022\\\/01\\\/LOGOSYSM.71762f1.png\",\"contentUrl\":\"https:\\\/\\\/www.tosunlux.eu\\\/wp-content\\\/uploads\\\/2022\\\/01\\\/LOGOSYSM.71762f1.png\",\"width\":153,\"height\":55,\"caption\":\"TOSUNlux\"},\"image\":{\"@id\":\"https:\\\/\\\/www.tosunlux.eu\\\/ru\\\/#\\\/schema\\\/logo\\\/image\\\/\"},\"sameAs\":[\"https:\\\/\\\/www.facebook.com\\\/TOSUNelectric\\\/\",\"https:\\\/\\\/www.linkedin.com\\\/company\\\/wenzhou-tosun-electric-co.-ltd\\\/\"]}]}<\/script>\n<!-- \/ Yoast SEO plugin. -->","yoast_head_json":{"title":"WholesaleDM100SC\/DM100TC Modular Energy Meter - TOSUNlux Official Site - Electrical Circuit Breaker Manufacturer in China Low Voltage Electrical Supplier | TOSUNlux","description":"DM100SC\/DM100TC Modular Energy Meter Supplier - Wholesale direct from TOSUNlux, a trusted manufacturer since 1994. Get your B2B factory quote on our certified Low Voltage electrical products.","robots":{"index":"index","follow":"follow","max-snippet":"max-snippet:-1","max-image-preview":"max-image-preview:large","max-video-preview":"max-video-preview:-1"},"canonical":"https:\/\/www.tosunlux.eu\/uk\/products\/modular-energy-meter-2\/","og_locale":"uk_UA","og_type":"article","og_title":"WholesaleDM100SC\/DM100TC Modular Energy Meter - TOSUNlux Official Site - Electrical Circuit Breaker Manufacturer in China Low Voltage Electrical Supplier | TOSUNlux","og_description":"DM100SC\/DM100TC Modular Energy Meter Supplier - Wholesale direct from TOSUNlux, a trusted manufacturer since 1994. Get your B2B factory quote on our certified Low Voltage electrical products.","og_url":"https:\/\/www.tosunlux.eu\/uk\/products\/modular-energy-meter-2\/","og_site_name":"TOSUNlux Official Site - Electrical Circuit Breaker Manufacturer in China","article_publisher":"https:\/\/www.facebook.com\/TOSUNelectric\/","article_modified_time":"2022-09-12T07:26:52+00:00","og_image":[{"width":1500,"height":940,"url":"https:\/\/www.tosunlux.eu\/wp-content\/uploads\/2023\/04\/DSC08160_\u526f\u672c.jpg","type":"image\/jpeg"}],"twitter_card":"summary_large_image","twitter_misc":{"\u041f\u0440\u0438\u0431\u043b. \u0447\u0430\u0441 \u0447\u0438\u0442\u0430\u043d\u043d\u044f":"1 \u0445\u0432\u0438\u043b\u0438\u043d\u0430"},"schema":{"@context":"https:\/\/schema.org","@graph":[{"@type":"WebPage","@id":"https:\/\/www.tosunlux.eu\/ar\/products\/modular-energy-meter-2\/","url":"https:\/\/www.tosunlux.eu\/ar\/products\/modular-energy-meter-2\/","name":"WholesaleDM100SC\/DM100TC Modular Energy Meter - TOSUNlux Official Site - Electrical Circuit Breaker Manufacturer in China Low Voltage Electrical Supplier | TOSUNlux","isPartOf":{"@id":"https:\/\/www.tosunlux.eu\/ru\/#website"},"datePublished":"2022-09-12T07:19:28+00:00","dateModified":"2022-09-12T07:26:52+00:00","description":"DM100SC\/DM100TC Modular Energy Meter Supplier - Wholesale direct from TOSUNlux, a trusted manufacturer since 1994. Get your B2B factory quote on our certified Low Voltage electrical products.","breadcrumb":{"@id":"https:\/\/www.tosunlux.eu\/ar\/products\/modular-energy-meter-2\/#breadcrumb"},"inLanguage":"uk","potentialAction":[{"@type":"ReadAction","target":["https:\/\/www.tosunlux.eu\/ar\/products\/modular-energy-meter-2\/"]}]},{"@type":"BreadcrumbList","@id":"https:\/\/www.tosunlux.eu\/ar\/products\/modular-energy-meter-2\/#breadcrumb","itemListElement":[{"@type":"ListItem","position":1,"name":"Home","item":"https:\/\/www.tosunlux.eu\/ru\/"},{"@type":"ListItem","position":2,"name":"Products","item":"https:\/\/www.tosunlux.eu\/products\/"},{"@type":"ListItem","position":3,"name":"DM100SC\/DM100TC Modular Energy Meter"}]},{"@type":"WebSite","@id":"https:\/\/www.tosunlux.eu\/ru\/#website","url":"https:\/\/www.tosunlux.eu\/ru\/","name":"\u041e\u0444\u0456\u0446\u0456\u0439\u043d\u0438\u0439 \u0441\u0430\u0439\u0442 TOSUNlux - \u0412\u0438\u0440\u043e\u0431\u043d\u0438\u043a \u0435\u043b\u0435\u043a\u0442\u0440\u0438\u0447\u043d\u0438\u0445 \u0432\u0438\u043c\u0438\u043a\u0430\u0447\u0456\u0432 \u0443 \u041a\u0438\u0442\u0430\u0457","description":"\u041f\u043e\u0441\u0442\u0430\u0447\u0430\u043b\u044c\u043d\u0438\u043a \u0441\u0438\u0441\u0442\u0435\u043c \u0440\u043e\u0437\u043f\u043e\u0434\u0456\u043b\u0443 \u0435\u043b\u0435\u043a\u0442\u0440\u043e\u0435\u043d\u0435\u0440\u0433\u0456\u0457","publisher":{"@id":"https:\/\/www.tosunlux.eu\/ru\/#organization"},"alternateName":"TOSUNlux","potentialAction":[{"@type":"SearchAction","target":{"@type":"EntryPoint","urlTemplate":"https:\/\/www.tosunlux.eu\/ru\/?s={search_term_string}"},"query-input":{"@type":"PropertyValueSpecification","valueRequired":true,"valueName":"search_term_string"}}],"inLanguage":"uk"},{"@type":"Organization","@id":"https:\/\/www.tosunlux.eu\/ru\/#organization","name":"TOSUNlux","url":"https:\/\/www.tosunlux.eu\/ru\/","logo":{"@type":"ImageObject","inLanguage":"uk","@id":"https:\/\/www.tosunlux.eu\/ru\/#\/schema\/logo\/image\/","url":"https:\/\/www.tosunlux.eu\/wp-content\/uploads\/2022\/01\/LOGOSYSM.71762f1.png","contentUrl":"https:\/\/www.tosunlux.eu\/wp-content\/uploads\/2022\/01\/LOGOSYSM.71762f1.png","width":153,"height":55,"caption":"TOSUNlux"},"image":{"@id":"https:\/\/www.tosunlux.eu\/ru\/#\/schema\/logo\/image\/"},"sameAs":["https:\/\/www.facebook.com\/TOSUNelectric\/","https:\/\/www.linkedin.com\/company\/wenzhou-tosun-electric-co.-ltd\/"]}]}},"_links":{"self":[{"href":"https:\/\/www.tosunlux.eu\/uk\/wp-json\/wp\/v2\/product\/5042","targetHints":{"allow":["GET"]}}],"collection":[{"href":"https:\/\/www.tosunlux.eu\/uk\/wp-json\/wp\/v2\/product"}],"about":[{"href":"https:\/\/www.tosunlux.eu\/uk\/wp-json\/wp\/v2\/types\/product"}],"version-history":[{"count":0,"href":"https:\/\/www.tosunlux.eu\/uk\/wp-json\/wp\/v2\/product\/5042\/revisions"}],"wp:attachment":[{"href":"https:\/\/www.tosunlux.eu\/uk\/wp-json\/wp\/v2\/media?parent=5042"}],"wp:term":[{"taxonomy":"product_category","embeddable":true,"href":"https:\/\/www.tosunlux.eu\/uk\/wp-json\/wp\/v2\/product_category?post=5042"}],"curies":[{"name":"\u0412\u041f","href":"https:\/\/api.w.org\/{rel}","templated":true}]}}