{"id":5069,"date":"2022-09-16T17:01:14","date_gmt":"2022-09-16T09:01:14","guid":{"rendered":"https:\/\/www.tosunlux.eu\/?post_type=product&#038;p=5069"},"modified":"2022-09-19T10:27:27","modified_gmt":"2022-09-19T02:27:27","slug":"electronic-energy-meter","status":"publish","type":"product","link":"https:\/\/www.tosunlux.eu\/ur\/products\/electronic-energy-meter\/","title":{"rendered":"\u0627\u0644\u06cc\u06a9\u0679\u0631\u0627\u0646\u06a9 \u0627\u0646\u0631\u062c\u06cc \u0645\u06cc\u0679\u0631 DDS3666\/DTS3666"},"content":{"rendered":"<p><strong>\u062f\u0631\u062e\u0648\u0627\u0633\u062a<\/strong><\/p>\n\n\n\n<p>DDS3666 \u0633\u0646\u06af\u0644 \u0641\u06cc\u0632 \u0627\u0644\u06cc\u06a9\u0679\u0631\u0627\u0646\u06a9 \u0679\u0627\u0626\u067e \u0627\u0646\u0631\u062c\u06cc \u0645\u06cc\u0679\u0631 SMT \u067e\u0631\u0648\u0633\u06cc\u0633 \u0627\u0648\u0631 \u0627\u0646\u062a\u06c1\u0627\u0626\u06cc \u06a9\u0645 \u0628\u062c\u0644\u06cc \u06a9\u06cc \u06a9\u06be\u067e\u062a \u06a9\u06cc \u0633\u0627\u0644\u0688 \u0633\u0679\u06cc\u0679 \u0627\u0646\u0679\u06cc\u06af\u0631\u06cc\u0679\u0688 \u0633\u0631\u06a9\u0679 \u0679\u06cc\u06a9\u0646\u0627\u0644\u0648\u062c\u06cc \u06a9\u0648 \u0627\u067e\u0646\u0627\u062a\u0627 \u06c1\u06d2\u060c \u06cc\u06c1 \u0633\u0646\u06af\u0644 \u0641\u06cc\u0632 AC 50\/60Hz \u06a9\u06cc \u0641\u0639\u0627\u0644 \u0628\u0631\u0642\u06cc \u062a\u0648\u0627\u0646\u0627\u0626\u06cc \u06a9\u06cc \u067e\u06cc\u0645\u0627\u0626\u0634 \u06a9\u06d2 \u0644\u06cc\u06d2 \u0627\u0633\u062a\u0639\u0645\u0627\u0644 \u06c1\u0648\u062a\u0627 \u06c1\u06d2\u06d4<br>DTS3666 \u062a\u06be\u0631\u06cc \u0641\u06cc\u0632 \u0627\u0644\u06cc\u06a9\u0679\u0631\u0627\u0646\u06a9 \u0627\u0646\u0631\u062c\u06cc \u0645\u06cc\u0679\u0631 50\/60Hz \u06a9\u06cc \u0641\u0631\u06cc\u06a9\u0648\u0626\u0646\u0633\u06cc \u067e\u0631 \u062a\u06be\u0631\u06cc \u0641\u06cc\u0632 AC \u0627\u06cc\u06a9\u0679\u06cc\u0648 \u0627\u0646\u0631\u062c\u06cc \u06a9\u06cc \u067e\u06cc\u0645\u0627\u0626\u0634 \u06a9\u0631\u0646\u06d2 \u06a9\u06d2 \u0644\u06cc\u06d2 \u0645\u0627\u0626\u06cc\u06a9\u0631\u0648 \u0627\u0644\u06cc\u06a9\u0679\u0631\u0627\u0646\u06a9 \u0679\u06cc\u06a9\u0646\u0627\u0644\u0648\u062c\u06cc \u06a9\u0648 \u0627\u067e\u0646\u0627\u062a\u0627 \u06c1\u06d2\u060c \u0627\u0648\u0631 \u0646\u06c1 \u0635\u0631\u0641 \u0622\u06af\u06d2 \u0628\u0644\u06a9\u06c1 \u0631\u06cc\u0648\u0631\u0633 \u062a\u0648\u0627\u0646\u0627\u0626\u06cc \u06a9\u06cc \u067e\u06cc\u0645\u0627\u0626\u0634 \u06a9\u0631\u062a\u0627 \u06c1\u06d2\u06d4 \u0627\u0633 \u0645\u06cc\u0679\u0631 \u06a9\u06d2 \u06a9\u0646\u06a9\u0634\u0646 \u06a9\u06d2 \u062f\u0648 \u0637\u0631\u06cc\u0642\u06d2 \u06c1\u06cc\u06ba: \u0628\u0631\u0627\u06c1 \u0631\u0627\u0633\u062a \u06a9\u0646\u06a9\u0634\u0646 \u0627\u0648\u0631 CT \u06a9\u0646\u06a9\u0634\u0646\u06d4<br>\u0645\u0635\u0646\u0648\u0639\u0627\u062a IEC62053-21 \u0627\u0648\u0631 IEC62052-11 \u06a9\u06cc \u062a\u0639\u0645\u06cc\u0644 \u06a9\u0631\u062a\u06cc \u06c1\u06cc\u06ba\u06d4<\/p>\n\n\n\n<p><\/p>\n\n\n\n<p><strong>\u062a\u0641\u0635\u06cc\u0644\u0627\u062a<\/strong><\/p>\n\n\n<table width=\"893\">\n<tbody>\n<tr>\n<td style=\"text-align: center;\" width=\"217\">\u0642\u0633\u0645<\/td>\n<td style=\"text-align: center;\" width=\"338\">DDS3666<\/td>\n<td style=\"text-align: center;\" width=\"338\">\u0688\u06cc \u0679\u06cc \u0627\u06cc\u0633 3666<\/td>\n<\/tr>\n<tr>\n<td style=\"text-align: center;\">\u06a9\u0644\u0627\u0633 \u0627\u0646\u0688\u06cc\u06a9\u0633<\/td>\n<td style=\"text-align: center;\" colspan=\"2\">\u06a9\u0644\u0627\u0633 1 .\u06a9\u0644\u0627\u0633 2<\/td>\n<\/tr>\n<tr>\n<td style=\"text-align: center;\">\u0634\u0631\u062d \u0634\u062f\u06c1 \u06a9\u0631\u0646\u0679(A)<\/td>\n<td style=\"text-align: center;\" width=\"338\">1.5(6)A,5(20)A,10(40)A, 15(60)A,20(80)A,30(100)A<\/td>\n<td style=\"text-align: center;\" width=\"338\">3\u00d71.5 (6)A,3\u00d75(20)A,3x10(40)A, 3\u00d715(60)A,3\u00d720(80)A,3\u00d730(100)A<\/td>\n<\/tr>\n<tr>\n<td style=\"text-align: center;\">\u0634\u0631\u062d \u0634\u062f\u06c1 \u0648\u0648\u0644\u0679\u06cc\u062c (V)<\/td>\n<td style=\"text-align: center;\" width=\"338\">110\/120V 220\/230\/240V<\/td>\n<td style=\"text-align: center;\" width=\"338\">3X127\/220V 3X220\/380V<\/td>\n<\/tr>\n<tr>\n<td style=\"text-align: center;\">\u0634\u0631\u062d \u0634\u062f\u06c1 \u062a\u0639\u062f\u062f (Hz)<\/td>\n<td style=\"text-align: center;\" colspan=\"2\">50\/60Hz<\/td>\n<\/tr>\n<\/tbody>\n<\/table>\n\n\n<p><\/p>\n\n\n\n<p><strong>\u0637\u0648\u0644 \u0648 \u0639\u0631\u0636<\/strong><\/p>\n\n\n\n<figure class=\"wp-block-image size-large is-resized\"><img fetchpriority=\"high\" decoding=\"async\" src=\"https:\/\/www.tosunlux.eu\/wp-content\/uploads\/2022\/09\/Meter-Instruments-2023-2024-1024x803.jpg\" alt=\"\" class=\"wp-image-5074\" width=\"774\" height=\"606\" srcset=\"https:\/\/www.tosunlux.eu\/wp-content\/uploads\/2022\/09\/Meter-Instruments-2023-2024-1024x803.jpg 1024w, https:\/\/www.tosunlux.eu\/wp-content\/uploads\/2022\/09\/Meter-Instruments-2023-2024-300x235.jpg 300w, https:\/\/www.tosunlux.eu\/wp-content\/uploads\/2022\/09\/Meter-Instruments-2023-2024-768x602.jpg 768w, https:\/\/www.tosunlux.eu\/wp-content\/uploads\/2022\/09\/Meter-Instruments-2023-2024.jpg 1147w\" sizes=\"(max-width: 774px) 100vw, 774px\" \/><\/figure>","protected":false},"parent":0,"template":"","product_category":[75,125],"class_list":["post-5069","product","type-product","status-publish","hentry","product_category-instruments","product_category-energy-meter"],"yoast_head":"<!-- This site is optimized with the Yoast SEO plugin v27.5 - https:\/\/yoast.com\/product\/yoast-seo-wordpress\/ -->\n<title>WholesaleElectronic Energy Meter DDS3666\/DTS3666 - TOSUNlux Official Site - Electrical Circuit Breaker Manufacturer in China Low Voltage Electrical Supplier | TOSUNlux<\/title>\n<meta name=\"description\" content=\"Electronic Energy Meter DDS3666\/DTS3666 Supplier - Wholesale direct from TOSUNlux, a trusted manufacturer since 1994. Get your B2B factory quote on our certified Low Voltage electrical products.\" \/>\n<meta name=\"robots\" content=\"index, follow, max-snippet:-1, max-image-preview:large, max-video-preview:-1\" \/>\n<link rel=\"canonical\" href=\"https:\/\/www.tosunlux.eu\/ur\/products\/electronic-energy-meter\/\" \/>\n<meta property=\"og:locale\" content=\"en_US\" \/>\n<meta property=\"og:type\" content=\"article\" \/>\n<meta property=\"og:title\" content=\"WholesaleElectronic Energy Meter DDS3666\/DTS3666 - TOSUNlux Official Site - Electrical Circuit Breaker Manufacturer in China Low Voltage Electrical Supplier | TOSUNlux\" \/>\n<meta property=\"og:description\" content=\"Electronic Energy Meter DDS3666\/DTS3666 Supplier - Wholesale direct from TOSUNlux, a trusted manufacturer since 1994. Get your B2B factory quote on our certified Low Voltage electrical products.\" \/>\n<meta property=\"og:url\" content=\"https:\/\/www.tosunlux.eu\/ur\/products\/electronic-energy-meter\/\" \/>\n<meta property=\"og:site_name\" content=\"TOSUNlux Official Site - Electrical Circuit Breaker Manufacturer in China\" \/>\n<meta property=\"article:publisher\" content=\"https:\/\/www.facebook.com\/TOSUNelectric\/\" \/>\n<meta property=\"article:modified_time\" content=\"2022-09-19T02:27:27+00:00\" \/>\n<meta property=\"og:image\" content=\"https:\/\/www.tosunlux.eu\/wp-content\/uploads\/2022\/09\/Meter-Instruments-2023-2024-1024x803.jpg\" \/>\n<meta name=\"twitter:card\" content=\"summary_large_image\" \/>\n<meta name=\"twitter:label1\" content=\"Est. reading time\" \/>\n\t<meta name=\"twitter:data1\" content=\"1 \u0645\u0646\u0679\" \/>\n<script type=\"application\/ld+json\" class=\"yoast-schema-graph\">{\"@context\":\"https:\\\/\\\/schema.org\",\"@graph\":[{\"@type\":\"WebPage\",\"@id\":\"https:\\\/\\\/www.tosunlux.eu\\\/fa\\\/products\\\/electronic-energy-meter\\\/\",\"url\":\"https:\\\/\\\/www.tosunlux.eu\\\/fa\\\/products\\\/electronic-energy-meter\\\/\",\"name\":\"WholesaleElectronic Energy Meter DDS3666\\\/DTS3666 - TOSUNlux Official Site - Electrical Circuit Breaker Manufacturer in China Low Voltage Electrical Supplier | TOSUNlux\",\"isPartOf\":{\"@id\":\"https:\\\/\\\/www.tosunlux.eu\\\/ru\\\/#website\"},\"primaryImageOfPage\":{\"@id\":\"https:\\\/\\\/www.tosunlux.eu\\\/fa\\\/products\\\/electronic-energy-meter\\\/#primaryimage\"},\"image\":{\"@id\":\"https:\\\/\\\/www.tosunlux.eu\\\/fa\\\/products\\\/electronic-energy-meter\\\/#primaryimage\"},\"thumbnailUrl\":\"https:\\\/\\\/www.tosunlux.eu\\\/wp-content\\\/uploads\\\/2022\\\/09\\\/Meter-Instruments-2023-2024-1024x803.jpg\",\"datePublished\":\"2022-09-16T09:01:14+00:00\",\"dateModified\":\"2022-09-19T02:27:27+00:00\",\"description\":\"Electronic Energy Meter DDS3666\\\/DTS3666 Supplier - Wholesale direct from TOSUNlux, a trusted manufacturer since 1994. Get your B2B factory quote on our certified Low Voltage electrical products.\",\"breadcrumb\":{\"@id\":\"https:\\\/\\\/www.tosunlux.eu\\\/fa\\\/products\\\/electronic-energy-meter\\\/#breadcrumb\"},\"inLanguage\":\"ur\",\"potentialAction\":[{\"@type\":\"ReadAction\",\"target\":[\"https:\\\/\\\/www.tosunlux.eu\\\/fa\\\/products\\\/electronic-energy-meter\\\/\"]}]},{\"@type\":\"ImageObject\",\"inLanguage\":\"ur\",\"@id\":\"https:\\\/\\\/www.tosunlux.eu\\\/fa\\\/products\\\/electronic-energy-meter\\\/#primaryimage\",\"url\":\"https:\\\/\\\/www.tosunlux.eu\\\/wp-content\\\/uploads\\\/2022\\\/09\\\/Meter-Instruments-2023-2024-1024x803.jpg\",\"contentUrl\":\"https:\\\/\\\/www.tosunlux.eu\\\/wp-content\\\/uploads\\\/2022\\\/09\\\/Meter-Instruments-2023-2024-1024x803.jpg\"},{\"@type\":\"BreadcrumbList\",\"@id\":\"https:\\\/\\\/www.tosunlux.eu\\\/fa\\\/products\\\/electronic-energy-meter\\\/#breadcrumb\",\"itemListElement\":[{\"@type\":\"ListItem\",\"position\":1,\"name\":\"Home\",\"item\":\"https:\\\/\\\/www.tosunlux.eu\\\/ru\\\/\"},{\"@type\":\"ListItem\",\"position\":2,\"name\":\"Products\",\"item\":\"https:\\\/\\\/www.tosunlux.eu\\\/products\\\/\"},{\"@type\":\"ListItem\",\"position\":3,\"name\":\"Electronic Energy Meter DDS3666\\\/DTS3666\"}]},{\"@type\":\"WebSite\",\"@id\":\"https:\\\/\\\/www.tosunlux.eu\\\/ru\\\/#website\",\"url\":\"https:\\\/\\\/www.tosunlux.eu\\\/ru\\\/\",\"name\":\"TOSUNlux Official Site - Electrical Circuit Breaker Manufacturer in China\",\"description\":\"Power Distribution System Supplier\",\"publisher\":{\"@id\":\"https:\\\/\\\/www.tosunlux.eu\\\/ru\\\/#organization\"},\"alternateName\":\"TOSUNlux\",\"potentialAction\":[{\"@type\":\"SearchAction\",\"target\":{\"@type\":\"EntryPoint\",\"urlTemplate\":\"https:\\\/\\\/www.tosunlux.eu\\\/ru\\\/?s={search_term_string}\"},\"query-input\":{\"@type\":\"PropertyValueSpecification\",\"valueRequired\":true,\"valueName\":\"search_term_string\"}}],\"inLanguage\":\"ur\"},{\"@type\":\"Organization\",\"@id\":\"https:\\\/\\\/www.tosunlux.eu\\\/ru\\\/#organization\",\"name\":\"TOSUNlux\",\"url\":\"https:\\\/\\\/www.tosunlux.eu\\\/ru\\\/\",\"logo\":{\"@type\":\"ImageObject\",\"inLanguage\":\"ur\",\"@id\":\"https:\\\/\\\/www.tosunlux.eu\\\/ru\\\/#\\\/schema\\\/logo\\\/image\\\/\",\"url\":\"https:\\\/\\\/www.tosunlux.eu\\\/wp-content\\\/uploads\\\/2022\\\/01\\\/LOGOSYSM.71762f1.png\",\"contentUrl\":\"https:\\\/\\\/www.tosunlux.eu\\\/wp-content\\\/uploads\\\/2022\\\/01\\\/LOGOSYSM.71762f1.png\",\"width\":153,\"height\":55,\"caption\":\"TOSUNlux\"},\"image\":{\"@id\":\"https:\\\/\\\/www.tosunlux.eu\\\/ru\\\/#\\\/schema\\\/logo\\\/image\\\/\"},\"sameAs\":[\"https:\\\/\\\/www.facebook.com\\\/TOSUNelectric\\\/\",\"https:\\\/\\\/www.linkedin.com\\\/company\\\/wenzhou-tosun-electric-co.-ltd\\\/\"]}]}<\/script>\n<!-- \/ Yoast SEO plugin. -->","yoast_head_json":{"title":"WholesaleElectronic Energy Meter DDS3666\/DTS3666 - TOSUNlux Official Site - Electrical Circuit Breaker Manufacturer in China Low Voltage Electrical Supplier | TOSUNlux","description":"Electronic Energy Meter DDS3666\/DTS3666 Supplier - Wholesale direct from TOSUNlux, a trusted manufacturer since 1994. Get your B2B factory quote on our certified Low Voltage electrical products.","robots":{"index":"index","follow":"follow","max-snippet":"max-snippet:-1","max-image-preview":"max-image-preview:large","max-video-preview":"max-video-preview:-1"},"canonical":"https:\/\/www.tosunlux.eu\/ur\/products\/electronic-energy-meter\/","og_locale":"en_US","og_type":"article","og_title":"WholesaleElectronic Energy Meter DDS3666\/DTS3666 - TOSUNlux Official Site - Electrical Circuit Breaker Manufacturer in China Low Voltage Electrical Supplier | TOSUNlux","og_description":"Electronic Energy Meter DDS3666\/DTS3666 Supplier - Wholesale direct from TOSUNlux, a trusted manufacturer since 1994. Get your B2B factory quote on our certified Low Voltage electrical products.","og_url":"https:\/\/www.tosunlux.eu\/ur\/products\/electronic-energy-meter\/","og_site_name":"TOSUNlux Official Site - Electrical Circuit Breaker Manufacturer in China","article_publisher":"https:\/\/www.facebook.com\/TOSUNelectric\/","article_modified_time":"2022-09-19T02:27:27+00:00","og_image":[{"url":"https:\/\/www.tosunlux.eu\/wp-content\/uploads\/2022\/09\/Meter-Instruments-2023-2024-1024x803.jpg","type":"","width":"","height":""}],"twitter_card":"summary_large_image","twitter_misc":{"Est. reading time":"1 \u0645\u0646\u0679"},"schema":{"@context":"https:\/\/schema.org","@graph":[{"@type":"WebPage","@id":"https:\/\/www.tosunlux.eu\/fa\/products\/electronic-energy-meter\/","url":"https:\/\/www.tosunlux.eu\/fa\/products\/electronic-energy-meter\/","name":"WholesaleElectronic Energy Meter DDS3666\/DTS3666 - TOSUNlux Official Site - Electrical Circuit Breaker Manufacturer in China Low Voltage Electrical Supplier | TOSUNlux","isPartOf":{"@id":"https:\/\/www.tosunlux.eu\/ru\/#website"},"primaryImageOfPage":{"@id":"https:\/\/www.tosunlux.eu\/fa\/products\/electronic-energy-meter\/#primaryimage"},"image":{"@id":"https:\/\/www.tosunlux.eu\/fa\/products\/electronic-energy-meter\/#primaryimage"},"thumbnailUrl":"https:\/\/www.tosunlux.eu\/wp-content\/uploads\/2022\/09\/Meter-Instruments-2023-2024-1024x803.jpg","datePublished":"2022-09-16T09:01:14+00:00","dateModified":"2022-09-19T02:27:27+00:00","description":"Electronic Energy Meter DDS3666\/DTS3666 Supplier - Wholesale direct from TOSUNlux, a trusted manufacturer since 1994. Get your B2B factory quote on our certified Low Voltage electrical products.","breadcrumb":{"@id":"https:\/\/www.tosunlux.eu\/fa\/products\/electronic-energy-meter\/#breadcrumb"},"inLanguage":"ur","potentialAction":[{"@type":"ReadAction","target":["https:\/\/www.tosunlux.eu\/fa\/products\/electronic-energy-meter\/"]}]},{"@type":"ImageObject","inLanguage":"ur","@id":"https:\/\/www.tosunlux.eu\/fa\/products\/electronic-energy-meter\/#primaryimage","url":"https:\/\/www.tosunlux.eu\/wp-content\/uploads\/2022\/09\/Meter-Instruments-2023-2024-1024x803.jpg","contentUrl":"https:\/\/www.tosunlux.eu\/wp-content\/uploads\/2022\/09\/Meter-Instruments-2023-2024-1024x803.jpg"},{"@type":"BreadcrumbList","@id":"https:\/\/www.tosunlux.eu\/fa\/products\/electronic-energy-meter\/#breadcrumb","itemListElement":[{"@type":"ListItem","position":1,"name":"Home","item":"https:\/\/www.tosunlux.eu\/ru\/"},{"@type":"ListItem","position":2,"name":"Products","item":"https:\/\/www.tosunlux.eu\/products\/"},{"@type":"ListItem","position":3,"name":"Electronic Energy Meter DDS3666\/DTS3666"}]},{"@type":"WebSite","@id":"https:\/\/www.tosunlux.eu\/ru\/#website","url":"https:\/\/www.tosunlux.eu\/ru\/","name":"TOSUNlux \u0622\u0641\u06cc\u0634\u0644 \u0633\u0627\u0626\u0679 - \u0686\u06cc\u0646 \u0645\u06cc\u06ba \u0627\u0644\u06cc\u06a9\u0679\u0631\u06cc\u06a9\u0644 \u0633\u0631\u06a9\u0679 \u0628\u0631\u06cc\u06a9\u0631 \u0628\u0646\u0627\u0646\u06d2 \u0648\u0627\u0644\u0627","description":"\u067e\u0627\u0648\u0631 \u0688\u0633\u0679\u0631\u06cc \u0628\u06cc\u0648\u0634\u0646 \u0633\u0633\u0679\u0645 \u0633\u067e\u0644\u0627\u0626\u0631","publisher":{"@id":"https:\/\/www.tosunlux.eu\/ru\/#organization"},"alternateName":"TOSUNlux","potentialAction":[{"@type":"SearchAction","target":{"@type":"EntryPoint","urlTemplate":"https:\/\/www.tosunlux.eu\/ru\/?s={search_term_string}"},"query-input":{"@type":"PropertyValueSpecification","valueRequired":true,"valueName":"search_term_string"}}],"inLanguage":"ur"},{"@type":"Organization","@id":"https:\/\/www.tosunlux.eu\/ru\/#organization","name":"TOSUNlux","url":"https:\/\/www.tosunlux.eu\/ru\/","logo":{"@type":"ImageObject","inLanguage":"ur","@id":"https:\/\/www.tosunlux.eu\/ru\/#\/schema\/logo\/image\/","url":"https:\/\/www.tosunlux.eu\/wp-content\/uploads\/2022\/01\/LOGOSYSM.71762f1.png","contentUrl":"https:\/\/www.tosunlux.eu\/wp-content\/uploads\/2022\/01\/LOGOSYSM.71762f1.png","width":153,"height":55,"caption":"TOSUNlux"},"image":{"@id":"https:\/\/www.tosunlux.eu\/ru\/#\/schema\/logo\/image\/"},"sameAs":["https:\/\/www.facebook.com\/TOSUNelectric\/","https:\/\/www.linkedin.com\/company\/wenzhou-tosun-electric-co.-ltd\/"]}]}},"_links":{"self":[{"href":"https:\/\/www.tosunlux.eu\/ur\/wp-json\/wp\/v2\/product\/5069","targetHints":{"allow":["GET"]}}],"collection":[{"href":"https:\/\/www.tosunlux.eu\/ur\/wp-json\/wp\/v2\/product"}],"about":[{"href":"https:\/\/www.tosunlux.eu\/ur\/wp-json\/wp\/v2\/types\/product"}],"version-history":[{"count":0,"href":"https:\/\/www.tosunlux.eu\/ur\/wp-json\/wp\/v2\/product\/5069\/revisions"}],"wp:attachment":[{"href":"https:\/\/www.tosunlux.eu\/ur\/wp-json\/wp\/v2\/media?parent=5069"}],"wp:term":[{"taxonomy":"product_category","embeddable":true,"href":"https:\/\/www.tosunlux.eu\/ur\/wp-json\/wp\/v2\/product_category?post=5069"}],"curies":[{"name":"wp","href":"https:\/\/api.w.org\/{rel}","templated":true}]}}